{"id":10378,"date":"2020-02-18T10:52:32","date_gmt":"2020-02-18T15:52:32","guid":{"rendered":"https:\/\/dormalab.com\/nos-solutions-2\/"},"modified":"2024-11-26T20:25:47","modified_gmt":"2024-11-27T01:25:47","slug":"uvulopalatoplastie-par-coblation","status":"publish","type":"page","link":"https:\/\/dormalab.com\/fr\/uvulopalatoplastie-par-coblation\/","title":{"rendered":"Plastie de l&rsquo;uvulopalato assist\u00e9e par coblation"},"content":{"rendered":"\t\t<div data-elementor-type=\"wp-page\" data-elementor-id=\"10378\" class=\"elementor elementor-10378 elementor-5663\" data-elementor-post-type=\"page\">\n\t\t\t\t<div class=\"elementor-element elementor-element-839072f e-flex e-con-boxed e-con e-parent\" data-id=\"839072f\" data-element_type=\"container\" data-e-type=\"container\" data-settings=\"{&quot;background_background&quot;:&quot;classic&quot;}\">\n\t\t\t\t\t<div class=\"e-con-inner\">\n\t\t\t\t<div class=\"elementor-element elementor-element-690dce4 elementor-widget elementor-widget-heading\" data-id=\"690dce4\" data-element_type=\"widget\" data-e-type=\"widget\" data-widget_type=\"heading.default\">\n\t\t\t\t<div class=\"elementor-widget-container\">\n\t\t\t\t\t<h1 class=\"elementor-heading-title elementor-size-default\">Coblation (plastie de l'ovulopalato assist\u00e9e par coblation (CAUP))<\/h1>\t\t\t\t<\/div>\n\t\t\t\t<\/div>\n\t\t\t\t\t<\/div>\n\t\t\t\t<\/div>\n\t\t<div class=\"elementor-element elementor-element-1ed691a e-flex e-con-boxed e-con e-parent\" data-id=\"1ed691a\" data-element_type=\"container\" data-e-type=\"container\">\n\t\t\t\t\t<div class=\"e-con-inner\">\n\t\t<div class=\"elementor-element elementor-element-6473ebc e-con-full e-flex e-con e-child\" data-id=\"6473ebc\" data-element_type=\"container\" data-e-type=\"container\">\n\t\t<div class=\"elementor-element elementor-element-207414b e-con-full e-flex e-con e-child\" data-id=\"207414b\" data-element_type=\"container\" data-e-type=\"container\">\n\t\t\t\t<div class=\"elementor-element elementor-element-9eb36bb elementor-widget__width-inherit elementor-widget elementor-widget-heading\" data-id=\"9eb36bb\" data-element_type=\"widget\" data-e-type=\"widget\" data-widget_type=\"heading.default\">\n\t\t\t\t<div class=\"elementor-widget-container\">\n\t\t\t\t\t<h3 class=\"elementor-heading-title elementor-size-default\">R\u00e9duction du palais mou assist\u00e9e par coblation (Coblation-Assisted UvulopalatoPlasty (CAUP))\n<\/h3>\t\t\t\t<\/div>\n\t\t\t\t<\/div>\n\t\t\t\t<div class=\"elementor-element elementor-element-16af795 elementor-widget__width-inherit elementor-widget elementor-widget-text-editor\" data-id=\"16af795\" data-element_type=\"widget\" data-e-type=\"widget\" data-widget_type=\"text-editor.default\">\n\t\t\t\t<div class=\"elementor-widget-container\">\n\t\t\t\t\t\t\t\t\t<\/p>\n<ul>\n<li>La coblation est une technologie de pointe qui permet de r\u00e9duire rapidement et efficacement l&rsquo;exc\u00e8s de tissus mous du palais et de la base de la langue. La technologie utilise l&rsquo;\u00e9nergie de la radiofr\u00e9quence avec une solution saline. La proc\u00e9dure ne n\u00e9cessite que tr\u00e8s peu de chaleur. Les tissus sains sont ainsi pr\u00e9serv\u00e9s, ce qui permet une r\u00e9cup\u00e9ration plus rapide et plus facile que les autres techniques.<\/li>\n<\/ul>\n<ul>\n<li>La technologie de coblation est brevet\u00e9e par la soci\u00e9t\u00e9 Smith and Nephew. Cette technologie a \u00e9t\u00e9 utilis\u00e9e avec succ\u00e8s chez plus de deux millions de patients pour des interventions sur le nez et la gorge (ORL).<\/li>\n<\/ul>\n<ul>\n<li>Le traitement du palais mou assist\u00e9 par coblation est une technique m\u00e9dicale innovante qui permet de contr\u00f4ler vos ronflements :\n<ul>\n<li>Il am\u00e9liore significativement le ronflement en quelques semaines<\/li>\n<li>L&rsquo;intervention est r\u00e9alis\u00e9e dans notre cabinet m\u00e9dical, sous anesth\u00e9sie locale.<\/li>\n<li>La proc\u00e9dure dure souvent moins de trente minutes<\/li>\n<\/ul>\n<\/li>\n<\/ul>\n<p><a href=\"https:\/\/dormalab.com\/wp-content\/uploads\/2021\/02\/2020-02-Flyers-Coblation-Assisted-UvulopalatoPlasty-CAUP.pdf\">UvulopalatoPlastie assist\u00e9e par coblation (CAUP)<\/a> <i>\u2013 (FR<\/i><\/p>\n\t\t\t\t\t\t\t\t<\/div>\n\t\t\t\t<\/div>\n\t\t\t\t<div class=\"elementor-element elementor-element-4a248b1 elementor-widget elementor-widget-video\" data-id=\"4a248b1\" data-element_type=\"widget\" data-e-type=\"widget\" data-settings=\"{&quot;youtube_url&quot;:&quot;https:\\\/\\\/www.youtube.com\\\/watch?v=CHxJtfVikr8&amp;ab_channel=Smith%26Nephew&quot;,&quot;video_type&quot;:&quot;youtube&quot;,&quot;controls&quot;:&quot;yes&quot;}\" data-widget_type=\"video.default\">\n\t\t\t\t<div class=\"elementor-widget-container\">\n\t\t\t\t\t\t\t<div class=\"elementor-wrapper elementor-open-inline\">\n\t\t\t<div class=\"elementor-video\"><\/div>\t\t<\/div>\n\t\t\t\t\t\t<\/div>\n\t\t\t\t<\/div>\n\t\t\t\t<\/div>\n\t\t<div class=\"elementor-element elementor-element-ba1575d e-con-full e-flex e-con e-child\" data-id=\"ba1575d\" data-element_type=\"container\" data-e-type=\"container\">\n\t\t<div class=\"elementor-element elementor-element-de5be23 e-con-full e-flex e-con e-child\" data-id=\"de5be23\" data-element_type=\"container\" data-e-type=\"container\" data-settings=\"{&quot;background_background&quot;:&quot;classic&quot;,&quot;sticky&quot;:&quot;top&quot;,&quot;sticky_offset&quot;:78,&quot;sticky_parent&quot;:&quot;yes&quot;,&quot;sticky_on&quot;:[&quot;desktop&quot;,&quot;tablet&quot;,&quot;mobile&quot;],&quot;sticky_effects_offset&quot;:0,&quot;sticky_anchor_link_offset&quot;:0}\">\n\t\t\t\t<div class=\"elementor-element elementor-element-cfe5109 elementor-widget elementor-widget-heading\" data-id=\"cfe5109\" data-element_type=\"widget\" data-e-type=\"widget\" data-widget_type=\"heading.default\">\n\t\t\t\t<div class=\"elementor-widget-container\">\n\t\t\t\t\t<h2 class=\"elementor-heading-title elementor-size-default\">Vous avez des questions sur les troubles du sommeil ?\n<\/h2>\t\t\t\t<\/div>\n\t\t\t\t<\/div>\n\t\t\t\t<div class=\"elementor-element elementor-element-db20c79 elementor-widget elementor-widget-text-editor\" data-id=\"db20c79\" data-element_type=\"widget\" data-e-type=\"widget\" data-widget_type=\"text-editor.default\">\n\t\t\t\t<div class=\"elementor-widget-container\">\n\t\t\t\t\t\t\t\t\t<section class=\"vc_cta3-container\">\n<div class=\"vc_general vc_cta3 vc_cta3-style-classic vc_cta3-shape-rounded vc_cta3-align-left vc_cta3-color-classic vc_cta3-icon-size-md\">\n<div class=\"vc_cta3_content-container\">\n<div class=\"vc_cta3-content\">\n<p>Appelez-nous sans frais au <strong><a href=\"tel:\/\/18552185186\">1-(855) 218-5186<\/a>. <\/strong>Notre \u00e9quipe de sp\u00e9cialistes du sommeil r\u00e9pondra \u00e0 vos questions. Les consultations sont gratuites et peuvent se faire en ligne ou en personne.<\/p>\n<\/div>\n<\/div>\n<\/div>\n<\/section>\n\t\t\t\t\t\t\t\t<\/div>\n\t\t\t\t<\/div>\n\t\t\t\t<div class=\"elementor-element elementor-element-da7c179 elementor-widget__width-auto elementor-mobile-align-justify elementor-widget-mobile__width-inherit elementor-widget elementor-widget-button\" data-id=\"da7c179\" data-element_type=\"widget\" data-e-type=\"widget\" data-widget_type=\"button.default\">\n\t\t\t\t<div class=\"elementor-widget-container\">\n\t\t\t\t\t\t\t\t\t<div class=\"elementor-button-wrapper\">\n\t\t\t\t\t<a class=\"elementor-button elementor-button-link elementor-size-sm elementor-animation-grow\" href=\"https:\/\/dormalab.com\/fr\/nous-joindre\/\">\n\t\t\t\t\t\t<span class=\"elementor-button-content-wrapper\">\n\t\t\t\t\t\t\t\t\t<span class=\"elementor-button-text\">R\u00e9server une consultation gratuite<\/span>\n\t\t\t\t\t<\/span>\n\t\t\t\t\t<\/a>\n\t\t\t\t<\/div>\n\t\t\t\t\t\t\t\t<\/div>\n\t\t\t\t<\/div>\n\t\t\t\t<\/div>\n\t\t\t\t<\/div>\n\t\t\t\t<\/div>\n\t\t\t\t\t<\/div>\n\t\t\t\t<\/div>\n\t\t<div class=\"elementor-element elementor-element-dafda7d e-flex e-con-boxed e-con e-parent\" data-id=\"dafda7d\" data-element_type=\"container\" data-e-type=\"container\">\n\t\t\t\t\t<div class=\"e-con-inner\">\n\t\t<div class=\"elementor-element elementor-element-4e12134 e-con-full e-flex e-con e-child\" data-id=\"4e12134\" data-element_type=\"container\" data-e-type=\"container\" data-settings=\"{&quot;background_background&quot;:&quot;classic&quot;}\">\n\t\t\t\t<div class=\"elementor-element elementor-element-3866075 elementor-widget elementor-widget-heading\" data-id=\"3866075\" data-element_type=\"widget\" data-e-type=\"widget\" data-widget_type=\"heading.default\">\n\t\t\t\t<div class=\"elementor-widget-container\">\n\t\t\t\t\t<h2 class=\"elementor-heading-title elementor-size-default\">Faites l'\u00e9valuation du sommeil en ligne<\/h2>\t\t\t\t<\/div>\n\t\t\t\t<\/div>\n\t\t\t\t<div class=\"elementor-element elementor-element-b2a95d8 elementor-widget elementor-widget-text-editor\" data-id=\"b2a95d8\" data-element_type=\"widget\" data-e-type=\"widget\" data-widget_type=\"text-editor.default\">\n\t\t\t\t<div class=\"elementor-widget-container\">\n\t\t\t\t\t\t\t\t\t<p>Faites notre \u00e9valuation gratuite du sommeil en ligne pour d\u00e9terminer rapidement et facilement si vous risquez de souffrir d&rsquo;un trouble du sommeil.<\/p>\n\t\t\t\t\t\t\t\t<\/div>\n\t\t\t\t<\/div>\n\t\t\t\t<div class=\"elementor-element elementor-element-6a5459c elementor-mobile-align-justify elementor-widget-mobile__width-inherit elementor-widget elementor-widget-button\" data-id=\"6a5459c\" data-element_type=\"widget\" data-e-type=\"widget\" data-widget_type=\"button.default\">\n\t\t\t\t<div class=\"elementor-widget-container\">\n\t\t\t\t\t\t\t\t\t<div class=\"elementor-button-wrapper\">\n\t\t\t\t\t<a class=\"elementor-button elementor-button-link elementor-size-sm elementor-animation-grow\" href=\"https:\/\/dormalab.com\/fr\/nous-joindre\/\">\n\t\t\t\t\t\t<span class=\"elementor-button-content-wrapper\">\n\t\t\t\t\t\t\t\t\t<span class=\"elementor-button-text\">Contactez nous<\/span>\n\t\t\t\t\t<\/span>\n\t\t\t\t\t<\/a>\n\t\t\t\t<\/div>\n\t\t\t\t\t\t\t\t<\/div>\n\t\t\t\t<\/div>\n\t\t\t\t<\/div>\n\t\t<div class=\"elementor-element elementor-element-be9b5cc e-con-full e-flex e-con e-child\" data-id=\"be9b5cc\" data-element_type=\"container\" data-e-type=\"container\" data-settings=\"{&quot;background_background&quot;:&quot;classic&quot;}\">\n\t\t\t\t<div class=\"elementor-element elementor-element-5ae9e71 elementor-widget elementor-widget-spacer\" data-id=\"5ae9e71\" data-element_type=\"widget\" data-e-type=\"widget\" data-widget_type=\"spacer.default\">\n\t\t\t\t<div class=\"elementor-widget-container\">\n\t\t\t\t\t\t\t<div class=\"elementor-spacer\">\n\t\t\t<div class=\"elementor-spacer-inner\"><\/div>\n\t\t<\/div>\n\t\t\t\t\t\t<\/div>\n\t\t\t\t<\/div>\n\t\t\t\t<\/div>\n\t\t\t\t\t<\/div>\n\t\t\t\t<\/div>\n\t\t\t\t<\/div>\n\t\t","protected":false},"excerpt":{"rendered":"<p>Coblation (plastie de l&rsquo;ovulopalato assist\u00e9e par coblation (CAUP)) R\u00e9duction du palais mou assist\u00e9e par coblation (Coblation-Assisted UvulopalatoPlasty (CAUP)) La coblation est une technologie de pointe qui permet de r\u00e9duire rapidement et efficacement l&rsquo;exc\u00e8s de tissus mous du palais et de la base de la langue. La technologie utilise l&rsquo;\u00e9nergie de la radiofr\u00e9quence avec une solution &#8230; <a title=\"Plastie de l&rsquo;uvulopalato assist\u00e9e par coblation\" class=\"read-more\" href=\"https:\/\/dormalab.com\/fr\/uvulopalatoplastie-par-coblation\/\" aria-label=\"En savoir plus sur Plastie de l&rsquo;uvulopalato assist\u00e9e par coblation\">Lire la suite<\/a><\/p>\n","protected":false},"author":20,"featured_media":0,"parent":0,"menu_order":0,"comment_status":"closed","ping_status":"closed","template":"elementor_header_footer","meta":{"footnotes":""},"class_list":["post-10378","page","type-page","status-publish"],"yoast_head":"<!-- This site is optimized with the Yoast SEO plugin v27.3 - https:\/\/yoast.com\/product\/yoast-seo-wordpress\/ -->\n<title>Solutions pour le diagnostic et le traitement des troubles du sommeil - Dorma<\/title>\n<meta name=\"description\" content=\"En savoir plus sur l&#039;Uvulopalato-Plasty assist\u00e9e par coblation, notre solution aux probl\u00e8mes de ronflement. Planifiez une consultation gratuite en ligne pour plus d&#039;informations.\" \/>\n<meta name=\"robots\" content=\"index, follow, max-snippet:-1, max-image-preview:large, max-video-preview:-1\" \/>\n<link rel=\"canonical\" href=\"https:\/\/dormalab.com\/fr\/uvulopalatoplastie-par-coblation\/\" \/>\n<meta property=\"og:locale\" content=\"fr_FR\" \/>\n<meta property=\"og:type\" content=\"article\" \/>\n<meta property=\"og:title\" content=\"Solutions pour le diagnostic et le traitement des troubles du sommeil - Dorma\" \/>\n<meta property=\"og:description\" content=\"En savoir plus sur l&#039;Uvulopalato-Plasty assist\u00e9e par coblation, notre solution aux probl\u00e8mes de ronflement. Planifiez une consultation gratuite en ligne pour plus d&#039;informations.\" \/>\n<meta property=\"og:url\" content=\"https:\/\/dormalab.com\/fr\/uvulopalatoplastie-par-coblation\/\" \/>\n<meta property=\"og:site_name\" content=\"Dorma Sleep Clinics\" \/>\n<meta property=\"article:modified_time\" content=\"2024-11-27T01:25:47+00:00\" \/>\n<meta name=\"twitter:card\" content=\"summary_large_image\" \/>\n<meta name=\"twitter:label1\" content=\"Dur\u00e9e de lecture estim\u00e9e\" \/>\n\t<meta name=\"twitter:data1\" content=\"1 minute\" \/>\n<script type=\"application\/ld+json\" class=\"yoast-schema-graph\">{\"@context\":\"https:\\\/\\\/schema.org\",\"@graph\":[{\"@type\":\"WebPage\",\"@id\":\"https:\\\/\\\/dormalab.com\\\/fr\\\/uvulopalatoplastie-par-coblation\\\/\",\"url\":\"https:\\\/\\\/dormalab.com\\\/fr\\\/uvulopalatoplastie-par-coblation\\\/\",\"name\":\"Solutions pour le diagnostic et le traitement des troubles du sommeil - Dorma\",\"isPartOf\":{\"@id\":\"https:\\\/\\\/dormalab.com\\\/fr\\\/#website\"},\"datePublished\":\"2020-02-18T15:52:32+00:00\",\"dateModified\":\"2024-11-27T01:25:47+00:00\",\"description\":\"En savoir plus sur l'Uvulopalato-Plasty assist\u00e9e par coblation, notre solution aux probl\u00e8mes de ronflement. Planifiez une consultation gratuite en ligne pour plus d'informations.\",\"breadcrumb\":{\"@id\":\"https:\\\/\\\/dormalab.com\\\/fr\\\/uvulopalatoplastie-par-coblation\\\/#breadcrumb\"},\"inLanguage\":\"fr-FR\",\"potentialAction\":[{\"@type\":\"ReadAction\",\"target\":[\"https:\\\/\\\/dormalab.com\\\/fr\\\/uvulopalatoplastie-par-coblation\\\/\"]}]},{\"@type\":\"BreadcrumbList\",\"@id\":\"https:\\\/\\\/dormalab.com\\\/fr\\\/uvulopalatoplastie-par-coblation\\\/#breadcrumb\",\"itemListElement\":[{\"@type\":\"ListItem\",\"position\":1,\"name\":\"Home\",\"item\":\"https:\\\/\\\/dormalab.com\\\/fr\\\/\"},{\"@type\":\"ListItem\",\"position\":2,\"name\":\"Plastie de l&rsquo;uvulopalato assist\u00e9e par coblation\"}]},{\"@type\":\"WebSite\",\"@id\":\"https:\\\/\\\/dormalab.com\\\/fr\\\/#website\",\"url\":\"https:\\\/\\\/dormalab.com\\\/fr\\\/\",\"name\":\"Dorma Sleep Clinics\",\"description\":\"Sleep Well Live Well\",\"publisher\":{\"@id\":\"https:\\\/\\\/dormalab.com\\\/fr\\\/#organization\"},\"potentialAction\":[{\"@type\":\"SearchAction\",\"target\":{\"@type\":\"EntryPoint\",\"urlTemplate\":\"https:\\\/\\\/dormalab.com\\\/fr\\\/?s={search_term_string}\"},\"query-input\":{\"@type\":\"PropertyValueSpecification\",\"valueRequired\":true,\"valueName\":\"search_term_string\"}}],\"inLanguage\":\"fr-FR\"},{\"@type\":\"Organization\",\"@id\":\"https:\\\/\\\/dormalab.com\\\/fr\\\/#organization\",\"name\":\"Dorma Clinique Du Sommeil\",\"url\":\"https:\\\/\\\/dormalab.com\\\/fr\\\/\",\"logo\":{\"@type\":\"ImageObject\",\"inLanguage\":\"fr-FR\",\"@id\":\"https:\\\/\\\/dormalab.com\\\/fr\\\/#\\\/schema\\\/logo\\\/image\\\/\",\"url\":\"https:\\\/\\\/dormalab.com\\\/wp-content\\\/uploads\\\/2019\\\/10\\\/Dorma-Logotype-RGB-Black-scaled-e1578787470924.png\",\"contentUrl\":\"https:\\\/\\\/dormalab.com\\\/wp-content\\\/uploads\\\/2019\\\/10\\\/Dorma-Logotype-RGB-Black-scaled-e1578787470924.png\",\"width\":120,\"height\":25,\"caption\":\"Dorma Clinique Du Sommeil\"},\"image\":{\"@id\":\"https:\\\/\\\/dormalab.com\\\/fr\\\/#\\\/schema\\\/logo\\\/image\\\/\"}}]}<\/script>\n<!-- \/ Yoast SEO plugin. -->","yoast_head_json":{"title":"Solutions pour le diagnostic et le traitement des troubles du sommeil - Dorma","description":"En savoir plus sur l'Uvulopalato-Plasty assist\u00e9e par coblation, notre solution aux probl\u00e8mes de ronflement. Planifiez une consultation gratuite en ligne pour plus d'informations.","robots":{"index":"index","follow":"follow","max-snippet":"max-snippet:-1","max-image-preview":"max-image-preview:large","max-video-preview":"max-video-preview:-1"},"canonical":"https:\/\/dormalab.com\/fr\/uvulopalatoplastie-par-coblation\/","og_locale":"fr_FR","og_type":"article","og_title":"Solutions pour le diagnostic et le traitement des troubles du sommeil - Dorma","og_description":"En savoir plus sur l'Uvulopalato-Plasty assist\u00e9e par coblation, notre solution aux probl\u00e8mes de ronflement. Planifiez une consultation gratuite en ligne pour plus d'informations.","og_url":"https:\/\/dormalab.com\/fr\/uvulopalatoplastie-par-coblation\/","og_site_name":"Dorma Sleep Clinics","article_modified_time":"2024-11-27T01:25:47+00:00","twitter_card":"summary_large_image","twitter_misc":{"Dur\u00e9e de lecture estim\u00e9e":"1 minute"},"schema":{"@context":"https:\/\/schema.org","@graph":[{"@type":"WebPage","@id":"https:\/\/dormalab.com\/fr\/uvulopalatoplastie-par-coblation\/","url":"https:\/\/dormalab.com\/fr\/uvulopalatoplastie-par-coblation\/","name":"Solutions pour le diagnostic et le traitement des troubles du sommeil - Dorma","isPartOf":{"@id":"https:\/\/dormalab.com\/fr\/#website"},"datePublished":"2020-02-18T15:52:32+00:00","dateModified":"2024-11-27T01:25:47+00:00","description":"En savoir plus sur l'Uvulopalato-Plasty assist\u00e9e par coblation, notre solution aux probl\u00e8mes de ronflement. Planifiez une consultation gratuite en ligne pour plus d'informations.","breadcrumb":{"@id":"https:\/\/dormalab.com\/fr\/uvulopalatoplastie-par-coblation\/#breadcrumb"},"inLanguage":"fr-FR","potentialAction":[{"@type":"ReadAction","target":["https:\/\/dormalab.com\/fr\/uvulopalatoplastie-par-coblation\/"]}]},{"@type":"BreadcrumbList","@id":"https:\/\/dormalab.com\/fr\/uvulopalatoplastie-par-coblation\/#breadcrumb","itemListElement":[{"@type":"ListItem","position":1,"name":"Home","item":"https:\/\/dormalab.com\/fr\/"},{"@type":"ListItem","position":2,"name":"Plastie de l&rsquo;uvulopalato assist\u00e9e par coblation"}]},{"@type":"WebSite","@id":"https:\/\/dormalab.com\/fr\/#website","url":"https:\/\/dormalab.com\/fr\/","name":"Dorma Sleep Clinics","description":"Sleep Well Live Well","publisher":{"@id":"https:\/\/dormalab.com\/fr\/#organization"},"potentialAction":[{"@type":"SearchAction","target":{"@type":"EntryPoint","urlTemplate":"https:\/\/dormalab.com\/fr\/?s={search_term_string}"},"query-input":{"@type":"PropertyValueSpecification","valueRequired":true,"valueName":"search_term_string"}}],"inLanguage":"fr-FR"},{"@type":"Organization","@id":"https:\/\/dormalab.com\/fr\/#organization","name":"Dorma Clinique Du Sommeil","url":"https:\/\/dormalab.com\/fr\/","logo":{"@type":"ImageObject","inLanguage":"fr-FR","@id":"https:\/\/dormalab.com\/fr\/#\/schema\/logo\/image\/","url":"https:\/\/dormalab.com\/wp-content\/uploads\/2019\/10\/Dorma-Logotype-RGB-Black-scaled-e1578787470924.png","contentUrl":"https:\/\/dormalab.com\/wp-content\/uploads\/2019\/10\/Dorma-Logotype-RGB-Black-scaled-e1578787470924.png","width":120,"height":25,"caption":"Dorma Clinique Du Sommeil"},"image":{"@id":"https:\/\/dormalab.com\/fr\/#\/schema\/logo\/image\/"}}]}},"_links":{"self":[{"href":"https:\/\/dormalab.com\/fr\/wp-json\/wp\/v2\/pages\/10378","targetHints":{"allow":["GET"]}}],"collection":[{"href":"https:\/\/dormalab.com\/fr\/wp-json\/wp\/v2\/pages"}],"about":[{"href":"https:\/\/dormalab.com\/fr\/wp-json\/wp\/v2\/types\/page"}],"author":[{"embeddable":true,"href":"https:\/\/dormalab.com\/fr\/wp-json\/wp\/v2\/users\/20"}],"replies":[{"embeddable":true,"href":"https:\/\/dormalab.com\/fr\/wp-json\/wp\/v2\/comments?post=10378"}],"version-history":[{"count":0,"href":"https:\/\/dormalab.com\/fr\/wp-json\/wp\/v2\/pages\/10378\/revisions"}],"wp:attachment":[{"href":"https:\/\/dormalab.com\/fr\/wp-json\/wp\/v2\/media?parent=10378"}],"curies":[{"name":"wp","href":"https:\/\/api.w.org\/{rel}","templated":true}]}}