{"id":17176,"date":"2021-03-09T13:22:16","date_gmt":"2021-03-09T18:22:16","guid":{"rendered":"https:\/\/dormalab.com\/?page_id=17176"},"modified":"2021-04-22T17:21:33","modified_gmt":"2021-04-22T21:21:33","slug":"consultation-en-clinique","status":"publish","type":"page","link":"https:\/\/dormalab.com\/fr\/consultation-en-clinique\/","title":{"rendered":"Consultation en clinique"},"content":{"rendered":"<h1>Consultation en clinique<\/h1>\n<h3><b>Avant votre consultation en clinique<\/b><\/h3>\n<p><span style=\"font-weight: 400;\">Les nouveaux patients se verront proposer une consultation en personne \u00e0 la clinique du sommeil ou une consultation \u00e0 distance par t\u00e9l\u00e9phone. Vous recevrez un questionnaire m\u00e9dical \u00e0 remplir avant votre rendez-vous. Lors de votre consultation m\u00e9dicale, veillez \u00e0 pr\u00e9senter une liste de vos m\u00e9dicaments.<\/span><\/p>\n<p>&nbsp;<\/p>\n<h3><b>Lors de votre consultation en clinique<\/b><\/h3>\n<p><span style=\"font-weight: 400;\">Vous verrez un sp\u00e9cialiste du sommeil qui vous posera des questions sur vos sympt\u00f4mes, sur leur dur\u00e9e et sur leur \u00e9ventuelle aggravation ou am\u00e9lioration. Il vous posera \u00e9galement des questions sur les op\u00e9rations que vous avez subies et sur les m\u00e9dicaments que vous prenez.\u00a0<\/span><\/p>\n<p>Il examinera vos ant\u00e9c\u00e9dents m\u00e9dicaux et pourra vous interroger sur les op\u00e9rations que vous avez subies et les m\u00e9dicaments que vous prenez. Cela aidera notre sp\u00e9cialiste du sommeil \u00e0 d\u00e9terminer la nature et la gravit\u00e9 de vos probl\u00e8mes de sommeil.<\/p>\n<p>Au cours de la consultation, le sp\u00e9cialiste du sommeil peut \u00eatre en mesure de recommander un traitement, mais une \u00e9tude du sommeil peut parfois \u00eatre n\u00e9cessaire. Si le sp\u00e9cialiste soup\u00e7onne une apn\u00e9e obstructive du sommeil, il vous proposera un rendez-vous pour une \u00e9tude du sommeil. La plupart des \u00e9tudes du sommeil peuvent \u00eatre r\u00e9alis\u00e9es \u00e0 domicile, tandis que certains tests plus sp\u00e9cifiques peuvent n\u00e9cessiter un s\u00e9jour d&rsquo;une nuit dans notre clinique.<\/p>\n<p>Une consultation en personne dure g\u00e9n\u00e9ralement 20 minutes. Nous faisons de notre mieux pour respecter les heures de rendez-vous, mais certains patients ont besoin de consultations plus longues que d&rsquo;autres.<\/p>\n<p>&nbsp;<\/p>\n<h3><b>Apr\u00e8s votre consultation en clinique<\/b><\/h3>\n<p>&nbsp;<\/p>\n<h4>Rendez-vous pour l&rsquo;\u00e9tude du sommeil<\/h4>\n<p>Les tests de d\u00e9pistage de l&rsquo;apn\u00e9e obstructive du sommeil sont g\u00e9n\u00e9ralement effectu\u00e9s \u00e0 domicile. Vous pouvez venir \u00e0 la clinique pour r\u00e9cup\u00e9rer l&rsquo;\u00e9quipement de surveillance et le rendre le jour suivant.\u00a0 Si vous devez subir une \u00e9tude du sommeil en clinique, vous devrez \u00eatre pr\u00eat \u00e0 passer la nuit sur place. Veuillez lire attentivement les informations qui vous seront donn\u00e9es afin de vous pr\u00e9parer \u00e0 l&rsquo;examen. Vous serez inform\u00e9 des exigences relatives \u00e0 votre test au moment o\u00f9 votre \u00e9tude sera programm\u00e9e.<\/p>\n<p>&nbsp;<\/p>\n<h4>Polygraphie respiratoire (\u00e9tude du sommeil de niveau 3)<\/h4>\n<p>Si le sp\u00e9cialiste du sommeil soup\u00e7onne que vous souffrez d&rsquo;apn\u00e9e du sommeil, il peut vous orienter vers une polygraphie respiratoire. Il s&rsquo;agit d&rsquo;un examen nocturne au cours duquel des capteurs sont fix\u00e9s sur votre corps pour surveiller votre respiration, votre taux d&rsquo;oxyg\u00e8ne, votre fr\u00e9quence cardiaque, votre position de sommeil et votre activit\u00e9 pendant la nuit.<\/p>\n<p>Vous viendrez \u00e0 la clinique pour r\u00e9cup\u00e9rer l&rsquo;\u00e9quipement, le porterez \u00e0 la maison et le rendrez le lendemain matin.\u00a0<a href=\"https:\/\/dormalab.com\/fr\/le-test-du-sommeil-a-domicile\/\"><span style=\"font-weight: 400;\">Veuillez regarder la vid\u00e9o pour obtenir des instructions sur l&rsquo;utilisation de l&rsquo;\u00e9quipement<\/span><\/a><span style=\"font-weight: 400;\">.<\/span><\/p>\n<p>&nbsp;<\/p>\n<h4>Polysomnographie (\u00e9tude du sommeil de niveau 1)<\/h4>\n<p>Pour les troubles du sommeil plus complexes, une polysomnographie est parfois r\u00e9alis\u00e9e. Il s&rsquo;agit d&rsquo;un test avanc\u00e9 qui consiste \u00e0 mesurer l&rsquo;activit\u00e9 c\u00e9r\u00e9brale (EEG) au moyen de petits capteurs fix\u00e9s sur le cuir chevelu. D&rsquo;autres capteurs seront plac\u00e9s sur le corps.<\/p>\n<p>Ces capteurs nous permettent de savoir si vous \u00eates endormi ou \u00e9veill\u00e9 et de d\u00e9terminer la profondeur et la qualit\u00e9 de votre sommeil. Pour ce test, vous passerez la nuit au laboratoire de sommeil Dorma. Vous pourrez reprendre vos activit\u00e9s habituelles d\u00e8s que les tests seront termin\u00e9s. La proc\u00e9dure d&rsquo;\u00e9tude du sommeil est non invasive.<\/p>\n<p>&nbsp;<\/p>\n<h3>Apr\u00e8s l&rsquo;\u00e9tude du sommeil<\/h3>\n<p>Un rendez-vous de suivi sera programm\u00e9 pour discuter de vos r\u00e9sultats et de tout traitement recommand\u00e9 et\/ou changement de routine n\u00e9cessaire.<\/p>\n<p>Si les r\u00e9sultats des tests indiquent que vous pouvez \u00eatre candidat \u00e0 un traitement par pression positive continue (PPC), nous vous inviterons \u00e0 venir \u00e0 la clinique pour que nous puissions vous montrer comment utiliser une machine <a href=\"https:\/\/dormalab.com\/continuous-positive-airflow-pressure-cpap\/\" data-internallinksmanager029f6b8e52c=\"1\" title=\"Continuous Positive Airflow Pressure (CPAP)\">CPAP<\/a> et discuter du mod\u00e8le qui vous convient le mieux. Une fois que le traitement par CPAP vous aura \u00e9t\u00e9 prescrit, vous serez suivi par un sp\u00e9cialiste du sommeil.<\/p>\n<p>La plupart des rendez-vous de suivi CPAP peuvent se faire par t\u00e9l\u00e9phone. Toutefois, si cela n&rsquo;est pas possible ou s&rsquo;il y a un probl\u00e8me avec l&rsquo;appareil CPAP, nous pouvons vous demander de venir \u00e0 la clinique.<\/p>\n<p>&nbsp;<\/p>\n<h3>Besoin d&rsquo;aide ?<\/h3>\n<p><span style=\"font-weight: 400;\">Contactez-nous par email \u00e0 info@dormalab.com ou par t\u00e9l\u00e9phone au 1-(855)-218-5186 du lundi au vendredi de 8:00 \u00e0 17:00, il nous fera plaisir de vous aider.\u00a0<\/span><\/p>\n","protected":false},"excerpt":{"rendered":"<p>Consultation en clinique Avant votre consultation en clinique Les nouveaux patients se verront proposer une consultation en personne \u00e0 la clinique du sommeil ou une consultation \u00e0 distance par t\u00e9l\u00e9phone. Vous recevrez un questionnaire m\u00e9dical \u00e0 remplir avant votre rendez-vous. Lors de votre consultation m\u00e9dicale, veillez \u00e0 pr\u00e9senter une liste de vos m\u00e9dicaments. &nbsp; Lors &#8230; <a title=\"Consultation en clinique\" class=\"read-more\" href=\"https:\/\/dormalab.com\/fr\/consultation-en-clinique\/\" aria-label=\"En savoir plus sur Consultation en clinique\">Lire la suite<\/a><\/p>\n","protected":false},"author":20,"featured_media":0,"parent":0,"menu_order":0,"comment_status":"closed","ping_status":"closed","template":"","meta":{"footnotes":""},"class_list":["post-17176","page","type-page","status-publish"],"yoast_head":"<!-- This site is optimized with the Yoast SEO plugin v27.5 - https:\/\/yoast.com\/product\/yoast-seo-wordpress\/ -->\n<title>Pr\u00e9parer ma consultation en clinique - Dorma Sleep Clinics<\/title>\n<meta name=\"description\" content=\"Les nouveaux patients se verront proposer une consultation en personne \u00e0 la clinique du sommeil ou une consultation \u00e0 distance par t\u00e9l\u00e9phone.\" \/>\n<meta name=\"robots\" content=\"index, follow, max-snippet:-1, max-image-preview:large, max-video-preview:-1\" \/>\n<link rel=\"canonical\" href=\"https:\/\/dormalab.com\/fr\/consultation-en-clinique\/\" \/>\n<meta property=\"og:locale\" content=\"fr_FR\" \/>\n<meta property=\"og:type\" content=\"article\" \/>\n<meta property=\"og:title\" content=\"Pr\u00e9parer ma consultation en clinique - Dorma Sleep Clinics\" \/>\n<meta property=\"og:description\" content=\"Les nouveaux patients se verront proposer une consultation en personne \u00e0 la clinique du sommeil ou une consultation \u00e0 distance par t\u00e9l\u00e9phone.\" \/>\n<meta property=\"og:url\" content=\"https:\/\/dormalab.com\/fr\/consultation-en-clinique\/\" \/>\n<meta property=\"og:site_name\" content=\"Dorma Sleep Clinics\" \/>\n<meta property=\"article:modified_time\" content=\"2021-04-22T21:21:33+00:00\" \/>\n<meta name=\"twitter:card\" content=\"summary_large_image\" \/>\n<meta name=\"twitter:label1\" content=\"Dur\u00e9e de lecture estim\u00e9e\" \/>\n\t<meta name=\"twitter:data1\" content=\"4 minute\" \/>\n<script type=\"application\/ld+json\" class=\"yoast-schema-graph\">{\"@context\":\"https:\\\/\\\/schema.org\",\"@graph\":[{\"@type\":\"WebPage\",\"@id\":\"https:\\\/\\\/dormalab.com\\\/fr\\\/consultation-en-clinique\\\/\",\"url\":\"https:\\\/\\\/dormalab.com\\\/fr\\\/consultation-en-clinique\\\/\",\"name\":\"Pr\u00e9parer ma consultation en clinique - Dorma Sleep Clinics\",\"isPartOf\":{\"@id\":\"https:\\\/\\\/dormalab.com\\\/fr\\\/#website\"},\"datePublished\":\"2021-03-09T18:22:16+00:00\",\"dateModified\":\"2021-04-22T21:21:33+00:00\",\"description\":\"Les nouveaux patients se verront proposer une consultation en personne \u00e0 la clinique du sommeil ou une consultation \u00e0 distance par t\u00e9l\u00e9phone.\",\"breadcrumb\":{\"@id\":\"https:\\\/\\\/dormalab.com\\\/fr\\\/consultation-en-clinique\\\/#breadcrumb\"},\"inLanguage\":\"fr-FR\",\"potentialAction\":[{\"@type\":\"ReadAction\",\"target\":[\"https:\\\/\\\/dormalab.com\\\/fr\\\/consultation-en-clinique\\\/\"]}]},{\"@type\":\"BreadcrumbList\",\"@id\":\"https:\\\/\\\/dormalab.com\\\/fr\\\/consultation-en-clinique\\\/#breadcrumb\",\"itemListElement\":[{\"@type\":\"ListItem\",\"position\":1,\"name\":\"Home\",\"item\":\"https:\\\/\\\/dormalab.com\\\/fr\\\/\"},{\"@type\":\"ListItem\",\"position\":2,\"name\":\"Consultation en clinique\"}]},{\"@type\":\"WebSite\",\"@id\":\"https:\\\/\\\/dormalab.com\\\/fr\\\/#website\",\"url\":\"https:\\\/\\\/dormalab.com\\\/fr\\\/\",\"name\":\"Dorma Sleep Clinics\",\"description\":\"Sleep Well Live Well\",\"publisher\":{\"@id\":\"https:\\\/\\\/dormalab.com\\\/fr\\\/#organization\"},\"potentialAction\":[{\"@type\":\"SearchAction\",\"target\":{\"@type\":\"EntryPoint\",\"urlTemplate\":\"https:\\\/\\\/dormalab.com\\\/fr\\\/?s={search_term_string}\"},\"query-input\":{\"@type\":\"PropertyValueSpecification\",\"valueRequired\":true,\"valueName\":\"search_term_string\"}}],\"inLanguage\":\"fr-FR\"},{\"@type\":\"Organization\",\"@id\":\"https:\\\/\\\/dormalab.com\\\/fr\\\/#organization\",\"name\":\"Dorma Clinique Du Sommeil\",\"url\":\"https:\\\/\\\/dormalab.com\\\/fr\\\/\",\"logo\":{\"@type\":\"ImageObject\",\"inLanguage\":\"fr-FR\",\"@id\":\"https:\\\/\\\/dormalab.com\\\/fr\\\/#\\\/schema\\\/logo\\\/image\\\/\",\"url\":\"https:\\\/\\\/dormalab.com\\\/wp-content\\\/uploads\\\/2019\\\/10\\\/Dorma-Logotype-RGB-Black-scaled-e1578787470924.png\",\"contentUrl\":\"https:\\\/\\\/dormalab.com\\\/wp-content\\\/uploads\\\/2019\\\/10\\\/Dorma-Logotype-RGB-Black-scaled-e1578787470924.png\",\"width\":120,\"height\":25,\"caption\":\"Dorma Clinique Du Sommeil\"},\"image\":{\"@id\":\"https:\\\/\\\/dormalab.com\\\/fr\\\/#\\\/schema\\\/logo\\\/image\\\/\"}}]}<\/script>\n<!-- \/ Yoast SEO plugin. -->","yoast_head_json":{"title":"Pr\u00e9parer ma consultation en clinique - Dorma Sleep Clinics","description":"Les nouveaux patients se verront proposer une consultation en personne \u00e0 la clinique du sommeil ou une consultation \u00e0 distance par t\u00e9l\u00e9phone.","robots":{"index":"index","follow":"follow","max-snippet":"max-snippet:-1","max-image-preview":"max-image-preview:large","max-video-preview":"max-video-preview:-1"},"canonical":"https:\/\/dormalab.com\/fr\/consultation-en-clinique\/","og_locale":"fr_FR","og_type":"article","og_title":"Pr\u00e9parer ma consultation en clinique - Dorma Sleep Clinics","og_description":"Les nouveaux patients se verront proposer une consultation en personne \u00e0 la clinique du sommeil ou une consultation \u00e0 distance par t\u00e9l\u00e9phone.","og_url":"https:\/\/dormalab.com\/fr\/consultation-en-clinique\/","og_site_name":"Dorma Sleep Clinics","article_modified_time":"2021-04-22T21:21:33+00:00","twitter_card":"summary_large_image","twitter_misc":{"Dur\u00e9e de lecture estim\u00e9e":"4 minute"},"schema":{"@context":"https:\/\/schema.org","@graph":[{"@type":"WebPage","@id":"https:\/\/dormalab.com\/fr\/consultation-en-clinique\/","url":"https:\/\/dormalab.com\/fr\/consultation-en-clinique\/","name":"Pr\u00e9parer ma consultation en clinique - Dorma Sleep Clinics","isPartOf":{"@id":"https:\/\/dormalab.com\/fr\/#website"},"datePublished":"2021-03-09T18:22:16+00:00","dateModified":"2021-04-22T21:21:33+00:00","description":"Les nouveaux patients se verront proposer une consultation en personne \u00e0 la clinique du sommeil ou une consultation \u00e0 distance par t\u00e9l\u00e9phone.","breadcrumb":{"@id":"https:\/\/dormalab.com\/fr\/consultation-en-clinique\/#breadcrumb"},"inLanguage":"fr-FR","potentialAction":[{"@type":"ReadAction","target":["https:\/\/dormalab.com\/fr\/consultation-en-clinique\/"]}]},{"@type":"BreadcrumbList","@id":"https:\/\/dormalab.com\/fr\/consultation-en-clinique\/#breadcrumb","itemListElement":[{"@type":"ListItem","position":1,"name":"Home","item":"https:\/\/dormalab.com\/fr\/"},{"@type":"ListItem","position":2,"name":"Consultation en clinique"}]},{"@type":"WebSite","@id":"https:\/\/dormalab.com\/fr\/#website","url":"https:\/\/dormalab.com\/fr\/","name":"Dorma Sleep Clinics","description":"Sleep Well Live Well","publisher":{"@id":"https:\/\/dormalab.com\/fr\/#organization"},"potentialAction":[{"@type":"SearchAction","target":{"@type":"EntryPoint","urlTemplate":"https:\/\/dormalab.com\/fr\/?s={search_term_string}"},"query-input":{"@type":"PropertyValueSpecification","valueRequired":true,"valueName":"search_term_string"}}],"inLanguage":"fr-FR"},{"@type":"Organization","@id":"https:\/\/dormalab.com\/fr\/#organization","name":"Dorma Clinique Du Sommeil","url":"https:\/\/dormalab.com\/fr\/","logo":{"@type":"ImageObject","inLanguage":"fr-FR","@id":"https:\/\/dormalab.com\/fr\/#\/schema\/logo\/image\/","url":"https:\/\/dormalab.com\/wp-content\/uploads\/2019\/10\/Dorma-Logotype-RGB-Black-scaled-e1578787470924.png","contentUrl":"https:\/\/dormalab.com\/wp-content\/uploads\/2019\/10\/Dorma-Logotype-RGB-Black-scaled-e1578787470924.png","width":120,"height":25,"caption":"Dorma Clinique Du Sommeil"},"image":{"@id":"https:\/\/dormalab.com\/fr\/#\/schema\/logo\/image\/"}}]}},"_links":{"self":[{"href":"https:\/\/dormalab.com\/fr\/wp-json\/wp\/v2\/pages\/17176","targetHints":{"allow":["GET"]}}],"collection":[{"href":"https:\/\/dormalab.com\/fr\/wp-json\/wp\/v2\/pages"}],"about":[{"href":"https:\/\/dormalab.com\/fr\/wp-json\/wp\/v2\/types\/page"}],"author":[{"embeddable":true,"href":"https:\/\/dormalab.com\/fr\/wp-json\/wp\/v2\/users\/20"}],"replies":[{"embeddable":true,"href":"https:\/\/dormalab.com\/fr\/wp-json\/wp\/v2\/comments?post=17176"}],"version-history":[{"count":0,"href":"https:\/\/dormalab.com\/fr\/wp-json\/wp\/v2\/pages\/17176\/revisions"}],"wp:attachment":[{"href":"https:\/\/dormalab.com\/fr\/wp-json\/wp\/v2\/media?parent=17176"}],"curies":[{"name":"wp","href":"https:\/\/api.w.org\/{rel}","templated":true}]}}