{"id":17460,"date":"2021-04-08T12:00:20","date_gmt":"2021-04-08T16:00:20","guid":{"rendered":"https:\/\/dormalab.com\/politique-de-confidentialite\/"},"modified":"2023-09-28T15:22:02","modified_gmt":"2023-09-28T19:22:02","slug":"politique-de-confidentialite","status":"publish","type":"page","link":"https:\/\/dormalab.com\/fr\/politique-de-confidentialite\/","title":{"rendered":"Politique de confidentialit\u00e9"},"content":{"rendered":"<header class=\"entry-header\" aria-label=\"Contenu\">\n<h1 class=\"entry-title\">Politique de confidentialit\u00e9 du site Web<\/h1>\n<\/header>\n<div class=\"entry-content\">\n<div class=\"elementor elementor-33519 elementor-33514\" data-elementor-type=\"wp-page\" data-elementor-id=\"33519\">\n<section class=\"elementor-section elementor-top-section elementor-element elementor-element-3fc6ffe elementor-section-boxed elementor-section-height-default elementor-section-height-default\" data-id=\"3fc6ffe\" data-element_type=\"section\">\n<div class=\"elementor-container elementor-column-gap-default\">\n<div class=\"elementor-column elementor-col-100 elementor-top-column elementor-element elementor-element-aec554f\" data-id=\"aec554f\" data-element_type=\"column\">\n<div class=\"elementor-widget-wrap elementor-element-populated\">\n<div class=\"elementor-element elementor-element-e6491ba elementor-widget elementor-widget-text-editor\" data-id=\"e6491ba\" data-element_type=\"widget\" data-widget_type=\"text-editor.default\">\n<div class=\"elementor-widget-container\">\n<p><strong>www.dormalab.ca<\/strong><\/p>\n<p>Par l\u2019entremise de son site Internet, Dorma Lab collecte des renseignements personnels vous concernant.<\/p>\n<p>La clinique s\u2019engage a\u0300 assurer la protection de vos renseignements personnels, et vous invite a\u0300 prendre connaissance de la pre\u0301sente politique de confidentialite\u0301.<\/p>\n<p><strong>Renseignements personnels collecte\u0301s de manie\u0300re automatique<\/strong><\/p>\n<p>Par votre connexion sur notre site Internet, certains renseignements personnels sont e\u0301change\u0301s entre votre ordinateur et notre serveur. Cet e\u0301change est ne\u0301cessaire pour que les donne\u0301es contenues sur notre site puissent e\u0302tre correctement communique\u0301es a\u0300 l\u2019e\u0301quipement informatique que vous utilisez. Ces renseignements personnels sont conserve\u0301s par la Clinique seulement pour des fins techniques et statistiques relie\u0301es au rendement de notre site Internet.<\/p>\n<p>Les renseignements vise\u0301s sont les suivants :<\/p>\n<ul>\n<li>le nom de domaine de votre fournisseur d\u2019acce\u0300s a\u0300 Internet;<\/li>\n<li>votre adresse IP;<\/li>\n<li>votre navigateur (Explorer, Firefox, etc.);<\/li>\n<li>votre syste\u0300me d\u2019exploitation (Windows, Mac OS, etc.);<\/li>\n<li>la date et l\u2019heure de votre visite;<\/li>\n<li>les pages Internet consulte\u0301es.<\/li>\n<\/ul>\n<p><strong>Utilisation de te\u0301moin de connexion<\/strong><\/p>\n<p>La clinique ne conserve aucun te\u0301moin de connexion (commune\u0301ment appele\u0301<br \/>\n\u00ab cookie \u00bb) de fac\u0327on permanente. Seul un te\u0301moin de connexion temporaire est utilise\u0301 lors de votre visite sur notre site afin d\u2019ame\u0301liorer la performance de certaines fonctionnalite\u0301s qui y sont pre\u0301sentes.<\/p>\n<p>Vous avez la possibilite\u0301 de de\u0301sactiver vos te\u0301moins de connexion via votre navigateur Web. Toutefois, cette de\u0301sactivation peut avoir pour effet de restreindre certaines fonctionnalite\u0301s de notre site Internet.<\/p>\n<p><strong>Renseignements personnels transmis volontairement par courriel ou par le formulaire<\/strong><\/p>\n<p>Les renseignements personnels que vous nous communiquez volontairement par courriel ou par le formulaire de contact de notre site Internet, tels votre nom et votre adresse courriel, ne seront utilise\u0301s que pour permettre au personnel de la clinique de vous re\u0301pondre ou de donner suite a\u0300 votre demande, et ne seront pas conserve\u0301s.<\/p>\n<p><strong>Engagement de confidentialite\u0301<\/strong><\/p>\n<p>Tous les employe\u0301s de la clinique ont signe\u0301 un engagement de confidentialite\u0301.<\/p>\n<p><strong>Responsable de la Politique de confidentialite\u0301<\/strong><\/p>\n<p>Pour toute question concernant la pre\u0301sente politique, ou pour toute plainte relativement au non-respect de celle-ci, veuillez communiquer avec<\/p>\n<table>\n<tbody>\n<tr>\n<td>Address:<\/td>\n<td>Attn: Privacy Officer&nbsp;<\/p>\n<p>Dorma Lab<\/p>\n<p>1055 Beaver Hall<\/p>\n<p>Montreal, Quebec<\/p>\n<p>H2Z 1S5<\/td>\n<\/tr>\n<tr>\n<td>par courriel:<\/td>\n<td>privacy@dormalab.com<\/td>\n<\/tr>\n<\/tbody>\n<\/table>\n<p>&nbsp;<\/p>\n<\/div>\n<\/div>\n<\/div>\n<\/div>\n<\/div>\n<\/section>\n<\/div>\n<\/div>\n","protected":false},"excerpt":{"rendered":"<p>Politique de confidentialit\u00e9 du site Web www.dormalab.ca Par l\u2019entremise de son site Internet, Dorma Lab collecte des renseignements personnels vous concernant. La clinique s\u2019engage a\u0300 assurer la protection de vos renseignements personnels, et vous invite a\u0300 prendre connaissance de la pre\u0301sente politique de confidentialite\u0301. Renseignements personnels collecte\u0301s de manie\u0300re automatique Par votre connexion sur notre &#8230; <a title=\"Politique de confidentialit\u00e9\" class=\"read-more\" href=\"https:\/\/dormalab.com\/fr\/politique-de-confidentialite\/\" aria-label=\"En savoir plus sur Politique de confidentialit\u00e9\">Lire la suite<\/a><\/p>\n","protected":false},"author":20,"featured_media":0,"parent":0,"menu_order":0,"comment_status":"closed","ping_status":"closed","template":"","meta":{"footnotes":""},"class_list":["post-17460","page","type-page","status-publish"],"yoast_head":"<!-- This site is optimized with the Yoast SEO plugin v27.3 - https:\/\/yoast.com\/product\/yoast-seo-wordpress\/ -->\n<title>Lire la Politique de confidentialit\u00e9 - Dorma Clinique du Sommeil<\/title>\n<meta name=\"description\" content=\"Politique de confidentialit\u00e9 : Dorma Clinique du Sommeil s\u2019engage \u00e0 prot\u00e9ger votre vie priv\u00e9e et \u00e0 sauvegarder vos renseignements personnels.\" \/>\n<meta name=\"robots\" content=\"index, follow, max-snippet:-1, max-image-preview:large, max-video-preview:-1\" \/>\n<link rel=\"canonical\" href=\"https:\/\/dormalab.com\/fr\/politique-de-confidentialite\/\" \/>\n<meta property=\"og:locale\" content=\"fr_FR\" \/>\n<meta property=\"og:type\" content=\"article\" \/>\n<meta property=\"og:title\" content=\"Lire la Politique de confidentialit\u00e9 - Dorma Clinique du Sommeil\" \/>\n<meta property=\"og:description\" content=\"Politique de confidentialit\u00e9 : Dorma Clinique du Sommeil s\u2019engage \u00e0 prot\u00e9ger votre vie priv\u00e9e et \u00e0 sauvegarder vos renseignements personnels.\" \/>\n<meta property=\"og:url\" content=\"https:\/\/dormalab.com\/fr\/politique-de-confidentialite\/\" \/>\n<meta property=\"og:site_name\" content=\"Dorma Sleep Clinics\" \/>\n<meta property=\"article:modified_time\" content=\"2023-09-28T19:22:02+00:00\" \/>\n<meta name=\"twitter:card\" content=\"summary_large_image\" \/>\n<meta name=\"twitter:label1\" content=\"Dur\u00e9e de lecture estim\u00e9e\" \/>\n\t<meta name=\"twitter:data1\" content=\"9 minute\" \/>\n<script type=\"application\/ld+json\" class=\"yoast-schema-graph\">{\"@context\":\"https:\\\/\\\/schema.org\",\"@graph\":[{\"@type\":\"WebPage\",\"@id\":\"https:\\\/\\\/dormalab.com\\\/fr\\\/politique-de-confidentialite\\\/\",\"url\":\"https:\\\/\\\/dormalab.com\\\/fr\\\/politique-de-confidentialite\\\/\",\"name\":\"Lire la Politique de confidentialit\u00e9 - Dorma Clinique du Sommeil\",\"isPartOf\":{\"@id\":\"https:\\\/\\\/dormalab.com\\\/fr\\\/#website\"},\"datePublished\":\"2021-04-08T16:00:20+00:00\",\"dateModified\":\"2023-09-28T19:22:02+00:00\",\"description\":\"Politique de confidentialit\u00e9 : Dorma Clinique du Sommeil s\u2019engage \u00e0 prot\u00e9ger votre vie priv\u00e9e et \u00e0 sauvegarder vos renseignements personnels.\",\"breadcrumb\":{\"@id\":\"https:\\\/\\\/dormalab.com\\\/fr\\\/politique-de-confidentialite\\\/#breadcrumb\"},\"inLanguage\":\"fr-FR\",\"potentialAction\":[{\"@type\":\"ReadAction\",\"target\":[\"https:\\\/\\\/dormalab.com\\\/fr\\\/politique-de-confidentialite\\\/\"]}]},{\"@type\":\"BreadcrumbList\",\"@id\":\"https:\\\/\\\/dormalab.com\\\/fr\\\/politique-de-confidentialite\\\/#breadcrumb\",\"itemListElement\":[{\"@type\":\"ListItem\",\"position\":1,\"name\":\"Home\",\"item\":\"https:\\\/\\\/dormalab.com\\\/fr\\\/\"},{\"@type\":\"ListItem\",\"position\":2,\"name\":\"Politique de confidentialit\u00e9\"}]},{\"@type\":\"WebSite\",\"@id\":\"https:\\\/\\\/dormalab.com\\\/fr\\\/#website\",\"url\":\"https:\\\/\\\/dormalab.com\\\/fr\\\/\",\"name\":\"Dorma Sleep Clinics\",\"description\":\"Sleep Well Live Well\",\"publisher\":{\"@id\":\"https:\\\/\\\/dormalab.com\\\/fr\\\/#organization\"},\"potentialAction\":[{\"@type\":\"SearchAction\",\"target\":{\"@type\":\"EntryPoint\",\"urlTemplate\":\"https:\\\/\\\/dormalab.com\\\/fr\\\/?s={search_term_string}\"},\"query-input\":{\"@type\":\"PropertyValueSpecification\",\"valueRequired\":true,\"valueName\":\"search_term_string\"}}],\"inLanguage\":\"fr-FR\"},{\"@type\":\"Organization\",\"@id\":\"https:\\\/\\\/dormalab.com\\\/fr\\\/#organization\",\"name\":\"Dorma Clinique Du Sommeil\",\"url\":\"https:\\\/\\\/dormalab.com\\\/fr\\\/\",\"logo\":{\"@type\":\"ImageObject\",\"inLanguage\":\"fr-FR\",\"@id\":\"https:\\\/\\\/dormalab.com\\\/fr\\\/#\\\/schema\\\/logo\\\/image\\\/\",\"url\":\"https:\\\/\\\/dormalab.com\\\/wp-content\\\/uploads\\\/2019\\\/10\\\/Dorma-Logotype-RGB-Black-scaled-e1578787470924.png\",\"contentUrl\":\"https:\\\/\\\/dormalab.com\\\/wp-content\\\/uploads\\\/2019\\\/10\\\/Dorma-Logotype-RGB-Black-scaled-e1578787470924.png\",\"width\":120,\"height\":25,\"caption\":\"Dorma Clinique Du Sommeil\"},\"image\":{\"@id\":\"https:\\\/\\\/dormalab.com\\\/fr\\\/#\\\/schema\\\/logo\\\/image\\\/\"}}]}<\/script>\n<!-- \/ Yoast SEO plugin. -->","yoast_head_json":{"title":"Lire la Politique de confidentialit\u00e9 - Dorma Clinique du Sommeil","description":"Politique de confidentialit\u00e9 : Dorma Clinique du Sommeil s\u2019engage \u00e0 prot\u00e9ger votre vie priv\u00e9e et \u00e0 sauvegarder vos renseignements personnels.","robots":{"index":"index","follow":"follow","max-snippet":"max-snippet:-1","max-image-preview":"max-image-preview:large","max-video-preview":"max-video-preview:-1"},"canonical":"https:\/\/dormalab.com\/fr\/politique-de-confidentialite\/","og_locale":"fr_FR","og_type":"article","og_title":"Lire la Politique de confidentialit\u00e9 - Dorma Clinique du Sommeil","og_description":"Politique de confidentialit\u00e9 : Dorma Clinique du Sommeil s\u2019engage \u00e0 prot\u00e9ger votre vie priv\u00e9e et \u00e0 sauvegarder vos renseignements personnels.","og_url":"https:\/\/dormalab.com\/fr\/politique-de-confidentialite\/","og_site_name":"Dorma Sleep Clinics","article_modified_time":"2023-09-28T19:22:02+00:00","twitter_card":"summary_large_image","twitter_misc":{"Dur\u00e9e de lecture estim\u00e9e":"9 minute"},"schema":{"@context":"https:\/\/schema.org","@graph":[{"@type":"WebPage","@id":"https:\/\/dormalab.com\/fr\/politique-de-confidentialite\/","url":"https:\/\/dormalab.com\/fr\/politique-de-confidentialite\/","name":"Lire la Politique de confidentialit\u00e9 - Dorma Clinique du Sommeil","isPartOf":{"@id":"https:\/\/dormalab.com\/fr\/#website"},"datePublished":"2021-04-08T16:00:20+00:00","dateModified":"2023-09-28T19:22:02+00:00","description":"Politique de confidentialit\u00e9 : Dorma Clinique du Sommeil s\u2019engage \u00e0 prot\u00e9ger votre vie priv\u00e9e et \u00e0 sauvegarder vos renseignements personnels.","breadcrumb":{"@id":"https:\/\/dormalab.com\/fr\/politique-de-confidentialite\/#breadcrumb"},"inLanguage":"fr-FR","potentialAction":[{"@type":"ReadAction","target":["https:\/\/dormalab.com\/fr\/politique-de-confidentialite\/"]}]},{"@type":"BreadcrumbList","@id":"https:\/\/dormalab.com\/fr\/politique-de-confidentialite\/#breadcrumb","itemListElement":[{"@type":"ListItem","position":1,"name":"Home","item":"https:\/\/dormalab.com\/fr\/"},{"@type":"ListItem","position":2,"name":"Politique de confidentialit\u00e9"}]},{"@type":"WebSite","@id":"https:\/\/dormalab.com\/fr\/#website","url":"https:\/\/dormalab.com\/fr\/","name":"Dorma Sleep Clinics","description":"Sleep Well Live Well","publisher":{"@id":"https:\/\/dormalab.com\/fr\/#organization"},"potentialAction":[{"@type":"SearchAction","target":{"@type":"EntryPoint","urlTemplate":"https:\/\/dormalab.com\/fr\/?s={search_term_string}"},"query-input":{"@type":"PropertyValueSpecification","valueRequired":true,"valueName":"search_term_string"}}],"inLanguage":"fr-FR"},{"@type":"Organization","@id":"https:\/\/dormalab.com\/fr\/#organization","name":"Dorma Clinique Du Sommeil","url":"https:\/\/dormalab.com\/fr\/","logo":{"@type":"ImageObject","inLanguage":"fr-FR","@id":"https:\/\/dormalab.com\/fr\/#\/schema\/logo\/image\/","url":"https:\/\/dormalab.com\/wp-content\/uploads\/2019\/10\/Dorma-Logotype-RGB-Black-scaled-e1578787470924.png","contentUrl":"https:\/\/dormalab.com\/wp-content\/uploads\/2019\/10\/Dorma-Logotype-RGB-Black-scaled-e1578787470924.png","width":120,"height":25,"caption":"Dorma Clinique Du Sommeil"},"image":{"@id":"https:\/\/dormalab.com\/fr\/#\/schema\/logo\/image\/"}}]}},"_links":{"self":[{"href":"https:\/\/dormalab.com\/fr\/wp-json\/wp\/v2\/pages\/17460","targetHints":{"allow":["GET"]}}],"collection":[{"href":"https:\/\/dormalab.com\/fr\/wp-json\/wp\/v2\/pages"}],"about":[{"href":"https:\/\/dormalab.com\/fr\/wp-json\/wp\/v2\/types\/page"}],"author":[{"embeddable":true,"href":"https:\/\/dormalab.com\/fr\/wp-json\/wp\/v2\/users\/20"}],"replies":[{"embeddable":true,"href":"https:\/\/dormalab.com\/fr\/wp-json\/wp\/v2\/comments?post=17460"}],"version-history":[{"count":0,"href":"https:\/\/dormalab.com\/fr\/wp-json\/wp\/v2\/pages\/17460\/revisions"}],"wp:attachment":[{"href":"https:\/\/dormalab.com\/fr\/wp-json\/wp\/v2\/media?parent=17460"}],"curies":[{"name":"wp","href":"https:\/\/api.w.org\/{rel}","templated":true}]}}