{"id":17509,"date":"2021-04-19T11:38:11","date_gmt":"2021-04-19T15:38:11","guid":{"rendered":"https:\/\/dormalab.com\/?page_id=17509"},"modified":"2021-06-22T14:59:11","modified_gmt":"2021-06-22T18:59:11","slug":"carrieres","status":"publish","type":"page","link":"https:\/\/dormalab.com\/fr\/carrieres\/","title":{"rendered":"Carri\u00e8res"},"content":{"rendered":"<p>[vc_section][vc_row][vc_column width=\u00a0\u00bb2\/3&Prime;][vc_column_text]<\/p>\n<div class=\"elementor-element elementor-element-606a66b elementor-widget elementor-widget-text-editor\" data-id=\"606a66b\" data-element_type=\"widget\" data-widget_type=\"text-editor.default\">\n<div class=\"elementor-widget-container\">\n<div class=\"elementor-text-editor elementor-clearfix\">\n<h1>Carri\u00e8res \u00e0 Dorma Lab<\/h1>\n<p>Chez Dorma Lab, nous offrons de la vari\u00e9t\u00e9, de l&rsquo;\u00e9panouissement et de l&rsquo;\u00e9quilibre ; nous recherchons des collaborateurs capables de construire une carri\u00e8re \u00e0 la fois passionnante et durable. Nous nous engageons \u00e0 cr\u00e9er un espace de travail s\u00fbr, diversifi\u00e9 et inclusif.<\/p>\n<p>&nbsp;<\/p>\n<h3>Pourquoi Dorma ?<\/h3>\n<p><strong>Ce que nous avons \u00e0 vous offrir :<\/strong><\/p>\n<ul>\n<li>Travail \u00e0 distance<\/li>\n<li>Assurance groupe<\/li>\n<li>Ordre et association professionnelle r\u00e9mun\u00e9r\u00e9e<\/li>\n<li>Et plus encore !<\/li>\n<\/ul>\n<\/div>\n<p>&nbsp;<\/p>\n<\/div>\n<\/div>\n<p>[\/vc_column_text][\/vc_column][vc_column width=\u00a0\u00bb1\/3&Prime;][vc_single_image image=\u00a0\u00bb17533&Prime; img_size=\u00a0\u00bbfull\u00a0\u00bb][\/vc_column][\/vc_row][vc_row][vc_column][vc_column_text]<\/p>\n<h3 style=\"text-align: center;\">Consultez les postes \u00e0 pourvoir<\/h3>\n<p>[\/vc_column_text][vc_separator][\/vc_column][\/vc_row][vc_row css=\u00a0\u00bb.vc_custom_1594393180007{margin-top: 20px !important;}\u00a0\u00bb][vc_column width=\u00a0\u00bb1\/2&Prime;][vc_cta h2=\u00a0\u00bbR\u00e9ceptionniste\/Assistant(e)\u00a0\u00bb h2_font_container=\u00a0\u00bbfont_size:25&Prime; h2_google_fonts=\u00a0\u00bbfont_family:ABeeZee%3Aregular%2Citalic|font_style:400%20regular%3A400%3Anormal\u00a0\u00bb add_button=\u00a0\u00bbbottom\u00a0\u00bb btn_title=\u00a0\u00bbEn savoir plus\u00a0\u00bb use_custom_fonts_h2=\u00a0\u00bbtrue\u00a0\u00bb btn_link=\u00a0\u00bburl:https%3A%2F%2Fdormalab.com%2Ffr%2Freceptionniste-assistante%2F|\u00a0\u00bb]Dorma Lab est actuellement \u00e0 la recherche d&rsquo;un(e) r\u00e9ceptionniste\/assistant(e) pour rejoindre son \u00e9quipe.[\/vc_cta][vc_cta h2=\u00a0\u00bbInhaloth\u00e9rapeute\u00a0\u00bb h2_font_container=\u00a0\u00bbfont_size:25&Prime; h2_google_fonts=\u00a0\u00bbfont_family:ABeeZee%3Aregular%2Citalic|font_style:400%20regular%3A400%3Anormal\u00a0\u00bb add_button=\u00a0\u00bbbottom\u00a0\u00bb btn_title=\u00a0\u00bbEn savoir plus\u00a0\u00bb use_custom_fonts_h2=\u00a0\u00bbtrue\u00a0\u00bb btn_link=\u00a0\u00bburl:https%3A%2F%2Fdormalab.com%2Ffr%2Finhalotherapeute-en-clinique-du-sommeil%2F|\u00a0\u00bb]Dorma Lab est actuellement \u00e0 la recherche d&rsquo;un inhaloth\u00e9rapeute pour rejoindre son \u00e9quipe de sp\u00e9cialistes du sommeil.[\/vc_cta][\/vc_column][vc_column width=\u00a0\u00bb1\/2&Prime;][vc_cta h2=\u00a0\u00bbInhaloth\u00e9rapeute de nuit  \u00a0\u00bb h2_font_container=\u00a0\u00bbfont_size:25&Prime; h2_google_fonts=\u00a0\u00bbfont_family:ABeeZee%3Aregular%2Citalic|font_style:400%20regular%3A400%3Anormal\u00a0\u00bb add_button=\u00a0\u00bbbottom\u00a0\u00bb btn_title=\u00a0\u00bbEn savoir plus\u00a0\u00bb use_custom_fonts_h2=\u00a0\u00bbtrue\u00a0\u00bb btn_link=\u00a0\u00bburl:https%3A%2F%2Fdormalab.com%2Ffr%2Finhalotherapeute-de-nuit%2F%20|\u00a0\u00bb]Dorma Lab est actuellement \u00e0 la recherche d&rsquo;un inhaloth\u00e9rapeute de nuit pour rejoindre notre \u00e9quipe afin de g\u00e9rer et de r\u00e9aliser les tests de polysomnographie r\u00e9alis\u00e9s le soir.[\/vc_cta][\/vc_column][vc_column][\/vc_column][\/vc_row][\/vc_section]<\/p>\n","protected":false},"excerpt":{"rendered":"<p>[vc_section][vc_row][vc_column width=\u00a0\u00bb2\/3&Prime;][vc_column_text] Carri\u00e8res \u00e0 Dorma Lab Chez Dorma Lab, nous offrons de la vari\u00e9t\u00e9, de l&rsquo;\u00e9panouissement et de l&rsquo;\u00e9quilibre ; nous recherchons des collaborateurs capables de construire une carri\u00e8re \u00e0 la fois passionnante et durable. Nous nous engageons \u00e0 cr\u00e9er un espace de travail s\u00fbr, diversifi\u00e9 et inclusif. &nbsp; Pourquoi Dorma ? Ce que nous &#8230; <a title=\"Carri\u00e8res\" class=\"read-more\" href=\"https:\/\/dormalab.com\/fr\/carrieres\/\" aria-label=\"En savoir plus sur Carri\u00e8res\">Lire la suite<\/a><\/p>\n","protected":false},"author":20,"featured_media":0,"parent":0,"menu_order":0,"comment_status":"closed","ping_status":"closed","template":"","meta":{"footnotes":""},"class_list":["post-17509","page","type-page","status-publish"],"yoast_head":"<!-- This site is optimized with the Yoast SEO plugin v27.4 - https:\/\/yoast.com\/product\/yoast-seo-wordpress\/ -->\n<title>Carri\u00e8res - Plusieurs postes disponibles ! - Dorma Lab<\/title>\n<meta name=\"description\" content=\"Chez Dorma, nous offrons de la diversit\u00e9 et un bon \u00e9quilibre. Nous recherchons des collaborateurs capables de construire une carri\u00e8re \u00e0 la fois passionnante et durable.\" \/>\n<meta name=\"robots\" content=\"index, follow, max-snippet:-1, max-image-preview:large, max-video-preview:-1\" \/>\n<link rel=\"canonical\" href=\"https:\/\/dormalab.com\/fr\/carrieres\/\" \/>\n<meta property=\"og:locale\" content=\"fr_FR\" \/>\n<meta property=\"og:type\" content=\"article\" \/>\n<meta property=\"og:title\" content=\"Carri\u00e8res - Plusieurs postes disponibles ! - Dorma Lab\" \/>\n<meta property=\"og:description\" content=\"Chez Dorma, nous offrons de la diversit\u00e9 et un bon \u00e9quilibre. Nous recherchons des collaborateurs capables de construire une carri\u00e8re \u00e0 la fois passionnante et durable.\" \/>\n<meta property=\"og:url\" content=\"https:\/\/dormalab.com\/fr\/carrieres\/\" \/>\n<meta property=\"og:site_name\" content=\"Dorma Sleep Clinics\" \/>\n<meta property=\"article:modified_time\" content=\"2021-06-22T18:59:11+00:00\" \/>\n<meta name=\"twitter:card\" content=\"summary_large_image\" \/>\n<meta name=\"twitter:label1\" content=\"Dur\u00e9e de lecture estim\u00e9e\" \/>\n\t<meta name=\"twitter:data1\" content=\"2 minute\" \/>\n<script type=\"application\/ld+json\" class=\"yoast-schema-graph\">{\"@context\":\"https:\\\/\\\/schema.org\",\"@graph\":[{\"@type\":\"WebPage\",\"@id\":\"https:\\\/\\\/dormalab.com\\\/fr\\\/carrieres\\\/\",\"url\":\"https:\\\/\\\/dormalab.com\\\/fr\\\/carrieres\\\/\",\"name\":\"Carri\u00e8res - Plusieurs postes disponibles ! - Dorma Lab\",\"isPartOf\":{\"@id\":\"https:\\\/\\\/dormalab.com\\\/fr\\\/#website\"},\"datePublished\":\"2021-04-19T15:38:11+00:00\",\"dateModified\":\"2021-06-22T18:59:11+00:00\",\"description\":\"Chez Dorma, nous offrons de la diversit\u00e9 et un bon \u00e9quilibre. Nous recherchons des collaborateurs capables de construire une carri\u00e8re \u00e0 la fois passionnante et durable.\",\"breadcrumb\":{\"@id\":\"https:\\\/\\\/dormalab.com\\\/fr\\\/carrieres\\\/#breadcrumb\"},\"inLanguage\":\"fr-FR\",\"potentialAction\":[{\"@type\":\"ReadAction\",\"target\":[\"https:\\\/\\\/dormalab.com\\\/fr\\\/carrieres\\\/\"]}]},{\"@type\":\"BreadcrumbList\",\"@id\":\"https:\\\/\\\/dormalab.com\\\/fr\\\/carrieres\\\/#breadcrumb\",\"itemListElement\":[{\"@type\":\"ListItem\",\"position\":1,\"name\":\"Home\",\"item\":\"https:\\\/\\\/dormalab.com\\\/fr\\\/\"},{\"@type\":\"ListItem\",\"position\":2,\"name\":\"Carri\u00e8res\"}]},{\"@type\":\"WebSite\",\"@id\":\"https:\\\/\\\/dormalab.com\\\/fr\\\/#website\",\"url\":\"https:\\\/\\\/dormalab.com\\\/fr\\\/\",\"name\":\"Dorma Sleep Clinics\",\"description\":\"Sleep Well Live Well\",\"publisher\":{\"@id\":\"https:\\\/\\\/dormalab.com\\\/fr\\\/#organization\"},\"potentialAction\":[{\"@type\":\"SearchAction\",\"target\":{\"@type\":\"EntryPoint\",\"urlTemplate\":\"https:\\\/\\\/dormalab.com\\\/fr\\\/?s={search_term_string}\"},\"query-input\":{\"@type\":\"PropertyValueSpecification\",\"valueRequired\":true,\"valueName\":\"search_term_string\"}}],\"inLanguage\":\"fr-FR\"},{\"@type\":\"Organization\",\"@id\":\"https:\\\/\\\/dormalab.com\\\/fr\\\/#organization\",\"name\":\"Dorma Clinique Du Sommeil\",\"url\":\"https:\\\/\\\/dormalab.com\\\/fr\\\/\",\"logo\":{\"@type\":\"ImageObject\",\"inLanguage\":\"fr-FR\",\"@id\":\"https:\\\/\\\/dormalab.com\\\/fr\\\/#\\\/schema\\\/logo\\\/image\\\/\",\"url\":\"https:\\\/\\\/dormalab.com\\\/wp-content\\\/uploads\\\/2019\\\/10\\\/Dorma-Logotype-RGB-Black-scaled-e1578787470924.png\",\"contentUrl\":\"https:\\\/\\\/dormalab.com\\\/wp-content\\\/uploads\\\/2019\\\/10\\\/Dorma-Logotype-RGB-Black-scaled-e1578787470924.png\",\"width\":120,\"height\":25,\"caption\":\"Dorma Clinique Du Sommeil\"},\"image\":{\"@id\":\"https:\\\/\\\/dormalab.com\\\/fr\\\/#\\\/schema\\\/logo\\\/image\\\/\"}}]}<\/script>\n<!-- \/ Yoast SEO plugin. -->","yoast_head_json":{"title":"Carri\u00e8res - Plusieurs postes disponibles ! - Dorma Lab","description":"Chez Dorma, nous offrons de la diversit\u00e9 et un bon \u00e9quilibre. Nous recherchons des collaborateurs capables de construire une carri\u00e8re \u00e0 la fois passionnante et durable.","robots":{"index":"index","follow":"follow","max-snippet":"max-snippet:-1","max-image-preview":"max-image-preview:large","max-video-preview":"max-video-preview:-1"},"canonical":"https:\/\/dormalab.com\/fr\/carrieres\/","og_locale":"fr_FR","og_type":"article","og_title":"Carri\u00e8res - Plusieurs postes disponibles ! - Dorma Lab","og_description":"Chez Dorma, nous offrons de la diversit\u00e9 et un bon \u00e9quilibre. Nous recherchons des collaborateurs capables de construire une carri\u00e8re \u00e0 la fois passionnante et durable.","og_url":"https:\/\/dormalab.com\/fr\/carrieres\/","og_site_name":"Dorma Sleep Clinics","article_modified_time":"2021-06-22T18:59:11+00:00","twitter_card":"summary_large_image","twitter_misc":{"Dur\u00e9e de lecture estim\u00e9e":"2 minute"},"schema":{"@context":"https:\/\/schema.org","@graph":[{"@type":"WebPage","@id":"https:\/\/dormalab.com\/fr\/carrieres\/","url":"https:\/\/dormalab.com\/fr\/carrieres\/","name":"Carri\u00e8res - Plusieurs postes disponibles ! - Dorma Lab","isPartOf":{"@id":"https:\/\/dormalab.com\/fr\/#website"},"datePublished":"2021-04-19T15:38:11+00:00","dateModified":"2021-06-22T18:59:11+00:00","description":"Chez Dorma, nous offrons de la diversit\u00e9 et un bon \u00e9quilibre. Nous recherchons des collaborateurs capables de construire une carri\u00e8re \u00e0 la fois passionnante et durable.","breadcrumb":{"@id":"https:\/\/dormalab.com\/fr\/carrieres\/#breadcrumb"},"inLanguage":"fr-FR","potentialAction":[{"@type":"ReadAction","target":["https:\/\/dormalab.com\/fr\/carrieres\/"]}]},{"@type":"BreadcrumbList","@id":"https:\/\/dormalab.com\/fr\/carrieres\/#breadcrumb","itemListElement":[{"@type":"ListItem","position":1,"name":"Home","item":"https:\/\/dormalab.com\/fr\/"},{"@type":"ListItem","position":2,"name":"Carri\u00e8res"}]},{"@type":"WebSite","@id":"https:\/\/dormalab.com\/fr\/#website","url":"https:\/\/dormalab.com\/fr\/","name":"Dorma Sleep Clinics","description":"Sleep Well Live Well","publisher":{"@id":"https:\/\/dormalab.com\/fr\/#organization"},"potentialAction":[{"@type":"SearchAction","target":{"@type":"EntryPoint","urlTemplate":"https:\/\/dormalab.com\/fr\/?s={search_term_string}"},"query-input":{"@type":"PropertyValueSpecification","valueRequired":true,"valueName":"search_term_string"}}],"inLanguage":"fr-FR"},{"@type":"Organization","@id":"https:\/\/dormalab.com\/fr\/#organization","name":"Dorma Clinique Du Sommeil","url":"https:\/\/dormalab.com\/fr\/","logo":{"@type":"ImageObject","inLanguage":"fr-FR","@id":"https:\/\/dormalab.com\/fr\/#\/schema\/logo\/image\/","url":"https:\/\/dormalab.com\/wp-content\/uploads\/2019\/10\/Dorma-Logotype-RGB-Black-scaled-e1578787470924.png","contentUrl":"https:\/\/dormalab.com\/wp-content\/uploads\/2019\/10\/Dorma-Logotype-RGB-Black-scaled-e1578787470924.png","width":120,"height":25,"caption":"Dorma Clinique Du Sommeil"},"image":{"@id":"https:\/\/dormalab.com\/fr\/#\/schema\/logo\/image\/"}}]}},"_links":{"self":[{"href":"https:\/\/dormalab.com\/fr\/wp-json\/wp\/v2\/pages\/17509","targetHints":{"allow":["GET"]}}],"collection":[{"href":"https:\/\/dormalab.com\/fr\/wp-json\/wp\/v2\/pages"}],"about":[{"href":"https:\/\/dormalab.com\/fr\/wp-json\/wp\/v2\/types\/page"}],"author":[{"embeddable":true,"href":"https:\/\/dormalab.com\/fr\/wp-json\/wp\/v2\/users\/20"}],"replies":[{"embeddable":true,"href":"https:\/\/dormalab.com\/fr\/wp-json\/wp\/v2\/comments?post=17509"}],"version-history":[{"count":0,"href":"https:\/\/dormalab.com\/fr\/wp-json\/wp\/v2\/pages\/17509\/revisions"}],"wp:attachment":[{"href":"https:\/\/dormalab.com\/fr\/wp-json\/wp\/v2\/media?parent=17509"}],"curies":[{"name":"wp","href":"https:\/\/api.w.org\/{rel}","templated":true}]}}