{"id":17522,"date":"2021-04-20T09:05:27","date_gmt":"2021-04-20T13:05:27","guid":{"rendered":"https:\/\/dormalab.com\/?page_id=17522"},"modified":"2021-05-07T13:03:57","modified_gmt":"2021-05-07T17:03:57","slug":"inhalotherapeute-en-clinique-du-sommeil","status":"publish","type":"page","link":"https:\/\/dormalab.com\/fr\/inhalotherapeute-en-clinique-du-sommeil\/","title":{"rendered":"Inhaloth\u00e9rapeute en clinique du sommeil"},"content":{"rendered":"<p>[vc_row][vc_column][vc_column_text]<\/p>\n<h1 class=\"p1\"><b>Inhaloth\u00e9rapeute en clinique du sommeil<\/b><\/h1>\n<p class=\"p3\">Dorma Lab est pr\u00e9sentement \u00e0 la recherche d\u2019un(e) Inhaloth\u00e9rapeute en clinique du sommeil pour joindre son \u00e9quipe de sp\u00e9cialistes en troubles du sommeil.<\/p>\n<p>&nbsp;<\/p>\n<p class=\"p3\"><b>T\u00e2ches:<\/b><\/p>\n<ul class=\"ul1\">\n<li class=\"li3\">Analyser diff\u00e9rents tests diagnostiques et th\u00e9rapeutiques en laboratoire de sommeil,<\/li>\n<li class=\"li3\">Faire de l\u2019enseignement aux patients au niveau de l\u2019apn\u00e9e du sommeil et des autres pathologies du sommeil,<\/li>\n<li class=\"li3\">Accompagner les patients tout au long de leur th\u00e9rapie par pression positive continue,<\/li>\n<li class=\"li3\">Voir au bon fonctionnement et l\u2019entretien des appareils,<\/li>\n<li class=\"li3\">Accomplir toutes autres t\u00e2ches connexes.<\/li>\n<\/ul>\n<p class=\"p3\"><b>Exigences du poste:<\/b><\/p>\n<ul class=\"ul1\">\n<li class=\"li3\">D\u00e9tenir un dipl\u00f4me d\u2019\u00e9tudes coll\u00e9giales en inhaloth\u00e9rapie,<\/li>\n<li class=\"li3\">\u00catre membre de l\u2019Ordre Professionnel des Inhaloth\u00e9rapeutes du Qu\u00e9bec,<\/li>\n<li class=\"li3\">Exp\u00e9rience avec les pathologies du sommeil et\/ou en clinique du sommeil serait un atout,<\/li>\n<li class=\"li3\">Aptitudes de communication interpersonnelle et du service \u00e0 la client\u00e8le,<\/li>\n<li class=\"li3\">Capacit\u00e9 d\u2019apprentissage<\/li>\n<li class=\"li3\">Bon sens analytique,<\/li>\n<li class=\"li3\">Autonomie,<\/li>\n<li class=\"li3\">Sens de l\u2019organisation,<\/li>\n<li class=\"li3\">Travail d&rsquo;\u00e9quipe,<\/li>\n<li class=\"li3\">Avoir \u00e0 c\u0153ur la sant\u00e9 du patient, professionnalisme,<\/li>\n<li class=\"li3\">Bilingue: Fran\u00e7ais \/ Anglais.<\/li>\n<\/ul>\n<p class=\"p3\"><b>Autres:<\/b><\/p>\n<ul class=\"ul1\">\n<li class=\"li3\">Horaire de travail de jour : 08h00 \u00e0 17h00, lundi au vendredi<\/li>\n<li class=\"li3\">Remboursement de la cotisation annuelle de l\u2019Ordre Professionnel des Inhaloth\u00e9rapeutes du Qu\u00e9bec (OPIQ)<\/li>\n<li class=\"li3\">Assurances Collectives<\/li>\n<\/ul>\n<p class=\"p3\">Type d\u2019emploi: Temps Plein, Permanent<\/p>\n<p>&nbsp;<\/p>\n<p class=\"p3\"><b>Avantages:<\/b><\/p>\n<ul class=\"ul1\">\n<li class=\"li3\">Assurance Dentaire<\/li>\n<li class=\"li3\">Assurance Vision<\/li>\n<\/ul>\n<p class=\"p3\"><b>Horaire:<\/b><\/p>\n<ul class=\"ul1\">\n<li class=\"li3\">Quart de jour<\/li>\n<li class=\"li3\">Repos la Fin de Semaine<\/li>\n<\/ul>\n<p class=\"p3\"><b>Formation:<\/b><\/p>\n<ul class=\"ul1\">\n<li class=\"li3\">DEC (Obligatoire)<\/li>\n<\/ul>\n<p class=\"p3\"><b>Langue:<\/b><\/p>\n<ul class=\"ul1\">\n<li class=\"li3\">Fran\u00e7ais (Obligatoire)<\/li>\n<li class=\"li3\">Anglais (Souhait\u00e9)<\/li>\n<\/ul>\n<p class=\"p3\"><b>Pr\u00e9cautions contre la COVID-19:<\/b><\/p>\n<ul class=\"ul1\">\n<li class=\"li3\">Processus de recrutement \u00e0 distance<\/li>\n<li class=\"li3\">\u00c9quipement de protection individuel fourni ou requis<\/li>\n<li class=\"li3\">Protection en plastique sur les postes de travail<\/li>\n<li class=\"li3\">Consignes de distanciation sociale<\/li>\n<li class=\"li3\">Proc\u00e9dures renforc\u00e9es de d\u00e9sinfection et de nettoyage<\/li>\n<\/ul>\n<p><b><i>Mesures COVID-19:<\/i><\/b><br \/>\nUn protocole est mis en place pour les patients ainsi que tous les employ\u00e9s. Le port du masque est obligatoire pour tous. Une visi\u00e8re, masque, gants et jaquette sont \u00e0 la disposition de l&#8217;employ\u00e9 afin d&rsquo;offrir un environnement s\u00e9curitaire pour tous.<\/p>\n<p>&nbsp;<\/p>\n<p><strong>Pour postuler, envoyez votre candidature \u00e0 <a href=\"mailto:info@dormalab.com\">info@dormalab.com<\/a> en mentionnant l&rsquo;intitul\u00e9 du poste dans l&rsquo;objet du courriel.<\/strong>[\/vc_column_text][\/vc_column][\/vc_row]<\/p>\n","protected":false},"excerpt":{"rendered":"<p>[vc_row][vc_column][vc_column_text] Inhaloth\u00e9rapeute en clinique du sommeil Dorma Lab est pr\u00e9sentement \u00e0 la recherche d\u2019un(e) Inhaloth\u00e9rapeute en clinique du sommeil pour joindre son \u00e9quipe de sp\u00e9cialistes en troubles du sommeil. &nbsp; T\u00e2ches: Analyser diff\u00e9rents tests diagnostiques et th\u00e9rapeutiques en laboratoire de sommeil, Faire de l\u2019enseignement aux patients au niveau de l\u2019apn\u00e9e du sommeil et des autres &#8230; <a title=\"Inhaloth\u00e9rapeute en clinique du sommeil\" class=\"read-more\" href=\"https:\/\/dormalab.com\/fr\/inhalotherapeute-en-clinique-du-sommeil\/\" aria-label=\"En savoir plus sur Inhaloth\u00e9rapeute en clinique du sommeil\">Lire la suite<\/a><\/p>\n","protected":false},"author":20,"featured_media":0,"parent":0,"menu_order":0,"comment_status":"closed","ping_status":"closed","template":"","meta":{"footnotes":""},"class_list":["post-17522","page","type-page","status-publish"],"yoast_head":"<!-- This site is optimized with the Yoast SEO plugin v27.5 - https:\/\/yoast.com\/product\/yoast-seo-wordpress\/ -->\n<title>Inhaloth\u00e9rapeute en clinique du sommeil - Dorma Sleep Clinics<\/title>\n<meta name=\"description\" content=\"Dorma Lab est pr\u00e9sentement \u00e0 la recherche d\u2019un(e) inhaloth\u00e9rapeute pour joindre son \u00e9quipe de sp\u00e9cialistes en troubles du sommeil.\" \/>\n<meta name=\"robots\" content=\"index, follow, max-snippet:-1, max-image-preview:large, max-video-preview:-1\" \/>\n<link rel=\"canonical\" href=\"https:\/\/dormalab.com\/fr\/inhalotherapeute-en-clinique-du-sommeil\/\" \/>\n<meta property=\"og:locale\" content=\"fr_FR\" \/>\n<meta property=\"og:type\" content=\"article\" \/>\n<meta property=\"og:title\" content=\"Inhaloth\u00e9rapeute en clinique du sommeil - Dorma Sleep Clinics\" \/>\n<meta property=\"og:description\" content=\"Dorma Lab est pr\u00e9sentement \u00e0 la recherche d\u2019un(e) inhaloth\u00e9rapeute pour joindre son \u00e9quipe de sp\u00e9cialistes en troubles du sommeil.\" \/>\n<meta property=\"og:url\" content=\"https:\/\/dormalab.com\/fr\/inhalotherapeute-en-clinique-du-sommeil\/\" \/>\n<meta property=\"og:site_name\" content=\"Dorma Sleep Clinics\" \/>\n<meta property=\"article:modified_time\" content=\"2021-05-07T17:03:57+00:00\" \/>\n<meta name=\"twitter:card\" content=\"summary_large_image\" \/>\n<meta name=\"twitter:label1\" content=\"Dur\u00e9e de lecture estim\u00e9e\" \/>\n\t<meta name=\"twitter:data1\" content=\"2 minute\" \/>\n<script type=\"application\/ld+json\" class=\"yoast-schema-graph\">{\"@context\":\"https:\\\/\\\/schema.org\",\"@graph\":[{\"@type\":\"WebPage\",\"@id\":\"https:\\\/\\\/dormalab.com\\\/fr\\\/inhalotherapeute-en-clinique-du-sommeil\\\/\",\"url\":\"https:\\\/\\\/dormalab.com\\\/fr\\\/inhalotherapeute-en-clinique-du-sommeil\\\/\",\"name\":\"Inhaloth\u00e9rapeute en clinique du sommeil - Dorma Sleep Clinics\",\"isPartOf\":{\"@id\":\"https:\\\/\\\/dormalab.com\\\/fr\\\/#website\"},\"datePublished\":\"2021-04-20T13:05:27+00:00\",\"dateModified\":\"2021-05-07T17:03:57+00:00\",\"description\":\"Dorma Lab est pr\u00e9sentement \u00e0 la recherche d\u2019un(e) inhaloth\u00e9rapeute pour joindre son \u00e9quipe de sp\u00e9cialistes en troubles du sommeil.\",\"breadcrumb\":{\"@id\":\"https:\\\/\\\/dormalab.com\\\/fr\\\/inhalotherapeute-en-clinique-du-sommeil\\\/#breadcrumb\"},\"inLanguage\":\"fr-FR\",\"potentialAction\":[{\"@type\":\"ReadAction\",\"target\":[\"https:\\\/\\\/dormalab.com\\\/fr\\\/inhalotherapeute-en-clinique-du-sommeil\\\/\"]}]},{\"@type\":\"BreadcrumbList\",\"@id\":\"https:\\\/\\\/dormalab.com\\\/fr\\\/inhalotherapeute-en-clinique-du-sommeil\\\/#breadcrumb\",\"itemListElement\":[{\"@type\":\"ListItem\",\"position\":1,\"name\":\"Home\",\"item\":\"https:\\\/\\\/dormalab.com\\\/fr\\\/\"},{\"@type\":\"ListItem\",\"position\":2,\"name\":\"Inhaloth\u00e9rapeute en clinique du sommeil\"}]},{\"@type\":\"WebSite\",\"@id\":\"https:\\\/\\\/dormalab.com\\\/fr\\\/#website\",\"url\":\"https:\\\/\\\/dormalab.com\\\/fr\\\/\",\"name\":\"Dorma Sleep Clinics\",\"description\":\"Sleep Well Live Well\",\"publisher\":{\"@id\":\"https:\\\/\\\/dormalab.com\\\/fr\\\/#organization\"},\"potentialAction\":[{\"@type\":\"SearchAction\",\"target\":{\"@type\":\"EntryPoint\",\"urlTemplate\":\"https:\\\/\\\/dormalab.com\\\/fr\\\/?s={search_term_string}\"},\"query-input\":{\"@type\":\"PropertyValueSpecification\",\"valueRequired\":true,\"valueName\":\"search_term_string\"}}],\"inLanguage\":\"fr-FR\"},{\"@type\":\"Organization\",\"@id\":\"https:\\\/\\\/dormalab.com\\\/fr\\\/#organization\",\"name\":\"Dorma Clinique Du Sommeil\",\"url\":\"https:\\\/\\\/dormalab.com\\\/fr\\\/\",\"logo\":{\"@type\":\"ImageObject\",\"inLanguage\":\"fr-FR\",\"@id\":\"https:\\\/\\\/dormalab.com\\\/fr\\\/#\\\/schema\\\/logo\\\/image\\\/\",\"url\":\"https:\\\/\\\/dormalab.com\\\/wp-content\\\/uploads\\\/2019\\\/10\\\/Dorma-Logotype-RGB-Black-scaled-e1578787470924.png\",\"contentUrl\":\"https:\\\/\\\/dormalab.com\\\/wp-content\\\/uploads\\\/2019\\\/10\\\/Dorma-Logotype-RGB-Black-scaled-e1578787470924.png\",\"width\":120,\"height\":25,\"caption\":\"Dorma Clinique Du Sommeil\"},\"image\":{\"@id\":\"https:\\\/\\\/dormalab.com\\\/fr\\\/#\\\/schema\\\/logo\\\/image\\\/\"}}]}<\/script>\n<!-- \/ Yoast SEO plugin. -->","yoast_head_json":{"title":"Inhaloth\u00e9rapeute en clinique du sommeil - Dorma Sleep Clinics","description":"Dorma Lab est pr\u00e9sentement \u00e0 la recherche d\u2019un(e) inhaloth\u00e9rapeute pour joindre son \u00e9quipe de sp\u00e9cialistes en troubles du sommeil.","robots":{"index":"index","follow":"follow","max-snippet":"max-snippet:-1","max-image-preview":"max-image-preview:large","max-video-preview":"max-video-preview:-1"},"canonical":"https:\/\/dormalab.com\/fr\/inhalotherapeute-en-clinique-du-sommeil\/","og_locale":"fr_FR","og_type":"article","og_title":"Inhaloth\u00e9rapeute en clinique du sommeil - Dorma Sleep Clinics","og_description":"Dorma Lab est pr\u00e9sentement \u00e0 la recherche d\u2019un(e) inhaloth\u00e9rapeute pour joindre son \u00e9quipe de sp\u00e9cialistes en troubles du sommeil.","og_url":"https:\/\/dormalab.com\/fr\/inhalotherapeute-en-clinique-du-sommeil\/","og_site_name":"Dorma Sleep Clinics","article_modified_time":"2021-05-07T17:03:57+00:00","twitter_card":"summary_large_image","twitter_misc":{"Dur\u00e9e de lecture estim\u00e9e":"2 minute"},"schema":{"@context":"https:\/\/schema.org","@graph":[{"@type":"WebPage","@id":"https:\/\/dormalab.com\/fr\/inhalotherapeute-en-clinique-du-sommeil\/","url":"https:\/\/dormalab.com\/fr\/inhalotherapeute-en-clinique-du-sommeil\/","name":"Inhaloth\u00e9rapeute en clinique du sommeil - Dorma Sleep Clinics","isPartOf":{"@id":"https:\/\/dormalab.com\/fr\/#website"},"datePublished":"2021-04-20T13:05:27+00:00","dateModified":"2021-05-07T17:03:57+00:00","description":"Dorma Lab est pr\u00e9sentement \u00e0 la recherche d\u2019un(e) inhaloth\u00e9rapeute pour joindre son \u00e9quipe de sp\u00e9cialistes en troubles du sommeil.","breadcrumb":{"@id":"https:\/\/dormalab.com\/fr\/inhalotherapeute-en-clinique-du-sommeil\/#breadcrumb"},"inLanguage":"fr-FR","potentialAction":[{"@type":"ReadAction","target":["https:\/\/dormalab.com\/fr\/inhalotherapeute-en-clinique-du-sommeil\/"]}]},{"@type":"BreadcrumbList","@id":"https:\/\/dormalab.com\/fr\/inhalotherapeute-en-clinique-du-sommeil\/#breadcrumb","itemListElement":[{"@type":"ListItem","position":1,"name":"Home","item":"https:\/\/dormalab.com\/fr\/"},{"@type":"ListItem","position":2,"name":"Inhaloth\u00e9rapeute en clinique du sommeil"}]},{"@type":"WebSite","@id":"https:\/\/dormalab.com\/fr\/#website","url":"https:\/\/dormalab.com\/fr\/","name":"Dorma Sleep Clinics","description":"Sleep Well Live Well","publisher":{"@id":"https:\/\/dormalab.com\/fr\/#organization"},"potentialAction":[{"@type":"SearchAction","target":{"@type":"EntryPoint","urlTemplate":"https:\/\/dormalab.com\/fr\/?s={search_term_string}"},"query-input":{"@type":"PropertyValueSpecification","valueRequired":true,"valueName":"search_term_string"}}],"inLanguage":"fr-FR"},{"@type":"Organization","@id":"https:\/\/dormalab.com\/fr\/#organization","name":"Dorma Clinique Du Sommeil","url":"https:\/\/dormalab.com\/fr\/","logo":{"@type":"ImageObject","inLanguage":"fr-FR","@id":"https:\/\/dormalab.com\/fr\/#\/schema\/logo\/image\/","url":"https:\/\/dormalab.com\/wp-content\/uploads\/2019\/10\/Dorma-Logotype-RGB-Black-scaled-e1578787470924.png","contentUrl":"https:\/\/dormalab.com\/wp-content\/uploads\/2019\/10\/Dorma-Logotype-RGB-Black-scaled-e1578787470924.png","width":120,"height":25,"caption":"Dorma Clinique Du Sommeil"},"image":{"@id":"https:\/\/dormalab.com\/fr\/#\/schema\/logo\/image\/"}}]}},"_links":{"self":[{"href":"https:\/\/dormalab.com\/fr\/wp-json\/wp\/v2\/pages\/17522","targetHints":{"allow":["GET"]}}],"collection":[{"href":"https:\/\/dormalab.com\/fr\/wp-json\/wp\/v2\/pages"}],"about":[{"href":"https:\/\/dormalab.com\/fr\/wp-json\/wp\/v2\/types\/page"}],"author":[{"embeddable":true,"href":"https:\/\/dormalab.com\/fr\/wp-json\/wp\/v2\/users\/20"}],"replies":[{"embeddable":true,"href":"https:\/\/dormalab.com\/fr\/wp-json\/wp\/v2\/comments?post=17522"}],"version-history":[{"count":0,"href":"https:\/\/dormalab.com\/fr\/wp-json\/wp\/v2\/pages\/17522\/revisions"}],"wp:attachment":[{"href":"https:\/\/dormalab.com\/fr\/wp-json\/wp\/v2\/media?parent=17522"}],"curies":[{"name":"wp","href":"https:\/\/api.w.org\/{rel}","templated":true}]}}