{"id":17527,"date":"2021-04-19T11:26:42","date_gmt":"2021-04-19T15:26:42","guid":{"rendered":"https:\/\/dormalab.com\/?page_id=17527"},"modified":"2021-05-21T12:17:43","modified_gmt":"2021-05-21T16:17:43","slug":"inhalotherapeute-de-nuit","status":"publish","type":"page","link":"https:\/\/dormalab.com\/fr\/inhalotherapeute-de-nuit\/","title":{"rendered":"Inhaloth\u00e9rapeute de nuit"},"content":{"rendered":"<p>[vc_row][vc_column][vc_column_text]<\/p>\n<h1 class=\"p1\"><span class=\"s1\"><b>Inhaloth\u00e9rapeute de nuit<\/b><\/span><\/h1>\n<p class=\"p1\"><b>Horaire:<\/b> de nuit<\/p>\n<p class=\"p1\">L\u2019horaire selon la flexibilit\u00e9 de l\u2019employ\u00e9(e) \u2013 minimum de 2 \u00e0 4 nuits par mois (semaine ou fin de semaine \u00e0 discuter)<\/p>\n<p class=\"p1\">Possibilit\u00e9 d\u2019un poste \u00e0 temps plein, \u00e0 long terme.<\/p>\n<p>&nbsp;<\/p>\n<p class=\"p1\"><b>Salaire: <\/b>Selon l\u2019\u00e9chelon du candidat(e) avec prime de nuit.<\/p>\n<p>&nbsp;<\/p>\n<p class=\"p1\"><b>Description du poste:<\/b><\/p>\n<p class=\"p1\">Dorma est actuellement \u00e0 la recherche d\u2019un(e) inhaloth\u00e9rapeute pour joindre son \u00e9quipe de sp\u00e9cialistes en troubles du sommeil.<\/p>\n<p>&nbsp;<\/p>\n<p class=\"p3\"><b>Exigences du poste :<\/b><\/p>\n<ul class=\"ul1\">\n<li class=\"li3\">\n<p class=\"p1\">D\u00e9tenir un dipl\u00f4me d\u2019\u00e9tudes coll\u00e9giales en inhaloth\u00e9rapie,<\/p>\n<\/li>\n<li class=\"li3\">\n<p class=\"p1\">\u00catre membre de l\u2019Ordre Professionnel des Inhaloth\u00e9rapeutes du Qu\u00e9bec,<\/p>\n<\/li>\n<li class=\"li3\">\n<p class=\"p1\">Anglais fonctionnel<\/p>\n<\/li>\n<li class=\"li3\">\n<p class=\"p1\">Exp\u00e9rience avec les <a href=\"https:\/\/dormalab.com\/continuous-positive-airflow-pressure-cpap\/\" data-internallinksmanager029f6b8e52c=\"1\" title=\"Continuous Positive Airflow Pressure (CPAP)\">Cpap<\/a> et Bipap.<\/p>\n<\/li>\n<li class=\"li3\">\n<p class=\"p1\">Avoir des m\u00e9thodes de travail organis\u00e9es et \u00eatre en mesure de respecter une \u00e9ch\u00e9ance<\/p>\n<\/li>\n<li class=\"li3\">\n<p class=\"p1\">Respecter les normes, les lignes directrices de pratique ainsi que le Code de d\u00e9ontologie r\u00e9gissant la profession<\/p>\n<\/li>\n<li class=\"li3\">\n<p class=\"p1\">\u00c9tablir une relation d\u2019aide avec l\u2019usager et son entourage empreinte d\u2019empathie<\/p>\n<\/li>\n<li class=\"li3\">\n<p class=\"p1\">Travailler en \u00e9quipe<\/p>\n<\/li>\n<li class=\"li3\">\n<p class=\"p1\">Aptitudes de communication interpersonnelle et du service \u00e0 la client\u00e8le,<\/p>\n<\/li>\n<li class=\"li3\">\n<p class=\"p1\">Appliquer les mesures pr\u00e9ventives en mati\u00e8re d\u2019asepsie, de sant\u00e9 et de s\u00e9curit\u00e9<\/p>\n<\/li>\n<li class=\"li3\">\n<p class=\"p1\">D\u2019\u00eatre capable d\u2019agir en situation critique ou d\u2019urgence<\/p>\n<\/li>\n<\/ul>\n<p class=\"p3\"><b>T\u00e2ches :<\/b><\/p>\n<ul class=\"ul1\">\n<li class=\"li3\">\n<p class=\"p1\">Accueillir le patient<\/p>\n<\/li>\n<li class=\"li3\">\n<p class=\"p1\">Bonne compr\u00e9hension et installation du monitoring d\u2019une polysomnographie compl\u00e8te ainsi que l\u2019ex\u00e9cution d\u2019une titration manuelle.<\/p>\n<\/li>\n<li class=\"li3\">\n<p class=\"p1\">Analyse des tests de polysomnographies selon les r\u00e9gles de AASM<\/p>\n<\/li>\n<\/ul>\n<p class=\"p3\">Type d\u2019emploi: Temps Plein, Temps Partiel<\/p>\n<p>&nbsp;<\/p>\n<p class=\"p1\"><b>Avantages:<\/b><\/p>\n<ul class=\"ul1\">\n<li class=\"li1\">Assurances Collectives<\/li>\n<li class=\"li1\">Horaires flexibles<\/li>\n<\/ul>\n<p class=\"p1\"><b>Horaire:<\/b><\/p>\n<ul class=\"ul1\">\n<li class=\"li1\">Quart de nuit<\/li>\n<\/ul>\n<p class=\"p1\"><b>Formation:<\/b><\/p>\n<ul class=\"ul1\">\n<li class=\"li1\">DEC (Obligatoire)<\/li>\n<\/ul>\n<p class=\"p1\"><b>Langue:<\/b><\/p>\n<ul class=\"ul1\">\n<li class=\"li1\">Fran\u00e7ais (Obligatoire)<\/li>\n<li class=\"li1\">Anglais (Souhait\u00e9)<\/li>\n<\/ul>\n<p class=\"p1\"><b>Permis\/certificat:<\/b><\/p>\n<ul class=\"ul1\">\n<li class=\"li1\">Dipl\u00f4me d\u2019\u00e9tudes coll\u00e9giales en inhaloth\u00e9rapie, (Obligatoire)<\/li>\n<\/ul>\n<p class=\"p1\"><b>Pr\u00e9cautions contre la COVID-19:<\/b><\/p>\n<ul class=\"ul1\">\n<li class=\"li1\">Processus de recrutement \u00e0 distance<\/li>\n<li class=\"li1\">\u00c9quipement de protection individuel fourni ou requis<\/li>\n<li class=\"li1\">Protection en plastique sur les postes de travail<\/li>\n<li class=\"li1\">Consignes de distanciation sociale<\/li>\n<li class=\"li1\">Proc\u00e9dures renforc\u00e9es de d\u00e9sinfection et de nettoyage<\/li>\n<\/ul>\n<p><b><i>Mesures COVID-19:<\/i><\/b><br \/>\nUn protocole est mis en place pour les patients ainsi que tous les employ\u00e9s. Le port du masque est obligatoire pour tous. Une visi\u00e8re, masque, gants et jaquette sont \u00e0 la disposition de l&#8217;employ\u00e9 afin d&rsquo;offrir un environnement s\u00e9curitaire pour tous.<\/p>\n<p>&nbsp;<\/p>\n<p><strong>Pour postuler, envoyez votre candidature \u00e0 <a href=\"mailto:info@dormafiltration.com\">info@dormalab.com<\/a> en mentionnant l&rsquo;intitul\u00e9 du poste dans l&rsquo;objet du courriel.<\/strong>[\/vc_column_text][\/vc_column][\/vc_row]<\/p>\n","protected":false},"excerpt":{"rendered":"<p>[vc_row][vc_column][vc_column_text] Inhaloth\u00e9rapeute de nuit Horaire: de nuit L\u2019horaire selon la flexibilit\u00e9 de l\u2019employ\u00e9(e) \u2013 minimum de 2 \u00e0 4 nuits par mois (semaine ou fin de semaine \u00e0 discuter) Possibilit\u00e9 d\u2019un poste \u00e0 temps plein, \u00e0 long terme. &nbsp; Salaire: Selon l\u2019\u00e9chelon du candidat(e) avec prime de nuit. &nbsp; Description du poste: Dorma est actuellement &#8230; <a title=\"Inhaloth\u00e9rapeute de nuit\" class=\"read-more\" href=\"https:\/\/dormalab.com\/fr\/inhalotherapeute-de-nuit\/\" aria-label=\"En savoir plus sur Inhaloth\u00e9rapeute de nuit\">Lire la suite<\/a><\/p>\n","protected":false},"author":20,"featured_media":0,"parent":0,"menu_order":0,"comment_status":"closed","ping_status":"closed","template":"","meta":{"footnotes":""},"class_list":["post-17527","page","type-page","status-publish"],"yoast_head":"<!-- This site is optimized with the Yoast SEO plugin v27.5 - https:\/\/yoast.com\/product\/yoast-seo-wordpress\/ -->\n<title>Poste \u00e0 pourvoir : Inhaloth\u00e9rapeute de nuit - Dorma Sleep Clinics<\/title>\n<meta name=\"description\" content=\"Dorma Lab est pr\u00e9sentement \u00e0 la recherche d\u2019un(e) Inhaloth\u00e9rapeute de nuit pour joindre son \u00e9quipe de sp\u00e9cialistes en troubles du sommeil.\" \/>\n<meta name=\"robots\" content=\"index, follow, max-snippet:-1, max-image-preview:large, max-video-preview:-1\" \/>\n<link rel=\"canonical\" href=\"https:\/\/dormalab.com\/fr\/inhalotherapeute-de-nuit\/\" \/>\n<meta property=\"og:locale\" content=\"fr_FR\" \/>\n<meta property=\"og:type\" content=\"article\" \/>\n<meta property=\"og:title\" content=\"Poste \u00e0 pourvoir : Inhaloth\u00e9rapeute de nuit - Dorma Sleep Clinics\" \/>\n<meta property=\"og:description\" content=\"Dorma Lab est pr\u00e9sentement \u00e0 la recherche d\u2019un(e) Inhaloth\u00e9rapeute de nuit pour joindre son \u00e9quipe de sp\u00e9cialistes en troubles du sommeil.\" \/>\n<meta property=\"og:url\" content=\"https:\/\/dormalab.com\/fr\/inhalotherapeute-de-nuit\/\" \/>\n<meta property=\"og:site_name\" content=\"Dorma Sleep Clinics\" \/>\n<meta property=\"article:modified_time\" content=\"2021-05-21T16:17:43+00:00\" \/>\n<meta name=\"twitter:card\" content=\"summary_large_image\" \/>\n<meta name=\"twitter:label1\" content=\"Dur\u00e9e de lecture estim\u00e9e\" \/>\n\t<meta name=\"twitter:data1\" content=\"2 minute\" \/>\n<script type=\"application\/ld+json\" class=\"yoast-schema-graph\">{\"@context\":\"https:\\\/\\\/schema.org\",\"@graph\":[{\"@type\":\"WebPage\",\"@id\":\"https:\\\/\\\/dormalab.com\\\/fr\\\/inhalotherapeute-de-nuit\\\/\",\"url\":\"https:\\\/\\\/dormalab.com\\\/fr\\\/inhalotherapeute-de-nuit\\\/\",\"name\":\"Poste \u00e0 pourvoir : Inhaloth\u00e9rapeute de nuit - Dorma Sleep Clinics\",\"isPartOf\":{\"@id\":\"https:\\\/\\\/dormalab.com\\\/fr\\\/#website\"},\"datePublished\":\"2021-04-19T15:26:42+00:00\",\"dateModified\":\"2021-05-21T16:17:43+00:00\",\"description\":\"Dorma Lab est pr\u00e9sentement \u00e0 la recherche d\u2019un(e) Inhaloth\u00e9rapeute de nuit pour joindre son \u00e9quipe de sp\u00e9cialistes en troubles du sommeil.\",\"breadcrumb\":{\"@id\":\"https:\\\/\\\/dormalab.com\\\/fr\\\/inhalotherapeute-de-nuit\\\/#breadcrumb\"},\"inLanguage\":\"fr-FR\",\"potentialAction\":[{\"@type\":\"ReadAction\",\"target\":[\"https:\\\/\\\/dormalab.com\\\/fr\\\/inhalotherapeute-de-nuit\\\/\"]}]},{\"@type\":\"BreadcrumbList\",\"@id\":\"https:\\\/\\\/dormalab.com\\\/fr\\\/inhalotherapeute-de-nuit\\\/#breadcrumb\",\"itemListElement\":[{\"@type\":\"ListItem\",\"position\":1,\"name\":\"Home\",\"item\":\"https:\\\/\\\/dormalab.com\\\/fr\\\/\"},{\"@type\":\"ListItem\",\"position\":2,\"name\":\"Inhaloth\u00e9rapeute de nuit\"}]},{\"@type\":\"WebSite\",\"@id\":\"https:\\\/\\\/dormalab.com\\\/fr\\\/#website\",\"url\":\"https:\\\/\\\/dormalab.com\\\/fr\\\/\",\"name\":\"Dorma Sleep Clinics\",\"description\":\"Sleep Well Live Well\",\"publisher\":{\"@id\":\"https:\\\/\\\/dormalab.com\\\/fr\\\/#organization\"},\"potentialAction\":[{\"@type\":\"SearchAction\",\"target\":{\"@type\":\"EntryPoint\",\"urlTemplate\":\"https:\\\/\\\/dormalab.com\\\/fr\\\/?s={search_term_string}\"},\"query-input\":{\"@type\":\"PropertyValueSpecification\",\"valueRequired\":true,\"valueName\":\"search_term_string\"}}],\"inLanguage\":\"fr-FR\"},{\"@type\":\"Organization\",\"@id\":\"https:\\\/\\\/dormalab.com\\\/fr\\\/#organization\",\"name\":\"Dorma Clinique Du Sommeil\",\"url\":\"https:\\\/\\\/dormalab.com\\\/fr\\\/\",\"logo\":{\"@type\":\"ImageObject\",\"inLanguage\":\"fr-FR\",\"@id\":\"https:\\\/\\\/dormalab.com\\\/fr\\\/#\\\/schema\\\/logo\\\/image\\\/\",\"url\":\"https:\\\/\\\/dormalab.com\\\/wp-content\\\/uploads\\\/2019\\\/10\\\/Dorma-Logotype-RGB-Black-scaled-e1578787470924.png\",\"contentUrl\":\"https:\\\/\\\/dormalab.com\\\/wp-content\\\/uploads\\\/2019\\\/10\\\/Dorma-Logotype-RGB-Black-scaled-e1578787470924.png\",\"width\":120,\"height\":25,\"caption\":\"Dorma Clinique Du Sommeil\"},\"image\":{\"@id\":\"https:\\\/\\\/dormalab.com\\\/fr\\\/#\\\/schema\\\/logo\\\/image\\\/\"}}]}<\/script>\n<!-- \/ Yoast SEO plugin. -->","yoast_head_json":{"title":"Poste \u00e0 pourvoir : Inhaloth\u00e9rapeute de nuit - Dorma Sleep Clinics","description":"Dorma Lab est pr\u00e9sentement \u00e0 la recherche d\u2019un(e) Inhaloth\u00e9rapeute de nuit pour joindre son \u00e9quipe de sp\u00e9cialistes en troubles du sommeil.","robots":{"index":"index","follow":"follow","max-snippet":"max-snippet:-1","max-image-preview":"max-image-preview:large","max-video-preview":"max-video-preview:-1"},"canonical":"https:\/\/dormalab.com\/fr\/inhalotherapeute-de-nuit\/","og_locale":"fr_FR","og_type":"article","og_title":"Poste \u00e0 pourvoir : Inhaloth\u00e9rapeute de nuit - Dorma Sleep Clinics","og_description":"Dorma Lab est pr\u00e9sentement \u00e0 la recherche d\u2019un(e) Inhaloth\u00e9rapeute de nuit pour joindre son \u00e9quipe de sp\u00e9cialistes en troubles du sommeil.","og_url":"https:\/\/dormalab.com\/fr\/inhalotherapeute-de-nuit\/","og_site_name":"Dorma Sleep Clinics","article_modified_time":"2021-05-21T16:17:43+00:00","twitter_card":"summary_large_image","twitter_misc":{"Dur\u00e9e de lecture estim\u00e9e":"2 minute"},"schema":{"@context":"https:\/\/schema.org","@graph":[{"@type":"WebPage","@id":"https:\/\/dormalab.com\/fr\/inhalotherapeute-de-nuit\/","url":"https:\/\/dormalab.com\/fr\/inhalotherapeute-de-nuit\/","name":"Poste \u00e0 pourvoir : Inhaloth\u00e9rapeute de nuit - Dorma Sleep Clinics","isPartOf":{"@id":"https:\/\/dormalab.com\/fr\/#website"},"datePublished":"2021-04-19T15:26:42+00:00","dateModified":"2021-05-21T16:17:43+00:00","description":"Dorma Lab est pr\u00e9sentement \u00e0 la recherche d\u2019un(e) Inhaloth\u00e9rapeute de nuit pour joindre son \u00e9quipe de sp\u00e9cialistes en troubles du sommeil.","breadcrumb":{"@id":"https:\/\/dormalab.com\/fr\/inhalotherapeute-de-nuit\/#breadcrumb"},"inLanguage":"fr-FR","potentialAction":[{"@type":"ReadAction","target":["https:\/\/dormalab.com\/fr\/inhalotherapeute-de-nuit\/"]}]},{"@type":"BreadcrumbList","@id":"https:\/\/dormalab.com\/fr\/inhalotherapeute-de-nuit\/#breadcrumb","itemListElement":[{"@type":"ListItem","position":1,"name":"Home","item":"https:\/\/dormalab.com\/fr\/"},{"@type":"ListItem","position":2,"name":"Inhaloth\u00e9rapeute de nuit"}]},{"@type":"WebSite","@id":"https:\/\/dormalab.com\/fr\/#website","url":"https:\/\/dormalab.com\/fr\/","name":"Dorma Sleep Clinics","description":"Sleep Well Live Well","publisher":{"@id":"https:\/\/dormalab.com\/fr\/#organization"},"potentialAction":[{"@type":"SearchAction","target":{"@type":"EntryPoint","urlTemplate":"https:\/\/dormalab.com\/fr\/?s={search_term_string}"},"query-input":{"@type":"PropertyValueSpecification","valueRequired":true,"valueName":"search_term_string"}}],"inLanguage":"fr-FR"},{"@type":"Organization","@id":"https:\/\/dormalab.com\/fr\/#organization","name":"Dorma Clinique Du Sommeil","url":"https:\/\/dormalab.com\/fr\/","logo":{"@type":"ImageObject","inLanguage":"fr-FR","@id":"https:\/\/dormalab.com\/fr\/#\/schema\/logo\/image\/","url":"https:\/\/dormalab.com\/wp-content\/uploads\/2019\/10\/Dorma-Logotype-RGB-Black-scaled-e1578787470924.png","contentUrl":"https:\/\/dormalab.com\/wp-content\/uploads\/2019\/10\/Dorma-Logotype-RGB-Black-scaled-e1578787470924.png","width":120,"height":25,"caption":"Dorma Clinique Du Sommeil"},"image":{"@id":"https:\/\/dormalab.com\/fr\/#\/schema\/logo\/image\/"}}]}},"_links":{"self":[{"href":"https:\/\/dormalab.com\/fr\/wp-json\/wp\/v2\/pages\/17527","targetHints":{"allow":["GET"]}}],"collection":[{"href":"https:\/\/dormalab.com\/fr\/wp-json\/wp\/v2\/pages"}],"about":[{"href":"https:\/\/dormalab.com\/fr\/wp-json\/wp\/v2\/types\/page"}],"author":[{"embeddable":true,"href":"https:\/\/dormalab.com\/fr\/wp-json\/wp\/v2\/users\/20"}],"replies":[{"embeddable":true,"href":"https:\/\/dormalab.com\/fr\/wp-json\/wp\/v2\/comments?post=17527"}],"version-history":[{"count":0,"href":"https:\/\/dormalab.com\/fr\/wp-json\/wp\/v2\/pages\/17527\/revisions"}],"wp:attachment":[{"href":"https:\/\/dormalab.com\/fr\/wp-json\/wp\/v2\/media?parent=17527"}],"curies":[{"name":"wp","href":"https:\/\/api.w.org\/{rel}","templated":true}]}}