{"id":17650,"date":"2021-04-23T14:58:26","date_gmt":"2021-04-23T18:58:26","guid":{"rendered":"https:\/\/dormalab.com\/processus-de-consultation-par-telephone\/"},"modified":"2021-05-04T17:02:28","modified_gmt":"2021-05-04T21:02:28","slug":"processus-de-consultation-par-telephone","status":"publish","type":"page","link":"https:\/\/dormalab.com\/fr\/processus-de-consultation-par-telephone\/","title":{"rendered":"Processus de consultation par t\u00e9l\u00e9phone"},"content":{"rendered":"<p>[vc_row][vc_column][vc_column_text]<\/p>\n<h1>Consultation par t\u00e9l\u00e9phone<\/h1>\n<p>Les consultations t\u00e9l\u00e9phoniques se font \u00e0 distance, vous n&rsquo;avez donc pas besoin de venir \u00e0 la clinique pour cette consultation. Elle peut \u00eatre prise \u00e0 partir d&rsquo;un t\u00e9l\u00e9phone fixe ou mobile. Si vous pr\u00e9f\u00e9rez vous rendre dans l&rsquo;une de nos cliniques pour votre consultation, vous pouvez prendre rendez-vous pour une consultation en clinique.<\/p>\n<p>&nbsp;<\/p>\n<p>&nbsp;<\/p>\n<h3>Avant votre consultation t\u00e9l\u00e9phonique<\/h3>\n<p>Vous recevrez un questionnaire m\u00e9dical \u00e0 remplir avant votre rendez-vous.\u00a0Vous devrez \u00e9galement pr\u00e9parer une liste des m\u00e9dicaments que vous prenez actuellement.<\/p>\n<p>&nbsp;<\/p>\n<p>&nbsp;<\/p>\n<h3>Pendant votre consultation t\u00e9l\u00e9phonique<\/h3>\n<p>Au cours de la consultation t\u00e9l\u00e9phonique, le sp\u00e9cialiste du sommeil vous posera des questions sur vos sympt\u00f4mes, sur leur dur\u00e9e et sur leur \u00e9ventuelle aggravation ou am\u00e9lioration. Le sp\u00e9cialiste examinera votre questionnaire m\u00e9dical et \u00e9valuera votre \u00e9tat de sant\u00e9 g\u00e9n\u00e9ral. Cela permettra de d\u00e9terminer la nature et la gravit\u00e9 du probl\u00e8me m\u00e9dical.<\/p>\n<p>&nbsp;<\/p>\n<p>&nbsp;<\/p>\n<h3>Apr\u00e8s votre consultation t\u00e9l\u00e9phonique<\/h3>\n<p>Apr\u00e8s votre consultation t\u00e9l\u00e9phonique, le m\u00e9decin \u00e9tablira un diagnostic. En fonction du diagnostic, le patient peut \u00eatre orient\u00e9 vers un examen nasofibroscopique en clinique pour d\u00e9terminer toute apn\u00e9e potentielle ou tout autre trouble du sommeil. La nasofibroscopie est un examen indolore qui permet d&rsquo;explorer visuellement la cavit\u00e9 nasale, le pharynx et le larynx.<\/p>\n<p>&nbsp;<\/p>\n<p>Si un trouble du sommeil est d\u00e9tect\u00e9, le patient recevra une ordonnance pour un test de d\u00e9pistage de l&rsquo;apn\u00e9e.<\/p>\n<p>&nbsp;<\/p>\n<h3>\u00c9tude du sommeil<\/h3>\n<p>Les tests d&rsquo;apn\u00e9e obstructive du sommeil sont g\u00e9n\u00e9ralement r\u00e9alis\u00e9s \u00e0 domicile. Vous pouvez venir \u00e0 la clinique pour r\u00e9cup\u00e9rer l&rsquo;\u00e9quipement de surveillance et le rendre le jour suivant.<\/p>\n<p>&nbsp;<\/p>\n<p>Si vous devez effectuer une \u00e9valuation du sommeil en laboratoire, vous devez \u00eatre pr\u00eat \u00e0 passer la nuit dans notre clinique Dorma. Veuillez lire attentivement les informations qui vous sont transmises afin de vous pr\u00e9parer au test. Vous serez inform\u00e9 des modalit\u00e9s de votre test lorsque votre \u00e9tude sera programm\u00e9e.<\/p>\n<p>&nbsp;<\/p>\n<p>&nbsp;<\/p>\n<p><b data-stringify-type=\"bold\">Polygraphie respiratoire (\u00e9tude du sommeil de niveau 3)<\/b><\/p>\n<p>Si le sp\u00e9cialiste du sommeil soup\u00e7onne que vous souffrez d&rsquo;apn\u00e9e du sommeil, il peut vous orienter vers une polygraphie respiratoire. Il s&rsquo;agit d&rsquo;un examen effectu\u00e9 pendant la nuit au cours duquel des capteurs sont fix\u00e9s sur votre corps pour surveiller votre respiration, votre taux d&rsquo;oxyg\u00e8ne, votre fr\u00e9quence cardiaque, votre position durant votre sommeil et votre activit\u00e9 tout au long de la nuit.<\/p>\n<p>Vous viendrez chercher l\u2019\u00e9quipement, le porterez \u00e0 la maison et le rapporterez le lendemain matin. <a href=\"https:\/\/dormalab.com\/fr\/le-test-du-sommeil-a-domicile\/\">Cette vid\u00e9o explique en quoi consiste le test et comment installer l&rsquo;\u00e9quipement.<\/a><\/p>\n<p>&nbsp;<\/p>\n<p><b data-stringify-type=\"bold\">Polysomnographie (\u00e9tude du sommeil de niveau 1)<\/b><\/p>\n<p>Pour les troubles du sommeil plus complexes, une polysomnographie est parfois recommand\u00e9e. Il s&rsquo;agit d&rsquo;un test avanc\u00e9 qui consiste \u00e0 mesurer l&rsquo;activit\u00e9 c\u00e9r\u00e9brale (EEG) au moyen de petits capteurs fix\u00e9s sur le cuir chevelu. D&rsquo;autres capteurs seront plac\u00e9s sur le corps. Ces capteurs nous permettent de savoir si vous \u00eates endormi ou \u00e9veill\u00e9 et de d\u00e9terminer la profondeur et la qualit\u00e9 de votre sommeil. Pour ce test, vous passerez la nuit dans le laboratoire de sommeil Dorma. Vous pourrez reprendre vos activit\u00e9s habituelles d\u00e8s que les tests seront termin\u00e9s. La proc\u00e9dure d&rsquo;\u00e9tude du sommeil est non invasive.<\/p>\n<p>&nbsp;<\/p>\n<h3><b data-stringify-type=\"bold\">Apr\u00e8s l&rsquo;\u00e9tude du sommeil\u00a0<\/b><\/h3>\n<p>Un rendez-vous de suivi sera programm\u00e9 pour discuter de vos r\u00e9sultats et de tout traitement recommand\u00e9 et\/ou des changements de routine n\u00e9cessaires.<\/p>\n<p>Si les r\u00e9sultats des tests indiquent que vous pouvez \u00eatre candidat \u00e0 un traitement par pression positive continue (PPC), nous vous inviterons \u00e0 venir \u00e0 la clinique pour que nous puissions vous montrer comment utiliser une machine <a href=\"https:\/\/dormalab.com\/continuous-positive-airflow-pressure-cpap\/\" data-internallinksmanager029f6b8e52c=\"1\" title=\"Continuous Positive Airflow Pressure (CPAP)\">CPAP<\/a> et discuter du mod\u00e8le qui vous convient le mieux. Une fois que le traitement par CPAP vous aura \u00e9t\u00e9 prescrit, vous serez suivi par un sp\u00e9cialiste du sommeil.<\/p>\n<p>&nbsp;<\/p>\n<p>La plupart des rendez-vous de suivi CPAP peuvent se faire par t\u00e9l\u00e9phone. Toutefois, si cela n&rsquo;est pas possible ou s&rsquo;il y a un probl\u00e8me avec l&rsquo;appareil CPAP, nous pouvons vous demander de venir \u00e0 la clinique.[\/vc_column_text][\/vc_column][\/vc_row]<\/p>\n","protected":false},"excerpt":{"rendered":"<p>[vc_row][vc_column][vc_column_text] Consultation par t\u00e9l\u00e9phone Les consultations t\u00e9l\u00e9phoniques se font \u00e0 distance, vous n&rsquo;avez donc pas besoin de venir \u00e0 la clinique pour cette consultation. Elle peut \u00eatre prise \u00e0 partir d&rsquo;un t\u00e9l\u00e9phone fixe ou mobile. Si vous pr\u00e9f\u00e9rez vous rendre dans l&rsquo;une de nos cliniques pour votre consultation, vous pouvez prendre rendez-vous pour une consultation &#8230; <a title=\"Processus de consultation par t\u00e9l\u00e9phone\" class=\"read-more\" href=\"https:\/\/dormalab.com\/fr\/processus-de-consultation-par-telephone\/\" aria-label=\"En savoir plus sur Processus de consultation par t\u00e9l\u00e9phone\">Lire la suite<\/a><\/p>\n","protected":false},"author":20,"featured_media":0,"parent":0,"menu_order":0,"comment_status":"closed","ping_status":"closed","template":"","meta":{"footnotes":""},"class_list":["post-17650","page","type-page","status-publish"],"yoast_head":"<!-- This site is optimized with the Yoast SEO plugin v27.3 - https:\/\/yoast.com\/product\/yoast-seo-wordpress\/ -->\n<title>Processus de consultation par t\u00e9l\u00e9phone - Dorma Sleep Clinics<\/title>\n<meta name=\"description\" content=\"Les nouveaux patients se verront proposer une consultation \u00e0 la clinique du sommeil ou une consultation \u00e0 distance.\" \/>\n<meta name=\"robots\" content=\"index, follow, max-snippet:-1, max-image-preview:large, max-video-preview:-1\" \/>\n<link rel=\"canonical\" href=\"https:\/\/dormalab.com\/fr\/processus-de-consultation-par-telephone\/\" \/>\n<meta property=\"og:locale\" content=\"fr_FR\" \/>\n<meta property=\"og:type\" content=\"article\" \/>\n<meta property=\"og:title\" content=\"Processus de consultation par t\u00e9l\u00e9phone - Dorma Sleep Clinics\" \/>\n<meta property=\"og:description\" content=\"Les nouveaux patients se verront proposer une consultation \u00e0 la clinique du sommeil ou une consultation \u00e0 distance.\" \/>\n<meta property=\"og:url\" content=\"https:\/\/dormalab.com\/fr\/processus-de-consultation-par-telephone\/\" \/>\n<meta property=\"og:site_name\" content=\"Dorma Sleep Clinics\" \/>\n<meta property=\"article:modified_time\" content=\"2021-05-04T21:02:28+00:00\" \/>\n<meta name=\"twitter:card\" content=\"summary_large_image\" \/>\n<meta name=\"twitter:label1\" content=\"Dur\u00e9e de lecture estim\u00e9e\" \/>\n\t<meta name=\"twitter:data1\" content=\"4 minute\" \/>\n<script type=\"application\/ld+json\" class=\"yoast-schema-graph\">{\"@context\":\"https:\\\/\\\/schema.org\",\"@graph\":[{\"@type\":\"WebPage\",\"@id\":\"https:\\\/\\\/dormalab.com\\\/fr\\\/processus-de-consultation-par-telephone\\\/\",\"url\":\"https:\\\/\\\/dormalab.com\\\/fr\\\/processus-de-consultation-par-telephone\\\/\",\"name\":\"Processus de consultation par t\u00e9l\u00e9phone - Dorma Sleep Clinics\",\"isPartOf\":{\"@id\":\"https:\\\/\\\/dormalab.com\\\/fr\\\/#website\"},\"datePublished\":\"2021-04-23T18:58:26+00:00\",\"dateModified\":\"2021-05-04T21:02:28+00:00\",\"description\":\"Les nouveaux patients se verront proposer une consultation \u00e0 la clinique du sommeil ou une consultation \u00e0 distance.\",\"breadcrumb\":{\"@id\":\"https:\\\/\\\/dormalab.com\\\/fr\\\/processus-de-consultation-par-telephone\\\/#breadcrumb\"},\"inLanguage\":\"fr-FR\",\"potentialAction\":[{\"@type\":\"ReadAction\",\"target\":[\"https:\\\/\\\/dormalab.com\\\/fr\\\/processus-de-consultation-par-telephone\\\/\"]}]},{\"@type\":\"BreadcrumbList\",\"@id\":\"https:\\\/\\\/dormalab.com\\\/fr\\\/processus-de-consultation-par-telephone\\\/#breadcrumb\",\"itemListElement\":[{\"@type\":\"ListItem\",\"position\":1,\"name\":\"Home\",\"item\":\"https:\\\/\\\/dormalab.com\\\/fr\\\/\"},{\"@type\":\"ListItem\",\"position\":2,\"name\":\"Processus de consultation par t\u00e9l\u00e9phone\"}]},{\"@type\":\"WebSite\",\"@id\":\"https:\\\/\\\/dormalab.com\\\/fr\\\/#website\",\"url\":\"https:\\\/\\\/dormalab.com\\\/fr\\\/\",\"name\":\"Dorma Sleep Clinics\",\"description\":\"Sleep Well Live Well\",\"publisher\":{\"@id\":\"https:\\\/\\\/dormalab.com\\\/fr\\\/#organization\"},\"potentialAction\":[{\"@type\":\"SearchAction\",\"target\":{\"@type\":\"EntryPoint\",\"urlTemplate\":\"https:\\\/\\\/dormalab.com\\\/fr\\\/?s={search_term_string}\"},\"query-input\":{\"@type\":\"PropertyValueSpecification\",\"valueRequired\":true,\"valueName\":\"search_term_string\"}}],\"inLanguage\":\"fr-FR\"},{\"@type\":\"Organization\",\"@id\":\"https:\\\/\\\/dormalab.com\\\/fr\\\/#organization\",\"name\":\"Dorma Clinique Du Sommeil\",\"url\":\"https:\\\/\\\/dormalab.com\\\/fr\\\/\",\"logo\":{\"@type\":\"ImageObject\",\"inLanguage\":\"fr-FR\",\"@id\":\"https:\\\/\\\/dormalab.com\\\/fr\\\/#\\\/schema\\\/logo\\\/image\\\/\",\"url\":\"https:\\\/\\\/dormalab.com\\\/wp-content\\\/uploads\\\/2019\\\/10\\\/Dorma-Logotype-RGB-Black-scaled-e1578787470924.png\",\"contentUrl\":\"https:\\\/\\\/dormalab.com\\\/wp-content\\\/uploads\\\/2019\\\/10\\\/Dorma-Logotype-RGB-Black-scaled-e1578787470924.png\",\"width\":120,\"height\":25,\"caption\":\"Dorma Clinique Du Sommeil\"},\"image\":{\"@id\":\"https:\\\/\\\/dormalab.com\\\/fr\\\/#\\\/schema\\\/logo\\\/image\\\/\"}}]}<\/script>\n<!-- \/ Yoast SEO plugin. -->","yoast_head_json":{"title":"Processus de consultation par t\u00e9l\u00e9phone - Dorma Sleep Clinics","description":"Les nouveaux patients se verront proposer une consultation \u00e0 la clinique du sommeil ou une consultation \u00e0 distance.","robots":{"index":"index","follow":"follow","max-snippet":"max-snippet:-1","max-image-preview":"max-image-preview:large","max-video-preview":"max-video-preview:-1"},"canonical":"https:\/\/dormalab.com\/fr\/processus-de-consultation-par-telephone\/","og_locale":"fr_FR","og_type":"article","og_title":"Processus de consultation par t\u00e9l\u00e9phone - Dorma Sleep Clinics","og_description":"Les nouveaux patients se verront proposer une consultation \u00e0 la clinique du sommeil ou une consultation \u00e0 distance.","og_url":"https:\/\/dormalab.com\/fr\/processus-de-consultation-par-telephone\/","og_site_name":"Dorma Sleep Clinics","article_modified_time":"2021-05-04T21:02:28+00:00","twitter_card":"summary_large_image","twitter_misc":{"Dur\u00e9e de lecture estim\u00e9e":"4 minute"},"schema":{"@context":"https:\/\/schema.org","@graph":[{"@type":"WebPage","@id":"https:\/\/dormalab.com\/fr\/processus-de-consultation-par-telephone\/","url":"https:\/\/dormalab.com\/fr\/processus-de-consultation-par-telephone\/","name":"Processus de consultation par t\u00e9l\u00e9phone - Dorma Sleep Clinics","isPartOf":{"@id":"https:\/\/dormalab.com\/fr\/#website"},"datePublished":"2021-04-23T18:58:26+00:00","dateModified":"2021-05-04T21:02:28+00:00","description":"Les nouveaux patients se verront proposer une consultation \u00e0 la clinique du sommeil ou une consultation \u00e0 distance.","breadcrumb":{"@id":"https:\/\/dormalab.com\/fr\/processus-de-consultation-par-telephone\/#breadcrumb"},"inLanguage":"fr-FR","potentialAction":[{"@type":"ReadAction","target":["https:\/\/dormalab.com\/fr\/processus-de-consultation-par-telephone\/"]}]},{"@type":"BreadcrumbList","@id":"https:\/\/dormalab.com\/fr\/processus-de-consultation-par-telephone\/#breadcrumb","itemListElement":[{"@type":"ListItem","position":1,"name":"Home","item":"https:\/\/dormalab.com\/fr\/"},{"@type":"ListItem","position":2,"name":"Processus de consultation par t\u00e9l\u00e9phone"}]},{"@type":"WebSite","@id":"https:\/\/dormalab.com\/fr\/#website","url":"https:\/\/dormalab.com\/fr\/","name":"Dorma Sleep Clinics","description":"Sleep Well Live Well","publisher":{"@id":"https:\/\/dormalab.com\/fr\/#organization"},"potentialAction":[{"@type":"SearchAction","target":{"@type":"EntryPoint","urlTemplate":"https:\/\/dormalab.com\/fr\/?s={search_term_string}"},"query-input":{"@type":"PropertyValueSpecification","valueRequired":true,"valueName":"search_term_string"}}],"inLanguage":"fr-FR"},{"@type":"Organization","@id":"https:\/\/dormalab.com\/fr\/#organization","name":"Dorma Clinique Du Sommeil","url":"https:\/\/dormalab.com\/fr\/","logo":{"@type":"ImageObject","inLanguage":"fr-FR","@id":"https:\/\/dormalab.com\/fr\/#\/schema\/logo\/image\/","url":"https:\/\/dormalab.com\/wp-content\/uploads\/2019\/10\/Dorma-Logotype-RGB-Black-scaled-e1578787470924.png","contentUrl":"https:\/\/dormalab.com\/wp-content\/uploads\/2019\/10\/Dorma-Logotype-RGB-Black-scaled-e1578787470924.png","width":120,"height":25,"caption":"Dorma Clinique Du Sommeil"},"image":{"@id":"https:\/\/dormalab.com\/fr\/#\/schema\/logo\/image\/"}}]}},"_links":{"self":[{"href":"https:\/\/dormalab.com\/fr\/wp-json\/wp\/v2\/pages\/17650","targetHints":{"allow":["GET"]}}],"collection":[{"href":"https:\/\/dormalab.com\/fr\/wp-json\/wp\/v2\/pages"}],"about":[{"href":"https:\/\/dormalab.com\/fr\/wp-json\/wp\/v2\/types\/page"}],"author":[{"embeddable":true,"href":"https:\/\/dormalab.com\/fr\/wp-json\/wp\/v2\/users\/20"}],"replies":[{"embeddable":true,"href":"https:\/\/dormalab.com\/fr\/wp-json\/wp\/v2\/comments?post=17650"}],"version-history":[{"count":0,"href":"https:\/\/dormalab.com\/fr\/wp-json\/wp\/v2\/pages\/17650\/revisions"}],"wp:attachment":[{"href":"https:\/\/dormalab.com\/fr\/wp-json\/wp\/v2\/media?parent=17650"}],"curies":[{"name":"wp","href":"https:\/\/api.w.org\/{rel}","templated":true}]}}