{"id":33942,"date":"2021-05-04T10:21:05","date_gmt":"2021-05-04T14:21:05","guid":{"rendered":"https:\/\/dormalab.com\/planifier-une-consultation\/"},"modified":"2021-05-04T10:24:00","modified_gmt":"2021-05-04T14:24:00","slug":"planifier-une-consultation","status":"publish","type":"page","link":"https:\/\/dormalab.com\/fr\/planifier-une-consultation\/","title":{"rendered":"Planifier une consultation"},"content":{"rendered":"<p>[vc_row][vc_column][vc_column_text]Veuillez remplir le formulaire ci-dessous et nous vous fixerons un rendez-vous avec l&rsquo;un de nos sp\u00e9cialistes. Nous nous effor\u00e7ons de fixer un rendez-vous dans les 24 heures suivant la r\u00e9ception du formulaire et nous travaillons avec les horaires de nos m\u00e9decins pour nous assurer que vous \u00eates vu le plus rapidement possible.[\/vc_column_text][vc_raw_html]PGRpdiBzdHlsZT0ibWFyZ2luLXRvcDoxNzVweCI+PHNjcmlwdCB0eXBlPSJ0ZXh0L2phdmFzY3JpcHQiIGlkPSJqc0Zhc3RGb3JtcyIgc3JjPSJodHRwczovL3NmYXBpLmZvcm1zdGFjay5pby9Gb3JtRW5naW5lL1NjcmlwdHMvTWFpbi5qcz9kPXpQN2k1NWZpcHZOb3p0TFpNcDNXaE90MVFyV2FRdXNiVVNKaUJNekRGTWZ3RlNMVTBNWFQ1aXhrbS1TWFpWQlYiPjwvc2NyaXB0PjwvZGl2Pg==[\/vc_raw_html][\/vc_column][\/vc_row]<\/p>\n","protected":false},"excerpt":{"rendered":"<p>[vc_row][vc_column][vc_column_text]Veuillez remplir le formulaire ci-dessous et nous vous fixerons un rendez-vous avec l&rsquo;un de nos sp\u00e9cialistes. Nous nous effor\u00e7ons de fixer un rendez-vous dans les 24 heures suivant la r\u00e9ception du formulaire et nous travaillons avec les horaires de nos m\u00e9decins pour nous assurer que vous \u00eates vu le plus rapidement possible.[\/vc_column_text][vc_raw_html]PGRpdiBzdHlsZT0ibWFyZ2luLXRvcDoxNzVweCI+PHNjcmlwdCB0eXBlPSJ0ZXh0L2phdmFzY3JpcHQiIGlkPSJqc0Zhc3RGb3JtcyIgc3JjPSJodHRwczovL3NmYXBpLmZvcm1zdGFjay5pby9Gb3JtRW5naW5lL1NjcmlwdHMvTWFpbi5qcz9kPXpQN2k1NWZpcHZOb3p0TFpNcDNXaE90MVFyV2FRdXNiVVNKaUJNekRGTWZ3RlNMVTBNWFQ1aXhrbS1TWFpWQlYiPjwvc2NyaXB0PjwvZGl2Pg==[\/vc_raw_html][\/vc_column][\/vc_row]<\/p>\n","protected":false},"author":20,"featured_media":0,"parent":0,"menu_order":0,"comment_status":"closed","ping_status":"closed","template":"","meta":{"footnotes":""},"class_list":["post-33942","page","type-page","status-publish"],"yoast_head":"<!-- This site is optimized with the Yoast SEO plugin v27.4 - https:\/\/yoast.com\/product\/yoast-seo-wordpress\/ -->\n<title>Planifier une consultation - Rencontrez un sp\u00e9cialiste du sommeil<\/title>\n<meta name=\"description\" content=\"R\u00e9servez une consultation pour rencontrer un sp\u00e9cialiste du sommeil et traiter votre trouble du sommeil \u00e0 Dorma Clinique du Sommeil.\" \/>\n<meta name=\"robots\" content=\"index, follow, max-snippet:-1, max-image-preview:large, max-video-preview:-1\" \/>\n<link rel=\"canonical\" href=\"https:\/\/dormalab.com\/fr\/planifier-une-consultation\/\" \/>\n<meta property=\"og:locale\" content=\"fr_FR\" \/>\n<meta property=\"og:type\" content=\"article\" \/>\n<meta property=\"og:title\" content=\"Planifier une consultation - Rencontrez un sp\u00e9cialiste du sommeil\" \/>\n<meta property=\"og:description\" content=\"R\u00e9servez une consultation pour rencontrer un sp\u00e9cialiste du sommeil et traiter votre trouble du sommeil \u00e0 Dorma Clinique du Sommeil.\" \/>\n<meta property=\"og:url\" content=\"https:\/\/dormalab.com\/fr\/planifier-une-consultation\/\" \/>\n<meta property=\"og:site_name\" content=\"Dorma Sleep Clinics\" \/>\n<meta property=\"article:modified_time\" content=\"2021-05-04T14:24:00+00:00\" \/>\n<meta name=\"twitter:card\" content=\"summary_large_image\" \/>\n<meta name=\"twitter:label1\" content=\"Dur\u00e9e de lecture estim\u00e9e\" \/>\n\t<meta name=\"twitter:data1\" content=\"1 minute\" \/>\n<script type=\"application\/ld+json\" class=\"yoast-schema-graph\">{\"@context\":\"https:\\\/\\\/schema.org\",\"@graph\":[{\"@type\":\"WebPage\",\"@id\":\"https:\\\/\\\/dormalab.com\\\/fr\\\/planifier-une-consultation\\\/\",\"url\":\"https:\\\/\\\/dormalab.com\\\/fr\\\/planifier-une-consultation\\\/\",\"name\":\"Planifier une consultation - Rencontrez un sp\u00e9cialiste du sommeil\",\"isPartOf\":{\"@id\":\"https:\\\/\\\/dormalab.com\\\/fr\\\/#website\"},\"datePublished\":\"2021-05-04T14:21:05+00:00\",\"dateModified\":\"2021-05-04T14:24:00+00:00\",\"description\":\"R\u00e9servez une consultation pour rencontrer un sp\u00e9cialiste du sommeil et traiter votre trouble du sommeil \u00e0 Dorma Clinique du Sommeil.\",\"breadcrumb\":{\"@id\":\"https:\\\/\\\/dormalab.com\\\/fr\\\/planifier-une-consultation\\\/#breadcrumb\"},\"inLanguage\":\"fr-FR\",\"potentialAction\":[{\"@type\":\"ReadAction\",\"target\":[\"https:\\\/\\\/dormalab.com\\\/fr\\\/planifier-une-consultation\\\/\"]}]},{\"@type\":\"BreadcrumbList\",\"@id\":\"https:\\\/\\\/dormalab.com\\\/fr\\\/planifier-une-consultation\\\/#breadcrumb\",\"itemListElement\":[{\"@type\":\"ListItem\",\"position\":1,\"name\":\"Home\",\"item\":\"https:\\\/\\\/dormalab.com\\\/fr\\\/\"},{\"@type\":\"ListItem\",\"position\":2,\"name\":\"Planifier une consultation\"}]},{\"@type\":\"WebSite\",\"@id\":\"https:\\\/\\\/dormalab.com\\\/fr\\\/#website\",\"url\":\"https:\\\/\\\/dormalab.com\\\/fr\\\/\",\"name\":\"Dorma Sleep Clinics\",\"description\":\"Sleep Well Live Well\",\"publisher\":{\"@id\":\"https:\\\/\\\/dormalab.com\\\/fr\\\/#organization\"},\"potentialAction\":[{\"@type\":\"SearchAction\",\"target\":{\"@type\":\"EntryPoint\",\"urlTemplate\":\"https:\\\/\\\/dormalab.com\\\/fr\\\/?s={search_term_string}\"},\"query-input\":{\"@type\":\"PropertyValueSpecification\",\"valueRequired\":true,\"valueName\":\"search_term_string\"}}],\"inLanguage\":\"fr-FR\"},{\"@type\":\"Organization\",\"@id\":\"https:\\\/\\\/dormalab.com\\\/fr\\\/#organization\",\"name\":\"Dorma Clinique Du Sommeil\",\"url\":\"https:\\\/\\\/dormalab.com\\\/fr\\\/\",\"logo\":{\"@type\":\"ImageObject\",\"inLanguage\":\"fr-FR\",\"@id\":\"https:\\\/\\\/dormalab.com\\\/fr\\\/#\\\/schema\\\/logo\\\/image\\\/\",\"url\":\"https:\\\/\\\/dormalab.com\\\/wp-content\\\/uploads\\\/2019\\\/10\\\/Dorma-Logotype-RGB-Black-scaled-e1578787470924.png\",\"contentUrl\":\"https:\\\/\\\/dormalab.com\\\/wp-content\\\/uploads\\\/2019\\\/10\\\/Dorma-Logotype-RGB-Black-scaled-e1578787470924.png\",\"width\":120,\"height\":25,\"caption\":\"Dorma Clinique Du Sommeil\"},\"image\":{\"@id\":\"https:\\\/\\\/dormalab.com\\\/fr\\\/#\\\/schema\\\/logo\\\/image\\\/\"}}]}<\/script>\n<!-- \/ Yoast SEO plugin. -->","yoast_head_json":{"title":"Planifier une consultation - Rencontrez un sp\u00e9cialiste du sommeil","description":"R\u00e9servez une consultation pour rencontrer un sp\u00e9cialiste du sommeil et traiter votre trouble du sommeil \u00e0 Dorma Clinique du Sommeil.","robots":{"index":"index","follow":"follow","max-snippet":"max-snippet:-1","max-image-preview":"max-image-preview:large","max-video-preview":"max-video-preview:-1"},"canonical":"https:\/\/dormalab.com\/fr\/planifier-une-consultation\/","og_locale":"fr_FR","og_type":"article","og_title":"Planifier une consultation - Rencontrez un sp\u00e9cialiste du sommeil","og_description":"R\u00e9servez une consultation pour rencontrer un sp\u00e9cialiste du sommeil et traiter votre trouble du sommeil \u00e0 Dorma Clinique du Sommeil.","og_url":"https:\/\/dormalab.com\/fr\/planifier-une-consultation\/","og_site_name":"Dorma Sleep Clinics","article_modified_time":"2021-05-04T14:24:00+00:00","twitter_card":"summary_large_image","twitter_misc":{"Dur\u00e9e de lecture estim\u00e9e":"1 minute"},"schema":{"@context":"https:\/\/schema.org","@graph":[{"@type":"WebPage","@id":"https:\/\/dormalab.com\/fr\/planifier-une-consultation\/","url":"https:\/\/dormalab.com\/fr\/planifier-une-consultation\/","name":"Planifier une consultation - Rencontrez un sp\u00e9cialiste du sommeil","isPartOf":{"@id":"https:\/\/dormalab.com\/fr\/#website"},"datePublished":"2021-05-04T14:21:05+00:00","dateModified":"2021-05-04T14:24:00+00:00","description":"R\u00e9servez une consultation pour rencontrer un sp\u00e9cialiste du sommeil et traiter votre trouble du sommeil \u00e0 Dorma Clinique du Sommeil.","breadcrumb":{"@id":"https:\/\/dormalab.com\/fr\/planifier-une-consultation\/#breadcrumb"},"inLanguage":"fr-FR","potentialAction":[{"@type":"ReadAction","target":["https:\/\/dormalab.com\/fr\/planifier-une-consultation\/"]}]},{"@type":"BreadcrumbList","@id":"https:\/\/dormalab.com\/fr\/planifier-une-consultation\/#breadcrumb","itemListElement":[{"@type":"ListItem","position":1,"name":"Home","item":"https:\/\/dormalab.com\/fr\/"},{"@type":"ListItem","position":2,"name":"Planifier une consultation"}]},{"@type":"WebSite","@id":"https:\/\/dormalab.com\/fr\/#website","url":"https:\/\/dormalab.com\/fr\/","name":"Dorma Sleep Clinics","description":"Sleep Well Live Well","publisher":{"@id":"https:\/\/dormalab.com\/fr\/#organization"},"potentialAction":[{"@type":"SearchAction","target":{"@type":"EntryPoint","urlTemplate":"https:\/\/dormalab.com\/fr\/?s={search_term_string}"},"query-input":{"@type":"PropertyValueSpecification","valueRequired":true,"valueName":"search_term_string"}}],"inLanguage":"fr-FR"},{"@type":"Organization","@id":"https:\/\/dormalab.com\/fr\/#organization","name":"Dorma Clinique Du Sommeil","url":"https:\/\/dormalab.com\/fr\/","logo":{"@type":"ImageObject","inLanguage":"fr-FR","@id":"https:\/\/dormalab.com\/fr\/#\/schema\/logo\/image\/","url":"https:\/\/dormalab.com\/wp-content\/uploads\/2019\/10\/Dorma-Logotype-RGB-Black-scaled-e1578787470924.png","contentUrl":"https:\/\/dormalab.com\/wp-content\/uploads\/2019\/10\/Dorma-Logotype-RGB-Black-scaled-e1578787470924.png","width":120,"height":25,"caption":"Dorma Clinique Du Sommeil"},"image":{"@id":"https:\/\/dormalab.com\/fr\/#\/schema\/logo\/image\/"}}]}},"_links":{"self":[{"href":"https:\/\/dormalab.com\/fr\/wp-json\/wp\/v2\/pages\/33942","targetHints":{"allow":["GET"]}}],"collection":[{"href":"https:\/\/dormalab.com\/fr\/wp-json\/wp\/v2\/pages"}],"about":[{"href":"https:\/\/dormalab.com\/fr\/wp-json\/wp\/v2\/types\/page"}],"author":[{"embeddable":true,"href":"https:\/\/dormalab.com\/fr\/wp-json\/wp\/v2\/users\/20"}],"replies":[{"embeddable":true,"href":"https:\/\/dormalab.com\/fr\/wp-json\/wp\/v2\/comments?post=33942"}],"version-history":[{"count":0,"href":"https:\/\/dormalab.com\/fr\/wp-json\/wp\/v2\/pages\/33942\/revisions"}],"wp:attachment":[{"href":"https:\/\/dormalab.com\/fr\/wp-json\/wp\/v2\/media?parent=33942"}],"curies":[{"name":"wp","href":"https:\/\/api.w.org\/{rel}","templated":true}]}}