{"id":34010,"date":"2021-05-05T11:15:22","date_gmt":"2021-05-05T15:15:22","guid":{"rendered":"https:\/\/dormalab.com\/haleo-clinique\/"},"modified":"2025-01-23T10:45:03","modified_gmt":"2025-01-23T15:45:03","slug":"haleo-clinique","status":"publish","type":"page","link":"https:\/\/dormalab.com\/fr\/haleo-clinique\/","title":{"rendered":"Clinique Haleo"},"content":{"rendered":"\t\t<div data-elementor-type=\"wp-page\" data-elementor-id=\"34010\" class=\"elementor elementor-34010 elementor-34002\" data-elementor-post-type=\"page\">\n\t\t\t\t<div class=\"elementor-element elementor-element-eba30f5 e-flex e-con-boxed e-con e-parent\" data-id=\"eba30f5\" data-element_type=\"container\" data-e-type=\"container\">\n\t\t\t\t\t<div class=\"e-con-inner\">\n\t\t\t\t<div class=\"elementor-element elementor-element-6156eeb8 elementor-widget elementor-widget-text-editor\" data-id=\"6156eeb8\" data-element_type=\"widget\" data-e-type=\"widget\" data-widget_type=\"text-editor.default\">\n\t\t\t\t<div class=\"elementor-widget-container\">\n\t\t\t\t\t\t\t\t\t<\/p>\n<div class=\"container\">\n<h4>Dorma Lab s&rsquo;associe \u00e0 la clinique HALEO pour apporter un soutien suppl\u00e9mentaire aux patients souffrant d&rsquo;insomnie.<\/h4>\n<p>Dorma Lab propose une vaste gamme de solutions pour les patients souffrant de troubles du sommeil et de privation de sommeil. Nos sp\u00e9cialistes du sommeil peuvent vous guider \u00e0 travers le diagnostic, la gestion et le traitement de l&rsquo;insomnie en utilisant une m\u00e9thode multidisciplinaire. Notre approche est centr\u00e9e sur le patient et nous fournissons des solutions personnalis\u00e9es pour vous aider \u00e0 identifier les facteurs contribuant \u00e0 la privation de sommeil, ainsi que pour vous guider efficacement dans sa gestion.  <\/p>\n<p>L&rsquo;insomnie peut \u00eatre \u00e9valu\u00e9e par le biais d&rsquo;\u00e9tudes du sommeil r\u00e9alis\u00e9es \u00e0 domicile ou en clinique. Selon le diagnostic, Dorma Lab pourrait recommander l&rsquo;utilisation de la Clinique HALEO dans le cadre de votre traitement contre l&rsquo;insomnie. Elle offre des soins professionnels pour traiter votre insomnie avec des conseils personnalis\u00e9s en fonction de vos habitudes de sommeil.  <\/p>\n<p>Consultez un sp\u00e9cialiste du sommeil Dorma pour compl\u00e9ter votre diagnostic de sommeil.<\/p>\n<p><a class=\"button\" href=\"https:\/\/calendly.com\/haleo-agent\/en?utm_source=dorma&amp;utm_campaign=Screener\">Prenez rendez-vous avec HALEO<\/a><br \/><a class=\"button\" href=\"https:\/\/dormalab.com\/wp-content\/uploads\/2021\/04\/HALEO-Dorma-En.pdf\">T\u00e9l\u00e9chargez la brochure<\/a><\/p>\n<\/div>\n<div class=\"section\">\n<h2>D\u00c9COUVREZ LA CLINIQUE HALEO<\/h2>\n<p>Elle propose des solutions de soins virtuels professionnels pour aider \u00e0 <strong>pr\u00e9venir et traiter l&rsquo;insomnie<\/strong>. 80% des clients qui compl\u00e8tent le programme HALEO pour l&rsquo;insomnie chronique constatent une am\u00e9lioration cliniquement significative de leurs sympt\u00f4mes. <\/p>\n<h3>Un sommeil de mauvaise qualit\u00e9 et la privation de sommeil peuvent affecter votre qualit\u00e9 de vie de nombreuses fa\u00e7ons :<\/h3>\n<ul>\n<li>Concentration r\u00e9duite, m\u00e9moire alt\u00e9r\u00e9e, attention diminu\u00e9e<\/li>\n<li>Vous vous sentez irritable, impatient et \u00e9puis\u00e9.<\/li>\n<li>Augmente vos risques en mati\u00e8re de s\u00e9curit\u00e9.<\/li>\n<li>Accro\u00eet les risques de maladies chroniques graves telles que les maladies cardiaques et la maladie d&rsquo;Alzheimer.<\/li>\n<\/ul>\n<p><img decoding=\"async\" src=\"image-url-1\" alt=\"Solutions de soins virtuels professionnels pour aider \u00e0 pr\u00e9venir et traiter l'insomnie\"><\/p>\n<\/div>\n<div class=\"section\">\n<h2>CLINIQUE HALEO : SOLUTIONS DE SOINS PERSONNALIS\u00c9S POUR L&rsquo;INSOMNIE<\/h2>\n<p>La Clinique HALEO est une plateforme offrant des \u00e9valuations de sant\u00e9 du sommeil, utilisant \u00e0 la fois des questionnaires cliniquement valid\u00e9s ainsi que des soins accessibles et personnalis\u00e9s dispens\u00e9s par des professionnels de sant\u00e9 via une application mobile.<\/p>\n<p>Elle propose deux programmes pour aider les Canadiens aux prises avec un sommeil de mauvaise qualit\u00e9 et la privation de sommeil :<\/p>\n<p><strong>Le Programme d&rsquo;Optimisation du Sommeil<\/strong> et <strong>la Th\u00e9rapie Cognitivo-Comportementale pour l&rsquo;Insomnie (TCC-I)<\/strong>. La th\u00e9rapie cognitivo-comportementale pour l&rsquo;insomnie (TCC-I) est un traitement de premi\u00e8re ligne de l&rsquo;insomnie chronique. La TCC-I est cliniquement prouv\u00e9e comme \u00e9tant plus efficace et plus durable que tout autre traitement de l&rsquo;insomnie.  <br \/><a class=\"button\" href=\"https:\/\/calendly.com\/haleo-agent\/en?utm_source=dorma&amp;utm_campaign=Screener\">Prendre rendez-vous avec HALEO<\/a><\/p>\n<\/div>\n<div class=\"section\">\n<h2>CLINIQUE HALEO : COMMENCEZ D\u00c8S MAINTENANT<\/h2>\n<p>Sans complication. R\u00e9servez simplement un rendez-vous en ligne ou en personne aujourd&rsquo;hui. <\/p>\n<p>Vous n&rsquo;\u00eates qu&rsquo;\u00e0 5 minutes d&rsquo;un meilleur sommeil.<\/p>\n<p><strong>\u00c9tape 1 :<\/strong> R\u00e9server une consultation<\/p>\n<p><strong>\u00c9tape 2 :<\/strong> Rencontrer le sp\u00e9cialiste du sommeil et \u00e9valuer votre insomnie<\/p>\n<p><strong>\u00c9tape 3 :<\/strong> T\u00e9l\u00e9charger l&rsquo;application de la Clinique HALEO dans le cadre de votre traitement de l&rsquo;insomnie<\/p>\n<p><a class=\"button\" href=\"https:\/\/calendly.com\/haleo-agent\/en?utm_source=dorma&amp;utm_campaign=Screener\">Prendre rendez-vous avec HALEO<\/a><br \/><img decoding=\"async\" src=\"image-url-2\" alt=\"Services de la Clinique HALEO\"><\/p>\n<\/div>\n\t\t\t\t\t\t\t\t<\/div>\n\t\t\t\t<\/div>\n\t\t\t\t\t<\/div>\n\t\t\t\t<\/div>\n\t\t\t\t<\/div>\n\t\t","protected":false},"excerpt":{"rendered":"<p>Dorma Lab s&rsquo;associe \u00e0 la clinique HALEO pour apporter un soutien suppl\u00e9mentaire aux patients souffrant d&rsquo;insomnie. Dorma Lab propose une vaste gamme de solutions pour les patients souffrant de troubles du sommeil et de privation de sommeil. Nos sp\u00e9cialistes du sommeil peuvent vous guider \u00e0 travers le diagnostic, la gestion et le traitement de l&rsquo;insomnie &#8230; <a title=\"Clinique Haleo\" class=\"read-more\" href=\"https:\/\/dormalab.com\/fr\/haleo-clinique\/\" aria-label=\"En savoir plus sur Clinique Haleo\">Lire la suite<\/a><\/p>\n","protected":false},"author":20,"featured_media":0,"parent":0,"menu_order":0,"comment_status":"closed","ping_status":"closed","template":"","meta":{"footnotes":""},"class_list":["post-34010","page","type-page","status-publish"],"yoast_head":"<!-- This site is optimized with the Yoast SEO plugin v27.4 - https:\/\/yoast.com\/product\/yoast-seo-wordpress\/ -->\n<title>Clinique Haleo : Solutions cliniquement prouv\u00e9es pour l&#039;insomnie - Clinique du sommeil Dorma<\/title>\n<meta name=\"description\" content=\"Dorma Lab s&#039;associe \u00e0 la Clinique Haleo pour offrir des solutions de soins professionnels visant \u00e0 pr\u00e9venir et traiter les troubles du sommeil, la privation de sommeil et l&#039;insomnie.\" \/>\n<meta name=\"robots\" content=\"index, follow, max-snippet:-1, max-image-preview:large, max-video-preview:-1\" \/>\n<link rel=\"canonical\" href=\"https:\/\/dormalab.com\/fr\/haleo-clinique\/\" \/>\n<meta property=\"og:locale\" content=\"fr_FR\" \/>\n<meta property=\"og:type\" content=\"article\" \/>\n<meta property=\"og:title\" content=\"Clinique Haleo : Solutions cliniquement prouv\u00e9es pour l&#039;insomnie - Clinique du sommeil Dorma\" \/>\n<meta property=\"og:description\" content=\"Dorma Lab s&#039;associe \u00e0 la Clinique Haleo pour offrir des solutions de soins professionnels visant \u00e0 pr\u00e9venir et traiter les troubles du sommeil, la privation de sommeil et l&#039;insomnie.\" \/>\n<meta property=\"og:url\" content=\"https:\/\/dormalab.com\/fr\/haleo-clinique\/\" \/>\n<meta property=\"og:site_name\" content=\"Dorma Sleep Clinics\" \/>\n<meta property=\"article:modified_time\" content=\"2025-01-23T15:45:03+00:00\" \/>\n<meta name=\"twitter:card\" content=\"summary_large_image\" \/>\n<meta name=\"twitter:label1\" content=\"Dur\u00e9e de lecture estim\u00e9e\" \/>\n\t<meta name=\"twitter:data1\" content=\"3 minute\" \/>\n<script type=\"application\/ld+json\" class=\"yoast-schema-graph\">{\"@context\":\"https:\\\/\\\/schema.org\",\"@graph\":[{\"@type\":\"WebPage\",\"@id\":\"https:\\\/\\\/dormalab.com\\\/fr\\\/haleo-clinique\\\/\",\"url\":\"https:\\\/\\\/dormalab.com\\\/fr\\\/haleo-clinique\\\/\",\"name\":\"Clinique Haleo : Solutions cliniquement prouv\u00e9es pour l'insomnie - Clinique du sommeil Dorma\",\"isPartOf\":{\"@id\":\"https:\\\/\\\/dormalab.com\\\/fr\\\/#website\"},\"datePublished\":\"2021-05-05T15:15:22+00:00\",\"dateModified\":\"2025-01-23T15:45:03+00:00\",\"description\":\"Dorma Lab s'associe \u00e0 la Clinique Haleo pour offrir des solutions de soins professionnels visant \u00e0 pr\u00e9venir et traiter les troubles du sommeil, la privation de sommeil et l'insomnie.\",\"breadcrumb\":{\"@id\":\"https:\\\/\\\/dormalab.com\\\/fr\\\/haleo-clinique\\\/#breadcrumb\"},\"inLanguage\":\"fr-FR\",\"potentialAction\":[{\"@type\":\"ReadAction\",\"target\":[\"https:\\\/\\\/dormalab.com\\\/fr\\\/haleo-clinique\\\/\"]}]},{\"@type\":\"BreadcrumbList\",\"@id\":\"https:\\\/\\\/dormalab.com\\\/fr\\\/haleo-clinique\\\/#breadcrumb\",\"itemListElement\":[{\"@type\":\"ListItem\",\"position\":1,\"name\":\"Home\",\"item\":\"https:\\\/\\\/dormalab.com\\\/fr\\\/\"},{\"@type\":\"ListItem\",\"position\":2,\"name\":\"Clinique Haleo\"}]},{\"@type\":\"WebSite\",\"@id\":\"https:\\\/\\\/dormalab.com\\\/fr\\\/#website\",\"url\":\"https:\\\/\\\/dormalab.com\\\/fr\\\/\",\"name\":\"Dorma Sleep Clinics\",\"description\":\"Sleep Well Live Well\",\"publisher\":{\"@id\":\"https:\\\/\\\/dormalab.com\\\/fr\\\/#organization\"},\"potentialAction\":[{\"@type\":\"SearchAction\",\"target\":{\"@type\":\"EntryPoint\",\"urlTemplate\":\"https:\\\/\\\/dormalab.com\\\/fr\\\/?s={search_term_string}\"},\"query-input\":{\"@type\":\"PropertyValueSpecification\",\"valueRequired\":true,\"valueName\":\"search_term_string\"}}],\"inLanguage\":\"fr-FR\"},{\"@type\":\"Organization\",\"@id\":\"https:\\\/\\\/dormalab.com\\\/fr\\\/#organization\",\"name\":\"Dorma Clinique Du Sommeil\",\"url\":\"https:\\\/\\\/dormalab.com\\\/fr\\\/\",\"logo\":{\"@type\":\"ImageObject\",\"inLanguage\":\"fr-FR\",\"@id\":\"https:\\\/\\\/dormalab.com\\\/fr\\\/#\\\/schema\\\/logo\\\/image\\\/\",\"url\":\"https:\\\/\\\/dormalab.com\\\/wp-content\\\/uploads\\\/2019\\\/10\\\/Dorma-Logotype-RGB-Black-scaled-e1578787470924.png\",\"contentUrl\":\"https:\\\/\\\/dormalab.com\\\/wp-content\\\/uploads\\\/2019\\\/10\\\/Dorma-Logotype-RGB-Black-scaled-e1578787470924.png\",\"width\":120,\"height\":25,\"caption\":\"Dorma Clinique Du Sommeil\"},\"image\":{\"@id\":\"https:\\\/\\\/dormalab.com\\\/fr\\\/#\\\/schema\\\/logo\\\/image\\\/\"}}]}<\/script>\n<!-- \/ Yoast SEO plugin. -->","yoast_head_json":{"title":"Clinique Haleo : Solutions cliniquement prouv\u00e9es pour l'insomnie - Clinique du sommeil Dorma","description":"Dorma Lab s'associe \u00e0 la Clinique Haleo pour offrir des solutions de soins professionnels visant \u00e0 pr\u00e9venir et traiter les troubles du sommeil, la privation de sommeil et l'insomnie.","robots":{"index":"index","follow":"follow","max-snippet":"max-snippet:-1","max-image-preview":"max-image-preview:large","max-video-preview":"max-video-preview:-1"},"canonical":"https:\/\/dormalab.com\/fr\/haleo-clinique\/","og_locale":"fr_FR","og_type":"article","og_title":"Clinique Haleo : Solutions cliniquement prouv\u00e9es pour l'insomnie - Clinique du sommeil Dorma","og_description":"Dorma Lab s'associe \u00e0 la Clinique Haleo pour offrir des solutions de soins professionnels visant \u00e0 pr\u00e9venir et traiter les troubles du sommeil, la privation de sommeil et l'insomnie.","og_url":"https:\/\/dormalab.com\/fr\/haleo-clinique\/","og_site_name":"Dorma Sleep Clinics","article_modified_time":"2025-01-23T15:45:03+00:00","twitter_card":"summary_large_image","twitter_misc":{"Dur\u00e9e de lecture estim\u00e9e":"3 minute"},"schema":{"@context":"https:\/\/schema.org","@graph":[{"@type":"WebPage","@id":"https:\/\/dormalab.com\/fr\/haleo-clinique\/","url":"https:\/\/dormalab.com\/fr\/haleo-clinique\/","name":"Clinique Haleo : Solutions cliniquement prouv\u00e9es pour l'insomnie - Clinique du sommeil Dorma","isPartOf":{"@id":"https:\/\/dormalab.com\/fr\/#website"},"datePublished":"2021-05-05T15:15:22+00:00","dateModified":"2025-01-23T15:45:03+00:00","description":"Dorma Lab s'associe \u00e0 la Clinique Haleo pour offrir des solutions de soins professionnels visant \u00e0 pr\u00e9venir et traiter les troubles du sommeil, la privation de sommeil et l'insomnie.","breadcrumb":{"@id":"https:\/\/dormalab.com\/fr\/haleo-clinique\/#breadcrumb"},"inLanguage":"fr-FR","potentialAction":[{"@type":"ReadAction","target":["https:\/\/dormalab.com\/fr\/haleo-clinique\/"]}]},{"@type":"BreadcrumbList","@id":"https:\/\/dormalab.com\/fr\/haleo-clinique\/#breadcrumb","itemListElement":[{"@type":"ListItem","position":1,"name":"Home","item":"https:\/\/dormalab.com\/fr\/"},{"@type":"ListItem","position":2,"name":"Clinique Haleo"}]},{"@type":"WebSite","@id":"https:\/\/dormalab.com\/fr\/#website","url":"https:\/\/dormalab.com\/fr\/","name":"Dorma Sleep Clinics","description":"Sleep Well Live Well","publisher":{"@id":"https:\/\/dormalab.com\/fr\/#organization"},"potentialAction":[{"@type":"SearchAction","target":{"@type":"EntryPoint","urlTemplate":"https:\/\/dormalab.com\/fr\/?s={search_term_string}"},"query-input":{"@type":"PropertyValueSpecification","valueRequired":true,"valueName":"search_term_string"}}],"inLanguage":"fr-FR"},{"@type":"Organization","@id":"https:\/\/dormalab.com\/fr\/#organization","name":"Dorma Clinique Du Sommeil","url":"https:\/\/dormalab.com\/fr\/","logo":{"@type":"ImageObject","inLanguage":"fr-FR","@id":"https:\/\/dormalab.com\/fr\/#\/schema\/logo\/image\/","url":"https:\/\/dormalab.com\/wp-content\/uploads\/2019\/10\/Dorma-Logotype-RGB-Black-scaled-e1578787470924.png","contentUrl":"https:\/\/dormalab.com\/wp-content\/uploads\/2019\/10\/Dorma-Logotype-RGB-Black-scaled-e1578787470924.png","width":120,"height":25,"caption":"Dorma Clinique Du Sommeil"},"image":{"@id":"https:\/\/dormalab.com\/fr\/#\/schema\/logo\/image\/"}}]}},"_links":{"self":[{"href":"https:\/\/dormalab.com\/fr\/wp-json\/wp\/v2\/pages\/34010","targetHints":{"allow":["GET"]}}],"collection":[{"href":"https:\/\/dormalab.com\/fr\/wp-json\/wp\/v2\/pages"}],"about":[{"href":"https:\/\/dormalab.com\/fr\/wp-json\/wp\/v2\/types\/page"}],"author":[{"embeddable":true,"href":"https:\/\/dormalab.com\/fr\/wp-json\/wp\/v2\/users\/20"}],"replies":[{"embeddable":true,"href":"https:\/\/dormalab.com\/fr\/wp-json\/wp\/v2\/comments?post=34010"}],"version-history":[{"count":0,"href":"https:\/\/dormalab.com\/fr\/wp-json\/wp\/v2\/pages\/34010\/revisions"}],"wp:attachment":[{"href":"https:\/\/dormalab.com\/fr\/wp-json\/wp\/v2\/media?parent=34010"}],"curies":[{"name":"wp","href":"https:\/\/api.w.org\/{rel}","templated":true}]}}