{"id":34445,"date":"2021-05-14T15:43:41","date_gmt":"2021-05-14T19:43:41","guid":{"rendered":"https:\/\/dormalab.com\/le-guide-cpap-de-la-clinique-du-sommeil-dorma\/"},"modified":"2024-11-26T21:12:48","modified_gmt":"2024-11-27T02:12:48","slug":"le-guide-cpap-de-la-clinique-du-sommeil-dorma","status":"publish","type":"page","link":"https:\/\/dormalab.com\/fr\/le-guide-cpap-de-la-clinique-du-sommeil-dorma\/","title":{"rendered":"Guide CPAP de la Clinique du Sommeil Dorma"},"content":{"rendered":"<p>[vc_row full_width=\u00a0\u00bbstretch_row_content\u00a0\u00bb css=\u00a0\u00bb.vc_custom_1621021637735{padding-top: 20px !important;padding-right: 20px !important;padding-bottom: 20px !important;padding-left: 20px !important;background-color: #ffffff !important;}\u00a0\u00bb][vc_column width=\u00a0\u00bb3\/12&Prime; el_class=\u00a0\u00bbpages-sidebar\u00a0\u00bb][vc_column_text css=\u00a0\u00bb.vc_custom_1621019616449{padding-top: 20px !important;padding-right: 20px !important;padding-bottom: 20px !important;padding-left: 20px !important;background-color: #1b2a39 !important;}\u00a0\u00bb]<\/p>\n<h3><span style=\"color: #ffffff;\">Vous pourriez aussi aimer :<\/span><\/h3>\n<p><a href=\"https:\/\/dormalab.com\/fr\/ventilation-pression-positive-continue-ppc\/\"><span style=\"font-size: 14pt;\">Th\u00e9rapie CPAP<\/span><\/a><\/p>\n<p><span style=\"font-size: 14pt;\"><a href=\"https:\/\/dormalab.com\/fr\/entretien-dun-appareil-cpap\/\">Entretien du CPAP<\/a>\u00a0<\/span>[\/vc_column_text][contact-form-7 id=\u00a0\u00bb10377&Prime;][vc_column_text]<\/p>\n<h3 class=\"p1\"><strong>\u00c0 lire aussi :<\/strong><\/h3>\n<p class=\"p1\">[display-posts tag=\u00a0\u00bb<a href=\"https:\/\/dormalab.com\/continuous-positive-airflow-pressure-cpap\/\" data-internallinksmanager029f6b8e52c=\"1\" title=\"Continuous Positive Airflow Pressure (CPAP)\">cpap<\/a>-fr\u00a0\u00bb posts per page=\u00a0\u00bb5&Prime;]<\/p>\n<p>[\/vc_column_text][\/vc_column][vc_column width=\u00a0\u00bb9\/12&Prime; el_class=\u00a0\u00bbpages-contenu\u00a0\u00bb][vc_column_text]<\/p>\n<h1><strong>Le guide CPAP de la Clinique du sommeil Dorma<\/strong><\/h1>\n<p><span style=\"font-weight: 400;\">Une des interrogations que nous recevons souvent chez Dorma Lab concerne le prix de traitement de l<a href=\"https:\/\/dormalab.com\/fr\/apnee-obstructive-du-sommeil\/\">&lsquo;apn\u00e9e du sommeil<\/a>. \u00c0 la clinique du sommeil Dorma Lab, nous tenons \u00e0 \u00eatre transparents sur tous nos services, particuli\u00e8rement sur les co\u00fbts de ces derniers.<\/span><\/p>\n<p>&nbsp;<\/p>\n<p><span style=\"font-weight: 400;\">Nous nous engageons \u00e0 vous communiquer toutes les informations d\u00e8s le d\u00e9but du traitement, pour que vous n&rsquo;ayez pas \u00e0 payer de frais suppl\u00e9mentaires en cours de route.\u00a0\u00a0<\/span><\/p>\n<p>&nbsp;<\/p>\n<p><span style=\"font-weight: 400;\">Si les r\u00e9sultats de votre \u00e9tude du sommeil sont positifs pour l&rsquo;apn\u00e9e du sommeil, il y a de fortes chances que votre sp\u00e9cialiste du sommeil recommande une <a href=\"https:\/\/dormalab.com\/fr\/apnee-obstructive-du-sommeil\/\">th\u00e9rapie CPAP<\/a> pour votre traitement, et vous devrez trouver l&rsquo;appareil CPAP (Continuous Positive Air Pressure) qui vous convient.\u00a0<\/span><\/p>\n<p>&nbsp;<\/p>\n<p><span style=\"font-weight: 400;\">Notez que si nous vous expliquons les co\u00fbts auxquels vous pouvez vous attendre, votre r\u00e9gime d&rsquo;assurance peut varier.\u00a0 Nous vous invitons \u00e0 v\u00e9rifier les d\u00e9tails aupr\u00e8s de votre compagnie d&rsquo;assurance avant le d\u00e9but des soins.<\/span>[\/vc_column_text][vc_cta h2=\u00a0\u00bb\u00a0\u00bb add_button=\u00a0\u00bbbottom\u00a0\u00bb btn_title=\u00a0\u00bbContacter un sp\u00e9cialiste du sommeil\u00a0\u00bb btn_shape=\u00a0\u00bbround\u00a0\u00bb btn_color=\u00a0\u00bbinfo\u00a0\u00bb btn_size=\u00a0\u00bbsm\u00a0\u00bb btn_link=\u00a0\u00bburl:https%3A%2F%2Fdormalab.com%2Ffr%2Fplanifier-une-consultation-gratuite%2F|\u00a0\u00bb]<\/p>\n<h3><strong>Pas familier avec les CPAP ?<\/strong><\/h3>\n<p>\u00c0 la clinique du sommeil Dorma, nos sp\u00e9cialistes du sommeil ont aid\u00e9 des milliers de patients \u00e0 g\u00e9rer et \u00e0 utiliser leur CPAP. Nous fournissons des solutions personnalis\u00e9es et offrons une consultation d&rsquo;initiation \u00e0 la CPAP pour vous aider \u00e0 mener \u00e0 bien votre th\u00e9rapie CPAP.[\/vc_cta][vc_row_inner][vc_column_inner][vc_column_text]<\/p>\n<h2><strong>Les diff\u00e9rents mod\u00e8les d&rsquo;appareils<\/strong><\/h2>\n<p><span style=\"font-weight: 400;\">Il existe trois types d&rsquo;appareils qui permettent de traiter l&rsquo;apn\u00e9e du sommeil. Votre sp\u00e9cialiste du sommeil vous aidera \u00e0 identifier l&rsquo;appareil qui r\u00e9pondra le mieux \u00e0 vos besoins.<\/span><\/p>\n<p>&nbsp;<\/p>\n<p><span style=\"font-weight: 400;\">CPAP : La pression positive en continu est l&rsquo;appareil de PPC le plus couramment utilis\u00e9. Avec le CPAP, le niveau de pression d\u00e9livr\u00e9 aux voies respiratoires est le m\u00eame pendant l&rsquo;inspiration et l&rsquo;expiration.<\/span><\/p>\n<p>&nbsp;<\/p>\n<p><span style=\"font-weight: 400;\">Auto CPAP : Les appareils Auto CPAP ajustent automatiquement la pression du CPAP pendant la nuit jusqu&rsquo;aux niveaux les plus bas n\u00e9cessaires pour \u00e9liminer les apn\u00e9es et les hypopn\u00e9es. Certaines personnes atteintes de SAOS peuvent trouver que les appareils Auto CPAP sont plus confortables \u00e0 utiliser, mais ils peuvent \u00eatre plus chers.<\/span><\/p>\n<p>&nbsp;<\/p>\n<p><span style=\"font-weight: 400;\">BiPAP (BiLevel) : Avec le syst\u00e8me BiPAP, la pression est plus \u00e9lev\u00e9e lors de l&rsquo;inspiration et plus faible lors de l&rsquo;expiration. La pression n\u00e9cessaire pour contr\u00f4ler les apn\u00e9es et les hypopn\u00e9es avec un BIPAP est parfois inf\u00e9rieure \u00e0 celle du CPAP. Certaines personnes ont des difficult\u00e9s \u00e0 tol\u00e9rer la pression \u00e9lev\u00e9e du CPAP. Le BIPAP peut \u00eatre utilis\u00e9 dans les cas o\u00f9 la pression requise par la CPAP est plut\u00f4t \u00e9lev\u00e9e.<\/span>[\/vc_column_text][vc_column_text]<\/p>\n<h2><strong>Prix des appareils CPAP<\/strong><\/h2>\n<p><span style=\"font-weight: 400;\">Il existe aujourd&rsquo;hui un grand nombre d&rsquo;appareils CPAP sur le march\u00e9. Le co\u00fbt d&rsquo;un appareil CPAP peut varier de 250 \u00e0 1 000 dollars ou plus, les prix augmentant g\u00e9n\u00e9ralement pour les appareils offrant des fonctionnalit\u00e9s plus avanc\u00e9es. Le co\u00fbt initial moyen d&rsquo;un appareil CPAP est d&rsquo;environ 1200 $, mais il n&rsquo;y a pas de prix standard.\u00a0<\/span><\/p>\n<p><span style=\"font-weight: 400;\">La fourchette de prix d&rsquo;un appareil CPAP se situe entre 1200 et 2000 $, selon vos besoins individuels. Le co\u00fbt de chaque appareil d\u00e9pend de la marque, de sa fabrication et des accessoires.<\/span><\/p>\n<p>&nbsp;<\/p>\n<p><span style=\"font-weight: 400;\">Les appareils BiPAP (Bilevel Positive Airway Pressure) sont plus complexes et ont donc tendance \u00e0 co\u00fbter plus cher. La plupart des appareils BiPAP co\u00fbtent entre 1 000 et 3 000 dollars.\u00a0<\/span>[\/vc_column_text][vc_cta h2=\u00a0\u00bb\u00a0\u00bb add_button=\u00a0\u00bbbottom\u00a0\u00bb btn_title=\u00a0\u00bbContacter un sp\u00e9cialiste du sommeil\u00a0\u00bb btn_shape=\u00a0\u00bbround\u00a0\u00bb btn_color=\u00a0\u00bbinfo\u00a0\u00bb btn_size=\u00a0\u00bbsm\u00a0\u00bb btn_link=\u00a0\u00bburl:https%3A%2F%2Fdormalab.com%2Ffr%2Fplanifier-une-consultation-gratuite%2F|\u00a0\u00bb]<\/p>\n<h3><strong>Besoin d&rsquo;un CPAP ?<\/strong><\/h3>\n<p>Vous souhaitez acheter un CPAP pour traiter l&rsquo;apn\u00e9e du sommeil, mais vous ne savez pas par o\u00f9 commencer. Nos sp\u00e9cialistes du sommeil proposent des consultations d&rsquo;initiation au CPAP pour vous aider \u00e0 trouver celui qui vous convient.[\/vc_cta][vc_column_text]<\/p>\n<h2><strong>Accessoires CPAP<\/strong><\/h2>\n<p><span style=\"font-weight: 400;\">En plus de l&rsquo;appareil CPAP, des frais suppl\u00e9mentaires sont \u00e0 pr\u00e9voir pour les accessoires tels que le masque, l&rsquo;humidificateur, les tuyaux, le nettoyage et l&rsquo;entretien. G\u00e9n\u00e9ralement, le CPAP et masque se vend s\u00e9par\u00e9ment. \u00c0 Dorma Lab, le masque peut varier entre $200 et $315. \u00c0 noter que pour tout achat d&rsquo;appareil CPAP aupr\u00e8s de notre clinique du sommeil, vous recevrez une batterie, une tubulure et sac de transport.\u00a0<\/span><\/p>\n<h2><\/h2>\n<h2><strong>Les services inclus par Dorma Lab<\/strong><\/h2>\n<p><span style=\"font-weight: 400;\">Nous accompagnons nos patients et ce tout au long de leur <a href=\"https:\/\/dormalab.com\/fr\/apnee-obstructive-du-sommeil\/\">th\u00e9rapie CPAP<\/a>. \u00c0 l&rsquo;achat de votre CPAP, nous offrons \u00e0 nos patients d\u2019\u00eatre suivis pendant cinq ans. Nous veillerons \u00e0 ce que votre th\u00e9rapie CPAP soit la plus efficace et la plus confortable possible.\u00a0<\/span><\/p>\n<h2><\/h2>\n<h2><span style=\"font-weight: 400;\"><strong>Garantie CPAP<\/strong>\u00a0\u00a0<\/span><\/h2>\n<p><span style=\"font-weight: 400;\">Les garanties des appareils CPAP varient selon le fabricant, l&rsquo;appareil et le masque. Chez Dorma Lab, tous nos CPAP sont garanties trois ans.\u00a0<\/span>[\/vc_column_text][vc_column_text]<\/p>\n<h2><strong>CPAP : Co\u00fbt de l\u2019assurance\u00a0<\/strong><\/h2>\n<p><span style=\"font-weight: 400;\">Tout d\u00e9pend de votre police d&rsquo;assurance et de ce qu&rsquo;elle couvre en mati\u00e8re de traitement du sommeil. Les compagnies d&rsquo;assurance maladie couvrent souvent le co\u00fbt des appareils et des accessoires de CPAP.\u00a0 Elles sont conscientes du b\u00e9n\u00e9fice de traiter les troubles du sommeil avant qu&rsquo;ils n&rsquo;entra\u00eenent d&rsquo;autres probl\u00e8mes m\u00e9dicaux plus graves.\u00a0\u00a0<\/span><\/p>\n<p>&nbsp;<\/p>\n<p><span style=\"font-weight: 400;\">C&rsquo;est pourquoi Dorma Lab conseille \u00e0 ses patients de consulter leur compagnie d&rsquo;assurance afin d&rsquo;obtenir le meilleur prix et les traitements les mieux couverts. Nous mettrons \u00e0 votre disposition toutes les informations n\u00e9cessaires afin de b\u00e9n\u00e9ficier d&rsquo;une prise en charge optimale.\u00a0\u00a0<\/span>[\/vc_column_text][vc_cta h2=\u00a0\u00bb\u00a0\u00bb add_button=\u00a0\u00bbbottom\u00a0\u00bb btn_title=\u00a0\u00bbContacter un sp\u00e9cialiste du sommeil\u00a0\u00bb btn_shape=\u00a0\u00bbround\u00a0\u00bb btn_color=\u00a0\u00bbinfo\u00a0\u00bb btn_size=\u00a0\u00bbsm\u00a0\u00bb btn_link=\u00a0\u00bburl:https%3A%2F%2Fdormalab.com%2Ffr%2Fplanifier-une-consultation-gratuite%2F|\u00a0\u00bb]<\/p>\n<h3><strong>Parler \u00e0 un sp\u00e9cialiste du sommeil <\/strong><\/h3>\n<p><span style=\"font-weight: 400;\">Dorma Lab vous offre une gamme de traitement contre les troubles du sommeil. Notre \u00e9quipe de sp\u00e9cialistes est \u00e0 votre \u00e9coute afin de vous proposer la solution la plus adapt\u00e9e \u00e0 votre situation.\u00a0<\/span><\/p>\n<p><span style=\"font-weight: 400;\">Si vous avez des questions, vous pouvez toujours nous contacter, nous pourrons vous transmettre une multitude d\u2019informations sur les \u00e9tudes du sommeil, les traitements, les diff\u00e9rentes machines.\u00a0<\/span>[\/vc_cta][\/vc_column_inner][\/vc_row_inner][\/vc_column][\/vc_row]<\/p>\n","protected":false},"excerpt":{"rendered":"<p>[vc_row full_width=\u00a0\u00bbstretch_row_content\u00a0\u00bb css=\u00a0\u00bb.vc_custom_1621021637735{padding-top: 20px !important;padding-right: 20px !important;padding-bottom: 20px !important;padding-left: 20px !important;background-color: #ffffff !important;}\u00a0\u00bb][vc_column width=\u00a0\u00bb3\/12&Prime; el_class=\u00a0\u00bbpages-sidebar\u00a0\u00bb][vc_column_text css=\u00a0\u00bb.vc_custom_1621019616449{padding-top: 20px !important;padding-right: 20px !important;padding-bottom: 20px !important;padding-left: 20px !important;background-color: #1b2a39 !important;}\u00a0\u00bb] Vous pourriez aussi aimer : Th\u00e9rapie CPAP Entretien du CPAP\u00a0[\/vc_column_text][contact-form-7 id=\u00a0\u00bb10377&Prime;][vc_column_text] \u00c0 lire aussi : [display-posts tag=\u00a0\u00bbcpap-fr\u00a0\u00bb posts per page=\u00a0\u00bb5&Prime;] [\/vc_column_text][\/vc_column][vc_column width=\u00a0\u00bb9\/12&Prime; el_class=\u00a0\u00bbpages-contenu\u00a0\u00bb][vc_column_text] Le guide CPAP de la Clinique &#8230; <a title=\"Guide CPAP de la Clinique du Sommeil Dorma\" class=\"read-more\" href=\"https:\/\/dormalab.com\/fr\/le-guide-cpap-de-la-clinique-du-sommeil-dorma\/\" aria-label=\"En savoir plus sur Guide CPAP de la Clinique du Sommeil Dorma\">Lire la suite<\/a><\/p>\n","protected":false},"author":20,"featured_media":0,"parent":0,"menu_order":0,"comment_status":"closed","ping_status":"closed","template":"","meta":{"footnotes":""},"class_list":["post-34445","page","type-page","status-publish"],"yoast_head":"<!-- This site is optimized with the Yoast SEO plugin v27.4 - https:\/\/yoast.com\/product\/yoast-seo-wordpress\/ -->\n<title>CPAP, Auto CPAP &amp; BiPAP : Co\u00fbt, Assurance et Services<\/title>\n<meta name=\"description\" content=\"En savoir plus sur CPAP, Auto CPAP &amp; BiPAP. Co\u00fbt des appareils CPAP, couverture d&#039;assurance, accessoires CPAP et garantie.\" \/>\n<meta name=\"robots\" content=\"index, follow, max-snippet:-1, max-image-preview:large, max-video-preview:-1\" \/>\n<link rel=\"canonical\" href=\"https:\/\/dormalab.com\/fr\/le-guide-cpap-de-la-clinique-du-sommeil-dorma\/\" \/>\n<meta property=\"og:locale\" content=\"fr_FR\" \/>\n<meta property=\"og:type\" content=\"article\" \/>\n<meta property=\"og:title\" content=\"CPAP, Auto CPAP &amp; BiPAP : Co\u00fbt, Assurance et Services\" \/>\n<meta property=\"og:description\" content=\"En savoir plus sur CPAP, Auto CPAP &amp; BiPAP. Co\u00fbt des appareils CPAP, couverture d&#039;assurance, accessoires CPAP et garantie.\" \/>\n<meta property=\"og:url\" content=\"https:\/\/dormalab.com\/fr\/le-guide-cpap-de-la-clinique-du-sommeil-dorma\/\" \/>\n<meta property=\"og:site_name\" content=\"Dorma Sleep Clinics\" \/>\n<meta property=\"article:modified_time\" content=\"2024-11-27T02:12:48+00:00\" \/>\n<meta name=\"twitter:card\" content=\"summary_large_image\" \/>\n<meta name=\"twitter:label1\" content=\"Dur\u00e9e de lecture estim\u00e9e\" \/>\n\t<meta name=\"twitter:data1\" content=\"6 minute\" \/>\n<script type=\"application\/ld+json\" class=\"yoast-schema-graph\">{\"@context\":\"https:\\\/\\\/schema.org\",\"@graph\":[{\"@type\":\"WebPage\",\"@id\":\"https:\\\/\\\/dormalab.com\\\/fr\\\/le-guide-cpap-de-la-clinique-du-sommeil-dorma\\\/\",\"url\":\"https:\\\/\\\/dormalab.com\\\/fr\\\/le-guide-cpap-de-la-clinique-du-sommeil-dorma\\\/\",\"name\":\"CPAP, Auto CPAP & BiPAP : Co\u00fbt, Assurance et Services\",\"isPartOf\":{\"@id\":\"https:\\\/\\\/dormalab.com\\\/fr\\\/#website\"},\"datePublished\":\"2021-05-14T19:43:41+00:00\",\"dateModified\":\"2024-11-27T02:12:48+00:00\",\"description\":\"En savoir plus sur CPAP, Auto CPAP & BiPAP. Co\u00fbt des appareils CPAP, couverture d'assurance, accessoires CPAP et garantie.\",\"breadcrumb\":{\"@id\":\"https:\\\/\\\/dormalab.com\\\/fr\\\/le-guide-cpap-de-la-clinique-du-sommeil-dorma\\\/#breadcrumb\"},\"inLanguage\":\"fr-FR\",\"potentialAction\":[{\"@type\":\"ReadAction\",\"target\":[\"https:\\\/\\\/dormalab.com\\\/fr\\\/le-guide-cpap-de-la-clinique-du-sommeil-dorma\\\/\"]}]},{\"@type\":\"BreadcrumbList\",\"@id\":\"https:\\\/\\\/dormalab.com\\\/fr\\\/le-guide-cpap-de-la-clinique-du-sommeil-dorma\\\/#breadcrumb\",\"itemListElement\":[{\"@type\":\"ListItem\",\"position\":1,\"name\":\"Home\",\"item\":\"https:\\\/\\\/dormalab.com\\\/fr\\\/\"},{\"@type\":\"ListItem\",\"position\":2,\"name\":\"Guide CPAP de la Clinique du Sommeil Dorma\"}]},{\"@type\":\"WebSite\",\"@id\":\"https:\\\/\\\/dormalab.com\\\/fr\\\/#website\",\"url\":\"https:\\\/\\\/dormalab.com\\\/fr\\\/\",\"name\":\"Dorma Sleep Clinics\",\"description\":\"Sleep Well Live Well\",\"publisher\":{\"@id\":\"https:\\\/\\\/dormalab.com\\\/fr\\\/#organization\"},\"potentialAction\":[{\"@type\":\"SearchAction\",\"target\":{\"@type\":\"EntryPoint\",\"urlTemplate\":\"https:\\\/\\\/dormalab.com\\\/fr\\\/?s={search_term_string}\"},\"query-input\":{\"@type\":\"PropertyValueSpecification\",\"valueRequired\":true,\"valueName\":\"search_term_string\"}}],\"inLanguage\":\"fr-FR\"},{\"@type\":\"Organization\",\"@id\":\"https:\\\/\\\/dormalab.com\\\/fr\\\/#organization\",\"name\":\"Dorma Clinique Du Sommeil\",\"url\":\"https:\\\/\\\/dormalab.com\\\/fr\\\/\",\"logo\":{\"@type\":\"ImageObject\",\"inLanguage\":\"fr-FR\",\"@id\":\"https:\\\/\\\/dormalab.com\\\/fr\\\/#\\\/schema\\\/logo\\\/image\\\/\",\"url\":\"https:\\\/\\\/dormalab.com\\\/wp-content\\\/uploads\\\/2019\\\/10\\\/Dorma-Logotype-RGB-Black-scaled-e1578787470924.png\",\"contentUrl\":\"https:\\\/\\\/dormalab.com\\\/wp-content\\\/uploads\\\/2019\\\/10\\\/Dorma-Logotype-RGB-Black-scaled-e1578787470924.png\",\"width\":120,\"height\":25,\"caption\":\"Dorma Clinique Du Sommeil\"},\"image\":{\"@id\":\"https:\\\/\\\/dormalab.com\\\/fr\\\/#\\\/schema\\\/logo\\\/image\\\/\"}}]}<\/script>\n<!-- \/ Yoast SEO plugin. -->","yoast_head_json":{"title":"CPAP, Auto CPAP & BiPAP : Co\u00fbt, Assurance et Services","description":"En savoir plus sur CPAP, Auto CPAP & BiPAP. Co\u00fbt des appareils CPAP, couverture d'assurance, accessoires CPAP et garantie.","robots":{"index":"index","follow":"follow","max-snippet":"max-snippet:-1","max-image-preview":"max-image-preview:large","max-video-preview":"max-video-preview:-1"},"canonical":"https:\/\/dormalab.com\/fr\/le-guide-cpap-de-la-clinique-du-sommeil-dorma\/","og_locale":"fr_FR","og_type":"article","og_title":"CPAP, Auto CPAP & BiPAP : Co\u00fbt, Assurance et Services","og_description":"En savoir plus sur CPAP, Auto CPAP & BiPAP. Co\u00fbt des appareils CPAP, couverture d'assurance, accessoires CPAP et garantie.","og_url":"https:\/\/dormalab.com\/fr\/le-guide-cpap-de-la-clinique-du-sommeil-dorma\/","og_site_name":"Dorma Sleep Clinics","article_modified_time":"2024-11-27T02:12:48+00:00","twitter_card":"summary_large_image","twitter_misc":{"Dur\u00e9e de lecture estim\u00e9e":"6 minute"},"schema":{"@context":"https:\/\/schema.org","@graph":[{"@type":"WebPage","@id":"https:\/\/dormalab.com\/fr\/le-guide-cpap-de-la-clinique-du-sommeil-dorma\/","url":"https:\/\/dormalab.com\/fr\/le-guide-cpap-de-la-clinique-du-sommeil-dorma\/","name":"CPAP, Auto CPAP & BiPAP : Co\u00fbt, Assurance et Services","isPartOf":{"@id":"https:\/\/dormalab.com\/fr\/#website"},"datePublished":"2021-05-14T19:43:41+00:00","dateModified":"2024-11-27T02:12:48+00:00","description":"En savoir plus sur CPAP, Auto CPAP & BiPAP. Co\u00fbt des appareils CPAP, couverture d'assurance, accessoires CPAP et garantie.","breadcrumb":{"@id":"https:\/\/dormalab.com\/fr\/le-guide-cpap-de-la-clinique-du-sommeil-dorma\/#breadcrumb"},"inLanguage":"fr-FR","potentialAction":[{"@type":"ReadAction","target":["https:\/\/dormalab.com\/fr\/le-guide-cpap-de-la-clinique-du-sommeil-dorma\/"]}]},{"@type":"BreadcrumbList","@id":"https:\/\/dormalab.com\/fr\/le-guide-cpap-de-la-clinique-du-sommeil-dorma\/#breadcrumb","itemListElement":[{"@type":"ListItem","position":1,"name":"Home","item":"https:\/\/dormalab.com\/fr\/"},{"@type":"ListItem","position":2,"name":"Guide CPAP de la Clinique du Sommeil Dorma"}]},{"@type":"WebSite","@id":"https:\/\/dormalab.com\/fr\/#website","url":"https:\/\/dormalab.com\/fr\/","name":"Dorma Sleep Clinics","description":"Sleep Well Live Well","publisher":{"@id":"https:\/\/dormalab.com\/fr\/#organization"},"potentialAction":[{"@type":"SearchAction","target":{"@type":"EntryPoint","urlTemplate":"https:\/\/dormalab.com\/fr\/?s={search_term_string}"},"query-input":{"@type":"PropertyValueSpecification","valueRequired":true,"valueName":"search_term_string"}}],"inLanguage":"fr-FR"},{"@type":"Organization","@id":"https:\/\/dormalab.com\/fr\/#organization","name":"Dorma Clinique Du Sommeil","url":"https:\/\/dormalab.com\/fr\/","logo":{"@type":"ImageObject","inLanguage":"fr-FR","@id":"https:\/\/dormalab.com\/fr\/#\/schema\/logo\/image\/","url":"https:\/\/dormalab.com\/wp-content\/uploads\/2019\/10\/Dorma-Logotype-RGB-Black-scaled-e1578787470924.png","contentUrl":"https:\/\/dormalab.com\/wp-content\/uploads\/2019\/10\/Dorma-Logotype-RGB-Black-scaled-e1578787470924.png","width":120,"height":25,"caption":"Dorma Clinique Du Sommeil"},"image":{"@id":"https:\/\/dormalab.com\/fr\/#\/schema\/logo\/image\/"}}]}},"_links":{"self":[{"href":"https:\/\/dormalab.com\/fr\/wp-json\/wp\/v2\/pages\/34445","targetHints":{"allow":["GET"]}}],"collection":[{"href":"https:\/\/dormalab.com\/fr\/wp-json\/wp\/v2\/pages"}],"about":[{"href":"https:\/\/dormalab.com\/fr\/wp-json\/wp\/v2\/types\/page"}],"author":[{"embeddable":true,"href":"https:\/\/dormalab.com\/fr\/wp-json\/wp\/v2\/users\/20"}],"replies":[{"embeddable":true,"href":"https:\/\/dormalab.com\/fr\/wp-json\/wp\/v2\/comments?post=34445"}],"version-history":[{"count":0,"href":"https:\/\/dormalab.com\/fr\/wp-json\/wp\/v2\/pages\/34445\/revisions"}],"wp:attachment":[{"href":"https:\/\/dormalab.com\/fr\/wp-json\/wp\/v2\/media?parent=34445"}],"curies":[{"name":"wp","href":"https:\/\/api.w.org\/{rel}","templated":true}]}}