{"id":34576,"date":"2021-05-21T13:56:30","date_gmt":"2021-05-21T17:56:30","guid":{"rendered":"https:\/\/dormalab.com\/?page_id=34576"},"modified":"2024-11-26T20:25:47","modified_gmt":"2024-11-27T01:25:47","slug":"meilleur-cpap-de-voyage","status":"publish","type":"page","link":"https:\/\/dormalab.com\/fr\/meilleur-cpap-de-voyage\/","title":{"rendered":"Les meilleurs CPAP de voyage"},"content":{"rendered":"\t\t<div data-elementor-type=\"wp-page\" data-elementor-id=\"34576\" class=\"elementor elementor-34576 elementor-34541\" data-elementor-post-type=\"page\">\n\t\t\t\t<div class=\"elementor-element elementor-element-6fb0c13c e-flex e-con-boxed e-con e-parent\" data-id=\"6fb0c13c\" data-element_type=\"container\" data-e-type=\"container\">\n\t\t\t\t\t<div class=\"e-con-inner\">\n\t\t\t\t<div class=\"elementor-element elementor-element-464aa851 elementor-widget elementor-widget-text-editor\" data-id=\"464aa851\" data-element_type=\"widget\" data-e-type=\"widget\" data-widget_type=\"text-editor.default\">\n\t\t\t\t<div class=\"elementor-widget-container\">\n\t\t\t\t\t\t\t\t\t<p>Il existe diff\u00e9rents mod\u00e8les, syst\u00e8mes, caract\u00e9ristiques et r\u00e9glages de machines <a href=\"https:\/\/dormalab.com\/continuous-positive-airflow-pressure-cpap\/\" data-internallinksmanager029f6b8e52c=\"1\" title=\"Continuous Positive Airflow Pressure (CPAP)\">CPAP<\/a>. Pour les amateurs de voyages qui souffrent d&rsquo;apn\u00e9e du sommeil, il est essentiel de trouver le meilleur appareil CPAP de voyage. <\/p>\n<p>Si l&rsquo;on vous a diagnostiqu\u00e9 une <a href=\"https:\/\/dormalab.com\/fr\/apnee-obstructive-du-sommeil\/\" target=\"_new\" rel=\"noopener\">apn\u00e9e obstructive du sommeil (AOS)<\/a>, vous utilisez peut-\u00eatre un <a href=\"https:\/\/dormalab.com\/fr\/pression-positive-continue-ppc\/\" target=\"_new\" rel=\"noopener\">appareil de pression positive continue (PPC)<\/a> pour vous aider \u00e0 bien dormir.<\/p>\n<p>Vous \u00eates habitu\u00e9 \u00e0 votre traitement CPAP et la configuration de votre appareil est optimale. Chaque nuit, il ne vous reste plus qu&rsquo;\u00e0 vous allonger dans votre lit et \u00e0 profiter de votre traitement CPAP. Cependant, les voyages peuvent perturber vos habitudes de sommeil. Vous \u00eates peut-\u00eatre habitu\u00e9 \u00e0 votre appareil CPAP standard, mais l <a href=\"https:\/\/dormalab.com\/fr\/acheter-un-cpap\/\" target=\"_new\" rel=\"noopener\">&lsquo;achat d&rsquo;un appareil<\/a> con\u00e7u pour les voyages peut vous aider \u00e0 rendre votre prochain voyage plus facile et plus relaxant.   <\/p>\n<p><strong>3 raisons de s&rsquo;\u00e9quiper d&rsquo;un appareil CPAP de voyage<\/strong><\/p>\n<p><strong>L\u00e9ger<\/strong><br \/>Une machine CPAP de voyage peut \u00eatre transport\u00e9e partout o\u00f9 vous allez parce qu&rsquo;elle est petite, compacte et l\u00e9g\u00e8re.<\/p>\n<p><strong>Diff\u00e9rentes options d&rsquo;alimentation<\/strong><br \/>Selon le type de voyage, vous pouvez avoir besoin d&rsquo;une batterie ou d&rsquo;une autre source d&rsquo;alimentation pour faire fonctionner votre CPAP. Les appareils CPAP de voyage sont con\u00e7us pour \u00eatre plus flexibles en termes d&rsquo;alimentation, afin que vous puissiez poursuivre votre traitement o\u00f9 que vous soyez. <\/p>\n<p><strong>Conception et caract\u00e9ristiques<\/strong><br \/>Bien que ces appareils CPAP de voyage soient plus petits et plus compacts, ils devraient \u00eatre capables d&rsquo;offrir le m\u00eame niveau d&rsquo;efficacit\u00e9 que votre appareil CPAP standard. Ils sont \u00e9galement \u00e9quip\u00e9s de g\u00e9n\u00e9rateurs de d\u00e9bit d&rsquo;air, d&rsquo;humidificateurs, de tuyaux de raccordement, de filtres et de masques de haute qualit\u00e9. <\/p>\n<p><strong>Revue de nos meilleures machines CPAP de voyage pour 2021<\/strong><\/p>\n<p>Certains patients souffrant d&rsquo;<a href=\"https:\/\/dormalab.com\/fr\/apnee-obstructive-du-sommeil\/\" target=\"_new\" rel=\"noopener\">apn\u00e9e du sommeil<\/a> envisagent de partir \u00e0 l&rsquo;\u00e9tranger sans leur appareil CPAP. Cette option ne doit pas \u00eatre envisag\u00e9e ; les cons\u00e9quences sur votre sant\u00e9 pourraient \u00eatre dramatiques si vous ne suivez pas votre traitement d&rsquo;apn\u00e9e du sommeil. Un appareil CPAP de voyage est la meilleure option. C&rsquo;est pourquoi nous avons dress\u00e9 la liste des meilleures machines CPAP de voyage pour 2021.   <\/p>\n<p>Les appareils CPAP de voyage sont con\u00e7us pour \u00eatre compacts, plus petits et plus l\u00e9gers que les appareils CPAP standard. Cependant, un appareil CPAP de voyage n&rsquo;est pas simplement une version plus petite du mod\u00e8le standard, mais il est g\u00e9n\u00e9ralement dot\u00e9 de fonctions suppl\u00e9mentaires pour faciliter les d\u00e9placements. Compte tenu de leur simplicit\u00e9 et de leur capacit\u00e9 \u00e0 am\u00e9liorer la qualit\u00e9 du sommeil lorsque vous \u00eates loin de chez vous, les appareils CPAP de voyage peuvent \u00eatre un atout pour votre prochain voyage.  <\/p>\n<p><strong>#CPAP de voyage n\u00b01 : Philips DreamStation Go<\/strong><\/p>\n<p>La DreamStation Go est incroyablement l\u00e9g\u00e8re, puisqu&rsquo;elle ne p\u00e8se que 1,86 kg. Son poids n&rsquo;est pas le seul atout de cette machine CPAP de voyage. La DreamStation Go est \u00e9galement dot\u00e9e d&rsquo;un \u00e9cran tactile et d&rsquo;une interface \u00e9l\u00e9gante. Elle est dot\u00e9e d&rsquo;un syst\u00e8me avanc\u00e9 de suivi des donn\u00e9es du sommeil qui vous permet d&rsquo;enregistrer facilement les informations relatives au sommeil sur l&rsquo;appareil pendant un an. L&rsquo;\u00e9cran d&rsquo;affichage LCD fournit des informations conviviales.    <\/p>\n<p><em>Bonus<\/em>: il dispose d&rsquo;une batterie optionnelle qui peut \u00eatre achet\u00e9e s\u00e9par\u00e9ment. Sa batterie rechargeable peut alimenter l&rsquo;appareil sans interruption pendant au moins 13 heures. <\/p>\n<p>La DreamStation Go est \u00e9galement connue pour sa technologie Flex Control, qui permet aux utilisateurs de profiter de son excellent syst\u00e8me de r\u00e9partition de la pression tout en suivant simultan\u00e9ment leur rythme respiratoire. Cet appareil est \u00e9galement livr\u00e9 avec un tube qui peut \u00eatre rang\u00e9 dans votre sac sans difficult\u00e9. <\/p>\n<p>Il s&rsquo;agit d&rsquo;un appareil innovant \u00e0 emporter partout avec vous, et sa mobilit\u00e9 est l&rsquo;un de ses nombreux avantages. Philips a cr\u00e9\u00e9 la DreamStation Go pour r\u00e9pondre aux besoins des patients en d\u00e9placement. Il est deux fois plus petit que les appareils CPAP standard de sa g\u00e9n\u00e9ration et offre un confort et des performances exceptionnels.  <\/p>\n<p><strong>CPAP de voyage DreamStation Go : Une technologie innovante<\/strong><\/p>\n<p>La DreamStation Go est un pas en avant dans sa technologie avanc\u00e9e. L&rsquo;appareil est dot\u00e9 de la technologie Opti-Start, qui surveille avec pr\u00e9cision les besoins en pression du patient. L&rsquo;appareil calcule automatiquement la pression id\u00e9ale, ce qui permet une th\u00e9rapie du sommeil confortable et efficace.  <\/p>\n<p>L&rsquo;enregistrement de vos donn\u00e9es de sommeil nocturne est rapide et facile. Son interface est compatible avec la plupart des appareils intelligents du march\u00e9. Avec la DreamStation Go de Philips Respironics, le suivi et la visualisation de vos progr\u00e8s sont simples et imm\u00e9diats.  <\/p>\n<p><em>Bonus<\/em>: son capteur int\u00e9gr\u00e9 r\u00e8gle automatiquement la luminosit\u00e9 de l&rsquo;\u00e9cran.<\/p>\n<p><strong>DreamStation Go Travel CPAP : La th\u00e9rapie du sommeil en d\u00e9placement<\/strong><\/p>\n<p>Cet appareil allie mobilit\u00e9 et technologie, ce qui en fait l&rsquo;accessoire de voyage id\u00e9al pour les personnes qui souhaitent profiter de leur th\u00e9rapie du sommeil partout dans le monde. Il poss\u00e8de toutes les caract\u00e9ristiques techniques pour vous offrir une th\u00e9rapie efficace, sans prendre trop de place dans vos bagages. <\/p>\n<p>La CPAP de voyage Phillips Respironics DreamStation Go offre aux voyageurs une option compacte. Il est livr\u00e9 avec un filtre r\u00e9utilisable, un tube microflex et un c\u00e2ble d&rsquo;alimentation. La DreamStation Go est con\u00e7ue pour \u00eatre intuitive et dispose d&rsquo;un \u00e9cran tactile \u00e9l\u00e9gant. De plus, la configuration et la navigation sont rapides et faciles. Son syst\u00e8me de surveillance int\u00e9gr\u00e9 facilite le suivi de la th\u00e9rapie du sommeil.    <\/p>\n<p>Ses fonctions Bluetooth vous permettent de vous connecter \u00e0 l&rsquo;application DreamMapper sur votre appareil intelligent pour suivre les donn\u00e9es de votre cycle de sommeil. L&rsquo;appareil CPAP de voyage DreamStation Go dispose d&rsquo;une batterie rechargeable int\u00e9gr\u00e9e et d&rsquo;un humidificateur chauffant en option. <\/p>\n<p><em>Bonus<\/em>: l&rsquo;appareil est \u00e9galement assorti d&rsquo;une garantie constructeur de deux ans.<\/p>\n<p><strong>CPAP de voyage #2 : ResMed AirMini<\/strong><\/p>\n<p>Le ResMed AirMini est dot\u00e9 de la technologie ActiveAir qui limite efficacement le d\u00e9bit de traitement tout en augmentant r\u00e9guli\u00e8rement la pression de traitement. Il est \u00e9galement dot\u00e9 de la technologie EPR (Expiratory Pressure Relief), qui garantit le confort en r\u00e9duisant la pression pendant l&rsquo;expiration tout en la maintenant aussi basse que possible pendant l&rsquo;inspiration. La technologie HumidX\u2122 fait de cet appareil l&rsquo;un des meilleurs humidificateurs sans eau du march\u00e9, offrant une humidification efficace et confortable.  <\/p>\n<p>Le ResMed AirMini est un appareil de PPC de voyage petit et compact qui peut facilement se glisser dans un bagage \u00e0 main.<\/p>\n<p>L&rsquo;AirMini dispose d&rsquo;une interface de navigation intuitive et d&rsquo;un \u00e9cran LCD lumineux. C&rsquo;est l&rsquo;un des plus petits appareils CPAP au monde, ce qui en fait un partenaire de voyage id\u00e9al pour les patients souffrant d&rsquo;apn\u00e9e du sommeil. <\/p>\n<p>L&rsquo;AirMini est \u00e9galement connu pour ses technologies ResMed, qui offrent une humidification sup\u00e9rieure sans eau pour garantir des r\u00e9sultats th\u00e9rapeutiques s\u00fbrs et efficaces. Cet appareil CPAP de voyage est tr\u00e8s performant. Il est dot\u00e9 d&rsquo;une technologie CPAP pratique et est r\u00e9put\u00e9 pour le grand confort qu&rsquo;il offre aux utilisateurs.  <\/p>\n<p>Cet appareil est r\u00e9put\u00e9 pour ses fonctions SmartStart, AutoRamp, Expiratory Pressure Relief (EPR) et l&rsquo;application AirMini. Gr\u00e2ce \u00e0 l&rsquo;application, vous pouvez facilement ajuster les param\u00e8tres de confort depuis votre appareil intelligent en fonction de vos besoins. Enfin, l&rsquo;AirMini b\u00e9n\u00e9ficie d&rsquo;une garantie de trois ans.  <\/p>\n<p><em>Bonus<\/em>: il ne p\u00e8se que 0,66 livres. L&rsquo;appareil se glisse facilement dans votre sac. Vous pouvez l&#8217;emporter partout avec vous et vous attendre \u00e0 une th\u00e9rapie du sommeil exceptionnelle \u00e0 tout moment et en tout lieu.  <\/p>\n<p><strong>AirMini Travel CPAP : Technologie avanc\u00e9e<\/strong><\/p>\n<p>Le ResMed AirMini est dot\u00e9 de la technologie AutoRamp. Avec un d\u00e9marrage automatique, le ResMed AirMini ajuste doucement le niveau de pression du patient avant d&rsquo;atteindre le niveau de pression th\u00e9rapeutique. Cette option am\u00e9liore la th\u00e9rapie du sommeil en apportant un confort suppl\u00e9mentaire.  <\/p>\n<p>Le ResMed AirMini est \u00e9galement connu pour ses syst\u00e8mes HumidX\u2122 et HumidX\u2122 Plus. Le syst\u00e8me HumidX\u2122 de l&rsquo;AirMini offre les m\u00eames avantages d&rsquo;humidification que les machines CPAP standard. De plus, il vous permet de b\u00e9n\u00e9ficier de tous les avantages de la th\u00e9rapie du sommeil sans avoir \u00e0 transporter de l&rsquo;eau distill\u00e9e.  <\/p>\n<p><strong>Contr\u00f4le facile<\/strong><\/p>\n<p>L&rsquo;application ResMed AirMini vous permet d\u00e9sormais de contr\u00f4ler votre appareil AirMini avec votre smartphone. L&rsquo;application vous permet d&rsquo;acc\u00e9der \u00e0 de nombreux param\u00e8tres et de suivre vos donn\u00e9es de sommeil pendant 30 jours. <em>Bonus<\/em>: l&rsquo;application AirMini peut \u00e9galement d\u00e9tecter les fuites d&rsquo;air du masque, ce qui vous permet de suivre votre niveau de traitement CPAP \u00e0 tout moment. <\/p>\n<p><strong>Petit et silencieux<\/strong><\/p>\n<p>Pesant seulement 0,66 livres et connect\u00e9 avec un petit cordon d&rsquo;alimentation, le ResMed AirMini est un appareil compact qui devrait se glisser dans votre sac de voyage sans aucune difficult\u00e9. La technologie ActiveAir permet d&rsquo;obtenir un appareil CPAP de voyage silencieux avec un niveau sonore de seulement 25-27 d\u00e9cibels. <\/p>\n<p><strong>Voyager avec votre CPAP : Le mot de la fin<\/strong><\/p>\n<p>Pour les voyageurs qui souffrent d&rsquo;<a href=\"https:\/\/dormalab.com\/fr\/apnee-obstructive-du-sommeil\/\" target=\"_new\" rel=\"noopener\">apn\u00e9e du sommeil<\/a>, il est possible de bien dormir avec un appareil CPAP de voyage. Trouvez le bon appareil CPAP de voyage et passez une bonne nuit de sommeil sans g\u00e2cher vos vacances. Si vous souffrez d&rsquo;apn\u00e9e du sommeil, votre <a href=\"https:\/\/dormalab.com\/fr\/pression-positive-continue-ppc\/\" target=\"_new\" rel=\"noopener\">th\u00e9rapie CPAP<\/a> est vitale pour votre sant\u00e9 ; vous devez vous assurer que vous utilisez la bonne machine \u00e0 tout moment pour pr\u00e9server votre sant\u00e9.  <\/p>\n<p>Le choix d&rsquo;un appareil CPAP ne doit pas \u00eatre pris \u00e0 la l\u00e9g\u00e8re. A la Clinique du Sommeil Dorma, nous aidons nos patients \u00e0 trouver l&rsquo;appareil qui correspond \u00e0 leurs besoins. De nombreux facteurs doivent \u00eatre pris en compte lors de l&rsquo;achat d&rsquo;un appareil CPAP. Notre \u00e9quipe de sp\u00e9cialistes du sommeil est l\u00e0 pour vous guider. Demandez-nous conseil, nous nous ferons un plaisir de vous aider. Que vous partiez en vacances d&rsquo;affaires ou que vous alliez voir votre famille, les meilleurs appareils CPAP de voyage peuvent vous aider \u00e0 \u00e9viter les risques de sant\u00e9 \u00e0 long terme.     <\/p>\n<p><strong>Consultez un sp\u00e9cialiste du sommeil d\u00e8s aujourd&rsquo;hui pour en savoir plus sur les appareils CPAP de voyage. Nous proposons une large gamme de machines CPAP et d&rsquo;accessoires. <\/strong><\/p>\n<p>Nous offrons des consultations gratuites et des services d&rsquo;initiation \u00e0 la PPC en ligne ou en personne dans nos cliniques au Qu\u00e9bec. Laissez-nous vous aider \u00e0 mieux dormir. <\/p>\n\t\t\t\t\t\t\t\t<\/div>\n\t\t\t\t<\/div>\n\t\t\t\t\t<\/div>\n\t\t\t\t<\/div>\n\t\t\t\t<\/div>\n\t\t","protected":false},"excerpt":{"rendered":"<p>Il existe diff\u00e9rents mod\u00e8les, syst\u00e8mes, caract\u00e9ristiques et r\u00e9glages de machines CPAP. Pour les amateurs de voyages qui souffrent d&rsquo;apn\u00e9e du sommeil, il est essentiel de trouver le meilleur appareil CPAP de voyage. Si l&rsquo;on vous a diagnostiqu\u00e9 une apn\u00e9e obstructive du sommeil (AOS), vous utilisez peut-\u00eatre un appareil de pression positive continue (PPC) pour vous &#8230; <a title=\"Les meilleurs CPAP de voyage\" class=\"read-more\" href=\"https:\/\/dormalab.com\/fr\/meilleur-cpap-de-voyage\/\" aria-label=\"En savoir plus sur Les meilleurs CPAP de voyage\">Lire la suite<\/a><\/p>\n","protected":false},"author":20,"featured_media":0,"parent":0,"menu_order":0,"comment_status":"closed","ping_status":"closed","template":"","meta":{"footnotes":""},"class_list":["post-34576","page","type-page","status-publish"],"yoast_head":"<!-- This site is optimized with the Yoast SEO plugin v27.5 - https:\/\/yoast.com\/product\/yoast-seo-wordpress\/ -->\n<title>[2021] Le meilleur CPAP de voyage pour des vacances extraordinaires - Dorma Sleep Clinic<\/title>\n<meta name=\"description\" content=\"Si vous souffrez d&#039;apn\u00e9e du sommeil, vous pouvez bien dormir avec un appareil CPAP de voyage. Trouvez le bon appareil CPAP de voyage sans g\u00e2cher vos vacances.\" \/>\n<meta name=\"robots\" content=\"index, follow, max-snippet:-1, max-image-preview:large, max-video-preview:-1\" \/>\n<link rel=\"canonical\" href=\"https:\/\/dormalab.com\/fr\/meilleur-cpap-de-voyage\/\" \/>\n<meta property=\"og:locale\" content=\"fr_FR\" \/>\n<meta property=\"og:type\" content=\"article\" \/>\n<meta property=\"og:title\" content=\"[2021] Le meilleur CPAP de voyage pour des vacances extraordinaires - Dorma Sleep Clinic\" \/>\n<meta property=\"og:description\" content=\"Si vous souffrez d&#039;apn\u00e9e du sommeil, vous pouvez bien dormir avec un appareil CPAP de voyage. Trouvez le bon appareil CPAP de voyage sans g\u00e2cher vos vacances.\" \/>\n<meta property=\"og:url\" content=\"https:\/\/dormalab.com\/fr\/meilleur-cpap-de-voyage\/\" \/>\n<meta property=\"og:site_name\" content=\"Dorma Sleep Clinics\" \/>\n<meta property=\"article:modified_time\" content=\"2024-11-27T01:25:47+00:00\" \/>\n<meta name=\"twitter:card\" content=\"summary_large_image\" \/>\n<meta name=\"twitter:label1\" content=\"Dur\u00e9e de lecture estim\u00e9e\" \/>\n\t<meta name=\"twitter:data1\" content=\"9 minute\" \/>\n<script type=\"application\/ld+json\" class=\"yoast-schema-graph\">{\"@context\":\"https:\\\/\\\/schema.org\",\"@graph\":[{\"@type\":\"WebPage\",\"@id\":\"https:\\\/\\\/dormalab.com\\\/fr\\\/meilleur-cpap-de-voyage\\\/\",\"url\":\"https:\\\/\\\/dormalab.com\\\/fr\\\/meilleur-cpap-de-voyage\\\/\",\"name\":\"[2021] Le meilleur CPAP de voyage pour des vacances extraordinaires - Dorma Sleep Clinic\",\"isPartOf\":{\"@id\":\"https:\\\/\\\/dormalab.com\\\/fr\\\/#website\"},\"datePublished\":\"2021-05-21T17:56:30+00:00\",\"dateModified\":\"2024-11-27T01:25:47+00:00\",\"description\":\"Si vous souffrez d'apn\u00e9e du sommeil, vous pouvez bien dormir avec un appareil CPAP de voyage. Trouvez le bon appareil CPAP de voyage sans g\u00e2cher vos vacances.\",\"breadcrumb\":{\"@id\":\"https:\\\/\\\/dormalab.com\\\/fr\\\/meilleur-cpap-de-voyage\\\/#breadcrumb\"},\"inLanguage\":\"fr-FR\",\"potentialAction\":[{\"@type\":\"ReadAction\",\"target\":[\"https:\\\/\\\/dormalab.com\\\/fr\\\/meilleur-cpap-de-voyage\\\/\"]}]},{\"@type\":\"BreadcrumbList\",\"@id\":\"https:\\\/\\\/dormalab.com\\\/fr\\\/meilleur-cpap-de-voyage\\\/#breadcrumb\",\"itemListElement\":[{\"@type\":\"ListItem\",\"position\":1,\"name\":\"Home\",\"item\":\"https:\\\/\\\/dormalab.com\\\/fr\\\/\"},{\"@type\":\"ListItem\",\"position\":2,\"name\":\"Les meilleurs CPAP de voyage\"}]},{\"@type\":\"WebSite\",\"@id\":\"https:\\\/\\\/dormalab.com\\\/fr\\\/#website\",\"url\":\"https:\\\/\\\/dormalab.com\\\/fr\\\/\",\"name\":\"Dorma Sleep Clinics\",\"description\":\"Sleep Well Live Well\",\"publisher\":{\"@id\":\"https:\\\/\\\/dormalab.com\\\/fr\\\/#organization\"},\"potentialAction\":[{\"@type\":\"SearchAction\",\"target\":{\"@type\":\"EntryPoint\",\"urlTemplate\":\"https:\\\/\\\/dormalab.com\\\/fr\\\/?s={search_term_string}\"},\"query-input\":{\"@type\":\"PropertyValueSpecification\",\"valueRequired\":true,\"valueName\":\"search_term_string\"}}],\"inLanguage\":\"fr-FR\"},{\"@type\":\"Organization\",\"@id\":\"https:\\\/\\\/dormalab.com\\\/fr\\\/#organization\",\"name\":\"Dorma Clinique Du Sommeil\",\"url\":\"https:\\\/\\\/dormalab.com\\\/fr\\\/\",\"logo\":{\"@type\":\"ImageObject\",\"inLanguage\":\"fr-FR\",\"@id\":\"https:\\\/\\\/dormalab.com\\\/fr\\\/#\\\/schema\\\/logo\\\/image\\\/\",\"url\":\"https:\\\/\\\/dormalab.com\\\/wp-content\\\/uploads\\\/2019\\\/10\\\/Dorma-Logotype-RGB-Black-scaled-e1578787470924.png\",\"contentUrl\":\"https:\\\/\\\/dormalab.com\\\/wp-content\\\/uploads\\\/2019\\\/10\\\/Dorma-Logotype-RGB-Black-scaled-e1578787470924.png\",\"width\":120,\"height\":25,\"caption\":\"Dorma Clinique Du Sommeil\"},\"image\":{\"@id\":\"https:\\\/\\\/dormalab.com\\\/fr\\\/#\\\/schema\\\/logo\\\/image\\\/\"}}]}<\/script>\n<!-- \/ Yoast SEO plugin. -->","yoast_head_json":{"title":"[2021] Le meilleur CPAP de voyage pour des vacances extraordinaires - Dorma Sleep Clinic","description":"Si vous souffrez d'apn\u00e9e du sommeil, vous pouvez bien dormir avec un appareil CPAP de voyage. Trouvez le bon appareil CPAP de voyage sans g\u00e2cher vos vacances.","robots":{"index":"index","follow":"follow","max-snippet":"max-snippet:-1","max-image-preview":"max-image-preview:large","max-video-preview":"max-video-preview:-1"},"canonical":"https:\/\/dormalab.com\/fr\/meilleur-cpap-de-voyage\/","og_locale":"fr_FR","og_type":"article","og_title":"[2021] Le meilleur CPAP de voyage pour des vacances extraordinaires - Dorma Sleep Clinic","og_description":"Si vous souffrez d'apn\u00e9e du sommeil, vous pouvez bien dormir avec un appareil CPAP de voyage. Trouvez le bon appareil CPAP de voyage sans g\u00e2cher vos vacances.","og_url":"https:\/\/dormalab.com\/fr\/meilleur-cpap-de-voyage\/","og_site_name":"Dorma Sleep Clinics","article_modified_time":"2024-11-27T01:25:47+00:00","twitter_card":"summary_large_image","twitter_misc":{"Dur\u00e9e de lecture estim\u00e9e":"9 minute"},"schema":{"@context":"https:\/\/schema.org","@graph":[{"@type":"WebPage","@id":"https:\/\/dormalab.com\/fr\/meilleur-cpap-de-voyage\/","url":"https:\/\/dormalab.com\/fr\/meilleur-cpap-de-voyage\/","name":"[2021] Le meilleur CPAP de voyage pour des vacances extraordinaires - Dorma Sleep Clinic","isPartOf":{"@id":"https:\/\/dormalab.com\/fr\/#website"},"datePublished":"2021-05-21T17:56:30+00:00","dateModified":"2024-11-27T01:25:47+00:00","description":"Si vous souffrez d'apn\u00e9e du sommeil, vous pouvez bien dormir avec un appareil CPAP de voyage. Trouvez le bon appareil CPAP de voyage sans g\u00e2cher vos vacances.","breadcrumb":{"@id":"https:\/\/dormalab.com\/fr\/meilleur-cpap-de-voyage\/#breadcrumb"},"inLanguage":"fr-FR","potentialAction":[{"@type":"ReadAction","target":["https:\/\/dormalab.com\/fr\/meilleur-cpap-de-voyage\/"]}]},{"@type":"BreadcrumbList","@id":"https:\/\/dormalab.com\/fr\/meilleur-cpap-de-voyage\/#breadcrumb","itemListElement":[{"@type":"ListItem","position":1,"name":"Home","item":"https:\/\/dormalab.com\/fr\/"},{"@type":"ListItem","position":2,"name":"Les meilleurs CPAP de voyage"}]},{"@type":"WebSite","@id":"https:\/\/dormalab.com\/fr\/#website","url":"https:\/\/dormalab.com\/fr\/","name":"Dorma Sleep Clinics","description":"Sleep Well Live Well","publisher":{"@id":"https:\/\/dormalab.com\/fr\/#organization"},"potentialAction":[{"@type":"SearchAction","target":{"@type":"EntryPoint","urlTemplate":"https:\/\/dormalab.com\/fr\/?s={search_term_string}"},"query-input":{"@type":"PropertyValueSpecification","valueRequired":true,"valueName":"search_term_string"}}],"inLanguage":"fr-FR"},{"@type":"Organization","@id":"https:\/\/dormalab.com\/fr\/#organization","name":"Dorma Clinique Du Sommeil","url":"https:\/\/dormalab.com\/fr\/","logo":{"@type":"ImageObject","inLanguage":"fr-FR","@id":"https:\/\/dormalab.com\/fr\/#\/schema\/logo\/image\/","url":"https:\/\/dormalab.com\/wp-content\/uploads\/2019\/10\/Dorma-Logotype-RGB-Black-scaled-e1578787470924.png","contentUrl":"https:\/\/dormalab.com\/wp-content\/uploads\/2019\/10\/Dorma-Logotype-RGB-Black-scaled-e1578787470924.png","width":120,"height":25,"caption":"Dorma Clinique Du Sommeil"},"image":{"@id":"https:\/\/dormalab.com\/fr\/#\/schema\/logo\/image\/"}}]}},"_links":{"self":[{"href":"https:\/\/dormalab.com\/fr\/wp-json\/wp\/v2\/pages\/34576","targetHints":{"allow":["GET"]}}],"collection":[{"href":"https:\/\/dormalab.com\/fr\/wp-json\/wp\/v2\/pages"}],"about":[{"href":"https:\/\/dormalab.com\/fr\/wp-json\/wp\/v2\/types\/page"}],"author":[{"embeddable":true,"href":"https:\/\/dormalab.com\/fr\/wp-json\/wp\/v2\/users\/20"}],"replies":[{"embeddable":true,"href":"https:\/\/dormalab.com\/fr\/wp-json\/wp\/v2\/comments?post=34576"}],"version-history":[{"count":0,"href":"https:\/\/dormalab.com\/fr\/wp-json\/wp\/v2\/pages\/34576\/revisions"}],"wp:attachment":[{"href":"https:\/\/dormalab.com\/fr\/wp-json\/wp\/v2\/media?parent=34576"}],"curies":[{"name":"wp","href":"https:\/\/api.w.org\/{rel}","templated":true}]}}