{"id":34600,"date":"2021-05-25T16:34:12","date_gmt":"2021-05-25T20:34:12","guid":{"rendered":"https:\/\/dormalab.com\/?page_id=34600"},"modified":"2024-11-26T21:25:40","modified_gmt":"2024-11-27T02:25:40","slug":"comment-utiliser-son-appareil-cpap","status":"publish","type":"page","link":"https:\/\/dormalab.com\/fr\/comment-utiliser-son-appareil-cpap\/","title":{"rendered":"Comment utiliser un appareil CPAP"},"content":{"rendered":"\t\t<div data-elementor-type=\"wp-page\" data-elementor-id=\"34600\" class=\"elementor elementor-34600 elementor-34588\" data-elementor-post-type=\"page\">\n\t\t\t\t<div class=\"elementor-element elementor-element-753c0e43 e-flex e-con-boxed e-con e-parent\" data-id=\"753c0e43\" data-element_type=\"container\" data-e-type=\"container\">\n\t\t\t\t\t<div class=\"e-con-inner\">\n\t\t\t\t<div class=\"elementor-element elementor-element-7e929564 elementor-widget elementor-widget-text-editor\" data-id=\"7e929564\" data-element_type=\"widget\" data-e-type=\"widget\" data-widget_type=\"text-editor.default\">\n\t\t\t\t<div class=\"elementor-widget-container\">\n\t\t\t\t\t\t\t\t\t<p><strong>Comment utiliser votre appareil <a href=\"https:\/\/dormalab.com\/continuous-positive-airflow-pressure-cpap\/\" data-internallinksmanager029f6b8e52c=\"1\" title=\"Continuous Positive Airflow Pressure (CPAP)\">CPAP<\/a><\/strong><\/p>\n<p>Ce que vous devez savoir sur les appareils CPAP : Les machines CPAP sont con\u00e7ues pour fournir une th\u00e9rapie par pression positive continue des voies respiratoires pour les patients souffrant d&rsquo;apn\u00e9e du sommeil. Les appareils de pression positive continue des voies respiratoires (CPAP) distribuent de l&rsquo;air dans les voies respiratoires du patient, emp\u00eachant la gorge de s&rsquo;effondrer. <\/p>\n<p>Veuillez noter que les machines CPAP ne peuvent \u00eatre prescrites que par un m\u00e9decin, vous ne pouvez donc pas acheter un appareil CPAP sans ordonnance. Une fois que votre sp\u00e9cialiste du sommeil a prescrit votre traitement, les param\u00e8tres de pression et les param\u00e8tres de l&rsquo;appareil seront configur\u00e9s pour r\u00e9pondre \u00e0 vos besoins. <\/p>\n<p>De nos jours, il existe une multitude d&rsquo;accessoires disponibles pour rendre votre th\u00e9rapie CPAP confortable. Pour une th\u00e9rapie CPAP en toute s\u00e9curit\u00e9, veuillez suivre les directives fournies par votre sp\u00e9cialiste du sommeil et n&rsquo;h\u00e9sitez pas \u00e0 contacter notre \u00e9quipe m\u00e9dicale pour toute question concernant l&rsquo;utilisation de votre machine CPAP. <\/p>\n<p><strong>Types d&rsquo;appareils CPAP<\/strong><\/p>\n<p>Divers types de machines CPAP sont disponibles : des mod\u00e8les standard pour une utilisation \u00e0 domicile ou des mod\u00e8les compacts (CPAP de voyage) con\u00e7us pour une utilisation en d\u00e9placement. Les machines CPAP sont simples et faciles \u00e0 utiliser. Elles se composent de trois parties principales :  <\/p>\n<ul>\n<li>\n<p><strong>La machine CPAP<\/strong> La machine CPAP est un compresseur d&rsquo;air qui aspire l&rsquo;air ambiant, le met sous pression et distribue le flux d&rsquo;air n\u00e9cessaire pour maintenir les voies respiratoires du patient ouvertes. Un filtre est g\u00e9n\u00e9ralement situ\u00e9 \u00e0 l&rsquo;entr\u00e9e d&rsquo;air de la machine pour filtrer les particules. Le filtre CPAP doit \u00eatre remplac\u00e9 tous les 6 mois.  <\/p>\n<\/li>\n<li>\n<p><strong>Tuyau<\/strong> Le tuyau, ou tube, transporte l&rsquo;air sous pression de la machine CPAP au masque port\u00e9 par le patient souffrant d&rsquo;apn\u00e9e du sommeil. La longueur et le diam\u00e8tre du tuyau varient selon la machine CPAP utilis\u00e9e. <\/p>\n<\/li>\n<li>\n<p><strong>Le masque CPAP<\/strong> Les masques CPAP se d\u00e9clinent en de nombreuses formes et tailles con\u00e7ues pour s&rsquo;adapter \u00e0 tous les visages et offrir un confort optimal \u00e0 l&rsquo;utilisateur. Il existe diff\u00e9rents styles de masques, y compris le masque nasal, le masque CPAP complet et le masque \u00e0 coussinets nasaux. Choisir le bon masque est essentiel pour garantir l&rsquo;efficacit\u00e9 de votre th\u00e9rapie CPAP.  <\/p>\n<\/li>\n<\/ul>\n<p><strong>Configuration de votre machine CPAP<\/strong><\/p>\n<p>Placez votre machine CPAP sur une surface plane et stable. La machine CPAP doit \u00eatre plac\u00e9e pr\u00e8s de votre lit afin que vous puissiez facilement atteindre l&rsquo;appareil lorsque vous \u00eates allong\u00e9. Il est pr\u00e9f\u00e9rable de la placer sur votre table de chevet, en veillant \u00e0 ce que votre appareil soit \u00e9loign\u00e9 de toute source de chaleur ou de tout \u00e9quipement de refroidissement (radiateur, climatiseur, etc.).  <\/p>\n<p><em>Important<\/em> : Pour que votre appareil CPAP fonctionne bien, l&rsquo;air doit pouvoir circuler librement autour de l&rsquo;appareil. Veuillez vous assurer que votre appareil n&rsquo;est obstru\u00e9 par aucun objet. Assurez-vous \u00e9galement que le cordon d&rsquo;alimentation de l&rsquo;appareil CPAP est facilement accessible afin que vous puissiez d\u00e9brancher l&rsquo;appareil.  <\/p>\n<p><strong>Alimentation de la machine CPAP<\/strong><\/p>\n<p>Pour utiliser votre appareil, vous devrez connecter le cordon d&rsquo;alimentation de votre machine CPAP. Une fois connect\u00e9 \u00e0 votre machine, branchez le cordon dans la prise murale. V\u00e9rifiez les connexions sur votre appareil pour garantir une utilisation s\u00fbre et fiable de votre machine CPAP. N&rsquo;oubliez pas de v\u00e9rifier r\u00e9guli\u00e8rement le cordon d&rsquo;alimentation. Si votre cordon pr\u00e9sente des signes d&rsquo;usure ou de dommage, d\u00e9branchez le cordon et remplacez-le. Cela maintiendra la performance de votre machine CPAP.     <\/p>\n<p><strong>Connexion du tuyau<\/strong><\/p>\n<p>Pour commencer votre th\u00e9rapie CPAP, connectez votre appareil au tuyau. Obtenez votre masque CPAP, le tuyau et le harnais. Connectez le tuyau \u00e0 la sortie d&rsquo;air de votre appareil. Ensuite, connectez le tuyau au masque CPAP. Reportez-vous aux instructions fournies avec votre masque CPAP pour une connexion correcte.    <\/p>\n<p><em>Remarque<\/em> : Ne tirez pas sur le tuyau car cela pourrait provoquer des fuites d&rsquo;air. Si le tuyau est endommag\u00e9, remplacez-le imm\u00e9diatement. <\/p>\n<p><strong>Interface Utilisateur<\/strong><\/p>\n<p>L&rsquo;\u00e9cran de navigation de votre appareil vous permet de r\u00e9gler les param\u00e8tres de votre machine et de consulter les informations de traitement. Comme l&rsquo;interface utilisateur diff\u00e8re d&rsquo;une machine CPAP \u00e0 l&rsquo;autre, nous vous recommandons de suivre les instructions d&rsquo;utilisation de l&rsquo;appareil pour tirer le meilleur parti de votre machine CPAP. <\/p>\n<p>Apr\u00e8s avoir configur\u00e9 votre machine CPAP, v\u00e9rifiez votre masque pour d\u00e9tecter des signes de fuite d&rsquo;air. Ajustez votre masque et votre harnais si n\u00e9cessaire pour arr\u00eater toute fuite. <\/p>\n<p>Vous \u00eates maintenant pr\u00eat \u00e0 commencer votre th\u00e9rapie CPAP. Rappelez-vous, pour que votre th\u00e9rapie soit efficace, vous devez utiliser votre CPAP r\u00e9guli\u00e8rement. Pour aider \u00e0 soulager votre apn\u00e9e du sommeil, vous devez utiliser votre CPAP chaque nuit. Si vous arr\u00eatez votre th\u00e9rapie, vos sympt\u00f4mes peuvent r\u00e9appara\u00eetre rapidement, entra\u00eenant des cons\u00e9quences graves pour la sant\u00e9.   <\/p>\n<p><em>Remarque<\/em> : Les informations ci-dessus sont fournies \u00e0 titre de r\u00e9f\u00e9rence uniquement. Les param\u00e8tres de votre appareil CPAP peuvent diff\u00e9rer d&rsquo;une marque \u00e0 l&rsquo;autre, veuillez vous r\u00e9f\u00e9rer aux instructions d&rsquo;utilisation de votre appareil et contacter votre \u00e9quipe m\u00e9dicale pour toute question relative \u00e0 la configuration et \u00e0 l&rsquo;utilisation de votre appareil CPAP. <\/p>\n\t\t\t\t\t\t\t\t<\/div>\n\t\t\t\t<\/div>\n\t\t\t\t\t<\/div>\n\t\t\t\t<\/div>\n\t\t\t\t<\/div>\n\t\t","protected":false},"excerpt":{"rendered":"<p>Comment utiliser votre appareil CPAP Ce que vous devez savoir sur les appareils CPAP : Les machines CPAP sont con\u00e7ues pour fournir une th\u00e9rapie par pression positive continue des voies respiratoires pour les patients souffrant d&rsquo;apn\u00e9e du sommeil. Les appareils de pression positive continue des voies respiratoires (CPAP) distribuent de l&rsquo;air dans les voies respiratoires &#8230; <a title=\"Comment utiliser un appareil CPAP\" class=\"read-more\" href=\"https:\/\/dormalab.com\/fr\/comment-utiliser-son-appareil-cpap\/\" aria-label=\"En savoir plus sur Comment utiliser un appareil CPAP\">Lire la suite<\/a><\/p>\n","protected":false},"author":20,"featured_media":0,"parent":0,"menu_order":0,"comment_status":"closed","ping_status":"closed","template":"","meta":{"footnotes":""},"class_list":["post-34600","page","type-page","status-publish"],"yoast_head":"<!-- This site is optimized with the Yoast SEO plugin v27.4 - https:\/\/yoast.com\/product\/yoast-seo-wordpress\/ -->\n<title>Comment utiliser un appareil CPAP - Dorma Sleep Clinics<\/title>\n<meta name=\"description\" content=\"Divers types d&#039;appareils CPAP sont disponibles pour une utilisation \u00e0 domicile ou con\u00e7us pour les voyages. Un appareil CPAP est simple et facile \u00e0 utiliser.\" \/>\n<meta name=\"robots\" content=\"index, follow, max-snippet:-1, max-image-preview:large, max-video-preview:-1\" \/>\n<link rel=\"canonical\" href=\"https:\/\/dormalab.com\/fr\/comment-utiliser-son-appareil-cpap\/\" \/>\n<meta property=\"og:locale\" content=\"fr_FR\" \/>\n<meta property=\"og:type\" content=\"article\" \/>\n<meta property=\"og:title\" content=\"Comment utiliser un appareil CPAP - Dorma Sleep Clinics\" \/>\n<meta property=\"og:description\" content=\"Divers types d&#039;appareils CPAP sont disponibles pour une utilisation \u00e0 domicile ou con\u00e7us pour les voyages. Un appareil CPAP est simple et facile \u00e0 utiliser.\" \/>\n<meta property=\"og:url\" content=\"https:\/\/dormalab.com\/fr\/comment-utiliser-son-appareil-cpap\/\" \/>\n<meta property=\"og:site_name\" content=\"Dorma Sleep Clinics\" \/>\n<meta property=\"article:modified_time\" content=\"2024-11-27T02:25:40+00:00\" \/>\n<meta name=\"twitter:card\" content=\"summary_large_image\" \/>\n<meta name=\"twitter:label1\" content=\"Dur\u00e9e de lecture estim\u00e9e\" \/>\n\t<meta name=\"twitter:data1\" content=\"5 minute\" \/>\n<script type=\"application\/ld+json\" class=\"yoast-schema-graph\">{\"@context\":\"https:\\\/\\\/schema.org\",\"@graph\":[{\"@type\":\"WebPage\",\"@id\":\"https:\\\/\\\/dormalab.com\\\/fr\\\/comment-utiliser-son-appareil-cpap\\\/\",\"url\":\"https:\\\/\\\/dormalab.com\\\/fr\\\/comment-utiliser-son-appareil-cpap\\\/\",\"name\":\"Comment utiliser un appareil CPAP - Dorma Sleep Clinics\",\"isPartOf\":{\"@id\":\"https:\\\/\\\/dormalab.com\\\/fr\\\/#website\"},\"datePublished\":\"2021-05-25T20:34:12+00:00\",\"dateModified\":\"2024-11-27T02:25:40+00:00\",\"description\":\"Divers types d'appareils CPAP sont disponibles pour une utilisation \u00e0 domicile ou con\u00e7us pour les voyages. Un appareil CPAP est simple et facile \u00e0 utiliser.\",\"breadcrumb\":{\"@id\":\"https:\\\/\\\/dormalab.com\\\/fr\\\/comment-utiliser-son-appareil-cpap\\\/#breadcrumb\"},\"inLanguage\":\"fr-FR\",\"potentialAction\":[{\"@type\":\"ReadAction\",\"target\":[\"https:\\\/\\\/dormalab.com\\\/fr\\\/comment-utiliser-son-appareil-cpap\\\/\"]}]},{\"@type\":\"BreadcrumbList\",\"@id\":\"https:\\\/\\\/dormalab.com\\\/fr\\\/comment-utiliser-son-appareil-cpap\\\/#breadcrumb\",\"itemListElement\":[{\"@type\":\"ListItem\",\"position\":1,\"name\":\"Home\",\"item\":\"https:\\\/\\\/dormalab.com\\\/fr\\\/\"},{\"@type\":\"ListItem\",\"position\":2,\"name\":\"Comment utiliser un appareil CPAP\"}]},{\"@type\":\"WebSite\",\"@id\":\"https:\\\/\\\/dormalab.com\\\/fr\\\/#website\",\"url\":\"https:\\\/\\\/dormalab.com\\\/fr\\\/\",\"name\":\"Dorma Sleep Clinics\",\"description\":\"Sleep Well Live Well\",\"publisher\":{\"@id\":\"https:\\\/\\\/dormalab.com\\\/fr\\\/#organization\"},\"potentialAction\":[{\"@type\":\"SearchAction\",\"target\":{\"@type\":\"EntryPoint\",\"urlTemplate\":\"https:\\\/\\\/dormalab.com\\\/fr\\\/?s={search_term_string}\"},\"query-input\":{\"@type\":\"PropertyValueSpecification\",\"valueRequired\":true,\"valueName\":\"search_term_string\"}}],\"inLanguage\":\"fr-FR\"},{\"@type\":\"Organization\",\"@id\":\"https:\\\/\\\/dormalab.com\\\/fr\\\/#organization\",\"name\":\"Dorma Clinique Du Sommeil\",\"url\":\"https:\\\/\\\/dormalab.com\\\/fr\\\/\",\"logo\":{\"@type\":\"ImageObject\",\"inLanguage\":\"fr-FR\",\"@id\":\"https:\\\/\\\/dormalab.com\\\/fr\\\/#\\\/schema\\\/logo\\\/image\\\/\",\"url\":\"https:\\\/\\\/dormalab.com\\\/wp-content\\\/uploads\\\/2019\\\/10\\\/Dorma-Logotype-RGB-Black-scaled-e1578787470924.png\",\"contentUrl\":\"https:\\\/\\\/dormalab.com\\\/wp-content\\\/uploads\\\/2019\\\/10\\\/Dorma-Logotype-RGB-Black-scaled-e1578787470924.png\",\"width\":120,\"height\":25,\"caption\":\"Dorma Clinique Du Sommeil\"},\"image\":{\"@id\":\"https:\\\/\\\/dormalab.com\\\/fr\\\/#\\\/schema\\\/logo\\\/image\\\/\"}}]}<\/script>\n<!-- \/ Yoast SEO plugin. -->","yoast_head_json":{"title":"Comment utiliser un appareil CPAP - Dorma Sleep Clinics","description":"Divers types d'appareils CPAP sont disponibles pour une utilisation \u00e0 domicile ou con\u00e7us pour les voyages. Un appareil CPAP est simple et facile \u00e0 utiliser.","robots":{"index":"index","follow":"follow","max-snippet":"max-snippet:-1","max-image-preview":"max-image-preview:large","max-video-preview":"max-video-preview:-1"},"canonical":"https:\/\/dormalab.com\/fr\/comment-utiliser-son-appareil-cpap\/","og_locale":"fr_FR","og_type":"article","og_title":"Comment utiliser un appareil CPAP - Dorma Sleep Clinics","og_description":"Divers types d'appareils CPAP sont disponibles pour une utilisation \u00e0 domicile ou con\u00e7us pour les voyages. Un appareil CPAP est simple et facile \u00e0 utiliser.","og_url":"https:\/\/dormalab.com\/fr\/comment-utiliser-son-appareil-cpap\/","og_site_name":"Dorma Sleep Clinics","article_modified_time":"2024-11-27T02:25:40+00:00","twitter_card":"summary_large_image","twitter_misc":{"Dur\u00e9e de lecture estim\u00e9e":"5 minute"},"schema":{"@context":"https:\/\/schema.org","@graph":[{"@type":"WebPage","@id":"https:\/\/dormalab.com\/fr\/comment-utiliser-son-appareil-cpap\/","url":"https:\/\/dormalab.com\/fr\/comment-utiliser-son-appareil-cpap\/","name":"Comment utiliser un appareil CPAP - Dorma Sleep Clinics","isPartOf":{"@id":"https:\/\/dormalab.com\/fr\/#website"},"datePublished":"2021-05-25T20:34:12+00:00","dateModified":"2024-11-27T02:25:40+00:00","description":"Divers types d'appareils CPAP sont disponibles pour une utilisation \u00e0 domicile ou con\u00e7us pour les voyages. Un appareil CPAP est simple et facile \u00e0 utiliser.","breadcrumb":{"@id":"https:\/\/dormalab.com\/fr\/comment-utiliser-son-appareil-cpap\/#breadcrumb"},"inLanguage":"fr-FR","potentialAction":[{"@type":"ReadAction","target":["https:\/\/dormalab.com\/fr\/comment-utiliser-son-appareil-cpap\/"]}]},{"@type":"BreadcrumbList","@id":"https:\/\/dormalab.com\/fr\/comment-utiliser-son-appareil-cpap\/#breadcrumb","itemListElement":[{"@type":"ListItem","position":1,"name":"Home","item":"https:\/\/dormalab.com\/fr\/"},{"@type":"ListItem","position":2,"name":"Comment utiliser un appareil CPAP"}]},{"@type":"WebSite","@id":"https:\/\/dormalab.com\/fr\/#website","url":"https:\/\/dormalab.com\/fr\/","name":"Dorma Sleep Clinics","description":"Sleep Well Live Well","publisher":{"@id":"https:\/\/dormalab.com\/fr\/#organization"},"potentialAction":[{"@type":"SearchAction","target":{"@type":"EntryPoint","urlTemplate":"https:\/\/dormalab.com\/fr\/?s={search_term_string}"},"query-input":{"@type":"PropertyValueSpecification","valueRequired":true,"valueName":"search_term_string"}}],"inLanguage":"fr-FR"},{"@type":"Organization","@id":"https:\/\/dormalab.com\/fr\/#organization","name":"Dorma Clinique Du Sommeil","url":"https:\/\/dormalab.com\/fr\/","logo":{"@type":"ImageObject","inLanguage":"fr-FR","@id":"https:\/\/dormalab.com\/fr\/#\/schema\/logo\/image\/","url":"https:\/\/dormalab.com\/wp-content\/uploads\/2019\/10\/Dorma-Logotype-RGB-Black-scaled-e1578787470924.png","contentUrl":"https:\/\/dormalab.com\/wp-content\/uploads\/2019\/10\/Dorma-Logotype-RGB-Black-scaled-e1578787470924.png","width":120,"height":25,"caption":"Dorma Clinique Du Sommeil"},"image":{"@id":"https:\/\/dormalab.com\/fr\/#\/schema\/logo\/image\/"}}]}},"_links":{"self":[{"href":"https:\/\/dormalab.com\/fr\/wp-json\/wp\/v2\/pages\/34600","targetHints":{"allow":["GET"]}}],"collection":[{"href":"https:\/\/dormalab.com\/fr\/wp-json\/wp\/v2\/pages"}],"about":[{"href":"https:\/\/dormalab.com\/fr\/wp-json\/wp\/v2\/types\/page"}],"author":[{"embeddable":true,"href":"https:\/\/dormalab.com\/fr\/wp-json\/wp\/v2\/users\/20"}],"replies":[{"embeddable":true,"href":"https:\/\/dormalab.com\/fr\/wp-json\/wp\/v2\/comments?post=34600"}],"version-history":[{"count":0,"href":"https:\/\/dormalab.com\/fr\/wp-json\/wp\/v2\/pages\/34600\/revisions"}],"wp:attachment":[{"href":"https:\/\/dormalab.com\/fr\/wp-json\/wp\/v2\/media?parent=34600"}],"curies":[{"name":"wp","href":"https:\/\/api.w.org\/{rel}","templated":true}]}}