{"id":34669,"date":"2021-06-09T12:56:36","date_gmt":"2021-06-09T16:56:36","guid":{"rendered":"https:\/\/dormalab.com\/merci\/"},"modified":"2024-11-26T20:57:32","modified_gmt":"2024-11-27T01:57:32","slug":"merci","status":"publish","type":"page","link":"https:\/\/dormalab.com\/fr\/merci\/","title":{"rendered":"Merci de votre attention."},"content":{"rendered":"\t\t<div data-elementor-type=\"wp-page\" data-elementor-id=\"34669\" class=\"elementor elementor-34669 elementor-34658\" data-elementor-post-type=\"page\">\n\t\t\t\t<div class=\"elementor-element elementor-element-5bd466a2 e-flex e-con-boxed e-con e-parent\" data-id=\"5bd466a2\" data-element_type=\"container\" data-e-type=\"container\">\n\t\t\t\t\t<div class=\"e-con-inner\">\n\t\t\t\t<div class=\"elementor-element elementor-element-3f99bdcb elementor-widget elementor-widget-text-editor\" data-id=\"3f99bdcb\" data-element_type=\"widget\" data-e-type=\"widget\" data-widget_type=\"text-editor.default\">\n\t\t\t\t<div class=\"elementor-widget-container\">\n\t\t\t\t\t\t\t\t\t<p>Nous avons bien re\u00e7u votre demande et un membre de notre \u00e9quipe vous contactera dans les plus brefs d\u00e9lais.<\/p>\n<p>Pour les demandes urgentes, veuillez nous appeler au (514) 360-7753 du lundi au vendredi entre 8h00 et 17h00.<\/p>\n<p>Surveillez votre courrier \u00e9lectronique pour conna\u00eetre notre r\u00e9ponse. Notez que les demandes faites le week-end peuvent prendre plus de temps pour recevoir une r\u00e9ponse. <\/p>\n\t\t\t\t\t\t\t\t<\/div>\n\t\t\t\t<\/div>\n\t\t\t\t\t<\/div>\n\t\t\t\t<\/div>\n\t\t\t\t<\/div>\n\t\t","protected":false},"excerpt":{"rendered":"<p>Nous avons bien re\u00e7u votre demande et un membre de notre \u00e9quipe vous contactera dans les plus brefs d\u00e9lais. Pour les demandes urgentes, veuillez nous appeler au (514) 360-7753 du lundi au vendredi entre 8h00 et 17h00. Surveillez votre courrier \u00e9lectronique pour conna\u00eetre notre r\u00e9ponse. Notez que les demandes faites le week-end peuvent prendre plus &#8230; <a title=\"Merci de votre attention.\" class=\"read-more\" href=\"https:\/\/dormalab.com\/fr\/merci\/\" aria-label=\"En savoir plus sur Merci de votre attention.\">Lire la suite<\/a><\/p>\n","protected":false},"author":20,"featured_media":0,"parent":0,"menu_order":0,"comment_status":"closed","ping_status":"closed","template":"","meta":{"footnotes":""},"class_list":["post-34669","page","type-page","status-publish"],"yoast_head":"<!-- This site is optimized with the Yoast SEO plugin v27.5 - https:\/\/yoast.com\/product\/yoast-seo-wordpress\/ -->\n<title>Merci de votre attention. pour nous avoir contact\u00e9s - Dorma Sleep Clinics<\/title>\n<meta name=\"description\" content=\"Merci de nous avoir contact\u00e9s. Nous avons re\u00e7u votre demande, nous vous contacterons sous peu. Pour les demandes urgentes, vous pouvez nous appeler au (514) 360 7753.\" \/>\n<meta name=\"robots\" content=\"index, follow, max-snippet:-1, max-image-preview:large, max-video-preview:-1\" \/>\n<link rel=\"canonical\" href=\"https:\/\/dormalab.com\/fr\/merci\/\" \/>\n<meta property=\"og:locale\" content=\"fr_FR\" \/>\n<meta property=\"og:type\" content=\"article\" \/>\n<meta property=\"og:title\" content=\"Merci de votre attention. pour nous avoir contact\u00e9s - Dorma Sleep Clinics\" \/>\n<meta property=\"og:description\" content=\"Merci de nous avoir contact\u00e9s. Nous avons re\u00e7u votre demande, nous vous contacterons sous peu. Pour les demandes urgentes, vous pouvez nous appeler au (514) 360 7753.\" \/>\n<meta property=\"og:url\" content=\"https:\/\/dormalab.com\/fr\/merci\/\" \/>\n<meta property=\"og:site_name\" content=\"Dorma Sleep Clinics\" \/>\n<meta property=\"article:modified_time\" content=\"2024-11-27T01:57:32+00:00\" \/>\n<meta name=\"twitter:card\" content=\"summary_large_image\" \/>\n<script type=\"application\/ld+json\" class=\"yoast-schema-graph\">{\"@context\":\"https:\\\/\\\/schema.org\",\"@graph\":[{\"@type\":\"WebPage\",\"@id\":\"https:\\\/\\\/dormalab.com\\\/fr\\\/merci\\\/\",\"url\":\"https:\\\/\\\/dormalab.com\\\/fr\\\/merci\\\/\",\"name\":\"Merci de votre attention. pour nous avoir contact\u00e9s - Dorma Sleep Clinics\",\"isPartOf\":{\"@id\":\"https:\\\/\\\/dormalab.com\\\/fr\\\/#website\"},\"datePublished\":\"2021-06-09T16:56:36+00:00\",\"dateModified\":\"2024-11-27T01:57:32+00:00\",\"description\":\"Merci de nous avoir contact\u00e9s. Nous avons re\u00e7u votre demande, nous vous contacterons sous peu. Pour les demandes urgentes, vous pouvez nous appeler au (514) 360 7753.\",\"breadcrumb\":{\"@id\":\"https:\\\/\\\/dormalab.com\\\/fr\\\/merci\\\/#breadcrumb\"},\"inLanguage\":\"fr-FR\",\"potentialAction\":[{\"@type\":\"ReadAction\",\"target\":[\"https:\\\/\\\/dormalab.com\\\/fr\\\/merci\\\/\"]}]},{\"@type\":\"BreadcrumbList\",\"@id\":\"https:\\\/\\\/dormalab.com\\\/fr\\\/merci\\\/#breadcrumb\",\"itemListElement\":[{\"@type\":\"ListItem\",\"position\":1,\"name\":\"Home\",\"item\":\"https:\\\/\\\/dormalab.com\\\/fr\\\/\"},{\"@type\":\"ListItem\",\"position\":2,\"name\":\"Merci de votre attention.\"}]},{\"@type\":\"WebSite\",\"@id\":\"https:\\\/\\\/dormalab.com\\\/fr\\\/#website\",\"url\":\"https:\\\/\\\/dormalab.com\\\/fr\\\/\",\"name\":\"Dorma Sleep Clinics\",\"description\":\"Sleep Well Live Well\",\"publisher\":{\"@id\":\"https:\\\/\\\/dormalab.com\\\/fr\\\/#organization\"},\"potentialAction\":[{\"@type\":\"SearchAction\",\"target\":{\"@type\":\"EntryPoint\",\"urlTemplate\":\"https:\\\/\\\/dormalab.com\\\/fr\\\/?s={search_term_string}\"},\"query-input\":{\"@type\":\"PropertyValueSpecification\",\"valueRequired\":true,\"valueName\":\"search_term_string\"}}],\"inLanguage\":\"fr-FR\"},{\"@type\":\"Organization\",\"@id\":\"https:\\\/\\\/dormalab.com\\\/fr\\\/#organization\",\"name\":\"Dorma Clinique Du Sommeil\",\"url\":\"https:\\\/\\\/dormalab.com\\\/fr\\\/\",\"logo\":{\"@type\":\"ImageObject\",\"inLanguage\":\"fr-FR\",\"@id\":\"https:\\\/\\\/dormalab.com\\\/fr\\\/#\\\/schema\\\/logo\\\/image\\\/\",\"url\":\"https:\\\/\\\/dormalab.com\\\/wp-content\\\/uploads\\\/2019\\\/10\\\/Dorma-Logotype-RGB-Black-scaled-e1578787470924.png\",\"contentUrl\":\"https:\\\/\\\/dormalab.com\\\/wp-content\\\/uploads\\\/2019\\\/10\\\/Dorma-Logotype-RGB-Black-scaled-e1578787470924.png\",\"width\":120,\"height\":25,\"caption\":\"Dorma Clinique Du Sommeil\"},\"image\":{\"@id\":\"https:\\\/\\\/dormalab.com\\\/fr\\\/#\\\/schema\\\/logo\\\/image\\\/\"}}]}<\/script>\n<!-- \/ Yoast SEO plugin. -->","yoast_head_json":{"title":"Merci de votre attention. pour nous avoir contact\u00e9s - Dorma Sleep Clinics","description":"Merci de nous avoir contact\u00e9s. Nous avons re\u00e7u votre demande, nous vous contacterons sous peu. Pour les demandes urgentes, vous pouvez nous appeler au (514) 360 7753.","robots":{"index":"index","follow":"follow","max-snippet":"max-snippet:-1","max-image-preview":"max-image-preview:large","max-video-preview":"max-video-preview:-1"},"canonical":"https:\/\/dormalab.com\/fr\/merci\/","og_locale":"fr_FR","og_type":"article","og_title":"Merci de votre attention. pour nous avoir contact\u00e9s - Dorma Sleep Clinics","og_description":"Merci de nous avoir contact\u00e9s. Nous avons re\u00e7u votre demande, nous vous contacterons sous peu. Pour les demandes urgentes, vous pouvez nous appeler au (514) 360 7753.","og_url":"https:\/\/dormalab.com\/fr\/merci\/","og_site_name":"Dorma Sleep Clinics","article_modified_time":"2024-11-27T01:57:32+00:00","twitter_card":"summary_large_image","schema":{"@context":"https:\/\/schema.org","@graph":[{"@type":"WebPage","@id":"https:\/\/dormalab.com\/fr\/merci\/","url":"https:\/\/dormalab.com\/fr\/merci\/","name":"Merci de votre attention. pour nous avoir contact\u00e9s - Dorma Sleep Clinics","isPartOf":{"@id":"https:\/\/dormalab.com\/fr\/#website"},"datePublished":"2021-06-09T16:56:36+00:00","dateModified":"2024-11-27T01:57:32+00:00","description":"Merci de nous avoir contact\u00e9s. Nous avons re\u00e7u votre demande, nous vous contacterons sous peu. Pour les demandes urgentes, vous pouvez nous appeler au (514) 360 7753.","breadcrumb":{"@id":"https:\/\/dormalab.com\/fr\/merci\/#breadcrumb"},"inLanguage":"fr-FR","potentialAction":[{"@type":"ReadAction","target":["https:\/\/dormalab.com\/fr\/merci\/"]}]},{"@type":"BreadcrumbList","@id":"https:\/\/dormalab.com\/fr\/merci\/#breadcrumb","itemListElement":[{"@type":"ListItem","position":1,"name":"Home","item":"https:\/\/dormalab.com\/fr\/"},{"@type":"ListItem","position":2,"name":"Merci de votre attention."}]},{"@type":"WebSite","@id":"https:\/\/dormalab.com\/fr\/#website","url":"https:\/\/dormalab.com\/fr\/","name":"Dorma Sleep Clinics","description":"Sleep Well Live Well","publisher":{"@id":"https:\/\/dormalab.com\/fr\/#organization"},"potentialAction":[{"@type":"SearchAction","target":{"@type":"EntryPoint","urlTemplate":"https:\/\/dormalab.com\/fr\/?s={search_term_string}"},"query-input":{"@type":"PropertyValueSpecification","valueRequired":true,"valueName":"search_term_string"}}],"inLanguage":"fr-FR"},{"@type":"Organization","@id":"https:\/\/dormalab.com\/fr\/#organization","name":"Dorma Clinique Du Sommeil","url":"https:\/\/dormalab.com\/fr\/","logo":{"@type":"ImageObject","inLanguage":"fr-FR","@id":"https:\/\/dormalab.com\/fr\/#\/schema\/logo\/image\/","url":"https:\/\/dormalab.com\/wp-content\/uploads\/2019\/10\/Dorma-Logotype-RGB-Black-scaled-e1578787470924.png","contentUrl":"https:\/\/dormalab.com\/wp-content\/uploads\/2019\/10\/Dorma-Logotype-RGB-Black-scaled-e1578787470924.png","width":120,"height":25,"caption":"Dorma Clinique Du Sommeil"},"image":{"@id":"https:\/\/dormalab.com\/fr\/#\/schema\/logo\/image\/"}}]}},"_links":{"self":[{"href":"https:\/\/dormalab.com\/fr\/wp-json\/wp\/v2\/pages\/34669","targetHints":{"allow":["GET"]}}],"collection":[{"href":"https:\/\/dormalab.com\/fr\/wp-json\/wp\/v2\/pages"}],"about":[{"href":"https:\/\/dormalab.com\/fr\/wp-json\/wp\/v2\/types\/page"}],"author":[{"embeddable":true,"href":"https:\/\/dormalab.com\/fr\/wp-json\/wp\/v2\/users\/20"}],"replies":[{"embeddable":true,"href":"https:\/\/dormalab.com\/fr\/wp-json\/wp\/v2\/comments?post=34669"}],"version-history":[{"count":0,"href":"https:\/\/dormalab.com\/fr\/wp-json\/wp\/v2\/pages\/34669\/revisions"}],"wp:attachment":[{"href":"https:\/\/dormalab.com\/fr\/wp-json\/wp\/v2\/media?parent=34669"}],"curies":[{"name":"wp","href":"https:\/\/api.w.org\/{rel}","templated":true}]}}