{"id":34785,"date":"2021-06-22T14:49:22","date_gmt":"2021-06-22T18:49:22","guid":{"rendered":"https:\/\/dormalab.com\/receptionniste-assistante\/"},"modified":"2021-06-22T14:51:13","modified_gmt":"2021-06-22T18:51:13","slug":"receptionniste-assistante","status":"publish","type":"page","link":"https:\/\/dormalab.com\/fr\/receptionniste-assistante\/","title":{"rendered":"R\u00e9ceptionnist(e)\/Assistant(e)"},"content":{"rendered":"<p>[vc_row][vc_column][vc_column_text]<\/p>\n<h1 class=\"p1\"><span class=\"s1\"><b>R\u00e9ceptionniste\/Assistant(e)<\/b><\/span><\/h1>\n<p>&nbsp;<\/p>\n<p class=\"p1\"><b>Clinique Dorma Soins du Sommeil<br \/>\nSitu\u00e9e: <\/b>Centre Ville de Montr\u00e9al et Montr\u00e9al Nord<\/p>\n<p class=\"p1\"><b>Horaire:<\/b> Lundi au vendredi de 8h \u00e0 17h (aucune fin de semaine)<\/p>\n<p class=\"p1\"><b>Salaire: <\/b>\u00c0 discuter<\/p>\n<p>&nbsp;<\/p>\n<p class=\"p1\"><b>Comp\u00e9tences requises :<\/b><\/p>\n<ul>\n<li>Avoir la capacit\u00e9 et la volont\u00e9 d\u2019apprendre de nouvelles connaissances, beaucoup d\u2019informations \u00e0 m\u00e9moriser.<\/li>\n<li>Poss\u00e9der une excellente aptitude aux communications interpersonnelles (bilinguisme est requis \u00e0 l\u2019oral comme \u00e0 l\u2019\u00e9crit).<\/li>\n<li>Avoir des m\u00e9thodes de travail efficaces, rapides et organis\u00e9es.<\/li>\n<li>Avoir une bonne ma\u00eetrise des logiciels informatiques.<\/li>\n<li>\u00catre orient\u00e9 service \u00e0 la client\u00e8le et savoir g\u00e9rer son temps.<\/li>\n<li>Savoir \u00e9couter et travailler en \u00e9quipe.<\/li>\n<li>\u00catre capable de s\u2019adapter rapidement \u00e0 diff\u00e9rentes situations.<\/li>\n<li>Respecter le droit \u00e0 la confidentialit\u00e9 des patients et \u00eatre en mesure de travailler avec discr\u00e9tion.<\/li>\n<li>Avoir la capacit\u00e9 de travailler avec des personnalit\u00e9s diff\u00e9rentes.<\/li>\n<\/ul>\n<p class=\"p3\"><b>T\u00e2ches principales :<\/b><\/p>\n<ul class=\"ul1\">\n<li class=\"li3\">R\u00e9pondre au t\u00e9l\u00e9phone et \u00eatre en mesure de fournir les informations n\u00e9cessaires aux patients.<\/li>\n<li class=\"li3\">Prise de rendez-vous.<\/li>\n<li class=\"li3\">S\u2019assurer d\u2019offrir un bon service \u00e0 la client\u00e8le aupr\u00e8s des patients.<\/li>\n<li class=\"li3\">Effectuer les paiements.<\/li>\n<li class=\"li3\">Effectuer les suivis patients.<\/li>\n<li class=\"li3\">Ouvrir les horaires des m\u00e9decins<\/li>\n<li class=\"li3\">Assister les m\u00e9decins pour la st\u00e9rilisation<\/li>\n<li class=\"li3\">Les autres t\u00e2ches seront discut\u00e9 en entrevue.<\/li>\n<\/ul>\n<p class=\"p3\">Au plaisir de travailler avec vous!<\/p>\n<p>La clinique suit \u00e0 la lettre les directives de la sant\u00e9 publique. Nos installations ont \u00e9t\u00e9 adapt\u00e9es \u00e0 la situation actuelle afin de prot\u00e9ger nos employ\u00e9s ainsi que nos patients. Les mesures de sant\u00e9 s\u00e9curit\u00e9 vous seront bien expliqu\u00e9s.<\/p>\n<p>&nbsp;<\/p>\n<p><strong>Pour postuler, envoyez votre candidature \u00e0 <a href=\"mailto:info@dormalab.com\">info@dormalab.com<\/a> en mentionnant l&rsquo;intitul\u00e9 du poste dans l&rsquo;objet du courriel.<\/strong>[\/vc_column_text][\/vc_column][\/vc_row]<\/p>\n","protected":false},"excerpt":{"rendered":"<p>[vc_row][vc_column][vc_column_text] R\u00e9ceptionniste\/Assistant(e) &nbsp; Clinique Dorma Soins du Sommeil Situ\u00e9e: Centre Ville de Montr\u00e9al et Montr\u00e9al Nord Horaire: Lundi au vendredi de 8h \u00e0 17h (aucune fin de semaine) Salaire: \u00c0 discuter &nbsp; Comp\u00e9tences requises : Avoir la capacit\u00e9 et la volont\u00e9 d\u2019apprendre de nouvelles connaissances, beaucoup d\u2019informations \u00e0 m\u00e9moriser. Poss\u00e9der une excellente aptitude aux communications &#8230; <a title=\"R\u00e9ceptionnist(e)\/Assistant(e)\" class=\"read-more\" href=\"https:\/\/dormalab.com\/fr\/receptionniste-assistante\/\" aria-label=\"En savoir plus sur R\u00e9ceptionnist(e)\/Assistant(e)\">Lire la suite<\/a><\/p>\n","protected":false},"author":20,"featured_media":0,"parent":0,"menu_order":0,"comment_status":"closed","ping_status":"closed","template":"","meta":{"footnotes":""},"class_list":["post-34785","page","type-page","status-publish"],"yoast_head":"<!-- This site is optimized with the Yoast SEO plugin v27.5 - https:\/\/yoast.com\/product\/yoast-seo-wordpress\/ -->\n<title>Poste \u00e0 pourvoir : R\u00e9ceptionnist(e)\/Assistant(e) - Dorma Sleep Clinics<\/title>\n<meta name=\"description\" content=\"Dorma Lab est pr\u00e9sentement \u00e0 la recherche d\u2019un(e) r\u00e9ceptionniste\/assistant(e) pour compl\u00e9ter son \u00e9quipe. N&#039;h\u00e9sitez pas \u00e0 postuler !\" \/>\n<meta name=\"robots\" content=\"index, follow, max-snippet:-1, max-image-preview:large, max-video-preview:-1\" \/>\n<link rel=\"canonical\" href=\"https:\/\/dormalab.com\/fr\/receptionniste-assistante\/\" \/>\n<meta property=\"og:locale\" content=\"fr_FR\" \/>\n<meta property=\"og:type\" content=\"article\" \/>\n<meta property=\"og:title\" content=\"Poste \u00e0 pourvoir : R\u00e9ceptionnist(e)\/Assistant(e) - Dorma Sleep Clinics\" \/>\n<meta property=\"og:description\" content=\"Dorma Lab est pr\u00e9sentement \u00e0 la recherche d\u2019un(e) r\u00e9ceptionniste\/assistant(e) pour compl\u00e9ter son \u00e9quipe. N&#039;h\u00e9sitez pas \u00e0 postuler !\" \/>\n<meta property=\"og:url\" content=\"https:\/\/dormalab.com\/fr\/receptionniste-assistante\/\" \/>\n<meta property=\"og:site_name\" content=\"Dorma Sleep Clinics\" \/>\n<meta property=\"article:modified_time\" content=\"2021-06-22T18:51:13+00:00\" \/>\n<meta name=\"twitter:card\" content=\"summary_large_image\" \/>\n<meta name=\"twitter:label1\" content=\"Dur\u00e9e de lecture estim\u00e9e\" \/>\n\t<meta name=\"twitter:data1\" content=\"1 minute\" \/>\n<script type=\"application\/ld+json\" class=\"yoast-schema-graph\">{\"@context\":\"https:\\\/\\\/schema.org\",\"@graph\":[{\"@type\":\"WebPage\",\"@id\":\"https:\\\/\\\/dormalab.com\\\/fr\\\/receptionniste-assistante\\\/\",\"url\":\"https:\\\/\\\/dormalab.com\\\/fr\\\/receptionniste-assistante\\\/\",\"name\":\"Poste \u00e0 pourvoir : R\u00e9ceptionnist(e)\\\/Assistant(e) - Dorma Sleep Clinics\",\"isPartOf\":{\"@id\":\"https:\\\/\\\/dormalab.com\\\/fr\\\/#website\"},\"datePublished\":\"2021-06-22T18:49:22+00:00\",\"dateModified\":\"2021-06-22T18:51:13+00:00\",\"description\":\"Dorma Lab est pr\u00e9sentement \u00e0 la recherche d\u2019un(e) r\u00e9ceptionniste\\\/assistant(e) pour compl\u00e9ter son \u00e9quipe. N'h\u00e9sitez pas \u00e0 postuler !\",\"breadcrumb\":{\"@id\":\"https:\\\/\\\/dormalab.com\\\/fr\\\/receptionniste-assistante\\\/#breadcrumb\"},\"inLanguage\":\"fr-FR\",\"potentialAction\":[{\"@type\":\"ReadAction\",\"target\":[\"https:\\\/\\\/dormalab.com\\\/fr\\\/receptionniste-assistante\\\/\"]}]},{\"@type\":\"BreadcrumbList\",\"@id\":\"https:\\\/\\\/dormalab.com\\\/fr\\\/receptionniste-assistante\\\/#breadcrumb\",\"itemListElement\":[{\"@type\":\"ListItem\",\"position\":1,\"name\":\"Home\",\"item\":\"https:\\\/\\\/dormalab.com\\\/fr\\\/\"},{\"@type\":\"ListItem\",\"position\":2,\"name\":\"R\u00e9ceptionnist(e)\\\/Assistant(e)\"}]},{\"@type\":\"WebSite\",\"@id\":\"https:\\\/\\\/dormalab.com\\\/fr\\\/#website\",\"url\":\"https:\\\/\\\/dormalab.com\\\/fr\\\/\",\"name\":\"Dorma Sleep Clinics\",\"description\":\"Sleep Well Live Well\",\"publisher\":{\"@id\":\"https:\\\/\\\/dormalab.com\\\/fr\\\/#organization\"},\"potentialAction\":[{\"@type\":\"SearchAction\",\"target\":{\"@type\":\"EntryPoint\",\"urlTemplate\":\"https:\\\/\\\/dormalab.com\\\/fr\\\/?s={search_term_string}\"},\"query-input\":{\"@type\":\"PropertyValueSpecification\",\"valueRequired\":true,\"valueName\":\"search_term_string\"}}],\"inLanguage\":\"fr-FR\"},{\"@type\":\"Organization\",\"@id\":\"https:\\\/\\\/dormalab.com\\\/fr\\\/#organization\",\"name\":\"Dorma Clinique Du Sommeil\",\"url\":\"https:\\\/\\\/dormalab.com\\\/fr\\\/\",\"logo\":{\"@type\":\"ImageObject\",\"inLanguage\":\"fr-FR\",\"@id\":\"https:\\\/\\\/dormalab.com\\\/fr\\\/#\\\/schema\\\/logo\\\/image\\\/\",\"url\":\"https:\\\/\\\/dormalab.com\\\/wp-content\\\/uploads\\\/2019\\\/10\\\/Dorma-Logotype-RGB-Black-scaled-e1578787470924.png\",\"contentUrl\":\"https:\\\/\\\/dormalab.com\\\/wp-content\\\/uploads\\\/2019\\\/10\\\/Dorma-Logotype-RGB-Black-scaled-e1578787470924.png\",\"width\":120,\"height\":25,\"caption\":\"Dorma Clinique Du Sommeil\"},\"image\":{\"@id\":\"https:\\\/\\\/dormalab.com\\\/fr\\\/#\\\/schema\\\/logo\\\/image\\\/\"}}]}<\/script>\n<!-- \/ Yoast SEO plugin. -->","yoast_head_json":{"title":"Poste \u00e0 pourvoir : R\u00e9ceptionnist(e)\/Assistant(e) - Dorma Sleep Clinics","description":"Dorma Lab est pr\u00e9sentement \u00e0 la recherche d\u2019un(e) r\u00e9ceptionniste\/assistant(e) pour compl\u00e9ter son \u00e9quipe. N'h\u00e9sitez pas \u00e0 postuler !","robots":{"index":"index","follow":"follow","max-snippet":"max-snippet:-1","max-image-preview":"max-image-preview:large","max-video-preview":"max-video-preview:-1"},"canonical":"https:\/\/dormalab.com\/fr\/receptionniste-assistante\/","og_locale":"fr_FR","og_type":"article","og_title":"Poste \u00e0 pourvoir : R\u00e9ceptionnist(e)\/Assistant(e) - Dorma Sleep Clinics","og_description":"Dorma Lab est pr\u00e9sentement \u00e0 la recherche d\u2019un(e) r\u00e9ceptionniste\/assistant(e) pour compl\u00e9ter son \u00e9quipe. N'h\u00e9sitez pas \u00e0 postuler !","og_url":"https:\/\/dormalab.com\/fr\/receptionniste-assistante\/","og_site_name":"Dorma Sleep Clinics","article_modified_time":"2021-06-22T18:51:13+00:00","twitter_card":"summary_large_image","twitter_misc":{"Dur\u00e9e de lecture estim\u00e9e":"1 minute"},"schema":{"@context":"https:\/\/schema.org","@graph":[{"@type":"WebPage","@id":"https:\/\/dormalab.com\/fr\/receptionniste-assistante\/","url":"https:\/\/dormalab.com\/fr\/receptionniste-assistante\/","name":"Poste \u00e0 pourvoir : R\u00e9ceptionnist(e)\/Assistant(e) - Dorma Sleep Clinics","isPartOf":{"@id":"https:\/\/dormalab.com\/fr\/#website"},"datePublished":"2021-06-22T18:49:22+00:00","dateModified":"2021-06-22T18:51:13+00:00","description":"Dorma Lab est pr\u00e9sentement \u00e0 la recherche d\u2019un(e) r\u00e9ceptionniste\/assistant(e) pour compl\u00e9ter son \u00e9quipe. N'h\u00e9sitez pas \u00e0 postuler !","breadcrumb":{"@id":"https:\/\/dormalab.com\/fr\/receptionniste-assistante\/#breadcrumb"},"inLanguage":"fr-FR","potentialAction":[{"@type":"ReadAction","target":["https:\/\/dormalab.com\/fr\/receptionniste-assistante\/"]}]},{"@type":"BreadcrumbList","@id":"https:\/\/dormalab.com\/fr\/receptionniste-assistante\/#breadcrumb","itemListElement":[{"@type":"ListItem","position":1,"name":"Home","item":"https:\/\/dormalab.com\/fr\/"},{"@type":"ListItem","position":2,"name":"R\u00e9ceptionnist(e)\/Assistant(e)"}]},{"@type":"WebSite","@id":"https:\/\/dormalab.com\/fr\/#website","url":"https:\/\/dormalab.com\/fr\/","name":"Dorma Sleep Clinics","description":"Sleep Well Live Well","publisher":{"@id":"https:\/\/dormalab.com\/fr\/#organization"},"potentialAction":[{"@type":"SearchAction","target":{"@type":"EntryPoint","urlTemplate":"https:\/\/dormalab.com\/fr\/?s={search_term_string}"},"query-input":{"@type":"PropertyValueSpecification","valueRequired":true,"valueName":"search_term_string"}}],"inLanguage":"fr-FR"},{"@type":"Organization","@id":"https:\/\/dormalab.com\/fr\/#organization","name":"Dorma Clinique Du Sommeil","url":"https:\/\/dormalab.com\/fr\/","logo":{"@type":"ImageObject","inLanguage":"fr-FR","@id":"https:\/\/dormalab.com\/fr\/#\/schema\/logo\/image\/","url":"https:\/\/dormalab.com\/wp-content\/uploads\/2019\/10\/Dorma-Logotype-RGB-Black-scaled-e1578787470924.png","contentUrl":"https:\/\/dormalab.com\/wp-content\/uploads\/2019\/10\/Dorma-Logotype-RGB-Black-scaled-e1578787470924.png","width":120,"height":25,"caption":"Dorma Clinique Du Sommeil"},"image":{"@id":"https:\/\/dormalab.com\/fr\/#\/schema\/logo\/image\/"}}]}},"_links":{"self":[{"href":"https:\/\/dormalab.com\/fr\/wp-json\/wp\/v2\/pages\/34785","targetHints":{"allow":["GET"]}}],"collection":[{"href":"https:\/\/dormalab.com\/fr\/wp-json\/wp\/v2\/pages"}],"about":[{"href":"https:\/\/dormalab.com\/fr\/wp-json\/wp\/v2\/types\/page"}],"author":[{"embeddable":true,"href":"https:\/\/dormalab.com\/fr\/wp-json\/wp\/v2\/users\/20"}],"replies":[{"embeddable":true,"href":"https:\/\/dormalab.com\/fr\/wp-json\/wp\/v2\/comments?post=34785"}],"version-history":[{"count":0,"href":"https:\/\/dormalab.com\/fr\/wp-json\/wp\/v2\/pages\/34785\/revisions"}],"wp:attachment":[{"href":"https:\/\/dormalab.com\/fr\/wp-json\/wp\/v2\/media?parent=34785"}],"curies":[{"name":"wp","href":"https:\/\/api.w.org\/{rel}","templated":true}]}}