{"id":35037,"date":"2021-08-30T08:24:16","date_gmt":"2021-08-30T12:24:16","guid":{"rendered":"https:\/\/dormalab.com\/contact-complet\/"},"modified":"2024-11-26T20:59:44","modified_gmt":"2024-11-27T01:59:44","slug":"contact-complet","status":"publish","type":"page","link":"https:\/\/dormalab.com\/fr\/contact-complet\/","title":{"rendered":"Contact Complet"},"content":{"rendered":"\t\t<div data-elementor-type=\"wp-page\" data-elementor-id=\"35037\" class=\"elementor elementor-35037 elementor-35034\" data-elementor-post-type=\"page\">\n\t\t\t\t<div class=\"elementor-element elementor-element-2be20bc9 e-flex e-con-boxed e-con e-parent\" data-id=\"2be20bc9\" data-element_type=\"container\" data-e-type=\"container\">\n\t\t\t\t\t<div class=\"e-con-inner\">\n\t\t\t\t<div class=\"elementor-element elementor-element-70b3a356 elementor-widget elementor-widget-text-editor\" data-id=\"70b3a356\" data-element_type=\"widget\" data-e-type=\"widget\" data-widget_type=\"text-editor.default\">\n\t\t\t\t<div class=\"elementor-widget-container\">\n\t\t\t\t\t\t\t\t\t<div>\n<h2 class=\"elementor-heading-title elementor-size-default\">Nous nous r\u00e9jouissons de vous rencontrer prochainement<\/h2>\n<p>Merci de nous avoir contact\u00e9s. Nous avons bien re\u00e7u votre message et un membre de notre \u00e9quipe vous contactera sous peu. Si vous avez besoin de parler \u00e0 un membre de notre \u00e9quipe de toute urgence, n&rsquo;h\u00e9sitez pas \u00e0 nous appeler au <a href=\"tel:\/\/18552185186\"><strong>1-(855)-218-5186<\/strong><\/a> du lundi au vendredi de 8h \u00e0 17h.  <\/p>\n<\/div>\n\n\n<p><\/p>\n\t\t\t\t\t\t\t\t<\/div>\n\t\t\t\t<\/div>\n\t\t\t\t\t<\/div>\n\t\t\t\t<\/div>\n\t\t\t\t<\/div>\n\t\t","protected":false},"excerpt":{"rendered":"<p>Nous nous r\u00e9jouissons de vous rencontrer prochainement Merci de nous avoir contact\u00e9s. Nous avons bien re\u00e7u votre message et un membre de notre \u00e9quipe vous contactera sous peu. Si vous avez besoin de parler \u00e0 un membre de notre \u00e9quipe de toute urgence, n&rsquo;h\u00e9sitez pas \u00e0 nous appeler au 1-(855)-218-5186 du lundi au vendredi de &#8230; <a title=\"Contact Complet\" class=\"read-more\" href=\"https:\/\/dormalab.com\/fr\/contact-complet\/\" aria-label=\"En savoir plus sur Contact Complet\">Lire la suite<\/a><\/p>\n","protected":false},"author":20,"featured_media":0,"parent":0,"menu_order":0,"comment_status":"closed","ping_status":"closed","template":"","meta":{"footnotes":""},"class_list":["post-35037","page","type-page","status-publish"],"yoast_head":"<!-- This site is optimized with the Yoast SEO plugin v27.4 - https:\/\/yoast.com\/product\/yoast-seo-wordpress\/ -->\n<title>Contact Complet - Dorma Sleep Clinics<\/title>\n<meta name=\"robots\" content=\"index, follow, max-snippet:-1, max-image-preview:large, max-video-preview:-1\" \/>\n<link rel=\"canonical\" href=\"https:\/\/dormalab.com\/fr\/contact-complet\/\" \/>\n<meta property=\"og:locale\" content=\"fr_FR\" \/>\n<meta property=\"og:type\" content=\"article\" \/>\n<meta property=\"og:title\" content=\"Contact Complet - Dorma Sleep Clinics\" \/>\n<meta property=\"og:description\" content=\"Nous nous r\u00e9jouissons de vous rencontrer prochainement Merci de nous avoir contact\u00e9s. Nous avons bien re\u00e7u votre message et un membre de notre \u00e9quipe vous contactera sous peu. Si vous avez besoin de parler \u00e0 un membre de notre \u00e9quipe de toute urgence, n&rsquo;h\u00e9sitez pas \u00e0 nous appeler au 1-(855)-218-5186 du lundi au vendredi de ... Lire la suite\" \/>\n<meta property=\"og:url\" content=\"https:\/\/dormalab.com\/fr\/contact-complet\/\" \/>\n<meta property=\"og:site_name\" content=\"Dorma Sleep Clinics\" \/>\n<meta property=\"article:modified_time\" content=\"2024-11-27T01:59:44+00:00\" \/>\n<meta name=\"twitter:card\" content=\"summary_large_image\" \/>\n<script type=\"application\/ld+json\" class=\"yoast-schema-graph\">{\"@context\":\"https:\\\/\\\/schema.org\",\"@graph\":[{\"@type\":\"WebPage\",\"@id\":\"https:\\\/\\\/dormalab.com\\\/fr\\\/contact-complet\\\/\",\"url\":\"https:\\\/\\\/dormalab.com\\\/fr\\\/contact-complet\\\/\",\"name\":\"Contact Complet - Dorma Sleep Clinics\",\"isPartOf\":{\"@id\":\"https:\\\/\\\/dormalab.com\\\/fr\\\/#website\"},\"datePublished\":\"2021-08-30T12:24:16+00:00\",\"dateModified\":\"2024-11-27T01:59:44+00:00\",\"breadcrumb\":{\"@id\":\"https:\\\/\\\/dormalab.com\\\/fr\\\/contact-complet\\\/#breadcrumb\"},\"inLanguage\":\"fr-FR\",\"potentialAction\":[{\"@type\":\"ReadAction\",\"target\":[\"https:\\\/\\\/dormalab.com\\\/fr\\\/contact-complet\\\/\"]}]},{\"@type\":\"BreadcrumbList\",\"@id\":\"https:\\\/\\\/dormalab.com\\\/fr\\\/contact-complet\\\/#breadcrumb\",\"itemListElement\":[{\"@type\":\"ListItem\",\"position\":1,\"name\":\"Home\",\"item\":\"https:\\\/\\\/dormalab.com\\\/fr\\\/\"},{\"@type\":\"ListItem\",\"position\":2,\"name\":\"Contact Complet\"}]},{\"@type\":\"WebSite\",\"@id\":\"https:\\\/\\\/dormalab.com\\\/fr\\\/#website\",\"url\":\"https:\\\/\\\/dormalab.com\\\/fr\\\/\",\"name\":\"Dorma Sleep Clinics\",\"description\":\"Sleep Well Live Well\",\"publisher\":{\"@id\":\"https:\\\/\\\/dormalab.com\\\/fr\\\/#organization\"},\"potentialAction\":[{\"@type\":\"SearchAction\",\"target\":{\"@type\":\"EntryPoint\",\"urlTemplate\":\"https:\\\/\\\/dormalab.com\\\/fr\\\/?s={search_term_string}\"},\"query-input\":{\"@type\":\"PropertyValueSpecification\",\"valueRequired\":true,\"valueName\":\"search_term_string\"}}],\"inLanguage\":\"fr-FR\"},{\"@type\":\"Organization\",\"@id\":\"https:\\\/\\\/dormalab.com\\\/fr\\\/#organization\",\"name\":\"Dorma Clinique Du Sommeil\",\"url\":\"https:\\\/\\\/dormalab.com\\\/fr\\\/\",\"logo\":{\"@type\":\"ImageObject\",\"inLanguage\":\"fr-FR\",\"@id\":\"https:\\\/\\\/dormalab.com\\\/fr\\\/#\\\/schema\\\/logo\\\/image\\\/\",\"url\":\"https:\\\/\\\/dormalab.com\\\/wp-content\\\/uploads\\\/2019\\\/10\\\/Dorma-Logotype-RGB-Black-scaled-e1578787470924.png\",\"contentUrl\":\"https:\\\/\\\/dormalab.com\\\/wp-content\\\/uploads\\\/2019\\\/10\\\/Dorma-Logotype-RGB-Black-scaled-e1578787470924.png\",\"width\":120,\"height\":25,\"caption\":\"Dorma Clinique Du Sommeil\"},\"image\":{\"@id\":\"https:\\\/\\\/dormalab.com\\\/fr\\\/#\\\/schema\\\/logo\\\/image\\\/\"}}]}<\/script>\n<!-- \/ Yoast SEO plugin. -->","yoast_head_json":{"title":"Contact Complet - Dorma Sleep Clinics","robots":{"index":"index","follow":"follow","max-snippet":"max-snippet:-1","max-image-preview":"max-image-preview:large","max-video-preview":"max-video-preview:-1"},"canonical":"https:\/\/dormalab.com\/fr\/contact-complet\/","og_locale":"fr_FR","og_type":"article","og_title":"Contact Complet - Dorma Sleep Clinics","og_description":"Nous nous r\u00e9jouissons de vous rencontrer prochainement Merci de nous avoir contact\u00e9s. Nous avons bien re\u00e7u votre message et un membre de notre \u00e9quipe vous contactera sous peu. Si vous avez besoin de parler \u00e0 un membre de notre \u00e9quipe de toute urgence, n&rsquo;h\u00e9sitez pas \u00e0 nous appeler au 1-(855)-218-5186 du lundi au vendredi de ... Lire la suite","og_url":"https:\/\/dormalab.com\/fr\/contact-complet\/","og_site_name":"Dorma Sleep Clinics","article_modified_time":"2024-11-27T01:59:44+00:00","twitter_card":"summary_large_image","schema":{"@context":"https:\/\/schema.org","@graph":[{"@type":"WebPage","@id":"https:\/\/dormalab.com\/fr\/contact-complet\/","url":"https:\/\/dormalab.com\/fr\/contact-complet\/","name":"Contact Complet - Dorma Sleep Clinics","isPartOf":{"@id":"https:\/\/dormalab.com\/fr\/#website"},"datePublished":"2021-08-30T12:24:16+00:00","dateModified":"2024-11-27T01:59:44+00:00","breadcrumb":{"@id":"https:\/\/dormalab.com\/fr\/contact-complet\/#breadcrumb"},"inLanguage":"fr-FR","potentialAction":[{"@type":"ReadAction","target":["https:\/\/dormalab.com\/fr\/contact-complet\/"]}]},{"@type":"BreadcrumbList","@id":"https:\/\/dormalab.com\/fr\/contact-complet\/#breadcrumb","itemListElement":[{"@type":"ListItem","position":1,"name":"Home","item":"https:\/\/dormalab.com\/fr\/"},{"@type":"ListItem","position":2,"name":"Contact Complet"}]},{"@type":"WebSite","@id":"https:\/\/dormalab.com\/fr\/#website","url":"https:\/\/dormalab.com\/fr\/","name":"Dorma Sleep Clinics","description":"Sleep Well Live Well","publisher":{"@id":"https:\/\/dormalab.com\/fr\/#organization"},"potentialAction":[{"@type":"SearchAction","target":{"@type":"EntryPoint","urlTemplate":"https:\/\/dormalab.com\/fr\/?s={search_term_string}"},"query-input":{"@type":"PropertyValueSpecification","valueRequired":true,"valueName":"search_term_string"}}],"inLanguage":"fr-FR"},{"@type":"Organization","@id":"https:\/\/dormalab.com\/fr\/#organization","name":"Dorma Clinique Du Sommeil","url":"https:\/\/dormalab.com\/fr\/","logo":{"@type":"ImageObject","inLanguage":"fr-FR","@id":"https:\/\/dormalab.com\/fr\/#\/schema\/logo\/image\/","url":"https:\/\/dormalab.com\/wp-content\/uploads\/2019\/10\/Dorma-Logotype-RGB-Black-scaled-e1578787470924.png","contentUrl":"https:\/\/dormalab.com\/wp-content\/uploads\/2019\/10\/Dorma-Logotype-RGB-Black-scaled-e1578787470924.png","width":120,"height":25,"caption":"Dorma Clinique Du Sommeil"},"image":{"@id":"https:\/\/dormalab.com\/fr\/#\/schema\/logo\/image\/"}}]}},"_links":{"self":[{"href":"https:\/\/dormalab.com\/fr\/wp-json\/wp\/v2\/pages\/35037","targetHints":{"allow":["GET"]}}],"collection":[{"href":"https:\/\/dormalab.com\/fr\/wp-json\/wp\/v2\/pages"}],"about":[{"href":"https:\/\/dormalab.com\/fr\/wp-json\/wp\/v2\/types\/page"}],"author":[{"embeddable":true,"href":"https:\/\/dormalab.com\/fr\/wp-json\/wp\/v2\/users\/20"}],"replies":[{"embeddable":true,"href":"https:\/\/dormalab.com\/fr\/wp-json\/wp\/v2\/comments?post=35037"}],"version-history":[{"count":0,"href":"https:\/\/dormalab.com\/fr\/wp-json\/wp\/v2\/pages\/35037\/revisions"}],"wp:attachment":[{"href":"https:\/\/dormalab.com\/fr\/wp-json\/wp\/v2\/media?parent=35037"}],"curies":[{"name":"wp","href":"https:\/\/api.w.org\/{rel}","templated":true}]}}