{"id":36247,"date":"2023-09-08T11:40:08","date_gmt":"2023-09-08T15:40:08","guid":{"rendered":"https:\/\/dormalab.com\/therapie-myofonctionnelle-pour-lapnee-du-sommeil\/"},"modified":"2024-11-26T20:57:31","modified_gmt":"2024-11-27T01:57:31","slug":"therapie-myofonctionnelle-pour-lapnee-du-sommeil","status":"publish","type":"page","link":"https:\/\/dormalab.com\/fr\/therapie-myofonctionnelle-pour-lapnee-du-sommeil\/","title":{"rendered":"Th\u00e9rapie myofonctionnelle pour l&rsquo;apn\u00e9e du sommeil"},"content":{"rendered":"\t\t<div data-elementor-type=\"wp-page\" data-elementor-id=\"36247\" class=\"elementor elementor-36247 elementor-36239\" data-elementor-post-type=\"page\">\n\t\t\t\t<div class=\"elementor-element elementor-element-e6d193d e-flex e-con-boxed e-con e-parent\" data-id=\"e6d193d\" data-element_type=\"container\" data-e-type=\"container\" data-settings=\"{&quot;background_background&quot;:&quot;classic&quot;}\">\n\t\t\t\t\t<div class=\"e-con-inner\">\n\t\t\t\t<div class=\"elementor-element elementor-element-d39c061 elementor-widget elementor-widget-heading\" data-id=\"d39c061\" data-element_type=\"widget\" data-e-type=\"widget\" data-widget_type=\"heading.default\">\n\t\t\t\t<div class=\"elementor-widget-container\">\n\t\t\t\t\t<h1 class=\"elementor-heading-title elementor-size-default\">Th\u00e9rapie myofonctionnelle<\/h1>\t\t\t\t<\/div>\n\t\t\t\t<\/div>\n\t\t\t\t\t<\/div>\n\t\t\t\t<\/div>\n\t\t<div class=\"elementor-element elementor-element-216cd4a e-flex e-con-boxed e-con e-parent\" data-id=\"216cd4a\" data-element_type=\"container\" data-e-type=\"container\">\n\t\t\t\t\t<div class=\"e-con-inner\">\n\t\t<div class=\"elementor-element elementor-element-f451733 e-con-full e-flex e-con e-child\" data-id=\"f451733\" data-element_type=\"container\" data-e-type=\"container\">\n\t\t<div class=\"elementor-element elementor-element-ca049d6 e-con-full e-flex e-con e-child\" data-id=\"ca049d6\" data-element_type=\"container\" data-e-type=\"container\">\n\t\t\t\t<div class=\"elementor-element elementor-element-35dcd206 elementor-widget__width-inherit elementor-widget elementor-widget-heading\" data-id=\"35dcd206\" data-element_type=\"widget\" data-e-type=\"widget\" data-widget_type=\"heading.default\">\n\t\t\t\t<div class=\"elementor-widget-container\">\n\t\t\t\t\t<h3 class=\"elementor-heading-title elementor-size-default\">Th\u00e9rapie myofonctionnelle pour l'apn\u00e9e du sommeil\n<\/h3>\t\t\t\t<\/div>\n\t\t\t\t<\/div>\n\t\t\t\t<div class=\"elementor-element elementor-element-746b16ec elementor-widget__width-inherit elementor-widget elementor-widget-text-editor\" data-id=\"746b16ec\" data-element_type=\"widget\" data-e-type=\"widget\" data-widget_type=\"text-editor.default\">\n\t\t\t\t<div class=\"elementor-widget-container\">\n\t\t\t\t\t\t\t\t\tLa th\u00e9rapie myofonctionnelle est une approche holistique non invasive du traitement de diverses affections li\u00e9es aux muscles orofaciaux et aux muscles de la langue, qui jouent un r\u00f4le crucial dans la respiration, la d\u00e9glutition et la fonction buccale en g\u00e9n\u00e9ral. Cette th\u00e9rapie vise \u00e0 corriger les mauvaises fonctions musculaires et les habitudes qui peuvent contribuer \u00e0 l&rsquo;apn\u00e9e du sommeil, au ronflement et \u00e0 d&rsquo;autres probl\u00e8mes li\u00e9s \u00e0 la respiration. \n\n\t\t\t\t\t\t\t\t<\/div>\n\t\t\t\t<\/div>\n\t\t\t\t<div class=\"elementor-element elementor-element-3ae56c7 elementor-widget__width-inherit elementor-widget elementor-widget-heading\" data-id=\"3ae56c7\" data-element_type=\"widget\" data-e-type=\"widget\" data-widget_type=\"heading.default\">\n\t\t\t\t<div class=\"elementor-widget-container\">\n\t\t\t\t\t<h2 class=\"elementor-heading-title elementor-size-default\">Les avantages de la th\u00e9rapie myofonctionnelle pour l'apn\u00e9e du sommeil\n<\/h2>\t\t\t\t<\/div>\n\t\t\t\t<\/div>\n\t\t\t\t<div class=\"elementor-element elementor-element-e156417 elementor-widget__width-inherit elementor-widget elementor-widget-text-editor\" data-id=\"e156417\" data-element_type=\"widget\" data-e-type=\"widget\" data-widget_type=\"text-editor.default\">\n\t\t\t\t<div class=\"elementor-widget-container\">\n\t\t\t\t\t\t\t\t\t<ul>\n<li>Am\u00e9lioration du tonus musculaire : la th\u00e9rapie myofonctionnelle cible les muscles du visage, de la langue et de la gorge, qui sont directement impliqu\u00e9s dans le maintien de l&rsquo;ouverture des voies respiratoires pendant le sommeil. En am\u00e9liorant le tonus et la force musculaires dans ces zones, les patients peuvent mieux contr\u00f4ler leurs voies respiratoires et r\u00e9duire la probabilit\u00e9 d&rsquo;un affaissement des voies respiratoires, un probl\u00e8me courant dans l&rsquo;apn\u00e9e du sommeil. <\/li>\n<li>R\u00e9duction des sympt\u00f4mes de l&rsquo;apn\u00e9e du sommeil : Gr\u00e2ce \u00e0 des exercices et des techniques myofonctionnels r\u00e9guliers, les patients peuvent constater une r\u00e9duction de la gravit\u00e9 de leurs sympt\u00f4mes d&rsquo;apn\u00e9e du sommeil. Cela se traduit par une diminution des \u00e9pisodes d&rsquo;interruption de la respiration, une r\u00e9duction des ronflements et une am\u00e9lioration de la qualit\u00e9 globale du sommeil. <\/li>\n<li>Non invasif et sans m\u00e9dicament : Contrairement \u00e0 d&rsquo;autres traitements de l&rsquo;apn\u00e9e du sommeil, la th\u00e9rapie myofonctionnelle est non invasive et sans m\u00e9dicament. Elle implique des exercices et des techniques que les patients peuvent effectuer chez eux, ce qui en fait une option pratique et s\u00fbre pour ceux qui recherchent une alternative aux appareils de PPC ou \u00e0 la chirurgie. <\/li>\n<li>S&rsquo;attaquer aux causes sous-jacentes : La th\u00e9rapie myofonctionnelle va au-del\u00e0 de la gestion des sympt\u00f4mes de l&rsquo;apn\u00e9e du sommeil ; elle s&rsquo;attaque aux causes sous-jacentes. Souvent, un mauvais fonctionnement des muscles de la langue et de la r\u00e9gion orofaciale est li\u00e9 \u00e0 des sch\u00e9mas respiratoires incorrects, \u00e0 une ligature de la langue ou \u00e0 d&rsquo;autres probl\u00e8mes structurels. Les th\u00e9rapeutes myofonctionnels s&rsquo;efforcent de corriger ces probl\u00e8mes et d&rsquo;aider les patients \u00e0 respirer plus naturellement.  <\/li>\n<li>Am\u00e9liore l&rsquo;\u00e9tat de sant\u00e9 g\u00e9n\u00e9ral : L&rsquo;apn\u00e9e du sommeil peut entra\u00eener une s\u00e9rie de probl\u00e8mes de sant\u00e9, notamment des probl\u00e8mes cardiovasculaires, le diab\u00e8te et la fatigue diurne. En g\u00e9rant efficacement l&rsquo;apn\u00e9e du sommeil gr\u00e2ce \u00e0 la th\u00e9rapie myofonctionnelle, les individus peuvent am\u00e9liorer leur \u00e9tat de sant\u00e9 g\u00e9n\u00e9ral et r\u00e9duire le risque de maladies connexes. <\/li>\n<li>Am\u00e9lioration de l&rsquo;observance : L&rsquo;un des d\u00e9fis les plus courants de la th\u00e9rapie <a href=\"https:\/\/dormalab.com\/continuous-positive-airflow-pressure-cpap\/\" data-internallinksmanager029f6b8e52c=\"1\" title=\"Continuous Positive Airflow Pressure (CPAP)\">CPAP<\/a> est l&rsquo;observance du traitement par le patient. De nombreuses personnes la trouvent inconfortable et ont du mal \u00e0 l&rsquo;utiliser r\u00e9guli\u00e8rement. La th\u00e9rapie myofonctionnelle offre une approche plus conviviale pour le patient, car les exercices peuvent \u00eatre int\u00e9gr\u00e9s dans les habitudes quotidiennes sans n\u00e9cessiter d&rsquo;\u00e9quipement ou de masque.  <\/li>\n<li>Solutions \u00e0 long terme : Alors que les appareils de PPC apportent un soulagement imm\u00e9diat, la th\u00e9rapie myofonctionnelle offre une solution \u00e0 long terme. En s&rsquo;attaquant aux causes profondes de l&rsquo;apn\u00e9e du sommeil, les patients peuvent constater des am\u00e9liorations durables de leurs sch\u00e9mas respiratoires et de la qualit\u00e9 de leur sommeil. <\/li>\n<\/ul>\n\t\t\t\t\t\t\t\t<\/div>\n\t\t\t\t<\/div>\n\t\t\t\t<div class=\"elementor-element elementor-element-b06e3ce elementor-widget__width-inherit elementor-widget elementor-widget-text-editor\" data-id=\"b06e3ce\" data-element_type=\"widget\" data-e-type=\"widget\" data-widget_type=\"text-editor.default\">\n\t\t\t\t<div class=\"elementor-widget-container\">\n\t\t\t\t\t\t\t\t\tLa th\u00e9rapie myofonctionnelle est une option th\u00e9rapeutique prometteuse et naturelle pour les personnes souffrant d&rsquo;apn\u00e9e du sommeil. En se concentrant sur l&rsquo;am\u00e9lioration de la fonction musculaire dans les r\u00e9gions orofaciales et de la langue, cette th\u00e9rapie peut conduire \u00e0 une r\u00e9duction des sympt\u00f4mes de l&rsquo;apn\u00e9e du sommeil, \u00e0 une am\u00e9lioration de la sant\u00e9 g\u00e9n\u00e9rale et \u00e0 une meilleure qualit\u00e9 de vie. Si vous ou l&rsquo;un de vos proches \u00eates aux prises avec l&rsquo;apn\u00e9e du sommeil, il vaut la peine d&rsquo;envisager la th\u00e9rapie myofonctionnelle comme une alternative non invasive et efficace aux traitements traditionnels. Consultez un th\u00e9rapeute myofonctionnel qualifi\u00e9 pour en savoir plus sur la fa\u00e7on dont cette th\u00e9rapie peut vous \u00eatre b\u00e9n\u00e9fique dans votre cheminement vers un meilleur sommeil et un plus grand bien-\u00eatre.   \n\n\t\t\t\t\t\t\t\t<\/div>\n\t\t\t\t<\/div>\n\t\t\t\t<\/div>\n\t\t<div class=\"elementor-element elementor-element-34e4b9a e-con-full e-flex e-con e-child\" data-id=\"34e4b9a\" data-element_type=\"container\" data-e-type=\"container\">\n\t\t<div class=\"elementor-element elementor-element-9798cdd e-con-full e-flex e-con e-child\" data-id=\"9798cdd\" data-element_type=\"container\" data-e-type=\"container\" data-settings=\"{&quot;background_background&quot;:&quot;classic&quot;,&quot;sticky&quot;:&quot;top&quot;,&quot;sticky_offset&quot;:78,&quot;sticky_parent&quot;:&quot;yes&quot;,&quot;sticky_on&quot;:[&quot;desktop&quot;,&quot;tablet&quot;,&quot;mobile&quot;],&quot;sticky_effects_offset&quot;:0,&quot;sticky_anchor_link_offset&quot;:0}\">\n\t\t\t\t<div class=\"elementor-element elementor-element-2bda7b5 elementor-widget elementor-widget-heading\" data-id=\"2bda7b5\" data-element_type=\"widget\" data-e-type=\"widget\" data-widget_type=\"heading.default\">\n\t\t\t\t<div class=\"elementor-widget-container\">\n\t\t\t\t\t<h2 class=\"elementor-heading-title elementor-size-default\">Vous avez des questions sur les troubles du sommeil ?\n<\/h2>\t\t\t\t<\/div>\n\t\t\t\t<\/div>\n\t\t\t\t<div class=\"elementor-element elementor-element-70df619 elementor-widget elementor-widget-text-editor\" data-id=\"70df619\" data-element_type=\"widget\" data-e-type=\"widget\" data-widget_type=\"text-editor.default\">\n\t\t\t\t<div class=\"elementor-widget-container\">\n\t\t\t\t\t\t\t\t\t<section class=\"vc_cta3-container\">\n<div class=\"vc_general vc_cta3 vc_cta3-style-classic vc_cta3-shape-rounded vc_cta3-align-left vc_cta3-color-classic vc_cta3-icon-size-md\">\n<div class=\"vc_cta3_content-container\">\n<div class=\"vc_cta3-content\">\n<p>Appelez-nous sans frais au <strong><a href=\"tel:\/\/18552185186\">1-(855) 218-5186<\/a>. <\/strong>Notre \u00e9quipe de sp\u00e9cialistes du sommeil r\u00e9pondra \u00e0 vos questions. Les consultations sont gratuites et peuvent se faire en ligne ou en personne.<\/p>\n<\/div>\n<\/div>\n<\/div>\n<\/section>\n\t\t\t\t\t\t\t\t<\/div>\n\t\t\t\t<\/div>\n\t\t\t\t<div class=\"elementor-element elementor-element-d8b7450 elementor-widget__width-auto elementor-mobile-align-justify elementor-widget-mobile__width-inherit elementor-widget elementor-widget-button\" data-id=\"d8b7450\" data-element_type=\"widget\" data-e-type=\"widget\" data-widget_type=\"button.default\">\n\t\t\t\t<div class=\"elementor-widget-container\">\n\t\t\t\t\t\t\t\t\t<div class=\"elementor-button-wrapper\">\n\t\t\t\t\t<a class=\"elementor-button elementor-button-link elementor-size-sm elementor-animation-grow\" href=\"https:\/\/dormalab.com\/fr\/nous-joindre\/\">\n\t\t\t\t\t\t<span class=\"elementor-button-content-wrapper\">\n\t\t\t\t\t\t\t\t\t<span class=\"elementor-button-text\">R\u00e9server une consultation gratuite<\/span>\n\t\t\t\t\t<\/span>\n\t\t\t\t\t<\/a>\n\t\t\t\t<\/div>\n\t\t\t\t\t\t\t\t<\/div>\n\t\t\t\t<\/div>\n\t\t\t\t<\/div>\n\t\t\t\t<\/div>\n\t\t\t\t<\/div>\n\t\t\t\t\t<\/div>\n\t\t\t\t<\/div>\n\t\t<div class=\"elementor-element elementor-element-0f88b2a e-flex e-con-boxed e-con e-parent\" data-id=\"0f88b2a\" data-element_type=\"container\" data-e-type=\"container\">\n\t\t\t\t\t<div class=\"e-con-inner\">\n\t\t<div class=\"elementor-element elementor-element-b807a67 e-con-full e-flex e-con e-child\" data-id=\"b807a67\" data-element_type=\"container\" data-e-type=\"container\" data-settings=\"{&quot;background_background&quot;:&quot;classic&quot;}\">\n\t\t\t\t<div class=\"elementor-element elementor-element-8e46be7 elementor-widget elementor-widget-heading\" data-id=\"8e46be7\" data-element_type=\"widget\" data-e-type=\"widget\" data-widget_type=\"heading.default\">\n\t\t\t\t<div class=\"elementor-widget-container\">\n\t\t\t\t\t<h2 class=\"elementor-heading-title elementor-size-default\">Faites l'\u00e9valuation du sommeil en ligne<\/h2>\t\t\t\t<\/div>\n\t\t\t\t<\/div>\n\t\t\t\t<div class=\"elementor-element elementor-element-8adc117 elementor-widget elementor-widget-text-editor\" data-id=\"8adc117\" data-element_type=\"widget\" data-e-type=\"widget\" data-widget_type=\"text-editor.default\">\n\t\t\t\t<div class=\"elementor-widget-container\">\n\t\t\t\t\t\t\t\t\t<p>Faites notre \u00e9valuation gratuite du sommeil en ligne pour d\u00e9terminer rapidement et facilement si vous risquez de souffrir d&rsquo;un trouble du sommeil.<\/p>\n\t\t\t\t\t\t\t\t<\/div>\n\t\t\t\t<\/div>\n\t\t\t\t<div class=\"elementor-element elementor-element-9072152 elementor-mobile-align-justify elementor-widget-mobile__width-inherit elementor-widget elementor-widget-button\" data-id=\"9072152\" data-element_type=\"widget\" data-e-type=\"widget\" data-widget_type=\"button.default\">\n\t\t\t\t<div class=\"elementor-widget-container\">\n\t\t\t\t\t\t\t\t\t<div class=\"elementor-button-wrapper\">\n\t\t\t\t\t<a class=\"elementor-button elementor-button-link elementor-size-sm elementor-animation-grow\" href=\"https:\/\/dormalab.com\/fr\/nous-joindre\/\">\n\t\t\t\t\t\t<span class=\"elementor-button-content-wrapper\">\n\t\t\t\t\t\t\t\t\t<span class=\"elementor-button-text\">Contactez nous<\/span>\n\t\t\t\t\t<\/span>\n\t\t\t\t\t<\/a>\n\t\t\t\t<\/div>\n\t\t\t\t\t\t\t\t<\/div>\n\t\t\t\t<\/div>\n\t\t\t\t<\/div>\n\t\t<div class=\"elementor-element elementor-element-be98694 e-con-full e-flex e-con e-child\" data-id=\"be98694\" data-element_type=\"container\" data-e-type=\"container\" data-settings=\"{&quot;background_background&quot;:&quot;classic&quot;}\">\n\t\t\t\t<div class=\"elementor-element elementor-element-51be30f elementor-widget elementor-widget-spacer\" data-id=\"51be30f\" data-element_type=\"widget\" data-e-type=\"widget\" data-widget_type=\"spacer.default\">\n\t\t\t\t<div class=\"elementor-widget-container\">\n\t\t\t\t\t\t\t<div class=\"elementor-spacer\">\n\t\t\t<div class=\"elementor-spacer-inner\"><\/div>\n\t\t<\/div>\n\t\t\t\t\t\t<\/div>\n\t\t\t\t<\/div>\n\t\t\t\t<\/div>\n\t\t\t\t\t<\/div>\n\t\t\t\t<\/div>\n\t\t\t\t<\/div>\n\t\t","protected":false},"excerpt":{"rendered":"<p>Th\u00e9rapie myofonctionnelle Th\u00e9rapie myofonctionnelle pour l&rsquo;apn\u00e9e du sommeil La th\u00e9rapie myofonctionnelle est une approche holistique non invasive du traitement de diverses affections li\u00e9es aux muscles orofaciaux et aux muscles de la langue, qui jouent un r\u00f4le crucial dans la respiration, la d\u00e9glutition et la fonction buccale en g\u00e9n\u00e9ral. Cette th\u00e9rapie vise \u00e0 corriger les mauvaises &#8230; <a title=\"Th\u00e9rapie myofonctionnelle pour l&rsquo;apn\u00e9e du sommeil\" class=\"read-more\" href=\"https:\/\/dormalab.com\/fr\/therapie-myofonctionnelle-pour-lapnee-du-sommeil\/\" aria-label=\"En savoir plus sur Th\u00e9rapie myofonctionnelle pour l&rsquo;apn\u00e9e du sommeil\">Lire la suite<\/a><\/p>\n","protected":false},"author":20,"featured_media":0,"parent":0,"menu_order":0,"comment_status":"closed","ping_status":"closed","template":"elementor_header_footer","meta":{"footnotes":""},"class_list":["post-36247","page","type-page","status-publish"],"yoast_head":"<!-- This site is optimized with the Yoast SEO plugin v27.3 - https:\/\/yoast.com\/product\/yoast-seo-wordpress\/ -->\n<title>Th\u00e9rapie myofonctionnelle pour l&#039;apn\u00e9e du sommeil - Dorma Sleep Clinic<\/title>\n<meta name=\"description\" content=\"D\u00e9couvrez la th\u00e9rapie myofonctionnelle pour l&#039;apn\u00e9e du sommeil avec les cliniques du sommeil Dorma. Contactez notre \u00e9quipe de professionnels du sommeil pour en savoir plus sur notre approche de la m\u00e9decine holistique du sommeil.\" \/>\n<meta name=\"robots\" content=\"index, follow, max-snippet:-1, max-image-preview:large, max-video-preview:-1\" \/>\n<link rel=\"canonical\" href=\"https:\/\/dormalab.com\/fr\/therapie-myofonctionnelle-pour-lapnee-du-sommeil\/\" \/>\n<meta property=\"og:locale\" content=\"fr_FR\" \/>\n<meta property=\"og:type\" content=\"article\" \/>\n<meta property=\"og:title\" content=\"Th\u00e9rapie myofonctionnelle pour l&#039;apn\u00e9e du sommeil - Dorma Sleep Clinic\" \/>\n<meta property=\"og:description\" content=\"D\u00e9couvrez la th\u00e9rapie myofonctionnelle pour l&#039;apn\u00e9e du sommeil avec les cliniques du sommeil Dorma. Contactez notre \u00e9quipe de professionnels du sommeil pour en savoir plus sur notre approche de la m\u00e9decine holistique du sommeil.\" \/>\n<meta property=\"og:url\" content=\"https:\/\/dormalab.com\/fr\/therapie-myofonctionnelle-pour-lapnee-du-sommeil\/\" \/>\n<meta property=\"og:site_name\" content=\"Dorma Sleep Clinics\" \/>\n<meta property=\"article:modified_time\" content=\"2024-11-27T01:57:31+00:00\" \/>\n<meta name=\"twitter:card\" content=\"summary_large_image\" \/>\n<meta name=\"twitter:label1\" content=\"Dur\u00e9e de lecture estim\u00e9e\" \/>\n\t<meta name=\"twitter:data1\" content=\"4 minute\" \/>\n<script type=\"application\/ld+json\" class=\"yoast-schema-graph\">{\"@context\":\"https:\\\/\\\/schema.org\",\"@graph\":[{\"@type\":\"WebPage\",\"@id\":\"https:\\\/\\\/dormalab.com\\\/fr\\\/therapie-myofonctionnelle-pour-lapnee-du-sommeil\\\/\",\"url\":\"https:\\\/\\\/dormalab.com\\\/fr\\\/therapie-myofonctionnelle-pour-lapnee-du-sommeil\\\/\",\"name\":\"Th\u00e9rapie myofonctionnelle pour l'apn\u00e9e du sommeil - Dorma Sleep Clinic\",\"isPartOf\":{\"@id\":\"https:\\\/\\\/dormalab.com\\\/fr\\\/#website\"},\"datePublished\":\"2023-09-08T15:40:08+00:00\",\"dateModified\":\"2024-11-27T01:57:31+00:00\",\"description\":\"D\u00e9couvrez la th\u00e9rapie myofonctionnelle pour l'apn\u00e9e du sommeil avec les cliniques du sommeil Dorma. Contactez notre \u00e9quipe de professionnels du sommeil pour en savoir plus sur notre approche de la m\u00e9decine holistique du sommeil.\",\"breadcrumb\":{\"@id\":\"https:\\\/\\\/dormalab.com\\\/fr\\\/therapie-myofonctionnelle-pour-lapnee-du-sommeil\\\/#breadcrumb\"},\"inLanguage\":\"fr-FR\",\"potentialAction\":[{\"@type\":\"ReadAction\",\"target\":[\"https:\\\/\\\/dormalab.com\\\/fr\\\/therapie-myofonctionnelle-pour-lapnee-du-sommeil\\\/\"]}]},{\"@type\":\"BreadcrumbList\",\"@id\":\"https:\\\/\\\/dormalab.com\\\/fr\\\/therapie-myofonctionnelle-pour-lapnee-du-sommeil\\\/#breadcrumb\",\"itemListElement\":[{\"@type\":\"ListItem\",\"position\":1,\"name\":\"Home\",\"item\":\"https:\\\/\\\/dormalab.com\\\/fr\\\/\"},{\"@type\":\"ListItem\",\"position\":2,\"name\":\"Th\u00e9rapie myofonctionnelle pour l&rsquo;apn\u00e9e du sommeil\"}]},{\"@type\":\"WebSite\",\"@id\":\"https:\\\/\\\/dormalab.com\\\/fr\\\/#website\",\"url\":\"https:\\\/\\\/dormalab.com\\\/fr\\\/\",\"name\":\"Dorma Sleep Clinics\",\"description\":\"Sleep Well Live Well\",\"publisher\":{\"@id\":\"https:\\\/\\\/dormalab.com\\\/fr\\\/#organization\"},\"potentialAction\":[{\"@type\":\"SearchAction\",\"target\":{\"@type\":\"EntryPoint\",\"urlTemplate\":\"https:\\\/\\\/dormalab.com\\\/fr\\\/?s={search_term_string}\"},\"query-input\":{\"@type\":\"PropertyValueSpecification\",\"valueRequired\":true,\"valueName\":\"search_term_string\"}}],\"inLanguage\":\"fr-FR\"},{\"@type\":\"Organization\",\"@id\":\"https:\\\/\\\/dormalab.com\\\/fr\\\/#organization\",\"name\":\"Dorma Clinique Du Sommeil\",\"url\":\"https:\\\/\\\/dormalab.com\\\/fr\\\/\",\"logo\":{\"@type\":\"ImageObject\",\"inLanguage\":\"fr-FR\",\"@id\":\"https:\\\/\\\/dormalab.com\\\/fr\\\/#\\\/schema\\\/logo\\\/image\\\/\",\"url\":\"https:\\\/\\\/dormalab.com\\\/wp-content\\\/uploads\\\/2019\\\/10\\\/Dorma-Logotype-RGB-Black-scaled-e1578787470924.png\",\"contentUrl\":\"https:\\\/\\\/dormalab.com\\\/wp-content\\\/uploads\\\/2019\\\/10\\\/Dorma-Logotype-RGB-Black-scaled-e1578787470924.png\",\"width\":120,\"height\":25,\"caption\":\"Dorma Clinique Du Sommeil\"},\"image\":{\"@id\":\"https:\\\/\\\/dormalab.com\\\/fr\\\/#\\\/schema\\\/logo\\\/image\\\/\"}}]}<\/script>\n<!-- \/ Yoast SEO plugin. -->","yoast_head_json":{"title":"Th\u00e9rapie myofonctionnelle pour l'apn\u00e9e du sommeil - Dorma Sleep Clinic","description":"D\u00e9couvrez la th\u00e9rapie myofonctionnelle pour l'apn\u00e9e du sommeil avec les cliniques du sommeil Dorma. Contactez notre \u00e9quipe de professionnels du sommeil pour en savoir plus sur notre approche de la m\u00e9decine holistique du sommeil.","robots":{"index":"index","follow":"follow","max-snippet":"max-snippet:-1","max-image-preview":"max-image-preview:large","max-video-preview":"max-video-preview:-1"},"canonical":"https:\/\/dormalab.com\/fr\/therapie-myofonctionnelle-pour-lapnee-du-sommeil\/","og_locale":"fr_FR","og_type":"article","og_title":"Th\u00e9rapie myofonctionnelle pour l'apn\u00e9e du sommeil - Dorma Sleep Clinic","og_description":"D\u00e9couvrez la th\u00e9rapie myofonctionnelle pour l'apn\u00e9e du sommeil avec les cliniques du sommeil Dorma. Contactez notre \u00e9quipe de professionnels du sommeil pour en savoir plus sur notre approche de la m\u00e9decine holistique du sommeil.","og_url":"https:\/\/dormalab.com\/fr\/therapie-myofonctionnelle-pour-lapnee-du-sommeil\/","og_site_name":"Dorma Sleep Clinics","article_modified_time":"2024-11-27T01:57:31+00:00","twitter_card":"summary_large_image","twitter_misc":{"Dur\u00e9e de lecture estim\u00e9e":"4 minute"},"schema":{"@context":"https:\/\/schema.org","@graph":[{"@type":"WebPage","@id":"https:\/\/dormalab.com\/fr\/therapie-myofonctionnelle-pour-lapnee-du-sommeil\/","url":"https:\/\/dormalab.com\/fr\/therapie-myofonctionnelle-pour-lapnee-du-sommeil\/","name":"Th\u00e9rapie myofonctionnelle pour l'apn\u00e9e du sommeil - Dorma Sleep Clinic","isPartOf":{"@id":"https:\/\/dormalab.com\/fr\/#website"},"datePublished":"2023-09-08T15:40:08+00:00","dateModified":"2024-11-27T01:57:31+00:00","description":"D\u00e9couvrez la th\u00e9rapie myofonctionnelle pour l'apn\u00e9e du sommeil avec les cliniques du sommeil Dorma. Contactez notre \u00e9quipe de professionnels du sommeil pour en savoir plus sur notre approche de la m\u00e9decine holistique du sommeil.","breadcrumb":{"@id":"https:\/\/dormalab.com\/fr\/therapie-myofonctionnelle-pour-lapnee-du-sommeil\/#breadcrumb"},"inLanguage":"fr-FR","potentialAction":[{"@type":"ReadAction","target":["https:\/\/dormalab.com\/fr\/therapie-myofonctionnelle-pour-lapnee-du-sommeil\/"]}]},{"@type":"BreadcrumbList","@id":"https:\/\/dormalab.com\/fr\/therapie-myofonctionnelle-pour-lapnee-du-sommeil\/#breadcrumb","itemListElement":[{"@type":"ListItem","position":1,"name":"Home","item":"https:\/\/dormalab.com\/fr\/"},{"@type":"ListItem","position":2,"name":"Th\u00e9rapie myofonctionnelle pour l&rsquo;apn\u00e9e du sommeil"}]},{"@type":"WebSite","@id":"https:\/\/dormalab.com\/fr\/#website","url":"https:\/\/dormalab.com\/fr\/","name":"Dorma Sleep Clinics","description":"Sleep Well Live Well","publisher":{"@id":"https:\/\/dormalab.com\/fr\/#organization"},"potentialAction":[{"@type":"SearchAction","target":{"@type":"EntryPoint","urlTemplate":"https:\/\/dormalab.com\/fr\/?s={search_term_string}"},"query-input":{"@type":"PropertyValueSpecification","valueRequired":true,"valueName":"search_term_string"}}],"inLanguage":"fr-FR"},{"@type":"Organization","@id":"https:\/\/dormalab.com\/fr\/#organization","name":"Dorma Clinique Du Sommeil","url":"https:\/\/dormalab.com\/fr\/","logo":{"@type":"ImageObject","inLanguage":"fr-FR","@id":"https:\/\/dormalab.com\/fr\/#\/schema\/logo\/image\/","url":"https:\/\/dormalab.com\/wp-content\/uploads\/2019\/10\/Dorma-Logotype-RGB-Black-scaled-e1578787470924.png","contentUrl":"https:\/\/dormalab.com\/wp-content\/uploads\/2019\/10\/Dorma-Logotype-RGB-Black-scaled-e1578787470924.png","width":120,"height":25,"caption":"Dorma Clinique Du Sommeil"},"image":{"@id":"https:\/\/dormalab.com\/fr\/#\/schema\/logo\/image\/"}}]}},"_links":{"self":[{"href":"https:\/\/dormalab.com\/fr\/wp-json\/wp\/v2\/pages\/36247","targetHints":{"allow":["GET"]}}],"collection":[{"href":"https:\/\/dormalab.com\/fr\/wp-json\/wp\/v2\/pages"}],"about":[{"href":"https:\/\/dormalab.com\/fr\/wp-json\/wp\/v2\/types\/page"}],"author":[{"embeddable":true,"href":"https:\/\/dormalab.com\/fr\/wp-json\/wp\/v2\/users\/20"}],"replies":[{"embeddable":true,"href":"https:\/\/dormalab.com\/fr\/wp-json\/wp\/v2\/comments?post=36247"}],"version-history":[{"count":0,"href":"https:\/\/dormalab.com\/fr\/wp-json\/wp\/v2\/pages\/36247\/revisions"}],"wp:attachment":[{"href":"https:\/\/dormalab.com\/fr\/wp-json\/wp\/v2\/media?parent=36247"}],"curies":[{"name":"wp","href":"https:\/\/api.w.org\/{rel}","templated":true}]}}