{"id":36256,"date":"2023-09-11T10:36:53","date_gmt":"2023-09-11T14:36:53","guid":{"rendered":"https:\/\/dormalab.com\/chirurgie-orthognathique-pour-lapnee-du-sommeil\/"},"modified":"2024-11-26T20:58:49","modified_gmt":"2024-11-27T01:58:49","slug":"chirurgie-orthognathique-pour-lapnee-du-sommeil","status":"publish","type":"page","link":"https:\/\/dormalab.com\/fr\/chirurgie-orthognathique-pour-lapnee-du-sommeil\/","title":{"rendered":"Chirurgie orthognatique pour l&rsquo;apn\u00e9e du sommeil"},"content":{"rendered":"\t\t<div data-elementor-type=\"wp-page\" data-elementor-id=\"36256\" class=\"elementor elementor-36256 elementor-36253\" data-elementor-post-type=\"page\">\n\t\t\t\t<div class=\"elementor-element elementor-element-7892e2d e-flex e-con-boxed e-con e-parent\" data-id=\"7892e2d\" data-element_type=\"container\" data-e-type=\"container\" data-settings=\"{&quot;background_background&quot;:&quot;classic&quot;}\">\n\t\t\t\t\t<div class=\"e-con-inner\">\n\t\t\t\t<div class=\"elementor-element elementor-element-1570b7f elementor-widget elementor-widget-heading\" data-id=\"1570b7f\" data-element_type=\"widget\" data-e-type=\"widget\" data-widget_type=\"heading.default\">\n\t\t\t\t<div class=\"elementor-widget-container\">\n\t\t\t\t\t<h1 class=\"elementor-heading-title elementor-size-default\">Chirurgie orthognatique<\/h1>\t\t\t\t<\/div>\n\t\t\t\t<\/div>\n\t\t\t\t\t<\/div>\n\t\t\t\t<\/div>\n\t\t<div class=\"elementor-element elementor-element-7c37423 e-flex e-con-boxed e-con e-parent\" data-id=\"7c37423\" data-element_type=\"container\" data-e-type=\"container\">\n\t\t\t\t\t<div class=\"e-con-inner\">\n\t\t<div class=\"elementor-element elementor-element-d68586d e-con-full e-flex e-con e-child\" data-id=\"d68586d\" data-element_type=\"container\" data-e-type=\"container\">\n\t\t<div class=\"elementor-element elementor-element-5e2cb1e e-con-full e-flex e-con e-child\" data-id=\"5e2cb1e\" data-element_type=\"container\" data-e-type=\"container\">\n\t\t\t\t<div class=\"elementor-element elementor-element-a6ea7a5 elementor-widget__width-inherit elementor-widget elementor-widget-heading\" data-id=\"a6ea7a5\" data-element_type=\"widget\" data-e-type=\"widget\" data-widget_type=\"heading.default\">\n\t\t\t\t<div class=\"elementor-widget-container\">\n\t\t\t\t\t<h3 class=\"elementor-heading-title elementor-size-default\">Qu'est-ce que la chirurgie orthognatique pour l'apn\u00e9e du sommeil ?\n<\/h3>\t\t\t\t<\/div>\n\t\t\t\t<\/div>\n\t\t\t\t<div class=\"elementor-element elementor-element-e9d12e2 elementor-widget__width-inherit elementor-widget elementor-widget-text-editor\" data-id=\"e9d12e2\" data-element_type=\"widget\" data-e-type=\"widget\" data-widget_type=\"text-editor.default\">\n\t\t\t\t<div class=\"elementor-widget-container\">\n\t\t\t\t\t\t\t\t\t<p>La chirurgie de la m\u00e2choire, scientifiquement connue sous le nom de chirurgie orthognatique, est r\u00e9put\u00e9e pour traiter divers probl\u00e8mes, notamment les troubles de l&rsquo;articulation temporo-mandibulaire, les difficult\u00e9s d&rsquo;\u00e9locution, les supra- ou sous-occlusion et les probl\u00e8mes esth\u00e9tiques tels que les m\u00e2choires pro\u00e9minentes ou les petits mentons. Il est int\u00e9ressant de noter qu&rsquo;elle peut \u00e9galement \u00eatre remarquablement efficace pour traiter les probl\u00e8mes respiratoires, les ronflements et l&rsquo;apn\u00e9e obstructive du sommeil (AOS). Des recherches r\u00e9centes indiquent que la chirurgie orthognatique affiche un taux de r\u00e9ussite sup\u00e9rieur \u00e0 90 % dans le traitement de l&rsquo;apn\u00e9e du sommeil. Il existe diff\u00e9rentes variantes de la chirurgie orthognatique ou chirurgie de la m\u00e2choire, mais l&rsquo;une d&rsquo;entre elles se distingue particuli\u00e8rement : L&rsquo;avancement maxillomandibulaire. Cette proc\u00e9dure consiste \u00e0 d\u00e9placer les m\u00e2choires sup\u00e9rieure (maxillaire) et inf\u00e9rieure (mandibule) vers l&rsquo;avant afin d&rsquo;\u00e9largir les voies respiratoires, offrant ainsi l&rsquo;am\u00e9lioration la plus significative dans le traitement de l&rsquo;apn\u00e9e du sommeil. Bien que la p\u00e9riode de convalescence soit g\u00e9n\u00e9ralement plus longue que pour les autres proc\u00e9dures et qu&rsquo;elle comporte des risques potentiels uniques, l&rsquo;avancement maxillomandibulaire est souvent choisi par les patients qui n&rsquo;ont pas obtenu un soulagement suffisant de l&rsquo;apn\u00e9e du sommeil par d&rsquo;autres m\u00e9thodes. Toutefois, pour les personnes pr\u00e9sentant des irr\u00e9gularit\u00e9s de la m\u00e2choire, il peut s&rsquo;agir d&rsquo;une premi\u00e8re option chirurgicale. Dans les cas d&rsquo;apn\u00e9e du sommeil s\u00e9v\u00e8re, la chirurgie d&rsquo;avancement maxillomandibulaire affiche un taux de r\u00e9ussite moyen de pr\u00e8s de 90 % dans la r\u00e9duction des niveaux d&rsquo;IAH (indice d&rsquo;apn\u00e9e-hypopn\u00e9e, une mesure de la gravit\u00e9 de l&rsquo;apn\u00e9e du sommeil, qui compte les arr\u00eats temporaires de la respiration par heure de sommeil).       <\/p>\n\t\t\t\t\t\t\t\t<\/div>\n\t\t\t\t<\/div>\n\t\t\t\t<div class=\"elementor-element elementor-element-170e30b elementor-widget__width-inherit elementor-widget elementor-widget-heading\" data-id=\"170e30b\" data-element_type=\"widget\" data-e-type=\"widget\" data-widget_type=\"heading.default\">\n\t\t\t\t<div class=\"elementor-widget-container\">\n\t\t\t\t\t<h2 class=\"elementor-heading-title elementor-size-default\">En quoi consiste la chirurgie orthognatique ?\n<\/h2>\t\t\t\t<\/div>\n\t\t\t\t<\/div>\n\t\t\t\t<div class=\"elementor-element elementor-element-5527035 elementor-widget__width-inherit elementor-widget elementor-widget-text-editor\" data-id=\"5527035\" data-element_type=\"widget\" data-e-type=\"widget\" data-widget_type=\"text-editor.default\">\n\t\t\t\t<div class=\"elementor-widget-container\">\n\t\t\t\t\t\t\t\t\t<p>La chirurgie orthognatique se d\u00e9roule dans une salle d&rsquo;op\u00e9ration sous anesth\u00e9sie g\u00e9n\u00e9rale, le chirurgien buccal et maxillo-facial travaillant g\u00e9n\u00e9ralement en collaboration avec un orthodontiste. Une coordination pr\u00e9cise est essentielle pour garantir l&rsquo;alignement correct des m\u00e2choires et des dents apr\u00e8s la chirurgie. La progression de l&rsquo;alignement est m\u00e9ticuleusement contr\u00f4l\u00e9e \u00e0 l&rsquo;aide de radiographies, de photographies et de mod\u00e8les dentaires. Pendant l&rsquo;op\u00e9ration, toutes les incisions sont pratiqu\u00e9es \u00e0 l&rsquo;int\u00e9rieur de la bouche. Des instruments sp\u00e9ciaux sont utilis\u00e9s pour lib\u00e9rer les m\u00e2choires sup\u00e9rieure et inf\u00e9rieure, ce qui permet de les faire avancer simultan\u00e9ment. Des plaques et des vis en titane sont utilis\u00e9es pour fixer les m\u00e2choires dans leur nouvelle position. En fonction des besoins individuels, les m\u00e2choires peuvent \u00eatre restructur\u00e9es, r\u00e9align\u00e9es, augment\u00e9es ou enlev\u00e9es. Un traitement orthodontique est souvent men\u00e9 en parall\u00e8le. De grandes bagues, appel\u00e9es arcades, sont fix\u00e9es sur les dents. En g\u00e9n\u00e9ral, les m\u00e2choires ne sont pas reli\u00e9es entre elles, mais des \u00e9lastiques sont souvent utilis\u00e9s pour aider \u00e0 maintenir une occlusion stable tout au long du processus de gu\u00e9rison. Apr\u00e8s l&rsquo;intervention, notre \u00e9quipe vous fournira des instructions d\u00e9taill\u00e9es sur les soins et le suivi post-chirurgicaux. Les patients devront suivre un r\u00e9gime alimentaire doux et \u00e9viter de m\u00e2cher des aliments solides pendant quatre \u00e0 six semaines.           <\/p>\n\t\t\t\t\t\t\t\t<\/div>\n\t\t\t\t<\/div>\n\t\t\t\t<\/div>\n\t\t<div class=\"elementor-element elementor-element-64deee3 e-con-full e-flex e-con e-child\" data-id=\"64deee3\" data-element_type=\"container\" data-e-type=\"container\">\n\t\t<div class=\"elementor-element elementor-element-6dc7b46 e-con-full e-flex e-con e-child\" data-id=\"6dc7b46\" data-element_type=\"container\" data-e-type=\"container\" data-settings=\"{&quot;background_background&quot;:&quot;classic&quot;,&quot;sticky&quot;:&quot;top&quot;,&quot;sticky_offset&quot;:78,&quot;sticky_parent&quot;:&quot;yes&quot;,&quot;sticky_on&quot;:[&quot;desktop&quot;,&quot;tablet&quot;,&quot;mobile&quot;],&quot;sticky_effects_offset&quot;:0,&quot;sticky_anchor_link_offset&quot;:0}\">\n\t\t\t\t<div class=\"elementor-element elementor-element-200062f elementor-widget elementor-widget-heading\" data-id=\"200062f\" data-element_type=\"widget\" data-e-type=\"widget\" data-widget_type=\"heading.default\">\n\t\t\t\t<div class=\"elementor-widget-container\">\n\t\t\t\t\t<h2 class=\"elementor-heading-title elementor-size-default\">Vous avez des questions sur les troubles du sommeil ?\n<\/h2>\t\t\t\t<\/div>\n\t\t\t\t<\/div>\n\t\t\t\t<div class=\"elementor-element elementor-element-f743877 elementor-widget elementor-widget-text-editor\" data-id=\"f743877\" data-element_type=\"widget\" data-e-type=\"widget\" data-widget_type=\"text-editor.default\">\n\t\t\t\t<div class=\"elementor-widget-container\">\n\t\t\t\t\t\t\t\t\t<section class=\"vc_cta3-container\">\n<div class=\"vc_general vc_cta3 vc_cta3-style-classic vc_cta3-shape-rounded vc_cta3-align-left vc_cta3-color-classic vc_cta3-icon-size-md\">\n<div class=\"vc_cta3_content-container\">\n<div class=\"vc_cta3-content\">\n<p>Appelez-nous sans frais au <strong><a href=\"tel:\/\/18552185186\">1-(855) 218-5186<\/a>. <\/strong>Notre \u00e9quipe de sp\u00e9cialistes du sommeil r\u00e9pondra \u00e0 vos questions. Les consultations sont gratuites et peuvent se faire en ligne ou en personne.<\/p>\n<\/div>\n<\/div>\n<\/div>\n<\/section>\n\t\t\t\t\t\t\t\t<\/div>\n\t\t\t\t<\/div>\n\t\t\t\t<div class=\"elementor-element elementor-element-0a3cc5b elementor-widget__width-auto elementor-mobile-align-justify elementor-widget-mobile__width-inherit elementor-widget elementor-widget-button\" data-id=\"0a3cc5b\" data-element_type=\"widget\" data-e-type=\"widget\" data-widget_type=\"button.default\">\n\t\t\t\t<div class=\"elementor-widget-container\">\n\t\t\t\t\t\t\t\t\t<div class=\"elementor-button-wrapper\">\n\t\t\t\t\t<a class=\"elementor-button elementor-button-link elementor-size-sm elementor-animation-grow\" href=\"https:\/\/dormalab.com\/fr\/nous-joindre\/\">\n\t\t\t\t\t\t<span class=\"elementor-button-content-wrapper\">\n\t\t\t\t\t\t\t\t\t<span class=\"elementor-button-text\">R\u00e9server une consultation gratuite<\/span>\n\t\t\t\t\t<\/span>\n\t\t\t\t\t<\/a>\n\t\t\t\t<\/div>\n\t\t\t\t\t\t\t\t<\/div>\n\t\t\t\t<\/div>\n\t\t\t\t<\/div>\n\t\t\t\t<\/div>\n\t\t\t\t<\/div>\n\t\t\t\t\t<\/div>\n\t\t\t\t<\/div>\n\t\t<div class=\"elementor-element elementor-element-7cfc53b e-flex e-con-boxed e-con e-parent\" data-id=\"7cfc53b\" data-element_type=\"container\" data-e-type=\"container\">\n\t\t\t\t\t<div class=\"e-con-inner\">\n\t\t<div class=\"elementor-element elementor-element-8a305f0 e-con-full e-flex e-con e-child\" data-id=\"8a305f0\" data-element_type=\"container\" data-e-type=\"container\" data-settings=\"{&quot;background_background&quot;:&quot;classic&quot;}\">\n\t\t\t\t<div class=\"elementor-element elementor-element-121701c elementor-widget elementor-widget-heading\" data-id=\"121701c\" data-element_type=\"widget\" data-e-type=\"widget\" data-widget_type=\"heading.default\">\n\t\t\t\t<div class=\"elementor-widget-container\">\n\t\t\t\t\t<h2 class=\"elementor-heading-title elementor-size-default\">Faites l'\u00e9valuation du sommeil en ligne<\/h2>\t\t\t\t<\/div>\n\t\t\t\t<\/div>\n\t\t\t\t<div class=\"elementor-element elementor-element-0fa6b12 elementor-widget elementor-widget-text-editor\" data-id=\"0fa6b12\" data-element_type=\"widget\" data-e-type=\"widget\" data-widget_type=\"text-editor.default\">\n\t\t\t\t<div class=\"elementor-widget-container\">\n\t\t\t\t\t\t\t\t\t<p>Faites notre \u00e9valuation gratuite du sommeil en ligne pour d\u00e9terminer rapidement et facilement si vous risquez de souffrir d&rsquo;un trouble du sommeil.<\/p>\n\t\t\t\t\t\t\t\t<\/div>\n\t\t\t\t<\/div>\n\t\t\t\t<div class=\"elementor-element elementor-element-461bf2b elementor-mobile-align-justify elementor-widget-mobile__width-inherit elementor-widget elementor-widget-button\" data-id=\"461bf2b\" data-element_type=\"widget\" data-e-type=\"widget\" data-widget_type=\"button.default\">\n\t\t\t\t<div class=\"elementor-widget-container\">\n\t\t\t\t\t\t\t\t\t<div class=\"elementor-button-wrapper\">\n\t\t\t\t\t<a class=\"elementor-button elementor-button-link elementor-size-sm elementor-animation-grow\" href=\"https:\/\/dormalab.com\/fr\/nous-joindre\/\">\n\t\t\t\t\t\t<span class=\"elementor-button-content-wrapper\">\n\t\t\t\t\t\t\t\t\t<span class=\"elementor-button-text\">Contactez nous<\/span>\n\t\t\t\t\t<\/span>\n\t\t\t\t\t<\/a>\n\t\t\t\t<\/div>\n\t\t\t\t\t\t\t\t<\/div>\n\t\t\t\t<\/div>\n\t\t\t\t<\/div>\n\t\t<div class=\"elementor-element elementor-element-980ca3a e-con-full e-flex e-con e-child\" data-id=\"980ca3a\" data-element_type=\"container\" data-e-type=\"container\" data-settings=\"{&quot;background_background&quot;:&quot;classic&quot;}\">\n\t\t\t\t<div class=\"elementor-element elementor-element-f2fb6c5 elementor-widget elementor-widget-spacer\" data-id=\"f2fb6c5\" data-element_type=\"widget\" data-e-type=\"widget\" data-widget_type=\"spacer.default\">\n\t\t\t\t<div class=\"elementor-widget-container\">\n\t\t\t\t\t\t\t<div class=\"elementor-spacer\">\n\t\t\t<div class=\"elementor-spacer-inner\"><\/div>\n\t\t<\/div>\n\t\t\t\t\t\t<\/div>\n\t\t\t\t<\/div>\n\t\t\t\t<\/div>\n\t\t\t\t\t<\/div>\n\t\t\t\t<\/div>\n\t\t\t\t<\/div>\n\t\t","protected":false},"excerpt":{"rendered":"<p>Chirurgie orthognatique Qu&rsquo;est-ce que la chirurgie orthognatique pour l&rsquo;apn\u00e9e du sommeil ? La chirurgie de la m\u00e2choire, scientifiquement connue sous le nom de chirurgie orthognatique, est r\u00e9put\u00e9e pour traiter divers probl\u00e8mes, notamment les troubles de l&rsquo;articulation temporo-mandibulaire, les difficult\u00e9s d&rsquo;\u00e9locution, les supra- ou sous-occlusion et les probl\u00e8mes esth\u00e9tiques tels que les m\u00e2choires pro\u00e9minentes ou les &#8230; <a title=\"Chirurgie orthognatique pour l&rsquo;apn\u00e9e du sommeil\" class=\"read-more\" href=\"https:\/\/dormalab.com\/fr\/chirurgie-orthognathique-pour-lapnee-du-sommeil\/\" aria-label=\"En savoir plus sur Chirurgie orthognatique pour l&rsquo;apn\u00e9e du sommeil\">Lire la suite<\/a><\/p>\n","protected":false},"author":20,"featured_media":0,"parent":0,"menu_order":0,"comment_status":"closed","ping_status":"closed","template":"elementor_header_footer","meta":{"footnotes":""},"class_list":["post-36256","page","type-page","status-publish"],"yoast_head":"<!-- This site is optimized with the Yoast SEO plugin v27.4 - https:\/\/yoast.com\/product\/yoast-seo-wordpress\/ -->\n<title>Chirurgie orthognatique pour l&#039;apn\u00e9e du sommeil - Dorma Sleep Clinic<\/title>\n<meta name=\"description\" content=\"Renseignez-vous sur la chirurgie orthognathique pour l&#039;apn\u00e9e du sommeil aupr\u00e8s de Dorma Sleep Clinics. Contactez notre \u00e9quipe de professionnels du sommeil pour en savoir plus sur notre approche de la m\u00e9decine holistique du sommeil.\" \/>\n<meta name=\"robots\" content=\"index, follow, max-snippet:-1, max-image-preview:large, max-video-preview:-1\" \/>\n<link rel=\"canonical\" href=\"https:\/\/dormalab.com\/fr\/chirurgie-orthognathique-pour-lapnee-du-sommeil\/\" \/>\n<meta property=\"og:locale\" content=\"fr_FR\" \/>\n<meta property=\"og:type\" content=\"article\" \/>\n<meta property=\"og:title\" content=\"Chirurgie orthognatique pour l&#039;apn\u00e9e du sommeil - Dorma Sleep Clinic\" \/>\n<meta property=\"og:description\" content=\"Renseignez-vous sur la chirurgie orthognathique pour l&#039;apn\u00e9e du sommeil aupr\u00e8s de Dorma Sleep Clinics. Contactez notre \u00e9quipe de professionnels du sommeil pour en savoir plus sur notre approche de la m\u00e9decine holistique du sommeil.\" \/>\n<meta property=\"og:url\" content=\"https:\/\/dormalab.com\/fr\/chirurgie-orthognathique-pour-lapnee-du-sommeil\/\" \/>\n<meta property=\"og:site_name\" content=\"Dorma Sleep Clinics\" \/>\n<meta property=\"article:modified_time\" content=\"2024-11-27T01:58:49+00:00\" \/>\n<meta name=\"twitter:card\" content=\"summary_large_image\" \/>\n<meta name=\"twitter:label1\" content=\"Dur\u00e9e de lecture estim\u00e9e\" \/>\n\t<meta name=\"twitter:data1\" content=\"3 minute\" \/>\n<script type=\"application\/ld+json\" class=\"yoast-schema-graph\">{\"@context\":\"https:\\\/\\\/schema.org\",\"@graph\":[{\"@type\":\"WebPage\",\"@id\":\"https:\\\/\\\/dormalab.com\\\/fr\\\/chirurgie-orthognathique-pour-lapnee-du-sommeil\\\/\",\"url\":\"https:\\\/\\\/dormalab.com\\\/fr\\\/chirurgie-orthognathique-pour-lapnee-du-sommeil\\\/\",\"name\":\"Chirurgie orthognatique pour l'apn\u00e9e du sommeil - Dorma Sleep Clinic\",\"isPartOf\":{\"@id\":\"https:\\\/\\\/dormalab.com\\\/fr\\\/#website\"},\"datePublished\":\"2023-09-11T14:36:53+00:00\",\"dateModified\":\"2024-11-27T01:58:49+00:00\",\"description\":\"Renseignez-vous sur la chirurgie orthognathique pour l'apn\u00e9e du sommeil aupr\u00e8s de Dorma Sleep Clinics. Contactez notre \u00e9quipe de professionnels du sommeil pour en savoir plus sur notre approche de la m\u00e9decine holistique du sommeil.\",\"breadcrumb\":{\"@id\":\"https:\\\/\\\/dormalab.com\\\/fr\\\/chirurgie-orthognathique-pour-lapnee-du-sommeil\\\/#breadcrumb\"},\"inLanguage\":\"fr-FR\",\"potentialAction\":[{\"@type\":\"ReadAction\",\"target\":[\"https:\\\/\\\/dormalab.com\\\/fr\\\/chirurgie-orthognathique-pour-lapnee-du-sommeil\\\/\"]}]},{\"@type\":\"BreadcrumbList\",\"@id\":\"https:\\\/\\\/dormalab.com\\\/fr\\\/chirurgie-orthognathique-pour-lapnee-du-sommeil\\\/#breadcrumb\",\"itemListElement\":[{\"@type\":\"ListItem\",\"position\":1,\"name\":\"Home\",\"item\":\"https:\\\/\\\/dormalab.com\\\/fr\\\/\"},{\"@type\":\"ListItem\",\"position\":2,\"name\":\"Chirurgie orthognatique pour l&rsquo;apn\u00e9e du sommeil\"}]},{\"@type\":\"WebSite\",\"@id\":\"https:\\\/\\\/dormalab.com\\\/fr\\\/#website\",\"url\":\"https:\\\/\\\/dormalab.com\\\/fr\\\/\",\"name\":\"Dorma Sleep Clinics\",\"description\":\"Sleep Well Live Well\",\"publisher\":{\"@id\":\"https:\\\/\\\/dormalab.com\\\/fr\\\/#organization\"},\"potentialAction\":[{\"@type\":\"SearchAction\",\"target\":{\"@type\":\"EntryPoint\",\"urlTemplate\":\"https:\\\/\\\/dormalab.com\\\/fr\\\/?s={search_term_string}\"},\"query-input\":{\"@type\":\"PropertyValueSpecification\",\"valueRequired\":true,\"valueName\":\"search_term_string\"}}],\"inLanguage\":\"fr-FR\"},{\"@type\":\"Organization\",\"@id\":\"https:\\\/\\\/dormalab.com\\\/fr\\\/#organization\",\"name\":\"Dorma Clinique Du Sommeil\",\"url\":\"https:\\\/\\\/dormalab.com\\\/fr\\\/\",\"logo\":{\"@type\":\"ImageObject\",\"inLanguage\":\"fr-FR\",\"@id\":\"https:\\\/\\\/dormalab.com\\\/fr\\\/#\\\/schema\\\/logo\\\/image\\\/\",\"url\":\"https:\\\/\\\/dormalab.com\\\/wp-content\\\/uploads\\\/2019\\\/10\\\/Dorma-Logotype-RGB-Black-scaled-e1578787470924.png\",\"contentUrl\":\"https:\\\/\\\/dormalab.com\\\/wp-content\\\/uploads\\\/2019\\\/10\\\/Dorma-Logotype-RGB-Black-scaled-e1578787470924.png\",\"width\":120,\"height\":25,\"caption\":\"Dorma Clinique Du Sommeil\"},\"image\":{\"@id\":\"https:\\\/\\\/dormalab.com\\\/fr\\\/#\\\/schema\\\/logo\\\/image\\\/\"}}]}<\/script>\n<!-- \/ Yoast SEO plugin. -->","yoast_head_json":{"title":"Chirurgie orthognatique pour l'apn\u00e9e du sommeil - Dorma Sleep Clinic","description":"Renseignez-vous sur la chirurgie orthognathique pour l'apn\u00e9e du sommeil aupr\u00e8s de Dorma Sleep Clinics. Contactez notre \u00e9quipe de professionnels du sommeil pour en savoir plus sur notre approche de la m\u00e9decine holistique du sommeil.","robots":{"index":"index","follow":"follow","max-snippet":"max-snippet:-1","max-image-preview":"max-image-preview:large","max-video-preview":"max-video-preview:-1"},"canonical":"https:\/\/dormalab.com\/fr\/chirurgie-orthognathique-pour-lapnee-du-sommeil\/","og_locale":"fr_FR","og_type":"article","og_title":"Chirurgie orthognatique pour l'apn\u00e9e du sommeil - Dorma Sleep Clinic","og_description":"Renseignez-vous sur la chirurgie orthognathique pour l'apn\u00e9e du sommeil aupr\u00e8s de Dorma Sleep Clinics. Contactez notre \u00e9quipe de professionnels du sommeil pour en savoir plus sur notre approche de la m\u00e9decine holistique du sommeil.","og_url":"https:\/\/dormalab.com\/fr\/chirurgie-orthognathique-pour-lapnee-du-sommeil\/","og_site_name":"Dorma Sleep Clinics","article_modified_time":"2024-11-27T01:58:49+00:00","twitter_card":"summary_large_image","twitter_misc":{"Dur\u00e9e de lecture estim\u00e9e":"3 minute"},"schema":{"@context":"https:\/\/schema.org","@graph":[{"@type":"WebPage","@id":"https:\/\/dormalab.com\/fr\/chirurgie-orthognathique-pour-lapnee-du-sommeil\/","url":"https:\/\/dormalab.com\/fr\/chirurgie-orthognathique-pour-lapnee-du-sommeil\/","name":"Chirurgie orthognatique pour l'apn\u00e9e du sommeil - Dorma Sleep Clinic","isPartOf":{"@id":"https:\/\/dormalab.com\/fr\/#website"},"datePublished":"2023-09-11T14:36:53+00:00","dateModified":"2024-11-27T01:58:49+00:00","description":"Renseignez-vous sur la chirurgie orthognathique pour l'apn\u00e9e du sommeil aupr\u00e8s de Dorma Sleep Clinics. Contactez notre \u00e9quipe de professionnels du sommeil pour en savoir plus sur notre approche de la m\u00e9decine holistique du sommeil.","breadcrumb":{"@id":"https:\/\/dormalab.com\/fr\/chirurgie-orthognathique-pour-lapnee-du-sommeil\/#breadcrumb"},"inLanguage":"fr-FR","potentialAction":[{"@type":"ReadAction","target":["https:\/\/dormalab.com\/fr\/chirurgie-orthognathique-pour-lapnee-du-sommeil\/"]}]},{"@type":"BreadcrumbList","@id":"https:\/\/dormalab.com\/fr\/chirurgie-orthognathique-pour-lapnee-du-sommeil\/#breadcrumb","itemListElement":[{"@type":"ListItem","position":1,"name":"Home","item":"https:\/\/dormalab.com\/fr\/"},{"@type":"ListItem","position":2,"name":"Chirurgie orthognatique pour l&rsquo;apn\u00e9e du sommeil"}]},{"@type":"WebSite","@id":"https:\/\/dormalab.com\/fr\/#website","url":"https:\/\/dormalab.com\/fr\/","name":"Dorma Sleep Clinics","description":"Sleep Well Live Well","publisher":{"@id":"https:\/\/dormalab.com\/fr\/#organization"},"potentialAction":[{"@type":"SearchAction","target":{"@type":"EntryPoint","urlTemplate":"https:\/\/dormalab.com\/fr\/?s={search_term_string}"},"query-input":{"@type":"PropertyValueSpecification","valueRequired":true,"valueName":"search_term_string"}}],"inLanguage":"fr-FR"},{"@type":"Organization","@id":"https:\/\/dormalab.com\/fr\/#organization","name":"Dorma Clinique Du Sommeil","url":"https:\/\/dormalab.com\/fr\/","logo":{"@type":"ImageObject","inLanguage":"fr-FR","@id":"https:\/\/dormalab.com\/fr\/#\/schema\/logo\/image\/","url":"https:\/\/dormalab.com\/wp-content\/uploads\/2019\/10\/Dorma-Logotype-RGB-Black-scaled-e1578787470924.png","contentUrl":"https:\/\/dormalab.com\/wp-content\/uploads\/2019\/10\/Dorma-Logotype-RGB-Black-scaled-e1578787470924.png","width":120,"height":25,"caption":"Dorma Clinique Du Sommeil"},"image":{"@id":"https:\/\/dormalab.com\/fr\/#\/schema\/logo\/image\/"}}]}},"_links":{"self":[{"href":"https:\/\/dormalab.com\/fr\/wp-json\/wp\/v2\/pages\/36256","targetHints":{"allow":["GET"]}}],"collection":[{"href":"https:\/\/dormalab.com\/fr\/wp-json\/wp\/v2\/pages"}],"about":[{"href":"https:\/\/dormalab.com\/fr\/wp-json\/wp\/v2\/types\/page"}],"author":[{"embeddable":true,"href":"https:\/\/dormalab.com\/fr\/wp-json\/wp\/v2\/users\/20"}],"replies":[{"embeddable":true,"href":"https:\/\/dormalab.com\/fr\/wp-json\/wp\/v2\/comments?post=36256"}],"version-history":[{"count":0,"href":"https:\/\/dormalab.com\/fr\/wp-json\/wp\/v2\/pages\/36256\/revisions"}],"wp:attachment":[{"href":"https:\/\/dormalab.com\/fr\/wp-json\/wp\/v2\/media?parent=36256"}],"curies":[{"name":"wp","href":"https:\/\/api.w.org\/{rel}","templated":true}]}}