{"id":3741,"date":"2019-12-12T10:54:41","date_gmt":"2019-12-12T15:54:41","guid":{"rendered":"https:\/\/dormalab.com\/epworth-sleepiness-scale\/"},"modified":"2024-11-26T21:27:38","modified_gmt":"2024-11-27T02:27:38","slug":"evaluation-somnolence-diurne-test-epworth","status":"publish","type":"page","link":"https:\/\/dormalab.com\/fr\/evaluation-somnolence-diurne-test-epworth\/","title":{"rendered":"\u00c9chelle de Somnolence d&rsquo;Epworth"},"content":{"rendered":"\t\t<div data-elementor-type=\"wp-page\" data-elementor-id=\"3741\" class=\"elementor elementor-3741 elementor-3737\" data-elementor-post-type=\"page\">\n\t\t\t\t<div class=\"elementor-element elementor-element-680411c9 e-flex e-con-boxed e-con e-parent\" data-id=\"680411c9\" data-element_type=\"container\" data-e-type=\"container\">\n\t\t\t\t\t<div class=\"e-con-inner\">\n\t\t\t\t<div class=\"elementor-element elementor-element-20ebbc74 elementor-widget elementor-widget-text-editor\" data-id=\"20ebbc74\" data-element_type=\"widget\" data-e-type=\"widget\" data-widget_type=\"text-editor.default\">\n\t\t\t\t<div class=\"elementor-widget-container\">\n\t\t\t\t\t\t\t\t\t<p>\u00c0 quel point \u00eates-vous somnolent?<\/p>\n<p>L&rsquo;\u00c9chelle de Somnolence d&rsquo;Epworth \u00e9value votre niveau de somnolence diurne et peut d\u00e9terminer si une consultation avec un sp\u00e9cialiste du sommeil est justifi\u00e9e.<\/p>\n<p>Le questionnaire vous demande d&rsquo;\u00e9valuer la probabilit\u00e9 de vous endormir (sur une \u00e9chelle de 0 \u00e0 3) lors de 8 activit\u00e9s courantes.<\/p>\n<p>Le total de ces scores vous donne votre niveau de somnolence diurne.<\/p>\n\t\t\t\t\t\t\t\t<\/div>\n\t\t\t\t<\/div>\n\t\t\t\t<div class=\"elementor-element elementor-element-9a52d49 elementor-widget elementor-widget-html\" data-id=\"9a52d49\" data-element_type=\"widget\" data-e-type=\"widget\" data-widget_type=\"html.default\">\n\t\t\t\t<div class=\"elementor-widget-container\">\n\t\t\t\t\t<div>\n\n\n\n  <!-- Facebook Pixel Code -->\n<script>\n    !function(f,b,e,v,n,t,s)\n    {if(f.fbq)return;n=f.fbq=function(){n.callMethod?\n    n.callMethod.apply(n,arguments):n.queue.push(arguments)};\n    if(!f._fbq)f._fbq=n;n.push=n;n.loaded=!0;n.version='2.0';\n    n.queue=[];t=b.createElement(e);t.async=!0;\n    t.src=v;s=b.getElementsByTagName(e)[0];\n    s.parentNode.insertBefore(t,s)}(window, document,'script',\n    'https:\/\/connect.facebook.net\/en_US\/fbevents.js');\n    fbq('init', '955363358155214');\n    fbq('track', 'PageView');\n  <\/script>\n  <noscript><img decoding=\"async\" height=\"1\" width=\"1\" style=\"display:none\" src=\"https:\/\/www.facebook.com\/tr?id=955363358155214&amp;ev=PageView&amp;noscript=1\"><\/noscript>\n  <!-- End Facebook Pixel Code -->\n  <!-- Global site tag (gtag.js) - Google Analytics -->\n<script async=\"\" src=\"https:\/\/www.googletagmanager.com\/gtag\/js?id=UA-151848374-1\"><\/script>\n<script>\n  window.dataLayer = window.dataLayer || [];\n  function gtag(){dataLayer.push(arguments);}\n  gtag('js', new Date());\n\n  gtag('config', 'UA-151848374-1');\n<\/script>\n\n  <meta charset=\"UTF-8\">\n  <title>Quiz d'Epworth<\/title>\n  <meta name=\"viewport\" content=\"width=device-width, initial-scale=1.0\">\n\n  <style>\n    .epworthQuizeResultWrapper {\n      display: none;\n    }\n\n    div.sleepinessQuizeWrapper {\n      max-width: 1000px;\n      margin: auto;\n      font: 400 14px 'Calibri', 'Arial';\n    }\n\n    table.sleepinessQuize {\n      border-spacing: 1;\n      border-collapse: collapse;\n      background: white;\n      border-radius: 6px;\n      overflow: hidden;\n      width: 100%;\n      margin: 0 auto;\n      position: relative;\n    }\n\n    table.sleepinessQuize .quizeQuestion {\n      text-align: left;\n    }\n\n\n    table.sleepinessQuize * {\n      position: relative;\n    }\n\n    table.sleepinessQuize td,\n    table.sleepinessQuize th {\n      padding-left: 8px;\n    }\n\n    td input {\n      display: inline-block;\n      padding-left: 10px;\n      background-color: rgb(204, 204, 204);\n      cursor: pointer;\n    }\n\n    td input:hover {\n      background-color: rgb(240, 238, 238);\n      text-align: center;\n      cursor: pointer;\n    }\n\n    table.sleepinessQuize thead tr {\n      height: 60px;\n      background: #f1f1f1f1;\n      font-size: 16px;\n    }\n\n    table.sleepinessQuize tbody tr {\n      height: 48px;\n      border-bottom: 1px solid #E3F1D5;\n    }\n\n\n    table.sleepinessQuize td,\n    table.sleepinessQuize th {\n      text-align: center;\n    }\n\n    table.sleepinessQuize td.l,\n    table.sleepinessQuize th.l {\n      text-align: right;\n    }\n\n    table.sleepinessQuize td.c,\n    table.sleepinessQuize th.c {\n      text-align: center;\n    }\n\n    table.sleepinessQuize td.r,\n    table.sleepinessQuize th.r {\n      text-align: center;\n    }\n\n    table.sleepinessQuize th:first {\n      text-align: right;\n    }\n\n    div.sleepinessQuizeWrapper .submitBtn {\n      background-color: #FFED86;\n      \/* Green *\/\n      border: none;\n      border-radius: 5px;\n      color: black;\n      padding: 16px 40px;\n      text-align: center;\n      text-decoration: none;\n      display: inline-block;\n      font-size: 16px;\n      margin: 4px 2px;\n      -webkit-transition-duration: 0.4s;\n      \/* Safari *\/\n      transition-duration: 0.4s;\n      cursor: pointer;\n    }\n\n    div.sleepinessQuizeWrapper .submitActionZone {\n      text-align: right;\n      margin-bottom: 20px;\n    }\n\n    div.sleepinessQuizeWrapper button:hover {\n      background-color: rgb(240, 222, 122);\n    }\n\n    .sleepinessQuizeErrorMsg {\n      color: #D8000C;\n      margin-top: 10px;\n      margin-bottom: 10px;\n      visibility: hidden;\n    }\n\n    .epworthQuizeResultWrapper {\n      width: 100%;\n      border-bottom: 1px solid #E3F1D5;\n      border-top: 1px solid #E3F1D5;\n    }\n\n\n    @media screen and (max-width: 45.5em) {\n      table.sleepinessQuize {\n        display: block;\n      }\n\n      table.sleepinessQuize>*,\n      table.sleepinessQuize tr,\n      table.sleepinessQuize td,\n      table.sleepinessQuize th {\n        display: block;\n      }\n\n      table.sleepinessQuize thead {\n        display: none;\n      }\n\n      table.sleepinessQuize tbody tr {\n        height: auto;\n        padding: 8px 0;\n      }\n\n      table.sleepinessQuize tbody tr td {\n        padding-left: 45%;\n        margin-bottom: 12px;\n      }\n\n      table.sleepinessQuize tbody tr td:last-child {\n        margin-bottom: 0;\n      }\n\n      table.sleepinessQuize tbody tr td:before {\n        position: absolute;\n        font-weight: 700;\n        width: 40%;\n        left: 10px;\n        top: 0;\n      }\n\n      table.sleepinessQuize tbody tr td:nth-child(1):before {\n        content: \"\";\n      }\n\n      table.sleepinessQuize tbody tr td:nth-child(2):before {\n        content: \"No chance of dozing\t\";\n      }\n\n      table.sleepinessQuize tbody tr td:nth-child(3):before {\n        content: \"Slight chance of dozing\t\";\n      }\n\n      table.sleepinessQuize tbody tr td:nth-child(4):before {\n        content: \"Moderate chance of dozing\t\";\n      }\n\n      table.sleepinessQuize tbody tr td:nth-child(5):before {\n        content: \"High chance of dozing\";\n      }\n    }\n\n    body {\n      padding: 20px;\n    }\n\n    blockquote {\n      color: white;\n      text-align: center;\n    }\n  <\/style>\n\n\n\n\n  <div class=\"sleepinessQuizeWrapper\">\n<p>L'\u00c9chelle de Somnolence d'Epworth \u00e9value votre niveau de somnolence diurne et peut d\u00e9terminer si une consultation avec un sp\u00e9cialiste du sommeil est justifi\u00e9e. Le questionnaire vous demande d'\u00e9valuer la probabilit\u00e9 de vous endormir (sur une \u00e9chelle de 0 \u00e0 3) lors de 8 activit\u00e9s courantes.<\/p><p>\n\n<\/p><p>Le total de ces scores vous donne votre niveau de somnolence diurne.<\/p><p>\n    <\/p><form id=\"sleepinessQuizeForm\">\n      <table class=\"sleepinessQuize\">\n        <thead>\n          <tr>\n            <th><\/th>\n            <th>Aucun risque de somnolence<\/th><th>Faible risque d'assoupissement<\/th><th>Risque mod\u00e9r\u00e9 d'assoupissement<\/th><th>Risque \u00e9lev\u00e9 d'assoupissement<\/th>\n          <\/tr>\n        <\/thead>\n        <tbody>\n          <tr>\n            <td class=\"quizeQuestion\">S'asseoir et lire<\/td>\n            <td><input type=\"radio\" name=\"question1\" value=\"0\"><\/td>\n            <td><input type=\"radio\" name=\"question1\" value=\"1\"><\/td>\n            <td><input type=\"radio\" name=\"question1\" value=\"2\"><\/td>\n            <td><input type=\"radio\" name=\"question1\" value=\"3\"><\/td>\n          <\/tr>\n          <tr>\n            <td class=\"quizeQuestion\">Regarder la t\u00e9l\u00e9vision <\/td>\n            <td><input type=\"radio\" name=\"question2\" value=\"0\"><\/td>\n            <td><input type=\"radio\" name=\"question2\" value=\"1\"><\/td>\n            <td><input type=\"radio\" name=\"question2\" value=\"2\"><\/td>\n            <td><input type=\"radio\" name=\"question2\" value=\"3\"><\/td>\n          <\/tr>\n\n          <tr>\n            <td class=\"quizeQuestion\">\u00catre assis sans activit\u00e9 dans un lieu public (par exemple un th\u00e9\u00e2tre ou une r\u00e9union)<\/td>\n            <td><input type=\"radio\" name=\"question3\" value=\"0\"><\/td>\n            <td><input type=\"radio\" name=\"question3\" value=\"1\"><\/td>\n            <td><input type=\"radio\" name=\"question3\" value=\"2\"><\/td>\n            <td><input type=\"radio\" name=\"question3\" value=\"3\"><\/td>\n          <\/tr>\n\n          <tr>\n            <td class=\"quizeQuestion\">S'allonger pour se reposer l'apr\u00e8s-midi lorsque les circonstances le permettent<\/td>\n            <td><input type=\"radio\" name=\"question4\" value=\"0\"><\/td>\n            <td><input type=\"radio\" name=\"question4\" value=\"1\"><\/td>\n            <td><input type=\"radio\" name=\"question4\" value=\"2\"><\/td>\n            <td><input type=\"radio\" name=\"question4\" value=\"3\"><\/td>\n          <\/tr>\n\n          <tr>\n            <td class=\"quizeQuestion\">S'asseoir et parler \u00e0 quelqu'un<\/td>\n            <td><input type=\"radio\" name=\"question5\" value=\"0\"><\/td>\n            <td><input type=\"radio\" name=\"question5\" value=\"1\"><\/td>\n            <td><input type=\"radio\" name=\"question5\" value=\"2\"><\/td>\n            <td><input type=\"radio\" name=\"question5\" value=\"3\"><\/td>\n          <\/tr>\n          <tr>\n            <td class=\"quizeQuestion\">\u00catre assis tranquillement apr\u00e8s un d\u00e9jeuner sans alcool <\/td>\n            <td><input type=\"radio\" name=\"question6\" value=\"0\"><\/td>\n            <td><input type=\"radio\" name=\"question6\" value=\"1\"><\/td>\n            <td><input type=\"radio\" name=\"question6\" value=\"2\"><\/td>\n            <td><input type=\"radio\" name=\"question6\" value=\"3\"><\/td>\n          <\/tr>\n          <tr>\n            <td class=\"quizeQuestion\">Passager d'une voiture pendant une heure sans pause<\/td>\n            <td><input type=\"radio\" name=\"question7\" value=\"0\"><\/td>\n            <td><input type=\"radio\" name=\"question7\" value=\"1\"><\/td>\n            <td><input type=\"radio\" name=\"question7\" value=\"2\"><\/td>\n            <td><input type=\"radio\" name=\"question7\" value=\"3\"><\/td>\n          <\/tr>\n\n          <tr>\n            <td class=\"quizeQuestion\">Dans une voiture, \u00e0 l'arr\u00eat pendant quelques minutes dans les embouteillages<\/td>\n            <td><input type=\"radio\" name=\"question8\" value=\"0\"><\/td>\n            <td><input type=\"radio\" name=\"question8\" value=\"1\"><\/td>\n            <td><input type=\"radio\" name=\"question8\" value=\"2\"><\/td>\n            <td><input type=\"radio\" name=\"question8\" value=\"3\"><\/td>\n          <\/tr>\n        <\/tbody>\n      <\/table>\n\n      <div class=\"submitActionZone\">\n        <div class=\"sleepinessQuizeErrorMsg\" id=\"sleepinessQuizeErrorMsg\"> Veuillez s\u00e9lectionner une option pour chaque question <\/div>\n        <button type=\"submit\" class=\"submitBtn\">Soumettre<\/button>\n      <\/div>\n\n    <\/form>\n\n  <div class=\"epworthQuizeResultWrapper\">\n    <div class=\"sleepinessQuizeResultWrapper\">\n      <h3 style=\"text-align:center\"> Votre Score : <span id=\"sleepinessQuizeResultVal\"><\/span> <span id=\"sleepinessResultTitle\"><\/span><\/h3>\n    <\/div>\n\n    <div class=\"sleepinessQuizeScoreMeaning\" id=\"sleepinessResultDesc\">\n\n    <\/div>\n    <h3>Nous vous encourageons \u00e0 avoir une consultation gratuite avec l'un de nos sp\u00e9cialistes du sommeil. Veuillez remplir vos coordonn\u00e9es ci-dessous <\/h3>\n    <div id=\"contactform\">\n      <script type=\"text\/javascript\" id=\"jsFastForms\" src=\"https:\/\/sfapi.formstack.io\/FormEngine\/Scripts\/Main.js?d=zP7i55fipvNoztLZMp3WhOt1QrWaQusbUSJiBMzDFMfwFSLU0MXT5ixkm-SXZVBV\"><\/script>\n    <\/div>\n  <\/div>\n\n  <\/div>\n\n  <script>\n    window.addEventListener(\"load\", function () {\n      gtag('event', 'form', {\n          'event_category': 'Epworth',\n          'event_label': 'load',\n          'value': ''\n          });\n\n      \/\/ Access the form element...\n      var form = document.getElementById(\"sleepinessQuizeForm\");\n\n      var errorMessage = document.getElementById('sleepinessQuizeErrorMsg');\n\n      var scoreValue = this.document.getElementById('sleepinessQuizeResultVal')\n      var scoreTitle = this.document.getElementById('sleepinessResultTitle')\n      var scoreDesc = this.document.getElementById('sleepinessResultDesc')\n\n\n      \/\/ ...and take over its submit event.\n      form.addEventListener(\"submit\", function (event) {\n        event.preventDefault();\n\n        const resulsAnalysisDesc = [\n          'indicates that you do not currently have problems getting sufficient sleep. You do not suffer from daytime sleepiness',\n          'is average This indicates that you probably currently get enough quality sleep and that you are not usually adversely affected by daytime sleepiness',\n          'indicates that you are sleepy.  Your levels of daytime sleepiness are higher than normal.',\n          'indicates that you are excessively sleepy.  You are very sleepy in the daytime and this could be an indication of a sleep disorder'\n        ]\n\n        const resultTitle = [\n          'You are not sleepy', 'Normal', 'Sleepy', 'Excessively Sleepy'\n        ]\n\n        let sum = 0;\n        let error = false;\n        for (let i = 1; i <= 8; i++) { if (isNaN(parseInt(form[\"question\" + i].value))) { error = true; break; } \/\/ console.log(form[\"question\"+i].value) sum += parseInt(form[\"question\" + i].value) } if (error) { errorMessage.style.visibility = \"visible\" } else { errorMessage.style.visibility = \"hidden\" let messageIndex = 0; if (sum <= 6) { messageIndex = 0 } else if (sum <= 9) { messageIndex = 1 } else if (sum <= 17) { messageIndex = 2 } else { messageIndex = 3 } gtag('event', 'form', { 'event_category': 'Epworth', 'event_label': 'submission', 'value': sum }); fbq('trackCustom', 'Epworth', {value: sum}); scoreValue.innerText = sum scoreTitle.innerText = resultTitle[messageIndex] scoreDesc.innerText = 'Your score of: ' + sum + ' ' + resulsAnalysisDesc[messageIndex] var elem = document.querySelector('#sleepinessQuizeForm'); elem.parentNode.removeChild(elem); var contactFormElement = document.querySelector('.epworthQuizeResultWrapper'); contactFormElement.style.display = \"block\"; \/\/ fetchScript() } }); }); <\/script>\n\n\n<\/div><\/div>\t\t\t\t<\/div>\n\t\t\t\t<\/div>\n\t\t\t\t\t<\/div>\n\t\t\t\t<\/div>\n\t\t\t\t<\/div>\n\t\t","protected":false},"excerpt":{"rendered":"<p>\u00c0 quel point \u00eates-vous somnolent? L&rsquo;\u00c9chelle de Somnolence d&rsquo;Epworth \u00e9value votre niveau de somnolence diurne et peut d\u00e9terminer si une consultation avec un sp\u00e9cialiste du sommeil est justifi\u00e9e. Le questionnaire vous demande d&rsquo;\u00e9valuer la probabilit\u00e9 de vous endormir (sur une \u00e9chelle de 0 \u00e0 3) lors de 8 activit\u00e9s courantes. Le total de ces scores &#8230; <a title=\"\u00c9chelle de Somnolence d&rsquo;Epworth\" class=\"read-more\" href=\"https:\/\/dormalab.com\/fr\/evaluation-somnolence-diurne-test-epworth\/\" aria-label=\"En savoir plus sur \u00c9chelle de Somnolence d&rsquo;Epworth\">Lire la suite<\/a><\/p>\n","protected":false},"author":20,"featured_media":0,"parent":0,"menu_order":0,"comment_status":"closed","ping_status":"closed","template":"","meta":{"footnotes":""},"class_list":["post-3741","page","type-page","status-publish"],"yoast_head":"<!-- This site is optimized with the Yoast SEO plugin v27.4 - https:\/\/yoast.com\/product\/yoast-seo-wordpress\/ -->\n<title>\u00c9chelle de Somnolence d&#039;Epworth - Clinique du Sommeil - Dormalab<\/title>\n<meta name=\"description\" content=\"L&#039;\u00c9chelle de Somnolence d&#039;Epworth \u00e9value votre niveau de somnolence diurne et peut d\u00e9terminer si une consultation avec un sp\u00e9cialiste du sommeil est justifi\u00e9e.\" \/>\n<meta name=\"robots\" content=\"index, follow, max-snippet:-1, max-image-preview:large, max-video-preview:-1\" \/>\n<link rel=\"canonical\" href=\"https:\/\/dormalab.com\/fr\/evaluation-somnolence-diurne-test-epworth\/\" \/>\n<meta property=\"og:locale\" content=\"fr_FR\" \/>\n<meta property=\"og:type\" content=\"article\" \/>\n<meta property=\"og:title\" content=\"\u00c9chelle de Somnolence d&#039;Epworth - Clinique du Sommeil - Dormalab\" \/>\n<meta property=\"og:description\" content=\"L&#039;\u00c9chelle de Somnolence d&#039;Epworth \u00e9value votre niveau de somnolence diurne et peut d\u00e9terminer si une consultation avec un sp\u00e9cialiste du sommeil est justifi\u00e9e.\" \/>\n<meta property=\"og:url\" content=\"https:\/\/dormalab.com\/fr\/evaluation-somnolence-diurne-test-epworth\/\" \/>\n<meta property=\"og:site_name\" content=\"Dorma Sleep Clinics\" \/>\n<meta property=\"article:modified_time\" content=\"2024-11-27T02:27:38+00:00\" \/>\n<meta property=\"og:image\" content=\"https:\/\/www.facebook.com\/tr?id=955363358155214&amp;ev=PageView&amp;noscript=1\" \/>\n<meta name=\"twitter:card\" content=\"summary_large_image\" \/>\n<meta name=\"twitter:label1\" content=\"Dur\u00e9e de lecture estim\u00e9e\" \/>\n\t<meta name=\"twitter:data1\" content=\"1 minute\" \/>\n<script type=\"application\/ld+json\" class=\"yoast-schema-graph\">{\"@context\":\"https:\\\/\\\/schema.org\",\"@graph\":[{\"@type\":\"WebPage\",\"@id\":\"https:\\\/\\\/dormalab.com\\\/fr\\\/evaluation-somnolence-diurne-test-epworth\\\/\",\"url\":\"https:\\\/\\\/dormalab.com\\\/fr\\\/evaluation-somnolence-diurne-test-epworth\\\/\",\"name\":\"\u00c9chelle de Somnolence d'Epworth - Clinique du Sommeil - Dormalab\",\"isPartOf\":{\"@id\":\"https:\\\/\\\/dormalab.com\\\/fr\\\/#website\"},\"primaryImageOfPage\":{\"@id\":\"https:\\\/\\\/dormalab.com\\\/fr\\\/evaluation-somnolence-diurne-test-epworth\\\/#primaryimage\"},\"image\":{\"@id\":\"https:\\\/\\\/dormalab.com\\\/fr\\\/evaluation-somnolence-diurne-test-epworth\\\/#primaryimage\"},\"thumbnailUrl\":\"https:\\\/\\\/www.facebook.com\\\/tr?id=955363358155214&amp;ev=PageView&amp;noscript=1\",\"datePublished\":\"2019-12-12T15:54:41+00:00\",\"dateModified\":\"2024-11-27T02:27:38+00:00\",\"description\":\"L'\u00c9chelle de Somnolence d'Epworth \u00e9value votre niveau de somnolence diurne et peut d\u00e9terminer si une consultation avec un sp\u00e9cialiste du sommeil est justifi\u00e9e.\",\"breadcrumb\":{\"@id\":\"https:\\\/\\\/dormalab.com\\\/fr\\\/evaluation-somnolence-diurne-test-epworth\\\/#breadcrumb\"},\"inLanguage\":\"fr-FR\",\"potentialAction\":[{\"@type\":\"ReadAction\",\"target\":[\"https:\\\/\\\/dormalab.com\\\/fr\\\/evaluation-somnolence-diurne-test-epworth\\\/\"]}]},{\"@type\":\"ImageObject\",\"inLanguage\":\"fr-FR\",\"@id\":\"https:\\\/\\\/dormalab.com\\\/fr\\\/evaluation-somnolence-diurne-test-epworth\\\/#primaryimage\",\"url\":\"https:\\\/\\\/www.facebook.com\\\/tr?id=955363358155214&amp;ev=PageView&amp;noscript=1\",\"contentUrl\":\"https:\\\/\\\/www.facebook.com\\\/tr?id=955363358155214&amp;ev=PageView&amp;noscript=1\"},{\"@type\":\"BreadcrumbList\",\"@id\":\"https:\\\/\\\/dormalab.com\\\/fr\\\/evaluation-somnolence-diurne-test-epworth\\\/#breadcrumb\",\"itemListElement\":[{\"@type\":\"ListItem\",\"position\":1,\"name\":\"Home\",\"item\":\"https:\\\/\\\/dormalab.com\\\/fr\\\/\"},{\"@type\":\"ListItem\",\"position\":2,\"name\":\"\u00c9chelle de Somnolence d&rsquo;Epworth\"}]},{\"@type\":\"WebSite\",\"@id\":\"https:\\\/\\\/dormalab.com\\\/fr\\\/#website\",\"url\":\"https:\\\/\\\/dormalab.com\\\/fr\\\/\",\"name\":\"Dorma Sleep Clinics\",\"description\":\"Sleep Well Live Well\",\"publisher\":{\"@id\":\"https:\\\/\\\/dormalab.com\\\/fr\\\/#organization\"},\"potentialAction\":[{\"@type\":\"SearchAction\",\"target\":{\"@type\":\"EntryPoint\",\"urlTemplate\":\"https:\\\/\\\/dormalab.com\\\/fr\\\/?s={search_term_string}\"},\"query-input\":{\"@type\":\"PropertyValueSpecification\",\"valueRequired\":true,\"valueName\":\"search_term_string\"}}],\"inLanguage\":\"fr-FR\"},{\"@type\":\"Organization\",\"@id\":\"https:\\\/\\\/dormalab.com\\\/fr\\\/#organization\",\"name\":\"Dorma Clinique Du Sommeil\",\"url\":\"https:\\\/\\\/dormalab.com\\\/fr\\\/\",\"logo\":{\"@type\":\"ImageObject\",\"inLanguage\":\"fr-FR\",\"@id\":\"https:\\\/\\\/dormalab.com\\\/fr\\\/#\\\/schema\\\/logo\\\/image\\\/\",\"url\":\"https:\\\/\\\/dormalab.com\\\/wp-content\\\/uploads\\\/2019\\\/10\\\/Dorma-Logotype-RGB-Black-scaled-e1578787470924.png\",\"contentUrl\":\"https:\\\/\\\/dormalab.com\\\/wp-content\\\/uploads\\\/2019\\\/10\\\/Dorma-Logotype-RGB-Black-scaled-e1578787470924.png\",\"width\":120,\"height\":25,\"caption\":\"Dorma Clinique Du Sommeil\"},\"image\":{\"@id\":\"https:\\\/\\\/dormalab.com\\\/fr\\\/#\\\/schema\\\/logo\\\/image\\\/\"}}]}<\/script>\n<!-- \/ Yoast SEO plugin. -->","yoast_head_json":{"title":"\u00c9chelle de Somnolence d'Epworth - Clinique du Sommeil - Dormalab","description":"L'\u00c9chelle de Somnolence d'Epworth \u00e9value votre niveau de somnolence diurne et peut d\u00e9terminer si une consultation avec un sp\u00e9cialiste du sommeil est justifi\u00e9e.","robots":{"index":"index","follow":"follow","max-snippet":"max-snippet:-1","max-image-preview":"max-image-preview:large","max-video-preview":"max-video-preview:-1"},"canonical":"https:\/\/dormalab.com\/fr\/evaluation-somnolence-diurne-test-epworth\/","og_locale":"fr_FR","og_type":"article","og_title":"\u00c9chelle de Somnolence d'Epworth - Clinique du Sommeil - Dormalab","og_description":"L'\u00c9chelle de Somnolence d'Epworth \u00e9value votre niveau de somnolence diurne et peut d\u00e9terminer si une consultation avec un sp\u00e9cialiste du sommeil est justifi\u00e9e.","og_url":"https:\/\/dormalab.com\/fr\/evaluation-somnolence-diurne-test-epworth\/","og_site_name":"Dorma Sleep Clinics","article_modified_time":"2024-11-27T02:27:38+00:00","og_image":[{"url":"https:\/\/www.facebook.com\/tr?id=955363358155214&amp;ev=PageView&amp;noscript=1","type":"","width":"","height":""}],"twitter_card":"summary_large_image","twitter_misc":{"Dur\u00e9e de lecture estim\u00e9e":"1 minute"},"schema":{"@context":"https:\/\/schema.org","@graph":[{"@type":"WebPage","@id":"https:\/\/dormalab.com\/fr\/evaluation-somnolence-diurne-test-epworth\/","url":"https:\/\/dormalab.com\/fr\/evaluation-somnolence-diurne-test-epworth\/","name":"\u00c9chelle de Somnolence d'Epworth - Clinique du Sommeil - Dormalab","isPartOf":{"@id":"https:\/\/dormalab.com\/fr\/#website"},"primaryImageOfPage":{"@id":"https:\/\/dormalab.com\/fr\/evaluation-somnolence-diurne-test-epworth\/#primaryimage"},"image":{"@id":"https:\/\/dormalab.com\/fr\/evaluation-somnolence-diurne-test-epworth\/#primaryimage"},"thumbnailUrl":"https:\/\/www.facebook.com\/tr?id=955363358155214&amp;ev=PageView&amp;noscript=1","datePublished":"2019-12-12T15:54:41+00:00","dateModified":"2024-11-27T02:27:38+00:00","description":"L'\u00c9chelle de Somnolence d'Epworth \u00e9value votre niveau de somnolence diurne et peut d\u00e9terminer si une consultation avec un sp\u00e9cialiste du sommeil est justifi\u00e9e.","breadcrumb":{"@id":"https:\/\/dormalab.com\/fr\/evaluation-somnolence-diurne-test-epworth\/#breadcrumb"},"inLanguage":"fr-FR","potentialAction":[{"@type":"ReadAction","target":["https:\/\/dormalab.com\/fr\/evaluation-somnolence-diurne-test-epworth\/"]}]},{"@type":"ImageObject","inLanguage":"fr-FR","@id":"https:\/\/dormalab.com\/fr\/evaluation-somnolence-diurne-test-epworth\/#primaryimage","url":"https:\/\/www.facebook.com\/tr?id=955363358155214&amp;ev=PageView&amp;noscript=1","contentUrl":"https:\/\/www.facebook.com\/tr?id=955363358155214&amp;ev=PageView&amp;noscript=1"},{"@type":"BreadcrumbList","@id":"https:\/\/dormalab.com\/fr\/evaluation-somnolence-diurne-test-epworth\/#breadcrumb","itemListElement":[{"@type":"ListItem","position":1,"name":"Home","item":"https:\/\/dormalab.com\/fr\/"},{"@type":"ListItem","position":2,"name":"\u00c9chelle de Somnolence d&rsquo;Epworth"}]},{"@type":"WebSite","@id":"https:\/\/dormalab.com\/fr\/#website","url":"https:\/\/dormalab.com\/fr\/","name":"Dorma Sleep Clinics","description":"Sleep Well Live Well","publisher":{"@id":"https:\/\/dormalab.com\/fr\/#organization"},"potentialAction":[{"@type":"SearchAction","target":{"@type":"EntryPoint","urlTemplate":"https:\/\/dormalab.com\/fr\/?s={search_term_string}"},"query-input":{"@type":"PropertyValueSpecification","valueRequired":true,"valueName":"search_term_string"}}],"inLanguage":"fr-FR"},{"@type":"Organization","@id":"https:\/\/dormalab.com\/fr\/#organization","name":"Dorma Clinique Du Sommeil","url":"https:\/\/dormalab.com\/fr\/","logo":{"@type":"ImageObject","inLanguage":"fr-FR","@id":"https:\/\/dormalab.com\/fr\/#\/schema\/logo\/image\/","url":"https:\/\/dormalab.com\/wp-content\/uploads\/2019\/10\/Dorma-Logotype-RGB-Black-scaled-e1578787470924.png","contentUrl":"https:\/\/dormalab.com\/wp-content\/uploads\/2019\/10\/Dorma-Logotype-RGB-Black-scaled-e1578787470924.png","width":120,"height":25,"caption":"Dorma Clinique Du Sommeil"},"image":{"@id":"https:\/\/dormalab.com\/fr\/#\/schema\/logo\/image\/"}}]}},"_links":{"self":[{"href":"https:\/\/dormalab.com\/fr\/wp-json\/wp\/v2\/pages\/3741","targetHints":{"allow":["GET"]}}],"collection":[{"href":"https:\/\/dormalab.com\/fr\/wp-json\/wp\/v2\/pages"}],"about":[{"href":"https:\/\/dormalab.com\/fr\/wp-json\/wp\/v2\/types\/page"}],"author":[{"embeddable":true,"href":"https:\/\/dormalab.com\/fr\/wp-json\/wp\/v2\/users\/20"}],"replies":[{"embeddable":true,"href":"https:\/\/dormalab.com\/fr\/wp-json\/wp\/v2\/comments?post=3741"}],"version-history":[{"count":0,"href":"https:\/\/dormalab.com\/fr\/wp-json\/wp\/v2\/pages\/3741\/revisions"}],"wp:attachment":[{"href":"https:\/\/dormalab.com\/fr\/wp-json\/wp\/v2\/media?parent=3741"}],"curies":[{"name":"wp","href":"https:\/\/api.w.org\/{rel}","templated":true}]}}