{"id":39204,"date":"2024-11-26T20:57:11","date_gmt":"2024-11-27T01:57:11","guid":{"rendered":"https:\/\/dormalab.com\/hygiene-du-sommeil-2\/"},"modified":"2024-11-26T20:57:12","modified_gmt":"2024-11-27T01:57:12","slug":"hygiene-du-sommeil-2","status":"publish","type":"page","link":"https:\/\/dormalab.com\/fr\/hygiene-du-sommeil-2\/","title":{"rendered":"Hygi\u00e8ne du sommeil"},"content":{"rendered":"\t\t<div data-elementor-type=\"wp-page\" data-elementor-id=\"39204\" class=\"elementor elementor-39204 elementor-38054\" data-elementor-post-type=\"page\">\n\t\t\t\t<div class=\"elementor-element elementor-element-255937a e-flex e-con-boxed e-con e-parent\" data-id=\"255937a\" data-element_type=\"container\" data-e-type=\"container\" data-settings=\"{&quot;background_background&quot;:&quot;classic&quot;}\">\n\t\t\t\t\t<div class=\"e-con-inner\">\n\t\t\t\t<div class=\"elementor-element elementor-element-e0e5e08 elementor-widget elementor-widget-heading\" data-id=\"e0e5e08\" data-element_type=\"widget\" data-e-type=\"widget\" data-widget_type=\"heading.default\">\n\t\t\t\t<div class=\"elementor-widget-container\">\n\t\t\t\t\t<h1 class=\"elementor-heading-title elementor-size-default\">Hygi\u00e8ne du sommeil<\/h1>\t\t\t\t<\/div>\n\t\t\t\t<\/div>\n\t\t\t\t\t<\/div>\n\t\t\t\t<\/div>\n\t\t<div class=\"elementor-element elementor-element-ca39836 e-flex e-con-boxed e-con e-parent\" data-id=\"ca39836\" data-element_type=\"container\" data-e-type=\"container\">\n\t\t\t\t\t<div class=\"e-con-inner\">\n\t\t<div class=\"elementor-element elementor-element-d8a0395 e-con-full e-flex e-con e-child\" data-id=\"d8a0395\" data-element_type=\"container\" data-e-type=\"container\">\n\t\t<div class=\"elementor-element elementor-element-eb9155f e-con-full e-flex e-con e-child\" data-id=\"eb9155f\" data-element_type=\"container\" data-e-type=\"container\">\n\t\t\t\t<div class=\"elementor-element elementor-element-5537b0c elementor-widget__width-inherit elementor-widget elementor-widget-heading\" data-id=\"5537b0c\" data-element_type=\"widget\" data-e-type=\"widget\" data-widget_type=\"heading.default\">\n\t\t\t\t<div class=\"elementor-widget-container\">\n\t\t\t\t\t<h3 class=\"elementor-heading-title elementor-size-default\">Hygi\u00e8ne du sommeil\n<\/h3>\t\t\t\t<\/div>\n\t\t\t\t<\/div>\n\t\t\t\t<div class=\"elementor-element elementor-element-33b0311 elementor-widget__width-inherit elementor-widget elementor-widget-text-editor\" data-id=\"33b0311\" data-element_type=\"widget\" data-e-type=\"widget\" data-widget_type=\"text-editor.default\">\n\t\t\t\t<div class=\"elementor-widget-container\">\n\t\t\t\t\t\t\t\t\tNous passons environ un tiers de notre vie \u00e0 dormir ; le sommeil joue un r\u00f4le crucial dans la sant\u00e9 et le bien-\u00eatre. C&rsquo;est pourquoi il est tr\u00e8s important d&rsquo;adopter une bonne hygi\u00e8ne du sommeil. \n\n\t\t\t\t\t\t\t\t<\/div>\n\t\t\t\t<\/div>\n\t\t\t\t<div class=\"elementor-element elementor-element-4b46dc5 elementor-widget__width-inherit elementor-widget elementor-widget-heading\" data-id=\"4b46dc5\" data-element_type=\"widget\" data-e-type=\"widget\" data-widget_type=\"heading.default\">\n\t\t\t\t<div class=\"elementor-widget-container\">\n\t\t\t\t\t<h2 class=\"elementor-heading-title elementor-size-default\">Qu'entend-on par une bonne \"hygi\u00e8ne du sommeil\" ?\n<\/h2>\t\t\t\t<\/div>\n\t\t\t\t<\/div>\n\t\t\t\t<div class=\"elementor-element elementor-element-fbc3e50 elementor-widget__width-inherit elementor-widget elementor-widget-text-editor\" data-id=\"fbc3e50\" data-element_type=\"widget\" data-e-type=\"widget\" data-widget_type=\"text-editor.default\">\n\t\t\t\t<div class=\"elementor-widget-container\">\n\t\t\t\t\t\t\t\t\t<p>L&rsquo;hygi\u00e8ne du sommeil regroupe diff\u00e9rentes habitudes et facteurs environnementaux impliqu\u00e9s dans la promotion d&rsquo;une bonne nuit de sommeil. Par exemple, l&rsquo;\u00e9tablissement d&rsquo;une routine qui respecte votre horloge interne peut am\u00e9liorer la qualit\u00e9 du sommeil. <\/p>\n<h4>Voici quelques recommandations :<\/h4>\n<p>Votre environnement de sommeil : Veillez \u00e0 ce que votre chambre soit sombre, calme et fra\u00eeche. Veillez \u00e0 ce que votre lit soit confortable et associ\u00e9 uniquement au sommeil et \u00e0 la relaxation. \u00c9loignez tous les appareils \u00e9lectroniques et \u00e9loignez votre r\u00e9veil de votre lit.  <\/p>\n<p><strong>\u00c9tablissez une routine :<\/strong> profitez d&rsquo;un maximum de lumi\u00e8re pendant la journ\u00e9e, \u00e9tablissez une routine r\u00e9guli\u00e8re \u00e0 l&rsquo;heure du coucher et pratiquez des techniques de relaxation avant de vous endormir. Le corps a besoin de 6 \u00e0 8 heures de sommeil. <\/p>\n<p><strong>\u00c0 \u00e9viter :<\/strong> Tous les stimulants tels que les boissons \u00e9nergisantes, la caf\u00e9ine et les m\u00e9dicaments stimulants doivent \u00eatre \u00e9vit\u00e9s 5 heures avant l&rsquo;heure du coucher.<\/p>\n<p><strong>Le tabagisme et l&rsquo;alcool :<\/strong> La consommation de cigarettes et d&rsquo;alcool peut fragmenter le sommeil, ce qui est n\u00e9faste \u00e0 long terme.<\/p>\n<p><strong>Favorisez une alimentation saine :<\/strong> Ne mangez pas 3 heures avant de vous coucher. \u00c9vitez les aliments gras et \u00e9pic\u00e9s qui sont plus difficiles \u00e0 dig\u00e9rer. <\/p>\n<p><strong>Faites de l&rsquo;exercice r\u00e9guli\u00e8rement :<\/strong> L&rsquo;exercice r\u00e9duit le stress et la d\u00e9pression et am\u00e9liore le sommeil continu. Toutefois, ne faites pas d&rsquo;exercice avant de vous coucher, car des endorphines sont lib\u00e9r\u00e9es et peuvent vous emp\u00eacher de dormir. <\/p>\n\t\t\t\t\t\t\t\t<\/div>\n\t\t\t\t<\/div>\n\t\t\t\t<\/div>\n\t\t<div class=\"elementor-element elementor-element-188abda e-con-full e-flex e-con e-child\" data-id=\"188abda\" data-element_type=\"container\" data-e-type=\"container\">\n\t\t<div class=\"elementor-element elementor-element-a7f9c50 e-con-full e-flex e-con e-child\" data-id=\"a7f9c50\" data-element_type=\"container\" data-e-type=\"container\" data-settings=\"{&quot;background_background&quot;:&quot;classic&quot;,&quot;sticky&quot;:&quot;top&quot;,&quot;sticky_offset&quot;:78,&quot;sticky_parent&quot;:&quot;yes&quot;,&quot;sticky_on&quot;:[&quot;desktop&quot;,&quot;tablet&quot;,&quot;mobile&quot;],&quot;sticky_effects_offset&quot;:0,&quot;sticky_anchor_link_offset&quot;:0}\">\n\t\t\t\t<div class=\"elementor-element elementor-element-8e268c0 elementor-widget elementor-widget-heading\" data-id=\"8e268c0\" data-element_type=\"widget\" data-e-type=\"widget\" data-widget_type=\"heading.default\">\n\t\t\t\t<div class=\"elementor-widget-container\">\n\t\t\t\t\t<h2 class=\"elementor-heading-title elementor-size-default\">Vous avez des questions sur les troubles du sommeil ?\n<\/h2>\t\t\t\t<\/div>\n\t\t\t\t<\/div>\n\t\t\t\t<div class=\"elementor-element elementor-element-bb37eb2 elementor-widget elementor-widget-text-editor\" data-id=\"bb37eb2\" data-element_type=\"widget\" data-e-type=\"widget\" data-widget_type=\"text-editor.default\">\n\t\t\t\t<div class=\"elementor-widget-container\">\n\t\t\t\t\t\t\t\t\t<section class=\"vc_cta3-container\">\n<div class=\"vc_general vc_cta3 vc_cta3-style-classic vc_cta3-shape-rounded vc_cta3-align-left vc_cta3-color-classic vc_cta3-icon-size-md\">\n<div class=\"vc_cta3_content-container\">\n<div class=\"vc_cta3-content\">\n<p>Appelez-nous sans frais au <strong><a href=\"tel:\/\/18552185186\">1-(855) 218-5186<\/a>. <\/strong>Notre \u00e9quipe de sp\u00e9cialistes du sommeil r\u00e9pondra \u00e0 vos questions. Les consultations sont gratuites et peuvent se faire en ligne ou en personne. <\/p>\n<\/div>\n<\/div>\n<\/div>\n<\/section>\n\t\t\t\t\t\t\t\t<\/div>\n\t\t\t\t<\/div>\n\t\t\t\t<div class=\"elementor-element elementor-element-a0d03d2 elementor-widget__width-auto elementor-mobile-align-justify elementor-widget-mobile__width-inherit elementor-widget elementor-widget-button\" data-id=\"a0d03d2\" data-element_type=\"widget\" data-e-type=\"widget\" data-widget_type=\"button.default\">\n\t\t\t\t<div class=\"elementor-widget-container\">\n\t\t\t\t\t\t\t\t\t<div class=\"elementor-button-wrapper\">\n\t\t\t\t\t<a class=\"elementor-button elementor-button-link elementor-size-sm elementor-animation-grow\" href=\"https:\/\/dormalab.com\/fr\/nous-joindre\/\">\n\t\t\t\t\t\t<span class=\"elementor-button-content-wrapper\">\n\t\t\t\t\t\t\t\t\t<span class=\"elementor-button-text\">R\u00e9server une consultation gratuite<\/span>\n\t\t\t\t\t<\/span>\n\t\t\t\t\t<\/a>\n\t\t\t\t<\/div>\n\t\t\t\t\t\t\t\t<\/div>\n\t\t\t\t<\/div>\n\t\t\t\t<\/div>\n\t\t\t\t<\/div>\n\t\t\t\t<\/div>\n\t\t\t\t\t<\/div>\n\t\t\t\t<\/div>\n\t\t<div class=\"elementor-element elementor-element-8b51d50 e-flex e-con-boxed e-con e-parent\" data-id=\"8b51d50\" data-element_type=\"container\" data-e-type=\"container\">\n\t\t\t\t\t<div class=\"e-con-inner\">\n\t\t<div class=\"elementor-element elementor-element-d40157a e-con-full e-flex e-con e-child\" data-id=\"d40157a\" data-element_type=\"container\" data-e-type=\"container\" data-settings=\"{&quot;background_background&quot;:&quot;classic&quot;}\">\n\t\t\t\t<div class=\"elementor-element elementor-element-a25979f elementor-widget elementor-widget-heading\" data-id=\"a25979f\" data-element_type=\"widget\" data-e-type=\"widget\" data-widget_type=\"heading.default\">\n\t\t\t\t<div class=\"elementor-widget-container\">\n\t\t\t\t\t<h2 class=\"elementor-heading-title elementor-size-default\">Faites l'\u00e9valuation du sommeil en ligne<\/h2>\t\t\t\t<\/div>\n\t\t\t\t<\/div>\n\t\t\t\t<div class=\"elementor-element elementor-element-5caac85 elementor-widget elementor-widget-text-editor\" data-id=\"5caac85\" data-element_type=\"widget\" data-e-type=\"widget\" data-widget_type=\"text-editor.default\">\n\t\t\t\t<div class=\"elementor-widget-container\">\n\t\t\t\t\t\t\t\t\t<p>Faites notre \u00e9valuation gratuite du sommeil en ligne pour d\u00e9terminer rapidement et facilement si vous risquez de souffrir d&rsquo;un trouble du sommeil.<\/p>\n\t\t\t\t\t\t\t\t<\/div>\n\t\t\t\t<\/div>\n\t\t\t\t<div class=\"elementor-element elementor-element-d9afae4 elementor-mobile-align-justify elementor-widget-mobile__width-inherit elementor-widget elementor-widget-button\" data-id=\"d9afae4\" data-element_type=\"widget\" data-e-type=\"widget\" data-widget_type=\"button.default\">\n\t\t\t\t<div class=\"elementor-widget-container\">\n\t\t\t\t\t\t\t\t\t<div class=\"elementor-button-wrapper\">\n\t\t\t\t\t<a class=\"elementor-button elementor-button-link elementor-size-sm elementor-animation-grow\" href=\"https:\/\/dormalab.com\/fr\/nous-joindre\/\">\n\t\t\t\t\t\t<span class=\"elementor-button-content-wrapper\">\n\t\t\t\t\t\t\t\t\t<span class=\"elementor-button-text\">Contactez nous<\/span>\n\t\t\t\t\t<\/span>\n\t\t\t\t\t<\/a>\n\t\t\t\t<\/div>\n\t\t\t\t\t\t\t\t<\/div>\n\t\t\t\t<\/div>\n\t\t\t\t<\/div>\n\t\t<div class=\"elementor-element elementor-element-02ad070 e-con-full e-flex e-con e-child\" data-id=\"02ad070\" data-element_type=\"container\" data-e-type=\"container\" data-settings=\"{&quot;background_background&quot;:&quot;classic&quot;}\">\n\t\t\t\t<div class=\"elementor-element elementor-element-5868170 elementor-widget elementor-widget-spacer\" data-id=\"5868170\" data-element_type=\"widget\" data-e-type=\"widget\" data-widget_type=\"spacer.default\">\n\t\t\t\t<div class=\"elementor-widget-container\">\n\t\t\t\t\t\t\t<div class=\"elementor-spacer\">\n\t\t\t<div class=\"elementor-spacer-inner\"><\/div>\n\t\t<\/div>\n\t\t\t\t\t\t<\/div>\n\t\t\t\t<\/div>\n\t\t\t\t<\/div>\n\t\t\t\t\t<\/div>\n\t\t\t\t<\/div>\n\t\t\t\t<\/div>\n\t\t","protected":false},"excerpt":{"rendered":"<p>Hygi\u00e8ne du sommeil Hygi\u00e8ne du sommeil Nous passons environ un tiers de notre vie \u00e0 dormir ; le sommeil joue un r\u00f4le crucial dans la sant\u00e9 et le bien-\u00eatre. C&rsquo;est pourquoi il est tr\u00e8s important d&rsquo;adopter une bonne hygi\u00e8ne du sommeil. Qu&rsquo;entend-on par une bonne \u00ab\u00a0hygi\u00e8ne du sommeil\u00a0\u00bb ? L&rsquo;hygi\u00e8ne du sommeil regroupe diff\u00e9rentes habitudes &#8230; <a title=\"Hygi\u00e8ne du sommeil\" class=\"read-more\" href=\"https:\/\/dormalab.com\/fr\/hygiene-du-sommeil-2\/\" aria-label=\"En savoir plus sur Hygi\u00e8ne du sommeil\">Lire la suite<\/a><\/p>\n","protected":false},"author":20,"featured_media":0,"parent":0,"menu_order":0,"comment_status":"closed","ping_status":"closed","template":"elementor_header_footer","meta":{"footnotes":""},"class_list":["post-39204","page","type-page","status-publish"],"yoast_head":"<!-- This site is optimized with the Yoast SEO plugin v27.4 - https:\/\/yoast.com\/product\/yoast-seo-wordpress\/ -->\n<title>Hygi\u00e8ne du sommeil - Dorma Sleep Clinics<\/title>\n<meta name=\"robots\" content=\"index, follow, max-snippet:-1, max-image-preview:large, max-video-preview:-1\" \/>\n<link rel=\"canonical\" href=\"https:\/\/dormalab.com\/fr\/hygiene-du-sommeil-2\/\" \/>\n<meta property=\"og:locale\" content=\"fr_FR\" \/>\n<meta property=\"og:type\" content=\"article\" \/>\n<meta property=\"og:title\" content=\"Hygi\u00e8ne du sommeil - Dorma Sleep Clinics\" \/>\n<meta property=\"og:description\" content=\"Hygi\u00e8ne du sommeil Hygi\u00e8ne du sommeil Nous passons environ un tiers de notre vie \u00e0 dormir ; le sommeil joue un r\u00f4le crucial dans la sant\u00e9 et le bien-\u00eatre. C&rsquo;est pourquoi il est tr\u00e8s important d&rsquo;adopter une bonne hygi\u00e8ne du sommeil. Qu&rsquo;entend-on par une bonne \u00ab\u00a0hygi\u00e8ne du sommeil\u00a0\u00bb ? L&rsquo;hygi\u00e8ne du sommeil regroupe diff\u00e9rentes habitudes ... Lire la suite\" \/>\n<meta property=\"og:url\" content=\"https:\/\/dormalab.com\/fr\/hygiene-du-sommeil-2\/\" \/>\n<meta property=\"og:site_name\" content=\"Dorma Sleep Clinics\" \/>\n<meta property=\"article:modified_time\" content=\"2024-11-27T01:57:12+00:00\" \/>\n<meta name=\"twitter:card\" content=\"summary_large_image\" \/>\n<meta name=\"twitter:label1\" content=\"Dur\u00e9e de lecture estim\u00e9e\" \/>\n\t<meta name=\"twitter:data1\" content=\"2 minute\" \/>\n<script type=\"application\/ld+json\" class=\"yoast-schema-graph\">{\"@context\":\"https:\\\/\\\/schema.org\",\"@graph\":[{\"@type\":\"WebPage\",\"@id\":\"https:\\\/\\\/dormalab.com\\\/fr\\\/hygiene-du-sommeil-2\\\/\",\"url\":\"https:\\\/\\\/dormalab.com\\\/fr\\\/hygiene-du-sommeil-2\\\/\",\"name\":\"Hygi\u00e8ne du sommeil - Dorma Sleep Clinics\",\"isPartOf\":{\"@id\":\"https:\\\/\\\/dormalab.com\\\/fr\\\/#website\"},\"datePublished\":\"2024-11-27T01:57:11+00:00\",\"dateModified\":\"2024-11-27T01:57:12+00:00\",\"breadcrumb\":{\"@id\":\"https:\\\/\\\/dormalab.com\\\/fr\\\/hygiene-du-sommeil-2\\\/#breadcrumb\"},\"inLanguage\":\"fr-FR\",\"potentialAction\":[{\"@type\":\"ReadAction\",\"target\":[\"https:\\\/\\\/dormalab.com\\\/fr\\\/hygiene-du-sommeil-2\\\/\"]}]},{\"@type\":\"BreadcrumbList\",\"@id\":\"https:\\\/\\\/dormalab.com\\\/fr\\\/hygiene-du-sommeil-2\\\/#breadcrumb\",\"itemListElement\":[{\"@type\":\"ListItem\",\"position\":1,\"name\":\"Home\",\"item\":\"https:\\\/\\\/dormalab.com\\\/fr\\\/\"},{\"@type\":\"ListItem\",\"position\":2,\"name\":\"Hygi\u00e8ne du sommeil\"}]},{\"@type\":\"WebSite\",\"@id\":\"https:\\\/\\\/dormalab.com\\\/fr\\\/#website\",\"url\":\"https:\\\/\\\/dormalab.com\\\/fr\\\/\",\"name\":\"Dorma Sleep Clinics\",\"description\":\"Sleep Well Live Well\",\"publisher\":{\"@id\":\"https:\\\/\\\/dormalab.com\\\/fr\\\/#organization\"},\"potentialAction\":[{\"@type\":\"SearchAction\",\"target\":{\"@type\":\"EntryPoint\",\"urlTemplate\":\"https:\\\/\\\/dormalab.com\\\/fr\\\/?s={search_term_string}\"},\"query-input\":{\"@type\":\"PropertyValueSpecification\",\"valueRequired\":true,\"valueName\":\"search_term_string\"}}],\"inLanguage\":\"fr-FR\"},{\"@type\":\"Organization\",\"@id\":\"https:\\\/\\\/dormalab.com\\\/fr\\\/#organization\",\"name\":\"Dorma Clinique Du Sommeil\",\"url\":\"https:\\\/\\\/dormalab.com\\\/fr\\\/\",\"logo\":{\"@type\":\"ImageObject\",\"inLanguage\":\"fr-FR\",\"@id\":\"https:\\\/\\\/dormalab.com\\\/fr\\\/#\\\/schema\\\/logo\\\/image\\\/\",\"url\":\"https:\\\/\\\/dormalab.com\\\/wp-content\\\/uploads\\\/2019\\\/10\\\/Dorma-Logotype-RGB-Black-scaled-e1578787470924.png\",\"contentUrl\":\"https:\\\/\\\/dormalab.com\\\/wp-content\\\/uploads\\\/2019\\\/10\\\/Dorma-Logotype-RGB-Black-scaled-e1578787470924.png\",\"width\":120,\"height\":25,\"caption\":\"Dorma Clinique Du Sommeil\"},\"image\":{\"@id\":\"https:\\\/\\\/dormalab.com\\\/fr\\\/#\\\/schema\\\/logo\\\/image\\\/\"}}]}<\/script>\n<!-- \/ Yoast SEO plugin. -->","yoast_head_json":{"title":"Hygi\u00e8ne du sommeil - Dorma Sleep Clinics","robots":{"index":"index","follow":"follow","max-snippet":"max-snippet:-1","max-image-preview":"max-image-preview:large","max-video-preview":"max-video-preview:-1"},"canonical":"https:\/\/dormalab.com\/fr\/hygiene-du-sommeil-2\/","og_locale":"fr_FR","og_type":"article","og_title":"Hygi\u00e8ne du sommeil - Dorma Sleep Clinics","og_description":"Hygi\u00e8ne du sommeil Hygi\u00e8ne du sommeil Nous passons environ un tiers de notre vie \u00e0 dormir ; le sommeil joue un r\u00f4le crucial dans la sant\u00e9 et le bien-\u00eatre. C&rsquo;est pourquoi il est tr\u00e8s important d&rsquo;adopter une bonne hygi\u00e8ne du sommeil. Qu&rsquo;entend-on par une bonne \u00ab\u00a0hygi\u00e8ne du sommeil\u00a0\u00bb ? L&rsquo;hygi\u00e8ne du sommeil regroupe diff\u00e9rentes habitudes ... Lire la suite","og_url":"https:\/\/dormalab.com\/fr\/hygiene-du-sommeil-2\/","og_site_name":"Dorma Sleep Clinics","article_modified_time":"2024-11-27T01:57:12+00:00","twitter_card":"summary_large_image","twitter_misc":{"Dur\u00e9e de lecture estim\u00e9e":"2 minute"},"schema":{"@context":"https:\/\/schema.org","@graph":[{"@type":"WebPage","@id":"https:\/\/dormalab.com\/fr\/hygiene-du-sommeil-2\/","url":"https:\/\/dormalab.com\/fr\/hygiene-du-sommeil-2\/","name":"Hygi\u00e8ne du sommeil - Dorma Sleep Clinics","isPartOf":{"@id":"https:\/\/dormalab.com\/fr\/#website"},"datePublished":"2024-11-27T01:57:11+00:00","dateModified":"2024-11-27T01:57:12+00:00","breadcrumb":{"@id":"https:\/\/dormalab.com\/fr\/hygiene-du-sommeil-2\/#breadcrumb"},"inLanguage":"fr-FR","potentialAction":[{"@type":"ReadAction","target":["https:\/\/dormalab.com\/fr\/hygiene-du-sommeil-2\/"]}]},{"@type":"BreadcrumbList","@id":"https:\/\/dormalab.com\/fr\/hygiene-du-sommeil-2\/#breadcrumb","itemListElement":[{"@type":"ListItem","position":1,"name":"Home","item":"https:\/\/dormalab.com\/fr\/"},{"@type":"ListItem","position":2,"name":"Hygi\u00e8ne du sommeil"}]},{"@type":"WebSite","@id":"https:\/\/dormalab.com\/fr\/#website","url":"https:\/\/dormalab.com\/fr\/","name":"Dorma Sleep Clinics","description":"Sleep Well Live Well","publisher":{"@id":"https:\/\/dormalab.com\/fr\/#organization"},"potentialAction":[{"@type":"SearchAction","target":{"@type":"EntryPoint","urlTemplate":"https:\/\/dormalab.com\/fr\/?s={search_term_string}"},"query-input":{"@type":"PropertyValueSpecification","valueRequired":true,"valueName":"search_term_string"}}],"inLanguage":"fr-FR"},{"@type":"Organization","@id":"https:\/\/dormalab.com\/fr\/#organization","name":"Dorma Clinique Du Sommeil","url":"https:\/\/dormalab.com\/fr\/","logo":{"@type":"ImageObject","inLanguage":"fr-FR","@id":"https:\/\/dormalab.com\/fr\/#\/schema\/logo\/image\/","url":"https:\/\/dormalab.com\/wp-content\/uploads\/2019\/10\/Dorma-Logotype-RGB-Black-scaled-e1578787470924.png","contentUrl":"https:\/\/dormalab.com\/wp-content\/uploads\/2019\/10\/Dorma-Logotype-RGB-Black-scaled-e1578787470924.png","width":120,"height":25,"caption":"Dorma Clinique Du Sommeil"},"image":{"@id":"https:\/\/dormalab.com\/fr\/#\/schema\/logo\/image\/"}}]}},"_links":{"self":[{"href":"https:\/\/dormalab.com\/fr\/wp-json\/wp\/v2\/pages\/39204","targetHints":{"allow":["GET"]}}],"collection":[{"href":"https:\/\/dormalab.com\/fr\/wp-json\/wp\/v2\/pages"}],"about":[{"href":"https:\/\/dormalab.com\/fr\/wp-json\/wp\/v2\/types\/page"}],"author":[{"embeddable":true,"href":"https:\/\/dormalab.com\/fr\/wp-json\/wp\/v2\/users\/20"}],"replies":[{"embeddable":true,"href":"https:\/\/dormalab.com\/fr\/wp-json\/wp\/v2\/comments?post=39204"}],"version-history":[{"count":0,"href":"https:\/\/dormalab.com\/fr\/wp-json\/wp\/v2\/pages\/39204\/revisions"}],"wp:attachment":[{"href":"https:\/\/dormalab.com\/fr\/wp-json\/wp\/v2\/media?parent=39204"}],"curies":[{"name":"wp","href":"https:\/\/api.w.org\/{rel}","templated":true}]}}