{"id":39480,"date":"2024-11-29T10:02:36","date_gmt":"2024-11-29T15:02:36","guid":{"rendered":"https:\/\/dormalab.com\/merci-pour-votre-recommandation\/"},"modified":"2024-11-29T10:02:37","modified_gmt":"2024-11-29T15:02:37","slug":"merci-pour-votre-recommandation","status":"publish","type":"page","link":"https:\/\/dormalab.com\/fr\/merci-pour-votre-recommandation\/","title":{"rendered":"Merci pour votre recommandation"},"content":{"rendered":"\t\t<div data-elementor-type=\"wp-page\" data-elementor-id=\"39480\" class=\"elementor elementor-39480 elementor-39469\" data-elementor-post-type=\"page\">\n\t\t\t\t<div class=\"elementor-element elementor-element-48715c1 e-flex e-con-boxed e-con e-parent\" data-id=\"48715c1\" data-element_type=\"container\" data-e-type=\"container\">\n\t\t\t\t\t<div class=\"e-con-inner\">\n\t\t\t\t<div class=\"elementor-element elementor-element-fb0ff4c elementor-widget elementor-widget-text-editor\" data-id=\"fb0ff4c\" data-element_type=\"widget\" data-e-type=\"widget\" data-widget_type=\"text-editor.default\">\n\t\t\t\t<div class=\"elementor-widget-container\">\n\t\t\t\t\t\t\t\t\t<p class=\"p1\">Nous vous remercions sinc\u00e8rement de la confiance que vous nous accordez en recommandant votre patient \u00e0 notre clinique. Chez <b>Dorma Lab<\/b>, nous comprenons l&rsquo;importance de la collaboration pour offrir des soins de la plus haute qualit\u00e9. Soyez assur\u00e9 que votre patient est entre de bonnes mains.  <\/p>\n<h4 class=\"p3\"><b>Que se passe-t-il ensuite ?<\/b><b><\/b><\/h4>\n<p class=\"p4\">Notre \u00e9quipe contactera rapidement votre patient pour planifier son rendez-vous et lui fournir tous les d\u00e9tails n\u00e9cessaires.<\/p>\n<p>Lorsque votre patient aura termin\u00e9 son \u00e9tude du sommeil, nous vous enverrons le rapport complet par fax ou par email selon votre pr\u00e9f\u00e9rence.<\/p>\n\t\t\t\t\t\t\t\t<\/div>\n\t\t\t\t<\/div>\n\t\t\t\t\t<\/div>\n\t\t\t\t<\/div>\n\t\t\t\t<\/div>\n\t\t","protected":false},"excerpt":{"rendered":"<p>Nous vous remercions sinc\u00e8rement de la confiance que vous nous accordez en recommandant votre patient \u00e0 notre clinique. Chez Dorma Lab, nous comprenons l&rsquo;importance de la collaboration pour offrir des soins de la plus haute qualit\u00e9. Soyez assur\u00e9 que votre patient est entre de bonnes mains. Que se passe-t-il ensuite ? Notre \u00e9quipe contactera rapidement &#8230; <a title=\"Merci pour votre recommandation\" class=\"read-more\" href=\"https:\/\/dormalab.com\/fr\/merci-pour-votre-recommandation\/\" aria-label=\"En savoir plus sur Merci pour votre recommandation\">Lire la suite<\/a><\/p>\n","protected":false},"author":22,"featured_media":0,"parent":0,"menu_order":0,"comment_status":"closed","ping_status":"closed","template":"","meta":{"footnotes":""},"class_list":["post-39480","page","type-page","status-publish"],"yoast_head":"<!-- This site is optimized with the Yoast SEO plugin v27.4 - https:\/\/yoast.com\/product\/yoast-seo-wordpress\/ -->\n<title>Merci pour votre recommandation - Dorma Sleep Clinics<\/title>\n<meta name=\"robots\" content=\"index, follow, max-snippet:-1, max-image-preview:large, max-video-preview:-1\" \/>\n<link rel=\"canonical\" href=\"https:\/\/dormalab.com\/fr\/merci-pour-votre-recommandation\/\" \/>\n<meta property=\"og:locale\" content=\"fr_FR\" \/>\n<meta property=\"og:type\" content=\"article\" \/>\n<meta property=\"og:title\" content=\"Merci pour votre recommandation - Dorma Sleep Clinics\" \/>\n<meta property=\"og:description\" content=\"Nous vous remercions sinc\u00e8rement de la confiance que vous nous accordez en recommandant votre patient \u00e0 notre clinique. Chez Dorma Lab, nous comprenons l&rsquo;importance de la collaboration pour offrir des soins de la plus haute qualit\u00e9. Soyez assur\u00e9 que votre patient est entre de bonnes mains. Que se passe-t-il ensuite ? Notre \u00e9quipe contactera rapidement ... Lire la suite\" \/>\n<meta property=\"og:url\" content=\"https:\/\/dormalab.com\/fr\/merci-pour-votre-recommandation\/\" \/>\n<meta property=\"og:site_name\" content=\"Dorma Sleep Clinics\" \/>\n<meta property=\"article:modified_time\" content=\"2024-11-29T15:02:37+00:00\" \/>\n<meta name=\"twitter:card\" content=\"summary_large_image\" \/>\n<script type=\"application\/ld+json\" class=\"yoast-schema-graph\">{\"@context\":\"https:\\\/\\\/schema.org\",\"@graph\":[{\"@type\":\"WebPage\",\"@id\":\"https:\\\/\\\/dormalab.com\\\/fr\\\/merci-pour-votre-recommandation\\\/\",\"url\":\"https:\\\/\\\/dormalab.com\\\/fr\\\/merci-pour-votre-recommandation\\\/\",\"name\":\"Merci pour votre recommandation - Dorma Sleep Clinics\",\"isPartOf\":{\"@id\":\"https:\\\/\\\/dormalab.com\\\/fr\\\/#website\"},\"datePublished\":\"2024-11-29T15:02:36+00:00\",\"dateModified\":\"2024-11-29T15:02:37+00:00\",\"breadcrumb\":{\"@id\":\"https:\\\/\\\/dormalab.com\\\/fr\\\/merci-pour-votre-recommandation\\\/#breadcrumb\"},\"inLanguage\":\"fr-FR\",\"potentialAction\":[{\"@type\":\"ReadAction\",\"target\":[\"https:\\\/\\\/dormalab.com\\\/fr\\\/merci-pour-votre-recommandation\\\/\"]}]},{\"@type\":\"BreadcrumbList\",\"@id\":\"https:\\\/\\\/dormalab.com\\\/fr\\\/merci-pour-votre-recommandation\\\/#breadcrumb\",\"itemListElement\":[{\"@type\":\"ListItem\",\"position\":1,\"name\":\"Home\",\"item\":\"https:\\\/\\\/dormalab.com\\\/fr\\\/\"},{\"@type\":\"ListItem\",\"position\":2,\"name\":\"Merci pour votre recommandation\"}]},{\"@type\":\"WebSite\",\"@id\":\"https:\\\/\\\/dormalab.com\\\/fr\\\/#website\",\"url\":\"https:\\\/\\\/dormalab.com\\\/fr\\\/\",\"name\":\"Dorma Sleep Clinics\",\"description\":\"Sleep Well Live Well\",\"publisher\":{\"@id\":\"https:\\\/\\\/dormalab.com\\\/fr\\\/#organization\"},\"potentialAction\":[{\"@type\":\"SearchAction\",\"target\":{\"@type\":\"EntryPoint\",\"urlTemplate\":\"https:\\\/\\\/dormalab.com\\\/fr\\\/?s={search_term_string}\"},\"query-input\":{\"@type\":\"PropertyValueSpecification\",\"valueRequired\":true,\"valueName\":\"search_term_string\"}}],\"inLanguage\":\"fr-FR\"},{\"@type\":\"Organization\",\"@id\":\"https:\\\/\\\/dormalab.com\\\/fr\\\/#organization\",\"name\":\"Dorma Clinique Du Sommeil\",\"url\":\"https:\\\/\\\/dormalab.com\\\/fr\\\/\",\"logo\":{\"@type\":\"ImageObject\",\"inLanguage\":\"fr-FR\",\"@id\":\"https:\\\/\\\/dormalab.com\\\/fr\\\/#\\\/schema\\\/logo\\\/image\\\/\",\"url\":\"https:\\\/\\\/dormalab.com\\\/wp-content\\\/uploads\\\/2019\\\/10\\\/Dorma-Logotype-RGB-Black-scaled-e1578787470924.png\",\"contentUrl\":\"https:\\\/\\\/dormalab.com\\\/wp-content\\\/uploads\\\/2019\\\/10\\\/Dorma-Logotype-RGB-Black-scaled-e1578787470924.png\",\"width\":120,\"height\":25,\"caption\":\"Dorma Clinique Du Sommeil\"},\"image\":{\"@id\":\"https:\\\/\\\/dormalab.com\\\/fr\\\/#\\\/schema\\\/logo\\\/image\\\/\"}}]}<\/script>\n<!-- \/ Yoast SEO plugin. -->","yoast_head_json":{"title":"Merci pour votre recommandation - Dorma Sleep Clinics","robots":{"index":"index","follow":"follow","max-snippet":"max-snippet:-1","max-image-preview":"max-image-preview:large","max-video-preview":"max-video-preview:-1"},"canonical":"https:\/\/dormalab.com\/fr\/merci-pour-votre-recommandation\/","og_locale":"fr_FR","og_type":"article","og_title":"Merci pour votre recommandation - Dorma Sleep Clinics","og_description":"Nous vous remercions sinc\u00e8rement de la confiance que vous nous accordez en recommandant votre patient \u00e0 notre clinique. Chez Dorma Lab, nous comprenons l&rsquo;importance de la collaboration pour offrir des soins de la plus haute qualit\u00e9. Soyez assur\u00e9 que votre patient est entre de bonnes mains. Que se passe-t-il ensuite ? Notre \u00e9quipe contactera rapidement ... Lire la suite","og_url":"https:\/\/dormalab.com\/fr\/merci-pour-votre-recommandation\/","og_site_name":"Dorma Sleep Clinics","article_modified_time":"2024-11-29T15:02:37+00:00","twitter_card":"summary_large_image","schema":{"@context":"https:\/\/schema.org","@graph":[{"@type":"WebPage","@id":"https:\/\/dormalab.com\/fr\/merci-pour-votre-recommandation\/","url":"https:\/\/dormalab.com\/fr\/merci-pour-votre-recommandation\/","name":"Merci pour votre recommandation - Dorma Sleep Clinics","isPartOf":{"@id":"https:\/\/dormalab.com\/fr\/#website"},"datePublished":"2024-11-29T15:02:36+00:00","dateModified":"2024-11-29T15:02:37+00:00","breadcrumb":{"@id":"https:\/\/dormalab.com\/fr\/merci-pour-votre-recommandation\/#breadcrumb"},"inLanguage":"fr-FR","potentialAction":[{"@type":"ReadAction","target":["https:\/\/dormalab.com\/fr\/merci-pour-votre-recommandation\/"]}]},{"@type":"BreadcrumbList","@id":"https:\/\/dormalab.com\/fr\/merci-pour-votre-recommandation\/#breadcrumb","itemListElement":[{"@type":"ListItem","position":1,"name":"Home","item":"https:\/\/dormalab.com\/fr\/"},{"@type":"ListItem","position":2,"name":"Merci pour votre recommandation"}]},{"@type":"WebSite","@id":"https:\/\/dormalab.com\/fr\/#website","url":"https:\/\/dormalab.com\/fr\/","name":"Dorma Sleep Clinics","description":"Sleep Well Live Well","publisher":{"@id":"https:\/\/dormalab.com\/fr\/#organization"},"potentialAction":[{"@type":"SearchAction","target":{"@type":"EntryPoint","urlTemplate":"https:\/\/dormalab.com\/fr\/?s={search_term_string}"},"query-input":{"@type":"PropertyValueSpecification","valueRequired":true,"valueName":"search_term_string"}}],"inLanguage":"fr-FR"},{"@type":"Organization","@id":"https:\/\/dormalab.com\/fr\/#organization","name":"Dorma Clinique Du Sommeil","url":"https:\/\/dormalab.com\/fr\/","logo":{"@type":"ImageObject","inLanguage":"fr-FR","@id":"https:\/\/dormalab.com\/fr\/#\/schema\/logo\/image\/","url":"https:\/\/dormalab.com\/wp-content\/uploads\/2019\/10\/Dorma-Logotype-RGB-Black-scaled-e1578787470924.png","contentUrl":"https:\/\/dormalab.com\/wp-content\/uploads\/2019\/10\/Dorma-Logotype-RGB-Black-scaled-e1578787470924.png","width":120,"height":25,"caption":"Dorma Clinique Du Sommeil"},"image":{"@id":"https:\/\/dormalab.com\/fr\/#\/schema\/logo\/image\/"}}]}},"_links":{"self":[{"href":"https:\/\/dormalab.com\/fr\/wp-json\/wp\/v2\/pages\/39480","targetHints":{"allow":["GET"]}}],"collection":[{"href":"https:\/\/dormalab.com\/fr\/wp-json\/wp\/v2\/pages"}],"about":[{"href":"https:\/\/dormalab.com\/fr\/wp-json\/wp\/v2\/types\/page"}],"author":[{"embeddable":true,"href":"https:\/\/dormalab.com\/fr\/wp-json\/wp\/v2\/users\/22"}],"replies":[{"embeddable":true,"href":"https:\/\/dormalab.com\/fr\/wp-json\/wp\/v2\/comments?post=39480"}],"version-history":[{"count":0,"href":"https:\/\/dormalab.com\/fr\/wp-json\/wp\/v2\/pages\/39480\/revisions"}],"wp:attachment":[{"href":"https:\/\/dormalab.com\/fr\/wp-json\/wp\/v2\/media?parent=39480"}],"curies":[{"name":"wp","href":"https:\/\/api.w.org\/{rel}","templated":true}]}}