{"id":4067,"date":"2019-12-13T11:40:23","date_gmt":"2019-12-13T16:40:23","guid":{"rendered":"https:\/\/dormalab.com\/central-sleep-apnea-csa\/"},"modified":"2021-05-14T13:26:53","modified_gmt":"2021-05-14T17:26:53","slug":"apnee-centrale-du-sommeil-acs","status":"publish","type":"page","link":"https:\/\/dormalab.com\/fr\/apnee-centrale-du-sommeil-acs\/","title":{"rendered":"Apn\u00e9e Centrale du Sommeil (ACS)"},"content":{"rendered":"<p>[vc_row full_width=\u00a0\u00bbstretch_row_content\u00a0\u00bb css=\u00a0\u00bb.vc_custom_1621003275268{padding-right: 40px !important;padding-left: 40px !important;}\u00a0\u00bb][vc_column width=\u00a0\u00bb3\/12&Prime; el_class=\u00a0\u00bbpages-sidebar\u00a0\u00bb][vc_column_text css=\u00a0\u00bb.vc_custom_1621003907771{padding-top: 20px !important;padding-right: 20px !important;padding-bottom: 20px !important;padding-left: 20px !important;background-color: #1b2a39 !important;}\u00a0\u00bb]<\/p>\n<h3><span style=\"font-size: 14pt; color: #ffffff;\">Vous pourriez aimer aussi :\u00a0<\/span><\/h3>\n<p><span style=\"font-size: 14pt;\"><a href=\"https:\/\/dormalab.com\/fr\/apnee-obstructive-du-sommeil\/\">Apn\u00e9e du sommeil<\/a>\u00a0<\/span><\/p>\n<p><span style=\"font-size: 14pt;\"><a href=\"https:\/\/dormalab.com\/fr\/depistage-apnee-du-sommeil\/\">D\u00e9pistage apn\u00e9e du sommeil<\/a><br \/>\n<a href=\"https:\/\/dormalab.com\/fr\/problemes-de-ronflement\/\">Ronflement<\/a><\/p>\n<p><\/span>[\/vc_column_text][contact-form-7 id=\u00a0\u00bb9906&Prime;][vc_widget_sidebar sidebar_id=\u00a0\u00bbca-sidebar-9958&Prime; el_class=\u00a0\u00bbsidebar\u00a0\u00bb][vc_column_text]<\/p>\n<h3 class=\"p1\"><strong>\u00c0 lire aussi :<\/strong><\/h3>\n<p class=\"p1\">[display-posts tag=\u00a0\u00bbapnee-du-sommeil\u00a0\u00bb posts per page=\u00a0\u00bb3&Prime;]<\/p>\n<p>[\/vc_column_text][\/vc_column][vc_column width=\u00a0\u00bb9\/12&Prime; el_class=\u00a0\u00bbpages-contenu\u00a0\u00bb][vc_column_text]<\/p>\n<h1>Apn\u00e9e centrale du sommeil<\/h1>\n<p>[\/vc_column_text][vc_column_text]<span style=\"font-weight: 400;\">L\u2019apn\u00e9e obstructive du sommeil est beaucoup plus connue que l\u2019apn\u00e9e centrale du sommeil. L\u2019apn\u00e9e obstructive du sommeil se caract\u00e9rise par l\u2019obstruction des voies respiratoires emp\u00eachant l\u2019air de circuler normalement. L\u2019apn\u00e9e centrale du sommeil est une pathologie similaire, mais moins fr\u00e9quente, le cerveau est \u00e0 l\u2019origine de l\u2019affection.<\/span>[\/vc_column_text][vc_column_text]<\/p>\n<h2><strong>Comment se produit l\u2019apn\u00e9e centrale du sommeil (ASC) ?<\/strong><\/h2>\n<p><span style=\"font-weight: 400;\">L&rsquo;apn\u00e9e centrale du sommeil se produit lorsque le cerveau n&rsquo;envoie pas de signaux aux muscles responsables de la respiration. Cette absence de signaux entra\u00eene un manque d&rsquo;effort respiratoire et, par cons\u00e9quent, une insuffisance de la circulation de l&rsquo;air. Les poumons ne sont plus aliment\u00e9s en oxyg\u00e8ne cr\u00e9ant un d\u00e9ficit du taux d\u2019oxyg\u00e9nation dans le sang. <\/span><span style=\"font-weight: 400;\"><br \/>\n<\/span><span style=\"font-weight: 400;\"><br \/>\n<\/span><span style=\"font-weight: 400;\">Le cerveau \u00e9met alors un signal d\u2019alerte aux muscles respiratoires pour enclencher la ventilation des voies a\u00e9riennes. Le patient va de nouveau respirer, et ce, jusqu\u2019\u00e0 la prochaine apn\u00e9e.<\/span>[\/vc_column_text][vc_cta h2=\u00a0\u00bb\u00a0\u00bb add_button=\u00a0\u00bbbottom\u00a0\u00bb btn_title=\u00a0\u00bbPrendre rendez-vous avec un sp\u00e9cialiste du sommeil\u00a0\u00bb btn_shape=\u00a0\u00bbround\u00a0\u00bb btn_color=\u00a0\u00bbinfo\u00a0\u00bb btn_size=\u00a0\u00bbsm\u00a0\u00bb btn_link=\u00a0\u00bburl:https%3A%2F%2Fdormalab.com%2Ffr%2Fplanifier-une-consultation-gratuite%2F|||\u00a0\u00bb]<\/p>\n<h3><strong>Parlez \u00e0 un sp\u00e9cialiste du sommeil d\u00e8s aujourd&rsquo;hui pour en savoir plus sur l&rsquo;apn\u00e9e centrale du sommeil et les options de traitement disponibles.<\/strong><\/h3>\n<p>Nous offrons des consultations gratuites en ligne ou en personne dans nos cliniques du Qu\u00e9bec. Laissez-nous vous aider \u00e0 mieux dormir.[\/vc_cta][vc_column_text]<\/p>\n<h2><strong>D\u2019o\u00f9 provient l\u2019apn\u00e9e centrale du sommeil ?<\/strong><\/h2>\n<p><span style=\"font-weight: 400;\">L\u2019apn\u00e9e centrale du sommeil se diff\u00e9rencie de l&rsquo;<a href=\"https:\/\/dormalab.com\/fr\/apnee-obstructive-du-sommeil\/\">apn\u00e9e obstructive du sommeil<\/a>, o\u00f9 les efforts respiratoires sont pr\u00e9sents, mais o\u00f9 la respiration est alt\u00e9r\u00e9e en raison de l&rsquo;obstruction des voies a\u00e9riennes sup\u00e9rieures. Une d\u00e9faillance du syst\u00e8me nerveux est responsable de l\u2019apn\u00e9e centrale du sommeil.\u00a0<\/span><span style=\"font-weight: 400;\"><br \/>\n<\/span>[\/vc_column_text][vc_column_text]<\/p>\n<h2><strong>Quelles sont les causes de l\u2019apn\u00e9e centrale ?<\/strong><\/h2>\n<p><span style=\"font-weight: 400;\">L&rsquo;apn\u00e9e centrale du sommeil peut r\u00e9sulter d&rsquo;autres affections telles que l&rsquo;insuffisance cardiaque congestive, l&rsquo;hypothyro\u00efdie et l&rsquo;insuffisance r\u00e9nale. Elle peut \u00e9galement \u00eatre associ\u00e9e \u00e0 des troubles neurologiques tels que la maladie de Parkinson, d&rsquo;Alzheimer, la SLA et la maladie de Lou Gehrig, \u00e0 des l\u00e9sions du tronc c\u00e9r\u00e9bral induites par l&rsquo;enc\u00e9phalite, \u00e0 des accidents vasculaires c\u00e9r\u00e9braux, \u00e0 des traumatismes, etc.<\/span><span style=\"font-weight: 400;\"><br \/>\n<\/span><span style=\"font-weight: 400;\"><br \/>\n<\/span><span style=\"font-weight: 400;\">Le fait de dormir \u00e0 haute altitude peut \u00e9galement provoquer une apn\u00e9e centrale du sommeil. Les traitements comprennent la gestion des conditions existantes, l&rsquo;utilisation d&rsquo;un dispositif d&rsquo;aide \u00e0 la respiration ou la suppl\u00e9mentation en oxyg\u00e8ne.<\/span><span style=\"font-weight: 400;\"><br \/>\n<\/span><span style=\"font-weight: 400;\"><br \/>\n<\/span><span style=\"font-weight: 400;\">N\u00e9anmoins, il s&rsquo;agit d&rsquo;une forme rare d&rsquo;apn\u00e9e du sommeil.<\/span>[\/vc_column_text][vc_column_text]<\/p>\n<h2><strong>Quels sont les sympt\u00f4mes de l\u2019apn\u00e9e centrale du sommeil ?<\/strong><\/h2>\n<p><span style=\"font-weight: 400;\">Une respiration courte et r\u00e9p\u00e9titive pendant le sommeil est le principal sympt\u00f4me du syndrome d&rsquo;apn\u00e9e centrale. Cette interruption de la respiration peut provoquer des micro-r\u00e9veils dont la fr\u00e9quence peut alt\u00e9rer la qualit\u00e9 du sommeil.<\/span><span style=\"font-weight: 400;\"><br \/>\n<\/span><span style=\"font-weight: 400;\"><br \/>\n<\/span><span style=\"font-weight: 400;\">Les personnes atteintes de conditions pathologiques pr\u00e9sentent une fatigue importante pendant la journ\u00e9e et une baisse de concentration. Les maux de t\u00eate sont \u00e9galement courants au r\u00e9veil. Cependant, contrairement \u00e0 l&rsquo;<a href=\"https:\/\/dormalab.com\/fr\/apnee-obstructive-du-sommeil\/\">apn\u00e9e obstructive du sommeil<\/a>, les <a href=\"https:\/\/dormalab.com\/fr\/problemes-de-ronflement\/\">ronflements<\/a> ne sont pas n\u00e9cessairement un sympt\u00f4me d&rsquo;apn\u00e9e centrale du sommeil.\u00a0<\/span><span style=\"font-weight: 400;\"><br \/>\n<\/span>[\/vc_column_text][vc_cta h2=\u00a0\u00bb\u00a0\u00bb add_button=\u00a0\u00bbbottom\u00a0\u00bb btn_title=\u00a0\u00bbR\u00e9pondre au questionnaire Stop Bang\u00a0\u00bb btn_shape=\u00a0\u00bbround\u00a0\u00bb btn_color=\u00a0\u00bbinfo\u00a0\u00bb btn_size=\u00a0\u00bbsm\u00a0\u00bb btn_link=\u00a0\u00bburl:https%3A%2F%2Fdormalab.com%2Ffr%2Fquestionnaire-stop-bang%2F|||\u00a0\u00bb]<\/p>\n<h3><strong>Vous pensez faire de l&rsquo;apn\u00e9e centrale du sommeil ?<\/strong><\/h3>\n<p>Le questionnaire STOP BANG est un outil de d\u00e9pistage \u00e9prouv\u00e9, utilis\u00e9 par la plupart des sp\u00e9cialistes en m\u00e9decine du sommeil, afin de pr\u00e9dire la pr\u00e9sence d&rsquo;apn\u00e9e du sommeil chez un patient. R\u00e9pondez \u00e0 quelques questions permettrons et d\u00e9terminez si vous \u00eates \u00e0 risque.[\/vc_cta][vc_column_text]<\/p>\n<h2><strong>Comment diagnostiquer l\u2019apn\u00e9e centrale du sommeil ?<\/strong><\/h2>\n<p><span style=\"font-weight: 400;\">La r\u00e9p\u00e9tition des apn\u00e9es centrales ayant de nombreux effets sur la sant\u00e9, un <a href=\"https:\/\/dormalab.com\/fr\/depistage-apnee-du-sommeil\/\">d\u00e9pistage est essentiel<\/a>. En \u00e9tudiant attentivement le sommeil lors de l&rsquo;<a href=\"https:\/\/dormalab.com\/fr\/polysomnographie-complete-psg\/\">examen de polysomnographie<\/a>, le sp\u00e9cialiste peut d\u00e9terminer la nature de la blessure. D&rsquo;autres v\u00e9rifications peuvent \u00eatre effectu\u00e9es pour confirmer le diagnostic. Ensuite, les m\u00e9decins envisagent de fournir un traitement appropri\u00e9 \u00e0 leurs patients. Comme pour l&rsquo;apn\u00e9e obstructive, l&rsquo;utilisation d&rsquo;<a href=\"https:\/\/dormalab.com\/fr\/ventilation-pression-positive-continue-ppc\/\">appareils \u00e0 pression positive continue (CPAP)<\/a> peut assurer la continuit\u00e9 de la respiration chez les patients souffrant d&rsquo;apn\u00e9e centrale.<\/span>[\/vc_column_text][vc_column_text]<\/p>\n<h2><strong>Autres types de l\u2019apn\u00e9e centrale du sommeil<\/strong><\/h2>\n<p><span style=\"font-weight: 400;\">Il existe un autre type d&rsquo;apn\u00e9e centrale appel\u00e9 respiration de Cheyne-Stokes (CSR)<\/span><span style=\"font-weight: 400;\"><br \/>\n<\/span><span style=\"font-weight: 400;\"><br \/>\n<\/span><span style=\"font-weight: 400;\">La respiration de Cheyne-Stokes est un sch\u00e9ma respiratoire anormal, caract\u00e9ris\u00e9 par une alternance de p\u00e9riodes d&rsquo;apn\u00e9e et de respiration profonde et rapide.<\/span><span style=\"font-weight: 400;\"><br \/>\n<\/span><span style=\"font-weight: 400;\"><br \/>\n<\/span><span style=\"font-weight: 400;\">Ce sch\u00e9ma respiratoire anormal est couramment observ\u00e9 chez les patients souffrant d&rsquo;insuffisance cardiaque congestive, d&rsquo;accident vasculaire c\u00e9r\u00e9bral, de tumeurs c\u00e9r\u00e9brales ou de dommages au cerveau, \u00e0 la moelle \u00e9pini\u00e8re ou au tronc c\u00e9r\u00e9bral.<\/span><span style=\"font-weight: 400;\"><br \/>\n<\/span><span style=\"font-weight: 400;\"><br \/>\n<\/span><span style=\"font-weight: 400;\">Ces affections affectent les centres respiratoires du cerveau, situ\u00e9s dans le bulbe rachidien, au bas du tronc c\u00e9r\u00e9bral.<\/span>[\/vc_column_text][vc_cta h2=\u00a0\u00bb\u00a0\u00bb add_button=\u00a0\u00bbbottom\u00a0\u00bb btn_title=\u00a0\u00bbPrendre rendez-vous avec un sp\u00e9cialiste du sommeil\u00a0\u00bb btn_shape=\u00a0\u00bbround\u00a0\u00bb btn_color=\u00a0\u00bbinfo\u00a0\u00bb btn_size=\u00a0\u00bbsm\u00a0\u00bb btn_link=\u00a0\u00bburl:https%3A%2F%2Fdormalab.com%2Ffr%2Fplanifier-une-consultation-gratuite%2F|||\u00a0\u00bb]<\/p>\n<h3><strong>Parlez \u00e0 un sp\u00e9cialiste du sommeil d\u00e8s aujourd&rsquo;hui pour en savoir plus sur l&rsquo;apn\u00e9e centrale du sommeil et les options de traitement disponibles.<\/strong><\/h3>\n<p>Nous offrons des consultations gratuites en ligne ou en personne dans nos cliniques du Qu\u00e9bec. Laissez-nous vous aider \u00e0 mieux dormir.[\/vc_cta][\/vc_column][\/vc_row]<\/p>\n","protected":false},"excerpt":{"rendered":"<p>[vc_row full_width=\u00a0\u00bbstretch_row_content\u00a0\u00bb css=\u00a0\u00bb.vc_custom_1621003275268{padding-right: 40px !important;padding-left: 40px !important;}\u00a0\u00bb][vc_column width=\u00a0\u00bb3\/12&Prime; el_class=\u00a0\u00bbpages-sidebar\u00a0\u00bb][vc_column_text css=\u00a0\u00bb.vc_custom_1621003907771{padding-top: 20px !important;padding-right: 20px !important;padding-bottom: 20px !important;padding-left: 20px !important;background-color: #1b2a39 !important;}\u00a0\u00bb] Vous pourriez aimer aussi :\u00a0 Apn\u00e9e du sommeil\u00a0 D\u00e9pistage apn\u00e9e du sommeil Ronflement [\/vc_column_text][contact-form-7 id=\u00a0\u00bb9906&Prime;][vc_widget_sidebar sidebar_id=\u00a0\u00bbca-sidebar-9958&Prime; el_class=\u00a0\u00bbsidebar\u00a0\u00bb][vc_column_text] \u00c0 lire aussi : [display-posts tag=\u00a0\u00bbapnee-du-sommeil\u00a0\u00bb posts per page=\u00a0\u00bb3&Prime;] [\/vc_column_text][\/vc_column][vc_column width=\u00a0\u00bb9\/12&Prime; el_class=\u00a0\u00bbpages-contenu\u00a0\u00bb][vc_column_text] Apn\u00e9e centrale du sommeil [\/vc_column_text][vc_column_text]L\u2019apn\u00e9e obstructive &#8230; <a title=\"Apn\u00e9e Centrale du Sommeil (ACS)\" class=\"read-more\" href=\"https:\/\/dormalab.com\/fr\/apnee-centrale-du-sommeil-acs\/\" aria-label=\"En savoir plus sur Apn\u00e9e Centrale du Sommeil (ACS)\">Lire la suite<\/a><\/p>\n","protected":false},"author":20,"featured_media":0,"parent":0,"menu_order":0,"comment_status":"closed","ping_status":"closed","template":"","meta":{"footnotes":""},"class_list":["post-4067","page","type-page","status-publish"],"yoast_head":"<!-- This site is optimized with the Yoast SEO plugin v27.4 - https:\/\/yoast.com\/product\/yoast-seo-wordpress\/ -->\n<title>Apn\u00e9e Centrale du Sommeil (ACS) - Dormalab<\/title>\n<meta name=\"description\" content=\"L\u2019apn\u00e9e centrale du sommeil est beaucoup moins courante que l\u2019apn\u00e9e obstructive du sommeil.\" \/>\n<meta name=\"robots\" content=\"index, follow, max-snippet:-1, max-image-preview:large, max-video-preview:-1\" \/>\n<link rel=\"canonical\" href=\"https:\/\/dormalab.com\/fr\/apnee-centrale-du-sommeil-acs\/\" \/>\n<meta property=\"og:locale\" content=\"fr_FR\" \/>\n<meta property=\"og:type\" content=\"article\" \/>\n<meta property=\"og:title\" content=\"Apn\u00e9e Centrale du Sommeil (ACS) - Dormalab\" \/>\n<meta property=\"og:description\" content=\"L\u2019apn\u00e9e centrale du sommeil est beaucoup moins courante que l\u2019apn\u00e9e obstructive du sommeil.\" \/>\n<meta property=\"og:url\" content=\"https:\/\/dormalab.com\/fr\/apnee-centrale-du-sommeil-acs\/\" \/>\n<meta property=\"og:site_name\" content=\"Dorma Sleep Clinics\" \/>\n<meta property=\"article:modified_time\" content=\"2021-05-14T17:26:53+00:00\" \/>\n<meta name=\"twitter:card\" content=\"summary_large_image\" \/>\n<meta name=\"twitter:label1\" content=\"Dur\u00e9e de lecture estim\u00e9e\" \/>\n\t<meta name=\"twitter:data1\" content=\"5 minute\" \/>\n<script type=\"application\/ld+json\" class=\"yoast-schema-graph\">{\"@context\":\"https:\\\/\\\/schema.org\",\"@graph\":[{\"@type\":\"WebPage\",\"@id\":\"https:\\\/\\\/dormalab.com\\\/fr\\\/apnee-centrale-du-sommeil-acs\\\/\",\"url\":\"https:\\\/\\\/dormalab.com\\\/fr\\\/apnee-centrale-du-sommeil-acs\\\/\",\"name\":\"Apn\u00e9e Centrale du Sommeil (ACS) - Dormalab\",\"isPartOf\":{\"@id\":\"https:\\\/\\\/dormalab.com\\\/fr\\\/#website\"},\"datePublished\":\"2019-12-13T16:40:23+00:00\",\"dateModified\":\"2021-05-14T17:26:53+00:00\",\"description\":\"L\u2019apn\u00e9e centrale du sommeil est beaucoup moins courante que l\u2019apn\u00e9e obstructive du sommeil.\",\"breadcrumb\":{\"@id\":\"https:\\\/\\\/dormalab.com\\\/fr\\\/apnee-centrale-du-sommeil-acs\\\/#breadcrumb\"},\"inLanguage\":\"fr-FR\",\"potentialAction\":[{\"@type\":\"ReadAction\",\"target\":[\"https:\\\/\\\/dormalab.com\\\/fr\\\/apnee-centrale-du-sommeil-acs\\\/\"]}]},{\"@type\":\"BreadcrumbList\",\"@id\":\"https:\\\/\\\/dormalab.com\\\/fr\\\/apnee-centrale-du-sommeil-acs\\\/#breadcrumb\",\"itemListElement\":[{\"@type\":\"ListItem\",\"position\":1,\"name\":\"Home\",\"item\":\"https:\\\/\\\/dormalab.com\\\/fr\\\/\"},{\"@type\":\"ListItem\",\"position\":2,\"name\":\"Apn\u00e9e Centrale du Sommeil (ACS)\"}]},{\"@type\":\"WebSite\",\"@id\":\"https:\\\/\\\/dormalab.com\\\/fr\\\/#website\",\"url\":\"https:\\\/\\\/dormalab.com\\\/fr\\\/\",\"name\":\"Dorma Sleep Clinics\",\"description\":\"Sleep Well Live Well\",\"publisher\":{\"@id\":\"https:\\\/\\\/dormalab.com\\\/fr\\\/#organization\"},\"potentialAction\":[{\"@type\":\"SearchAction\",\"target\":{\"@type\":\"EntryPoint\",\"urlTemplate\":\"https:\\\/\\\/dormalab.com\\\/fr\\\/?s={search_term_string}\"},\"query-input\":{\"@type\":\"PropertyValueSpecification\",\"valueRequired\":true,\"valueName\":\"search_term_string\"}}],\"inLanguage\":\"fr-FR\"},{\"@type\":\"Organization\",\"@id\":\"https:\\\/\\\/dormalab.com\\\/fr\\\/#organization\",\"name\":\"Dorma Clinique Du Sommeil\",\"url\":\"https:\\\/\\\/dormalab.com\\\/fr\\\/\",\"logo\":{\"@type\":\"ImageObject\",\"inLanguage\":\"fr-FR\",\"@id\":\"https:\\\/\\\/dormalab.com\\\/fr\\\/#\\\/schema\\\/logo\\\/image\\\/\",\"url\":\"https:\\\/\\\/dormalab.com\\\/wp-content\\\/uploads\\\/2019\\\/10\\\/Dorma-Logotype-RGB-Black-scaled-e1578787470924.png\",\"contentUrl\":\"https:\\\/\\\/dormalab.com\\\/wp-content\\\/uploads\\\/2019\\\/10\\\/Dorma-Logotype-RGB-Black-scaled-e1578787470924.png\",\"width\":120,\"height\":25,\"caption\":\"Dorma Clinique Du Sommeil\"},\"image\":{\"@id\":\"https:\\\/\\\/dormalab.com\\\/fr\\\/#\\\/schema\\\/logo\\\/image\\\/\"}}]}<\/script>\n<!-- \/ Yoast SEO plugin. -->","yoast_head_json":{"title":"Apn\u00e9e Centrale du Sommeil (ACS) - Dormalab","description":"L\u2019apn\u00e9e centrale du sommeil est beaucoup moins courante que l\u2019apn\u00e9e obstructive du sommeil.","robots":{"index":"index","follow":"follow","max-snippet":"max-snippet:-1","max-image-preview":"max-image-preview:large","max-video-preview":"max-video-preview:-1"},"canonical":"https:\/\/dormalab.com\/fr\/apnee-centrale-du-sommeil-acs\/","og_locale":"fr_FR","og_type":"article","og_title":"Apn\u00e9e Centrale du Sommeil (ACS) - Dormalab","og_description":"L\u2019apn\u00e9e centrale du sommeil est beaucoup moins courante que l\u2019apn\u00e9e obstructive du sommeil.","og_url":"https:\/\/dormalab.com\/fr\/apnee-centrale-du-sommeil-acs\/","og_site_name":"Dorma Sleep Clinics","article_modified_time":"2021-05-14T17:26:53+00:00","twitter_card":"summary_large_image","twitter_misc":{"Dur\u00e9e de lecture estim\u00e9e":"5 minute"},"schema":{"@context":"https:\/\/schema.org","@graph":[{"@type":"WebPage","@id":"https:\/\/dormalab.com\/fr\/apnee-centrale-du-sommeil-acs\/","url":"https:\/\/dormalab.com\/fr\/apnee-centrale-du-sommeil-acs\/","name":"Apn\u00e9e Centrale du Sommeil (ACS) - Dormalab","isPartOf":{"@id":"https:\/\/dormalab.com\/fr\/#website"},"datePublished":"2019-12-13T16:40:23+00:00","dateModified":"2021-05-14T17:26:53+00:00","description":"L\u2019apn\u00e9e centrale du sommeil est beaucoup moins courante que l\u2019apn\u00e9e obstructive du sommeil.","breadcrumb":{"@id":"https:\/\/dormalab.com\/fr\/apnee-centrale-du-sommeil-acs\/#breadcrumb"},"inLanguage":"fr-FR","potentialAction":[{"@type":"ReadAction","target":["https:\/\/dormalab.com\/fr\/apnee-centrale-du-sommeil-acs\/"]}]},{"@type":"BreadcrumbList","@id":"https:\/\/dormalab.com\/fr\/apnee-centrale-du-sommeil-acs\/#breadcrumb","itemListElement":[{"@type":"ListItem","position":1,"name":"Home","item":"https:\/\/dormalab.com\/fr\/"},{"@type":"ListItem","position":2,"name":"Apn\u00e9e Centrale du Sommeil (ACS)"}]},{"@type":"WebSite","@id":"https:\/\/dormalab.com\/fr\/#website","url":"https:\/\/dormalab.com\/fr\/","name":"Dorma Sleep Clinics","description":"Sleep Well Live Well","publisher":{"@id":"https:\/\/dormalab.com\/fr\/#organization"},"potentialAction":[{"@type":"SearchAction","target":{"@type":"EntryPoint","urlTemplate":"https:\/\/dormalab.com\/fr\/?s={search_term_string}"},"query-input":{"@type":"PropertyValueSpecification","valueRequired":true,"valueName":"search_term_string"}}],"inLanguage":"fr-FR"},{"@type":"Organization","@id":"https:\/\/dormalab.com\/fr\/#organization","name":"Dorma Clinique Du Sommeil","url":"https:\/\/dormalab.com\/fr\/","logo":{"@type":"ImageObject","inLanguage":"fr-FR","@id":"https:\/\/dormalab.com\/fr\/#\/schema\/logo\/image\/","url":"https:\/\/dormalab.com\/wp-content\/uploads\/2019\/10\/Dorma-Logotype-RGB-Black-scaled-e1578787470924.png","contentUrl":"https:\/\/dormalab.com\/wp-content\/uploads\/2019\/10\/Dorma-Logotype-RGB-Black-scaled-e1578787470924.png","width":120,"height":25,"caption":"Dorma Clinique Du Sommeil"},"image":{"@id":"https:\/\/dormalab.com\/fr\/#\/schema\/logo\/image\/"}}]}},"_links":{"self":[{"href":"https:\/\/dormalab.com\/fr\/wp-json\/wp\/v2\/pages\/4067","targetHints":{"allow":["GET"]}}],"collection":[{"href":"https:\/\/dormalab.com\/fr\/wp-json\/wp\/v2\/pages"}],"about":[{"href":"https:\/\/dormalab.com\/fr\/wp-json\/wp\/v2\/types\/page"}],"author":[{"embeddable":true,"href":"https:\/\/dormalab.com\/fr\/wp-json\/wp\/v2\/users\/20"}],"replies":[{"embeddable":true,"href":"https:\/\/dormalab.com\/fr\/wp-json\/wp\/v2\/comments?post=4067"}],"version-history":[{"count":0,"href":"https:\/\/dormalab.com\/fr\/wp-json\/wp\/v2\/pages\/4067\/revisions"}],"wp:attachment":[{"href":"https:\/\/dormalab.com\/fr\/wp-json\/wp\/v2\/media?parent=4067"}],"curies":[{"name":"wp","href":"https:\/\/api.w.org\/{rel}","templated":true}]}}