{"id":4076,"date":"2019-12-13T11:44:36","date_gmt":"2019-12-13T16:44:36","guid":{"rendered":"https:\/\/dormalab.com\/entretien-dune-machine-cpap\/"},"modified":"2024-11-26T21:27:56","modified_gmt":"2024-11-27T02:27:56","slug":"entretien-dun-appareil-cpap","status":"publish","type":"page","link":"https:\/\/dormalab.com\/fr\/entretien-dun-appareil-cpap\/","title":{"rendered":"Entretien du CPAP"},"content":{"rendered":"\t\t<div data-elementor-type=\"wp-page\" data-elementor-id=\"4076\" class=\"elementor elementor-4076 elementor-4058\" data-elementor-post-type=\"page\">\n\t\t\t\t<div class=\"elementor-element elementor-element-46e703c1 e-flex e-con-boxed e-con e-parent\" data-id=\"46e703c1\" data-element_type=\"container\" data-e-type=\"container\">\n\t\t\t\t\t<div class=\"e-con-inner\">\n\t\t\t\t<div class=\"elementor-element elementor-element-6269dd6a elementor-widget elementor-widget-text-editor\" data-id=\"6269dd6a\" data-element_type=\"widget\" data-e-type=\"widget\" data-widget_type=\"text-editor.default\">\n\t\t\t\t<div class=\"elementor-widget-container\">\n\t\t\t\t\t\t\t\t\t<p>La th\u00e9rapie <a href=\"https:\/\/dormalab.com\/continuous-positive-airflow-pressure-cpap\/\" data-internallinksmanager029f6b8e52c=\"1\" title=\"Continuous Positive Airflow Pressure (CPAP)\">CPAP<\/a> est le traitement le plus efficace pour l&rsquo;apn\u00e9e du sommeil. Lorsque le plan de traitement CPAP est suivi correctement, des b\u00e9n\u00e9fices significatifs peuvent \u00eatre obtenus. Votre machine CPAP est un investissement essentiel pour votre sommeil et votre sant\u00e9 globale. Un entretien ad\u00e9quat et r\u00e9gulier prolongera la dur\u00e9e de vie de votre masque CPAP, de votre machine et de vos accessoires.   <\/p>\n<hr>\n<p><strong>Nettoyage et entretien du CPAP<\/strong><\/p>\n<p>L&rsquo;ext\u00e9rieur de votre machine CPAP ne n\u00e9cessite pas d&rsquo;entretien particulier. Lorsque cela est n\u00e9cessaire, d\u00e9branchez la machine et essuyez-la avec un chiffon humide. S\u00e9chez l&rsquo;appareil autant que possible. Ne plongez jamais votre CPAP dans l&rsquo;eau.   <\/p>\n<p>Faites tester votre appareil annuellement pour vous assurer qu&rsquo;il d\u00e9livre la pression prescrite. Soyez conscient de la date d&rsquo;expiration de la garantie de votre appareil ; assurez-vous de le faire v\u00e9rifier r\u00e9guli\u00e8rement par un professionnel de la sant\u00e9 avant l&rsquo;expiration de la garantie. Dorma offre ce service sous forme de v\u00e9rification annuelle ou chaque fois que votre CPAP montre des signes de pression anormale.  <\/p>\n<hr>\n<p><strong>Humidificateur CPAP<\/strong><\/p>\n<p>\u00c9vitez de renverser du liquide sur ou autour de votre CPAP car cela peut endommager le syst\u00e8me \u00e9lectrique et annuler la garantie. Lors du remplissage de votre humidificateur, retirez-le toujours de la machine CPAP. La plupart des fabricants recommandent d&rsquo;utiliser de l&rsquo;eau distill\u00e9e. Ne r\u00e9utilisez pas l&rsquo;eau ; videz le r\u00e9servoir d&rsquo;eau apr\u00e8s chaque utilisation.   <\/p>\n<hr>\n<p><strong>Produits de nettoyage pour votre CPAP<\/strong><\/p>\n<p>Utilisez un nettoyant doux pour nettoyer le masque et le tuyau de votre CPAP. \u00c9vitez d&rsquo;utiliser des d\u00e9tergents abrasifs, de l&rsquo;eau de Javel ou des solutions \u00e0 base d&rsquo;alcool. <\/p>\n<hr>\n<p><strong>Entretien du masque CPAP<\/strong><\/p>\n<p>La plupart des coussins de masque CPAP sont fabriqu\u00e9s en silicone, un mat\u00e9riau doux et non irritant. Sans un entretien ad\u00e9quat, le silicone peut se d\u00e9t\u00e9riorer plus rapidement que pr\u00e9vu. Un nettoyage r\u00e9gulier de votre masque CPAP est essentiel pour maintenir son efficacit\u00e9.  <\/p>\n<p><strong>Conseils pour nettoyer et remplacer les masques CPAP :<\/strong><\/p>\n<ul>\n<li>Lavez votre coussin de masque quotidiennement avec de l&rsquo;eau ti\u00e8de et du savon doux.<\/li>\n<li>Rincez \u00e0 l&rsquo;eau et laissez s\u00e9cher \u00e0 l&rsquo;air sur un chiffon propre ou une serviette en papier, \u00e0 l&rsquo;abri de la lumi\u00e8re directe du soleil.<\/li>\n<li>Lavez votre visage avant d&rsquo;utiliser le masque la nuit et \u00e9vitez d&rsquo;utiliser une cr\u00e8me hydratante pour le visage.<\/li>\n<li>Lavez \u00e0 la main le harnais si n\u00e9cessaire avec de l&rsquo;eau ti\u00e8de et savonneuse, rincez abondamment et laissez s\u00e9cher \u00e0 l&rsquo;air.<\/li>\n<\/ul>\n<p>Il est g\u00e9n\u00e9ralement recommand\u00e9 de remplacer les coussins tous les six mois et le masque chaque ann\u00e9e. Pour des calendriers de remplacement sp\u00e9cifiques \u00e0 votre mod\u00e8le de masque CPAP, consultez les recommandations du fabricant ou contactez Dorma Lab. <\/p>\n<p>Nettoyez le tuyau une fois par semaine. Remplissez une bassine d&rsquo;eau ti\u00e8de et de savon doux, immergez le tuyau pour nettoyer toute sa surface, et utilisez une petite brosse pour nettoyer l&rsquo;int\u00e9rieur si n\u00e9cessaire. Rincez abondamment et laissez s\u00e9cher \u00e0 l&rsquo;air.  <\/p>\n<p>Avec le temps, de petits trous peuvent se former dans le tuyau, provoquant des fuites et compromettant le r\u00e9glage de la pression prescrite. Pour maintenir l&rsquo;efficacit\u00e9 de votre CPAP, remplacez le tuyau annuellement ou selon les besoins. <\/p>\n<hr>\n<p><strong>Filtres CPAP<\/strong><\/p>\n<p>Nettoyez les filtres chaque semaine ou selon les recommandations du fabricant, et remplacez-les r\u00e9guli\u00e8rement pour prolonger la dur\u00e9e de vie de votre machine CPAP. Les filtres sont peu co\u00fbteux et peuvent durer jusqu&rsquo;\u00e0 six mois. <\/p>\n<hr>\n<p><strong>Quand remplacer votre masque CPAP<\/strong><\/p>\n<p>Un masque bien entretenu aide \u00e0 garantir une bonne nuit de sommeil. Inspectez r\u00e9guli\u00e8rement votre masque pour tout signe de dommage ou d&rsquo;usure. Remplacez les pi\u00e8ces d\u00e8s que toute d\u00e9t\u00e9rioration est visible.  <\/p>\n<p><strong>Signes qu&rsquo;il est peut-\u00eatre temps de remplacer votre masque CPAP :<\/strong><\/p>\n<ul>\n<li>Vous vous retrouvez \u00e0 serrer les sangles plus souvent.<\/li>\n<li>Le masque ou le coussin semble l\u00e2che.<\/li>\n<li>Votre th\u00e9rapie semble moins efficace que d&rsquo;habitude.<\/li>\n<li>Le coussin reste glissant m\u00eame apr\u00e8s nettoyage.<\/li>\n<\/ul>\n\t\t\t\t\t\t\t\t<\/div>\n\t\t\t\t<\/div>\n\t\t\t\t\t<\/div>\n\t\t\t\t<\/div>\n\t\t\t\t<\/div>\n\t\t","protected":false},"excerpt":{"rendered":"<p>La th\u00e9rapie CPAP est le traitement le plus efficace pour l&rsquo;apn\u00e9e du sommeil. Lorsque le plan de traitement CPAP est suivi correctement, des b\u00e9n\u00e9fices significatifs peuvent \u00eatre obtenus. Votre machine CPAP est un investissement essentiel pour votre sommeil et votre sant\u00e9 globale. Un entretien ad\u00e9quat et r\u00e9gulier prolongera la dur\u00e9e de vie de votre masque &#8230; <a title=\"Entretien du CPAP\" class=\"read-more\" href=\"https:\/\/dormalab.com\/fr\/entretien-dun-appareil-cpap\/\" aria-label=\"En savoir plus sur Entretien du CPAP\">Lire la suite<\/a><\/p>\n","protected":false},"author":20,"featured_media":0,"parent":0,"menu_order":0,"comment_status":"closed","ping_status":"closed","template":"","meta":{"footnotes":""},"class_list":["post-4076","page","type-page","status-publish"],"yoast_head":"<!-- This site is optimized with the Yoast SEO plugin v27.4 - https:\/\/yoast.com\/product\/yoast-seo-wordpress\/ -->\n<title>Entretien et Nettoyage du CPAP - Services de Sommeil Dorma<\/title>\n<meta name=\"description\" content=\"En savoir plus sur l&#039;entretien et le nettoyage des appareils CPAP. Passe en revue les pratiques et techniques courantes d&#039;entretien du CPAP.\" \/>\n<meta name=\"robots\" content=\"index, follow, max-snippet:-1, max-image-preview:large, max-video-preview:-1\" \/>\n<link rel=\"canonical\" href=\"https:\/\/dormalab.com\/fr\/entretien-dun-appareil-cpap\/\" \/>\n<meta property=\"og:locale\" content=\"fr_FR\" \/>\n<meta property=\"og:type\" content=\"article\" \/>\n<meta property=\"og:title\" content=\"Entretien et Nettoyage du CPAP - Services de Sommeil Dorma\" \/>\n<meta property=\"og:description\" content=\"En savoir plus sur l&#039;entretien et le nettoyage des appareils CPAP. Passe en revue les pratiques et techniques courantes d&#039;entretien du CPAP.\" \/>\n<meta property=\"og:url\" content=\"https:\/\/dormalab.com\/fr\/entretien-dun-appareil-cpap\/\" \/>\n<meta property=\"og:site_name\" content=\"Dorma Sleep Clinics\" \/>\n<meta property=\"article:modified_time\" content=\"2024-11-27T02:27:56+00:00\" \/>\n<meta name=\"twitter:card\" content=\"summary_large_image\" \/>\n<meta name=\"twitter:label1\" content=\"Dur\u00e9e de lecture estim\u00e9e\" \/>\n\t<meta name=\"twitter:data1\" content=\"3 minute\" \/>\n<script type=\"application\/ld+json\" class=\"yoast-schema-graph\">{\"@context\":\"https:\\\/\\\/schema.org\",\"@graph\":[{\"@type\":\"WebPage\",\"@id\":\"https:\\\/\\\/dormalab.com\\\/fr\\\/entretien-dun-appareil-cpap\\\/\",\"url\":\"https:\\\/\\\/dormalab.com\\\/fr\\\/entretien-dun-appareil-cpap\\\/\",\"name\":\"Entretien et Nettoyage du CPAP - Services de Sommeil Dorma\",\"isPartOf\":{\"@id\":\"https:\\\/\\\/dormalab.com\\\/fr\\\/#website\"},\"datePublished\":\"2019-12-13T16:44:36+00:00\",\"dateModified\":\"2024-11-27T02:27:56+00:00\",\"description\":\"En savoir plus sur l'entretien et le nettoyage des appareils CPAP. Passe en revue les pratiques et techniques courantes d'entretien du CPAP.\",\"breadcrumb\":{\"@id\":\"https:\\\/\\\/dormalab.com\\\/fr\\\/entretien-dun-appareil-cpap\\\/#breadcrumb\"},\"inLanguage\":\"fr-FR\",\"potentialAction\":[{\"@type\":\"ReadAction\",\"target\":[\"https:\\\/\\\/dormalab.com\\\/fr\\\/entretien-dun-appareil-cpap\\\/\"]}]},{\"@type\":\"BreadcrumbList\",\"@id\":\"https:\\\/\\\/dormalab.com\\\/fr\\\/entretien-dun-appareil-cpap\\\/#breadcrumb\",\"itemListElement\":[{\"@type\":\"ListItem\",\"position\":1,\"name\":\"Home\",\"item\":\"https:\\\/\\\/dormalab.com\\\/fr\\\/\"},{\"@type\":\"ListItem\",\"position\":2,\"name\":\"Entretien du CPAP\"}]},{\"@type\":\"WebSite\",\"@id\":\"https:\\\/\\\/dormalab.com\\\/fr\\\/#website\",\"url\":\"https:\\\/\\\/dormalab.com\\\/fr\\\/\",\"name\":\"Dorma Sleep Clinics\",\"description\":\"Sleep Well Live Well\",\"publisher\":{\"@id\":\"https:\\\/\\\/dormalab.com\\\/fr\\\/#organization\"},\"potentialAction\":[{\"@type\":\"SearchAction\",\"target\":{\"@type\":\"EntryPoint\",\"urlTemplate\":\"https:\\\/\\\/dormalab.com\\\/fr\\\/?s={search_term_string}\"},\"query-input\":{\"@type\":\"PropertyValueSpecification\",\"valueRequired\":true,\"valueName\":\"search_term_string\"}}],\"inLanguage\":\"fr-FR\"},{\"@type\":\"Organization\",\"@id\":\"https:\\\/\\\/dormalab.com\\\/fr\\\/#organization\",\"name\":\"Dorma Clinique Du Sommeil\",\"url\":\"https:\\\/\\\/dormalab.com\\\/fr\\\/\",\"logo\":{\"@type\":\"ImageObject\",\"inLanguage\":\"fr-FR\",\"@id\":\"https:\\\/\\\/dormalab.com\\\/fr\\\/#\\\/schema\\\/logo\\\/image\\\/\",\"url\":\"https:\\\/\\\/dormalab.com\\\/wp-content\\\/uploads\\\/2019\\\/10\\\/Dorma-Logotype-RGB-Black-scaled-e1578787470924.png\",\"contentUrl\":\"https:\\\/\\\/dormalab.com\\\/wp-content\\\/uploads\\\/2019\\\/10\\\/Dorma-Logotype-RGB-Black-scaled-e1578787470924.png\",\"width\":120,\"height\":25,\"caption\":\"Dorma Clinique Du Sommeil\"},\"image\":{\"@id\":\"https:\\\/\\\/dormalab.com\\\/fr\\\/#\\\/schema\\\/logo\\\/image\\\/\"}}]}<\/script>\n<!-- \/ Yoast SEO plugin. -->","yoast_head_json":{"title":"Entretien et Nettoyage du CPAP - Services de Sommeil Dorma","description":"En savoir plus sur l'entretien et le nettoyage des appareils CPAP. Passe en revue les pratiques et techniques courantes d'entretien du CPAP.","robots":{"index":"index","follow":"follow","max-snippet":"max-snippet:-1","max-image-preview":"max-image-preview:large","max-video-preview":"max-video-preview:-1"},"canonical":"https:\/\/dormalab.com\/fr\/entretien-dun-appareil-cpap\/","og_locale":"fr_FR","og_type":"article","og_title":"Entretien et Nettoyage du CPAP - Services de Sommeil Dorma","og_description":"En savoir plus sur l'entretien et le nettoyage des appareils CPAP. Passe en revue les pratiques et techniques courantes d'entretien du CPAP.","og_url":"https:\/\/dormalab.com\/fr\/entretien-dun-appareil-cpap\/","og_site_name":"Dorma Sleep Clinics","article_modified_time":"2024-11-27T02:27:56+00:00","twitter_card":"summary_large_image","twitter_misc":{"Dur\u00e9e de lecture estim\u00e9e":"3 minute"},"schema":{"@context":"https:\/\/schema.org","@graph":[{"@type":"WebPage","@id":"https:\/\/dormalab.com\/fr\/entretien-dun-appareil-cpap\/","url":"https:\/\/dormalab.com\/fr\/entretien-dun-appareil-cpap\/","name":"Entretien et Nettoyage du CPAP - Services de Sommeil Dorma","isPartOf":{"@id":"https:\/\/dormalab.com\/fr\/#website"},"datePublished":"2019-12-13T16:44:36+00:00","dateModified":"2024-11-27T02:27:56+00:00","description":"En savoir plus sur l'entretien et le nettoyage des appareils CPAP. Passe en revue les pratiques et techniques courantes d'entretien du CPAP.","breadcrumb":{"@id":"https:\/\/dormalab.com\/fr\/entretien-dun-appareil-cpap\/#breadcrumb"},"inLanguage":"fr-FR","potentialAction":[{"@type":"ReadAction","target":["https:\/\/dormalab.com\/fr\/entretien-dun-appareil-cpap\/"]}]},{"@type":"BreadcrumbList","@id":"https:\/\/dormalab.com\/fr\/entretien-dun-appareil-cpap\/#breadcrumb","itemListElement":[{"@type":"ListItem","position":1,"name":"Home","item":"https:\/\/dormalab.com\/fr\/"},{"@type":"ListItem","position":2,"name":"Entretien du CPAP"}]},{"@type":"WebSite","@id":"https:\/\/dormalab.com\/fr\/#website","url":"https:\/\/dormalab.com\/fr\/","name":"Dorma Sleep Clinics","description":"Sleep Well Live Well","publisher":{"@id":"https:\/\/dormalab.com\/fr\/#organization"},"potentialAction":[{"@type":"SearchAction","target":{"@type":"EntryPoint","urlTemplate":"https:\/\/dormalab.com\/fr\/?s={search_term_string}"},"query-input":{"@type":"PropertyValueSpecification","valueRequired":true,"valueName":"search_term_string"}}],"inLanguage":"fr-FR"},{"@type":"Organization","@id":"https:\/\/dormalab.com\/fr\/#organization","name":"Dorma Clinique Du Sommeil","url":"https:\/\/dormalab.com\/fr\/","logo":{"@type":"ImageObject","inLanguage":"fr-FR","@id":"https:\/\/dormalab.com\/fr\/#\/schema\/logo\/image\/","url":"https:\/\/dormalab.com\/wp-content\/uploads\/2019\/10\/Dorma-Logotype-RGB-Black-scaled-e1578787470924.png","contentUrl":"https:\/\/dormalab.com\/wp-content\/uploads\/2019\/10\/Dorma-Logotype-RGB-Black-scaled-e1578787470924.png","width":120,"height":25,"caption":"Dorma Clinique Du Sommeil"},"image":{"@id":"https:\/\/dormalab.com\/fr\/#\/schema\/logo\/image\/"}}]}},"_links":{"self":[{"href":"https:\/\/dormalab.com\/fr\/wp-json\/wp\/v2\/pages\/4076","targetHints":{"allow":["GET"]}}],"collection":[{"href":"https:\/\/dormalab.com\/fr\/wp-json\/wp\/v2\/pages"}],"about":[{"href":"https:\/\/dormalab.com\/fr\/wp-json\/wp\/v2\/types\/page"}],"author":[{"embeddable":true,"href":"https:\/\/dormalab.com\/fr\/wp-json\/wp\/v2\/users\/20"}],"replies":[{"embeddable":true,"href":"https:\/\/dormalab.com\/fr\/wp-json\/wp\/v2\/comments?post=4076"}],"version-history":[{"count":0,"href":"https:\/\/dormalab.com\/fr\/wp-json\/wp\/v2\/pages\/4076\/revisions"}],"wp:attachment":[{"href":"https:\/\/dormalab.com\/fr\/wp-json\/wp\/v2\/media?parent=4076"}],"curies":[{"name":"wp","href":"https:\/\/api.w.org\/{rel}","templated":true}]}}