{"id":40995,"date":"2025-08-27T20:10:44","date_gmt":"2025-08-28T00:10:44","guid":{"rendered":"https:\/\/dormalab.com\/planifiez-votre-introduction\/"},"modified":"2026-03-30T16:14:46","modified_gmt":"2026-03-30T20:14:46","slug":"planifiez-votre-introduction","status":"publish","type":"page","link":"https:\/\/dormalab.com\/fr\/planifiez-votre-introduction\/","title":{"rendered":"Planifiez votre introduction"},"content":{"rendered":"\n<h2 class=\"wp-block-heading has-text-align-center\"><strong><strong><br>Planifiez votre introduction<\/strong><\/strong><\/h2>\n\n\n\n<p class=\"has-text-align-center\"><br>Ce rendez-vous virtuel vous met en relation avec un sp\u00e9cialiste du sommeil de Dorma par vid\u00e9ochat s\u00e9curis\u00e9. Nous examinons vos probl\u00e8mes de sommeil, expliquons comment fonctionnent les \u00e9tudes de sommeil \u00e0 domicile, l&rsquo;\u00e9ligibilit\u00e9 et ce \u00e0 quoi vous attendre, puis r\u00e9pondons \u00e0 vos questions. Si appropri\u00e9, nous d\u00e9crivons les prochaines \u00e9tapes pour les tests et le traitement. Veuillez noter que les services de Dorma ne sont pas offerts aux mineurs.<\/p>\n\n\n  <div class=\"dorma-fastlane-embed\" data-src=\"https:\/\/dormalab.com\/wp-content\/virtual-booker\/dorma-virtual-booking-FR.html\">\n    <div style=\"font:14px\/1.6 system-ui; color:#666; padding:8px 0;\">Loading\u2026<\/div>\n  <\/div>\n  <script>\n  (function(){\n    \/\/ Find all embeds on the page (supports multiple on one page)\n    document.querySelectorAll('.dorma-fastlane-embed').forEach(function(root){\n      var url = root.getAttribute('data-src');\n\n      fetch(url, {credentials:'omit', mode:'cors', cache:'no-cache'})\n        .then(function(r){ if(!r.ok) throw new Error('HTTP '+r.status); return r.text(); })\n        .then(function(html){\n          \/\/ Inject HTML\n          root.innerHTML = html;\n\n          \/\/ Execute any <script> tags in order (inline + external)\n          var scripts = root.querySelectorAll('script');\n          var chain = Promise.resolve();\n\n          scripts.forEach(function(old){\n            chain = chain.then(function(){\n              return new Promise(function(res){\n                var s = document.createElement('script');\n\n                \/\/ Preserve attributes that matter\n                if (old.type) s.type = old.type;\n                if (old.noModule) s.noModule = old.noModule;\n                if (old.crossOrigin) s.crossOrigin = old.crossOrigin;\n                if (old.referrerPolicy) s.referrerPolicy = old.referrerPolicy;\n\n                if (old.src) {\n                  s.src = old.src;\n                  s.async = false;\n                  s.onload = res;\n                  s.onerror = res;\n                } else {\n                  s.text = old.text || old.textContent || '';\n                  res(); \/\/ inline executes immediately when appended\n                }\n\n                old.parentNode.replaceChild(s, old);\n              });\n            });\n          });\n\n          return chain;\n        })\n        .catch(function(err){\n          root.innerHTML = '<div style=\"color:#b00020\">Failed to load booking widget: '\n            + (err && err.message ? err.message : err) + '<\/div>';\n        });\n    });\n  })();\n  <\/script>\n  \n\n\n\n<p><\/p>\n","protected":false},"excerpt":{"rendered":"<p>Planifiez votre introduction Ce rendez-vous virtuel vous met en relation avec un sp\u00e9cialiste du sommeil de Dorma par vid\u00e9ochat s\u00e9curis\u00e9. Nous examinons vos probl\u00e8mes de sommeil, expliquons comment fonctionnent les \u00e9tudes de sommeil \u00e0 domicile, l&rsquo;\u00e9ligibilit\u00e9 et ce \u00e0 quoi vous attendre, puis r\u00e9pondons \u00e0 vos questions. Si appropri\u00e9, nous d\u00e9crivons les prochaines \u00e9tapes pour &#8230; <a title=\"Planifiez votre introduction\" class=\"read-more\" href=\"https:\/\/dormalab.com\/fr\/planifiez-votre-introduction\/\" aria-label=\"En savoir plus sur Planifiez votre introduction\">Lire la suite<\/a><\/p>\n","protected":false},"author":22,"featured_media":0,"parent":0,"menu_order":0,"comment_status":"closed","ping_status":"closed","template":"","meta":{"footnotes":""},"class_list":["post-40995","page","type-page","status-publish"],"yoast_head":"<!-- This site is optimized with the Yoast SEO plugin v27.3 - https:\/\/yoast.com\/product\/yoast-seo-wordpress\/ -->\n<title>Planifiez votre introduction - Dorma Sleep Clinics<\/title>\n<meta name=\"robots\" content=\"noindex, nofollow\" \/>\n<meta property=\"og:locale\" content=\"fr_FR\" \/>\n<meta property=\"og:type\" content=\"article\" \/>\n<meta property=\"og:title\" content=\"Planifiez votre introduction - Dorma Sleep Clinics\" \/>\n<meta property=\"og:description\" content=\"Planifiez votre introduction Ce rendez-vous virtuel vous met en relation avec un sp\u00e9cialiste du sommeil de Dorma par vid\u00e9ochat s\u00e9curis\u00e9. Nous examinons vos probl\u00e8mes de sommeil, expliquons comment fonctionnent les \u00e9tudes de sommeil \u00e0 domicile, l&rsquo;\u00e9ligibilit\u00e9 et ce \u00e0 quoi vous attendre, puis r\u00e9pondons \u00e0 vos questions. Si appropri\u00e9, nous d\u00e9crivons les prochaines \u00e9tapes pour ... Lire la suite\" \/>\n<meta property=\"og:url\" content=\"https:\/\/dormalab.com\/fr\/planifiez-votre-introduction\/\" \/>\n<meta property=\"og:site_name\" content=\"Dorma Sleep Clinics\" \/>\n<meta property=\"article:modified_time\" content=\"2026-03-30T20:14:46+00:00\" \/>\n<meta name=\"twitter:card\" content=\"summary_large_image\" \/>\n<meta name=\"twitter:label1\" content=\"Dur\u00e9e de lecture estim\u00e9e\" \/>\n\t<meta name=\"twitter:data1\" content=\"1 minute\" \/>\n<script type=\"application\/ld+json\" class=\"yoast-schema-graph\">{\"@context\":\"https:\\\/\\\/schema.org\",\"@graph\":[{\"@type\":\"WebPage\",\"@id\":\"https:\\\/\\\/dormalab.com\\\/fr\\\/planifiez-votre-introduction\\\/\",\"url\":\"https:\\\/\\\/dormalab.com\\\/fr\\\/planifiez-votre-introduction\\\/\",\"name\":\"Planifiez votre introduction - Dorma Sleep Clinics\",\"isPartOf\":{\"@id\":\"https:\\\/\\\/dormalab.com\\\/fr\\\/#website\"},\"datePublished\":\"2025-08-28T00:10:44+00:00\",\"dateModified\":\"2026-03-30T20:14:46+00:00\",\"breadcrumb\":{\"@id\":\"https:\\\/\\\/dormalab.com\\\/fr\\\/planifiez-votre-introduction\\\/#breadcrumb\"},\"inLanguage\":\"fr-FR\",\"potentialAction\":[{\"@type\":\"ReadAction\",\"target\":[\"https:\\\/\\\/dormalab.com\\\/fr\\\/planifiez-votre-introduction\\\/\"]}]},{\"@type\":\"BreadcrumbList\",\"@id\":\"https:\\\/\\\/dormalab.com\\\/fr\\\/planifiez-votre-introduction\\\/#breadcrumb\",\"itemListElement\":[{\"@type\":\"ListItem\",\"position\":1,\"name\":\"Home\",\"item\":\"https:\\\/\\\/dormalab.com\\\/fr\\\/\"},{\"@type\":\"ListItem\",\"position\":2,\"name\":\"Planifiez votre introduction\"}]},{\"@type\":\"WebSite\",\"@id\":\"https:\\\/\\\/dormalab.com\\\/fr\\\/#website\",\"url\":\"https:\\\/\\\/dormalab.com\\\/fr\\\/\",\"name\":\"Dorma Sleep Clinics\",\"description\":\"Sleep Well Live Well\",\"publisher\":{\"@id\":\"https:\\\/\\\/dormalab.com\\\/fr\\\/#organization\"},\"potentialAction\":[{\"@type\":\"SearchAction\",\"target\":{\"@type\":\"EntryPoint\",\"urlTemplate\":\"https:\\\/\\\/dormalab.com\\\/fr\\\/?s={search_term_string}\"},\"query-input\":{\"@type\":\"PropertyValueSpecification\",\"valueRequired\":true,\"valueName\":\"search_term_string\"}}],\"inLanguage\":\"fr-FR\"},{\"@type\":\"Organization\",\"@id\":\"https:\\\/\\\/dormalab.com\\\/fr\\\/#organization\",\"name\":\"Dorma Clinique Du Sommeil\",\"url\":\"https:\\\/\\\/dormalab.com\\\/fr\\\/\",\"logo\":{\"@type\":\"ImageObject\",\"inLanguage\":\"fr-FR\",\"@id\":\"https:\\\/\\\/dormalab.com\\\/fr\\\/#\\\/schema\\\/logo\\\/image\\\/\",\"url\":\"https:\\\/\\\/dormalab.com\\\/wp-content\\\/uploads\\\/2019\\\/10\\\/Dorma-Logotype-RGB-Black-scaled-e1578787470924.png\",\"contentUrl\":\"https:\\\/\\\/dormalab.com\\\/wp-content\\\/uploads\\\/2019\\\/10\\\/Dorma-Logotype-RGB-Black-scaled-e1578787470924.png\",\"width\":120,\"height\":25,\"caption\":\"Dorma Clinique Du Sommeil\"},\"image\":{\"@id\":\"https:\\\/\\\/dormalab.com\\\/fr\\\/#\\\/schema\\\/logo\\\/image\\\/\"}}]}<\/script>\n<!-- \/ Yoast SEO plugin. -->","yoast_head_json":{"title":"Planifiez votre introduction - Dorma Sleep Clinics","robots":{"index":"noindex","follow":"nofollow"},"og_locale":"fr_FR","og_type":"article","og_title":"Planifiez votre introduction - Dorma Sleep Clinics","og_description":"Planifiez votre introduction Ce rendez-vous virtuel vous met en relation avec un sp\u00e9cialiste du sommeil de Dorma par vid\u00e9ochat s\u00e9curis\u00e9. Nous examinons vos probl\u00e8mes de sommeil, expliquons comment fonctionnent les \u00e9tudes de sommeil \u00e0 domicile, l&rsquo;\u00e9ligibilit\u00e9 et ce \u00e0 quoi vous attendre, puis r\u00e9pondons \u00e0 vos questions. Si appropri\u00e9, nous d\u00e9crivons les prochaines \u00e9tapes pour ... Lire la suite","og_url":"https:\/\/dormalab.com\/fr\/planifiez-votre-introduction\/","og_site_name":"Dorma Sleep Clinics","article_modified_time":"2026-03-30T20:14:46+00:00","twitter_card":"summary_large_image","twitter_misc":{"Dur\u00e9e de lecture estim\u00e9e":"1 minute"},"schema":{"@context":"https:\/\/schema.org","@graph":[{"@type":"WebPage","@id":"https:\/\/dormalab.com\/fr\/planifiez-votre-introduction\/","url":"https:\/\/dormalab.com\/fr\/planifiez-votre-introduction\/","name":"Planifiez votre introduction - Dorma Sleep Clinics","isPartOf":{"@id":"https:\/\/dormalab.com\/fr\/#website"},"datePublished":"2025-08-28T00:10:44+00:00","dateModified":"2026-03-30T20:14:46+00:00","breadcrumb":{"@id":"https:\/\/dormalab.com\/fr\/planifiez-votre-introduction\/#breadcrumb"},"inLanguage":"fr-FR","potentialAction":[{"@type":"ReadAction","target":["https:\/\/dormalab.com\/fr\/planifiez-votre-introduction\/"]}]},{"@type":"BreadcrumbList","@id":"https:\/\/dormalab.com\/fr\/planifiez-votre-introduction\/#breadcrumb","itemListElement":[{"@type":"ListItem","position":1,"name":"Home","item":"https:\/\/dormalab.com\/fr\/"},{"@type":"ListItem","position":2,"name":"Planifiez votre introduction"}]},{"@type":"WebSite","@id":"https:\/\/dormalab.com\/fr\/#website","url":"https:\/\/dormalab.com\/fr\/","name":"Dorma Sleep Clinics","description":"Sleep Well Live Well","publisher":{"@id":"https:\/\/dormalab.com\/fr\/#organization"},"potentialAction":[{"@type":"SearchAction","target":{"@type":"EntryPoint","urlTemplate":"https:\/\/dormalab.com\/fr\/?s={search_term_string}"},"query-input":{"@type":"PropertyValueSpecification","valueRequired":true,"valueName":"search_term_string"}}],"inLanguage":"fr-FR"},{"@type":"Organization","@id":"https:\/\/dormalab.com\/fr\/#organization","name":"Dorma Clinique Du Sommeil","url":"https:\/\/dormalab.com\/fr\/","logo":{"@type":"ImageObject","inLanguage":"fr-FR","@id":"https:\/\/dormalab.com\/fr\/#\/schema\/logo\/image\/","url":"https:\/\/dormalab.com\/wp-content\/uploads\/2019\/10\/Dorma-Logotype-RGB-Black-scaled-e1578787470924.png","contentUrl":"https:\/\/dormalab.com\/wp-content\/uploads\/2019\/10\/Dorma-Logotype-RGB-Black-scaled-e1578787470924.png","width":120,"height":25,"caption":"Dorma Clinique Du Sommeil"},"image":{"@id":"https:\/\/dormalab.com\/fr\/#\/schema\/logo\/image\/"}}]}},"_links":{"self":[{"href":"https:\/\/dormalab.com\/fr\/wp-json\/wp\/v2\/pages\/40995","targetHints":{"allow":["GET"]}}],"collection":[{"href":"https:\/\/dormalab.com\/fr\/wp-json\/wp\/v2\/pages"}],"about":[{"href":"https:\/\/dormalab.com\/fr\/wp-json\/wp\/v2\/types\/page"}],"author":[{"embeddable":true,"href":"https:\/\/dormalab.com\/fr\/wp-json\/wp\/v2\/users\/22"}],"replies":[{"embeddable":true,"href":"https:\/\/dormalab.com\/fr\/wp-json\/wp\/v2\/comments?post=40995"}],"version-history":[{"count":1,"href":"https:\/\/dormalab.com\/fr\/wp-json\/wp\/v2\/pages\/40995\/revisions"}],"predecessor-version":[{"id":42714,"href":"https:\/\/dormalab.com\/fr\/wp-json\/wp\/v2\/pages\/40995\/revisions\/42714"}],"wp:attachment":[{"href":"https:\/\/dormalab.com\/fr\/wp-json\/wp\/v2\/media?parent=40995"}],"curies":[{"name":"wp","href":"https:\/\/api.w.org\/{rel}","templated":true}]}}