{"id":4100,"date":"2019-12-13T12:02:11","date_gmt":"2019-12-13T17:02:11","guid":{"rendered":"https:\/\/dormalab.com\/apnea-hypopnea-index-ahi\/"},"modified":"2024-11-26T21:29:26","modified_gmt":"2024-11-27T02:29:26","slug":"indice-dapnee-du-sommeil-ahi-iah","status":"publish","type":"page","link":"https:\/\/dormalab.com\/fr\/indice-dapnee-du-sommeil-ahi-iah\/","title":{"rendered":"Indice d&rsquo;Apn\u00e9e-Hypopn\u00e9e (IAH)"},"content":{"rendered":"\t\t<div data-elementor-type=\"wp-page\" data-elementor-id=\"4100\" class=\"elementor elementor-4100 elementor-4085\" data-elementor-post-type=\"page\">\n\t\t\t\t<div class=\"elementor-element elementor-element-724fe2f9 e-flex e-con-boxed e-con e-parent\" data-id=\"724fe2f9\" data-element_type=\"container\" data-e-type=\"container\">\n\t\t\t\t\t<div class=\"e-con-inner\">\n\t\t\t\t<div class=\"elementor-element elementor-element-a6c03a0 elementor-widget elementor-widget-text-editor\" data-id=\"a6c03a0\" data-element_type=\"widget\" data-e-type=\"widget\" data-widget_type=\"text-editor.default\">\n\t\t\t\t<div class=\"elementor-widget-container\">\n\t\t\t\t\t\t\t\t\t<div class=\"pages-sidebar\">\n<div class=\"sidebar\"><\/div>\n<\/p>\n<form id=\"contact-form-10377\"><\/form>\n<\/div>\n<div class=\"pages-contenu\">\n<h3>Que signifie apn\u00e9e l\u00e9g\u00e8re\/mod\u00e9r\u00e9e\/s\u00e9v\u00e8re ?<\/h3>\n<p>Les tests de sommeil permettent aux th\u00e9rapeutes respiratoires et aux pneumologues de d\u00e9tecter les apn\u00e9es et les hypopn\u00e9es. L&rsquo;indice d&rsquo;apn\u00e9e-hypopn\u00e9e (IAH) est d\u00e9fini comme le nombre d&rsquo;apn\u00e9es et d&rsquo;hypopn\u00e9es mesur\u00e9es par heure de sommeil. <\/p>\n<p>L&rsquo;IAH est utilis\u00e9 pour d\u00e9terminer la gravit\u00e9 de l&rsquo;apn\u00e9e du sommeil.<\/p>\n<p><g id=\"gid_0\">L\u00e9g\u00e8re :<\/g> IAH \u2265 5, mais <x id=\"gid_1\"> 15 par heure<\/x><g id=\"gid_0\">Mod\u00e9r\u00e9e :<\/g> IAH \u2265 15, mais <x id=\"gid_1\"> 30 par heure<\/x><strong>S\u00e9v\u00e8re :<\/strong> IAH \u2265 30 par heure* R\u00e9f\u00e9rence aux directives de l&rsquo;AASMPourquoi mesurer mon indice d&rsquo;apn\u00e9e-hypopn\u00e9e (IAH) ?Les options de traitement varient en fonction de la gravit\u00e9 de l&rsquo;apn\u00e9e du sommeil. Conna\u00eetre votre IAH permettra \u00e0 nos sp\u00e9cialistes de la sant\u00e9 de d\u00e9terminer la meilleure th\u00e9rapie pour votre condition.<strong>L&rsquo;apn\u00e9e l\u00e9g\u00e8re<\/strong> est souvent trait\u00e9e par <strong><a href=\"https:\/\/dormalab.com\/fr\/hygiene-du-sommeil-2\/\">des modifications du mode de vie<\/a><\/strong>. Lorsque des sympt\u00f4mes indiquant une diminution de la qualit\u00e9 de vie ou des probl\u00e8mes de sant\u00e9 syst\u00e9miques sont \u00e9galement pr\u00e9sents, des th\u00e9rapies suppl\u00e9mentaires telles que le <a href=\"https:\/\/dormalab.com\/continuous-positive-airflow-pressure-cpap\/\" data-internallinksmanager029f6b8e52c=\"1\" title=\"Continuous Positive Airflow Pressure (CPAP)\">CPAP<\/a> peuvent \u00eatre propos\u00e9es.https:\/\/dormalab.com\/sleep-hygiene%20\/<strong>L&rsquo;apn\u00e9e mod\u00e9r\u00e9e et s\u00e9v\u00e8re<\/strong> peut \u00eatre trait\u00e9e par les moyens suivants : machine CPAP ou un autre mode.background-color: #c4a589; color: #ffffff; border: none; padding: 10px; text-align: center;color: #ffffff; text-decoration: none;https:\/\/dormalab.com\/cpap-machine\/Pour en savoir plusDispositif d&rsquo;avancement mandibulaire (MAO \/ MAD)background-color: #c4a589; color: #ffffff; border: none; padding: 10px; text-align: center;color: #ffffff; text-decoration: none;https:\/\/dormalab.com\/mandibular-advancement-device-mao-mad\/Pour en savoir plusTh\u00e9rapie par radiofr\u00e9quencebackground-color: #c4a589; color: #ffffff; border: none; padding: 10px; text-align: center;color: #ffffff; text-decoration: none;https:\/\/dormalab.com\/radiofrequency-therapy-somnoplasty\/Pour en savoir plusChirurgies des voies respiratoires sup\u00e9rieuresbackground-color: #c4a589; color: #ffffff; border: none; padding: 10px; text-align: center;color: #ffffff; text-decoration: none;https:\/\/dormalab.com\/upper-airways-surgeries\/Pour en savoir plustext-align: center;max-width: 100%;image-url-placeholderImage illustrative<\/p>\n<p><g id=\"gid_0\">Mod\u00e9r\u00e9e :<\/g> IAH \u2265 15, mais <x id=\"gid_1\"> 30 par heure<\/x><strong>S\u00e9v\u00e8re :<\/strong> IAH \u2265 30 par heure* R\u00e9f\u00e9rence aux directives de l&rsquo;AASMPourquoi mesurer mon indice d&rsquo;apn\u00e9e-hypopn\u00e9e (IAH) ?Les options de traitement varient en fonction de la gravit\u00e9 de l&rsquo;apn\u00e9e du sommeil. Conna\u00eetre votre IAH permettra \u00e0 nos sp\u00e9cialistes de la sant\u00e9 de d\u00e9terminer la meilleure th\u00e9rapie pour votre condition.<strong>L&rsquo;apn\u00e9e l\u00e9g\u00e8re<\/strong> est souvent trait\u00e9e par <strong><a href=\"https:\/\/dormalab.com\/fr\/hygiene-du-sommeil-2\/\">des modifications du mode de vie<\/a><\/strong>. Lorsque des sympt\u00f4mes indiquant une diminution de la qualit\u00e9 de vie ou des probl\u00e8mes de sant\u00e9 syst\u00e9miques sont \u00e9galement pr\u00e9sents, des th\u00e9rapies suppl\u00e9mentaires telles que le CPAP peuvent \u00eatre propos\u00e9es.https:\/\/dormalab.com\/sleep-hygiene%20\/<strong>L&rsquo;apn\u00e9e mod\u00e9r\u00e9e et s\u00e9v\u00e8re<\/strong> peut \u00eatre trait\u00e9e par les moyens suivants : machine CPAP ou un autre mode.background-color: #c4a589; color: #ffffff; border: none; padding: 10px; text-align: center;color: #ffffff; text-decoration: none;https:\/\/dormalab.com\/cpap-machine\/Pour en savoir plusDispositif d&rsquo;avancement mandibulaire (MAO \/ MAD)background-color: #c4a589; color: #ffffff; border: none; padding: 10px; text-align: center;color: #ffffff; text-decoration: none;https:\/\/dormalab.com\/mandibular-advancement-device-mao-mad\/Pour en savoir plusTh\u00e9rapie par radiofr\u00e9quencebackground-color: #c4a589; color: #ffffff; border: none; padding: 10px; text-align: center;color: #ffffff; text-decoration: none;https:\/\/dormalab.com\/radiofrequency-therapy-somnoplasty\/Pour en savoir plusChirurgies des voies respiratoires sup\u00e9rieuresbackground-color: #c4a589; color: #ffffff; border: none; padding: 10px; text-align: center;color: #ffffff; text-decoration: none;https:\/\/dormalab.com\/upper-airways-surgeries\/Pour en savoir plustext-align: center;max-width: 100%;image-url-placeholderImage illustrative<\/p>\n<p><strong>S\u00e9v\u00e8re :<\/strong> IAH \u2265 30 par heure<\/p>\n<p>* R\u00e9f\u00e9rence aux directives de l&rsquo;AASM<\/p>\n<h3>Pourquoi mesurer mon indice d&rsquo;apn\u00e9e-hypopn\u00e9e (IAH) ?<\/h3>\n<p>Les options de traitement varient en fonction de la gravit\u00e9 de l&rsquo;apn\u00e9e du sommeil. Conna\u00eetre votre IAH permettra \u00e0 nos sp\u00e9cialistes de la sant\u00e9 de d\u00e9terminer la meilleure th\u00e9rapie pour votre condition. <\/p>\n<p><strong>L&rsquo;apn\u00e9e l\u00e9g\u00e8re<\/strong> est souvent trait\u00e9e par <strong><a href=\"https:\/\/dormalab.com\/fr\/hygiene-du-sommeil-2\/\">des modifications du mode de vie<\/a><\/strong>. Lorsque des sympt\u00f4mes indiquant une diminution de la qualit\u00e9 de vie ou des probl\u00e8mes de sant\u00e9 syst\u00e9miques sont \u00e9galement pr\u00e9sents, des th\u00e9rapies suppl\u00e9mentaires telles que le CPAP peuvent \u00eatre propos\u00e9es. <\/p>\n<p><strong>L&rsquo;apn\u00e9e mod\u00e9r\u00e9e et s\u00e9v\u00e8re<\/strong> peut \u00eatre trait\u00e9e par les moyens suivants : machine CPAP ou un autre mode.<\/p>\n<p><button style=\"background-color: #c4a589; color: #ffffff; border: none; padding: 10px; text-align: center;\"><br \/><a style=\"color: #ffffff; text-decoration: none;\" href=\"https:\/\/dormalab.com\/cpap-machine\/\">Pour en savoir plus<\/a><br \/><\/button><\/p>\n<p>Dispositif d&rsquo;avancement mandibulaire (MAO \/ MAD)<\/p>\n<p><button style=\"background-color: #c4a589; color: #ffffff; border: none; padding: 10px; text-align: center;\"><br \/><a style=\"color: #ffffff; text-decoration: none;\" href=\"https:\/\/dormalab.com\/mandibular-advancement-device-mao-mad\/\">Pour en savoir plus<\/a><br \/><\/button><\/p>\n<p>Th\u00e9rapie par radiofr\u00e9quence<\/p>\n<p><button style=\"background-color: #c4a589; color: #ffffff; border: none; padding: 10px; text-align: center;\"><br \/><a style=\"color: #ffffff; text-decoration: none;\" href=\"https:\/\/dormalab.com\/radiofrequency-therapy-somnoplasty\/\">Pour en savoir plus<\/a><br \/><\/button><\/p>\n<p>Chirurgies des voies respiratoires sup\u00e9rieures<\/p>\n<p><button style=\"background-color: #c4a589; color: #ffffff; border: none; padding: 10px; text-align: center;\"><br \/><a style=\"color: #ffffff; text-decoration: none;\" href=\"https:\/\/dormalab.com\/upper-airways-surgeries\/\">Pour en savoir plus<\/a><br \/><\/button><\/p>\n<div class=\"image-container\" style=\"text-align: center;\"><img decoding=\"async\" style=\"max-width: 100%;\" src=\"image-url-placeholder\" alt=\"Image illustrative\"><\/div>\n<\/div>\n<div class=\"widget-footer\"><\/div>\n\t\t\t\t\t\t\t\t<\/div>\n\t\t\t\t<\/div>\n\t\t\t\t\t<\/div>\n\t\t\t\t<\/div>\n\t\t\t\t<\/div>\n\t\t","protected":false},"excerpt":{"rendered":"<p>Que signifie apn\u00e9e l\u00e9g\u00e8re\/mod\u00e9r\u00e9e\/s\u00e9v\u00e8re ? Les tests de sommeil permettent aux th\u00e9rapeutes respiratoires et aux pneumologues de d\u00e9tecter les apn\u00e9es et les hypopn\u00e9es. L&rsquo;indice d&rsquo;apn\u00e9e-hypopn\u00e9e (IAH) est d\u00e9fini comme le nombre d&rsquo;apn\u00e9es et d&rsquo;hypopn\u00e9es mesur\u00e9es par heure de sommeil. L&rsquo;IAH est utilis\u00e9 pour d\u00e9terminer la gravit\u00e9 de l&rsquo;apn\u00e9e du sommeil. L\u00e9g\u00e8re : IAH \u2265 5, &#8230; <a title=\"Indice d&rsquo;Apn\u00e9e-Hypopn\u00e9e (IAH)\" class=\"read-more\" href=\"https:\/\/dormalab.com\/fr\/indice-dapnee-du-sommeil-ahi-iah\/\" aria-label=\"En savoir plus sur Indice d&rsquo;Apn\u00e9e-Hypopn\u00e9e (IAH)\">Lire la suite<\/a><\/p>\n","protected":false},"author":20,"featured_media":0,"parent":0,"menu_order":0,"comment_status":"closed","ping_status":"closed","template":"","meta":{"footnotes":""},"class_list":["post-4100","page","type-page","status-publish"],"yoast_head":"<!-- This site is optimized with the Yoast SEO plugin v27.3 - https:\/\/yoast.com\/product\/yoast-seo-wordpress\/ -->\n<title>Indice d&#039;Apn\u00e9e-Hypopn\u00e9e (IAH) - Clinique du Sommeil - Dormalab<\/title>\n<meta name=\"description\" content=\"L&#039;indice d&#039;apn\u00e9e-hypopn\u00e9e (IAH) est d\u00e9fini comme le nombre d&#039;apn\u00e9es et d&#039;hypopn\u00e9es mesur\u00e9es par heure de sommeil.\" \/>\n<meta name=\"robots\" content=\"index, follow, max-snippet:-1, max-image-preview:large, max-video-preview:-1\" \/>\n<link rel=\"canonical\" href=\"https:\/\/dormalab.com\/fr\/indice-dapnee-du-sommeil-ahi-iah\/\" \/>\n<meta property=\"og:locale\" content=\"fr_FR\" \/>\n<meta property=\"og:type\" content=\"article\" \/>\n<meta property=\"og:title\" content=\"Indice d&#039;Apn\u00e9e-Hypopn\u00e9e (IAH) - Clinique du Sommeil - Dormalab\" \/>\n<meta property=\"og:description\" content=\"L&#039;indice d&#039;apn\u00e9e-hypopn\u00e9e (IAH) est d\u00e9fini comme le nombre d&#039;apn\u00e9es et d&#039;hypopn\u00e9es mesur\u00e9es par heure de sommeil.\" \/>\n<meta property=\"og:url\" content=\"https:\/\/dormalab.com\/fr\/indice-dapnee-du-sommeil-ahi-iah\/\" \/>\n<meta property=\"og:site_name\" content=\"Dorma Sleep Clinics\" \/>\n<meta property=\"article:modified_time\" content=\"2024-11-27T02:29:26+00:00\" \/>\n<meta name=\"twitter:card\" content=\"summary_large_image\" \/>\n<meta name=\"twitter:label1\" content=\"Dur\u00e9e de lecture estim\u00e9e\" \/>\n\t<meta name=\"twitter:data1\" content=\"4 minute\" \/>\n<script type=\"application\/ld+json\" class=\"yoast-schema-graph\">{\"@context\":\"https:\\\/\\\/schema.org\",\"@graph\":[{\"@type\":\"WebPage\",\"@id\":\"https:\\\/\\\/dormalab.com\\\/fr\\\/indice-dapnee-du-sommeil-ahi-iah\\\/\",\"url\":\"https:\\\/\\\/dormalab.com\\\/fr\\\/indice-dapnee-du-sommeil-ahi-iah\\\/\",\"name\":\"Indice d'Apn\u00e9e-Hypopn\u00e9e (IAH) - Clinique du Sommeil - Dormalab\",\"isPartOf\":{\"@id\":\"https:\\\/\\\/dormalab.com\\\/fr\\\/#website\"},\"datePublished\":\"2019-12-13T17:02:11+00:00\",\"dateModified\":\"2024-11-27T02:29:26+00:00\",\"description\":\"L'indice d'apn\u00e9e-hypopn\u00e9e (IAH) est d\u00e9fini comme le nombre d'apn\u00e9es et d'hypopn\u00e9es mesur\u00e9es par heure de sommeil.\",\"breadcrumb\":{\"@id\":\"https:\\\/\\\/dormalab.com\\\/fr\\\/indice-dapnee-du-sommeil-ahi-iah\\\/#breadcrumb\"},\"inLanguage\":\"fr-FR\",\"potentialAction\":[{\"@type\":\"ReadAction\",\"target\":[\"https:\\\/\\\/dormalab.com\\\/fr\\\/indice-dapnee-du-sommeil-ahi-iah\\\/\"]}]},{\"@type\":\"BreadcrumbList\",\"@id\":\"https:\\\/\\\/dormalab.com\\\/fr\\\/indice-dapnee-du-sommeil-ahi-iah\\\/#breadcrumb\",\"itemListElement\":[{\"@type\":\"ListItem\",\"position\":1,\"name\":\"Home\",\"item\":\"https:\\\/\\\/dormalab.com\\\/fr\\\/\"},{\"@type\":\"ListItem\",\"position\":2,\"name\":\"Indice d&rsquo;Apn\u00e9e-Hypopn\u00e9e (IAH)\"}]},{\"@type\":\"WebSite\",\"@id\":\"https:\\\/\\\/dormalab.com\\\/fr\\\/#website\",\"url\":\"https:\\\/\\\/dormalab.com\\\/fr\\\/\",\"name\":\"Dorma Sleep Clinics\",\"description\":\"Sleep Well Live Well\",\"publisher\":{\"@id\":\"https:\\\/\\\/dormalab.com\\\/fr\\\/#organization\"},\"potentialAction\":[{\"@type\":\"SearchAction\",\"target\":{\"@type\":\"EntryPoint\",\"urlTemplate\":\"https:\\\/\\\/dormalab.com\\\/fr\\\/?s={search_term_string}\"},\"query-input\":{\"@type\":\"PropertyValueSpecification\",\"valueRequired\":true,\"valueName\":\"search_term_string\"}}],\"inLanguage\":\"fr-FR\"},{\"@type\":\"Organization\",\"@id\":\"https:\\\/\\\/dormalab.com\\\/fr\\\/#organization\",\"name\":\"Dorma Clinique Du Sommeil\",\"url\":\"https:\\\/\\\/dormalab.com\\\/fr\\\/\",\"logo\":{\"@type\":\"ImageObject\",\"inLanguage\":\"fr-FR\",\"@id\":\"https:\\\/\\\/dormalab.com\\\/fr\\\/#\\\/schema\\\/logo\\\/image\\\/\",\"url\":\"https:\\\/\\\/dormalab.com\\\/wp-content\\\/uploads\\\/2019\\\/10\\\/Dorma-Logotype-RGB-Black-scaled-e1578787470924.png\",\"contentUrl\":\"https:\\\/\\\/dormalab.com\\\/wp-content\\\/uploads\\\/2019\\\/10\\\/Dorma-Logotype-RGB-Black-scaled-e1578787470924.png\",\"width\":120,\"height\":25,\"caption\":\"Dorma Clinique Du Sommeil\"},\"image\":{\"@id\":\"https:\\\/\\\/dormalab.com\\\/fr\\\/#\\\/schema\\\/logo\\\/image\\\/\"}}]}<\/script>\n<!-- \/ Yoast SEO plugin. -->","yoast_head_json":{"title":"Indice d'Apn\u00e9e-Hypopn\u00e9e (IAH) - Clinique du Sommeil - Dormalab","description":"L'indice d'apn\u00e9e-hypopn\u00e9e (IAH) est d\u00e9fini comme le nombre d'apn\u00e9es et d'hypopn\u00e9es mesur\u00e9es par heure de sommeil.","robots":{"index":"index","follow":"follow","max-snippet":"max-snippet:-1","max-image-preview":"max-image-preview:large","max-video-preview":"max-video-preview:-1"},"canonical":"https:\/\/dormalab.com\/fr\/indice-dapnee-du-sommeil-ahi-iah\/","og_locale":"fr_FR","og_type":"article","og_title":"Indice d'Apn\u00e9e-Hypopn\u00e9e (IAH) - Clinique du Sommeil - Dormalab","og_description":"L'indice d'apn\u00e9e-hypopn\u00e9e (IAH) est d\u00e9fini comme le nombre d'apn\u00e9es et d'hypopn\u00e9es mesur\u00e9es par heure de sommeil.","og_url":"https:\/\/dormalab.com\/fr\/indice-dapnee-du-sommeil-ahi-iah\/","og_site_name":"Dorma Sleep Clinics","article_modified_time":"2024-11-27T02:29:26+00:00","twitter_card":"summary_large_image","twitter_misc":{"Dur\u00e9e de lecture estim\u00e9e":"4 minute"},"schema":{"@context":"https:\/\/schema.org","@graph":[{"@type":"WebPage","@id":"https:\/\/dormalab.com\/fr\/indice-dapnee-du-sommeil-ahi-iah\/","url":"https:\/\/dormalab.com\/fr\/indice-dapnee-du-sommeil-ahi-iah\/","name":"Indice d'Apn\u00e9e-Hypopn\u00e9e (IAH) - Clinique du Sommeil - Dormalab","isPartOf":{"@id":"https:\/\/dormalab.com\/fr\/#website"},"datePublished":"2019-12-13T17:02:11+00:00","dateModified":"2024-11-27T02:29:26+00:00","description":"L'indice d'apn\u00e9e-hypopn\u00e9e (IAH) est d\u00e9fini comme le nombre d'apn\u00e9es et d'hypopn\u00e9es mesur\u00e9es par heure de sommeil.","breadcrumb":{"@id":"https:\/\/dormalab.com\/fr\/indice-dapnee-du-sommeil-ahi-iah\/#breadcrumb"},"inLanguage":"fr-FR","potentialAction":[{"@type":"ReadAction","target":["https:\/\/dormalab.com\/fr\/indice-dapnee-du-sommeil-ahi-iah\/"]}]},{"@type":"BreadcrumbList","@id":"https:\/\/dormalab.com\/fr\/indice-dapnee-du-sommeil-ahi-iah\/#breadcrumb","itemListElement":[{"@type":"ListItem","position":1,"name":"Home","item":"https:\/\/dormalab.com\/fr\/"},{"@type":"ListItem","position":2,"name":"Indice d&rsquo;Apn\u00e9e-Hypopn\u00e9e (IAH)"}]},{"@type":"WebSite","@id":"https:\/\/dormalab.com\/fr\/#website","url":"https:\/\/dormalab.com\/fr\/","name":"Dorma Sleep Clinics","description":"Sleep Well Live Well","publisher":{"@id":"https:\/\/dormalab.com\/fr\/#organization"},"potentialAction":[{"@type":"SearchAction","target":{"@type":"EntryPoint","urlTemplate":"https:\/\/dormalab.com\/fr\/?s={search_term_string}"},"query-input":{"@type":"PropertyValueSpecification","valueRequired":true,"valueName":"search_term_string"}}],"inLanguage":"fr-FR"},{"@type":"Organization","@id":"https:\/\/dormalab.com\/fr\/#organization","name":"Dorma Clinique Du Sommeil","url":"https:\/\/dormalab.com\/fr\/","logo":{"@type":"ImageObject","inLanguage":"fr-FR","@id":"https:\/\/dormalab.com\/fr\/#\/schema\/logo\/image\/","url":"https:\/\/dormalab.com\/wp-content\/uploads\/2019\/10\/Dorma-Logotype-RGB-Black-scaled-e1578787470924.png","contentUrl":"https:\/\/dormalab.com\/wp-content\/uploads\/2019\/10\/Dorma-Logotype-RGB-Black-scaled-e1578787470924.png","width":120,"height":25,"caption":"Dorma Clinique Du Sommeil"},"image":{"@id":"https:\/\/dormalab.com\/fr\/#\/schema\/logo\/image\/"}}]}},"_links":{"self":[{"href":"https:\/\/dormalab.com\/fr\/wp-json\/wp\/v2\/pages\/4100","targetHints":{"allow":["GET"]}}],"collection":[{"href":"https:\/\/dormalab.com\/fr\/wp-json\/wp\/v2\/pages"}],"about":[{"href":"https:\/\/dormalab.com\/fr\/wp-json\/wp\/v2\/types\/page"}],"author":[{"embeddable":true,"href":"https:\/\/dormalab.com\/fr\/wp-json\/wp\/v2\/users\/20"}],"replies":[{"embeddable":true,"href":"https:\/\/dormalab.com\/fr\/wp-json\/wp\/v2\/comments?post=4100"}],"version-history":[{"count":0,"href":"https:\/\/dormalab.com\/fr\/wp-json\/wp\/v2\/pages\/4100\/revisions"}],"wp:attachment":[{"href":"https:\/\/dormalab.com\/fr\/wp-json\/wp\/v2\/media?parent=4100"}],"curies":[{"name":"wp","href":"https:\/\/api.w.org\/{rel}","templated":true}]}}