{"id":4148,"date":"2019-12-13T13:44:41","date_gmt":"2019-12-13T18:44:41","guid":{"rendered":"https:\/\/dormalab.com\/our-approach\/"},"modified":"2024-11-26T21:28:21","modified_gmt":"2024-11-27T02:28:21","slug":"notre-approche","status":"publish","type":"page","link":"https:\/\/dormalab.com\/fr\/notre-approche\/","title":{"rendered":"Notre Approche"},"content":{"rendered":"<p>[vc_row][vc_column width=\u00a0\u00bb3\/12&Prime; el_class=\u00a0\u00bbpages-sidebar\u00a0\u00bb][vc_widget_sidebar sidebar_id=\u00a0\u00bbca-sidebar-9958&Prime; el_class=\u00a0\u00bbsidebar\u00a0\u00bb][contact-form-7 id=\u00a0\u00bb10377&Prime;][\/vc_column][vc_column width=\u00a0\u00bb9\/12&Prime; el_class=\u00a0\u00bbpages-contenu\u00a0\u00bb][vc_row_inner][vc_column_inner][vc_column_text]<\/p>\n<h1>Notre Approche<\/h1>\n<p><strong>\u00c0 la Clinique du Sommeil du Grand Montr\u00e9al<\/strong>, nous sommes une \u00e9quipe multidisciplinaire qui est compos\u00e9e de:<\/p>\n<ul>\n<li>Inhaloth\u00e9rapeute,<\/li>\n<li>ORLs,<\/li>\n<li>Neurologue,<\/li>\n<li>Pneumologue,<\/li>\n<li>Chirurgien Maxillo-Facial<\/li>\n<\/ul>\n<p>Ce qui nous permettra d\u2019avoir la vision d\u2019ensemble n\u00e9cessaire pour vous fournir\u00a0<strong><a href=\"https:\/\/dormalab.com\/fr\/nos-solutions\/\">une solution<\/a>\u00a0adapt\u00e9e \u00e0 votre trouble du sommeil, vos attentes et vos moyens<\/strong>.[\/vc_column_text][\/vc_column_inner][\/vc_row_inner][vc_row_inner content_placement=\u00a0\u00bbmiddle\u00a0\u00bb el_class=\u00a0\u00bbflex-col\u00a0\u00bb][vc_column_inner width=\u00a0\u00bb2\/3&Prime;][vc_column_text]<strong>Nous vous guiderons dans toutes vos d\u00e9marches,<\/strong>\u00a0d\u00e8s votre premi\u00e8re consultation, \u00e0 travers vos \u00e9tudes du sommeil et lors des suivis apr\u00e8s traitement. Nous assurons un support et un service \u00e0 notre client\u00e8le que ce soit pour une simple v\u00e9rification de votre appareil <a href=\"https:\/\/dormalab.com\/continuous-positive-airflow-pressure-cpap\/\" data-internallinksmanager029f6b8e52c=\"1\" title=\"Continuous Positive Airflow Pressure (CPAP)\">CPAP<\/a>, des ajustements ou encore faire un suivi th\u00e9rapeutique g\u00e9n\u00e9ral.<\/p>\n<p>Et dans le cas ou la solution initialement propos\u00e9e ne vous conviendrait pas ou plus, nos portes vous serons toujours ouvertes, afin de trouver ensemble une solution alternative qui vous conviendra mieux.[\/vc_column_text][\/vc_column_inner][vc_column_inner width=\u00a0\u00bb1\/3&Prime;][vc_single_image image=\u00a0\u00bb4141&Prime; img_size=\u00a0\u00bblarge\u00a0\u00bb alignment=\u00a0\u00bbcenter\u00a0\u00bb onclick=\u00a0\u00bblink_image\u00a0\u00bb el_class=\u00a0\u00bbsingle-img-pages\u00a0\u00bb][\/vc_column_inner][\/vc_row_inner][vc_row_inner][vc_column_inner width=\u00a0\u00bb4\/12&Prime;][vc_single_image image=\u00a0\u00bb4144&Prime; img_size=\u00a0\u00bblarge\u00a0\u00bb alignment=\u00a0\u00bbcenter\u00a0\u00bb onclick=\u00a0\u00bblink_image\u00a0\u00bb el_class=\u00a0\u00bbsingle-img-pages\u00a0\u00bb][\/vc_column_inner][vc_column_inner width=\u00a0\u00bb8\/12&Prime;][vc_column_text]<strong>Si vous nous consultez aujourd\u2019hui parce que votre premi\u00e8re exp\u00e9rience avec un professionnel du sommeil a \u00e9t\u00e9 infructueuse?<\/strong><\/p>\n<p>Pas de souci, nous serons \u00e0 votre \u00e9coute pour comprendre avec vous les probl\u00e8mes rencontr\u00e9s et trouver ensemble la meilleure solution pour que votre souci trouble du sommeil ne soit qu\u2019un mauvais souvenir.<\/p>\n<p><strong>Notre unique objectif est de comprendre au mieux votre probl\u00e8me de sommeil et de fournir une solution durable pour cette pathologie.<\/strong>[\/vc_column_text][\/vc_column_inner][\/vc_row_inner][\/vc_column][\/vc_row]<\/p>\n","protected":false},"excerpt":{"rendered":"<p>[vc_row][vc_column width=\u00a0\u00bb3\/12&Prime; el_class=\u00a0\u00bbpages-sidebar\u00a0\u00bb][vc_widget_sidebar sidebar_id=\u00a0\u00bbca-sidebar-9958&Prime; el_class=\u00a0\u00bbsidebar\u00a0\u00bb][contact-form-7 id=\u00a0\u00bb10377&Prime;][\/vc_column][vc_column width=\u00a0\u00bb9\/12&Prime; el_class=\u00a0\u00bbpages-contenu\u00a0\u00bb][vc_row_inner][vc_column_inner][vc_column_text] Notre Approche \u00c0 la Clinique du Sommeil du Grand Montr\u00e9al, nous sommes une \u00e9quipe multidisciplinaire qui est compos\u00e9e de: Inhaloth\u00e9rapeute, ORLs, Neurologue, Pneumologue, Chirurgien Maxillo-Facial Ce qui nous permettra d\u2019avoir la vision d\u2019ensemble n\u00e9cessaire pour vous fournir\u00a0une solution\u00a0adapt\u00e9e \u00e0 votre trouble du sommeil, vos attentes et vos &#8230; <a title=\"Notre Approche\" class=\"read-more\" href=\"https:\/\/dormalab.com\/fr\/notre-approche\/\" aria-label=\"En savoir plus sur Notre Approche\">Lire la suite<\/a><\/p>\n","protected":false},"author":20,"featured_media":0,"parent":0,"menu_order":0,"comment_status":"closed","ping_status":"closed","template":"","meta":{"footnotes":""},"class_list":["post-4148","page","type-page","status-publish"],"yoast_head":"<!-- This site is optimized with the Yoast SEO plugin v27.4 - https:\/\/yoast.com\/product\/yoast-seo-wordpress\/ -->\n<title>Approche m\u00e9dicale Dorma - Clinique du sommeil - Dormalab<\/title>\n<meta name=\"description\" content=\"Nous sommes une \u00e9quipe multidisciplinaire compos\u00e9e de : Th\u00e9rapeutes respiratoires, ORL, Neurologues, Pneumologues et Chirurgiens maxillo-faciaux\" \/>\n<meta name=\"robots\" content=\"index, follow, max-snippet:-1, max-image-preview:large, max-video-preview:-1\" \/>\n<link rel=\"canonical\" href=\"https:\/\/dormalab.com\/fr\/notre-approche\/\" \/>\n<meta property=\"og:locale\" content=\"fr_FR\" \/>\n<meta property=\"og:type\" content=\"article\" \/>\n<meta property=\"og:title\" content=\"Approche m\u00e9dicale Dorma - Clinique du sommeil - Dormalab\" \/>\n<meta property=\"og:description\" content=\"Nous sommes une \u00e9quipe multidisciplinaire compos\u00e9e de : Th\u00e9rapeutes respiratoires, ORL, Neurologues, Pneumologues et Chirurgiens maxillo-faciaux\" \/>\n<meta property=\"og:url\" content=\"https:\/\/dormalab.com\/fr\/notre-approche\/\" \/>\n<meta property=\"og:site_name\" content=\"Dorma Sleep Clinics\" \/>\n<meta property=\"article:modified_time\" content=\"2024-11-27T02:28:21+00:00\" \/>\n<meta name=\"twitter:card\" content=\"summary_large_image\" \/>\n<meta name=\"twitter:label1\" content=\"Dur\u00e9e de lecture estim\u00e9e\" \/>\n\t<meta name=\"twitter:data1\" content=\"2 minute\" \/>\n<script type=\"application\/ld+json\" class=\"yoast-schema-graph\">{\"@context\":\"https:\\\/\\\/schema.org\",\"@graph\":[{\"@type\":\"WebPage\",\"@id\":\"https:\\\/\\\/dormalab.com\\\/fr\\\/notre-approche\\\/\",\"url\":\"https:\\\/\\\/dormalab.com\\\/fr\\\/notre-approche\\\/\",\"name\":\"Approche m\u00e9dicale Dorma - Clinique du sommeil - Dormalab\",\"isPartOf\":{\"@id\":\"https:\\\/\\\/dormalab.com\\\/fr\\\/#website\"},\"datePublished\":\"2019-12-13T18:44:41+00:00\",\"dateModified\":\"2024-11-27T02:28:21+00:00\",\"description\":\"Nous sommes une \u00e9quipe multidisciplinaire compos\u00e9e de : Th\u00e9rapeutes respiratoires, ORL, Neurologues, Pneumologues et Chirurgiens maxillo-faciaux\",\"breadcrumb\":{\"@id\":\"https:\\\/\\\/dormalab.com\\\/fr\\\/notre-approche\\\/#breadcrumb\"},\"inLanguage\":\"fr-FR\",\"potentialAction\":[{\"@type\":\"ReadAction\",\"target\":[\"https:\\\/\\\/dormalab.com\\\/fr\\\/notre-approche\\\/\"]}]},{\"@type\":\"BreadcrumbList\",\"@id\":\"https:\\\/\\\/dormalab.com\\\/fr\\\/notre-approche\\\/#breadcrumb\",\"itemListElement\":[{\"@type\":\"ListItem\",\"position\":1,\"name\":\"Home\",\"item\":\"https:\\\/\\\/dormalab.com\\\/fr\\\/\"},{\"@type\":\"ListItem\",\"position\":2,\"name\":\"Notre Approche\"}]},{\"@type\":\"WebSite\",\"@id\":\"https:\\\/\\\/dormalab.com\\\/fr\\\/#website\",\"url\":\"https:\\\/\\\/dormalab.com\\\/fr\\\/\",\"name\":\"Dorma Sleep Clinics\",\"description\":\"Sleep Well Live Well\",\"publisher\":{\"@id\":\"https:\\\/\\\/dormalab.com\\\/fr\\\/#organization\"},\"potentialAction\":[{\"@type\":\"SearchAction\",\"target\":{\"@type\":\"EntryPoint\",\"urlTemplate\":\"https:\\\/\\\/dormalab.com\\\/fr\\\/?s={search_term_string}\"},\"query-input\":{\"@type\":\"PropertyValueSpecification\",\"valueRequired\":true,\"valueName\":\"search_term_string\"}}],\"inLanguage\":\"fr-FR\"},{\"@type\":\"Organization\",\"@id\":\"https:\\\/\\\/dormalab.com\\\/fr\\\/#organization\",\"name\":\"Dorma Clinique Du Sommeil\",\"url\":\"https:\\\/\\\/dormalab.com\\\/fr\\\/\",\"logo\":{\"@type\":\"ImageObject\",\"inLanguage\":\"fr-FR\",\"@id\":\"https:\\\/\\\/dormalab.com\\\/fr\\\/#\\\/schema\\\/logo\\\/image\\\/\",\"url\":\"https:\\\/\\\/dormalab.com\\\/wp-content\\\/uploads\\\/2019\\\/10\\\/Dorma-Logotype-RGB-Black-scaled-e1578787470924.png\",\"contentUrl\":\"https:\\\/\\\/dormalab.com\\\/wp-content\\\/uploads\\\/2019\\\/10\\\/Dorma-Logotype-RGB-Black-scaled-e1578787470924.png\",\"width\":120,\"height\":25,\"caption\":\"Dorma Clinique Du Sommeil\"},\"image\":{\"@id\":\"https:\\\/\\\/dormalab.com\\\/fr\\\/#\\\/schema\\\/logo\\\/image\\\/\"}}]}<\/script>\n<!-- \/ Yoast SEO plugin. -->","yoast_head_json":{"title":"Approche m\u00e9dicale Dorma - Clinique du sommeil - Dormalab","description":"Nous sommes une \u00e9quipe multidisciplinaire compos\u00e9e de : Th\u00e9rapeutes respiratoires, ORL, Neurologues, Pneumologues et Chirurgiens maxillo-faciaux","robots":{"index":"index","follow":"follow","max-snippet":"max-snippet:-1","max-image-preview":"max-image-preview:large","max-video-preview":"max-video-preview:-1"},"canonical":"https:\/\/dormalab.com\/fr\/notre-approche\/","og_locale":"fr_FR","og_type":"article","og_title":"Approche m\u00e9dicale Dorma - Clinique du sommeil - Dormalab","og_description":"Nous sommes une \u00e9quipe multidisciplinaire compos\u00e9e de : Th\u00e9rapeutes respiratoires, ORL, Neurologues, Pneumologues et Chirurgiens maxillo-faciaux","og_url":"https:\/\/dormalab.com\/fr\/notre-approche\/","og_site_name":"Dorma Sleep Clinics","article_modified_time":"2024-11-27T02:28:21+00:00","twitter_card":"summary_large_image","twitter_misc":{"Dur\u00e9e de lecture estim\u00e9e":"2 minute"},"schema":{"@context":"https:\/\/schema.org","@graph":[{"@type":"WebPage","@id":"https:\/\/dormalab.com\/fr\/notre-approche\/","url":"https:\/\/dormalab.com\/fr\/notre-approche\/","name":"Approche m\u00e9dicale Dorma - Clinique du sommeil - Dormalab","isPartOf":{"@id":"https:\/\/dormalab.com\/fr\/#website"},"datePublished":"2019-12-13T18:44:41+00:00","dateModified":"2024-11-27T02:28:21+00:00","description":"Nous sommes une \u00e9quipe multidisciplinaire compos\u00e9e de : Th\u00e9rapeutes respiratoires, ORL, Neurologues, Pneumologues et Chirurgiens maxillo-faciaux","breadcrumb":{"@id":"https:\/\/dormalab.com\/fr\/notre-approche\/#breadcrumb"},"inLanguage":"fr-FR","potentialAction":[{"@type":"ReadAction","target":["https:\/\/dormalab.com\/fr\/notre-approche\/"]}]},{"@type":"BreadcrumbList","@id":"https:\/\/dormalab.com\/fr\/notre-approche\/#breadcrumb","itemListElement":[{"@type":"ListItem","position":1,"name":"Home","item":"https:\/\/dormalab.com\/fr\/"},{"@type":"ListItem","position":2,"name":"Notre Approche"}]},{"@type":"WebSite","@id":"https:\/\/dormalab.com\/fr\/#website","url":"https:\/\/dormalab.com\/fr\/","name":"Dorma Sleep Clinics","description":"Sleep Well Live Well","publisher":{"@id":"https:\/\/dormalab.com\/fr\/#organization"},"potentialAction":[{"@type":"SearchAction","target":{"@type":"EntryPoint","urlTemplate":"https:\/\/dormalab.com\/fr\/?s={search_term_string}"},"query-input":{"@type":"PropertyValueSpecification","valueRequired":true,"valueName":"search_term_string"}}],"inLanguage":"fr-FR"},{"@type":"Organization","@id":"https:\/\/dormalab.com\/fr\/#organization","name":"Dorma Clinique Du Sommeil","url":"https:\/\/dormalab.com\/fr\/","logo":{"@type":"ImageObject","inLanguage":"fr-FR","@id":"https:\/\/dormalab.com\/fr\/#\/schema\/logo\/image\/","url":"https:\/\/dormalab.com\/wp-content\/uploads\/2019\/10\/Dorma-Logotype-RGB-Black-scaled-e1578787470924.png","contentUrl":"https:\/\/dormalab.com\/wp-content\/uploads\/2019\/10\/Dorma-Logotype-RGB-Black-scaled-e1578787470924.png","width":120,"height":25,"caption":"Dorma Clinique Du Sommeil"},"image":{"@id":"https:\/\/dormalab.com\/fr\/#\/schema\/logo\/image\/"}}]}},"_links":{"self":[{"href":"https:\/\/dormalab.com\/fr\/wp-json\/wp\/v2\/pages\/4148","targetHints":{"allow":["GET"]}}],"collection":[{"href":"https:\/\/dormalab.com\/fr\/wp-json\/wp\/v2\/pages"}],"about":[{"href":"https:\/\/dormalab.com\/fr\/wp-json\/wp\/v2\/types\/page"}],"author":[{"embeddable":true,"href":"https:\/\/dormalab.com\/fr\/wp-json\/wp\/v2\/users\/20"}],"replies":[{"embeddable":true,"href":"https:\/\/dormalab.com\/fr\/wp-json\/wp\/v2\/comments?post=4148"}],"version-history":[{"count":0,"href":"https:\/\/dormalab.com\/fr\/wp-json\/wp\/v2\/pages\/4148\/revisions"}],"wp:attachment":[{"href":"https:\/\/dormalab.com\/fr\/wp-json\/wp\/v2\/media?parent=4148"}],"curies":[{"name":"wp","href":"https:\/\/api.w.org\/{rel}","templated":true}]}}