{"id":4181,"date":"2019-12-13T14:31:46","date_gmt":"2019-12-13T19:31:46","guid":{"rendered":"https:\/\/dormalab.com\/?page_id=4181"},"modified":"2021-05-07T09:55:58","modified_gmt":"2021-05-07T13:55:58","slug":"radiofrequences-somnoplastie","status":"publish","type":"page","link":"https:\/\/dormalab.com\/fr\/radiofrequences-somnoplastie\/","title":{"rendered":"Th\u00e9rapie par Radiofr\u00e9quences \u2013 Somnoplastie"},"content":{"rendered":"<p>[vc_row][vc_column width=\u00a0\u00bb3\/12&Prime; el_class=\u00a0\u00bbpages-sidebar\u00a0\u00bb][vc_widget_sidebar sidebar_id=\u00a0\u00bbca-sidebar-9958&Prime; el_class=\u00a0\u00bbsidebar\u00a0\u00bb][contact-form-7 id=\u00a0\u00bb9906&Prime;][\/vc_column][vc_column width=\u00a0\u00bb9\/12&Prime; el_class=\u00a0\u00bbpages-contenu\u00a0\u00bb][vc_row_inner][vc_column_inner][vc_column_text]<\/p>\n<h1>Th\u00e9rapie par Radiofr\u00e9quences \u2013 Somnoplastie<\/h1>\n<h3>Proc\u00e9dure de Radiofr\u00e9quences<\/h3>\n<p>La radio-fr\u00e9quence (Somnoplastie) est utilis\u00e9e pour r\u00e9tr\u00e9cir les tissus de la gorge, le palais ou la langue, afin de cr\u00e9er plus d\u2019espace dans la gorge.<\/p>\n<p>&nbsp;<\/p>\n<p>La langue, la gorge ou le palais mou est perc\u00e9 avec une aiguille sp\u00e9ciale (\u00e9lectrode) reli\u00e9e \u00e0 un g\u00e9n\u00e9rateur de radiofr\u00e9quences. Le tissu int\u00e9rieur est r\u00e9chauff\u00e9 \u00e0 158-176 degr\u00e9s F, ce qui prend environ 30 minutes. Le tissu int\u00e9rieur se r\u00e9tr\u00e9cit tandis que le tissu externe reste le m\u00eame.<\/p>\n<p>&nbsp;<\/p>\n<p>Plusieurs traitements sont n\u00e9cessaires pour compl\u00e9ter le processus.<br \/>\nC\u2019est un nouveau traitement et il n\u2019est pas disponible dans toutes les r\u00e9gions.<\/p>\n<p>Le taux de succ\u00e8s pour traiter l\u2019apn\u00e9e du sommeil est vague, le proc\u00e9d\u00e9 \u00e9tant assez nouveau.[\/vc_column_text][vc_column_text]<\/p>\n<h3>Radiofr\u00e9quence de la Langue :<\/h3>\n<p>Dans les cas o\u00f9 la base de langue est responsable d\u2019un r\u00e9tr\u00e9cissement important du pharynx, la r\u00e9duction de cette derni\u00e8re peut \u00eatre indiqu\u00e9e pour lever l\u2019obstruction afin de permettre une ventilation normale des voies a\u00e9riennes sup\u00e9rieures.[\/vc_column_text][vc_btn title=\u00a0\u00bbEn Savoir Plus Sur la Radiofr\u00e9quence de la langue\u00a0\u00bb style=\u00a0\u00bbcustom\u00a0\u00bb custom_background=\u00a0\u00bb#c4a589&Prime; custom_text=\u00a0\u00bb#ffffff\u00a0\u00bb shape=\u00a0\u00bbsquare\u00a0\u00bb link=\u00a0\u00bburl:%2Ffr%2Fradiofrequence-de-la-langue%2F|||\u00a0\u00bb][\/vc_column_inner][\/vc_row_inner][vc_row_inner][vc_column_inner][vc_single_image image=\u00a0\u00bb4191&Prime; img_size=\u00a0\u00bbfull\u00a0\u00bb alignment=\u00a0\u00bbcenter\u00a0\u00bb onclick=\u00a0\u00bblink_image\u00a0\u00bb el_class=\u00a0\u00bbsingle-img-pages\u00a0\u00bb][vc_column_text]<\/p>\n<h3>Radiofr\u00e9quence du Palais :<\/h3>\n<p>La radiofr\u00e9quence du palais demande d\u2019une \u00e0 trois s\u00e9ances pour obtenir le r\u00e9sultat voulu.<\/p>\n<p>&nbsp;<\/p>\n<p>Il s\u2019agit de la technique la plus fr\u00e9quemment utilis\u00e9e de nos jours pour traiter un probl\u00e8me de ronflement sans apn\u00e9e du sommeil ou avec apn\u00e9e du sommeil l\u00e9ger.<\/p>\n<p>&nbsp;<\/p>\n<p>La radiofr\u00e9quence est utilis\u00e9e le plus souvent au niveau du palais et de la luette et s\u2019av\u00e8re un traitement tr\u00e8s efficace pour le ronflement.<\/p>\n<p>La base de la langue peut \u00e9galement \u00eatre r\u00e9duite par radiofr\u00e9quence.[\/vc_column_text][vc_btn title=\u00a0\u00bbEn Savoir Plus Sur la Radiofr\u00e9quence du Palais\u00a0\u00bb style=\u00a0\u00bbcustom\u00a0\u00bb custom_background=\u00a0\u00bb#c4a589&Prime; custom_text=\u00a0\u00bb#ffffff\u00a0\u00bb shape=\u00a0\u00bbsquare\u00a0\u00bb link=\u00a0\u00bburl:%2Ffr%2Fradiofrequence-du-palais%2F|||\u00a0\u00bb][\/vc_column_inner][\/vc_row_inner][\/vc_column][\/vc_row][vc_row full_width=\u00a0\u00bbstretch_row_content_no_spaces\u00a0\u00bb el_class=\u00a0\u00bbwidget-footer\u00a0\u00bb][vc_column][vc_widget_sidebar sidebar_id=\u00a0\u00bb_footer_-_nous_joindre\u00a0\u00bb][\/vc_column][\/vc_row]<\/p>\n","protected":false},"excerpt":{"rendered":"<p>[vc_row][vc_column width=\u00a0\u00bb3\/12&Prime; el_class=\u00a0\u00bbpages-sidebar\u00a0\u00bb][vc_widget_sidebar sidebar_id=\u00a0\u00bbca-sidebar-9958&Prime; el_class=\u00a0\u00bbsidebar\u00a0\u00bb][contact-form-7 id=\u00a0\u00bb9906&Prime;][\/vc_column][vc_column width=\u00a0\u00bb9\/12&Prime; el_class=\u00a0\u00bbpages-contenu\u00a0\u00bb][vc_row_inner][vc_column_inner][vc_column_text] Th\u00e9rapie par Radiofr\u00e9quences \u2013 Somnoplastie Proc\u00e9dure de Radiofr\u00e9quences La radio-fr\u00e9quence (Somnoplastie) est utilis\u00e9e pour r\u00e9tr\u00e9cir les tissus de la gorge, le palais ou la langue, afin de cr\u00e9er plus d\u2019espace dans la gorge. &nbsp; La langue, la gorge ou le palais mou est perc\u00e9 avec une aiguille &#8230; <a title=\"Th\u00e9rapie par Radiofr\u00e9quences \u2013 Somnoplastie\" class=\"read-more\" href=\"https:\/\/dormalab.com\/fr\/radiofrequences-somnoplastie\/\" aria-label=\"En savoir plus sur Th\u00e9rapie par Radiofr\u00e9quences \u2013 Somnoplastie\">Lire la suite<\/a><\/p>\n","protected":false},"author":20,"featured_media":0,"parent":0,"menu_order":0,"comment_status":"closed","ping_status":"closed","template":"","meta":{"footnotes":""},"class_list":["post-4181","page","type-page","status-publish"],"yoast_head":"<!-- This site is optimized with the Yoast SEO plugin v27.4 - https:\/\/yoast.com\/product\/yoast-seo-wordpress\/ -->\n<title>Radiofr\u00e9quence Solution au Ronflement - Dormalab<\/title>\n<meta name=\"description\" content=\"La radiofr\u00e9quence est utilis\u00e9e pour r\u00e9tr\u00e9cir les tissus de la gorge, du palais ou la langue, pour cr\u00e9er plus d\u2019espace dans la gorge.\" \/>\n<meta name=\"robots\" content=\"index, follow, max-snippet:-1, max-image-preview:large, max-video-preview:-1\" \/>\n<link rel=\"canonical\" href=\"https:\/\/dormalab.com\/fr\/radiofrequences-somnoplastie\/\" \/>\n<meta property=\"og:locale\" content=\"fr_FR\" \/>\n<meta property=\"og:type\" content=\"article\" \/>\n<meta property=\"og:title\" content=\"Radiofr\u00e9quence Solution au Ronflement - Dormalab\" \/>\n<meta property=\"og:description\" content=\"La radiofr\u00e9quence est utilis\u00e9e pour r\u00e9tr\u00e9cir les tissus de la gorge, du palais ou la langue, pour cr\u00e9er plus d\u2019espace dans la gorge.\" \/>\n<meta property=\"og:url\" content=\"https:\/\/dormalab.com\/fr\/radiofrequences-somnoplastie\/\" \/>\n<meta property=\"og:site_name\" content=\"Dorma Sleep Clinics\" \/>\n<meta property=\"article:modified_time\" content=\"2021-05-07T13:55:58+00:00\" \/>\n<meta name=\"twitter:card\" content=\"summary_large_image\" \/>\n<meta name=\"twitter:label1\" content=\"Dur\u00e9e de lecture estim\u00e9e\" \/>\n\t<meta name=\"twitter:data1\" content=\"2 minute\" \/>\n<script type=\"application\/ld+json\" class=\"yoast-schema-graph\">{\"@context\":\"https:\\\/\\\/schema.org\",\"@graph\":[{\"@type\":\"WebPage\",\"@id\":\"https:\\\/\\\/dormalab.com\\\/fr\\\/radiofrequences-somnoplastie\\\/\",\"url\":\"https:\\\/\\\/dormalab.com\\\/fr\\\/radiofrequences-somnoplastie\\\/\",\"name\":\"Radiofr\u00e9quence Solution au Ronflement - Dormalab\",\"isPartOf\":{\"@id\":\"https:\\\/\\\/dormalab.com\\\/fr\\\/#website\"},\"datePublished\":\"2019-12-13T19:31:46+00:00\",\"dateModified\":\"2021-05-07T13:55:58+00:00\",\"description\":\"La radiofr\u00e9quence est utilis\u00e9e pour r\u00e9tr\u00e9cir les tissus de la gorge, du palais ou la langue, pour cr\u00e9er plus d\u2019espace dans la gorge.\",\"breadcrumb\":{\"@id\":\"https:\\\/\\\/dormalab.com\\\/fr\\\/radiofrequences-somnoplastie\\\/#breadcrumb\"},\"inLanguage\":\"fr-FR\",\"potentialAction\":[{\"@type\":\"ReadAction\",\"target\":[\"https:\\\/\\\/dormalab.com\\\/fr\\\/radiofrequences-somnoplastie\\\/\"]}]},{\"@type\":\"BreadcrumbList\",\"@id\":\"https:\\\/\\\/dormalab.com\\\/fr\\\/radiofrequences-somnoplastie\\\/#breadcrumb\",\"itemListElement\":[{\"@type\":\"ListItem\",\"position\":1,\"name\":\"Home\",\"item\":\"https:\\\/\\\/dormalab.com\\\/fr\\\/\"},{\"@type\":\"ListItem\",\"position\":2,\"name\":\"Th\u00e9rapie par Radiofr\u00e9quences \u2013 Somnoplastie\"}]},{\"@type\":\"WebSite\",\"@id\":\"https:\\\/\\\/dormalab.com\\\/fr\\\/#website\",\"url\":\"https:\\\/\\\/dormalab.com\\\/fr\\\/\",\"name\":\"Dorma Sleep Clinics\",\"description\":\"Sleep Well Live Well\",\"publisher\":{\"@id\":\"https:\\\/\\\/dormalab.com\\\/fr\\\/#organization\"},\"potentialAction\":[{\"@type\":\"SearchAction\",\"target\":{\"@type\":\"EntryPoint\",\"urlTemplate\":\"https:\\\/\\\/dormalab.com\\\/fr\\\/?s={search_term_string}\"},\"query-input\":{\"@type\":\"PropertyValueSpecification\",\"valueRequired\":true,\"valueName\":\"search_term_string\"}}],\"inLanguage\":\"fr-FR\"},{\"@type\":\"Organization\",\"@id\":\"https:\\\/\\\/dormalab.com\\\/fr\\\/#organization\",\"name\":\"Dorma Clinique Du Sommeil\",\"url\":\"https:\\\/\\\/dormalab.com\\\/fr\\\/\",\"logo\":{\"@type\":\"ImageObject\",\"inLanguage\":\"fr-FR\",\"@id\":\"https:\\\/\\\/dormalab.com\\\/fr\\\/#\\\/schema\\\/logo\\\/image\\\/\",\"url\":\"https:\\\/\\\/dormalab.com\\\/wp-content\\\/uploads\\\/2019\\\/10\\\/Dorma-Logotype-RGB-Black-scaled-e1578787470924.png\",\"contentUrl\":\"https:\\\/\\\/dormalab.com\\\/wp-content\\\/uploads\\\/2019\\\/10\\\/Dorma-Logotype-RGB-Black-scaled-e1578787470924.png\",\"width\":120,\"height\":25,\"caption\":\"Dorma Clinique Du Sommeil\"},\"image\":{\"@id\":\"https:\\\/\\\/dormalab.com\\\/fr\\\/#\\\/schema\\\/logo\\\/image\\\/\"}}]}<\/script>\n<!-- \/ Yoast SEO plugin. -->","yoast_head_json":{"title":"Radiofr\u00e9quence Solution au Ronflement - Dormalab","description":"La radiofr\u00e9quence est utilis\u00e9e pour r\u00e9tr\u00e9cir les tissus de la gorge, du palais ou la langue, pour cr\u00e9er plus d\u2019espace dans la gorge.","robots":{"index":"index","follow":"follow","max-snippet":"max-snippet:-1","max-image-preview":"max-image-preview:large","max-video-preview":"max-video-preview:-1"},"canonical":"https:\/\/dormalab.com\/fr\/radiofrequences-somnoplastie\/","og_locale":"fr_FR","og_type":"article","og_title":"Radiofr\u00e9quence Solution au Ronflement - Dormalab","og_description":"La radiofr\u00e9quence est utilis\u00e9e pour r\u00e9tr\u00e9cir les tissus de la gorge, du palais ou la langue, pour cr\u00e9er plus d\u2019espace dans la gorge.","og_url":"https:\/\/dormalab.com\/fr\/radiofrequences-somnoplastie\/","og_site_name":"Dorma Sleep Clinics","article_modified_time":"2021-05-07T13:55:58+00:00","twitter_card":"summary_large_image","twitter_misc":{"Dur\u00e9e de lecture estim\u00e9e":"2 minute"},"schema":{"@context":"https:\/\/schema.org","@graph":[{"@type":"WebPage","@id":"https:\/\/dormalab.com\/fr\/radiofrequences-somnoplastie\/","url":"https:\/\/dormalab.com\/fr\/radiofrequences-somnoplastie\/","name":"Radiofr\u00e9quence Solution au Ronflement - Dormalab","isPartOf":{"@id":"https:\/\/dormalab.com\/fr\/#website"},"datePublished":"2019-12-13T19:31:46+00:00","dateModified":"2021-05-07T13:55:58+00:00","description":"La radiofr\u00e9quence est utilis\u00e9e pour r\u00e9tr\u00e9cir les tissus de la gorge, du palais ou la langue, pour cr\u00e9er plus d\u2019espace dans la gorge.","breadcrumb":{"@id":"https:\/\/dormalab.com\/fr\/radiofrequences-somnoplastie\/#breadcrumb"},"inLanguage":"fr-FR","potentialAction":[{"@type":"ReadAction","target":["https:\/\/dormalab.com\/fr\/radiofrequences-somnoplastie\/"]}]},{"@type":"BreadcrumbList","@id":"https:\/\/dormalab.com\/fr\/radiofrequences-somnoplastie\/#breadcrumb","itemListElement":[{"@type":"ListItem","position":1,"name":"Home","item":"https:\/\/dormalab.com\/fr\/"},{"@type":"ListItem","position":2,"name":"Th\u00e9rapie par Radiofr\u00e9quences \u2013 Somnoplastie"}]},{"@type":"WebSite","@id":"https:\/\/dormalab.com\/fr\/#website","url":"https:\/\/dormalab.com\/fr\/","name":"Dorma Sleep Clinics","description":"Sleep Well Live Well","publisher":{"@id":"https:\/\/dormalab.com\/fr\/#organization"},"potentialAction":[{"@type":"SearchAction","target":{"@type":"EntryPoint","urlTemplate":"https:\/\/dormalab.com\/fr\/?s={search_term_string}"},"query-input":{"@type":"PropertyValueSpecification","valueRequired":true,"valueName":"search_term_string"}}],"inLanguage":"fr-FR"},{"@type":"Organization","@id":"https:\/\/dormalab.com\/fr\/#organization","name":"Dorma Clinique Du Sommeil","url":"https:\/\/dormalab.com\/fr\/","logo":{"@type":"ImageObject","inLanguage":"fr-FR","@id":"https:\/\/dormalab.com\/fr\/#\/schema\/logo\/image\/","url":"https:\/\/dormalab.com\/wp-content\/uploads\/2019\/10\/Dorma-Logotype-RGB-Black-scaled-e1578787470924.png","contentUrl":"https:\/\/dormalab.com\/wp-content\/uploads\/2019\/10\/Dorma-Logotype-RGB-Black-scaled-e1578787470924.png","width":120,"height":25,"caption":"Dorma Clinique Du Sommeil"},"image":{"@id":"https:\/\/dormalab.com\/fr\/#\/schema\/logo\/image\/"}}]}},"_links":{"self":[{"href":"https:\/\/dormalab.com\/fr\/wp-json\/wp\/v2\/pages\/4181","targetHints":{"allow":["GET"]}}],"collection":[{"href":"https:\/\/dormalab.com\/fr\/wp-json\/wp\/v2\/pages"}],"about":[{"href":"https:\/\/dormalab.com\/fr\/wp-json\/wp\/v2\/types\/page"}],"author":[{"embeddable":true,"href":"https:\/\/dormalab.com\/fr\/wp-json\/wp\/v2\/users\/20"}],"replies":[{"embeddable":true,"href":"https:\/\/dormalab.com\/fr\/wp-json\/wp\/v2\/comments?post=4181"}],"version-history":[{"count":0,"href":"https:\/\/dormalab.com\/fr\/wp-json\/wp\/v2\/pages\/4181\/revisions"}],"wp:attachment":[{"href":"https:\/\/dormalab.com\/fr\/wp-json\/wp\/v2\/media?parent=4181"}],"curies":[{"name":"wp","href":"https:\/\/api.w.org\/{rel}","templated":true}]}}