{"id":4218,"date":"2019-12-13T15:12:34","date_gmt":"2019-12-13T20:12:34","guid":{"rendered":"https:\/\/dormalab.com\/?page_id=4218"},"modified":"2021-05-04T12:45:12","modified_gmt":"2021-05-04T16:45:12","slug":"radiofrequence-de-la-langue","status":"publish","type":"page","link":"https:\/\/dormalab.com\/fr\/radiofrequence-de-la-langue\/","title":{"rendered":"Radiofr\u00e9quence de la Langue"},"content":{"rendered":"<p>[vc_row][vc_column width=\u00a0\u00bb3\/12&Prime; el_class=\u00a0\u00bbpages-sidebar\u00a0\u00bb][vc_widget_sidebar sidebar_id=\u00a0\u00bbca-sidebar-9958&Prime; el_class=\u00a0\u00bbsidebar\u00a0\u00bb][contact-form-7 id=\u00a0\u00bb9906&Prime;][\/vc_column][vc_column width=\u00a0\u00bb9\/12&Prime; el_class=\u00a0\u00bbpages-contenu\u00a0\u00bb][vc_row_inner][vc_column_inner][vc_column_text]<\/p>\n<h1>Radiofr\u00e9quence de la Langue<\/h1>\n<p>Dans les cas o\u00f9 la base de langue est responsable d\u2019un r\u00e9tr\u00e9cissement important du\u00a0pharynx, la r\u00e9duction de cette derni\u00e8re peut \u00eatre indiqu\u00e9e pour lever l\u2019obstruction afin de permettre une ventilation normale des voies a\u00e9riennes sup\u00e9rieures.<\/p>\n<p>&nbsp;<\/p>\n<p>La radiofr\u00e9quence est une technique intramusculaire qui permet de r\u00e9duire consid\u00e9rablement le volume de la base de langue, y compris chez les patients maigres, sans affecter la sensibilit\u00e9 muqueuse de la langue.<\/p>\n<p>&nbsp;<\/p>\n<p>Le chirurgien utilise une sonde sp\u00e9ciale qui permet de chauffer les tissus et de cr\u00e9er un dommage contr\u00f4l\u00e9 aux tissus.<\/p>\n<p>&nbsp;<\/p>\n<p>\u00c0 la cicatrisation, le tissus r\u00e9tr\u00e9ci l\u00e9g\u00e8rement. Pour r\u00e9duire le volume de la langue dans les cas d\u2019apn\u00e9e, la technique classique est d\u2019ins\u00e9rer la sonde \u00e0 radiofr\u00e9quence \u00e0 4 endroits diff\u00e9rents : la base de la langue, sous la langue et sur les deux c\u00f4t\u00e9s de la langue.<\/p>\n<p>&nbsp;<\/p>\n<p>Le traitement est r\u00e9alis\u00e9 en clinique sous s\u00e9dation intraveineuse ou en salle op\u00e9ratoire sous anesth\u00e9sie g\u00e9n\u00e9rale. La dur\u00e9e de l\u2019intervention est d\u2019environ 15 minutes et les patients auront g\u00e9n\u00e9ralement besoin d\u2019entre 2 et 4 s\u00e9ances.<\/p>\n<p>&nbsp;<\/p>\n<p>Les suites op\u00e9ratoires de la radiofr\u00e9quence de la base de langue sont relativement simples, avec une faible douleur qui s\u2019estompe puis dispara\u00eet apr\u00e8s 15 jours, et apparition d\u2019un \u0153d\u00e8me transitoire de la base de langue qui g\u00eane l\u2019alimentation pendant 10 jours.<\/p>\n<p>&nbsp;<\/p>\n<p>La radiofr\u00e9quence de la base de langue permet de r\u00e9duire l\u2019obstruction pharyng\u00e9e avec peu d\u2019inconfort et de complication postop\u00e9ratoires. La simplicit\u00e9 du traitement permet le traitement autant des patients atteints d\u2019apn\u00e9e du sommeil que des patients ronfleurs.[\/vc_column_text][\/vc_column_inner][\/vc_row_inner][\/vc_column][\/vc_row]<\/p>\n","protected":false},"excerpt":{"rendered":"<p>[vc_row][vc_column width=\u00a0\u00bb3\/12&Prime; el_class=\u00a0\u00bbpages-sidebar\u00a0\u00bb][vc_widget_sidebar sidebar_id=\u00a0\u00bbca-sidebar-9958&Prime; el_class=\u00a0\u00bbsidebar\u00a0\u00bb][contact-form-7 id=\u00a0\u00bb9906&Prime;][\/vc_column][vc_column width=\u00a0\u00bb9\/12&Prime; el_class=\u00a0\u00bbpages-contenu\u00a0\u00bb][vc_row_inner][vc_column_inner][vc_column_text] Radiofr\u00e9quence de la Langue Dans les cas o\u00f9 la base de langue est responsable d\u2019un r\u00e9tr\u00e9cissement important du\u00a0pharynx, la r\u00e9duction de cette derni\u00e8re peut \u00eatre indiqu\u00e9e pour lever l\u2019obstruction afin de permettre une ventilation normale des voies a\u00e9riennes sup\u00e9rieures. &nbsp; La radiofr\u00e9quence est une technique intramusculaire qui &#8230; <a title=\"Radiofr\u00e9quence de la Langue\" class=\"read-more\" href=\"https:\/\/dormalab.com\/fr\/radiofrequence-de-la-langue\/\" aria-label=\"En savoir plus sur Radiofr\u00e9quence de la Langue\">Lire la suite<\/a><\/p>\n","protected":false},"author":20,"featured_media":0,"parent":0,"menu_order":0,"comment_status":"closed","ping_status":"closed","template":"","meta":{"footnotes":""},"class_list":["post-4218","page","type-page","status-publish"],"yoast_head":"<!-- This site is optimized with the Yoast SEO plugin v27.3 - https:\/\/yoast.com\/product\/yoast-seo-wordpress\/ -->\n<title>Radiofr\u00e9quence de la Langue - Traitement de l&#039;apn\u00e9e du sommeil<\/title>\n<meta name=\"description\" content=\"La radiofr\u00e9quence est une technique intramusculaire qui permet de r\u00e9duire consid\u00e9rablement le volume de la base de langue.\" \/>\n<meta name=\"robots\" content=\"index, follow, max-snippet:-1, max-image-preview:large, max-video-preview:-1\" \/>\n<link rel=\"canonical\" href=\"https:\/\/dormalab.com\/fr\/radiofrequence-de-la-langue\/\" \/>\n<meta property=\"og:locale\" content=\"fr_FR\" \/>\n<meta property=\"og:type\" content=\"article\" \/>\n<meta property=\"og:title\" content=\"Radiofr\u00e9quence de la Langue - Traitement de l&#039;apn\u00e9e du sommeil\" \/>\n<meta property=\"og:description\" content=\"La radiofr\u00e9quence est une technique intramusculaire qui permet de r\u00e9duire consid\u00e9rablement le volume de la base de langue.\" \/>\n<meta property=\"og:url\" content=\"https:\/\/dormalab.com\/fr\/radiofrequence-de-la-langue\/\" \/>\n<meta property=\"og:site_name\" content=\"Dorma Sleep Clinics\" \/>\n<meta property=\"article:modified_time\" content=\"2021-05-04T16:45:12+00:00\" \/>\n<meta name=\"twitter:card\" content=\"summary_large_image\" \/>\n<meta name=\"twitter:label1\" content=\"Dur\u00e9e de lecture estim\u00e9e\" \/>\n\t<meta name=\"twitter:data1\" content=\"2 minute\" \/>\n<script type=\"application\/ld+json\" class=\"yoast-schema-graph\">{\"@context\":\"https:\\\/\\\/schema.org\",\"@graph\":[{\"@type\":\"WebPage\",\"@id\":\"https:\\\/\\\/dormalab.com\\\/fr\\\/radiofrequence-de-la-langue\\\/\",\"url\":\"https:\\\/\\\/dormalab.com\\\/fr\\\/radiofrequence-de-la-langue\\\/\",\"name\":\"Radiofr\u00e9quence de la Langue - Traitement de l'apn\u00e9e du sommeil\",\"isPartOf\":{\"@id\":\"https:\\\/\\\/dormalab.com\\\/fr\\\/#website\"},\"datePublished\":\"2019-12-13T20:12:34+00:00\",\"dateModified\":\"2021-05-04T16:45:12+00:00\",\"description\":\"La radiofr\u00e9quence est une technique intramusculaire qui permet de r\u00e9duire consid\u00e9rablement le volume de la base de langue.\",\"breadcrumb\":{\"@id\":\"https:\\\/\\\/dormalab.com\\\/fr\\\/radiofrequence-de-la-langue\\\/#breadcrumb\"},\"inLanguage\":\"fr-FR\",\"potentialAction\":[{\"@type\":\"ReadAction\",\"target\":[\"https:\\\/\\\/dormalab.com\\\/fr\\\/radiofrequence-de-la-langue\\\/\"]}]},{\"@type\":\"BreadcrumbList\",\"@id\":\"https:\\\/\\\/dormalab.com\\\/fr\\\/radiofrequence-de-la-langue\\\/#breadcrumb\",\"itemListElement\":[{\"@type\":\"ListItem\",\"position\":1,\"name\":\"Home\",\"item\":\"https:\\\/\\\/dormalab.com\\\/fr\\\/\"},{\"@type\":\"ListItem\",\"position\":2,\"name\":\"Radiofr\u00e9quence de la Langue\"}]},{\"@type\":\"WebSite\",\"@id\":\"https:\\\/\\\/dormalab.com\\\/fr\\\/#website\",\"url\":\"https:\\\/\\\/dormalab.com\\\/fr\\\/\",\"name\":\"Dorma Sleep Clinics\",\"description\":\"Sleep Well Live Well\",\"publisher\":{\"@id\":\"https:\\\/\\\/dormalab.com\\\/fr\\\/#organization\"},\"potentialAction\":[{\"@type\":\"SearchAction\",\"target\":{\"@type\":\"EntryPoint\",\"urlTemplate\":\"https:\\\/\\\/dormalab.com\\\/fr\\\/?s={search_term_string}\"},\"query-input\":{\"@type\":\"PropertyValueSpecification\",\"valueRequired\":true,\"valueName\":\"search_term_string\"}}],\"inLanguage\":\"fr-FR\"},{\"@type\":\"Organization\",\"@id\":\"https:\\\/\\\/dormalab.com\\\/fr\\\/#organization\",\"name\":\"Dorma Clinique Du Sommeil\",\"url\":\"https:\\\/\\\/dormalab.com\\\/fr\\\/\",\"logo\":{\"@type\":\"ImageObject\",\"inLanguage\":\"fr-FR\",\"@id\":\"https:\\\/\\\/dormalab.com\\\/fr\\\/#\\\/schema\\\/logo\\\/image\\\/\",\"url\":\"https:\\\/\\\/dormalab.com\\\/wp-content\\\/uploads\\\/2019\\\/10\\\/Dorma-Logotype-RGB-Black-scaled-e1578787470924.png\",\"contentUrl\":\"https:\\\/\\\/dormalab.com\\\/wp-content\\\/uploads\\\/2019\\\/10\\\/Dorma-Logotype-RGB-Black-scaled-e1578787470924.png\",\"width\":120,\"height\":25,\"caption\":\"Dorma Clinique Du Sommeil\"},\"image\":{\"@id\":\"https:\\\/\\\/dormalab.com\\\/fr\\\/#\\\/schema\\\/logo\\\/image\\\/\"}}]}<\/script>\n<!-- \/ Yoast SEO plugin. -->","yoast_head_json":{"title":"Radiofr\u00e9quence de la Langue - Traitement de l'apn\u00e9e du sommeil","description":"La radiofr\u00e9quence est une technique intramusculaire qui permet de r\u00e9duire consid\u00e9rablement le volume de la base de langue.","robots":{"index":"index","follow":"follow","max-snippet":"max-snippet:-1","max-image-preview":"max-image-preview:large","max-video-preview":"max-video-preview:-1"},"canonical":"https:\/\/dormalab.com\/fr\/radiofrequence-de-la-langue\/","og_locale":"fr_FR","og_type":"article","og_title":"Radiofr\u00e9quence de la Langue - Traitement de l'apn\u00e9e du sommeil","og_description":"La radiofr\u00e9quence est une technique intramusculaire qui permet de r\u00e9duire consid\u00e9rablement le volume de la base de langue.","og_url":"https:\/\/dormalab.com\/fr\/radiofrequence-de-la-langue\/","og_site_name":"Dorma Sleep Clinics","article_modified_time":"2021-05-04T16:45:12+00:00","twitter_card":"summary_large_image","twitter_misc":{"Dur\u00e9e de lecture estim\u00e9e":"2 minute"},"schema":{"@context":"https:\/\/schema.org","@graph":[{"@type":"WebPage","@id":"https:\/\/dormalab.com\/fr\/radiofrequence-de-la-langue\/","url":"https:\/\/dormalab.com\/fr\/radiofrequence-de-la-langue\/","name":"Radiofr\u00e9quence de la Langue - Traitement de l'apn\u00e9e du sommeil","isPartOf":{"@id":"https:\/\/dormalab.com\/fr\/#website"},"datePublished":"2019-12-13T20:12:34+00:00","dateModified":"2021-05-04T16:45:12+00:00","description":"La radiofr\u00e9quence est une technique intramusculaire qui permet de r\u00e9duire consid\u00e9rablement le volume de la base de langue.","breadcrumb":{"@id":"https:\/\/dormalab.com\/fr\/radiofrequence-de-la-langue\/#breadcrumb"},"inLanguage":"fr-FR","potentialAction":[{"@type":"ReadAction","target":["https:\/\/dormalab.com\/fr\/radiofrequence-de-la-langue\/"]}]},{"@type":"BreadcrumbList","@id":"https:\/\/dormalab.com\/fr\/radiofrequence-de-la-langue\/#breadcrumb","itemListElement":[{"@type":"ListItem","position":1,"name":"Home","item":"https:\/\/dormalab.com\/fr\/"},{"@type":"ListItem","position":2,"name":"Radiofr\u00e9quence de la Langue"}]},{"@type":"WebSite","@id":"https:\/\/dormalab.com\/fr\/#website","url":"https:\/\/dormalab.com\/fr\/","name":"Dorma Sleep Clinics","description":"Sleep Well Live Well","publisher":{"@id":"https:\/\/dormalab.com\/fr\/#organization"},"potentialAction":[{"@type":"SearchAction","target":{"@type":"EntryPoint","urlTemplate":"https:\/\/dormalab.com\/fr\/?s={search_term_string}"},"query-input":{"@type":"PropertyValueSpecification","valueRequired":true,"valueName":"search_term_string"}}],"inLanguage":"fr-FR"},{"@type":"Organization","@id":"https:\/\/dormalab.com\/fr\/#organization","name":"Dorma Clinique Du Sommeil","url":"https:\/\/dormalab.com\/fr\/","logo":{"@type":"ImageObject","inLanguage":"fr-FR","@id":"https:\/\/dormalab.com\/fr\/#\/schema\/logo\/image\/","url":"https:\/\/dormalab.com\/wp-content\/uploads\/2019\/10\/Dorma-Logotype-RGB-Black-scaled-e1578787470924.png","contentUrl":"https:\/\/dormalab.com\/wp-content\/uploads\/2019\/10\/Dorma-Logotype-RGB-Black-scaled-e1578787470924.png","width":120,"height":25,"caption":"Dorma Clinique Du Sommeil"},"image":{"@id":"https:\/\/dormalab.com\/fr\/#\/schema\/logo\/image\/"}}]}},"_links":{"self":[{"href":"https:\/\/dormalab.com\/fr\/wp-json\/wp\/v2\/pages\/4218","targetHints":{"allow":["GET"]}}],"collection":[{"href":"https:\/\/dormalab.com\/fr\/wp-json\/wp\/v2\/pages"}],"about":[{"href":"https:\/\/dormalab.com\/fr\/wp-json\/wp\/v2\/types\/page"}],"author":[{"embeddable":true,"href":"https:\/\/dormalab.com\/fr\/wp-json\/wp\/v2\/users\/20"}],"replies":[{"embeddable":true,"href":"https:\/\/dormalab.com\/fr\/wp-json\/wp\/v2\/comments?post=4218"}],"version-history":[{"count":0,"href":"https:\/\/dormalab.com\/fr\/wp-json\/wp\/v2\/pages\/4218\/revisions"}],"wp:attachment":[{"href":"https:\/\/dormalab.com\/fr\/wp-json\/wp\/v2\/media?parent=4218"}],"curies":[{"name":"wp","href":"https:\/\/api.w.org\/{rel}","templated":true}]}}