{"id":4242,"date":"2019-12-13T15:36:48","date_gmt":"2019-12-13T20:36:48","guid":{"rendered":"https:\/\/dormalab.com\/palatal-radiofrequency\/"},"modified":"2024-11-26T21:12:50","modified_gmt":"2024-11-27T02:12:50","slug":"chirurgie-ronflement-apnee","status":"publish","type":"page","link":"https:\/\/dormalab.com\/fr\/chirurgie-ronflement-apnee\/","title":{"rendered":"Chirurgie du palais pour le ronflement"},"content":{"rendered":"\t\t<div data-elementor-type=\"wp-page\" data-elementor-id=\"4242\" class=\"elementor elementor-4242 elementor-4237\" data-elementor-post-type=\"page\">\n\t\t\t\t<div class=\"elementor-element elementor-element-2ea024e3 e-flex e-con-boxed e-con e-parent\" data-id=\"2ea024e3\" data-element_type=\"container\" data-e-type=\"container\">\n\t\t\t\t\t<div class=\"e-con-inner\">\n\t\t\t\t<div class=\"elementor-element elementor-element-1007aeda elementor-widget elementor-widget-text-editor\" data-id=\"1007aeda\" data-element_type=\"widget\" data-e-type=\"widget\" data-widget_type=\"text-editor.default\">\n\t\t\t\t<div class=\"elementor-widget-container\">\n\t\t\t\t\t\t\t\t\t<p>La radiofr\u00e9quence palatine est un traitement visant \u00e0 r\u00e9duire le ronflement simple et la r\u00e9sistance des voies respiratoires sup\u00e9rieures.<\/p>\n<p>Pendant la proc\u00e9dure, une petite aiguille est soigneusement ins\u00e9r\u00e9e dans le palais mou, \u00e9mettant des stimuli de radiofr\u00e9quence contr\u00f4l\u00e9s aux tissus environnants. Ce processus provoque le durcissement et la r\u00e9duction du volume des tissus, diminuant ainsi efficacement le ronflement. <\/p>\n<p>Cette proc\u00e9dure minimalement invasive est r\u00e9alis\u00e9e sous anesth\u00e9sie locale et s\u00e9dation dans un cadre de bureau. En g\u00e9n\u00e9ral, les patients ont besoin de 2 \u00e0 3 s\u00e9ances de traitement pour atteindre le r\u00e9sultat souhait\u00e9. <\/p>\n<p>Diviser la proc\u00e9dure en trois traitements mineurs aide \u00e0 r\u00e9duire les complications post-op\u00e9ratoires et permet au clinicien de surveiller et d&rsquo;ajuster en fonction de la r\u00e9ponse des tissus.<\/p>\n\t\t\t\t\t\t\t\t<\/div>\n\t\t\t\t<\/div>\n\t\t\t\t\t<\/div>\n\t\t\t\t<\/div>\n\t\t\t\t<\/div>\n\t\t","protected":false},"excerpt":{"rendered":"<p>La radiofr\u00e9quence palatine est un traitement visant \u00e0 r\u00e9duire le ronflement simple et la r\u00e9sistance des voies respiratoires sup\u00e9rieures. Pendant la proc\u00e9dure, une petite aiguille est soigneusement ins\u00e9r\u00e9e dans le palais mou, \u00e9mettant des stimuli de radiofr\u00e9quence contr\u00f4l\u00e9s aux tissus environnants. Ce processus provoque le durcissement et la r\u00e9duction du volume des tissus, diminuant ainsi &#8230; <a title=\"Chirurgie du palais pour le ronflement\" class=\"read-more\" href=\"https:\/\/dormalab.com\/fr\/chirurgie-ronflement-apnee\/\" aria-label=\"En savoir plus sur Chirurgie du palais pour le ronflement\">Lire la suite<\/a><\/p>\n","protected":false},"author":20,"featured_media":0,"parent":0,"menu_order":0,"comment_status":"closed","ping_status":"closed","template":"","meta":{"footnotes":""},"class_list":["post-4242","page","type-page","status-publish"],"yoast_head":"<!-- This site is optimized with the Yoast SEO plugin v27.4 - https:\/\/yoast.com\/product\/yoast-seo-wordpress\/ -->\n<title>Chirurgie du palais pour le ronflement - Clinique du sommeil Dorma - Arr\u00eatez de ronfler aujourd&#039;hui.<\/title>\n<meta name=\"description\" content=\"La chirurgie par radiofr\u00e9quence est indiqu\u00e9e pour traiter les patients souffrant de ronflement simple et de r\u00e9sistance des voies respiratoires sup\u00e9rieures.\" \/>\n<meta name=\"robots\" content=\"index, follow, max-snippet:-1, max-image-preview:large, max-video-preview:-1\" \/>\n<link rel=\"canonical\" href=\"https:\/\/dormalab.com\/fr\/chirurgie-ronflement-apnee\/\" \/>\n<meta property=\"og:locale\" content=\"fr_FR\" \/>\n<meta property=\"og:type\" content=\"article\" \/>\n<meta property=\"og:title\" content=\"Chirurgie du palais pour le ronflement - Clinique du sommeil Dorma - Arr\u00eatez de ronfler aujourd&#039;hui.\" \/>\n<meta property=\"og:description\" content=\"La chirurgie par radiofr\u00e9quence est indiqu\u00e9e pour traiter les patients souffrant de ronflement simple et de r\u00e9sistance des voies respiratoires sup\u00e9rieures.\" \/>\n<meta property=\"og:url\" content=\"https:\/\/dormalab.com\/fr\/chirurgie-ronflement-apnee\/\" \/>\n<meta property=\"og:site_name\" content=\"Dorma Sleep Clinics\" \/>\n<meta property=\"article:modified_time\" content=\"2024-11-27T02:12:50+00:00\" \/>\n<meta name=\"twitter:card\" content=\"summary_large_image\" \/>\n<meta name=\"twitter:label1\" content=\"Dur\u00e9e de lecture estim\u00e9e\" \/>\n\t<meta name=\"twitter:data1\" content=\"1 minute\" \/>\n<script type=\"application\/ld+json\" class=\"yoast-schema-graph\">{\"@context\":\"https:\\\/\\\/schema.org\",\"@graph\":[{\"@type\":\"WebPage\",\"@id\":\"https:\\\/\\\/dormalab.com\\\/fr\\\/chirurgie-ronflement-apnee\\\/\",\"url\":\"https:\\\/\\\/dormalab.com\\\/fr\\\/chirurgie-ronflement-apnee\\\/\",\"name\":\"Chirurgie du palais pour le ronflement - Clinique du sommeil Dorma - Arr\u00eatez de ronfler aujourd'hui.\",\"isPartOf\":{\"@id\":\"https:\\\/\\\/dormalab.com\\\/fr\\\/#website\"},\"datePublished\":\"2019-12-13T20:36:48+00:00\",\"dateModified\":\"2024-11-27T02:12:50+00:00\",\"description\":\"La chirurgie par radiofr\u00e9quence est indiqu\u00e9e pour traiter les patients souffrant de ronflement simple et de r\u00e9sistance des voies respiratoires sup\u00e9rieures.\",\"breadcrumb\":{\"@id\":\"https:\\\/\\\/dormalab.com\\\/fr\\\/chirurgie-ronflement-apnee\\\/#breadcrumb\"},\"inLanguage\":\"fr-FR\",\"potentialAction\":[{\"@type\":\"ReadAction\",\"target\":[\"https:\\\/\\\/dormalab.com\\\/fr\\\/chirurgie-ronflement-apnee\\\/\"]}]},{\"@type\":\"BreadcrumbList\",\"@id\":\"https:\\\/\\\/dormalab.com\\\/fr\\\/chirurgie-ronflement-apnee\\\/#breadcrumb\",\"itemListElement\":[{\"@type\":\"ListItem\",\"position\":1,\"name\":\"Home\",\"item\":\"https:\\\/\\\/dormalab.com\\\/fr\\\/\"},{\"@type\":\"ListItem\",\"position\":2,\"name\":\"Chirurgie du palais pour le ronflement\"}]},{\"@type\":\"WebSite\",\"@id\":\"https:\\\/\\\/dormalab.com\\\/fr\\\/#website\",\"url\":\"https:\\\/\\\/dormalab.com\\\/fr\\\/\",\"name\":\"Dorma Sleep Clinics\",\"description\":\"Sleep Well Live Well\",\"publisher\":{\"@id\":\"https:\\\/\\\/dormalab.com\\\/fr\\\/#organization\"},\"potentialAction\":[{\"@type\":\"SearchAction\",\"target\":{\"@type\":\"EntryPoint\",\"urlTemplate\":\"https:\\\/\\\/dormalab.com\\\/fr\\\/?s={search_term_string}\"},\"query-input\":{\"@type\":\"PropertyValueSpecification\",\"valueRequired\":true,\"valueName\":\"search_term_string\"}}],\"inLanguage\":\"fr-FR\"},{\"@type\":\"Organization\",\"@id\":\"https:\\\/\\\/dormalab.com\\\/fr\\\/#organization\",\"name\":\"Dorma Clinique Du Sommeil\",\"url\":\"https:\\\/\\\/dormalab.com\\\/fr\\\/\",\"logo\":{\"@type\":\"ImageObject\",\"inLanguage\":\"fr-FR\",\"@id\":\"https:\\\/\\\/dormalab.com\\\/fr\\\/#\\\/schema\\\/logo\\\/image\\\/\",\"url\":\"https:\\\/\\\/dormalab.com\\\/wp-content\\\/uploads\\\/2019\\\/10\\\/Dorma-Logotype-RGB-Black-scaled-e1578787470924.png\",\"contentUrl\":\"https:\\\/\\\/dormalab.com\\\/wp-content\\\/uploads\\\/2019\\\/10\\\/Dorma-Logotype-RGB-Black-scaled-e1578787470924.png\",\"width\":120,\"height\":25,\"caption\":\"Dorma Clinique Du Sommeil\"},\"image\":{\"@id\":\"https:\\\/\\\/dormalab.com\\\/fr\\\/#\\\/schema\\\/logo\\\/image\\\/\"}}]}<\/script>\n<!-- \/ Yoast SEO plugin. -->","yoast_head_json":{"title":"Chirurgie du palais pour le ronflement - Clinique du sommeil Dorma - Arr\u00eatez de ronfler aujourd'hui.","description":"La chirurgie par radiofr\u00e9quence est indiqu\u00e9e pour traiter les patients souffrant de ronflement simple et de r\u00e9sistance des voies respiratoires sup\u00e9rieures.","robots":{"index":"index","follow":"follow","max-snippet":"max-snippet:-1","max-image-preview":"max-image-preview:large","max-video-preview":"max-video-preview:-1"},"canonical":"https:\/\/dormalab.com\/fr\/chirurgie-ronflement-apnee\/","og_locale":"fr_FR","og_type":"article","og_title":"Chirurgie du palais pour le ronflement - Clinique du sommeil Dorma - Arr\u00eatez de ronfler aujourd'hui.","og_description":"La chirurgie par radiofr\u00e9quence est indiqu\u00e9e pour traiter les patients souffrant de ronflement simple et de r\u00e9sistance des voies respiratoires sup\u00e9rieures.","og_url":"https:\/\/dormalab.com\/fr\/chirurgie-ronflement-apnee\/","og_site_name":"Dorma Sleep Clinics","article_modified_time":"2024-11-27T02:12:50+00:00","twitter_card":"summary_large_image","twitter_misc":{"Dur\u00e9e de lecture estim\u00e9e":"1 minute"},"schema":{"@context":"https:\/\/schema.org","@graph":[{"@type":"WebPage","@id":"https:\/\/dormalab.com\/fr\/chirurgie-ronflement-apnee\/","url":"https:\/\/dormalab.com\/fr\/chirurgie-ronflement-apnee\/","name":"Chirurgie du palais pour le ronflement - Clinique du sommeil Dorma - Arr\u00eatez de ronfler aujourd'hui.","isPartOf":{"@id":"https:\/\/dormalab.com\/fr\/#website"},"datePublished":"2019-12-13T20:36:48+00:00","dateModified":"2024-11-27T02:12:50+00:00","description":"La chirurgie par radiofr\u00e9quence est indiqu\u00e9e pour traiter les patients souffrant de ronflement simple et de r\u00e9sistance des voies respiratoires sup\u00e9rieures.","breadcrumb":{"@id":"https:\/\/dormalab.com\/fr\/chirurgie-ronflement-apnee\/#breadcrumb"},"inLanguage":"fr-FR","potentialAction":[{"@type":"ReadAction","target":["https:\/\/dormalab.com\/fr\/chirurgie-ronflement-apnee\/"]}]},{"@type":"BreadcrumbList","@id":"https:\/\/dormalab.com\/fr\/chirurgie-ronflement-apnee\/#breadcrumb","itemListElement":[{"@type":"ListItem","position":1,"name":"Home","item":"https:\/\/dormalab.com\/fr\/"},{"@type":"ListItem","position":2,"name":"Chirurgie du palais pour le ronflement"}]},{"@type":"WebSite","@id":"https:\/\/dormalab.com\/fr\/#website","url":"https:\/\/dormalab.com\/fr\/","name":"Dorma Sleep Clinics","description":"Sleep Well Live Well","publisher":{"@id":"https:\/\/dormalab.com\/fr\/#organization"},"potentialAction":[{"@type":"SearchAction","target":{"@type":"EntryPoint","urlTemplate":"https:\/\/dormalab.com\/fr\/?s={search_term_string}"},"query-input":{"@type":"PropertyValueSpecification","valueRequired":true,"valueName":"search_term_string"}}],"inLanguage":"fr-FR"},{"@type":"Organization","@id":"https:\/\/dormalab.com\/fr\/#organization","name":"Dorma Clinique Du Sommeil","url":"https:\/\/dormalab.com\/fr\/","logo":{"@type":"ImageObject","inLanguage":"fr-FR","@id":"https:\/\/dormalab.com\/fr\/#\/schema\/logo\/image\/","url":"https:\/\/dormalab.com\/wp-content\/uploads\/2019\/10\/Dorma-Logotype-RGB-Black-scaled-e1578787470924.png","contentUrl":"https:\/\/dormalab.com\/wp-content\/uploads\/2019\/10\/Dorma-Logotype-RGB-Black-scaled-e1578787470924.png","width":120,"height":25,"caption":"Dorma Clinique Du Sommeil"},"image":{"@id":"https:\/\/dormalab.com\/fr\/#\/schema\/logo\/image\/"}}]}},"_links":{"self":[{"href":"https:\/\/dormalab.com\/fr\/wp-json\/wp\/v2\/pages\/4242","targetHints":{"allow":["GET"]}}],"collection":[{"href":"https:\/\/dormalab.com\/fr\/wp-json\/wp\/v2\/pages"}],"about":[{"href":"https:\/\/dormalab.com\/fr\/wp-json\/wp\/v2\/types\/page"}],"author":[{"embeddable":true,"href":"https:\/\/dormalab.com\/fr\/wp-json\/wp\/v2\/users\/20"}],"replies":[{"embeddable":true,"href":"https:\/\/dormalab.com\/fr\/wp-json\/wp\/v2\/comments?post=4242"}],"version-history":[{"count":0,"href":"https:\/\/dormalab.com\/fr\/wp-json\/wp\/v2\/pages\/4242\/revisions"}],"wp:attachment":[{"href":"https:\/\/dormalab.com\/fr\/wp-json\/wp\/v2\/media?parent=4242"}],"curies":[{"name":"wp","href":"https:\/\/api.w.org\/{rel}","templated":true}]}}