{"id":4267,"date":"2019-12-13T16:17:28","date_gmt":"2019-12-13T21:17:28","guid":{"rendered":"https:\/\/dormalab.com\/?page_id=4267"},"modified":"2020-03-13T22:40:44","modified_gmt":"2020-03-14T02:40:44","slug":"chirurgies-des-voies-aeriennes-superieures","status":"publish","type":"page","link":"https:\/\/dormalab.com\/fr\/chirurgies-des-voies-aeriennes-superieures\/","title":{"rendered":"Chirurgies des Voies A\u00e9riennes Sup\u00e9rieures"},"content":{"rendered":"<p>[vc_row][vc_column width=\u00a0\u00bb3\/12&Prime; el_class=\u00a0\u00bbpages-sidebar\u00a0\u00bb][vc_widget_sidebar sidebar_id=\u00a0\u00bbca-sidebar-9958&Prime;][contact-form-7 id=\u00a0\u00bb9906&Prime;][\/vc_column][vc_column width=\u00a0\u00bb9\/12&Prime; el_class=\u00a0\u00bbpages-contenu\u00a0\u00bb][vc_row_inner][vc_column_inner][vc_column_text]<\/p>\n<h1>Chirurgies des Voies A\u00e9riennes Sup\u00e9rieures<\/h1>\n<p>Si vous avez \u00e9t\u00e9\u00a0<strong>diagnostiqu\u00e9(e)\u00a0 avec une apn\u00e9e du sommeil ou que vous avez un probl\u00e8me de ronflement<\/strong> tr\u00e8s handicapant et que vous ayez ou non essay\u00e9 les autres solutions \u00e0 votre disposition (<a href=\"\/fr\/appareils-cpap\/\">Appareils CPAP<\/a>,\u00a0<a href=\"\/fr\/protheses-dentaires-pam-oam\/\">Orth\u00e8ses d\u2019Avanc\u00e9e mandibulaire<\/a>,\u00a0<a href=\"\/fr\/hygiene-du-sommeil\/\">solutions alternatives<\/a> etc\u2026) <strong>mais<\/strong> que vous recherchez une solution avec un minimum de contraintes au quotidien, la chirurgie est un bon choix.<\/p>\n<p>&nbsp;<\/p>\n<p>Bien s\u00fbr, votre cas devra \u00eatre \u00e9tudi\u00e9 par l\u2019un de nos sp\u00e9cialistes du sommeil pour v\u00e9rifier que vous \u00eates un(e) bon(ne) candidat(e) \u00e0 cette proc\u00e9dure.<\/p>\n<p>Si vous vous av\u00e9rez \u00eatre ce cas,\u00a0 il vous expliquera alors en d\u00e9tails les diff\u00e9rentes options possibles, parmi lesquelles nous avons :<\/p>\n<p>&nbsp;<\/p>\n<ul>\n<li><a href=\"\/fr\/radiofrequences-somnoplastie\/\">La Radiofr\u00e9quence &gt;&gt;<\/a><\/li>\n<li><a href=\"\/fr\/chirurgies-palatines\/\">Les Chirurgies du Palais &gt;&gt;<\/a><\/li>\n<li><a href=\"\/fr\/chirurgies-linguales\/\">Les Chirurgies de la Langue &gt;&gt;<\/a><\/li>\n<li><a href=\"\/fr\/chirurgies-nasales\/\">Les Chirurgies du Nez &gt;&gt;<\/a><\/li>\n<li><a href=\"\/fr\/chirurgies-maxillo-faciales\/\">Les Chirurgies Maxillo-Faciale \/ Orthognatiques &gt;&gt;<\/a><\/li>\n<\/ul>\n<p>[\/vc_column_text][vc_column_text]<\/p>\n<h3>Notre Approche : chirurgicale et mod\u00e9r\u00e9e.<\/h3>\n<p>Plusieurs patients se pr\u00e9sentant en consultation \u00e0 nos bureaux s\u2019attendent \u00e0 une intervention unique qui r\u00e9glera leur probl\u00e8me de ronflement ou d\u2019apn\u00e9e du sommeil.<\/p>\n<p>Souvent, une approche par \u00e9tape est pr\u00e9f\u00e9rable.<\/p>\n<p>Ce type d\u2019approche comporte quelques interventions plut\u00f4t mineures, au lieu d\u2019une seule majeure, ce qui permet d\u2019obtenir un meilleur r\u00e9sultat avec moins de complication et d\u2019effets secondaires.[\/vc_column_text][\/vc_column_inner][\/vc_row_inner][vc_row_inner content_placement=\u00a0\u00bbmiddle\u00a0\u00bb][vc_column_inner width=\u00a0\u00bb1\/3&Prime;][vc_single_image image=\u00a0\u00bb4279&Prime; img_size=\u00a0\u00bblarge\u00a0\u00bb alignment=\u00a0\u00bbcenter\u00a0\u00bb onclick=\u00a0\u00bblink_image\u00a0\u00bb el_class=\u00a0\u00bbsingle-img-pages\u00a0\u00bb][\/vc_column_inner][vc_column_inner width=\u00a0\u00bb2\/3&Prime;][vc_column_text]<\/p>\n<h3>Dans quels cas la chirurgie pourrait-elle vous \u00eatre conseill\u00e9e ?<\/h3>\n<h4>Dans les cas de Ronflements Sans Apn\u00e9e du sommeil :<\/h4>\n<p>Le ronflement est un sympt\u00f4me et le signe d\u2019une obstruction partielle des voies respiratoires. La correction du ronflement doit \u00eatre prise en consid\u00e9ration selon la pr\u00e9sence ou non d\u2019apn\u00e9e du sommeil.[\/vc_column_text][\/vc_column_inner][\/vc_row_inner][vc_row_inner content_placement=\u00a0\u00bbmiddle\u00a0\u00bb][vc_column_inner][vc_column_text]Plusieurs traitements efficaces contre le ronflement ne sont en effet <strong>pas efficaces pour traiter l\u2019apn\u00e9e du sommeil<\/strong>.[\/vc_column_text][vc_btn title=\u00a0\u00bbFaire d\u00e9pister l\u2019apn\u00e9e du Sommeil\u00a0\u00bb style=\u00a0\u00bbcustom\u00a0\u00bb custom_background=\u00a0\u00bb#c4a589&Prime; custom_text=\u00a0\u00bb#ffffff\u00a0\u00bb shape=\u00a0\u00bbsquare\u00a0\u00bb link=\u00a0\u00bburl:%2Ffr%2Fdepistage-apnee-du-sommeil%2F|||\u00a0\u00bb css=\u00a0\u00bb.vc_custom_1576272675895{margin-top: -15px !important;}\u00a0\u00bb][vc_column_text]Nous ne pourrons par contre proposer des solutions chirurgicales aux patients apn\u00e9iques mod\u00e9r\u00e9s et s\u00e9v\u00e8res que lorsque celles-ci sont jumel\u00e9es \u00e0 d\u2019autres mesures th\u00e9rapeutiques.[\/vc_column_text][vc_btn title=\u00a0\u00bbLes indices d\u2019apn\u00e9e du Sommeil (IAH)\u00a0\u00bb style=\u00a0\u00bbcustom\u00a0\u00bb custom_background=\u00a0\u00bb#c4a589&Prime; custom_text=\u00a0\u00bb#ffffff\u00a0\u00bb shape=\u00a0\u00bbsquare\u00a0\u00bb link=\u00a0\u00bburl:%2Ffr%2Findice-dapnee-du-sommeil-ahi-iah%2F|||\u00a0\u00bb css=\u00a0\u00bb.vc_custom_1576272200791{-top: -15px !important;}\u00a0\u00bb][vc_column_text]Il est donc important chez tous les patients ronfleurs de proc\u00e9der dans un premier temps \u00e0 <strong>une \u00e9tude de sommeil\u00a0 <\/strong>afin de d\u00e9terminer dans quelle cat\u00e9gorie les classser et si un syndrome d\u2019apn\u00e9e obstructive du sommeil est pr\u00e9sent ou non.[\/vc_column_text][vc_btn title=\u00a0\u00bbEn Savoir Plus sur les \u00e9tudes du sommeil &gt;&gt;\u00a0\u00bb style=\u00a0\u00bbcustom\u00a0\u00bb custom_background=\u00a0\u00bb#c4a589&Prime; custom_text=\u00a0\u00bb#ffffff\u00a0\u00bb shape=\u00a0\u00bbsquare\u00a0\u00bb link=\u00a0\u00bburl:%2Ffr%2Ftests-du-sommeil%2F|||\u00a0\u00bb css=\u00a0\u00bb.vc_custom_1576272211276{margin-top: -15px !important;}\u00a0\u00bb][\/vc_column_inner][\/vc_row_inner][vc_row_inner el_class=\u00a0\u00bbflex-col\u00a0\u00bb][vc_column_inner width=\u00a0\u00bb2\/3&Prime;][vc_column_text]<\/p>\n<h3>Les chirurgies dites du ronflement seront indiqu\u00e9es uniquement chez les patients atteints d\u2019apn\u00e9e obstructive l\u00e9g\u00e8re ou ne pr\u00e9sentant pas d\u2019apn\u00e9e.<\/h3>\n<p><strong>Plusieurs chirurgies sont possibles :<\/strong><\/p>\n<p>&nbsp;<\/p>\n<ul>\n<li><a href=\"\/fr\/amygdalectomie\/\">L\u2019ablation des amygdales &amp; le retrait d\u2019ad\u00e9no\u00efdes,<\/a><\/li>\n<li><a href=\"\/fr\/amenuisement-des-cornets\/\">L\u2019amenuisement de cornets,<\/a><\/li>\n<li><a href=\"\/fr\/septoplastie\/\">La correction d\u2019un septum nasal d\u00e9vi\u00e9<\/a><\/li>\n<li><a href=\"\/fr\/chirurgies-nasales\/\">La reconstruction des cartilages nasaux en cas de d\u00e9formation s\u00e9v\u00e8re.<\/a><\/li>\n<\/ul>\n<p>[\/vc_column_text][\/vc_column_inner][vc_column_inner width=\u00a0\u00bb1\/3&Prime;][vc_single_image image=\u00a0\u00bb4282&Prime; img_size=\u00a0\u00bblarge\u00a0\u00bb alignment=\u00a0\u00bbcenter\u00a0\u00bb onclick=\u00a0\u00bblink_image\u00a0\u00bb el_class=\u00a0\u00bbsingle-img-pages\u00a0\u00bb][\/vc_column_inner][\/vc_row_inner][vc_row_inner][vc_column_inner width=\u00a0\u00bb1\/3&Prime;][vc_single_image image=\u00a0\u00bb4284&Prime; img_size=\u00a0\u00bblarge\u00a0\u00bb alignment=\u00a0\u00bbcenter\u00a0\u00bb onclick=\u00a0\u00bblink_image\u00a0\u00bb el_class=\u00a0\u00bbsingle-img-pages\u00a0\u00bb][\/vc_column_inner][vc_column_inner width=\u00a0\u00bb2\/3&Prime;][vc_column_text]Les chirurgies majeures comme\u00a0<strong><a href=\"\/fr\/chirurgies-maxillo-faciales\/\">la chirurgie orthognatique<\/a><\/strong>\u00a0ont certainement un effet curatif sur le ronflement, mais sont utilis\u00e9es seulement dans les cas d\u2019apn\u00e9e mod\u00e9r\u00e9e ou s\u00e9v\u00e8re et que les traitements non chirurgicaux se sont av\u00e9r\u00e9s inefficaces.<\/p>\n<p>&nbsp;<\/p>\n<p><strong>En effet ces d\u2019interventions, bien que bien tol\u00e9r\u00e9es par les patients, sont jug\u00e9es trop agressives pour pallier \u00e0 un probl\u00e8me de ronflement simple.<\/strong><\/p>\n<p>&nbsp;<\/p>\n<p>Il ne faut pas perdre de vue que\u00a0<strong>le traitement chirurgical du ronflement<\/strong>,\u00a0 peu importe le type de chirurgie, aura de meilleures chances de succ\u00e8s lorsque les mesures conservatrices et sans chirurgie, seront utilis\u00e9es de fa\u00e7on simultan\u00e9es.<\/p>\n<p>&nbsp;<\/p>\n<p>A elles seules, ces mesures peuvent parfois r\u00e9soudre le probl\u00e8me ou du moins en partie. Parfois, il est impossible de corriger le ronflement de fa\u00e7on compl\u00e8te ou satisfaisante avec la chirurgie. Par cons\u00e9quent,\u00a0 d&rsquo;autres mesures non chirurgicales devront \u00eatre utilis\u00e9es afin d\u2019obtenir un r\u00e9sultat satisfaisant.[\/vc_column_text][\/vc_column_inner][\/vc_row_inner][vc_row_inner][vc_column_inner][vc_column_text]<\/p>\n<h3>Dans les cas d\u2019apn\u00e9e du sommeil diagnostiqu\u00e9es par une \u00e9tude du sommeil :<\/h3>\n<p>Une correction de l\u2019apn\u00e9e par chirurgie est possible dans la plupart des cas d\u2019apn\u00e9e du sommeil.<\/p>\n<p>Le choix de l&rsquo;une d&rsquo;entre elles va d\u00e9pendre de votre indice d\u2019apn\u00e9e d\u00e9termin\u00e9 par votre \u00e9tude du sommeil.<\/p>\n<p>&nbsp;<\/p>\n<p>Les chirurgies que nous pourrons pratiquer sont :<\/p>\n<p>&nbsp;<\/p>\n<ul>\n<li><a href=\"\/f\/la-tracheotomie\/\">La trach\u00e9otomie,<\/a><\/li>\n<li><a href=\"\/fr\/chirurgie-orthognatique-davancement-mandibulaire\/\">La chirurgie orthognatique,<\/a><\/li>\n<li><a href=\"\/fr\/uvulopalatopharyngoplastie-uppp\/\">L\u2019uvulopalatopharyngoplastie (UPPP),<\/a><\/li>\n<li><a href=\"\/fr\/uvulopalatoplastie\/\">L\u2019uvulopalatoplastie assist\u00e9e par laser ou radiofr\u00e9quences (LAUP)<\/a>,<\/li>\n<li><a href=\"\/fr\/chirurgies-linguales\/\">La r\u00e9duction de la langue par chirurgie<\/a>\u00a0ou par\u00a0<a href=\"https:\/\/dormalab.com\/radiofrequence-de-la-langue\/\">radiofr\u00e9quence<\/a>,<\/li>\n<li><a href=\"\/fr\/chirurgies-nasales\/\">La reconstruction des voies nasales,<\/a><\/li>\n<li><a href=\"\/fr\/amygdalectomie\/\">L\u2019ablation des amygdales et des ad\u00e9no\u00efdes.<\/a><\/li>\n<\/ul>\n<p>[\/vc_column_text][\/vc_column_inner][\/vc_row_inner][\/vc_column][\/vc_row][vc_row full_width=\u00a0\u00bbstretch_row_content_no_spaces\u00a0\u00bb el_class=\u00a0\u00bbwidget-footer\u00a0\u00bb][vc_column][vc_widget_sidebar sidebar_id=\u00a0\u00bb_footer_-_nous_joindre\u00a0\u00bb][\/vc_column][\/vc_row]<\/p>\n","protected":false},"excerpt":{"rendered":"<p>[vc_row][vc_column width=\u00a0\u00bb3\/12&Prime; el_class=\u00a0\u00bbpages-sidebar\u00a0\u00bb][vc_widget_sidebar sidebar_id=\u00a0\u00bbca-sidebar-9958&Prime;][contact-form-7 id=\u00a0\u00bb9906&Prime;][\/vc_column][vc_column width=\u00a0\u00bb9\/12&Prime; el_class=\u00a0\u00bbpages-contenu\u00a0\u00bb][vc_row_inner][vc_column_inner][vc_column_text] Chirurgies des Voies A\u00e9riennes Sup\u00e9rieures Si vous avez \u00e9t\u00e9\u00a0diagnostiqu\u00e9(e)\u00a0 avec une apn\u00e9e du sommeil ou que vous avez un probl\u00e8me de ronflement tr\u00e8s handicapant et que vous ayez ou non essay\u00e9 les autres solutions \u00e0 votre disposition (Appareils CPAP,\u00a0Orth\u00e8ses d\u2019Avanc\u00e9e mandibulaire,\u00a0solutions alternatives etc\u2026) mais que vous recherchez une &#8230; <a title=\"Chirurgies des Voies A\u00e9riennes Sup\u00e9rieures\" class=\"read-more\" href=\"https:\/\/dormalab.com\/fr\/chirurgies-des-voies-aeriennes-superieures\/\" aria-label=\"En savoir plus sur Chirurgies des Voies A\u00e9riennes Sup\u00e9rieures\">Lire la suite<\/a><\/p>\n","protected":false},"author":20,"featured_media":0,"parent":0,"menu_order":0,"comment_status":"closed","ping_status":"closed","template":"","meta":{"footnotes":""},"class_list":["post-4267","page","type-page","status-publish"],"yoast_head":"<!-- This site is optimized with the Yoast SEO plugin v27.3 - https:\/\/yoast.com\/product\/yoast-seo-wordpress\/ -->\n<title>Chirurgies Ronflement et Apn\u00e9e - Clinique du Sommeil<\/title>\n<meta name=\"description\" content=\"Les chirurgies dites du ronflement seront indiqu\u00e9es uniquement chez les patients atteints d\u2019apn\u00e9e obstructive l\u00e9g\u00e8re ou ne pr\u00e9sentant pas d\u2019apn\u00e9e.\" \/>\n<meta name=\"robots\" content=\"index, follow, max-snippet:-1, max-image-preview:large, max-video-preview:-1\" \/>\n<link rel=\"canonical\" href=\"https:\/\/dormalab.com\/fr\/chirurgies-des-voies-aeriennes-superieures\/\" \/>\n<meta property=\"og:locale\" content=\"fr_FR\" \/>\n<meta property=\"og:type\" content=\"article\" \/>\n<meta property=\"og:title\" content=\"Chirurgies Ronflement et Apn\u00e9e - Clinique du Sommeil\" \/>\n<meta property=\"og:description\" content=\"Les chirurgies dites du ronflement seront indiqu\u00e9es uniquement chez les patients atteints d\u2019apn\u00e9e obstructive l\u00e9g\u00e8re ou ne pr\u00e9sentant pas d\u2019apn\u00e9e.\" \/>\n<meta property=\"og:url\" content=\"https:\/\/dormalab.com\/fr\/chirurgies-des-voies-aeriennes-superieures\/\" \/>\n<meta property=\"og:site_name\" content=\"Dorma Sleep Clinics\" \/>\n<meta property=\"article:modified_time\" content=\"2020-03-14T02:40:44+00:00\" \/>\n<meta name=\"twitter:card\" content=\"summary_large_image\" \/>\n<meta name=\"twitter:label1\" content=\"Dur\u00e9e de lecture estim\u00e9e\" \/>\n\t<meta name=\"twitter:data1\" content=\"6 minute\" \/>\n<script type=\"application\/ld+json\" class=\"yoast-schema-graph\">{\"@context\":\"https:\\\/\\\/schema.org\",\"@graph\":[{\"@type\":\"WebPage\",\"@id\":\"https:\\\/\\\/dormalab.com\\\/fr\\\/chirurgies-des-voies-aeriennes-superieures\\\/\",\"url\":\"https:\\\/\\\/dormalab.com\\\/fr\\\/chirurgies-des-voies-aeriennes-superieures\\\/\",\"name\":\"Chirurgies Ronflement et Apn\u00e9e - Clinique du Sommeil\",\"isPartOf\":{\"@id\":\"https:\\\/\\\/dormalab.com\\\/fr\\\/#website\"},\"datePublished\":\"2019-12-13T21:17:28+00:00\",\"dateModified\":\"2020-03-14T02:40:44+00:00\",\"description\":\"Les chirurgies dites du ronflement seront indiqu\u00e9es uniquement chez les patients atteints d\u2019apn\u00e9e obstructive l\u00e9g\u00e8re ou ne pr\u00e9sentant pas d\u2019apn\u00e9e.\",\"breadcrumb\":{\"@id\":\"https:\\\/\\\/dormalab.com\\\/fr\\\/chirurgies-des-voies-aeriennes-superieures\\\/#breadcrumb\"},\"inLanguage\":\"fr-FR\",\"potentialAction\":[{\"@type\":\"ReadAction\",\"target\":[\"https:\\\/\\\/dormalab.com\\\/fr\\\/chirurgies-des-voies-aeriennes-superieures\\\/\"]}]},{\"@type\":\"BreadcrumbList\",\"@id\":\"https:\\\/\\\/dormalab.com\\\/fr\\\/chirurgies-des-voies-aeriennes-superieures\\\/#breadcrumb\",\"itemListElement\":[{\"@type\":\"ListItem\",\"position\":1,\"name\":\"Home\",\"item\":\"https:\\\/\\\/dormalab.com\\\/fr\\\/\"},{\"@type\":\"ListItem\",\"position\":2,\"name\":\"Chirurgies des Voies A\u00e9riennes Sup\u00e9rieures\"}]},{\"@type\":\"WebSite\",\"@id\":\"https:\\\/\\\/dormalab.com\\\/fr\\\/#website\",\"url\":\"https:\\\/\\\/dormalab.com\\\/fr\\\/\",\"name\":\"Dorma Sleep Clinics\",\"description\":\"Sleep Well Live Well\",\"publisher\":{\"@id\":\"https:\\\/\\\/dormalab.com\\\/fr\\\/#organization\"},\"potentialAction\":[{\"@type\":\"SearchAction\",\"target\":{\"@type\":\"EntryPoint\",\"urlTemplate\":\"https:\\\/\\\/dormalab.com\\\/fr\\\/?s={search_term_string}\"},\"query-input\":{\"@type\":\"PropertyValueSpecification\",\"valueRequired\":true,\"valueName\":\"search_term_string\"}}],\"inLanguage\":\"fr-FR\"},{\"@type\":\"Organization\",\"@id\":\"https:\\\/\\\/dormalab.com\\\/fr\\\/#organization\",\"name\":\"Dorma Clinique Du Sommeil\",\"url\":\"https:\\\/\\\/dormalab.com\\\/fr\\\/\",\"logo\":{\"@type\":\"ImageObject\",\"inLanguage\":\"fr-FR\",\"@id\":\"https:\\\/\\\/dormalab.com\\\/fr\\\/#\\\/schema\\\/logo\\\/image\\\/\",\"url\":\"https:\\\/\\\/dormalab.com\\\/wp-content\\\/uploads\\\/2019\\\/10\\\/Dorma-Logotype-RGB-Black-scaled-e1578787470924.png\",\"contentUrl\":\"https:\\\/\\\/dormalab.com\\\/wp-content\\\/uploads\\\/2019\\\/10\\\/Dorma-Logotype-RGB-Black-scaled-e1578787470924.png\",\"width\":120,\"height\":25,\"caption\":\"Dorma Clinique Du Sommeil\"},\"image\":{\"@id\":\"https:\\\/\\\/dormalab.com\\\/fr\\\/#\\\/schema\\\/logo\\\/image\\\/\"}}]}<\/script>\n<!-- \/ Yoast SEO plugin. -->","yoast_head_json":{"title":"Chirurgies Ronflement et Apn\u00e9e - Clinique du Sommeil","description":"Les chirurgies dites du ronflement seront indiqu\u00e9es uniquement chez les patients atteints d\u2019apn\u00e9e obstructive l\u00e9g\u00e8re ou ne pr\u00e9sentant pas d\u2019apn\u00e9e.","robots":{"index":"index","follow":"follow","max-snippet":"max-snippet:-1","max-image-preview":"max-image-preview:large","max-video-preview":"max-video-preview:-1"},"canonical":"https:\/\/dormalab.com\/fr\/chirurgies-des-voies-aeriennes-superieures\/","og_locale":"fr_FR","og_type":"article","og_title":"Chirurgies Ronflement et Apn\u00e9e - Clinique du Sommeil","og_description":"Les chirurgies dites du ronflement seront indiqu\u00e9es uniquement chez les patients atteints d\u2019apn\u00e9e obstructive l\u00e9g\u00e8re ou ne pr\u00e9sentant pas d\u2019apn\u00e9e.","og_url":"https:\/\/dormalab.com\/fr\/chirurgies-des-voies-aeriennes-superieures\/","og_site_name":"Dorma Sleep Clinics","article_modified_time":"2020-03-14T02:40:44+00:00","twitter_card":"summary_large_image","twitter_misc":{"Dur\u00e9e de lecture estim\u00e9e":"6 minute"},"schema":{"@context":"https:\/\/schema.org","@graph":[{"@type":"WebPage","@id":"https:\/\/dormalab.com\/fr\/chirurgies-des-voies-aeriennes-superieures\/","url":"https:\/\/dormalab.com\/fr\/chirurgies-des-voies-aeriennes-superieures\/","name":"Chirurgies Ronflement et Apn\u00e9e - Clinique du Sommeil","isPartOf":{"@id":"https:\/\/dormalab.com\/fr\/#website"},"datePublished":"2019-12-13T21:17:28+00:00","dateModified":"2020-03-14T02:40:44+00:00","description":"Les chirurgies dites du ronflement seront indiqu\u00e9es uniquement chez les patients atteints d\u2019apn\u00e9e obstructive l\u00e9g\u00e8re ou ne pr\u00e9sentant pas d\u2019apn\u00e9e.","breadcrumb":{"@id":"https:\/\/dormalab.com\/fr\/chirurgies-des-voies-aeriennes-superieures\/#breadcrumb"},"inLanguage":"fr-FR","potentialAction":[{"@type":"ReadAction","target":["https:\/\/dormalab.com\/fr\/chirurgies-des-voies-aeriennes-superieures\/"]}]},{"@type":"BreadcrumbList","@id":"https:\/\/dormalab.com\/fr\/chirurgies-des-voies-aeriennes-superieures\/#breadcrumb","itemListElement":[{"@type":"ListItem","position":1,"name":"Home","item":"https:\/\/dormalab.com\/fr\/"},{"@type":"ListItem","position":2,"name":"Chirurgies des Voies A\u00e9riennes Sup\u00e9rieures"}]},{"@type":"WebSite","@id":"https:\/\/dormalab.com\/fr\/#website","url":"https:\/\/dormalab.com\/fr\/","name":"Dorma Sleep Clinics","description":"Sleep Well Live Well","publisher":{"@id":"https:\/\/dormalab.com\/fr\/#organization"},"potentialAction":[{"@type":"SearchAction","target":{"@type":"EntryPoint","urlTemplate":"https:\/\/dormalab.com\/fr\/?s={search_term_string}"},"query-input":{"@type":"PropertyValueSpecification","valueRequired":true,"valueName":"search_term_string"}}],"inLanguage":"fr-FR"},{"@type":"Organization","@id":"https:\/\/dormalab.com\/fr\/#organization","name":"Dorma Clinique Du Sommeil","url":"https:\/\/dormalab.com\/fr\/","logo":{"@type":"ImageObject","inLanguage":"fr-FR","@id":"https:\/\/dormalab.com\/fr\/#\/schema\/logo\/image\/","url":"https:\/\/dormalab.com\/wp-content\/uploads\/2019\/10\/Dorma-Logotype-RGB-Black-scaled-e1578787470924.png","contentUrl":"https:\/\/dormalab.com\/wp-content\/uploads\/2019\/10\/Dorma-Logotype-RGB-Black-scaled-e1578787470924.png","width":120,"height":25,"caption":"Dorma Clinique Du Sommeil"},"image":{"@id":"https:\/\/dormalab.com\/fr\/#\/schema\/logo\/image\/"}}]}},"_links":{"self":[{"href":"https:\/\/dormalab.com\/fr\/wp-json\/wp\/v2\/pages\/4267","targetHints":{"allow":["GET"]}}],"collection":[{"href":"https:\/\/dormalab.com\/fr\/wp-json\/wp\/v2\/pages"}],"about":[{"href":"https:\/\/dormalab.com\/fr\/wp-json\/wp\/v2\/types\/page"}],"author":[{"embeddable":true,"href":"https:\/\/dormalab.com\/fr\/wp-json\/wp\/v2\/users\/20"}],"replies":[{"embeddable":true,"href":"https:\/\/dormalab.com\/fr\/wp-json\/wp\/v2\/comments?post=4267"}],"version-history":[{"count":0,"href":"https:\/\/dormalab.com\/fr\/wp-json\/wp\/v2\/pages\/4267\/revisions"}],"wp:attachment":[{"href":"https:\/\/dormalab.com\/fr\/wp-json\/wp\/v2\/media?parent=4267"}],"curies":[{"name":"wp","href":"https:\/\/api.w.org\/{rel}","templated":true}]}}