{"id":4431,"date":"2019-12-16T10:15:14","date_gmt":"2019-12-16T15:15:14","guid":{"rendered":"https:\/\/dormalab.com\/lingual-surgeries\/"},"modified":"2021-05-04T12:49:18","modified_gmt":"2021-05-04T16:49:18","slug":"chirurgies-linguales","status":"publish","type":"page","link":"https:\/\/dormalab.com\/fr\/chirurgies-linguales\/","title":{"rendered":"Chirurgies Linguales"},"content":{"rendered":"<p>[vc_row][vc_column width=\u00a0\u00bb3\/12&Prime; el_class=\u00a0\u00bbpages-sidebar\u00a0\u00bb][vc_widget_sidebar sidebar_id=\u00a0\u00bbca-sidebar-9958&Prime; el_class=\u00a0\u00bbsidebar\u00a0\u00bb][contact-form-7 id=\u00a0\u00bb10377&Prime;][\/vc_column][vc_column width=\u00a0\u00bb9\/12&Prime; el_class=\u00a0\u00bbpages-contenu\u00a0\u00bb][vc_row_inner][vc_column_inner][vc_column_text]<\/p>\n<h1>Lingual Surgeries<\/h1>\n<p>The area behind the tongue is a frequent zone of airway obstruction during sleep. This area is problematic in more than 60% of patients with obstructive <a href=\"https:\/\/dormalab.com\/obstructive-sleep-apnea\/\" data-internallinksmanager029f6b8e52c=\"2\" title=\"Obstructive sleep apnea\">sleep apnea<\/a> and many of the patients affected by snoring alone.<\/p>\n<p>&nbsp;<\/p>\n<p>While you are awake, the muscles of the throat and tongue are active and keep the airway open for breathing. These muscles loose their tonus during sleep allowing the tongue and other neighboring structures to fall back and obstruct airflow.<\/p>\n<p>&nbsp;<\/p>\n<p>Thorough clinical evaluation can determine if the lingual area is problematic and involved in the pathogenesis of sleep apnea or snoring. It is possible to determine in advance which patients will benefit the most from a lingual procedure.<\/p>\n<p>&nbsp;<\/p>\n<p>For more information on lingual procedures please consult the following pages:<\/p>\n<ul>\n<li><a href=\"\/genioglossus-advancement\/\">Genioglossus Advancement<\/a><\/li>\n<li><a href=\"\/lingual-radiofrequency\/\">Tongue Radiofrequency<\/a><\/li>\n<li><a href=\"\/median-glossectomy\/\">Median Glossectomy<\/a><\/li>\n<li><a href=\"\/lingual-tonsillectomy\/\">Lingual Tonsils Removal<\/a><\/li>\n<\/ul>\n<p>[\/vc_column_text][vc_single_image image=\u00a0\u00bb4428&Prime; img_size=\u00a0\u00bblarge\u00a0\u00bb alignment=\u00a0\u00bbcenter\u00a0\u00bb][\/vc_column_inner][\/vc_row_inner][\/vc_column][\/vc_row]<\/p>\n","protected":false},"excerpt":{"rendered":"<p>[vc_row][vc_column width=\u00a0\u00bb3\/12&Prime; el_class=\u00a0\u00bbpages-sidebar\u00a0\u00bb][vc_widget_sidebar sidebar_id=\u00a0\u00bbca-sidebar-9958&Prime; el_class=\u00a0\u00bbsidebar\u00a0\u00bb][contact-form-7 id=\u00a0\u00bb10377&Prime;][\/vc_column][vc_column width=\u00a0\u00bb9\/12&Prime; el_class=\u00a0\u00bbpages-contenu\u00a0\u00bb][vc_row_inner][vc_column_inner][vc_column_text] Lingual Surgeries The area behind the tongue is a frequent zone of airway obstruction during sleep. This area is problematic in more than 60% of patients with obstructive sleep apnea and many of the patients affected by snoring alone. &nbsp; While you are awake, the muscles of &#8230; <a title=\"Chirurgies Linguales\" class=\"read-more\" href=\"https:\/\/dormalab.com\/fr\/chirurgies-linguales\/\" aria-label=\"En savoir plus sur Chirurgies Linguales\">Lire la suite<\/a><\/p>\n","protected":false},"author":20,"featured_media":0,"parent":0,"menu_order":0,"comment_status":"closed","ping_status":"closed","template":"","meta":{"footnotes":""},"class_list":["post-4431","page","type-page","status-publish"],"yoast_head":"<!-- This site is optimized with the Yoast SEO plugin v27.3 - https:\/\/yoast.com\/product\/yoast-seo-wordpress\/ -->\n<title>Chirurgie linguale - Traitement pour l&#039;apn\u00e9e du sommeil - Dormalab<\/title>\n<meta name=\"description\" content=\"Chirurgie linguale - La zone situ\u00e9e derri\u00e8re la langue est une zone fr\u00e9quente d&#039;obstruction des voies respiratoires pendant le sommeil.\" \/>\n<meta name=\"robots\" content=\"index, follow, max-snippet:-1, max-image-preview:large, max-video-preview:-1\" \/>\n<link rel=\"canonical\" href=\"https:\/\/dormalab.com\/fr\/chirurgies-linguales\/\" \/>\n<meta property=\"og:locale\" content=\"fr_FR\" \/>\n<meta property=\"og:type\" content=\"article\" \/>\n<meta property=\"og:title\" content=\"Chirurgie linguale - Traitement pour l&#039;apn\u00e9e du sommeil - Dormalab\" \/>\n<meta property=\"og:description\" content=\"Chirurgie linguale - La zone situ\u00e9e derri\u00e8re la langue est une zone fr\u00e9quente d&#039;obstruction des voies respiratoires pendant le sommeil.\" \/>\n<meta property=\"og:url\" content=\"https:\/\/dormalab.com\/fr\/chirurgies-linguales\/\" \/>\n<meta property=\"og:site_name\" content=\"Dorma Sleep Clinics\" \/>\n<meta property=\"article:modified_time\" content=\"2021-05-04T16:49:18+00:00\" \/>\n<meta name=\"twitter:card\" content=\"summary_large_image\" \/>\n<meta name=\"twitter:label1\" content=\"Dur\u00e9e de lecture estim\u00e9e\" \/>\n\t<meta name=\"twitter:data1\" content=\"1 minute\" \/>\n<script type=\"application\/ld+json\" class=\"yoast-schema-graph\">{\"@context\":\"https:\\\/\\\/schema.org\",\"@graph\":[{\"@type\":\"WebPage\",\"@id\":\"https:\\\/\\\/dormalab.com\\\/fr\\\/chirurgies-linguales\\\/\",\"url\":\"https:\\\/\\\/dormalab.com\\\/fr\\\/chirurgies-linguales\\\/\",\"name\":\"Chirurgie linguale - Traitement pour l'apn\u00e9e du sommeil - Dormalab\",\"isPartOf\":{\"@id\":\"https:\\\/\\\/dormalab.com\\\/fr\\\/#website\"},\"datePublished\":\"2019-12-16T15:15:14+00:00\",\"dateModified\":\"2021-05-04T16:49:18+00:00\",\"description\":\"Chirurgie linguale - La zone situ\u00e9e derri\u00e8re la langue est une zone fr\u00e9quente d'obstruction des voies respiratoires pendant le sommeil.\",\"breadcrumb\":{\"@id\":\"https:\\\/\\\/dormalab.com\\\/fr\\\/chirurgies-linguales\\\/#breadcrumb\"},\"inLanguage\":\"fr-FR\",\"potentialAction\":[{\"@type\":\"ReadAction\",\"target\":[\"https:\\\/\\\/dormalab.com\\\/fr\\\/chirurgies-linguales\\\/\"]}]},{\"@type\":\"BreadcrumbList\",\"@id\":\"https:\\\/\\\/dormalab.com\\\/fr\\\/chirurgies-linguales\\\/#breadcrumb\",\"itemListElement\":[{\"@type\":\"ListItem\",\"position\":1,\"name\":\"Home\",\"item\":\"https:\\\/\\\/dormalab.com\\\/fr\\\/\"},{\"@type\":\"ListItem\",\"position\":2,\"name\":\"Chirurgies Linguales\"}]},{\"@type\":\"WebSite\",\"@id\":\"https:\\\/\\\/dormalab.com\\\/fr\\\/#website\",\"url\":\"https:\\\/\\\/dormalab.com\\\/fr\\\/\",\"name\":\"Dorma Sleep Clinics\",\"description\":\"Sleep Well Live Well\",\"publisher\":{\"@id\":\"https:\\\/\\\/dormalab.com\\\/fr\\\/#organization\"},\"potentialAction\":[{\"@type\":\"SearchAction\",\"target\":{\"@type\":\"EntryPoint\",\"urlTemplate\":\"https:\\\/\\\/dormalab.com\\\/fr\\\/?s={search_term_string}\"},\"query-input\":{\"@type\":\"PropertyValueSpecification\",\"valueRequired\":true,\"valueName\":\"search_term_string\"}}],\"inLanguage\":\"fr-FR\"},{\"@type\":\"Organization\",\"@id\":\"https:\\\/\\\/dormalab.com\\\/fr\\\/#organization\",\"name\":\"Dorma Clinique Du Sommeil\",\"url\":\"https:\\\/\\\/dormalab.com\\\/fr\\\/\",\"logo\":{\"@type\":\"ImageObject\",\"inLanguage\":\"fr-FR\",\"@id\":\"https:\\\/\\\/dormalab.com\\\/fr\\\/#\\\/schema\\\/logo\\\/image\\\/\",\"url\":\"https:\\\/\\\/dormalab.com\\\/wp-content\\\/uploads\\\/2019\\\/10\\\/Dorma-Logotype-RGB-Black-scaled-e1578787470924.png\",\"contentUrl\":\"https:\\\/\\\/dormalab.com\\\/wp-content\\\/uploads\\\/2019\\\/10\\\/Dorma-Logotype-RGB-Black-scaled-e1578787470924.png\",\"width\":120,\"height\":25,\"caption\":\"Dorma Clinique Du Sommeil\"},\"image\":{\"@id\":\"https:\\\/\\\/dormalab.com\\\/fr\\\/#\\\/schema\\\/logo\\\/image\\\/\"}}]}<\/script>\n<!-- \/ Yoast SEO plugin. -->","yoast_head_json":{"title":"Chirurgie linguale - Traitement pour l'apn\u00e9e du sommeil - Dormalab","description":"Chirurgie linguale - La zone situ\u00e9e derri\u00e8re la langue est une zone fr\u00e9quente d'obstruction des voies respiratoires pendant le sommeil.","robots":{"index":"index","follow":"follow","max-snippet":"max-snippet:-1","max-image-preview":"max-image-preview:large","max-video-preview":"max-video-preview:-1"},"canonical":"https:\/\/dormalab.com\/fr\/chirurgies-linguales\/","og_locale":"fr_FR","og_type":"article","og_title":"Chirurgie linguale - Traitement pour l'apn\u00e9e du sommeil - Dormalab","og_description":"Chirurgie linguale - La zone situ\u00e9e derri\u00e8re la langue est une zone fr\u00e9quente d'obstruction des voies respiratoires pendant le sommeil.","og_url":"https:\/\/dormalab.com\/fr\/chirurgies-linguales\/","og_site_name":"Dorma Sleep Clinics","article_modified_time":"2021-05-04T16:49:18+00:00","twitter_card":"summary_large_image","twitter_misc":{"Dur\u00e9e de lecture estim\u00e9e":"1 minute"},"schema":{"@context":"https:\/\/schema.org","@graph":[{"@type":"WebPage","@id":"https:\/\/dormalab.com\/fr\/chirurgies-linguales\/","url":"https:\/\/dormalab.com\/fr\/chirurgies-linguales\/","name":"Chirurgie linguale - Traitement pour l'apn\u00e9e du sommeil - Dormalab","isPartOf":{"@id":"https:\/\/dormalab.com\/fr\/#website"},"datePublished":"2019-12-16T15:15:14+00:00","dateModified":"2021-05-04T16:49:18+00:00","description":"Chirurgie linguale - La zone situ\u00e9e derri\u00e8re la langue est une zone fr\u00e9quente d'obstruction des voies respiratoires pendant le sommeil.","breadcrumb":{"@id":"https:\/\/dormalab.com\/fr\/chirurgies-linguales\/#breadcrumb"},"inLanguage":"fr-FR","potentialAction":[{"@type":"ReadAction","target":["https:\/\/dormalab.com\/fr\/chirurgies-linguales\/"]}]},{"@type":"BreadcrumbList","@id":"https:\/\/dormalab.com\/fr\/chirurgies-linguales\/#breadcrumb","itemListElement":[{"@type":"ListItem","position":1,"name":"Home","item":"https:\/\/dormalab.com\/fr\/"},{"@type":"ListItem","position":2,"name":"Chirurgies Linguales"}]},{"@type":"WebSite","@id":"https:\/\/dormalab.com\/fr\/#website","url":"https:\/\/dormalab.com\/fr\/","name":"Dorma Sleep Clinics","description":"Sleep Well Live Well","publisher":{"@id":"https:\/\/dormalab.com\/fr\/#organization"},"potentialAction":[{"@type":"SearchAction","target":{"@type":"EntryPoint","urlTemplate":"https:\/\/dormalab.com\/fr\/?s={search_term_string}"},"query-input":{"@type":"PropertyValueSpecification","valueRequired":true,"valueName":"search_term_string"}}],"inLanguage":"fr-FR"},{"@type":"Organization","@id":"https:\/\/dormalab.com\/fr\/#organization","name":"Dorma Clinique Du Sommeil","url":"https:\/\/dormalab.com\/fr\/","logo":{"@type":"ImageObject","inLanguage":"fr-FR","@id":"https:\/\/dormalab.com\/fr\/#\/schema\/logo\/image\/","url":"https:\/\/dormalab.com\/wp-content\/uploads\/2019\/10\/Dorma-Logotype-RGB-Black-scaled-e1578787470924.png","contentUrl":"https:\/\/dormalab.com\/wp-content\/uploads\/2019\/10\/Dorma-Logotype-RGB-Black-scaled-e1578787470924.png","width":120,"height":25,"caption":"Dorma Clinique Du Sommeil"},"image":{"@id":"https:\/\/dormalab.com\/fr\/#\/schema\/logo\/image\/"}}]}},"_links":{"self":[{"href":"https:\/\/dormalab.com\/fr\/wp-json\/wp\/v2\/pages\/4431","targetHints":{"allow":["GET"]}}],"collection":[{"href":"https:\/\/dormalab.com\/fr\/wp-json\/wp\/v2\/pages"}],"about":[{"href":"https:\/\/dormalab.com\/fr\/wp-json\/wp\/v2\/types\/page"}],"author":[{"embeddable":true,"href":"https:\/\/dormalab.com\/fr\/wp-json\/wp\/v2\/users\/20"}],"replies":[{"embeddable":true,"href":"https:\/\/dormalab.com\/fr\/wp-json\/wp\/v2\/comments?post=4431"}],"version-history":[{"count":0,"href":"https:\/\/dormalab.com\/fr\/wp-json\/wp\/v2\/pages\/4431\/revisions"}],"wp:attachment":[{"href":"https:\/\/dormalab.com\/fr\/wp-json\/wp\/v2\/media?parent=4431"}],"curies":[{"name":"wp","href":"https:\/\/api.w.org\/{rel}","templated":true}]}}