{"id":4443,"date":"2019-12-16T10:44:09","date_gmt":"2019-12-16T15:44:09","guid":{"rendered":"https:\/\/dormalab.com\/?page_id=4443"},"modified":"2021-05-04T16:48:26","modified_gmt":"2021-05-04T20:48:26","slug":"chirurgies-nasales","status":"publish","type":"page","link":"https:\/\/dormalab.com\/fr\/chirurgies-nasales\/","title":{"rendered":"Chirurgies Nasales"},"content":{"rendered":"<p>[vc_row][vc_column width=\u00a0\u00bb2\/3&Prime; el_class=\u00a0\u00bbpages-contenu\u00a0\u00bb][vc_row_inner][vc_column_inner][vc_column_text]<\/p>\n<h1>Chirurgies Nasales<\/h1>\n<p>Pendant la journ\u00e9e ou la nuit, une obstruction du nez peut interf\u00e9rer avec la respiration nasale et pourrait jouer un r\u00f4le important dans le Ronflement et l\u2019Apn\u00e9e du Sommeil.<\/p>\n<p>&nbsp;<\/p>\n<p>Les sympt\u00f4mes de ces deux conditions en question peuvent donc \u00eatre am\u00e9lior\u00e9s par le soulagement de l\u2019obstruction nasale. Cette intervention aidera certains patients \u00e0 mieux tol\u00e9rer la th\u00e9rapie par pression positive <a href=\"\/fr\/appareils-cpap\/\">(CPAP)<\/a>.<\/p>\n<p>&nbsp;<\/p>\n<p>Le traitement m\u00e9dical de l\u2019obstruction nasale peut se faire par l\u2019utilisation de solution saline, de corticost\u00e9ro\u00efdes topiques et d\u2019antihistaminiques en vaporisateur.<\/p>\n<p>&nbsp;<\/p>\n<p>Les m\u00e9dicaments de ces classes existent \u00e9galement sous forme orale.<\/p>\n<p>Les dilatateurs nasaux, comme les bandelettes nasales Breathe Right\u00ae, sont une option non chirurgicale et aide cependant certains patients \u00e0 mieux respirer.<\/p>\n<p>&nbsp;<\/p>\n<p>Si le traitement m\u00e9dical et les bandelettes ne s\u2019av\u00e8rent pas suffisantes pour d\u00e9sobstruer les voies nasales, une intervention chirurgicale peut am\u00e9liorer le flot a\u00e9rien.<\/p>\n<p>&nbsp;<\/p>\n<p>Une seule chirurgie peut \u00eatre envisag\u00e9e, ou en combinaison avec un traitement m\u00e9dical.<\/p>\n<p>Parmi les interventions chirurgicales les plus fr\u00e9quentes, on retrouve l\u2019amenuisement des cornets inf\u00e9rieurs, la septoplastie, la rhinoplastie et la chirurgie de la valve nasale.<\/p>\n<p>&nbsp;<\/p>\n<p>Pour plus d\u2019informations sur les diff\u00e9rentes chirurgies nasales offertes \u00e0 notre clinique, nous vous invitons \u00e0 consulter les pages suivantes:[\/vc_column_text][vc_btn title=\u00a0\u00bbEn Savoir plus sur la Septoplastie\u00a0\u00bb style=\u00a0\u00bbcustom\u00a0\u00bb custom_background=\u00a0\u00bb#c4a589&Prime; custom_text=\u00a0\u00bb#ffffff\u00a0\u00bb shape=\u00a0\u00bbsquare\u00a0\u00bb link=\u00a0\u00bburl:%2Ffr%2Fseptoplastie%2F|||\u00a0\u00bb css=\u00a0\u00bb.vc_custom_1576511153215{margin-top: -15px !important;margin-right: 25px !important;}\u00a0\u00bb][vc_btn title=\u00a0\u00bbEn Savoir plus sur l\u2019Amenuisement des cornets\u00a0\u00bb style=\u00a0\u00bbcustom\u00a0\u00bb custom_background=\u00a0\u00bb#c4a589&Prime; custom_text=\u00a0\u00bb#ffffff\u00a0\u00bb shape=\u00a0\u00bbsquare\u00a0\u00bb link=\u00a0\u00bburl:%2Ffr%2Famenuisement-des-cornets%2F|||\u00a0\u00bb css=\u00a0\u00bb.vc_custom_1576510970227{margin-top: -15px !important;}\u00a0\u00bb][\/vc_column_inner][\/vc_row_inner][vc_row_inner css=\u00a0\u00bb.vc_custom_1576511435571{margin-top: 15px !important;}\u00a0\u00bb][vc_column_inner width=\u00a0\u00bb2\/3&Prime;][vc_single_image image=\u00a0\u00bb4450&Prime; img_size=\u00a0\u00bblarge\u00a0\u00bb onclick=\u00a0\u00bblink_image\u00a0\u00bb el_class=\u00a0\u00bbsingle-img-pages\u00a0\u00bb][\/vc_column_inner][vc_column_inner width=\u00a0\u00bb1\/3&Prime;][\/vc_column_inner][\/vc_row_inner][\/vc_column][vc_column width=\u00a0\u00bb1\/3&Prime; el_class=\u00a0\u00bbpages-sidebar\u00a0\u00bb][vc_cta h2=\u00a0\u00bbRonflement, Apn\u00e9e. Parlez-en \u00e0 un de nos sp\u00e9cialistes\u00a0\u00bb add_button=\u00a0\u00bbtop\u00a0\u00bb btn_title=\u00a0\u00bbNous Joindre\u00a0\u00bb btn_link=\u00a0\u00bburl:https%3A%2F%2Fdormalab.com%2Ffr%2Fnous-joindre%2F|title:Nous%20Joindre||\u00a0\u00bb btn_el_class=\u00a0\u00bbvarious iframe\u00a0\u00bb el_class=\u00a0\u00bbwpb_wrapper\u00a0\u00bb]Planifiez une rencontre en personne ou t\u00e9l\u00e9phonique avec un de nos professionnels de la sant\u00e9.[\/vc_cta][contact-form-7 id=\u00a0\u00bb9906&Prime;][\/vc_column][\/vc_row]<\/p>\n","protected":false},"excerpt":{"rendered":"<p>[vc_row][vc_column width=\u00a0\u00bb2\/3&Prime; el_class=\u00a0\u00bbpages-contenu\u00a0\u00bb][vc_row_inner][vc_column_inner][vc_column_text] Chirurgies Nasales Pendant la journ\u00e9e ou la nuit, une obstruction du nez peut interf\u00e9rer avec la respiration nasale et pourrait jouer un r\u00f4le important dans le Ronflement et l\u2019Apn\u00e9e du Sommeil. &nbsp; Les sympt\u00f4mes de ces deux conditions en question peuvent donc \u00eatre am\u00e9lior\u00e9s par le soulagement de l\u2019obstruction nasale. Cette intervention &#8230; <a title=\"Chirurgies Nasales\" class=\"read-more\" href=\"https:\/\/dormalab.com\/fr\/chirurgies-nasales\/\" aria-label=\"En savoir plus sur Chirurgies Nasales\">Lire la suite<\/a><\/p>\n","protected":false},"author":20,"featured_media":0,"parent":0,"menu_order":0,"comment_status":"closed","ping_status":"closed","template":"","meta":{"footnotes":""},"class_list":["post-4443","page","type-page","status-publish"],"yoast_head":"<!-- This site is optimized with the Yoast SEO plugin v27.3 - https:\/\/yoast.com\/product\/yoast-seo-wordpress\/ -->\n<title>Chirurgies Nasales - Clinique du sommeil - Dormalab<\/title>\n<meta name=\"description\" content=\"Chirurgies Nasales : une obstruction nasale peut interf\u00e9rer avec la respiration et causer les ronflements et l\u2019apn\u00e9e du sommeil.\" \/>\n<meta name=\"robots\" content=\"index, follow, max-snippet:-1, max-image-preview:large, max-video-preview:-1\" \/>\n<link rel=\"canonical\" href=\"https:\/\/dormalab.com\/fr\/chirurgies-nasales\/\" \/>\n<meta property=\"og:locale\" content=\"fr_FR\" \/>\n<meta property=\"og:type\" content=\"article\" \/>\n<meta property=\"og:title\" content=\"Chirurgies Nasales - Clinique du sommeil - Dormalab\" \/>\n<meta property=\"og:description\" content=\"Chirurgies Nasales : une obstruction nasale peut interf\u00e9rer avec la respiration et causer les ronflements et l\u2019apn\u00e9e du sommeil.\" \/>\n<meta property=\"og:url\" content=\"https:\/\/dormalab.com\/fr\/chirurgies-nasales\/\" \/>\n<meta property=\"og:site_name\" content=\"Dorma Sleep Clinics\" \/>\n<meta property=\"article:modified_time\" content=\"2021-05-04T20:48:26+00:00\" \/>\n<meta name=\"twitter:card\" content=\"summary_large_image\" \/>\n<meta name=\"twitter:label1\" content=\"Dur\u00e9e de lecture estim\u00e9e\" \/>\n\t<meta name=\"twitter:data1\" content=\"2 minute\" \/>\n<script type=\"application\/ld+json\" class=\"yoast-schema-graph\">{\"@context\":\"https:\\\/\\\/schema.org\",\"@graph\":[{\"@type\":\"WebPage\",\"@id\":\"https:\\\/\\\/dormalab.com\\\/fr\\\/chirurgies-nasales\\\/\",\"url\":\"https:\\\/\\\/dormalab.com\\\/fr\\\/chirurgies-nasales\\\/\",\"name\":\"Chirurgies Nasales - Clinique du sommeil - Dormalab\",\"isPartOf\":{\"@id\":\"https:\\\/\\\/dormalab.com\\\/fr\\\/#website\"},\"datePublished\":\"2019-12-16T15:44:09+00:00\",\"dateModified\":\"2021-05-04T20:48:26+00:00\",\"description\":\"Chirurgies Nasales : une obstruction nasale peut interf\u00e9rer avec la respiration et causer les ronflements et l\u2019apn\u00e9e du sommeil.\",\"breadcrumb\":{\"@id\":\"https:\\\/\\\/dormalab.com\\\/fr\\\/chirurgies-nasales\\\/#breadcrumb\"},\"inLanguage\":\"fr-FR\",\"potentialAction\":[{\"@type\":\"ReadAction\",\"target\":[\"https:\\\/\\\/dormalab.com\\\/fr\\\/chirurgies-nasales\\\/\"]}]},{\"@type\":\"BreadcrumbList\",\"@id\":\"https:\\\/\\\/dormalab.com\\\/fr\\\/chirurgies-nasales\\\/#breadcrumb\",\"itemListElement\":[{\"@type\":\"ListItem\",\"position\":1,\"name\":\"Home\",\"item\":\"https:\\\/\\\/dormalab.com\\\/fr\\\/\"},{\"@type\":\"ListItem\",\"position\":2,\"name\":\"Chirurgies Nasales\"}]},{\"@type\":\"WebSite\",\"@id\":\"https:\\\/\\\/dormalab.com\\\/fr\\\/#website\",\"url\":\"https:\\\/\\\/dormalab.com\\\/fr\\\/\",\"name\":\"Dorma Sleep Clinics\",\"description\":\"Sleep Well Live Well\",\"publisher\":{\"@id\":\"https:\\\/\\\/dormalab.com\\\/fr\\\/#organization\"},\"potentialAction\":[{\"@type\":\"SearchAction\",\"target\":{\"@type\":\"EntryPoint\",\"urlTemplate\":\"https:\\\/\\\/dormalab.com\\\/fr\\\/?s={search_term_string}\"},\"query-input\":{\"@type\":\"PropertyValueSpecification\",\"valueRequired\":true,\"valueName\":\"search_term_string\"}}],\"inLanguage\":\"fr-FR\"},{\"@type\":\"Organization\",\"@id\":\"https:\\\/\\\/dormalab.com\\\/fr\\\/#organization\",\"name\":\"Dorma Clinique Du Sommeil\",\"url\":\"https:\\\/\\\/dormalab.com\\\/fr\\\/\",\"logo\":{\"@type\":\"ImageObject\",\"inLanguage\":\"fr-FR\",\"@id\":\"https:\\\/\\\/dormalab.com\\\/fr\\\/#\\\/schema\\\/logo\\\/image\\\/\",\"url\":\"https:\\\/\\\/dormalab.com\\\/wp-content\\\/uploads\\\/2019\\\/10\\\/Dorma-Logotype-RGB-Black-scaled-e1578787470924.png\",\"contentUrl\":\"https:\\\/\\\/dormalab.com\\\/wp-content\\\/uploads\\\/2019\\\/10\\\/Dorma-Logotype-RGB-Black-scaled-e1578787470924.png\",\"width\":120,\"height\":25,\"caption\":\"Dorma Clinique Du Sommeil\"},\"image\":{\"@id\":\"https:\\\/\\\/dormalab.com\\\/fr\\\/#\\\/schema\\\/logo\\\/image\\\/\"}}]}<\/script>\n<!-- \/ Yoast SEO plugin. -->","yoast_head_json":{"title":"Chirurgies Nasales - Clinique du sommeil - Dormalab","description":"Chirurgies Nasales : une obstruction nasale peut interf\u00e9rer avec la respiration et causer les ronflements et l\u2019apn\u00e9e du sommeil.","robots":{"index":"index","follow":"follow","max-snippet":"max-snippet:-1","max-image-preview":"max-image-preview:large","max-video-preview":"max-video-preview:-1"},"canonical":"https:\/\/dormalab.com\/fr\/chirurgies-nasales\/","og_locale":"fr_FR","og_type":"article","og_title":"Chirurgies Nasales - Clinique du sommeil - Dormalab","og_description":"Chirurgies Nasales : une obstruction nasale peut interf\u00e9rer avec la respiration et causer les ronflements et l\u2019apn\u00e9e du sommeil.","og_url":"https:\/\/dormalab.com\/fr\/chirurgies-nasales\/","og_site_name":"Dorma Sleep Clinics","article_modified_time":"2021-05-04T20:48:26+00:00","twitter_card":"summary_large_image","twitter_misc":{"Dur\u00e9e de lecture estim\u00e9e":"2 minute"},"schema":{"@context":"https:\/\/schema.org","@graph":[{"@type":"WebPage","@id":"https:\/\/dormalab.com\/fr\/chirurgies-nasales\/","url":"https:\/\/dormalab.com\/fr\/chirurgies-nasales\/","name":"Chirurgies Nasales - Clinique du sommeil - Dormalab","isPartOf":{"@id":"https:\/\/dormalab.com\/fr\/#website"},"datePublished":"2019-12-16T15:44:09+00:00","dateModified":"2021-05-04T20:48:26+00:00","description":"Chirurgies Nasales : une obstruction nasale peut interf\u00e9rer avec la respiration et causer les ronflements et l\u2019apn\u00e9e du sommeil.","breadcrumb":{"@id":"https:\/\/dormalab.com\/fr\/chirurgies-nasales\/#breadcrumb"},"inLanguage":"fr-FR","potentialAction":[{"@type":"ReadAction","target":["https:\/\/dormalab.com\/fr\/chirurgies-nasales\/"]}]},{"@type":"BreadcrumbList","@id":"https:\/\/dormalab.com\/fr\/chirurgies-nasales\/#breadcrumb","itemListElement":[{"@type":"ListItem","position":1,"name":"Home","item":"https:\/\/dormalab.com\/fr\/"},{"@type":"ListItem","position":2,"name":"Chirurgies Nasales"}]},{"@type":"WebSite","@id":"https:\/\/dormalab.com\/fr\/#website","url":"https:\/\/dormalab.com\/fr\/","name":"Dorma Sleep Clinics","description":"Sleep Well Live Well","publisher":{"@id":"https:\/\/dormalab.com\/fr\/#organization"},"potentialAction":[{"@type":"SearchAction","target":{"@type":"EntryPoint","urlTemplate":"https:\/\/dormalab.com\/fr\/?s={search_term_string}"},"query-input":{"@type":"PropertyValueSpecification","valueRequired":true,"valueName":"search_term_string"}}],"inLanguage":"fr-FR"},{"@type":"Organization","@id":"https:\/\/dormalab.com\/fr\/#organization","name":"Dorma Clinique Du Sommeil","url":"https:\/\/dormalab.com\/fr\/","logo":{"@type":"ImageObject","inLanguage":"fr-FR","@id":"https:\/\/dormalab.com\/fr\/#\/schema\/logo\/image\/","url":"https:\/\/dormalab.com\/wp-content\/uploads\/2019\/10\/Dorma-Logotype-RGB-Black-scaled-e1578787470924.png","contentUrl":"https:\/\/dormalab.com\/wp-content\/uploads\/2019\/10\/Dorma-Logotype-RGB-Black-scaled-e1578787470924.png","width":120,"height":25,"caption":"Dorma Clinique Du Sommeil"},"image":{"@id":"https:\/\/dormalab.com\/fr\/#\/schema\/logo\/image\/"}}]}},"_links":{"self":[{"href":"https:\/\/dormalab.com\/fr\/wp-json\/wp\/v2\/pages\/4443","targetHints":{"allow":["GET"]}}],"collection":[{"href":"https:\/\/dormalab.com\/fr\/wp-json\/wp\/v2\/pages"}],"about":[{"href":"https:\/\/dormalab.com\/fr\/wp-json\/wp\/v2\/types\/page"}],"author":[{"embeddable":true,"href":"https:\/\/dormalab.com\/fr\/wp-json\/wp\/v2\/users\/20"}],"replies":[{"embeddable":true,"href":"https:\/\/dormalab.com\/fr\/wp-json\/wp\/v2\/comments?post=4443"}],"version-history":[{"count":0,"href":"https:\/\/dormalab.com\/fr\/wp-json\/wp\/v2\/pages\/4443\/revisions"}],"wp:attachment":[{"href":"https:\/\/dormalab.com\/fr\/wp-json\/wp\/v2\/media?parent=4443"}],"curies":[{"name":"wp","href":"https:\/\/api.w.org\/{rel}","templated":true}]}}