{"id":4499,"date":"2019-12-16T11:19:28","date_gmt":"2019-12-16T16:19:28","guid":{"rendered":"https:\/\/dormalab.com\/?page_id=4499"},"modified":"2021-05-04T16:58:15","modified_gmt":"2021-05-04T20:58:15","slug":"chirurgies-palatines","status":"publish","type":"page","link":"https:\/\/dormalab.com\/fr\/chirurgies-palatines\/","title":{"rendered":"Chirurgies Palatines"},"content":{"rendered":"<p>[vc_row][vc_column width=\u00a0\u00bb3\/12&Prime; el_class=\u00a0\u00bbpages-sidebar\u00a0\u00bb][vc_widget_sidebar sidebar_id=\u00a0\u00bbca-sidebar-9958&Prime; el_class=\u00a0\u00bbsidebar\u00a0\u00bb][contact-form-7 id=\u00a0\u00bb9906&Prime;][\/vc_column][vc_column width=\u00a0\u00bb9\/12&Prime; el_class=\u00a0\u00bbpages-contenu\u00a0\u00bb][vc_row_inner][vc_column_inner][vc_column_text]<\/p>\n<h1>Chirurgies Palatines<\/h1>\n<p>Les palais mous, comme les amygdales palatines, jouent un r\u00f4le important dans le d\u00e9veloppement de l\u2019apn\u00e9e du sommeil et du ronflement.<\/p>\n<p>&nbsp;<\/p>\n<p>Il\u00a0 existe plusieurs chirurgies palatines diff\u00e9rentes.<\/p>\n<p>Les proc\u00e9dures habituelles comme la radiofr\u00e9quence et les implants palatins peuvent \u00eatre r\u00e9alis\u00e9es en bureau, sous anesth\u00e9sie locale avec ou sans s\u00e9dation intraveineuse.<\/p>\n<p>Ce sont les chirurgies les plus courantes.<\/p>\n<p>&nbsp;<\/p>\n<p>D\u2019autres interventions comme\u00a0<a href=\"\/fr\/uvulopalatopharyngoplastie-uppp\/\">l\u2019uvulopharyngoplastie<\/a>\u00a0et la pharyngoplastie peuvent n\u00e9cessiter une anesth\u00e9sie g\u00e9n\u00e9rale.<\/p>\n<p>&nbsp;<\/p>\n<p>Il n\u2019existe pas de technique sup\u00e9rieure \u00e0 une autre. Cela d\u00e9pend de la situation clinique et de l\u2019anatomie de chaque patient(e). Les r\u00e9sultats sont variables. Ils d\u00e9pendent surtout des diff\u00e9rentes caract\u00e9ristiques de structures du palais, de la langue et de la gorge.<\/p>\n<p>&nbsp;<\/p>\n<p>Pour plus d\u2019information sur les chirurgies palatines, veuillez consulter les pages suivantes:[\/vc_column_text][vc_btn title=\u00a0\u00bbRadiofr\u00e9quence du Palais\u00a0\u00bb style=\u00a0\u00bbcustom\u00a0\u00bb custom_background=\u00a0\u00bb#c4a589&Prime; custom_text=\u00a0\u00bb#ffffff\u00a0\u00bb shape=\u00a0\u00bbsquare\u00a0\u00bb link=\u00a0\u00bburl:%2Ffr%2Fradiofrequence-du-palais%2F|||\u00a0\u00bb css=\u00a0\u00bb.vc_custom_1576513376395{margin-top: -15px !important;margin-right: 25px !important;}\u00a0\u00bb][vc_btn title=\u00a0\u00bbUvulopalatoplastie par Coblation (CAUP)\u00a0\u00bb style=\u00a0\u00bbcustom\u00a0\u00bb custom_background=\u00a0\u00bb#c4a589&Prime; custom_text=\u00a0\u00bb#ffffff\u00a0\u00bb shape=\u00a0\u00bbsquare\u00a0\u00bb link=\u00a0\u00bburl:%2Ffr%2Fuvulopalatoplastie%2F|||\u00a0\u00bb css=\u00a0\u00bb.vc_custom_1579060867972{margin-top: -15px !important;}\u00a0\u00bb][\/vc_column_inner][\/vc_row_inner][vc_row_inner css=\u00a0\u00bb.vc_custom_1576511435571{margin-top: 15px !important;}\u00a0\u00bb][vc_column_inner width=\u00a0\u00bb1\/3&Prime;][\/vc_column_inner][\/vc_row_inner][\/vc_column][\/vc_row][vc_row full_width=\u00a0\u00bbstretch_row_content_no_spaces\u00a0\u00bb el_class=\u00a0\u00bbwidget-footer\u00a0\u00bb][vc_column][vc_widget_sidebar sidebar_id=\u00a0\u00bb_footer_-_nous_joindre\u00a0\u00bb][\/vc_column][\/vc_row]<\/p>\n","protected":false},"excerpt":{"rendered":"<p>[vc_row][vc_column width=\u00a0\u00bb3\/12&Prime; el_class=\u00a0\u00bbpages-sidebar\u00a0\u00bb][vc_widget_sidebar sidebar_id=\u00a0\u00bbca-sidebar-9958&Prime; el_class=\u00a0\u00bbsidebar\u00a0\u00bb][contact-form-7 id=\u00a0\u00bb9906&Prime;][\/vc_column][vc_column width=\u00a0\u00bb9\/12&Prime; el_class=\u00a0\u00bbpages-contenu\u00a0\u00bb][vc_row_inner][vc_column_inner][vc_column_text] Chirurgies Palatines Les palais mous, comme les amygdales palatines, jouent un r\u00f4le important dans le d\u00e9veloppement de l\u2019apn\u00e9e du sommeil et du ronflement. &nbsp; Il\u00a0 existe plusieurs chirurgies palatines diff\u00e9rentes. Les proc\u00e9dures habituelles comme la radiofr\u00e9quence et les implants palatins peuvent \u00eatre r\u00e9alis\u00e9es en bureau, sous anesth\u00e9sie &#8230; <a title=\"Chirurgies Palatines\" class=\"read-more\" href=\"https:\/\/dormalab.com\/fr\/chirurgies-palatines\/\" aria-label=\"En savoir plus sur Chirurgies Palatines\">Lire la suite<\/a><\/p>\n","protected":false},"author":20,"featured_media":0,"parent":0,"menu_order":0,"comment_status":"closed","ping_status":"closed","template":"","meta":{"footnotes":""},"class_list":["post-4499","page","type-page","status-publish"],"yoast_head":"<!-- This site is optimized with the Yoast SEO plugin v27.3 - https:\/\/yoast.com\/product\/yoast-seo-wordpress\/ -->\n<title>Chirurgies Palatines - Clinique du sommeil - Dormalab<\/title>\n<meta name=\"description\" content=\"Le palais mous et les amygdales palatines jouent un r\u00f4le important dans le d\u00e9veloppement de l\u2019apn\u00e9e du sommeil et du ronflement.\" \/>\n<meta name=\"robots\" content=\"index, follow, max-snippet:-1, max-image-preview:large, max-video-preview:-1\" \/>\n<link rel=\"canonical\" href=\"https:\/\/dormalab.com\/fr\/chirurgies-palatines\/\" \/>\n<meta property=\"og:locale\" content=\"fr_FR\" \/>\n<meta property=\"og:type\" content=\"article\" \/>\n<meta property=\"og:title\" content=\"Chirurgies Palatines - Clinique du sommeil - Dormalab\" \/>\n<meta property=\"og:description\" content=\"Le palais mous et les amygdales palatines jouent un r\u00f4le important dans le d\u00e9veloppement de l\u2019apn\u00e9e du sommeil et du ronflement.\" \/>\n<meta property=\"og:url\" content=\"https:\/\/dormalab.com\/fr\/chirurgies-palatines\/\" \/>\n<meta property=\"og:site_name\" content=\"Dorma Sleep Clinics\" \/>\n<meta property=\"article:modified_time\" content=\"2021-05-04T20:58:15+00:00\" \/>\n<meta name=\"twitter:card\" content=\"summary_large_image\" \/>\n<meta name=\"twitter:label1\" content=\"Dur\u00e9e de lecture estim\u00e9e\" \/>\n\t<meta name=\"twitter:data1\" content=\"2 minute\" \/>\n<script type=\"application\/ld+json\" class=\"yoast-schema-graph\">{\"@context\":\"https:\\\/\\\/schema.org\",\"@graph\":[{\"@type\":\"WebPage\",\"@id\":\"https:\\\/\\\/dormalab.com\\\/fr\\\/chirurgies-palatines\\\/\",\"url\":\"https:\\\/\\\/dormalab.com\\\/fr\\\/chirurgies-palatines\\\/\",\"name\":\"Chirurgies Palatines - Clinique du sommeil - Dormalab\",\"isPartOf\":{\"@id\":\"https:\\\/\\\/dormalab.com\\\/fr\\\/#website\"},\"datePublished\":\"2019-12-16T16:19:28+00:00\",\"dateModified\":\"2021-05-04T20:58:15+00:00\",\"description\":\"Le palais mous et les amygdales palatines jouent un r\u00f4le important dans le d\u00e9veloppement de l\u2019apn\u00e9e du sommeil et du ronflement.\",\"breadcrumb\":{\"@id\":\"https:\\\/\\\/dormalab.com\\\/fr\\\/chirurgies-palatines\\\/#breadcrumb\"},\"inLanguage\":\"fr-FR\",\"potentialAction\":[{\"@type\":\"ReadAction\",\"target\":[\"https:\\\/\\\/dormalab.com\\\/fr\\\/chirurgies-palatines\\\/\"]}]},{\"@type\":\"BreadcrumbList\",\"@id\":\"https:\\\/\\\/dormalab.com\\\/fr\\\/chirurgies-palatines\\\/#breadcrumb\",\"itemListElement\":[{\"@type\":\"ListItem\",\"position\":1,\"name\":\"Home\",\"item\":\"https:\\\/\\\/dormalab.com\\\/fr\\\/\"},{\"@type\":\"ListItem\",\"position\":2,\"name\":\"Chirurgies Palatines\"}]},{\"@type\":\"WebSite\",\"@id\":\"https:\\\/\\\/dormalab.com\\\/fr\\\/#website\",\"url\":\"https:\\\/\\\/dormalab.com\\\/fr\\\/\",\"name\":\"Dorma Sleep Clinics\",\"description\":\"Sleep Well Live Well\",\"publisher\":{\"@id\":\"https:\\\/\\\/dormalab.com\\\/fr\\\/#organization\"},\"potentialAction\":[{\"@type\":\"SearchAction\",\"target\":{\"@type\":\"EntryPoint\",\"urlTemplate\":\"https:\\\/\\\/dormalab.com\\\/fr\\\/?s={search_term_string}\"},\"query-input\":{\"@type\":\"PropertyValueSpecification\",\"valueRequired\":true,\"valueName\":\"search_term_string\"}}],\"inLanguage\":\"fr-FR\"},{\"@type\":\"Organization\",\"@id\":\"https:\\\/\\\/dormalab.com\\\/fr\\\/#organization\",\"name\":\"Dorma Clinique Du Sommeil\",\"url\":\"https:\\\/\\\/dormalab.com\\\/fr\\\/\",\"logo\":{\"@type\":\"ImageObject\",\"inLanguage\":\"fr-FR\",\"@id\":\"https:\\\/\\\/dormalab.com\\\/fr\\\/#\\\/schema\\\/logo\\\/image\\\/\",\"url\":\"https:\\\/\\\/dormalab.com\\\/wp-content\\\/uploads\\\/2019\\\/10\\\/Dorma-Logotype-RGB-Black-scaled-e1578787470924.png\",\"contentUrl\":\"https:\\\/\\\/dormalab.com\\\/wp-content\\\/uploads\\\/2019\\\/10\\\/Dorma-Logotype-RGB-Black-scaled-e1578787470924.png\",\"width\":120,\"height\":25,\"caption\":\"Dorma Clinique Du Sommeil\"},\"image\":{\"@id\":\"https:\\\/\\\/dormalab.com\\\/fr\\\/#\\\/schema\\\/logo\\\/image\\\/\"}}]}<\/script>\n<!-- \/ Yoast SEO plugin. -->","yoast_head_json":{"title":"Chirurgies Palatines - Clinique du sommeil - Dormalab","description":"Le palais mous et les amygdales palatines jouent un r\u00f4le important dans le d\u00e9veloppement de l\u2019apn\u00e9e du sommeil et du ronflement.","robots":{"index":"index","follow":"follow","max-snippet":"max-snippet:-1","max-image-preview":"max-image-preview:large","max-video-preview":"max-video-preview:-1"},"canonical":"https:\/\/dormalab.com\/fr\/chirurgies-palatines\/","og_locale":"fr_FR","og_type":"article","og_title":"Chirurgies Palatines - Clinique du sommeil - Dormalab","og_description":"Le palais mous et les amygdales palatines jouent un r\u00f4le important dans le d\u00e9veloppement de l\u2019apn\u00e9e du sommeil et du ronflement.","og_url":"https:\/\/dormalab.com\/fr\/chirurgies-palatines\/","og_site_name":"Dorma Sleep Clinics","article_modified_time":"2021-05-04T20:58:15+00:00","twitter_card":"summary_large_image","twitter_misc":{"Dur\u00e9e de lecture estim\u00e9e":"2 minute"},"schema":{"@context":"https:\/\/schema.org","@graph":[{"@type":"WebPage","@id":"https:\/\/dormalab.com\/fr\/chirurgies-palatines\/","url":"https:\/\/dormalab.com\/fr\/chirurgies-palatines\/","name":"Chirurgies Palatines - Clinique du sommeil - Dormalab","isPartOf":{"@id":"https:\/\/dormalab.com\/fr\/#website"},"datePublished":"2019-12-16T16:19:28+00:00","dateModified":"2021-05-04T20:58:15+00:00","description":"Le palais mous et les amygdales palatines jouent un r\u00f4le important dans le d\u00e9veloppement de l\u2019apn\u00e9e du sommeil et du ronflement.","breadcrumb":{"@id":"https:\/\/dormalab.com\/fr\/chirurgies-palatines\/#breadcrumb"},"inLanguage":"fr-FR","potentialAction":[{"@type":"ReadAction","target":["https:\/\/dormalab.com\/fr\/chirurgies-palatines\/"]}]},{"@type":"BreadcrumbList","@id":"https:\/\/dormalab.com\/fr\/chirurgies-palatines\/#breadcrumb","itemListElement":[{"@type":"ListItem","position":1,"name":"Home","item":"https:\/\/dormalab.com\/fr\/"},{"@type":"ListItem","position":2,"name":"Chirurgies Palatines"}]},{"@type":"WebSite","@id":"https:\/\/dormalab.com\/fr\/#website","url":"https:\/\/dormalab.com\/fr\/","name":"Dorma Sleep Clinics","description":"Sleep Well Live Well","publisher":{"@id":"https:\/\/dormalab.com\/fr\/#organization"},"potentialAction":[{"@type":"SearchAction","target":{"@type":"EntryPoint","urlTemplate":"https:\/\/dormalab.com\/fr\/?s={search_term_string}"},"query-input":{"@type":"PropertyValueSpecification","valueRequired":true,"valueName":"search_term_string"}}],"inLanguage":"fr-FR"},{"@type":"Organization","@id":"https:\/\/dormalab.com\/fr\/#organization","name":"Dorma Clinique Du Sommeil","url":"https:\/\/dormalab.com\/fr\/","logo":{"@type":"ImageObject","inLanguage":"fr-FR","@id":"https:\/\/dormalab.com\/fr\/#\/schema\/logo\/image\/","url":"https:\/\/dormalab.com\/wp-content\/uploads\/2019\/10\/Dorma-Logotype-RGB-Black-scaled-e1578787470924.png","contentUrl":"https:\/\/dormalab.com\/wp-content\/uploads\/2019\/10\/Dorma-Logotype-RGB-Black-scaled-e1578787470924.png","width":120,"height":25,"caption":"Dorma Clinique Du Sommeil"},"image":{"@id":"https:\/\/dormalab.com\/fr\/#\/schema\/logo\/image\/"}}]}},"_links":{"self":[{"href":"https:\/\/dormalab.com\/fr\/wp-json\/wp\/v2\/pages\/4499","targetHints":{"allow":["GET"]}}],"collection":[{"href":"https:\/\/dormalab.com\/fr\/wp-json\/wp\/v2\/pages"}],"about":[{"href":"https:\/\/dormalab.com\/fr\/wp-json\/wp\/v2\/types\/page"}],"author":[{"embeddable":true,"href":"https:\/\/dormalab.com\/fr\/wp-json\/wp\/v2\/users\/20"}],"replies":[{"embeddable":true,"href":"https:\/\/dormalab.com\/fr\/wp-json\/wp\/v2\/comments?post=4499"}],"version-history":[{"count":0,"href":"https:\/\/dormalab.com\/fr\/wp-json\/wp\/v2\/pages\/4499\/revisions"}],"wp:attachment":[{"href":"https:\/\/dormalab.com\/fr\/wp-json\/wp\/v2\/media?parent=4499"}],"curies":[{"name":"wp","href":"https:\/\/api.w.org\/{rel}","templated":true}]}}