{"id":4533,"date":"2019-12-16T11:52:16","date_gmt":"2019-12-16T16:52:16","guid":{"rendered":"https:\/\/dormalab.com\/?page_id=4533"},"modified":"2020-03-08T18:28:40","modified_gmt":"2020-03-08T22:28:40","slug":"la-tracheotomie","status":"publish","type":"page","link":"https:\/\/dormalab.com\/fr\/la-tracheotomie\/","title":{"rendered":"La Trach\u00e9otomie"},"content":{"rendered":"<p>[vc_row][vc_column width=\u00a0\u00bb3\/12&Prime; el_class=\u00a0\u00bbpages-sidebar\u00a0\u00bb][vc_widget_sidebar sidebar_id=\u00a0\u00bbca-sidebar-9958&Prime; el_class=\u00a0\u00bbsidebar\u00a0\u00bb][contact-form-7 id=\u00a0\u00bb9906&Prime;][\/vc_column][vc_column width=\u00a0\u00bb9\/12&Prime; el_class=\u00a0\u00bbpages-contenu\u00a0\u00bb][vc_row_inner][vc_column_inner][vc_column_text]<\/p>\n<h1>La Trach\u00e9otomie<\/h1>\n<p>La trach\u00e9otomie permanente fut la premi\u00e8re proc\u00e9dure chirurgicale la plus fr\u00e9quemment utilis\u00e9e pour le traitement de l\u2019apn\u00e9e obstructive du sommeil, durant les ann\u00e9es 70 et 80.<\/p>\n<p>&nbsp;<\/p>\n<p>Bien que tr\u00e8s efficace, cette technique comportait n\u00e9anmoins des d\u00e9savantages \u00e9vidents.<\/p>\n<p>Elle est maintenant rarement utilis\u00e9e en premi\u00e8re ligne du traitement de l\u2019apn\u00e9e obstructive du sommeil.<\/p>\n<p>&nbsp;<\/p>\n<p>En effet, les patients <em>avec trach\u00e9otomie permanente<\/em> peuvent pr\u00e9senter des complications comme la st\u00e9nose trach\u00e9ale, l\u2019\u00e9rosion des gros vaisseaux sanguins, des bronchites purulentes r\u00e9cidivantes, des difficult\u00e9s du langage et un probl\u00e8me esth\u00e9tique \u00e9vident.[\/vc_column_text][\/vc_column_inner][\/vc_row_inner][\/vc_column][\/vc_row]<\/p>\n","protected":false},"excerpt":{"rendered":"<p>[vc_row][vc_column width=\u00a0\u00bb3\/12&Prime; el_class=\u00a0\u00bbpages-sidebar\u00a0\u00bb][vc_widget_sidebar sidebar_id=\u00a0\u00bbca-sidebar-9958&Prime; el_class=\u00a0\u00bbsidebar\u00a0\u00bb][contact-form-7 id=\u00a0\u00bb9906&Prime;][\/vc_column][vc_column width=\u00a0\u00bb9\/12&Prime; el_class=\u00a0\u00bbpages-contenu\u00a0\u00bb][vc_row_inner][vc_column_inner][vc_column_text] La Trach\u00e9otomie La trach\u00e9otomie permanente fut la premi\u00e8re proc\u00e9dure chirurgicale la plus fr\u00e9quemment utilis\u00e9e pour le traitement de l\u2019apn\u00e9e obstructive du sommeil, durant les ann\u00e9es 70 et 80. &nbsp; Bien que tr\u00e8s efficace, cette technique comportait n\u00e9anmoins des d\u00e9savantages \u00e9vidents. Elle est maintenant rarement utilis\u00e9e en premi\u00e8re &#8230; <a title=\"La Trach\u00e9otomie\" class=\"read-more\" href=\"https:\/\/dormalab.com\/fr\/la-tracheotomie\/\" aria-label=\"En savoir plus sur La Trach\u00e9otomie\">Lire la suite<\/a><\/p>\n","protected":false},"author":20,"featured_media":0,"parent":0,"menu_order":0,"comment_status":"closed","ping_status":"closed","template":"","meta":{"footnotes":""},"class_list":["post-4533","page","type-page","status-publish"],"yoast_head":"<!-- This site is optimized with the Yoast SEO plugin v27.4 - https:\/\/yoast.com\/product\/yoast-seo-wordpress\/ -->\n<title>La Trach\u00e9otomie - Clinique du sommeil - Dormalab<\/title>\n<meta name=\"description\" content=\"La trach\u00e9otomie permanente fut la premi\u00e8re proc\u00e9dure chirurgicale et la plus fr\u00e9quemment utilis\u00e9e pour le traitement de l\u2019apn\u00e9e obstructive du sommeil.\" \/>\n<meta name=\"robots\" content=\"index, follow, max-snippet:-1, max-image-preview:large, max-video-preview:-1\" \/>\n<link rel=\"canonical\" href=\"https:\/\/dormalab.com\/fr\/la-tracheotomie\/\" \/>\n<meta property=\"og:locale\" content=\"fr_FR\" \/>\n<meta property=\"og:type\" content=\"article\" \/>\n<meta property=\"og:title\" content=\"La Trach\u00e9otomie - Clinique du sommeil - Dormalab\" \/>\n<meta property=\"og:description\" content=\"La trach\u00e9otomie permanente fut la premi\u00e8re proc\u00e9dure chirurgicale et la plus fr\u00e9quemment utilis\u00e9e pour le traitement de l\u2019apn\u00e9e obstructive du sommeil.\" \/>\n<meta property=\"og:url\" content=\"https:\/\/dormalab.com\/fr\/la-tracheotomie\/\" \/>\n<meta property=\"og:site_name\" content=\"Dorma Sleep Clinics\" \/>\n<meta property=\"article:modified_time\" content=\"2020-03-08T22:28:40+00:00\" \/>\n<meta name=\"twitter:card\" content=\"summary_large_image\" \/>\n<meta name=\"twitter:label1\" content=\"Dur\u00e9e de lecture estim\u00e9e\" \/>\n\t<meta name=\"twitter:data1\" content=\"1 minute\" \/>\n<script type=\"application\/ld+json\" class=\"yoast-schema-graph\">{\"@context\":\"https:\\\/\\\/schema.org\",\"@graph\":[{\"@type\":\"WebPage\",\"@id\":\"https:\\\/\\\/dormalab.com\\\/fr\\\/la-tracheotomie\\\/\",\"url\":\"https:\\\/\\\/dormalab.com\\\/fr\\\/la-tracheotomie\\\/\",\"name\":\"La Trach\u00e9otomie - Clinique du sommeil - Dormalab\",\"isPartOf\":{\"@id\":\"https:\\\/\\\/dormalab.com\\\/fr\\\/#website\"},\"datePublished\":\"2019-12-16T16:52:16+00:00\",\"dateModified\":\"2020-03-08T22:28:40+00:00\",\"description\":\"La trach\u00e9otomie permanente fut la premi\u00e8re proc\u00e9dure chirurgicale et la plus fr\u00e9quemment utilis\u00e9e pour le traitement de l\u2019apn\u00e9e obstructive du sommeil.\",\"breadcrumb\":{\"@id\":\"https:\\\/\\\/dormalab.com\\\/fr\\\/la-tracheotomie\\\/#breadcrumb\"},\"inLanguage\":\"fr-FR\",\"potentialAction\":[{\"@type\":\"ReadAction\",\"target\":[\"https:\\\/\\\/dormalab.com\\\/fr\\\/la-tracheotomie\\\/\"]}]},{\"@type\":\"BreadcrumbList\",\"@id\":\"https:\\\/\\\/dormalab.com\\\/fr\\\/la-tracheotomie\\\/#breadcrumb\",\"itemListElement\":[{\"@type\":\"ListItem\",\"position\":1,\"name\":\"Home\",\"item\":\"https:\\\/\\\/dormalab.com\\\/fr\\\/\"},{\"@type\":\"ListItem\",\"position\":2,\"name\":\"La Trach\u00e9otomie\"}]},{\"@type\":\"WebSite\",\"@id\":\"https:\\\/\\\/dormalab.com\\\/fr\\\/#website\",\"url\":\"https:\\\/\\\/dormalab.com\\\/fr\\\/\",\"name\":\"Dorma Sleep Clinics\",\"description\":\"Sleep Well Live Well\",\"publisher\":{\"@id\":\"https:\\\/\\\/dormalab.com\\\/fr\\\/#organization\"},\"potentialAction\":[{\"@type\":\"SearchAction\",\"target\":{\"@type\":\"EntryPoint\",\"urlTemplate\":\"https:\\\/\\\/dormalab.com\\\/fr\\\/?s={search_term_string}\"},\"query-input\":{\"@type\":\"PropertyValueSpecification\",\"valueRequired\":true,\"valueName\":\"search_term_string\"}}],\"inLanguage\":\"fr-FR\"},{\"@type\":\"Organization\",\"@id\":\"https:\\\/\\\/dormalab.com\\\/fr\\\/#organization\",\"name\":\"Dorma Clinique Du Sommeil\",\"url\":\"https:\\\/\\\/dormalab.com\\\/fr\\\/\",\"logo\":{\"@type\":\"ImageObject\",\"inLanguage\":\"fr-FR\",\"@id\":\"https:\\\/\\\/dormalab.com\\\/fr\\\/#\\\/schema\\\/logo\\\/image\\\/\",\"url\":\"https:\\\/\\\/dormalab.com\\\/wp-content\\\/uploads\\\/2019\\\/10\\\/Dorma-Logotype-RGB-Black-scaled-e1578787470924.png\",\"contentUrl\":\"https:\\\/\\\/dormalab.com\\\/wp-content\\\/uploads\\\/2019\\\/10\\\/Dorma-Logotype-RGB-Black-scaled-e1578787470924.png\",\"width\":120,\"height\":25,\"caption\":\"Dorma Clinique Du Sommeil\"},\"image\":{\"@id\":\"https:\\\/\\\/dormalab.com\\\/fr\\\/#\\\/schema\\\/logo\\\/image\\\/\"}}]}<\/script>\n<!-- \/ Yoast SEO plugin. -->","yoast_head_json":{"title":"La Trach\u00e9otomie - Clinique du sommeil - Dormalab","description":"La trach\u00e9otomie permanente fut la premi\u00e8re proc\u00e9dure chirurgicale et la plus fr\u00e9quemment utilis\u00e9e pour le traitement de l\u2019apn\u00e9e obstructive du sommeil.","robots":{"index":"index","follow":"follow","max-snippet":"max-snippet:-1","max-image-preview":"max-image-preview:large","max-video-preview":"max-video-preview:-1"},"canonical":"https:\/\/dormalab.com\/fr\/la-tracheotomie\/","og_locale":"fr_FR","og_type":"article","og_title":"La Trach\u00e9otomie - Clinique du sommeil - Dormalab","og_description":"La trach\u00e9otomie permanente fut la premi\u00e8re proc\u00e9dure chirurgicale et la plus fr\u00e9quemment utilis\u00e9e pour le traitement de l\u2019apn\u00e9e obstructive du sommeil.","og_url":"https:\/\/dormalab.com\/fr\/la-tracheotomie\/","og_site_name":"Dorma Sleep Clinics","article_modified_time":"2020-03-08T22:28:40+00:00","twitter_card":"summary_large_image","twitter_misc":{"Dur\u00e9e de lecture estim\u00e9e":"1 minute"},"schema":{"@context":"https:\/\/schema.org","@graph":[{"@type":"WebPage","@id":"https:\/\/dormalab.com\/fr\/la-tracheotomie\/","url":"https:\/\/dormalab.com\/fr\/la-tracheotomie\/","name":"La Trach\u00e9otomie - Clinique du sommeil - Dormalab","isPartOf":{"@id":"https:\/\/dormalab.com\/fr\/#website"},"datePublished":"2019-12-16T16:52:16+00:00","dateModified":"2020-03-08T22:28:40+00:00","description":"La trach\u00e9otomie permanente fut la premi\u00e8re proc\u00e9dure chirurgicale et la plus fr\u00e9quemment utilis\u00e9e pour le traitement de l\u2019apn\u00e9e obstructive du sommeil.","breadcrumb":{"@id":"https:\/\/dormalab.com\/fr\/la-tracheotomie\/#breadcrumb"},"inLanguage":"fr-FR","potentialAction":[{"@type":"ReadAction","target":["https:\/\/dormalab.com\/fr\/la-tracheotomie\/"]}]},{"@type":"BreadcrumbList","@id":"https:\/\/dormalab.com\/fr\/la-tracheotomie\/#breadcrumb","itemListElement":[{"@type":"ListItem","position":1,"name":"Home","item":"https:\/\/dormalab.com\/fr\/"},{"@type":"ListItem","position":2,"name":"La Trach\u00e9otomie"}]},{"@type":"WebSite","@id":"https:\/\/dormalab.com\/fr\/#website","url":"https:\/\/dormalab.com\/fr\/","name":"Dorma Sleep Clinics","description":"Sleep Well Live Well","publisher":{"@id":"https:\/\/dormalab.com\/fr\/#organization"},"potentialAction":[{"@type":"SearchAction","target":{"@type":"EntryPoint","urlTemplate":"https:\/\/dormalab.com\/fr\/?s={search_term_string}"},"query-input":{"@type":"PropertyValueSpecification","valueRequired":true,"valueName":"search_term_string"}}],"inLanguage":"fr-FR"},{"@type":"Organization","@id":"https:\/\/dormalab.com\/fr\/#organization","name":"Dorma Clinique Du Sommeil","url":"https:\/\/dormalab.com\/fr\/","logo":{"@type":"ImageObject","inLanguage":"fr-FR","@id":"https:\/\/dormalab.com\/fr\/#\/schema\/logo\/image\/","url":"https:\/\/dormalab.com\/wp-content\/uploads\/2019\/10\/Dorma-Logotype-RGB-Black-scaled-e1578787470924.png","contentUrl":"https:\/\/dormalab.com\/wp-content\/uploads\/2019\/10\/Dorma-Logotype-RGB-Black-scaled-e1578787470924.png","width":120,"height":25,"caption":"Dorma Clinique Du Sommeil"},"image":{"@id":"https:\/\/dormalab.com\/fr\/#\/schema\/logo\/image\/"}}]}},"_links":{"self":[{"href":"https:\/\/dormalab.com\/fr\/wp-json\/wp\/v2\/pages\/4533","targetHints":{"allow":["GET"]}}],"collection":[{"href":"https:\/\/dormalab.com\/fr\/wp-json\/wp\/v2\/pages"}],"about":[{"href":"https:\/\/dormalab.com\/fr\/wp-json\/wp\/v2\/types\/page"}],"author":[{"embeddable":true,"href":"https:\/\/dormalab.com\/fr\/wp-json\/wp\/v2\/users\/20"}],"replies":[{"embeddable":true,"href":"https:\/\/dormalab.com\/fr\/wp-json\/wp\/v2\/comments?post=4533"}],"version-history":[{"count":0,"href":"https:\/\/dormalab.com\/fr\/wp-json\/wp\/v2\/pages\/4533\/revisions"}],"wp:attachment":[{"href":"https:\/\/dormalab.com\/fr\/wp-json\/wp\/v2\/media?parent=4533"}],"curies":[{"name":"wp","href":"https:\/\/api.w.org\/{rel}","templated":true}]}}