{"id":4558,"date":"2019-12-16T13:35:46","date_gmt":"2019-12-16T18:35:46","guid":{"rendered":"https:\/\/dormalab.com\/?page_id=4558"},"modified":"2021-05-18T13:51:20","modified_gmt":"2021-05-18T17:51:20","slug":"therapie-positionnelle","status":"publish","type":"page","link":"https:\/\/dormalab.com\/fr\/therapie-positionnelle\/","title":{"rendered":"Th\u00e9rapie positionnelle"},"content":{"rendered":"<p>[vc_row full_width=\u00a0\u00bbstretch_row_content\u00a0\u00bb css=\u00a0\u00bb.vc_custom_1621354620538{padding-right: 40px !important;padding-left: 40px !important;}\u00a0\u00bb][vc_column width=\u00a0\u00bb3\/12&Prime; el_class=\u00a0\u00bbpages-sidebar\u00a0\u00bb][vc_column_text css=\u00a0\u00bb.vc_custom_1621355308521{padding-top: 20px !important;padding-right: 20px !important;padding-bottom: 20px !important;padding-left: 20px !important;background-color: #1b2a39 !important;}\u00a0\u00bb]<\/p>\n<h3><span style=\"font-size: 14pt; color: #ffffff;\">Vous pourriez aimer aussi :\u00a0<\/span><\/h3>\n<p><a href=\"https:\/\/dormalab.com\/fr\/apnee-obstructive-du-sommeil\/\"><span style=\"font-size: 14pt;\">Apn\u00e9e du sommeil<\/span><\/a><\/p>\n<p><span style=\"font-size: 14pt;\"><a href=\"https:\/\/dormalab.com\/fr\/apnee-centrale-du-sommeil-acs\/\">Apn\u00e9e centrale du sommeil\u00a0<\/a><\/span><\/p>\n<p><span style=\"font-size: 14pt;\"><a href=\"https:\/\/dormalab.com\/fr\/depistage-apnee-du-sommeil\/\">D\u00e9pistage apn\u00e9e du sommeil<\/a><\/span>[\/vc_column_text][vc_widget_sidebar sidebar_id=\u00a0\u00bbca-sidebar-9958&Prime; el_class=\u00a0\u00bbsidebar\u00a0\u00bb][contact-form-7 id=\u00a0\u00bb9906&Prime;][\/vc_column][vc_column width=\u00a0\u00bb9\/12&Prime; el_class=\u00a0\u00bbpages-contenu\u00a0\u00bb][vc_column_text]<\/p>\n<h1><strong>Th\u00e9rapie positionnelle<\/strong><\/h1>\n<p><span style=\"font-weight: 400;\">Le syndrome d&rsquo;apn\u00e9e obstructive du sommeil (SAOS), aussi appel\u00e9 \u00ab<a href=\"https:\/\/dormalab.com\/fr\/apnee-obstructive-du-sommeil\/\">apn\u00e9e du sommeil<\/a>\u00bb se caract\u00e9rise par une obstruction partielle ou compl\u00e8te des voies respiratoires sup\u00e9rieures et se r\u00e9p\u00e8te plusieurs fois par heure pendant la nuit. L\u2019apn\u00e9e du sommeil peut donc avoir un impact majeur sur la sant\u00e9. Outre ses effets sur la <a href=\"https:\/\/dormalab.com\/fr\/hygiene-du-sommeil\/\">qualit\u00e9 du sommeil<\/a> et le fonctionnement du syst\u00e8me nerveux, le syndrome d&rsquo;apn\u00e9e obstructive du sommeil (SAOS) peut \u00e9galement favoriser les maladies et accidents cardiovasculaires.<\/span>[\/vc_column_text][vc_cta h2=\u00a0\u00bb\u00a0\u00bb add_button=\u00a0\u00bbbottom\u00a0\u00bb btn_title=\u00a0\u00bbPrendre rendez-vous avec un sp\u00e9cialiste du sommeil\u00a0\u00bb btn_shape=\u00a0\u00bbround\u00a0\u00bb btn_color=\u00a0\u00bbinfo\u00a0\u00bb btn_size=\u00a0\u00bbsm\u00a0\u00bb btn_link=\u00a0\u00bburl:https%3A%2F%2Fdormalab.com%2Ffr%2Fplanifier-une-consultation-gratuite%2F|||\u00a0\u00bb]<\/p>\n<h3><strong>Parlez \u00e0 un sp\u00e9cialiste du sommeil d\u00e8s aujourd&rsquo;hui pour en savoir plus sur l&rsquo;apn\u00e9e du sommeil et les options de traitement.<\/strong><\/h3>\n<p>Nous offrons des consultations gratuites en ligne ou en personne dans nos cliniques du Qu\u00e9bec. Laissez-nous vous aider \u00e0 mieux dormir.[\/vc_cta][vc_column_text]<\/p>\n<h2><strong>Le syndrome d&rsquo;apn\u00e9e obstructive du sommeil positionnel <\/strong><span style=\"font-weight: 400;\"><br \/>\n<\/span><\/h2>\n<p><span style=\"font-weight: 400;\">La posture adopt\u00e9e pendant le sommeil peut modifier consid\u00e9rablement la fr\u00e9quence et la gravit\u00e9 de l&rsquo;apn\u00e9e nocturne pour les personnes atteintes du syndrome d&rsquo;apn\u00e9e obstructive du sommeil. Lorsque l&rsquo;apn\u00e9e dorsale augmente l&rsquo;apn\u00e9e de plus de 50%, nous l&rsquo;appelons SAOS \u00ab positionnel\u00bb, et lorsque l&rsquo;obstruction ne survient que lorsque le patient dort sur le dos, nous l&rsquo;appelons SAOS \u00ab positionnel exclusif\u00bb. Ces formes positionnelles du se retrouvent principalement chez les jeunes ayant un faible indice de masse corporelle (IMC) et un nombre d&rsquo;apn\u00e9es du sommeil peu \u00e9lev\u00e9 par heure.<\/span>[\/vc_column_text][vc_column_text]<\/p>\n<h2><strong>Traitements disponibles<\/strong><span style=\"font-weight: 400;\"><br \/>\n<\/span><\/h2>\n<p><span style=\"font-weight: 400;\">Le choix du traitement d\u00e9pend de la s\u00e9v\u00e9rit\u00e9 du syndrome, les cons\u00e9quences sur la vie du patient, les conditions m\u00e9dicales associ\u00e9es, mais aussi les pr\u00e9f\u00e9rences et attentes du patient en mati\u00e8re de prise en charge. Pr\u00e9sentement, la th\u00e9rapie <a href=\"https:\/\/dormalab.com\/fr\/ventilation-pression-positive-continue-ppc\/\">CPAP (Continous positive airway pressure)<\/a> reste la meilleure alternative pour traiter l\u2019apn\u00e9e du sommeil. Le patient est muni d\u2019un masque reli\u00e9 \u00e0 un petit appareil \u00e9lectrique lui apportant une pression d\u2019air positive, et ce, en continu. Le <a href=\"https:\/\/dormalab.com\/continuous-positive-airflow-pressure-cpap\/\" data-internallinksmanager029f6b8e52c=\"1\" title=\"Continuous Positive Airflow Pressure (CPAP)\">CPAP<\/a> aide \u00e0 lutter contre l\u2019obstruction des voies respiratoires du patient.\u00a0<\/span><\/p>\n<p>&nbsp;<\/p>\n<p><span style=\"font-weight: 400;\">La th\u00e9rapie positionnelle pour l\u2019apn\u00e9e du sommeil est \u00e9galement une alternative encourageante qui peut \u00eatre un compl\u00e9ment efficace au CPAP ou \u00e0 l\u2019orth\u00e8se dentaire. Elle reste conseill\u00e9e pour les cas d\u2019apn\u00e9e l\u00e9g\u00e8re \u00e0 mod\u00e9r\u00e9e.<\/span>[\/vc_column_text][vc_column_text]<\/p>\n<h2><span style=\"font-weight: 400;\"><strong>Th\u00e9rapie positionnelle<\/strong>\u00a0<\/span><\/h2>\n<p><span style=\"font-weight: 400;\">Le traitement positionnel permet d\u2019\u00e9viter la position dorsale lors du sommeil qui engendre ou aggrave les hypopn\u00e9es, les apn\u00e9es et le <a href=\"https:\/\/dormalab.com\/fr\/problemes-de-ronflement\/\">ronflement<\/a>. Des dispositifs ont \u00e9t\u00e9 con\u00e7us pour rendre la position dorsale inconfortable et donc de d\u00e9courager le patient \u00e0 dormir sur le dos.\u00a0<\/span><\/p>\n<p>&nbsp;<\/p>\n<p class=\"p1\">Voici quelques exemples de dispositifs :<\/p>\n<p>&nbsp;<\/p>\n<p>\u2013 <strong>La balle de tennis<\/strong> : Une balle de tennis est attach\u00e9e sur le dos \u00e0 l\u2019aide d\u2019une ceinture ou d\u2019une courroie.<b><br \/>\n<\/b><\/p>\n<p>\u2013 <strong>Le chandail anti-ronflement<\/strong> : Un chandail avec une poche cousue sur le dos permettant d\u2019y ins\u00e9rer une balle. Cela rend inconfortable de dormir sur le dos et force le dormeur \u00e0 changer de position et dormir sur le c\u00f4t\u00e9.<b><br \/>\n<\/b><\/p>\n<p>\u2013 <strong>Le Sac \u00e0 dos<\/strong> : Un grand sac \u00e0 dos rempli d\u2019oreillers, de mousses ou d\u2019un ballon de sport et que l\u2019on porte pour la nuit.<b><br \/>\n<\/b><\/p>\n<p>\u2013 <strong>L\u2019oreiller de corps<\/strong> : On peut utiliser un oreiller de corps et le placer le long du corps.<b><br \/>\n<\/b><\/p>\n<p>\u2013 <strong>L\u2019alarme positionnelle<\/strong> : Une alarme de posture avertissant le dormeur lorsque sur le dos.[\/vc_column_text][vc_cta h2=\u00a0\u00bb\u00a0\u00bb add_button=\u00a0\u00bbbottom\u00a0\u00bb btn_title=\u00a0\u00bbPrendre rendez-vous avec un sp\u00e9cialiste du sommeil\u00a0\u00bb btn_shape=\u00a0\u00bbround\u00a0\u00bb btn_color=\u00a0\u00bbinfo\u00a0\u00bb btn_size=\u00a0\u00bbsm\u00a0\u00bb btn_link=\u00a0\u00bburl:https%3A%2F%2Fdormalab.com%2Ffr%2Fplanifier-une-consultation-gratuite%2F|||\u00a0\u00bb]<\/p>\n<h3><strong>Parlez \u00e0 un sp\u00e9cialiste du sommeil d\u00e8s aujourd&rsquo;hui pour en savoir plus sur l&rsquo;apn\u00e9e du sommeil et les options de traitement.<\/strong><\/h3>\n<p>Nous offrons des consultations gratuites en ligne ou en personne dans nos cliniques du Qu\u00e9bec. Laissez-nous vous aider \u00e0 mieux dormir.[\/vc_cta][vc_column_text]<\/p>\n<h2><strong>Efficacit\u00e9 de la th\u00e9rapie positionnelle\u00a0<\/strong><\/h2>\n<p><span style=\"font-weight: 400;\">La th\u00e9rapie positionnelle repr\u00e9sente donc une alternative pour le traitement du syndrome d&rsquo;apn\u00e9e obstructive du sommeil positionnel exclusif, mais l\u2019efficacit\u00e9 du CPAP demeure sup\u00e9rieure. Cette th\u00e9rapie doit donc rester un traitement de premi\u00e8re ligne. Il est recommand\u00e9 de consulter un sp\u00e9cialiste d\u00e8s lors que les premiers sympt\u00f4mes de l\u2019apn\u00e9e du sommeil se font ressentir.\u00a0<\/span>[\/vc_column_text][\/vc_column][\/vc_row]<\/p>\n","protected":false},"excerpt":{"rendered":"<p>[vc_row full_width=\u00a0\u00bbstretch_row_content\u00a0\u00bb css=\u00a0\u00bb.vc_custom_1621354620538{padding-right: 40px !important;padding-left: 40px !important;}\u00a0\u00bb][vc_column width=\u00a0\u00bb3\/12&Prime; el_class=\u00a0\u00bbpages-sidebar\u00a0\u00bb][vc_column_text css=\u00a0\u00bb.vc_custom_1621355308521{padding-top: 20px !important;padding-right: 20px !important;padding-bottom: 20px !important;padding-left: 20px !important;background-color: #1b2a39 !important;}\u00a0\u00bb] Vous pourriez aimer aussi :\u00a0 Apn\u00e9e du sommeil Apn\u00e9e centrale du sommeil\u00a0 D\u00e9pistage apn\u00e9e du sommeil[\/vc_column_text][vc_widget_sidebar sidebar_id=\u00a0\u00bbca-sidebar-9958&Prime; el_class=\u00a0\u00bbsidebar\u00a0\u00bb][contact-form-7 id=\u00a0\u00bb9906&Prime;][\/vc_column][vc_column width=\u00a0\u00bb9\/12&Prime; el_class=\u00a0\u00bbpages-contenu\u00a0\u00bb][vc_column_text] Th\u00e9rapie positionnelle Le syndrome d&rsquo;apn\u00e9e obstructive du sommeil (SAOS), aussi appel\u00e9 \u00abapn\u00e9e du sommeil\u00bb &#8230; <a title=\"Th\u00e9rapie positionnelle\" class=\"read-more\" href=\"https:\/\/dormalab.com\/fr\/therapie-positionnelle\/\" aria-label=\"En savoir plus sur Th\u00e9rapie positionnelle\">Lire la suite<\/a><\/p>\n","protected":false},"author":20,"featured_media":0,"parent":0,"menu_order":0,"comment_status":"closed","ping_status":"closed","template":"","meta":{"footnotes":""},"class_list":["post-4558","page","type-page","status-publish"],"yoast_head":"<!-- This site is optimized with the Yoast SEO plugin v27.4 - https:\/\/yoast.com\/product\/yoast-seo-wordpress\/ -->\n<title>Th\u00e9rapie positionnelle - Clinique du sommeil - Dormalab<\/title>\n<meta name=\"description\" content=\"La th\u00e9rapie positionnelle pour l\u2019apn\u00e9e du sommeil est \u00e9galement une alternative encourageante qui peut \u00eatre un compl\u00e9ment efficace au CPAP.\" \/>\n<meta name=\"robots\" content=\"index, follow, max-snippet:-1, max-image-preview:large, max-video-preview:-1\" \/>\n<link rel=\"canonical\" href=\"https:\/\/dormalab.com\/fr\/therapie-positionnelle\/\" \/>\n<meta property=\"og:locale\" content=\"fr_FR\" \/>\n<meta property=\"og:type\" content=\"article\" \/>\n<meta property=\"og:title\" content=\"Th\u00e9rapie positionnelle - Clinique du sommeil - Dormalab\" \/>\n<meta property=\"og:description\" content=\"La th\u00e9rapie positionnelle pour l\u2019apn\u00e9e du sommeil est \u00e9galement une alternative encourageante qui peut \u00eatre un compl\u00e9ment efficace au CPAP.\" \/>\n<meta property=\"og:url\" content=\"https:\/\/dormalab.com\/fr\/therapie-positionnelle\/\" \/>\n<meta property=\"og:site_name\" content=\"Dorma Sleep Clinics\" \/>\n<meta property=\"article:modified_time\" content=\"2021-05-18T17:51:20+00:00\" \/>\n<meta name=\"twitter:card\" content=\"summary_large_image\" \/>\n<meta name=\"twitter:label1\" content=\"Dur\u00e9e de lecture estim\u00e9e\" \/>\n\t<meta name=\"twitter:data1\" content=\"4 minute\" \/>\n<script type=\"application\/ld+json\" class=\"yoast-schema-graph\">{\"@context\":\"https:\\\/\\\/schema.org\",\"@graph\":[{\"@type\":\"WebPage\",\"@id\":\"https:\\\/\\\/dormalab.com\\\/fr\\\/therapie-positionnelle\\\/\",\"url\":\"https:\\\/\\\/dormalab.com\\\/fr\\\/therapie-positionnelle\\\/\",\"name\":\"Th\u00e9rapie positionnelle - Clinique du sommeil - Dormalab\",\"isPartOf\":{\"@id\":\"https:\\\/\\\/dormalab.com\\\/fr\\\/#website\"},\"datePublished\":\"2019-12-16T18:35:46+00:00\",\"dateModified\":\"2021-05-18T17:51:20+00:00\",\"description\":\"La th\u00e9rapie positionnelle pour l\u2019apn\u00e9e du sommeil est \u00e9galement une alternative encourageante qui peut \u00eatre un compl\u00e9ment efficace au CPAP.\",\"breadcrumb\":{\"@id\":\"https:\\\/\\\/dormalab.com\\\/fr\\\/therapie-positionnelle\\\/#breadcrumb\"},\"inLanguage\":\"fr-FR\",\"potentialAction\":[{\"@type\":\"ReadAction\",\"target\":[\"https:\\\/\\\/dormalab.com\\\/fr\\\/therapie-positionnelle\\\/\"]}]},{\"@type\":\"BreadcrumbList\",\"@id\":\"https:\\\/\\\/dormalab.com\\\/fr\\\/therapie-positionnelle\\\/#breadcrumb\",\"itemListElement\":[{\"@type\":\"ListItem\",\"position\":1,\"name\":\"Home\",\"item\":\"https:\\\/\\\/dormalab.com\\\/fr\\\/\"},{\"@type\":\"ListItem\",\"position\":2,\"name\":\"Th\u00e9rapie positionnelle\"}]},{\"@type\":\"WebSite\",\"@id\":\"https:\\\/\\\/dormalab.com\\\/fr\\\/#website\",\"url\":\"https:\\\/\\\/dormalab.com\\\/fr\\\/\",\"name\":\"Dorma Sleep Clinics\",\"description\":\"Sleep Well Live Well\",\"publisher\":{\"@id\":\"https:\\\/\\\/dormalab.com\\\/fr\\\/#organization\"},\"potentialAction\":[{\"@type\":\"SearchAction\",\"target\":{\"@type\":\"EntryPoint\",\"urlTemplate\":\"https:\\\/\\\/dormalab.com\\\/fr\\\/?s={search_term_string}\"},\"query-input\":{\"@type\":\"PropertyValueSpecification\",\"valueRequired\":true,\"valueName\":\"search_term_string\"}}],\"inLanguage\":\"fr-FR\"},{\"@type\":\"Organization\",\"@id\":\"https:\\\/\\\/dormalab.com\\\/fr\\\/#organization\",\"name\":\"Dorma Clinique Du Sommeil\",\"url\":\"https:\\\/\\\/dormalab.com\\\/fr\\\/\",\"logo\":{\"@type\":\"ImageObject\",\"inLanguage\":\"fr-FR\",\"@id\":\"https:\\\/\\\/dormalab.com\\\/fr\\\/#\\\/schema\\\/logo\\\/image\\\/\",\"url\":\"https:\\\/\\\/dormalab.com\\\/wp-content\\\/uploads\\\/2019\\\/10\\\/Dorma-Logotype-RGB-Black-scaled-e1578787470924.png\",\"contentUrl\":\"https:\\\/\\\/dormalab.com\\\/wp-content\\\/uploads\\\/2019\\\/10\\\/Dorma-Logotype-RGB-Black-scaled-e1578787470924.png\",\"width\":120,\"height\":25,\"caption\":\"Dorma Clinique Du Sommeil\"},\"image\":{\"@id\":\"https:\\\/\\\/dormalab.com\\\/fr\\\/#\\\/schema\\\/logo\\\/image\\\/\"}}]}<\/script>\n<!-- \/ Yoast SEO plugin. -->","yoast_head_json":{"title":"Th\u00e9rapie positionnelle - Clinique du sommeil - Dormalab","description":"La th\u00e9rapie positionnelle pour l\u2019apn\u00e9e du sommeil est \u00e9galement une alternative encourageante qui peut \u00eatre un compl\u00e9ment efficace au CPAP.","robots":{"index":"index","follow":"follow","max-snippet":"max-snippet:-1","max-image-preview":"max-image-preview:large","max-video-preview":"max-video-preview:-1"},"canonical":"https:\/\/dormalab.com\/fr\/therapie-positionnelle\/","og_locale":"fr_FR","og_type":"article","og_title":"Th\u00e9rapie positionnelle - Clinique du sommeil - Dormalab","og_description":"La th\u00e9rapie positionnelle pour l\u2019apn\u00e9e du sommeil est \u00e9galement une alternative encourageante qui peut \u00eatre un compl\u00e9ment efficace au CPAP.","og_url":"https:\/\/dormalab.com\/fr\/therapie-positionnelle\/","og_site_name":"Dorma Sleep Clinics","article_modified_time":"2021-05-18T17:51:20+00:00","twitter_card":"summary_large_image","twitter_misc":{"Dur\u00e9e de lecture estim\u00e9e":"4 minute"},"schema":{"@context":"https:\/\/schema.org","@graph":[{"@type":"WebPage","@id":"https:\/\/dormalab.com\/fr\/therapie-positionnelle\/","url":"https:\/\/dormalab.com\/fr\/therapie-positionnelle\/","name":"Th\u00e9rapie positionnelle - Clinique du sommeil - Dormalab","isPartOf":{"@id":"https:\/\/dormalab.com\/fr\/#website"},"datePublished":"2019-12-16T18:35:46+00:00","dateModified":"2021-05-18T17:51:20+00:00","description":"La th\u00e9rapie positionnelle pour l\u2019apn\u00e9e du sommeil est \u00e9galement une alternative encourageante qui peut \u00eatre un compl\u00e9ment efficace au CPAP.","breadcrumb":{"@id":"https:\/\/dormalab.com\/fr\/therapie-positionnelle\/#breadcrumb"},"inLanguage":"fr-FR","potentialAction":[{"@type":"ReadAction","target":["https:\/\/dormalab.com\/fr\/therapie-positionnelle\/"]}]},{"@type":"BreadcrumbList","@id":"https:\/\/dormalab.com\/fr\/therapie-positionnelle\/#breadcrumb","itemListElement":[{"@type":"ListItem","position":1,"name":"Home","item":"https:\/\/dormalab.com\/fr\/"},{"@type":"ListItem","position":2,"name":"Th\u00e9rapie positionnelle"}]},{"@type":"WebSite","@id":"https:\/\/dormalab.com\/fr\/#website","url":"https:\/\/dormalab.com\/fr\/","name":"Dorma Sleep Clinics","description":"Sleep Well Live Well","publisher":{"@id":"https:\/\/dormalab.com\/fr\/#organization"},"potentialAction":[{"@type":"SearchAction","target":{"@type":"EntryPoint","urlTemplate":"https:\/\/dormalab.com\/fr\/?s={search_term_string}"},"query-input":{"@type":"PropertyValueSpecification","valueRequired":true,"valueName":"search_term_string"}}],"inLanguage":"fr-FR"},{"@type":"Organization","@id":"https:\/\/dormalab.com\/fr\/#organization","name":"Dorma Clinique Du Sommeil","url":"https:\/\/dormalab.com\/fr\/","logo":{"@type":"ImageObject","inLanguage":"fr-FR","@id":"https:\/\/dormalab.com\/fr\/#\/schema\/logo\/image\/","url":"https:\/\/dormalab.com\/wp-content\/uploads\/2019\/10\/Dorma-Logotype-RGB-Black-scaled-e1578787470924.png","contentUrl":"https:\/\/dormalab.com\/wp-content\/uploads\/2019\/10\/Dorma-Logotype-RGB-Black-scaled-e1578787470924.png","width":120,"height":25,"caption":"Dorma Clinique Du Sommeil"},"image":{"@id":"https:\/\/dormalab.com\/fr\/#\/schema\/logo\/image\/"}}]}},"_links":{"self":[{"href":"https:\/\/dormalab.com\/fr\/wp-json\/wp\/v2\/pages\/4558","targetHints":{"allow":["GET"]}}],"collection":[{"href":"https:\/\/dormalab.com\/fr\/wp-json\/wp\/v2\/pages"}],"about":[{"href":"https:\/\/dormalab.com\/fr\/wp-json\/wp\/v2\/types\/page"}],"author":[{"embeddable":true,"href":"https:\/\/dormalab.com\/fr\/wp-json\/wp\/v2\/users\/20"}],"replies":[{"embeddable":true,"href":"https:\/\/dormalab.com\/fr\/wp-json\/wp\/v2\/comments?post=4558"}],"version-history":[{"count":0,"href":"https:\/\/dormalab.com\/fr\/wp-json\/wp\/v2\/pages\/4558\/revisions"}],"wp:attachment":[{"href":"https:\/\/dormalab.com\/fr\/wp-json\/wp\/v2\/media?parent=4558"}],"curies":[{"name":"wp","href":"https:\/\/api.w.org\/{rel}","templated":true}]}}