{"id":7457,"date":"2020-01-14T09:36:59","date_gmt":"2020-01-14T14:36:59","guid":{"rendered":"https:\/\/dormalab.com\/lapproche-dorma\/"},"modified":"2025-10-07T09:22:24","modified_gmt":"2025-10-07T13:22:24","slug":"approche-dorma","status":"publish","type":"page","link":"https:\/\/dormalab.com\/fr\/approche-dorma\/","title":{"rendered":"L&rsquo;approche Dorma"},"content":{"rendered":"\n<h4 class=\"wp-block-heading\"><strong>Une \u00e9quipe compl\u00e8te de sp\u00e9cialistes en soins du sommeil<\/strong><\/h4>\n\n\n\n<p>Notre \u00e9quipe multidisciplinaire offre une gamme compl\u00e8te de solutions pour les troubles du sommeil. Nous travaillons avec vous pour d\u00e9terminer l\u2019approche la mieux adapt\u00e9e \u00e0 votre condition et \u00e0 vos besoins.<\/p>\n\n\n\n<hr class=\"wp-block-separator has-alpha-channel-opacity\"\/>\n\n\n\n<h3 class=\"wp-block-heading\"><strong>Technologie de pointe<\/strong><\/h3>\n\n\n\n<p>Nous utilisons les plus r\u00e9centes technologies pour simplifier le processus de diagnostic et offrir une exp\u00e9rience plus confortable et accessible \u00e0 nos patients.<\/p>\n\n\n\n<h3 class=\"wp-block-heading\"><strong>Service de qualit\u00e9<\/strong><\/h3>\n\n\n\n<p>Chez Dorma, la satisfaction du patient est au c\u0153ur de nos priorit\u00e9s. Notre \u00e9quipe s\u2019engage \u00e0 offrir un service attentionn\u00e9, efficace et humain, du premier contact jusqu\u2019au suivi.<\/p>\n\n\n\n<hr class=\"wp-block-separator has-alpha-channel-opacity\"\/>\n\n\n\n<h3 class=\"wp-block-heading\"><strong>Des sp\u00e9cialistes d\u2019exp\u00e9rience<\/strong><\/h3>\n\n\n\n<p>Notre \u00e9quipe regroupe des m\u00e9decins pneumologues, chirurgiens ORL et maxillo-faciaux ainsi que des neurologues, r\u00e9unis sous un m\u00eame toit pour une prise en charge compl\u00e8te et coordonn\u00e9e.<\/p>\n\n\n\n<p><\/p>\n","protected":false},"excerpt":{"rendered":"<p>Une \u00e9quipe compl\u00e8te de sp\u00e9cialistes en soins du sommeil Notre \u00e9quipe multidisciplinaire offre une gamme compl\u00e8te de solutions pour les troubles du sommeil. Nous travaillons avec vous pour d\u00e9terminer l\u2019approche la mieux adapt\u00e9e \u00e0 votre condition et \u00e0 vos besoins. Technologie de pointe Nous utilisons les plus r\u00e9centes technologies pour simplifier le processus de diagnostic &#8230; <a title=\"L&rsquo;approche Dorma\" class=\"read-more\" href=\"https:\/\/dormalab.com\/fr\/approche-dorma\/\" aria-label=\"En savoir plus sur L&rsquo;approche Dorma\">Lire la suite<\/a><\/p>\n","protected":false},"author":20,"featured_media":0,"parent":0,"menu_order":0,"comment_status":"closed","ping_status":"closed","template":"","meta":{"footnotes":""},"class_list":["post-7457","page","type-page","status-publish"],"yoast_head":"<!-- This site is optimized with the Yoast SEO plugin v27.3 - https:\/\/yoast.com\/product\/yoast-seo-wordpress\/ -->\n<title>L&#039;approche Dorma: Une \u00e9quipe d\u00e9vou\u00e9e - Dorma Sleep Clinics<\/title>\n<meta name=\"description\" content=\"L&#039;approche Dorma: Nous offrons des consultations en ligne, t\u00e9l\u00e9phoniques et dans nos cliniques pour plus de flexibilit\u00e9, partout au Qu\u00e9bec.\" \/>\n<meta name=\"robots\" content=\"index, follow, max-snippet:-1, max-image-preview:large, max-video-preview:-1\" \/>\n<link rel=\"canonical\" href=\"https:\/\/dormalab.com\/fr\/approche-dorma\/\" \/>\n<meta property=\"og:locale\" content=\"fr_FR\" \/>\n<meta property=\"og:type\" content=\"article\" \/>\n<meta property=\"og:title\" content=\"L&#039;approche Dorma: Une \u00e9quipe d\u00e9vou\u00e9e - Dorma Sleep Clinics\" \/>\n<meta property=\"og:description\" content=\"L&#039;approche Dorma: Nous offrons des consultations en ligne, t\u00e9l\u00e9phoniques et dans nos cliniques pour plus de flexibilit\u00e9, partout au Qu\u00e9bec.\" \/>\n<meta property=\"og:url\" content=\"https:\/\/dormalab.com\/fr\/approche-dorma\/\" \/>\n<meta property=\"og:site_name\" content=\"Dorma Sleep Clinics\" \/>\n<meta property=\"article:modified_time\" content=\"2025-10-07T13:22:24+00:00\" \/>\n<meta name=\"twitter:card\" content=\"summary_large_image\" \/>\n<meta name=\"twitter:label1\" content=\"Dur\u00e9e de lecture estim\u00e9e\" \/>\n\t<meta name=\"twitter:data1\" content=\"1 minute\" \/>\n<script type=\"application\/ld+json\" class=\"yoast-schema-graph\">{\"@context\":\"https:\\\/\\\/schema.org\",\"@graph\":[{\"@type\":\"WebPage\",\"@id\":\"https:\\\/\\\/dormalab.com\\\/fr\\\/approche-dorma\\\/\",\"url\":\"https:\\\/\\\/dormalab.com\\\/fr\\\/approche-dorma\\\/\",\"name\":\"L'approche Dorma: Une \u00e9quipe d\u00e9vou\u00e9e - Dorma Sleep Clinics\",\"isPartOf\":{\"@id\":\"https:\\\/\\\/dormalab.com\\\/fr\\\/#website\"},\"datePublished\":\"2020-01-14T14:36:59+00:00\",\"dateModified\":\"2025-10-07T13:22:24+00:00\",\"description\":\"L'approche Dorma: Nous offrons des consultations en ligne, t\u00e9l\u00e9phoniques et dans nos cliniques pour plus de flexibilit\u00e9, partout au Qu\u00e9bec.\",\"breadcrumb\":{\"@id\":\"https:\\\/\\\/dormalab.com\\\/fr\\\/approche-dorma\\\/#breadcrumb\"},\"inLanguage\":\"fr-FR\",\"potentialAction\":[{\"@type\":\"ReadAction\",\"target\":[\"https:\\\/\\\/dormalab.com\\\/fr\\\/approche-dorma\\\/\"]}]},{\"@type\":\"BreadcrumbList\",\"@id\":\"https:\\\/\\\/dormalab.com\\\/fr\\\/approche-dorma\\\/#breadcrumb\",\"itemListElement\":[{\"@type\":\"ListItem\",\"position\":1,\"name\":\"Home\",\"item\":\"https:\\\/\\\/dormalab.com\\\/fr\\\/\"},{\"@type\":\"ListItem\",\"position\":2,\"name\":\"L&rsquo;approche Dorma\"}]},{\"@type\":\"WebSite\",\"@id\":\"https:\\\/\\\/dormalab.com\\\/fr\\\/#website\",\"url\":\"https:\\\/\\\/dormalab.com\\\/fr\\\/\",\"name\":\"Dorma Sleep Clinics\",\"description\":\"Sleep Well Live Well\",\"publisher\":{\"@id\":\"https:\\\/\\\/dormalab.com\\\/fr\\\/#organization\"},\"potentialAction\":[{\"@type\":\"SearchAction\",\"target\":{\"@type\":\"EntryPoint\",\"urlTemplate\":\"https:\\\/\\\/dormalab.com\\\/fr\\\/?s={search_term_string}\"},\"query-input\":{\"@type\":\"PropertyValueSpecification\",\"valueRequired\":true,\"valueName\":\"search_term_string\"}}],\"inLanguage\":\"fr-FR\"},{\"@type\":\"Organization\",\"@id\":\"https:\\\/\\\/dormalab.com\\\/fr\\\/#organization\",\"name\":\"Dorma Clinique Du Sommeil\",\"url\":\"https:\\\/\\\/dormalab.com\\\/fr\\\/\",\"logo\":{\"@type\":\"ImageObject\",\"inLanguage\":\"fr-FR\",\"@id\":\"https:\\\/\\\/dormalab.com\\\/fr\\\/#\\\/schema\\\/logo\\\/image\\\/\",\"url\":\"https:\\\/\\\/dormalab.com\\\/wp-content\\\/uploads\\\/2019\\\/10\\\/Dorma-Logotype-RGB-Black-scaled-e1578787470924.png\",\"contentUrl\":\"https:\\\/\\\/dormalab.com\\\/wp-content\\\/uploads\\\/2019\\\/10\\\/Dorma-Logotype-RGB-Black-scaled-e1578787470924.png\",\"width\":120,\"height\":25,\"caption\":\"Dorma Clinique Du Sommeil\"},\"image\":{\"@id\":\"https:\\\/\\\/dormalab.com\\\/fr\\\/#\\\/schema\\\/logo\\\/image\\\/\"}}]}<\/script>\n<!-- \/ Yoast SEO plugin. -->","yoast_head_json":{"title":"L'approche Dorma: Une \u00e9quipe d\u00e9vou\u00e9e - Dorma Sleep Clinics","description":"L'approche Dorma: Nous offrons des consultations en ligne, t\u00e9l\u00e9phoniques et dans nos cliniques pour plus de flexibilit\u00e9, partout au Qu\u00e9bec.","robots":{"index":"index","follow":"follow","max-snippet":"max-snippet:-1","max-image-preview":"max-image-preview:large","max-video-preview":"max-video-preview:-1"},"canonical":"https:\/\/dormalab.com\/fr\/approche-dorma\/","og_locale":"fr_FR","og_type":"article","og_title":"L'approche Dorma: Une \u00e9quipe d\u00e9vou\u00e9e - Dorma Sleep Clinics","og_description":"L'approche Dorma: Nous offrons des consultations en ligne, t\u00e9l\u00e9phoniques et dans nos cliniques pour plus de flexibilit\u00e9, partout au Qu\u00e9bec.","og_url":"https:\/\/dormalab.com\/fr\/approche-dorma\/","og_site_name":"Dorma Sleep Clinics","article_modified_time":"2025-10-07T13:22:24+00:00","twitter_card":"summary_large_image","twitter_misc":{"Dur\u00e9e de lecture estim\u00e9e":"1 minute"},"schema":{"@context":"https:\/\/schema.org","@graph":[{"@type":"WebPage","@id":"https:\/\/dormalab.com\/fr\/approche-dorma\/","url":"https:\/\/dormalab.com\/fr\/approche-dorma\/","name":"L'approche Dorma: Une \u00e9quipe d\u00e9vou\u00e9e - Dorma Sleep Clinics","isPartOf":{"@id":"https:\/\/dormalab.com\/fr\/#website"},"datePublished":"2020-01-14T14:36:59+00:00","dateModified":"2025-10-07T13:22:24+00:00","description":"L'approche Dorma: Nous offrons des consultations en ligne, t\u00e9l\u00e9phoniques et dans nos cliniques pour plus de flexibilit\u00e9, partout au Qu\u00e9bec.","breadcrumb":{"@id":"https:\/\/dormalab.com\/fr\/approche-dorma\/#breadcrumb"},"inLanguage":"fr-FR","potentialAction":[{"@type":"ReadAction","target":["https:\/\/dormalab.com\/fr\/approche-dorma\/"]}]},{"@type":"BreadcrumbList","@id":"https:\/\/dormalab.com\/fr\/approche-dorma\/#breadcrumb","itemListElement":[{"@type":"ListItem","position":1,"name":"Home","item":"https:\/\/dormalab.com\/fr\/"},{"@type":"ListItem","position":2,"name":"L&rsquo;approche Dorma"}]},{"@type":"WebSite","@id":"https:\/\/dormalab.com\/fr\/#website","url":"https:\/\/dormalab.com\/fr\/","name":"Dorma Sleep Clinics","description":"Sleep Well Live Well","publisher":{"@id":"https:\/\/dormalab.com\/fr\/#organization"},"potentialAction":[{"@type":"SearchAction","target":{"@type":"EntryPoint","urlTemplate":"https:\/\/dormalab.com\/fr\/?s={search_term_string}"},"query-input":{"@type":"PropertyValueSpecification","valueRequired":true,"valueName":"search_term_string"}}],"inLanguage":"fr-FR"},{"@type":"Organization","@id":"https:\/\/dormalab.com\/fr\/#organization","name":"Dorma Clinique Du Sommeil","url":"https:\/\/dormalab.com\/fr\/","logo":{"@type":"ImageObject","inLanguage":"fr-FR","@id":"https:\/\/dormalab.com\/fr\/#\/schema\/logo\/image\/","url":"https:\/\/dormalab.com\/wp-content\/uploads\/2019\/10\/Dorma-Logotype-RGB-Black-scaled-e1578787470924.png","contentUrl":"https:\/\/dormalab.com\/wp-content\/uploads\/2019\/10\/Dorma-Logotype-RGB-Black-scaled-e1578787470924.png","width":120,"height":25,"caption":"Dorma Clinique Du Sommeil"},"image":{"@id":"https:\/\/dormalab.com\/fr\/#\/schema\/logo\/image\/"}}]}},"_links":{"self":[{"href":"https:\/\/dormalab.com\/fr\/wp-json\/wp\/v2\/pages\/7457","targetHints":{"allow":["GET"]}}],"collection":[{"href":"https:\/\/dormalab.com\/fr\/wp-json\/wp\/v2\/pages"}],"about":[{"href":"https:\/\/dormalab.com\/fr\/wp-json\/wp\/v2\/types\/page"}],"author":[{"embeddable":true,"href":"https:\/\/dormalab.com\/fr\/wp-json\/wp\/v2\/users\/20"}],"replies":[{"embeddable":true,"href":"https:\/\/dormalab.com\/fr\/wp-json\/wp\/v2\/comments?post=7457"}],"version-history":[{"count":1,"href":"https:\/\/dormalab.com\/fr\/wp-json\/wp\/v2\/pages\/7457\/revisions"}],"predecessor-version":[{"id":41105,"href":"https:\/\/dormalab.com\/fr\/wp-json\/wp\/v2\/pages\/7457\/revisions\/41105"}],"wp:attachment":[{"href":"https:\/\/dormalab.com\/fr\/wp-json\/wp\/v2\/media?parent=7457"}],"curies":[{"name":"wp","href":"https:\/\/api.w.org\/{rel}","templated":true}]}}