{"id":7542,"date":"2020-01-14T17:30:25","date_gmt":"2020-01-14T22:30:25","guid":{"rendered":"https:\/\/dormalab.com\/schedule-a-free-consultation\/"},"modified":"2024-11-26T21:25:24","modified_gmt":"2024-11-27T02:25:24","slug":"planifier-une-consultation-gratuite","status":"publish","type":"page","link":"https:\/\/dormalab.com\/fr\/planifier-une-consultation-gratuite\/","title":{"rendered":"Planifiez une consultation gratuite"},"content":{"rendered":"<p>[vc_row][vc_column][vc_column_text]<\/p>\n<h1><span style=\"font-size: 24pt;\">Schedule Your <strong>Free<\/strong> Consultation Online Today or Call <a href=\"tel:\/\/15143607753\">(514) 360-7753<\/a><\/span><\/h1>\n<p>[\/vc_column_text][\/vc_column][\/vc_row][vc_row][vc_column el_id=\u00a0\u00bblocationSelection\u00a0\u00bb][vc_column_text]<\/p>\n<h2 class=\"p1\">Book A Consultation<\/h2>\n<p class=\"p1\">Meet with a sleep specialist in person and treat your sleep disorder. Our specialists will assess your symptoms and provide you support throughout your therapy.<\/p>\n<p>[\/vc_column_text][vc_row_inner][vc_column_inner width=\u00a0\u00bb1\/2&Prime; css=\u00a0\u00bb.vc_custom_1618862455679{margin-right: 5px !important;margin-left: 5px !important;background-color: #f7f7f7 !important;border-radius: 5px !important;}\u00a0\u00bb][vc_column_text]<\/p>\n<h3>Montreal | Downtown<\/h3>\n<p>[\/vc_column_text][vc_gmaps link=\u00a0\u00bb#E-8_JTNDaWZyYW1lJTIwc3JjJTNEJTIyaHR0cHMlM0ElMkYlMkZ3d3cuZ29vZ2xlLmNvbSUyRm1hcHMlMkZlbWJlZCUzRnBiJTNEJTIxMW0xOCUyMTFtMTIlMjExbTMlMjExZDI3OTYuMzc2OTMxOTgzODg0MyUyMTJkLTczLjU2NjYzMTk4NDIzMjI2JTIxM2Q0NS41MDI0OTAzMzg5MDgyNDUlMjEybTMlMjExZjAlMjEyZjAlMjEzZjAlMjEzbTIlMjExaTEwMjQlMjEyaTc2OCUyMTRmMTMuMSUyMTNtMyUyMTFtMiUyMTFzMHg0Y2M5MWE1YjI0OWQyY2ZmJTI1M0EweDFkYjIyMmUwNjU1OWMzMmUlMjEyczEwNTUlMjUyMEJlYXZlciUyNTIwSGFsbCUyNTIwSGlsbCUyNTJDJTI1MjBNb250cmVhbCUyNTJDJTI1MjBRQyUyNTIwSDJaJTI1MjAxUzUlMjE1ZTAlMjEzbTIlMjExc2VuJTIxMnNjYSUyMTR2MTU3ODk2MDE0MzU0MiUyMTVtMiUyMTFzZW4lMjEyc2NhJTIyJTIwd2lkdGglM0QlMjI2MDAlMjIlMjBoZWlnaHQlM0QlMjI0NTAlMjIlMjBmcmFtZWJvcmRlciUzRCUyMjAlMjIlMjBzdHlsZSUzRCUyMmJvcmRlciUzQTAlM0IlMjIlMjBhbGxvd2Z1bGxzY3JlZW4lM0QlMjIlMjIlM0UlM0MlMkZpZnJhbWUlM0U=\u00a0\u00bb size=\u00a0\u00bb300&Prime;][vc_btn title=\u00a0\u00bbBook A Consultation\u00a0\u00bb color=\u00a0\u00bbprimary\u00a0\u00bb size=\u00a0\u00bbsm\u00a0\u00bb link=\u00a0\u00bburl:https%3A%2F%2Fdormalab.com%2Fcontact-us%2F|title:Contact%20Us||\u00a0\u00bb el_class=\u00a0\u00bbfancybox-iframe\u00a0\u00bb css=\u00a0\u00bb.vc_custom_1652888311319{margin-right: 5px !important;}\u00a0\u00bb][vc_btn title=\u00a0\u00bbBook A Follow Up\u00a0\u00bb shape=\u00a0\u00bbsquare\u00a0\u00bb color=\u00a0\u00bbsuccess\u00a0\u00bb size=\u00a0\u00bbsm\u00a0\u00bb link=\u00a0\u00bburl:%2Fschedule-a-free-consultation%3Flocid%3Da2X2E000007dcYZUAY%26sid%3Da2e2E000004xB5SQAU%26sname%3DFollow%2520Up%2520-%2520Respiratory%2520Therapist|||\u00a0\u00bb el_class=\u00a0\u00bbfancybox-iframe\u00a0\u00bb][\/vc_column_inner][vc_column_inner width=\u00a0\u00bb1\/2&Prime; css=\u00a0\u00bb.vc_custom_1618862461504{margin-right: 5px !important;margin-left: 5px !important;background-color: #f7f7f7 !important;border-radius: 5px !important;}\u00a0\u00bb][vc_column_text]<\/p>\n<h3>South-Shore | Longueuil<\/h3>\n<p>[\/vc_column_text][vc_gmaps link=\u00a0\u00bb#E-8_JTNDaWZyYW1lJTIwc3JjJTNEJTIyaHR0cHMlM0ElMkYlMkZ3d3cuZ29vZ2xlLmNvbSUyRm1hcHMlMkZlbWJlZCUzRnBiJTNEJTIxMW0xOCUyMTFtMTIlMjExbTMlMjExZDI3OTQuNjI4NTg5NDgwNDE3OCUyMTJkLTczLjQ2NzY1NTc4NDIzMTQlMjEzZDQ1LjUzNzY3OTEzNjU1ODAxJTIxMm0zJTIxMWYwJTIxMmYwJTIxM2YwJTIxM20yJTIxMWkxMDI0JTIxMmk3NjglMjE0ZjEzLjElMjEzbTMlMjExbTIlMjExczB4NGNjOTA0YTg2YzU3OTg1NSUyNTNBMHhjZGY5Y2Y1MjY1NzQ5YTgyJTIxMnMxMTg1JTI1MjBDaGVtaW4lMjUyMGR1JTI1MjBUcmVtYmxheSUyNTJDJTI1MjBMb25ndWV1aWwlMjUyQyUyNTIwUUMlMjUyMEo0TiUyNTIwMVQ2JTIxNWUwJTIxM20yJTIxMXNlbiUyMTJzY2ElMjE0djE1Nzg5NjAxNzQ5NzMlMjE1bTIlMjExc2VuJTIxMnNjYSUyMiUyMHdpZHRoJTNEJTIyNjAwJTIyJTIwaGVpZ2h0JTNEJTIyNDUwJTIyJTIwZnJhbWVib3JkZXIlM0QlMjIwJTIyJTIwc3R5bGUlM0QlMjJib3JkZXIlM0EwJTNCJTIyJTIwYWxsb3dmdWxsc2NyZWVuJTNEJTIyJTIyJTNFJTNDJTJGaWZyYW1lJTNF\u00a0\u00bb size=\u00a0\u00bb300&Prime;][vc_btn title=\u00a0\u00bbBook A Consultation\u00a0\u00bb color=\u00a0\u00bbprimary\u00a0\u00bb size=\u00a0\u00bbsm\u00a0\u00bb link=\u00a0\u00bburl:%2Fcontact-us%2F|||\u00a0\u00bb el_class=\u00a0\u00bbfancybox-iframe\u00a0\u00bb css=\u00a0\u00bb.vc_custom_1652888319266{margin-right: 5px !important;}\u00a0\u00bb][vc_btn title=\u00a0\u00bbBook A Follow Up\u00a0\u00bb shape=\u00a0\u00bbsquare\u00a0\u00bb color=\u00a0\u00bbsuccess\u00a0\u00bb size=\u00a0\u00bbsm\u00a0\u00bb link=\u00a0\u00bburl:%2Fschedule-a-free-consultation%3Flocid%3Da2X2E000007dcYeUAI%26sid%3Da2e2E000004xB5SQAU%26sname%3DFollow%2520Up%2520-%2520Respiratory%2520Therapist|||\u00a0\u00bb][\/vc_column_inner][\/vc_row_inner][vc_row_inner][vc_column_inner width=\u00a0\u00bb1\/2&Prime; css=\u00a0\u00bb.vc_custom_1618862455679{margin-right: 5px !important;margin-left: 5px !important;background-color: #f7f7f7 !important;border-radius: 5px !important;}\u00a0\u00bb][vc_column_text]<\/p>\n<h3>Laval<\/h3>\n<p>[\/vc_column_text][vc_gmaps link=\u00a0\u00bb#E-8_JTNDaWZyYW1lJTIwc3JjJTNEJTIyaHR0cHMlM0ElMkYlMkZ3d3cuZ29vZ2xlLmNvbSUyRm1hcHMlMkZlbWJlZCUzRnBiJTNEJTIxMW0xNCUyMTFtOCUyMTFtMyUyMTFkMTExNzAuNzA2NDU2NTU3NjkxJTIxMmQtNzMuNzEwOTY3NSUyMTNkNDUuNTc2OTQxNCUyMTNtMiUyMTFpMTAyNCUyMTJpNzY4JTIxNGYxMy4xJTIxM20zJTIxMW0yJTIxMXMweDRjYzkyMWFlNGI5NDVlODUlMjUzQTB4NzEzMTA2YjQ5ZDhkNmMzNiUyMTJzRG9ybWElMjUyMC0lMjUyMENsaW5pcXVlJTI1MjBkdSUyNTIwU29tbWVpbCUyNTIwLSUyNTIwTGF2YWwlMjE1ZTAlMjEzbTIlMjExc2VuJTIxMnNjYSUyMTR2MTY5NDQ2NTIyODg3OCUyMTVtMiUyMTFzZW4lMjEyc2NhJTIyJTIwd2lkdGglM0QlMjI2MDAlMjIlMjBoZWlnaHQlM0QlMjI0NTAlMjIlMjBzdHlsZSUzRCUyMmJvcmRlciUzQTAlM0IlMjIlMjBhbGxvd2Z1bGxzY3JlZW4lM0QlMjIlMjIlMjBsb2FkaW5nJTNEJTIybGF6eSUyMiUyMHJlZmVycmVycG9saWN5JTNEJTIybm8tcmVmZXJyZXItd2hlbi1kb3duZ3JhZGUlMjIlM0UlM0MlMkZpZnJhbWUlM0U=\u00a0\u00bb size=\u00a0\u00bb300&Prime;][vc_btn title=\u00a0\u00bbBook A Consultation\u00a0\u00bb color=\u00a0\u00bbprimary\u00a0\u00bb size=\u00a0\u00bbsm\u00a0\u00bb link=\u00a0\u00bburl:%2Fcontact-us%2F|||\u00a0\u00bb el_class=\u00a0\u00bbfancybox-iframe\u00a0\u00bb css=\u00a0\u00bb.vc_custom_1652888333279{margin-right: 5px !important;}\u00a0\u00bb][\/vc_column_inner][vc_column_inner width=\u00a0\u00bb1\/2&Prime; css=\u00a0\u00bb.vc_custom_1618862461504{margin-right: 5px !important;margin-left: 5px !important;background-color: #f7f7f7 !important;border-radius: 5px !important;}\u00a0\u00bb][vc_column_text]<\/p>\n<h3>Mont-Saint-Hilaire<\/h3>\n<p>[\/vc_column_text][vc_gmaps link=\u00a0\u00bb#E-8_JTNDaWZyYW1lJTIwc3JjJTNEJTIyaHR0cHMlM0ElMkYlMkZ3d3cuZ29vZ2xlLmNvbSUyRm1hcHMlMkZlbWJlZCUzRnBiJTNEJTIxMW0xOCUyMTFtMTIlMjExbTMlMjExZDI3OTMuMjUxNDA3NDc3NDg4NiUyMTJkLTczLjE4NTMwMjU4NDQzOTIxJTIxM2Q0NS41NjUzODI2NzkxMDIxNyUyMTJtMyUyMTFmMCUyMTJmMCUyMTNmMCUyMTNtMiUyMTFpMTAyNCUyMTJpNzY4JTIxNGYxMy4xJTIxM20zJTIxMW0yJTIxMXMweDRjYzlhYjJmNjg0ZmZjMjMlMjUzQTB4NTVmMTNmZGM1OTcwNjhhJTIxMnM0NTAlMjUyMEJvdWxldmFyZCUyNTIwU2lyJTI1MjBXaWxmcmlkJTI1MjBMYXVyaWVyJTI1MkMlMjUyME1vbnQtU2FpbnQtSGlsYWlyZSUyNTJDJTI1MjBRQyUyNTIwSjNIJTI1MjAzTjklMjE1ZTAlMjEzbTIlMjExc2VuJTIxMnNjYSUyMTR2MTYxODkzMDMwMjcyMCUyMTVtMiUyMTFzZW4lMjEyc2NhJTIyJTIwd2lkdGglM0QlMjI2MDAlMjIlMjBoZWlnaHQlM0QlMjI0NTAlMjIlMjBzdHlsZSUzRCUyMmJvcmRlciUzQTAlM0IlMjIlMjBhbGxvd2Z1bGxzY3JlZW4lM0QlMjIlMjIlMjBsb2FkaW5nJTNEJTIybGF6eSUyMiUzRSUzQyUyRmlmcmFtZSUzRQ==\u00a0\u00bb size=\u00a0\u00bb300&Prime;][vc_btn title=\u00a0\u00bbBook A Consultation\u00a0\u00bb color=\u00a0\u00bbprimary\u00a0\u00bb size=\u00a0\u00bbsm\u00a0\u00bb link=\u00a0\u00bburl:%2Fcontact-us%2F|||\u00a0\u00bb el_class=\u00a0\u00bbfancybox-iframe\u00a0\u00bb css=\u00a0\u00bb.vc_custom_1652888340554{margin-right: 5px !important;}\u00a0\u00bb][vc_btn title=\u00a0\u00bbBook A Follow Up\u00a0\u00bb shape=\u00a0\u00bbsquare\u00a0\u00bb color=\u00a0\u00bbsuccess\u00a0\u00bb size=\u00a0\u00bbsm\u00a0\u00bb link=\u00a0\u00bburl:%2Fschedule-a-free-consultation%3Flocid%3Da2X2E000007dcalUAA%26sid%3Da2e2E000004xB5SQAU%26sname%3DFollow%2520Up%2520-%2520Respiratory%2520Therapist|||\u00a0\u00bb][\/vc_column_inner][\/vc_row_inner][vc_row_inner][vc_column_inner width=\u00a0\u00bb1\/2&Prime; css=\u00a0\u00bb.vc_custom_1618862455679{margin-right: 5px !important;margin-left: 5px !important;background-color: #f7f7f7 !important;border-radius: 5px !important;}\u00a0\u00bb][vc_column_text]<\/p>\n<h3>St-J\u00e9r\u00f4me<\/h3>\n<p>[\/vc_column_text][vc_gmaps link=\u00a0\u00bb#E-8_JTNDaWZyYW1lJTIwc3JjJTNEJTIyaHR0cHMlM0ElMkYlMkZ3d3cuZ29vZ2xlLmNvbSUyRm1hcHMlMkZlbWJlZCUzRnBiJTNEJTIxMW0xNCUyMTFtOCUyMTFtMyUyMTFkMTExMzIuODc4NTIwODgxMzglMjEyZC03NC4wMDE1NTIxJTIxM2Q0NS43NjY3ODg1JTIxM20yJTIxMWkxMDI0JTIxMmk3NjglMjE0ZjEzLjElMjEzbTMlMjExbTIlMjExczB4NGNjZjJiMTVhMzk1M2E4OSUyNTNBMHgzOThkM2M3ODAzNjIxYjcxJTIxMnNEb3JtYSUyNTIwLSUyNTIwQ2xpbmlxdWUlMjUyMGR1JTI1MjBTb21tZWlsJTI1MjAtJTI1MjBTdC1KJTI1QzMlMjVBOXIlMjVDMyUyNUI0bWUlMjE1ZTAlMjEzbTIlMjExc2VuJTIxMnNjYSUyMTR2MTY5NDQ2NTI1NDE3OSUyMTVtMiUyMTFzZW4lMjEyc2NhJTIyJTIwd2lkdGglM0QlMjI2MDAlMjIlMjBoZWlnaHQlM0QlMjI0NTAlMjIlMjBzdHlsZSUzRCUyMmJvcmRlciUzQTAlM0IlMjIlMjBhbGxvd2Z1bGxzY3JlZW4lM0QlMjIlMjIlMjBsb2FkaW5nJTNEJTIybGF6eSUyMiUyMHJlZmVycmVycG9saWN5JTNEJTIybm8tcmVmZXJyZXItd2hlbi1kb3duZ3JhZGUlMjIlM0UlM0MlMkZpZnJhbWUlM0U=\u00a0\u00bb size=\u00a0\u00bb300&Prime;][vc_btn title=\u00a0\u00bbBook A Consultation\u00a0\u00bb color=\u00a0\u00bbprimary\u00a0\u00bb size=\u00a0\u00bbsm\u00a0\u00bb link=\u00a0\u00bburl:%2Fcontact-us%2F|||\u00a0\u00bb el_class=\u00a0\u00bbfancybox-iframe\u00a0\u00bb css=\u00a0\u00bb.vc_custom_1652888333279{margin-right: 5px !important;}\u00a0\u00bb][\/vc_column_inner][\/vc_row_inner][\/vc_column][\/vc_row][vc_row][vc_column][vc_raw_html]JTIwJTIwJTNDc3R5bGUlM0VpZnJhbWUlN0J3aWR0aCUzQTEwMCUyNSU3RCUzQyUyRnN0eWxlJTNFJTBBJTNDc2NyaXB0JTIwc3JjJTNEJTIyaHR0cHMlM0ElMkYlMkZjZG5qcy5jbG91ZGZsYXJlLmNvbSUyRmFqYXglMkZsaWJzJTJGaWZyYW1lLXJlc2l6ZXIlMkY0LjMuMiUyRmlmcmFtZVJlc2l6ZXIubWluLmpzJTIyJTNFJTNDJTJGc2NyaXB0JTNFJTBBJTNDc2NyaXB0JTNFJTBBalF1ZXJ5JTI4JTIwZG9jdW1lbnQlMjAlMjkucmVhZHklMjhmdW5jdGlvbiUyOCUyOSUyMCU3QiUwQSUwQWpRdWVyeSUyOCUyMiUyM2xvY2F0aW9uU2VsZWN0aW9uJTIyJTI5LmhpZGUlMjglMjklM0IlMEFqUXVlcnklMjglMjIlMjNzY2hlZHVsZUlGcmFtZSUyMiUyOS5oaWRlJTI4JTI5JTNCJTBBJTIwJTIwJTIwJTIwY29uc29sZS5sb2clMjglMjAlMjJ1cGRhdGluZyUyMGlmcmFtZSUyMGJhc2VkJTIwb24lMjBwYXJhbXMlMjIlMjAlMjklM0IlMEFjb25zdCUyMHF1ZXJ5U3RyaW5nJTIwJTNEJTIwd2luZG93LmxvY2F0aW9uLnNlYXJjaCUzQiUwQWNvbnN0JTIwdXJsUGFyYW1zJTIwJTNEJTIwbmV3JTIwVVJMU2VhcmNoUGFyYW1zJTI4cXVlcnlTdHJpbmclMjklM0IlMEFjb25zdCUyMGxvY2F0aW9uSUQlMjAlM0QlMjB1cmxQYXJhbXMuZ2V0JTI4JTI3bG9jaWQlMjclMjklM0IlMEFjb25zdCUyMHNlcnZpY2VJRCUyMCUzRCUyMHVybFBhcmFtcy5nZXQlMjglMjdzaWQlMjclMjklM0IlMEFjb25zdCUyMHNlcnZpY2VOYW1lJTIwJTNEJTIwdXJsUGFyYW1zLmdldCUyOCUyN3NuYW1lJTI3JTI5JTNCJTBBY29uc29sZS5sb2clMjglMjJsb2NhdGlvbklEJTIwaXMlMjAlM0ElMjIlMkJsb2NhdGlvbklEJTI5JTNCJTBBaWYlMjhsb2NhdGlvbklEJTI5JTBBJTdCJTBBdmFyJTIwc2NoZWR1bGVVUkwlMjAlM0QlMjAlMjJodHRwcyUzQSUyRiUyRmNsaW5pcXVlZHVzb21tZWlsZHVncmFuZG1vbnRyZWFsLnNlY3VyZS5mb3JjZS5jb20lMkZib29raW5nJTJGQ19fQm9va2luZ1NjcmVlbiUzRmxuJTNEZW4lMjZwcnYlM0Rkb3JtYSUyNmxvY2lkJTNEJTIyJTJCbG9jYXRpb25JRCUwQWpRdWVyeSUyOCUyMiUyM3NjaGVkdWxlSUZyYW1lJTIyJTI5LnNob3clMjglMjklM0IlMEElN0QlMEFpZiUyOHNlcnZpY2VJRCUyOSU3QiUwQXNjaGVkdWxlVVJMJTIwJTNEJTIwc2NoZWR1bGVVUkwlMjAlMkIlMjIlMjZzaWQlM0QlMjIlMkJzZXJ2aWNlSUQlMEElN0QlMEFpZiUyOHNlcnZpY2VOYW1lJTI5JTdCJTBBc2NoZWR1bGVVUkwlMjAlM0QlMjBzY2hlZHVsZVVSTCUyMCUyQiUyMiUyNnNuYW1lJTNEJTIyJTJCZW5jb2RlVVJJQ29tcG9uZW50JTI4c2VydmljZU5hbWUlMjklMjAlM0IlMEElN0QlMEFpZiUyOCUyMWxvY2F0aW9uSUQlMjklN0IlMEFqUXVlcnklMjglMjIlMjNsb2NhdGlvblNlbGVjdGlvbiUyMiUyOS5zaG93JTI4JTI5JTNCJTBBJTdEJTBBZG9jdW1lbnQuZ2V0RWxlbWVudEJ5SWQlMjglMjJzY2hlZHVsZUlGcmFtZSUyMiUyOS5zcmMlMjAlM0QlMjBzY2hlZHVsZVVSTCUzQiUwQWNvbnNvbGUubG9nJTI4JTIyc2NoZWR1bGVVUkwlM0ElMjAlMjIlMkJzY2hlZHVsZVVSTCUyOSUzQiUwQSU3RCUyOSUzQiUwQSUwQSUwQSUzQyUyRnNjcmlwdCUzRSUwQSUzQ2lmcmFtZSUyMGlkJTNEJTIyc2NoZWR1bGVJRnJhbWUlMjIlMjBkYXRhLWhqLWFsbG93LWlmcmFtZSUzRCUyMiUyMiUyMG9ubG9hZCUzRCUyMmlGcmFtZVJlc2l6ZSUyOCU3QiUwQWxvZyUzQXRydWUlMkMlMEF0b2xlcmFuY2UlM0ElMjAxNDAlMkMlMEFjaGVja09yaWdpbiUzQSUyMGZhbHNlJTJDJTBBJTIwJTIwJTIwJTIwcmVzaXplZENhbGxiYWNrJTIwJTNBJTIwZnVuY3Rpb24lMjhpbmZvJTI5JTdCJTIwJTBBJTIwJTIwJTIwJTIwJTIwJTIwJTIwJTIwY29uc29sZS5sb2clMjglMjdYWFhYWFhYWCUyQVglMkFYJTJBWCUyQVglMkFYJTJBWCUyNyUyQ2luZm8lMjklM0IlMEElMjAlMjAlMjAlMjAlMjAlMjAlMjAlMjBqUXVlcnklMjglMjclMjNzY2hlZHVsZUlGcmFtZSUyNyUyOS5zdG9wJTI4dHJ1ZSUyQyUyMHRydWUlMjklM0IlMEElMjAlMjAlMjAlMjAlMjAlMjAlMjAlMjBqUXVlcnklMjglNUJkb2N1bWVudC5kb2N1bWVudEVsZW1lbnQlMkMlMjBkb2N1bWVudC5ib2R5JTVEJTI5LnN0b3AlMjh0cnVlJTJDJTIwdHJ1ZSUyOSUzQiUwQSUyMCUyMCUyMCUyMCUyMCUyMCUyMCUyMCUwQSUyMCUyMCUyMCUyMCUyMCUyMCUyMCUyMCUyMCUyMCUyMCUyMCUyMCUyMCUyMCUyMCUyMCUyMCUyMCUyMGlmJTI4alF1ZXJ5JTI4JTI3JTIzc2NoZWR1bGVJRnJhbWUlMjclMjkuaXMlMjglMjclM0F2aXNpYmxlJTI3JTI5JTI5JTdCJTBBJTIwJTIwJTIwJTIwJTIwJTIwJTIwJTIwJTIwJTIwJTIwJTIwJTIwJTIwJTIwJTIwY29uc29sZS5sb2clMjglMjdCUyUyMCUyMGlzJTIwdmlzaWJsZS4lMjclMjklM0IlMEElMjAlMjAlMjAlMjAlMjAlMjAlMjAlMjAlMjAlMjAlMjAlMjAlMjAlMjAlMjAlMjAlMjAlMjAlMjAlMjBqUXVlcnklMjglNUJkb2N1bWVudC5kb2N1bWVudEVsZW1lbnQlMkMlMjBkb2N1bWVudC5ib2R5JTVEJTI5LmFuaW1hdGUlMjglN0IlMEElMjAlMjAlMjAlMjAlMjAlMjAlMjAlMjBzY3JvbGxUb3AlM0ElMjBqUXVlcnklMjglMjclMjNzY2hlZHVsZUlGcmFtZSUyNyUyOS5vZmZzZXQlMjglMjkudG9wJTBBJTIwJTIwJTIwJTIwJTdEJTJDJTIwMTAwMCUyOSUzQiUwQSUyMCUyMCUyMCUyMCUyMCUyMCUyMCUyMCUyMCUyMCUyMCUyMCU3RCUyMGVsc2UlN0IlMEElMjAlMjAlMjAlMjAlMjAlMjAlMjAlMjAlMjAlMjAlMjAlMjAlMjAlMjAlMjAlMjBjb25zb2xlLmxvZyUyOCUyN0JTJTIwJTIwaXMlMjBoaWRkZW4uJTI3JTI5JTNCJTBBJTIwJTIwJTIwJTIwJTIwJTIwJTIwJTIwJTIwJTIwJTIwJTIwJTdEJTBBJTIwJTIwJTIwJTIwJTdEJTBBJTdEJTJDJTIwJTI3JTIzc2NoZWR1bGVJRnJhbWUlMjclMjklMjIlMjAlMjBzY3JvbGxpbmclM0QlMjJubyUyMiUyMHNyYyUzRCUyMiUyMiUzRSUzQyUyRmlmcmFtZSUzRQ==[\/vc_raw_html][\/vc_column][\/vc_row]<\/p>\n","protected":false},"excerpt":{"rendered":"<p>[vc_row][vc_column][vc_column_text] Schedule Your Free Consultation Online Today or Call (514) 360-7753 [\/vc_column_text][\/vc_column][\/vc_row][vc_row][vc_column el_id=\u00a0\u00bblocationSelection\u00a0\u00bb][vc_column_text] Book A Consultation Meet with a sleep specialist in person and treat your sleep disorder. Our specialists will assess your symptoms and provide you support throughout your therapy. [\/vc_column_text][vc_row_inner][vc_column_inner width=\u00a0\u00bb1\/2&Prime; css=\u00a0\u00bb.vc_custom_1618862455679{margin-right: 5px !important;margin-left: 5px !important;background-color: #f7f7f7 !important;border-radius: 5px !important;}\u00a0\u00bb][vc_column_text] Montreal | Downtown &#8230; <a title=\"Planifiez une consultation gratuite\" class=\"read-more\" href=\"https:\/\/dormalab.com\/fr\/planifier-une-consultation-gratuite\/\" aria-label=\"En savoir plus sur Planifiez une consultation gratuite\">Lire la suite<\/a><\/p>\n","protected":false},"author":20,"featured_media":0,"parent":0,"menu_order":0,"comment_status":"closed","ping_status":"closed","template":"","meta":{"footnotes":""},"class_list":["post-7542","page","type-page","status-publish"],"yoast_head":"<!-- This site is optimized with the Yoast SEO plugin v27.3 - https:\/\/yoast.com\/product\/yoast-seo-wordpress\/ -->\n<title>Planifiez une consultation gratuite - Services de sommeil Dorma<\/title>\n<meta name=\"description\" content=\"Planifiez une consultation gratuite pour les traitements du ronflement, les traitements de l&#039;apn\u00e9e du sommeil et les traitements de l&#039;insomnie avec les sp\u00e9cialistes certifi\u00e9s du sommeil de Dorma.\" \/>\n<meta name=\"robots\" content=\"index, follow, max-snippet:-1, max-image-preview:large, max-video-preview:-1\" \/>\n<link rel=\"canonical\" href=\"https:\/\/dormalab.com\/fr\/planifier-une-consultation-gratuite\/\" \/>\n<meta property=\"og:locale\" content=\"fr_FR\" \/>\n<meta property=\"og:type\" content=\"article\" \/>\n<meta property=\"og:title\" content=\"Planifiez une consultation gratuite - Services de sommeil Dorma\" \/>\n<meta property=\"og:description\" content=\"Planifiez une consultation gratuite pour les traitements du ronflement, les traitements de l&#039;apn\u00e9e du sommeil et les traitements de l&#039;insomnie avec les sp\u00e9cialistes certifi\u00e9s du sommeil de Dorma.\" \/>\n<meta property=\"og:url\" content=\"https:\/\/dormalab.com\/fr\/planifier-une-consultation-gratuite\/\" \/>\n<meta property=\"og:site_name\" content=\"Dorma Sleep Clinics\" \/>\n<meta property=\"article:modified_time\" content=\"2024-11-27T02:25:24+00:00\" \/>\n<meta name=\"twitter:card\" content=\"summary_large_image\" \/>\n<meta name=\"twitter:label1\" content=\"Dur\u00e9e de lecture estim\u00e9e\" \/>\n\t<meta name=\"twitter:data1\" content=\"1 minute\" \/>\n<script type=\"application\/ld+json\" class=\"yoast-schema-graph\">{\"@context\":\"https:\\\/\\\/schema.org\",\"@graph\":[{\"@type\":\"WebPage\",\"@id\":\"https:\\\/\\\/dormalab.com\\\/fr\\\/planifier-une-consultation-gratuite\\\/\",\"url\":\"https:\\\/\\\/dormalab.com\\\/fr\\\/planifier-une-consultation-gratuite\\\/\",\"name\":\"Planifiez une consultation gratuite - Services de sommeil Dorma\",\"isPartOf\":{\"@id\":\"https:\\\/\\\/dormalab.com\\\/fr\\\/#website\"},\"datePublished\":\"2020-01-14T22:30:25+00:00\",\"dateModified\":\"2024-11-27T02:25:24+00:00\",\"description\":\"Planifiez une consultation gratuite pour les traitements du ronflement, les traitements de l'apn\u00e9e du sommeil et les traitements de l'insomnie avec les sp\u00e9cialistes certifi\u00e9s du sommeil de Dorma.\",\"breadcrumb\":{\"@id\":\"https:\\\/\\\/dormalab.com\\\/fr\\\/planifier-une-consultation-gratuite\\\/#breadcrumb\"},\"inLanguage\":\"fr-FR\",\"potentialAction\":[{\"@type\":\"ReadAction\",\"target\":[\"https:\\\/\\\/dormalab.com\\\/fr\\\/planifier-une-consultation-gratuite\\\/\"]}]},{\"@type\":\"BreadcrumbList\",\"@id\":\"https:\\\/\\\/dormalab.com\\\/fr\\\/planifier-une-consultation-gratuite\\\/#breadcrumb\",\"itemListElement\":[{\"@type\":\"ListItem\",\"position\":1,\"name\":\"Home\",\"item\":\"https:\\\/\\\/dormalab.com\\\/fr\\\/\"},{\"@type\":\"ListItem\",\"position\":2,\"name\":\"Planifiez une consultation gratuite\"}]},{\"@type\":\"WebSite\",\"@id\":\"https:\\\/\\\/dormalab.com\\\/fr\\\/#website\",\"url\":\"https:\\\/\\\/dormalab.com\\\/fr\\\/\",\"name\":\"Dorma Sleep Clinics\",\"description\":\"Sleep Well Live Well\",\"publisher\":{\"@id\":\"https:\\\/\\\/dormalab.com\\\/fr\\\/#organization\"},\"potentialAction\":[{\"@type\":\"SearchAction\",\"target\":{\"@type\":\"EntryPoint\",\"urlTemplate\":\"https:\\\/\\\/dormalab.com\\\/fr\\\/?s={search_term_string}\"},\"query-input\":{\"@type\":\"PropertyValueSpecification\",\"valueRequired\":true,\"valueName\":\"search_term_string\"}}],\"inLanguage\":\"fr-FR\"},{\"@type\":\"Organization\",\"@id\":\"https:\\\/\\\/dormalab.com\\\/fr\\\/#organization\",\"name\":\"Dorma Clinique Du Sommeil\",\"url\":\"https:\\\/\\\/dormalab.com\\\/fr\\\/\",\"logo\":{\"@type\":\"ImageObject\",\"inLanguage\":\"fr-FR\",\"@id\":\"https:\\\/\\\/dormalab.com\\\/fr\\\/#\\\/schema\\\/logo\\\/image\\\/\",\"url\":\"https:\\\/\\\/dormalab.com\\\/wp-content\\\/uploads\\\/2019\\\/10\\\/Dorma-Logotype-RGB-Black-scaled-e1578787470924.png\",\"contentUrl\":\"https:\\\/\\\/dormalab.com\\\/wp-content\\\/uploads\\\/2019\\\/10\\\/Dorma-Logotype-RGB-Black-scaled-e1578787470924.png\",\"width\":120,\"height\":25,\"caption\":\"Dorma Clinique Du Sommeil\"},\"image\":{\"@id\":\"https:\\\/\\\/dormalab.com\\\/fr\\\/#\\\/schema\\\/logo\\\/image\\\/\"}}]}<\/script>\n<!-- \/ Yoast SEO plugin. -->","yoast_head_json":{"title":"Planifiez une consultation gratuite - Services de sommeil Dorma","description":"Planifiez une consultation gratuite pour les traitements du ronflement, les traitements de l'apn\u00e9e du sommeil et les traitements de l'insomnie avec les sp\u00e9cialistes certifi\u00e9s du sommeil de Dorma.","robots":{"index":"index","follow":"follow","max-snippet":"max-snippet:-1","max-image-preview":"max-image-preview:large","max-video-preview":"max-video-preview:-1"},"canonical":"https:\/\/dormalab.com\/fr\/planifier-une-consultation-gratuite\/","og_locale":"fr_FR","og_type":"article","og_title":"Planifiez une consultation gratuite - Services de sommeil Dorma","og_description":"Planifiez une consultation gratuite pour les traitements du ronflement, les traitements de l'apn\u00e9e du sommeil et les traitements de l'insomnie avec les sp\u00e9cialistes certifi\u00e9s du sommeil de Dorma.","og_url":"https:\/\/dormalab.com\/fr\/planifier-une-consultation-gratuite\/","og_site_name":"Dorma Sleep Clinics","article_modified_time":"2024-11-27T02:25:24+00:00","twitter_card":"summary_large_image","twitter_misc":{"Dur\u00e9e de lecture estim\u00e9e":"1 minute"},"schema":{"@context":"https:\/\/schema.org","@graph":[{"@type":"WebPage","@id":"https:\/\/dormalab.com\/fr\/planifier-une-consultation-gratuite\/","url":"https:\/\/dormalab.com\/fr\/planifier-une-consultation-gratuite\/","name":"Planifiez une consultation gratuite - Services de sommeil Dorma","isPartOf":{"@id":"https:\/\/dormalab.com\/fr\/#website"},"datePublished":"2020-01-14T22:30:25+00:00","dateModified":"2024-11-27T02:25:24+00:00","description":"Planifiez une consultation gratuite pour les traitements du ronflement, les traitements de l'apn\u00e9e du sommeil et les traitements de l'insomnie avec les sp\u00e9cialistes certifi\u00e9s du sommeil de Dorma.","breadcrumb":{"@id":"https:\/\/dormalab.com\/fr\/planifier-une-consultation-gratuite\/#breadcrumb"},"inLanguage":"fr-FR","potentialAction":[{"@type":"ReadAction","target":["https:\/\/dormalab.com\/fr\/planifier-une-consultation-gratuite\/"]}]},{"@type":"BreadcrumbList","@id":"https:\/\/dormalab.com\/fr\/planifier-une-consultation-gratuite\/#breadcrumb","itemListElement":[{"@type":"ListItem","position":1,"name":"Home","item":"https:\/\/dormalab.com\/fr\/"},{"@type":"ListItem","position":2,"name":"Planifiez une consultation gratuite"}]},{"@type":"WebSite","@id":"https:\/\/dormalab.com\/fr\/#website","url":"https:\/\/dormalab.com\/fr\/","name":"Dorma Sleep Clinics","description":"Sleep Well Live Well","publisher":{"@id":"https:\/\/dormalab.com\/fr\/#organization"},"potentialAction":[{"@type":"SearchAction","target":{"@type":"EntryPoint","urlTemplate":"https:\/\/dormalab.com\/fr\/?s={search_term_string}"},"query-input":{"@type":"PropertyValueSpecification","valueRequired":true,"valueName":"search_term_string"}}],"inLanguage":"fr-FR"},{"@type":"Organization","@id":"https:\/\/dormalab.com\/fr\/#organization","name":"Dorma Clinique Du Sommeil","url":"https:\/\/dormalab.com\/fr\/","logo":{"@type":"ImageObject","inLanguage":"fr-FR","@id":"https:\/\/dormalab.com\/fr\/#\/schema\/logo\/image\/","url":"https:\/\/dormalab.com\/wp-content\/uploads\/2019\/10\/Dorma-Logotype-RGB-Black-scaled-e1578787470924.png","contentUrl":"https:\/\/dormalab.com\/wp-content\/uploads\/2019\/10\/Dorma-Logotype-RGB-Black-scaled-e1578787470924.png","width":120,"height":25,"caption":"Dorma Clinique Du Sommeil"},"image":{"@id":"https:\/\/dormalab.com\/fr\/#\/schema\/logo\/image\/"}}]}},"_links":{"self":[{"href":"https:\/\/dormalab.com\/fr\/wp-json\/wp\/v2\/pages\/7542","targetHints":{"allow":["GET"]}}],"collection":[{"href":"https:\/\/dormalab.com\/fr\/wp-json\/wp\/v2\/pages"}],"about":[{"href":"https:\/\/dormalab.com\/fr\/wp-json\/wp\/v2\/types\/page"}],"author":[{"embeddable":true,"href":"https:\/\/dormalab.com\/fr\/wp-json\/wp\/v2\/users\/20"}],"replies":[{"embeddable":true,"href":"https:\/\/dormalab.com\/fr\/wp-json\/wp\/v2\/comments?post=7542"}],"version-history":[{"count":0,"href":"https:\/\/dormalab.com\/fr\/wp-json\/wp\/v2\/pages\/7542\/revisions"}],"wp:attachment":[{"href":"https:\/\/dormalab.com\/fr\/wp-json\/wp\/v2\/media?parent=7542"}],"curies":[{"name":"wp","href":"https:\/\/api.w.org\/{rel}","templated":true}]}}