{"id":7925,"date":"2020-01-15T07:55:15","date_gmt":"2020-01-15T12:55:15","guid":{"rendered":"https:\/\/dormalab.com\/septoplastie\/"},"modified":"2024-11-26T21:25:41","modified_gmt":"2024-11-27T02:25:41","slug":"septoplastie","status":"publish","type":"page","link":"https:\/\/dormalab.com\/fr\/septoplastie\/","title":{"rendered":"Septoplastie"},"content":{"rendered":"\t\t<div data-elementor-type=\"wp-page\" data-elementor-id=\"7925\" class=\"elementor elementor-7925 elementor-7920\" data-elementor-post-type=\"page\">\n\t\t\t\t<div class=\"elementor-element elementor-element-2ebc0a35 e-flex e-con-boxed e-con e-parent\" data-id=\"2ebc0a35\" data-element_type=\"container\" data-e-type=\"container\">\n\t\t\t\t\t<div class=\"e-con-inner\">\n\t\t\t\t<div class=\"elementor-element elementor-element-9320c43 elementor-widget elementor-widget-text-editor\" data-id=\"9320c43\" data-element_type=\"widget\" data-e-type=\"widget\" data-widget_type=\"text-editor.default\">\n\t\t\t\t<div class=\"elementor-widget-container\">\n\t\t\t\t\t\t\t\t\t<p>Le septum nasal est l&rsquo;os et le cartilage dans le nez qui s\u00e9pare la cavit\u00e9 nasale en deux narines. Une d\u00e9viation du septum (d\u00e9viation du septum d&rsquo;un c\u00f4t\u00e9 ou de l&rsquo;autre) peut provoquer une obstruction dans l&rsquo;une ou l&rsquo;autre des narines. La septoplastie est r\u00e9alis\u00e9e pour corriger l&rsquo;alignement du septum nasal. Au cours de cette proc\u00e9dure, le septum nasal est repositionn\u00e9.   <br \/><img fetchpriority=\"high\" decoding=\"async\" class=\" wp-image-7922 alignleft\" src=\"https:\/\/dormalab.com\/wp-content\/uploads\/2020\/01\/clinique-sommeil-grand-montreal-chirurgie-nasale-nose-surgery-septum.jpg\" alt=\"\" width=\"264\" height=\"211\"><\/p>\n<p>Votre m\u00e9decin peut effectuer cette op\u00e9ration en conjonction avec d&rsquo;autres interventions chirurgicales car elle est r\u00e9alis\u00e9e sous anesth\u00e9sie g\u00e9n\u00e9rale ou locale \u00e0 l&rsquo;h\u00f4pital ou \u00e0 la clinique.<\/p>\n<\/p>\n<p>La septoplastie facilite une respiration normale pour les personnes pr\u00e9sentant une obstruction des voies respiratoires nasales. Le septum nasal peut \u00eatre responsable de l&rsquo;apn\u00e9e du sommeil et du ronflement. <\/p>\n<\/p>\n<h3>La septoplastie peut \u00e9galement<\/h3>\n<ul>\n<li>R\u00e9parer les probl\u00e8mes structurels du septum nasal (par exemple une forme anormale)<\/li>\n<li>Fournir un soulagement des infections sinusales persistantes<\/li>\n<li>Aider \u00e0 r\u00e9soudre les saignements de nez fr\u00e9quents<\/li>\n<\/ul>\n<h3>Risques et mesures de pr\u00e9caution<\/h3>\n<p>Les risques li\u00e9s \u00e0 la septoplastie d\u00e9pendent de plusieurs facteurs, le plus courant \u00e9tant le type d&rsquo;intervention chirurgicale entreprise et la nature du probl\u00e8me. Bien que la septoplastie soit g\u00e9n\u00e9ralement consid\u00e9r\u00e9e comme s\u00fbre, elle est n\u00e9anmoins associ\u00e9e \u00e0 certains risques et effets secondaires, notamment : <\/p>\n<ul>\n<li>changement de la structure du nez<\/li>\n<li>saignement<\/li>\n<li>l\u00e9sions du septum<\/li>\n<li>alt\u00e9ration du sens de l&rsquo;odorat<\/li>\n<li>infection<\/li>\n<li>cicatrices<\/li>\n<li>h\u00e9matome septal<\/li>\n<\/ul>\n<p>Il est \u00e9galement possible de continuer \u00e0 avoir une obstruction, ind\u00e9pendamment de la chirurgie. Avant de proc\u00e9der \u00e0 cette intervention, discutez des risques et des avantages associ\u00e9s \u00e0 cette proc\u00e9dure avec votre m\u00e9decin. <\/p>\n<\/p>\n<p>Une septoplastie est r\u00e9alis\u00e9e par un chirurgien \u00e0 l&rsquo;h\u00f4pital ou \u00e0 la clinique sous anesth\u00e9sie locale ou g\u00e9n\u00e9rale. Une septoplastie r\u00e9tablit une respiration normale chez les patients ayant des voies nasales obstru\u00e9es. Cette obstruction peut contribuer \u00e0 l&rsquo;apn\u00e9e obstructive du sommeil.  <\/p>\n\t\t\t\t\t\t\t\t<\/div>\n\t\t\t\t<\/div>\n\t\t\t\t\t<\/div>\n\t\t\t\t<\/div>\n\t\t\t\t<\/div>\n\t\t","protected":false},"excerpt":{"rendered":"<p>Le septum nasal est l&rsquo;os et le cartilage dans le nez qui s\u00e9pare la cavit\u00e9 nasale en deux narines. Une d\u00e9viation du septum (d\u00e9viation du septum d&rsquo;un c\u00f4t\u00e9 ou de l&rsquo;autre) peut provoquer une obstruction dans l&rsquo;une ou l&rsquo;autre des narines. La septoplastie est r\u00e9alis\u00e9e pour corriger l&rsquo;alignement du septum nasal. Au cours de cette &#8230; <a title=\"Septoplastie\" class=\"read-more\" href=\"https:\/\/dormalab.com\/fr\/septoplastie\/\" aria-label=\"En savoir plus sur Septoplastie\">Lire la suite<\/a><\/p>\n","protected":false},"author":20,"featured_media":0,"parent":0,"menu_order":0,"comment_status":"closed","ping_status":"closed","template":"","meta":{"footnotes":""},"class_list":["post-7925","page","type-page","status-publish"],"yoast_head":"<!-- This site is optimized with the Yoast SEO plugin v27.3 - https:\/\/yoast.com\/product\/yoast-seo-wordpress\/ -->\n<title>Tout ce qu&#039;il faut savoir sur la septoplastie - Dorma Sleep Services<\/title>\n<meta name=\"description\" content=\"Une septoplastie r\u00e9tablit une respiration normale chez les patients ayant des voies nasales obstru\u00e9es. Cette obstruction peut contribuer \u00e0 l&#039;apn\u00e9e du sommeil.\" \/>\n<meta name=\"robots\" content=\"index, follow, max-snippet:-1, max-image-preview:large, max-video-preview:-1\" \/>\n<link rel=\"canonical\" href=\"https:\/\/dormalab.com\/fr\/septoplastie\/\" \/>\n<meta property=\"og:locale\" content=\"fr_FR\" \/>\n<meta property=\"og:type\" content=\"article\" \/>\n<meta property=\"og:title\" content=\"Tout ce qu&#039;il faut savoir sur la septoplastie - Dorma Sleep Services\" \/>\n<meta property=\"og:description\" content=\"Une septoplastie r\u00e9tablit une respiration normale chez les patients ayant des voies nasales obstru\u00e9es. Cette obstruction peut contribuer \u00e0 l&#039;apn\u00e9e du sommeil.\" \/>\n<meta property=\"og:url\" content=\"https:\/\/dormalab.com\/fr\/septoplastie\/\" \/>\n<meta property=\"og:site_name\" content=\"Dorma Sleep Clinics\" \/>\n<meta property=\"article:modified_time\" content=\"2024-11-27T02:25:41+00:00\" \/>\n<meta property=\"og:image\" content=\"https:\/\/dormalab.com\/wp-content\/uploads\/2020\/01\/clinique-sommeil-grand-montreal-chirurgie-nasale-nose-surgery-septum.jpg\" \/>\n<meta name=\"twitter:card\" content=\"summary_large_image\" \/>\n<meta name=\"twitter:label1\" content=\"Dur\u00e9e de lecture estim\u00e9e\" \/>\n\t<meta name=\"twitter:data1\" content=\"2 minute\" \/>\n<script type=\"application\/ld+json\" class=\"yoast-schema-graph\">{\"@context\":\"https:\\\/\\\/schema.org\",\"@graph\":[{\"@type\":\"WebPage\",\"@id\":\"https:\\\/\\\/dormalab.com\\\/fr\\\/septoplastie\\\/\",\"url\":\"https:\\\/\\\/dormalab.com\\\/fr\\\/septoplastie\\\/\",\"name\":\"Tout ce qu'il faut savoir sur la septoplastie - Dorma Sleep Services\",\"isPartOf\":{\"@id\":\"https:\\\/\\\/dormalab.com\\\/fr\\\/#website\"},\"primaryImageOfPage\":{\"@id\":\"https:\\\/\\\/dormalab.com\\\/fr\\\/septoplastie\\\/#primaryimage\"},\"image\":{\"@id\":\"https:\\\/\\\/dormalab.com\\\/fr\\\/septoplastie\\\/#primaryimage\"},\"thumbnailUrl\":\"https:\\\/\\\/dormalab.com\\\/wp-content\\\/uploads\\\/2020\\\/01\\\/clinique-sommeil-grand-montreal-chirurgie-nasale-nose-surgery-septum.jpg\",\"datePublished\":\"2020-01-15T12:55:15+00:00\",\"dateModified\":\"2024-11-27T02:25:41+00:00\",\"description\":\"Une septoplastie r\u00e9tablit une respiration normale chez les patients ayant des voies nasales obstru\u00e9es. Cette obstruction peut contribuer \u00e0 l'apn\u00e9e du sommeil.\",\"breadcrumb\":{\"@id\":\"https:\\\/\\\/dormalab.com\\\/fr\\\/septoplastie\\\/#breadcrumb\"},\"inLanguage\":\"fr-FR\",\"potentialAction\":[{\"@type\":\"ReadAction\",\"target\":[\"https:\\\/\\\/dormalab.com\\\/fr\\\/septoplastie\\\/\"]}]},{\"@type\":\"ImageObject\",\"inLanguage\":\"fr-FR\",\"@id\":\"https:\\\/\\\/dormalab.com\\\/fr\\\/septoplastie\\\/#primaryimage\",\"url\":\"https:\\\/\\\/dormalab.com\\\/wp-content\\\/uploads\\\/2020\\\/01\\\/clinique-sommeil-grand-montreal-chirurgie-nasale-nose-surgery-septum.jpg\",\"contentUrl\":\"https:\\\/\\\/dormalab.com\\\/wp-content\\\/uploads\\\/2020\\\/01\\\/clinique-sommeil-grand-montreal-chirurgie-nasale-nose-surgery-septum.jpg\"},{\"@type\":\"BreadcrumbList\",\"@id\":\"https:\\\/\\\/dormalab.com\\\/fr\\\/septoplastie\\\/#breadcrumb\",\"itemListElement\":[{\"@type\":\"ListItem\",\"position\":1,\"name\":\"Home\",\"item\":\"https:\\\/\\\/dormalab.com\\\/fr\\\/\"},{\"@type\":\"ListItem\",\"position\":2,\"name\":\"Septoplastie\"}]},{\"@type\":\"WebSite\",\"@id\":\"https:\\\/\\\/dormalab.com\\\/fr\\\/#website\",\"url\":\"https:\\\/\\\/dormalab.com\\\/fr\\\/\",\"name\":\"Dorma Sleep Clinics\",\"description\":\"Sleep Well Live Well\",\"publisher\":{\"@id\":\"https:\\\/\\\/dormalab.com\\\/fr\\\/#organization\"},\"potentialAction\":[{\"@type\":\"SearchAction\",\"target\":{\"@type\":\"EntryPoint\",\"urlTemplate\":\"https:\\\/\\\/dormalab.com\\\/fr\\\/?s={search_term_string}\"},\"query-input\":{\"@type\":\"PropertyValueSpecification\",\"valueRequired\":true,\"valueName\":\"search_term_string\"}}],\"inLanguage\":\"fr-FR\"},{\"@type\":\"Organization\",\"@id\":\"https:\\\/\\\/dormalab.com\\\/fr\\\/#organization\",\"name\":\"Dorma Clinique Du Sommeil\",\"url\":\"https:\\\/\\\/dormalab.com\\\/fr\\\/\",\"logo\":{\"@type\":\"ImageObject\",\"inLanguage\":\"fr-FR\",\"@id\":\"https:\\\/\\\/dormalab.com\\\/fr\\\/#\\\/schema\\\/logo\\\/image\\\/\",\"url\":\"https:\\\/\\\/dormalab.com\\\/wp-content\\\/uploads\\\/2019\\\/10\\\/Dorma-Logotype-RGB-Black-scaled-e1578787470924.png\",\"contentUrl\":\"https:\\\/\\\/dormalab.com\\\/wp-content\\\/uploads\\\/2019\\\/10\\\/Dorma-Logotype-RGB-Black-scaled-e1578787470924.png\",\"width\":120,\"height\":25,\"caption\":\"Dorma Clinique Du Sommeil\"},\"image\":{\"@id\":\"https:\\\/\\\/dormalab.com\\\/fr\\\/#\\\/schema\\\/logo\\\/image\\\/\"}}]}<\/script>\n<!-- \/ Yoast SEO plugin. -->","yoast_head_json":{"title":"Tout ce qu'il faut savoir sur la septoplastie - Dorma Sleep Services","description":"Une septoplastie r\u00e9tablit une respiration normale chez les patients ayant des voies nasales obstru\u00e9es. Cette obstruction peut contribuer \u00e0 l'apn\u00e9e du sommeil.","robots":{"index":"index","follow":"follow","max-snippet":"max-snippet:-1","max-image-preview":"max-image-preview:large","max-video-preview":"max-video-preview:-1"},"canonical":"https:\/\/dormalab.com\/fr\/septoplastie\/","og_locale":"fr_FR","og_type":"article","og_title":"Tout ce qu'il faut savoir sur la septoplastie - Dorma Sleep Services","og_description":"Une septoplastie r\u00e9tablit une respiration normale chez les patients ayant des voies nasales obstru\u00e9es. Cette obstruction peut contribuer \u00e0 l'apn\u00e9e du sommeil.","og_url":"https:\/\/dormalab.com\/fr\/septoplastie\/","og_site_name":"Dorma Sleep Clinics","article_modified_time":"2024-11-27T02:25:41+00:00","og_image":[{"url":"https:\/\/dormalab.com\/wp-content\/uploads\/2020\/01\/clinique-sommeil-grand-montreal-chirurgie-nasale-nose-surgery-septum.jpg","type":"","width":"","height":""}],"twitter_card":"summary_large_image","twitter_misc":{"Dur\u00e9e de lecture estim\u00e9e":"2 minute"},"schema":{"@context":"https:\/\/schema.org","@graph":[{"@type":"WebPage","@id":"https:\/\/dormalab.com\/fr\/septoplastie\/","url":"https:\/\/dormalab.com\/fr\/septoplastie\/","name":"Tout ce qu'il faut savoir sur la septoplastie - Dorma Sleep Services","isPartOf":{"@id":"https:\/\/dormalab.com\/fr\/#website"},"primaryImageOfPage":{"@id":"https:\/\/dormalab.com\/fr\/septoplastie\/#primaryimage"},"image":{"@id":"https:\/\/dormalab.com\/fr\/septoplastie\/#primaryimage"},"thumbnailUrl":"https:\/\/dormalab.com\/wp-content\/uploads\/2020\/01\/clinique-sommeil-grand-montreal-chirurgie-nasale-nose-surgery-septum.jpg","datePublished":"2020-01-15T12:55:15+00:00","dateModified":"2024-11-27T02:25:41+00:00","description":"Une septoplastie r\u00e9tablit une respiration normale chez les patients ayant des voies nasales obstru\u00e9es. Cette obstruction peut contribuer \u00e0 l'apn\u00e9e du sommeil.","breadcrumb":{"@id":"https:\/\/dormalab.com\/fr\/septoplastie\/#breadcrumb"},"inLanguage":"fr-FR","potentialAction":[{"@type":"ReadAction","target":["https:\/\/dormalab.com\/fr\/septoplastie\/"]}]},{"@type":"ImageObject","inLanguage":"fr-FR","@id":"https:\/\/dormalab.com\/fr\/septoplastie\/#primaryimage","url":"https:\/\/dormalab.com\/wp-content\/uploads\/2020\/01\/clinique-sommeil-grand-montreal-chirurgie-nasale-nose-surgery-septum.jpg","contentUrl":"https:\/\/dormalab.com\/wp-content\/uploads\/2020\/01\/clinique-sommeil-grand-montreal-chirurgie-nasale-nose-surgery-septum.jpg"},{"@type":"BreadcrumbList","@id":"https:\/\/dormalab.com\/fr\/septoplastie\/#breadcrumb","itemListElement":[{"@type":"ListItem","position":1,"name":"Home","item":"https:\/\/dormalab.com\/fr\/"},{"@type":"ListItem","position":2,"name":"Septoplastie"}]},{"@type":"WebSite","@id":"https:\/\/dormalab.com\/fr\/#website","url":"https:\/\/dormalab.com\/fr\/","name":"Dorma Sleep Clinics","description":"Sleep Well Live Well","publisher":{"@id":"https:\/\/dormalab.com\/fr\/#organization"},"potentialAction":[{"@type":"SearchAction","target":{"@type":"EntryPoint","urlTemplate":"https:\/\/dormalab.com\/fr\/?s={search_term_string}"},"query-input":{"@type":"PropertyValueSpecification","valueRequired":true,"valueName":"search_term_string"}}],"inLanguage":"fr-FR"},{"@type":"Organization","@id":"https:\/\/dormalab.com\/fr\/#organization","name":"Dorma Clinique Du Sommeil","url":"https:\/\/dormalab.com\/fr\/","logo":{"@type":"ImageObject","inLanguage":"fr-FR","@id":"https:\/\/dormalab.com\/fr\/#\/schema\/logo\/image\/","url":"https:\/\/dormalab.com\/wp-content\/uploads\/2019\/10\/Dorma-Logotype-RGB-Black-scaled-e1578787470924.png","contentUrl":"https:\/\/dormalab.com\/wp-content\/uploads\/2019\/10\/Dorma-Logotype-RGB-Black-scaled-e1578787470924.png","width":120,"height":25,"caption":"Dorma Clinique Du Sommeil"},"image":{"@id":"https:\/\/dormalab.com\/fr\/#\/schema\/logo\/image\/"}}]}},"_links":{"self":[{"href":"https:\/\/dormalab.com\/fr\/wp-json\/wp\/v2\/pages\/7925","targetHints":{"allow":["GET"]}}],"collection":[{"href":"https:\/\/dormalab.com\/fr\/wp-json\/wp\/v2\/pages"}],"about":[{"href":"https:\/\/dormalab.com\/fr\/wp-json\/wp\/v2\/types\/page"}],"author":[{"embeddable":true,"href":"https:\/\/dormalab.com\/fr\/wp-json\/wp\/v2\/users\/20"}],"replies":[{"embeddable":true,"href":"https:\/\/dormalab.com\/fr\/wp-json\/wp\/v2\/comments?post=7925"}],"version-history":[{"count":0,"href":"https:\/\/dormalab.com\/fr\/wp-json\/wp\/v2\/pages\/7925\/revisions"}],"wp:attachment":[{"href":"https:\/\/dormalab.com\/fr\/wp-json\/wp\/v2\/media?parent=7925"}],"curies":[{"name":"wp","href":"https:\/\/api.w.org\/{rel}","templated":true}]}}