{"id":8064,"date":"2020-01-15T11:29:48","date_gmt":"2020-01-15T16:29:48","guid":{"rendered":"https:\/\/dormalab.com\/nos-solutions\/"},"modified":"2024-11-26T21:25:57","modified_gmt":"2024-11-27T02:25:57","slug":"nos-solutions","status":"publish","type":"page","link":"https:\/\/dormalab.com\/fr\/nos-solutions\/","title":{"rendered":"Nos solutions"},"content":{"rendered":"\t\t<div data-elementor-type=\"wp-page\" data-elementor-id=\"8064\" class=\"elementor elementor-8064 elementor-8061\" data-elementor-post-type=\"page\">\n\t\t\t\t<div class=\"elementor-element elementor-element-d6c26c0 e-flex e-con-boxed e-con e-parent\" data-id=\"d6c26c0\" data-element_type=\"container\" data-e-type=\"container\" data-settings=\"{&quot;background_background&quot;:&quot;classic&quot;}\">\n\t\t\t\t\t<div class=\"e-con-inner\">\n\t\t\t\t<div class=\"elementor-element elementor-element-6841eed elementor-widget elementor-widget-heading\" data-id=\"6841eed\" data-element_type=\"widget\" data-e-type=\"widget\" data-widget_type=\"heading.default\">\n\t\t\t\t<div class=\"elementor-widget-container\">\n\t\t\t\t\t<h1 class=\"elementor-heading-title elementor-size-default\">Nos solutions<\/h1>\t\t\t\t<\/div>\n\t\t\t\t<\/div>\n\t\t\t\t\t<\/div>\n\t\t\t\t<\/div>\n\t\t<div class=\"elementor-element elementor-element-d258236 e-flex e-con-boxed e-con e-parent\" data-id=\"d258236\" data-element_type=\"container\" data-e-type=\"container\">\n\t\t\t\t\t<div class=\"e-con-inner\">\n\t\t<div class=\"elementor-element elementor-element-1f20258 e-con-full e-flex e-con e-child\" data-id=\"1f20258\" data-element_type=\"container\" data-e-type=\"container\">\n\t\t<div class=\"elementor-element elementor-element-2ce167c e-con-full e-flex e-con e-child\" data-id=\"2ce167c\" data-element_type=\"container\" data-e-type=\"container\">\n\t\t\t\t<div class=\"elementor-element elementor-element-528d32c elementor-widget__width-inherit elementor-widget elementor-widget-heading\" data-id=\"528d32c\" data-element_type=\"widget\" data-e-type=\"widget\" data-widget_type=\"heading.default\">\n\t\t\t\t<div class=\"elementor-widget-container\">\n\t\t\t\t\t<h3 class=\"elementor-heading-title elementor-size-default\">Quel est le traitement appropri\u00e9 pour mon trouble du sommeil ? <\/h3>\t\t\t\t<\/div>\n\t\t\t\t<\/div>\n\t\t\t\t<div class=\"elementor-element elementor-element-5b7caa4 elementor-widget__width-inherit elementor-widget elementor-widget-text-editor\" data-id=\"5b7caa4\" data-element_type=\"widget\" data-e-type=\"widget\" data-widget_type=\"text-editor.default\">\n\t\t\t\t<div class=\"elementor-widget-container\">\n\t\t\t\t\t\t\t\t\t<p>Selon le trouble du sommeil, nos professionnels seront en mesure de trouver le bon traitement et de vous guider tout au long du processus.<\/p>\n<p><strong>Parfois, il suffit de changer votre mode de vie<\/strong><\/p>\n<p>Traiter un trouble du sommeil peut \u00eatre aussi simple que de perdre du poids, manger sainement et adopter une routine de sommeil appropri\u00e9e !<\/p>\n<p>Si vous \u00eates principalement pr\u00e9occup\u00e9 par votre ronflement<br \/>Le ronflement peut \u00eatre trait\u00e9 avec diff\u00e9rentes solutions telles que :<\/p>\n<ul>\n<li>Mode de vie<\/li>\n<li>Th\u00e9rapie positionnelle<\/li>\n<li>Chirurgies<\/li>\n<li>Orth\u00e8se dentaire \u2013 Appareil dentaire<\/li>\n<li>Radiofr\u00e9quence<\/li>\n<\/ul>\n<p><strong>Vous pouvez \u00e9galement<\/strong><br \/>\u00c9lever la t\u00eate de votre lit de quatre \u00e0 six pouces ou \u00e9lever votre corps de la taille vers le haut. Vous pouvez \u00e9galement utiliser un oreiller sp\u00e9cial.<br \/>Ouvrez vos voies nasales la nuit en utilisant un dilatateur nasal, un spray salin, des bandes respiratoires ou un humidificateur. <\/p>\n\t\t\t\t\t\t\t\t<\/div>\n\t\t\t\t<\/div>\n\t\t\t\t<div class=\"elementor-element elementor-element-cbb3f98 elementor-widget__width-inherit elementor-widget elementor-widget-heading\" data-id=\"cbb3f98\" data-element_type=\"widget\" data-e-type=\"widget\" data-widget_type=\"heading.default\">\n\t\t\t\t<div class=\"elementor-widget-container\">\n\t\t\t\t\t<h2 class=\"elementor-heading-title elementor-size-default\">Si vous souffrez d'un trouble du sommeil <\/h2>\t\t\t\t<\/div>\n\t\t\t\t<\/div>\n\t\t\t\t<div class=\"elementor-element elementor-element-7872a7d elementor-widget__width-inherit elementor-widget elementor-widget-text-editor\" data-id=\"7872a7d\" data-element_type=\"widget\" data-e-type=\"widget\" data-widget_type=\"text-editor.default\">\n\t\t\t\t<div class=\"elementor-widget-container\">\n\t\t\t\t\t\t\t\t\t<p>Chaque trouble du sommeil n\u00e9cessite une approche th\u00e9rapeutique diff\u00e9rente. D\u00e9couvrez les diff\u00e9rents troubles du sommeil et leur traitement appropri\u00e9 : <\/p>\n<ul>\n<li>Insomnie<\/li>\n<li>Rythme circadien<\/li>\n<li>Syndrome des jambes sans repos<\/li>\n<li>Narcolepsie<\/li>\n<\/ul>\n\t\t\t\t\t\t\t\t<\/div>\n\t\t\t\t<\/div>\n\t\t\t\t<div class=\"elementor-element elementor-element-a336e02 elementor-widget__width-inherit elementor-widget elementor-widget-heading\" data-id=\"a336e02\" data-element_type=\"widget\" data-e-type=\"widget\" data-widget_type=\"heading.default\">\n\t\t\t\t<div class=\"elementor-widget-container\">\n\t\t\t\t\t<h2 class=\"elementor-heading-title elementor-size-default\">Quelques suggestions simples pour aider \u00e0 traiter votre apn\u00e9e du sommeil <\/h2>\t\t\t\t<\/div>\n\t\t\t\t<\/div>\n\t\t\t\t<div class=\"elementor-element elementor-element-4de2b32 elementor-widget__width-inherit elementor-widget elementor-widget-text-editor\" data-id=\"4de2b32\" data-element_type=\"widget\" data-e-type=\"widget\" data-widget_type=\"text-editor.default\">\n\t\t\t\t<div class=\"elementor-widget-container\">\n\t\t\t\t\t\t\t\t\t<p>Des changements de mode de vie tels que la perte de poids ou l&rsquo;\u00e9vitement de la consommation d&rsquo;alcool avant le coucher peuvent diminuer le ronflement et l&rsquo;apn\u00e9e du sommeil.<br \/>Pour en savoir plus sur l&rsquo;hygi\u00e8ne du sommeil &gt;&gt;<\/p>\n<p>Dormir sur le dos peut ne pas \u00eatre recommand\u00e9 ou m\u00eame \u00eatre \u00e9vit\u00e9. Dans certains cas, votre position pendant le sommeil peut aggraver votre apn\u00e9e du sommeil (sur le dos vs sur le c\u00f4t\u00e9). Des dispositifs peuvent \u00eatre port\u00e9s afin d&rsquo;\u00e9viter de dormir sur le dos.<br \/>Pour en savoir plus sur la th\u00e9rapie positionnelle   &gt;&gt;<\/p>\n<p>Si ces solutions simples ne r\u00e9solvent pas votre probl\u00e8me, vous pouvez envisager d&rsquo;obtenir une prescription pour d&rsquo;autres traitements.<\/p>\n<p><strong>Machine <a href=\"https:\/\/dormalab.com\/continuous-positive-airflow-pressure-cpap\/\" data-internallinksmanager029f6b8e52c=\"1\" title=\"Continuous Positive Airflow Pressure (CPAP)\">CPAP<\/a> \u2013<\/strong> L&rsquo;administration de pression positive (CPAP, BiPAP, AutoPAP) est consid\u00e9r\u00e9e comme le traitement de r\u00e9f\u00e9rence pour l&rsquo;apn\u00e9e du sommeil.<br \/>La pression positive maintient vos voies respiratoires ouvertes, emp\u00eachant ainsi l&rsquo;apn\u00e9e. Lorsque la machine est bien tol\u00e9r\u00e9e et port\u00e9e toute la nuit, les r\u00e9sultats positifs sont rapidement visibles. Malheureusement, tout le monde ne peut pas tol\u00e9rer la machine, donc des alternatives doivent \u00eatre envisag\u00e9es.  <br \/><a href=\"https:\/\/dormalab.com\/continuous-positive-airflow-pressure-cpap\/\">Pour en savoir plus sur le CPAP  &gt;&gt;<\/a><\/p>\n<p><strong>Traitements chirurgicaux \u2013<\/strong> De nombreuses chirurgies sont disponibles pour traiter l&rsquo;apn\u00e9e du sommeil. Celles-ci incluent l&rsquo;avancement maxillomandibulaire, l&rsquo;ost\u00e9otomie mandibulaire ant\u00e9rieure inf\u00e9rieure avec suspension de l&rsquo;os hyo\u00efde, la chirurgie du palais mou, la chirurgie nasale, la r\u00e9duction de la langue et plus encore. L&rsquo;approche chirurgicale peut \u00eatre conventionnelle ou assist\u00e9e par laser.  <br \/><a href=\"https:\/\/dormalab.com\/apnea-correction-by-surgery\/\">Pour en savoir plus sur les diff\u00e9rentes chirurgies  &gt;&gt;<\/a><\/p>\n<p><strong>Traitements non chirurgicaux : Dispositif d&rsquo;Avancement Mandibulaire<\/strong><br \/>Les Dispositifs d&rsquo;Avancement Mandibulaire sont efficaces pour traiter le ronflement, l&rsquo;apn\u00e9e l\u00e9g\u00e8re et l&rsquo;apn\u00e9e mod\u00e9r\u00e9e.<br \/>Ils sont con\u00e7us sur mesure par un sp\u00e9cialiste, afin d&rsquo;\u00eatre confortables et inoffensifs pour vos dents.<br \/><a href=\"https:\/\/dormalab.com\/mandibular-advancement-device-mao-mad\/\">Pour en savoir plus sur les Dispositifs d&rsquo;Avancement Mandibulaire &gt;&gt;<\/a> <\/p>\n\t\t\t\t\t\t\t\t<\/div>\n\t\t\t\t<\/div>\n\t\t\t\t<\/div>\n\t\t<div class=\"elementor-element elementor-element-312e91b e-con-full e-flex e-con e-child\" data-id=\"312e91b\" data-element_type=\"container\" data-e-type=\"container\">\n\t\t<div class=\"elementor-element elementor-element-4a639c6 e-con-full e-flex e-con e-child\" data-id=\"4a639c6\" data-element_type=\"container\" data-e-type=\"container\" data-settings=\"{&quot;background_background&quot;:&quot;classic&quot;,&quot;sticky&quot;:&quot;top&quot;,&quot;sticky_offset&quot;:78,&quot;sticky_parent&quot;:&quot;yes&quot;,&quot;sticky_on&quot;:[&quot;desktop&quot;,&quot;tablet&quot;,&quot;mobile&quot;],&quot;sticky_effects_offset&quot;:0,&quot;sticky_anchor_link_offset&quot;:0}\">\n\t\t\t\t<div class=\"elementor-element elementor-element-f455af1 elementor-widget elementor-widget-heading\" data-id=\"f455af1\" data-element_type=\"widget\" data-e-type=\"widget\" data-widget_type=\"heading.default\">\n\t\t\t\t<div class=\"elementor-widget-container\">\n\t\t\t\t\t<h2 class=\"elementor-heading-title elementor-size-default\">Vous avez des questions sur les troubles du sommeil ?  <\/h2>\t\t\t\t<\/div>\n\t\t\t\t<\/div>\n\t\t\t\t<div class=\"elementor-element elementor-element-3a40930 elementor-widget elementor-widget-text-editor\" data-id=\"3a40930\" data-element_type=\"widget\" data-e-type=\"widget\" data-widget_type=\"text-editor.default\">\n\t\t\t\t<div class=\"elementor-widget-container\">\n\t\t\t\t\t\t\t\t\t<section class=\"vc_cta3-container\">\n<div class=\"vc_general vc_cta3 vc_cta3-style-classic vc_cta3-shape-rounded vc_cta3-align-left vc_cta3-color-classic vc_cta3-icon-size-md\">\n<div class=\"vc_cta3_content-container\">\n<div class=\"vc_cta3-content\">\n<p>Appelez-nous sans frais au <strong><a href=\"tel:\/\/18552185186\">1-(855) 218-5186<\/a>. <\/strong>Notre \u00e9quipe de sp\u00e9cialistes du sommeil r\u00e9pondra \u00e0 vos questions. Les consultations sont gratuites et peuvent se faire en ligne ou en personne.<\/p>\n<\/div>\n<\/div>\n<\/div>\n<\/section>\n\t\t\t\t\t\t\t\t<\/div>\n\t\t\t\t<\/div>\n\t\t\t\t<div class=\"elementor-element elementor-element-395b2de elementor-widget__width-auto elementor-mobile-align-justify elementor-widget-mobile__width-inherit elementor-widget elementor-widget-button\" data-id=\"395b2de\" data-element_type=\"widget\" data-e-type=\"widget\" data-widget_type=\"button.default\">\n\t\t\t\t<div class=\"elementor-widget-container\">\n\t\t\t\t\t\t\t\t\t<div class=\"elementor-button-wrapper\">\n\t\t\t\t\t<a class=\"elementor-button elementor-button-link elementor-size-sm elementor-animation-grow\" href=\"https:\/\/dormalab.com\/fr\/nous-joindre\/\">\n\t\t\t\t\t\t<span class=\"elementor-button-content-wrapper\">\n\t\t\t\t\t\t\t\t\t<span class=\"elementor-button-text\">R\u00e9server une consultation gratuite<\/span>\n\t\t\t\t\t<\/span>\n\t\t\t\t\t<\/a>\n\t\t\t\t<\/div>\n\t\t\t\t\t\t\t\t<\/div>\n\t\t\t\t<\/div>\n\t\t\t\t<\/div>\n\t\t\t\t<\/div>\n\t\t\t\t<\/div>\n\t\t\t\t\t<\/div>\n\t\t\t\t<\/div>\n\t\t<div class=\"elementor-element elementor-element-3cce0ed e-flex e-con-boxed e-con e-parent\" data-id=\"3cce0ed\" data-element_type=\"container\" data-e-type=\"container\">\n\t\t\t\t\t<div class=\"e-con-inner\">\n\t\t<div class=\"elementor-element elementor-element-357ee36 e-con-full e-flex e-con e-child\" data-id=\"357ee36\" data-element_type=\"container\" data-e-type=\"container\" data-settings=\"{&quot;background_background&quot;:&quot;classic&quot;}\">\n\t\t\t\t<div class=\"elementor-element elementor-element-4358d69 elementor-widget elementor-widget-heading\" data-id=\"4358d69\" data-element_type=\"widget\" data-e-type=\"widget\" data-widget_type=\"heading.default\">\n\t\t\t\t<div class=\"elementor-widget-container\">\n\t\t\t\t\t<h2 class=\"elementor-heading-title elementor-size-default\">Faites l'\u00e9valuation du sommeil en ligne<\/h2>\t\t\t\t<\/div>\n\t\t\t\t<\/div>\n\t\t\t\t<div class=\"elementor-element elementor-element-b052938 elementor-widget elementor-widget-text-editor\" data-id=\"b052938\" data-element_type=\"widget\" data-e-type=\"widget\" data-widget_type=\"text-editor.default\">\n\t\t\t\t<div class=\"elementor-widget-container\">\n\t\t\t\t\t\t\t\t\t<p>Faites notre \u00e9valuation gratuite du sommeil en ligne pour d\u00e9terminer rapidement et facilement si vous risquez de souffrir d&rsquo;un trouble du sommeil.<\/p>\n\t\t\t\t\t\t\t\t<\/div>\n\t\t\t\t<\/div>\n\t\t\t\t<div class=\"elementor-element elementor-element-d0fca04 elementor-mobile-align-justify elementor-widget-mobile__width-inherit elementor-widget elementor-widget-button\" data-id=\"d0fca04\" data-element_type=\"widget\" data-e-type=\"widget\" data-widget_type=\"button.default\">\n\t\t\t\t<div class=\"elementor-widget-container\">\n\t\t\t\t\t\t\t\t\t<div class=\"elementor-button-wrapper\">\n\t\t\t\t\t<a class=\"elementor-button elementor-button-link elementor-size-sm elementor-animation-grow\" href=\"https:\/\/dormalab.com\/fr\/nous-joindre\/\">\n\t\t\t\t\t\t<span class=\"elementor-button-content-wrapper\">\n\t\t\t\t\t\t\t\t\t<span class=\"elementor-button-text\">Contactez nous<\/span>\n\t\t\t\t\t<\/span>\n\t\t\t\t\t<\/a>\n\t\t\t\t<\/div>\n\t\t\t\t\t\t\t\t<\/div>\n\t\t\t\t<\/div>\n\t\t\t\t<\/div>\n\t\t<div class=\"elementor-element elementor-element-744afc2 e-con-full e-flex e-con e-child\" data-id=\"744afc2\" data-element_type=\"container\" data-e-type=\"container\" data-settings=\"{&quot;background_background&quot;:&quot;classic&quot;}\">\n\t\t\t\t<div class=\"elementor-element elementor-element-cf0978d elementor-widget elementor-widget-spacer\" data-id=\"cf0978d\" data-element_type=\"widget\" data-e-type=\"widget\" data-widget_type=\"spacer.default\">\n\t\t\t\t<div class=\"elementor-widget-container\">\n\t\t\t\t\t\t\t<div class=\"elementor-spacer\">\n\t\t\t<div class=\"elementor-spacer-inner\"><\/div>\n\t\t<\/div>\n\t\t\t\t\t\t<\/div>\n\t\t\t\t<\/div>\n\t\t\t\t<\/div>\n\t\t\t\t\t<\/div>\n\t\t\t\t<\/div>\n\t\t\t\t<\/div>\n\t\t","protected":false},"excerpt":{"rendered":"<p>Nos solutions Quel est le traitement appropri\u00e9 pour mon trouble du sommeil ? Selon le trouble du sommeil, nos professionnels seront en mesure de trouver le bon traitement et de vous guider tout au long du processus. Parfois, il suffit de changer votre mode de vie Traiter un trouble du sommeil peut \u00eatre aussi simple &#8230; <a title=\"Nos solutions\" class=\"read-more\" href=\"https:\/\/dormalab.com\/fr\/nos-solutions\/\" aria-label=\"En savoir plus sur Nos solutions\">Lire la suite<\/a><\/p>\n","protected":false},"author":20,"featured_media":0,"parent":0,"menu_order":0,"comment_status":"closed","ping_status":"closed","template":"elementor_header_footer","meta":{"footnotes":""},"class_list":["post-8064","page","type-page","status-publish"],"yoast_head":"<!-- This site is optimized with the Yoast SEO plugin v27.4 - https:\/\/yoast.com\/product\/yoast-seo-wordpress\/ -->\n<title>Solutions pour l&#039;apn\u00e9e du sommeil &amp; Ronflement - Services de sommeil Dorma<\/title>\n<meta name=\"description\" content=\"Les Services de sommeil Dorma offrent une vari\u00e9t\u00e9 de solutions pour le traitement des troubles du sommeil, y compris la th\u00e9rapie CPAP et la th\u00e9rapie par appareil buccal.\" \/>\n<meta name=\"robots\" content=\"index, follow, max-snippet:-1, max-image-preview:large, max-video-preview:-1\" \/>\n<link rel=\"canonical\" href=\"https:\/\/dormalab.com\/fr\/nos-solutions\/\" \/>\n<meta property=\"og:locale\" content=\"fr_FR\" \/>\n<meta property=\"og:type\" content=\"article\" \/>\n<meta property=\"og:title\" content=\"Solutions pour l&#039;apn\u00e9e du sommeil &amp; Ronflement - Services de sommeil Dorma\" \/>\n<meta property=\"og:description\" content=\"Les Services de sommeil Dorma offrent une vari\u00e9t\u00e9 de solutions pour le traitement des troubles du sommeil, y compris la th\u00e9rapie CPAP et la th\u00e9rapie par appareil buccal.\" \/>\n<meta property=\"og:url\" content=\"https:\/\/dormalab.com\/fr\/nos-solutions\/\" \/>\n<meta property=\"og:site_name\" content=\"Dorma Sleep Clinics\" \/>\n<meta property=\"article:modified_time\" content=\"2024-11-27T02:25:57+00:00\" \/>\n<meta name=\"twitter:card\" content=\"summary_large_image\" \/>\n<meta name=\"twitter:label1\" content=\"Dur\u00e9e de lecture estim\u00e9e\" \/>\n\t<meta name=\"twitter:data1\" content=\"3 minute\" \/>\n<script type=\"application\/ld+json\" class=\"yoast-schema-graph\">{\"@context\":\"https:\\\/\\\/schema.org\",\"@graph\":[{\"@type\":\"WebPage\",\"@id\":\"https:\\\/\\\/dormalab.com\\\/fr\\\/nos-solutions\\\/\",\"url\":\"https:\\\/\\\/dormalab.com\\\/fr\\\/nos-solutions\\\/\",\"name\":\"Solutions pour l'apn\u00e9e du sommeil & Ronflement - Services de sommeil Dorma\",\"isPartOf\":{\"@id\":\"https:\\\/\\\/dormalab.com\\\/fr\\\/#website\"},\"datePublished\":\"2020-01-15T16:29:48+00:00\",\"dateModified\":\"2024-11-27T02:25:57+00:00\",\"description\":\"Les Services de sommeil Dorma offrent une vari\u00e9t\u00e9 de solutions pour le traitement des troubles du sommeil, y compris la th\u00e9rapie CPAP et la th\u00e9rapie par appareil buccal.\",\"breadcrumb\":{\"@id\":\"https:\\\/\\\/dormalab.com\\\/fr\\\/nos-solutions\\\/#breadcrumb\"},\"inLanguage\":\"fr-FR\",\"potentialAction\":[{\"@type\":\"ReadAction\",\"target\":[\"https:\\\/\\\/dormalab.com\\\/fr\\\/nos-solutions\\\/\"]}]},{\"@type\":\"BreadcrumbList\",\"@id\":\"https:\\\/\\\/dormalab.com\\\/fr\\\/nos-solutions\\\/#breadcrumb\",\"itemListElement\":[{\"@type\":\"ListItem\",\"position\":1,\"name\":\"Home\",\"item\":\"https:\\\/\\\/dormalab.com\\\/fr\\\/\"},{\"@type\":\"ListItem\",\"position\":2,\"name\":\"Nos solutions\"}]},{\"@type\":\"WebSite\",\"@id\":\"https:\\\/\\\/dormalab.com\\\/fr\\\/#website\",\"url\":\"https:\\\/\\\/dormalab.com\\\/fr\\\/\",\"name\":\"Dorma Sleep Clinics\",\"description\":\"Sleep Well Live Well\",\"publisher\":{\"@id\":\"https:\\\/\\\/dormalab.com\\\/fr\\\/#organization\"},\"potentialAction\":[{\"@type\":\"SearchAction\",\"target\":{\"@type\":\"EntryPoint\",\"urlTemplate\":\"https:\\\/\\\/dormalab.com\\\/fr\\\/?s={search_term_string}\"},\"query-input\":{\"@type\":\"PropertyValueSpecification\",\"valueRequired\":true,\"valueName\":\"search_term_string\"}}],\"inLanguage\":\"fr-FR\"},{\"@type\":\"Organization\",\"@id\":\"https:\\\/\\\/dormalab.com\\\/fr\\\/#organization\",\"name\":\"Dorma Clinique Du Sommeil\",\"url\":\"https:\\\/\\\/dormalab.com\\\/fr\\\/\",\"logo\":{\"@type\":\"ImageObject\",\"inLanguage\":\"fr-FR\",\"@id\":\"https:\\\/\\\/dormalab.com\\\/fr\\\/#\\\/schema\\\/logo\\\/image\\\/\",\"url\":\"https:\\\/\\\/dormalab.com\\\/wp-content\\\/uploads\\\/2019\\\/10\\\/Dorma-Logotype-RGB-Black-scaled-e1578787470924.png\",\"contentUrl\":\"https:\\\/\\\/dormalab.com\\\/wp-content\\\/uploads\\\/2019\\\/10\\\/Dorma-Logotype-RGB-Black-scaled-e1578787470924.png\",\"width\":120,\"height\":25,\"caption\":\"Dorma Clinique Du Sommeil\"},\"image\":{\"@id\":\"https:\\\/\\\/dormalab.com\\\/fr\\\/#\\\/schema\\\/logo\\\/image\\\/\"}}]}<\/script>\n<!-- \/ Yoast SEO plugin. -->","yoast_head_json":{"title":"Solutions pour l'apn\u00e9e du sommeil & Ronflement - Services de sommeil Dorma","description":"Les Services de sommeil Dorma offrent une vari\u00e9t\u00e9 de solutions pour le traitement des troubles du sommeil, y compris la th\u00e9rapie CPAP et la th\u00e9rapie par appareil buccal.","robots":{"index":"index","follow":"follow","max-snippet":"max-snippet:-1","max-image-preview":"max-image-preview:large","max-video-preview":"max-video-preview:-1"},"canonical":"https:\/\/dormalab.com\/fr\/nos-solutions\/","og_locale":"fr_FR","og_type":"article","og_title":"Solutions pour l'apn\u00e9e du sommeil & Ronflement - Services de sommeil Dorma","og_description":"Les Services de sommeil Dorma offrent une vari\u00e9t\u00e9 de solutions pour le traitement des troubles du sommeil, y compris la th\u00e9rapie CPAP et la th\u00e9rapie par appareil buccal.","og_url":"https:\/\/dormalab.com\/fr\/nos-solutions\/","og_site_name":"Dorma Sleep Clinics","article_modified_time":"2024-11-27T02:25:57+00:00","twitter_card":"summary_large_image","twitter_misc":{"Dur\u00e9e de lecture estim\u00e9e":"3 minute"},"schema":{"@context":"https:\/\/schema.org","@graph":[{"@type":"WebPage","@id":"https:\/\/dormalab.com\/fr\/nos-solutions\/","url":"https:\/\/dormalab.com\/fr\/nos-solutions\/","name":"Solutions pour l'apn\u00e9e du sommeil & Ronflement - Services de sommeil Dorma","isPartOf":{"@id":"https:\/\/dormalab.com\/fr\/#website"},"datePublished":"2020-01-15T16:29:48+00:00","dateModified":"2024-11-27T02:25:57+00:00","description":"Les Services de sommeil Dorma offrent une vari\u00e9t\u00e9 de solutions pour le traitement des troubles du sommeil, y compris la th\u00e9rapie CPAP et la th\u00e9rapie par appareil buccal.","breadcrumb":{"@id":"https:\/\/dormalab.com\/fr\/nos-solutions\/#breadcrumb"},"inLanguage":"fr-FR","potentialAction":[{"@type":"ReadAction","target":["https:\/\/dormalab.com\/fr\/nos-solutions\/"]}]},{"@type":"BreadcrumbList","@id":"https:\/\/dormalab.com\/fr\/nos-solutions\/#breadcrumb","itemListElement":[{"@type":"ListItem","position":1,"name":"Home","item":"https:\/\/dormalab.com\/fr\/"},{"@type":"ListItem","position":2,"name":"Nos solutions"}]},{"@type":"WebSite","@id":"https:\/\/dormalab.com\/fr\/#website","url":"https:\/\/dormalab.com\/fr\/","name":"Dorma Sleep Clinics","description":"Sleep Well Live Well","publisher":{"@id":"https:\/\/dormalab.com\/fr\/#organization"},"potentialAction":[{"@type":"SearchAction","target":{"@type":"EntryPoint","urlTemplate":"https:\/\/dormalab.com\/fr\/?s={search_term_string}"},"query-input":{"@type":"PropertyValueSpecification","valueRequired":true,"valueName":"search_term_string"}}],"inLanguage":"fr-FR"},{"@type":"Organization","@id":"https:\/\/dormalab.com\/fr\/#organization","name":"Dorma Clinique Du Sommeil","url":"https:\/\/dormalab.com\/fr\/","logo":{"@type":"ImageObject","inLanguage":"fr-FR","@id":"https:\/\/dormalab.com\/fr\/#\/schema\/logo\/image\/","url":"https:\/\/dormalab.com\/wp-content\/uploads\/2019\/10\/Dorma-Logotype-RGB-Black-scaled-e1578787470924.png","contentUrl":"https:\/\/dormalab.com\/wp-content\/uploads\/2019\/10\/Dorma-Logotype-RGB-Black-scaled-e1578787470924.png","width":120,"height":25,"caption":"Dorma Clinique Du Sommeil"},"image":{"@id":"https:\/\/dormalab.com\/fr\/#\/schema\/logo\/image\/"}}]}},"_links":{"self":[{"href":"https:\/\/dormalab.com\/fr\/wp-json\/wp\/v2\/pages\/8064","targetHints":{"allow":["GET"]}}],"collection":[{"href":"https:\/\/dormalab.com\/fr\/wp-json\/wp\/v2\/pages"}],"about":[{"href":"https:\/\/dormalab.com\/fr\/wp-json\/wp\/v2\/types\/page"}],"author":[{"embeddable":true,"href":"https:\/\/dormalab.com\/fr\/wp-json\/wp\/v2\/users\/20"}],"replies":[{"embeddable":true,"href":"https:\/\/dormalab.com\/fr\/wp-json\/wp\/v2\/comments?post=8064"}],"version-history":[{"count":0,"href":"https:\/\/dormalab.com\/fr\/wp-json\/wp\/v2\/pages\/8064\/revisions"}],"wp:attachment":[{"href":"https:\/\/dormalab.com\/fr\/wp-json\/wp\/v2\/media?parent=8064"}],"curies":[{"name":"wp","href":"https:\/\/api.w.org\/{rel}","templated":true}]}}