{"id":8272,"date":"2020-01-19T13:31:30","date_gmt":"2020-01-19T18:31:30","guid":{"rendered":"https:\/\/dormalab.com\/glossectomie-mediane\/"},"modified":"2021-05-07T13:09:11","modified_gmt":"2021-05-07T17:09:11","slug":"glossectomie-mediane","status":"publish","type":"page","link":"https:\/\/dormalab.com\/fr\/glossectomie-mediane\/","title":{"rendered":"Glossectomie M\u00e9diane"},"content":{"rendered":"<p>[vc_row][vc_column width=\u00a0\u00bb1\/4&Prime; el_class=\u00a0\u00bbpages-sidebar\u00a0\u00bb][vc_widget_sidebar sidebar_id=\u00a0\u00bbca-sidebar-9958&Prime;][contact-form-7 id=\u00a0\u00bb10377&Prime;][\/vc_column][vc_column width=\u00a0\u00bb3\/4&Prime; el_class=\u00a0\u00bbpages-contenu\u00a0\u00bb][vc_column_text]<\/p>\n<h1>Glossectomie<\/h1>\n<p>La langue est une partie essentielle de notre anatomie avec ses r\u00f4les dans la d\u00e9glutition, la phonation et la d\u00e9gustation.<\/p>\n<p>Chez de nombreux patients souffrant d&rsquo;apn\u00e9e du sommeil, elle peut en fait devenir un facteur d&rsquo;obstruction des voies respiratoires pendant la nuit.<\/p>\n<p>Cela est particuli\u00e8rement visible chez les personnes ob\u00e8ses et en surpoids.<\/p>\n<p>De plus, le tissu adipeux augmente le volume de la langue en la d\u00e9pla\u00e7ant vers le haut et vers l&rsquo;arri\u00e8re.<\/p>\n<p>Dans certains cas, le probl\u00e8me est suffisamment important pour qu&rsquo;il soit indiqu\u00e9 de retirer une partie de la langue par un proc\u00e9d\u00e9 appel\u00e9 glossectomie.<\/p>\n<p>&nbsp;<\/p>\n<h2>Une technique peu commune<\/h2>\n<p>Cette proc\u00e9dure a \u00e9t\u00e9 mise au point il y a plus de 20 ans, puis largement abandonn\u00e9e en raison de la douleur et des risques qui y sont associ\u00e9s.<\/p>\n<p>Depuis, de nouvelles techniques sont apparues, dont la plus r\u00e9pandue consiste \u00e0 r\u00e9duire la base de la langue \u2013 la glossectomie.<\/p>\n<p>Ces nouvelles techniques entra\u00eenent moins de douleurs post-op\u00e9ratoires et les risques associ\u00e9s, notamment pour les nerfs et les zones o\u00f9 il y a peu de vaisseaux sanguins.<\/p>\n<p>En pratique, la glossectomie est toujours pratiqu\u00e9e, d&rsquo;autant plus que certains patients n\u00e9cessitent des mesures plus drastiques.<\/p>\n<p>Cette chirurgie peut donc les aider, en cas d&rsquo;\u00e9chec d&rsquo;autres traitements.<\/p>\n<p>La proc\u00e9dure de glossectomie est r\u00e9alis\u00e9e en salle d&rsquo;op\u00e9ration sous anesth\u00e9sie g\u00e9n\u00e9rale.<\/p>\n<p>Le chirurgien retire la partie centrale de la langue \u00e0 sa base.<\/p>\n<p>Une fois la suture termin\u00e9e, le volume de la langue se r\u00e9duit.[\/vc_column_text][\/vc_column][\/vc_row]<\/p>\n","protected":false},"excerpt":{"rendered":"<p>[vc_row][vc_column width=\u00a0\u00bb1\/4&Prime; el_class=\u00a0\u00bbpages-sidebar\u00a0\u00bb][vc_widget_sidebar sidebar_id=\u00a0\u00bbca-sidebar-9958&Prime;][contact-form-7 id=\u00a0\u00bb10377&Prime;][\/vc_column][vc_column width=\u00a0\u00bb3\/4&Prime; el_class=\u00a0\u00bbpages-contenu\u00a0\u00bb][vc_column_text] Glossectomie La langue est une partie essentielle de notre anatomie avec ses r\u00f4les dans la d\u00e9glutition, la phonation et la d\u00e9gustation. Chez de nombreux patients souffrant d&rsquo;apn\u00e9e du sommeil, elle peut en fait devenir un facteur d&rsquo;obstruction des voies respiratoires pendant la nuit. Cela est particuli\u00e8rement visible chez &#8230; <a title=\"Glossectomie M\u00e9diane\" class=\"read-more\" href=\"https:\/\/dormalab.com\/fr\/glossectomie-mediane\/\" aria-label=\"En savoir plus sur Glossectomie M\u00e9diane\">Lire la suite<\/a><\/p>\n","protected":false},"author":20,"featured_media":0,"parent":0,"menu_order":0,"comment_status":"closed","ping_status":"closed","template":"","meta":{"footnotes":""},"class_list":["post-8272","page","type-page","status-publish"],"yoast_head":"<!-- This site is optimized with the Yoast SEO plugin v27.3 - https:\/\/yoast.com\/product\/yoast-seo-wordpress\/ -->\n<title>Qu&#039;est-ce la glossectomie m\u00e9diane ? - Dorma Soins en Sommeil<\/title>\n<meta name=\"description\" content=\"La glossectomie m\u00e9diane est une intervention chirurgicale consistant \u00e0 r\u00e9s\u00e9quer une portion de l\u2019arri\u00e8re de la langue.\" \/>\n<meta name=\"robots\" content=\"index, follow, max-snippet:-1, max-image-preview:large, max-video-preview:-1\" \/>\n<link rel=\"canonical\" href=\"https:\/\/dormalab.com\/fr\/glossectomie-mediane\/\" \/>\n<meta property=\"og:locale\" content=\"fr_FR\" \/>\n<meta property=\"og:type\" content=\"article\" \/>\n<meta property=\"og:title\" content=\"Qu&#039;est-ce la glossectomie m\u00e9diane ? - Dorma Soins en Sommeil\" \/>\n<meta property=\"og:description\" content=\"La glossectomie m\u00e9diane est une intervention chirurgicale consistant \u00e0 r\u00e9s\u00e9quer une portion de l\u2019arri\u00e8re de la langue.\" \/>\n<meta property=\"og:url\" content=\"https:\/\/dormalab.com\/fr\/glossectomie-mediane\/\" \/>\n<meta property=\"og:site_name\" content=\"Dorma Sleep Clinics\" \/>\n<meta property=\"article:modified_time\" content=\"2021-05-07T17:09:11+00:00\" \/>\n<meta name=\"twitter:card\" content=\"summary_large_image\" \/>\n<meta name=\"twitter:label1\" content=\"Dur\u00e9e de lecture estim\u00e9e\" \/>\n\t<meta name=\"twitter:data1\" content=\"2 minute\" \/>\n<script type=\"application\/ld+json\" class=\"yoast-schema-graph\">{\"@context\":\"https:\\\/\\\/schema.org\",\"@graph\":[{\"@type\":\"WebPage\",\"@id\":\"https:\\\/\\\/dormalab.com\\\/fr\\\/glossectomie-mediane\\\/\",\"url\":\"https:\\\/\\\/dormalab.com\\\/fr\\\/glossectomie-mediane\\\/\",\"name\":\"Qu'est-ce la glossectomie m\u00e9diane ? - Dorma Soins en Sommeil\",\"isPartOf\":{\"@id\":\"https:\\\/\\\/dormalab.com\\\/fr\\\/#website\"},\"datePublished\":\"2020-01-19T18:31:30+00:00\",\"dateModified\":\"2021-05-07T17:09:11+00:00\",\"description\":\"La glossectomie m\u00e9diane est une intervention chirurgicale consistant \u00e0 r\u00e9s\u00e9quer une portion de l\u2019arri\u00e8re de la langue.\",\"breadcrumb\":{\"@id\":\"https:\\\/\\\/dormalab.com\\\/fr\\\/glossectomie-mediane\\\/#breadcrumb\"},\"inLanguage\":\"fr-FR\",\"potentialAction\":[{\"@type\":\"ReadAction\",\"target\":[\"https:\\\/\\\/dormalab.com\\\/fr\\\/glossectomie-mediane\\\/\"]}]},{\"@type\":\"BreadcrumbList\",\"@id\":\"https:\\\/\\\/dormalab.com\\\/fr\\\/glossectomie-mediane\\\/#breadcrumb\",\"itemListElement\":[{\"@type\":\"ListItem\",\"position\":1,\"name\":\"Home\",\"item\":\"https:\\\/\\\/dormalab.com\\\/fr\\\/\"},{\"@type\":\"ListItem\",\"position\":2,\"name\":\"Glossectomie M\u00e9diane\"}]},{\"@type\":\"WebSite\",\"@id\":\"https:\\\/\\\/dormalab.com\\\/fr\\\/#website\",\"url\":\"https:\\\/\\\/dormalab.com\\\/fr\\\/\",\"name\":\"Dorma Sleep Clinics\",\"description\":\"Sleep Well Live Well\",\"publisher\":{\"@id\":\"https:\\\/\\\/dormalab.com\\\/fr\\\/#organization\"},\"potentialAction\":[{\"@type\":\"SearchAction\",\"target\":{\"@type\":\"EntryPoint\",\"urlTemplate\":\"https:\\\/\\\/dormalab.com\\\/fr\\\/?s={search_term_string}\"},\"query-input\":{\"@type\":\"PropertyValueSpecification\",\"valueRequired\":true,\"valueName\":\"search_term_string\"}}],\"inLanguage\":\"fr-FR\"},{\"@type\":\"Organization\",\"@id\":\"https:\\\/\\\/dormalab.com\\\/fr\\\/#organization\",\"name\":\"Dorma Clinique Du Sommeil\",\"url\":\"https:\\\/\\\/dormalab.com\\\/fr\\\/\",\"logo\":{\"@type\":\"ImageObject\",\"inLanguage\":\"fr-FR\",\"@id\":\"https:\\\/\\\/dormalab.com\\\/fr\\\/#\\\/schema\\\/logo\\\/image\\\/\",\"url\":\"https:\\\/\\\/dormalab.com\\\/wp-content\\\/uploads\\\/2019\\\/10\\\/Dorma-Logotype-RGB-Black-scaled-e1578787470924.png\",\"contentUrl\":\"https:\\\/\\\/dormalab.com\\\/wp-content\\\/uploads\\\/2019\\\/10\\\/Dorma-Logotype-RGB-Black-scaled-e1578787470924.png\",\"width\":120,\"height\":25,\"caption\":\"Dorma Clinique Du Sommeil\"},\"image\":{\"@id\":\"https:\\\/\\\/dormalab.com\\\/fr\\\/#\\\/schema\\\/logo\\\/image\\\/\"}}]}<\/script>\n<!-- \/ Yoast SEO plugin. -->","yoast_head_json":{"title":"Qu'est-ce la glossectomie m\u00e9diane ? - Dorma Soins en Sommeil","description":"La glossectomie m\u00e9diane est une intervention chirurgicale consistant \u00e0 r\u00e9s\u00e9quer une portion de l\u2019arri\u00e8re de la langue.","robots":{"index":"index","follow":"follow","max-snippet":"max-snippet:-1","max-image-preview":"max-image-preview:large","max-video-preview":"max-video-preview:-1"},"canonical":"https:\/\/dormalab.com\/fr\/glossectomie-mediane\/","og_locale":"fr_FR","og_type":"article","og_title":"Qu'est-ce la glossectomie m\u00e9diane ? - Dorma Soins en Sommeil","og_description":"La glossectomie m\u00e9diane est une intervention chirurgicale consistant \u00e0 r\u00e9s\u00e9quer une portion de l\u2019arri\u00e8re de la langue.","og_url":"https:\/\/dormalab.com\/fr\/glossectomie-mediane\/","og_site_name":"Dorma Sleep Clinics","article_modified_time":"2021-05-07T17:09:11+00:00","twitter_card":"summary_large_image","twitter_misc":{"Dur\u00e9e de lecture estim\u00e9e":"2 minute"},"schema":{"@context":"https:\/\/schema.org","@graph":[{"@type":"WebPage","@id":"https:\/\/dormalab.com\/fr\/glossectomie-mediane\/","url":"https:\/\/dormalab.com\/fr\/glossectomie-mediane\/","name":"Qu'est-ce la glossectomie m\u00e9diane ? - Dorma Soins en Sommeil","isPartOf":{"@id":"https:\/\/dormalab.com\/fr\/#website"},"datePublished":"2020-01-19T18:31:30+00:00","dateModified":"2021-05-07T17:09:11+00:00","description":"La glossectomie m\u00e9diane est une intervention chirurgicale consistant \u00e0 r\u00e9s\u00e9quer une portion de l\u2019arri\u00e8re de la langue.","breadcrumb":{"@id":"https:\/\/dormalab.com\/fr\/glossectomie-mediane\/#breadcrumb"},"inLanguage":"fr-FR","potentialAction":[{"@type":"ReadAction","target":["https:\/\/dormalab.com\/fr\/glossectomie-mediane\/"]}]},{"@type":"BreadcrumbList","@id":"https:\/\/dormalab.com\/fr\/glossectomie-mediane\/#breadcrumb","itemListElement":[{"@type":"ListItem","position":1,"name":"Home","item":"https:\/\/dormalab.com\/fr\/"},{"@type":"ListItem","position":2,"name":"Glossectomie M\u00e9diane"}]},{"@type":"WebSite","@id":"https:\/\/dormalab.com\/fr\/#website","url":"https:\/\/dormalab.com\/fr\/","name":"Dorma Sleep Clinics","description":"Sleep Well Live Well","publisher":{"@id":"https:\/\/dormalab.com\/fr\/#organization"},"potentialAction":[{"@type":"SearchAction","target":{"@type":"EntryPoint","urlTemplate":"https:\/\/dormalab.com\/fr\/?s={search_term_string}"},"query-input":{"@type":"PropertyValueSpecification","valueRequired":true,"valueName":"search_term_string"}}],"inLanguage":"fr-FR"},{"@type":"Organization","@id":"https:\/\/dormalab.com\/fr\/#organization","name":"Dorma Clinique Du Sommeil","url":"https:\/\/dormalab.com\/fr\/","logo":{"@type":"ImageObject","inLanguage":"fr-FR","@id":"https:\/\/dormalab.com\/fr\/#\/schema\/logo\/image\/","url":"https:\/\/dormalab.com\/wp-content\/uploads\/2019\/10\/Dorma-Logotype-RGB-Black-scaled-e1578787470924.png","contentUrl":"https:\/\/dormalab.com\/wp-content\/uploads\/2019\/10\/Dorma-Logotype-RGB-Black-scaled-e1578787470924.png","width":120,"height":25,"caption":"Dorma Clinique Du Sommeil"},"image":{"@id":"https:\/\/dormalab.com\/fr\/#\/schema\/logo\/image\/"}}]}},"_links":{"self":[{"href":"https:\/\/dormalab.com\/fr\/wp-json\/wp\/v2\/pages\/8272","targetHints":{"allow":["GET"]}}],"collection":[{"href":"https:\/\/dormalab.com\/fr\/wp-json\/wp\/v2\/pages"}],"about":[{"href":"https:\/\/dormalab.com\/fr\/wp-json\/wp\/v2\/types\/page"}],"author":[{"embeddable":true,"href":"https:\/\/dormalab.com\/fr\/wp-json\/wp\/v2\/users\/20"}],"replies":[{"embeddable":true,"href":"https:\/\/dormalab.com\/fr\/wp-json\/wp\/v2\/comments?post=8272"}],"version-history":[{"count":0,"href":"https:\/\/dormalab.com\/fr\/wp-json\/wp\/v2\/pages\/8272\/revisions"}],"wp:attachment":[{"href":"https:\/\/dormalab.com\/fr\/wp-json\/wp\/v2\/media?parent=8272"}],"curies":[{"name":"wp","href":"https:\/\/api.w.org\/{rel}","templated":true}]}}