{"id":8279,"date":"2020-01-19T14:34:13","date_gmt":"2020-01-19T19:34:13","guid":{"rendered":"https:\/\/dormalab.com\/?page_id=8279"},"modified":"2021-05-07T13:12:02","modified_gmt":"2021-05-07T17:12:02","slug":"chirurgie-orthognatique-davancement-mandibulaire","status":"publish","type":"page","link":"https:\/\/dormalab.com\/fr\/chirurgie-orthognatique-davancement-mandibulaire\/","title":{"rendered":"Chirurgie Orthognatique d\u2019Avancement Mandibulaire"},"content":{"rendered":"<p>[vc_row][vc_column width=\u00a0\u00bb1\/4&Prime; el_class=\u00a0\u00bbpages-sidebar\u00a0\u00bb][vc_widget_sidebar sidebar_id=\u00a0\u00bbca-sidebar-9958&Prime;][contact-form-7 id=\u00a0\u00bb9906&Prime;][\/vc_column][vc_column width=\u00a0\u00bb3\/4&Prime; el_class=\u00a0\u00bbpages-contenu\u00a0\u00bb][vc_column_text]<\/p>\n<h1><span style=\"font-size: 24pt;\"><strong>Chirurgie Orthognatique d&rsquo;Avancement Mandibulaire<\/strong><\/span><\/h1>\n<div class=\"bloc-text noir \">\n<div class=\"text-wrapper \">\n<p>Cette proc\u00e9dure permet d\u2019avancer la mandibule (m\u00e2choire inf\u00e9rieure) lorsque celle-ci pr\u00e9sente un d\u00e9calage important avec la m\u00e2choire du haut.<\/p>\n<p>Cet avancement d\u00e9gage les voies respiratoires.<\/p>\n<p>&nbsp;<\/p>\n<p>S&rsquo;il est d&rsquo;une d\u2019amplitude suffisante, il permet un traitement efficace de l\u2019apn\u00e9e obstructive du sommeil.<\/p>\n<p>L\u2019avancement de la mandibule est souvent jumel\u00e9 \u00e0 un avancement du muscle g\u00e9nioglosse seul ou \u00e0 un avancement de l\u2019ossature du menton aussi appel\u00e9 g\u00e9nioplastie.<\/p>\n<\/div>\n<\/div>\n<p>[\/vc_column_text][vc_video link=\u00a0\u00bbhttps:\/\/www.youtube.com\/watch?v=Zl7Ra7yEpgs\u00a0\u00bb][\/vc_column][\/vc_row][vc_row][vc_column][\/vc_column][\/vc_row][vc_row][vc_column][\/vc_column][\/vc_row]<\/p>\n","protected":false},"excerpt":{"rendered":"<p>[vc_row][vc_column width=\u00a0\u00bb1\/4&Prime; el_class=\u00a0\u00bbpages-sidebar\u00a0\u00bb][vc_widget_sidebar sidebar_id=\u00a0\u00bbca-sidebar-9958&Prime;][contact-form-7 id=\u00a0\u00bb9906&Prime;][\/vc_column][vc_column width=\u00a0\u00bb3\/4&Prime; el_class=\u00a0\u00bbpages-contenu\u00a0\u00bb][vc_column_text] Chirurgie Orthognatique d&rsquo;Avancement Mandibulaire Cette proc\u00e9dure permet d\u2019avancer la mandibule (m\u00e2choire inf\u00e9rieure) lorsque celle-ci pr\u00e9sente un d\u00e9calage important avec la m\u00e2choire du haut. Cet avancement d\u00e9gage les voies respiratoires. &nbsp; S&rsquo;il est d&rsquo;une d\u2019amplitude suffisante, il permet un traitement efficace de l\u2019apn\u00e9e obstructive du sommeil. L\u2019avancement de la &#8230; <a title=\"Chirurgie Orthognatique d\u2019Avancement Mandibulaire\" class=\"read-more\" href=\"https:\/\/dormalab.com\/fr\/chirurgie-orthognatique-davancement-mandibulaire\/\" aria-label=\"En savoir plus sur Chirurgie Orthognatique d\u2019Avancement Mandibulaire\">Lire la suite<\/a><\/p>\n","protected":false},"author":20,"featured_media":0,"parent":0,"menu_order":0,"comment_status":"closed","ping_status":"closed","template":"","meta":{"footnotes":""},"class_list":["post-8279","page","type-page","status-publish"],"yoast_head":"<!-- This site is optimized with the Yoast SEO plugin v27.5 - https:\/\/yoast.com\/product\/yoast-seo-wordpress\/ -->\n<title>Chirurgie Orthognatique d\u2019Avancement Mandibulaire - Dorma<\/title>\n<meta name=\"description\" content=\"La chirurgie Orthognatique d&#039;Avancement Mandibulaire traite l&#039;apn\u00e9e du sommeil en permettant un meilleur passage de l&#039;air. Consultation sans frais\" \/>\n<meta name=\"robots\" content=\"index, follow, max-snippet:-1, max-image-preview:large, max-video-preview:-1\" \/>\n<link rel=\"canonical\" href=\"https:\/\/dormalab.com\/fr\/chirurgie-orthognatique-davancement-mandibulaire\/\" \/>\n<meta property=\"og:locale\" content=\"fr_FR\" \/>\n<meta property=\"og:type\" content=\"article\" \/>\n<meta property=\"og:title\" content=\"Chirurgie Orthognatique d\u2019Avancement Mandibulaire - Dorma\" \/>\n<meta property=\"og:description\" content=\"La chirurgie Orthognatique d&#039;Avancement Mandibulaire traite l&#039;apn\u00e9e du sommeil en permettant un meilleur passage de l&#039;air. Consultation sans frais\" \/>\n<meta property=\"og:url\" content=\"https:\/\/dormalab.com\/fr\/chirurgie-orthognatique-davancement-mandibulaire\/\" \/>\n<meta property=\"og:site_name\" content=\"Dorma Sleep Clinics\" \/>\n<meta property=\"article:modified_time\" content=\"2021-05-07T17:12:02+00:00\" \/>\n<meta name=\"twitter:card\" content=\"summary_large_image\" \/>\n<meta name=\"twitter:label1\" content=\"Dur\u00e9e de lecture estim\u00e9e\" \/>\n\t<meta name=\"twitter:data1\" content=\"1 minute\" \/>\n<script type=\"application\/ld+json\" class=\"yoast-schema-graph\">{\"@context\":\"https:\\\/\\\/schema.org\",\"@graph\":[{\"@type\":\"WebPage\",\"@id\":\"https:\\\/\\\/dormalab.com\\\/fr\\\/chirurgie-orthognatique-davancement-mandibulaire\\\/\",\"url\":\"https:\\\/\\\/dormalab.com\\\/fr\\\/chirurgie-orthognatique-davancement-mandibulaire\\\/\",\"name\":\"Chirurgie Orthognatique d\u2019Avancement Mandibulaire - Dorma\",\"isPartOf\":{\"@id\":\"https:\\\/\\\/dormalab.com\\\/fr\\\/#website\"},\"datePublished\":\"2020-01-19T19:34:13+00:00\",\"dateModified\":\"2021-05-07T17:12:02+00:00\",\"description\":\"La chirurgie Orthognatique d'Avancement Mandibulaire traite l'apn\u00e9e du sommeil en permettant un meilleur passage de l'air. Consultation sans frais\",\"breadcrumb\":{\"@id\":\"https:\\\/\\\/dormalab.com\\\/fr\\\/chirurgie-orthognatique-davancement-mandibulaire\\\/#breadcrumb\"},\"inLanguage\":\"fr-FR\",\"potentialAction\":[{\"@type\":\"ReadAction\",\"target\":[\"https:\\\/\\\/dormalab.com\\\/fr\\\/chirurgie-orthognatique-davancement-mandibulaire\\\/\"]}]},{\"@type\":\"BreadcrumbList\",\"@id\":\"https:\\\/\\\/dormalab.com\\\/fr\\\/chirurgie-orthognatique-davancement-mandibulaire\\\/#breadcrumb\",\"itemListElement\":[{\"@type\":\"ListItem\",\"position\":1,\"name\":\"Home\",\"item\":\"https:\\\/\\\/dormalab.com\\\/fr\\\/\"},{\"@type\":\"ListItem\",\"position\":2,\"name\":\"Chirurgie Orthognatique d\u2019Avancement Mandibulaire\"}]},{\"@type\":\"WebSite\",\"@id\":\"https:\\\/\\\/dormalab.com\\\/fr\\\/#website\",\"url\":\"https:\\\/\\\/dormalab.com\\\/fr\\\/\",\"name\":\"Dorma Sleep Clinics\",\"description\":\"Sleep Well Live Well\",\"publisher\":{\"@id\":\"https:\\\/\\\/dormalab.com\\\/fr\\\/#organization\"},\"potentialAction\":[{\"@type\":\"SearchAction\",\"target\":{\"@type\":\"EntryPoint\",\"urlTemplate\":\"https:\\\/\\\/dormalab.com\\\/fr\\\/?s={search_term_string}\"},\"query-input\":{\"@type\":\"PropertyValueSpecification\",\"valueRequired\":true,\"valueName\":\"search_term_string\"}}],\"inLanguage\":\"fr-FR\"},{\"@type\":\"Organization\",\"@id\":\"https:\\\/\\\/dormalab.com\\\/fr\\\/#organization\",\"name\":\"Dorma Clinique Du Sommeil\",\"url\":\"https:\\\/\\\/dormalab.com\\\/fr\\\/\",\"logo\":{\"@type\":\"ImageObject\",\"inLanguage\":\"fr-FR\",\"@id\":\"https:\\\/\\\/dormalab.com\\\/fr\\\/#\\\/schema\\\/logo\\\/image\\\/\",\"url\":\"https:\\\/\\\/dormalab.com\\\/wp-content\\\/uploads\\\/2019\\\/10\\\/Dorma-Logotype-RGB-Black-scaled-e1578787470924.png\",\"contentUrl\":\"https:\\\/\\\/dormalab.com\\\/wp-content\\\/uploads\\\/2019\\\/10\\\/Dorma-Logotype-RGB-Black-scaled-e1578787470924.png\",\"width\":120,\"height\":25,\"caption\":\"Dorma Clinique Du Sommeil\"},\"image\":{\"@id\":\"https:\\\/\\\/dormalab.com\\\/fr\\\/#\\\/schema\\\/logo\\\/image\\\/\"}}]}<\/script>\n<!-- \/ Yoast SEO plugin. -->","yoast_head_json":{"title":"Chirurgie Orthognatique d\u2019Avancement Mandibulaire - Dorma","description":"La chirurgie Orthognatique d'Avancement Mandibulaire traite l'apn\u00e9e du sommeil en permettant un meilleur passage de l'air. Consultation sans frais","robots":{"index":"index","follow":"follow","max-snippet":"max-snippet:-1","max-image-preview":"max-image-preview:large","max-video-preview":"max-video-preview:-1"},"canonical":"https:\/\/dormalab.com\/fr\/chirurgie-orthognatique-davancement-mandibulaire\/","og_locale":"fr_FR","og_type":"article","og_title":"Chirurgie Orthognatique d\u2019Avancement Mandibulaire - Dorma","og_description":"La chirurgie Orthognatique d'Avancement Mandibulaire traite l'apn\u00e9e du sommeil en permettant un meilleur passage de l'air. Consultation sans frais","og_url":"https:\/\/dormalab.com\/fr\/chirurgie-orthognatique-davancement-mandibulaire\/","og_site_name":"Dorma Sleep Clinics","article_modified_time":"2021-05-07T17:12:02+00:00","twitter_card":"summary_large_image","twitter_misc":{"Dur\u00e9e de lecture estim\u00e9e":"1 minute"},"schema":{"@context":"https:\/\/schema.org","@graph":[{"@type":"WebPage","@id":"https:\/\/dormalab.com\/fr\/chirurgie-orthognatique-davancement-mandibulaire\/","url":"https:\/\/dormalab.com\/fr\/chirurgie-orthognatique-davancement-mandibulaire\/","name":"Chirurgie Orthognatique d\u2019Avancement Mandibulaire - Dorma","isPartOf":{"@id":"https:\/\/dormalab.com\/fr\/#website"},"datePublished":"2020-01-19T19:34:13+00:00","dateModified":"2021-05-07T17:12:02+00:00","description":"La chirurgie Orthognatique d'Avancement Mandibulaire traite l'apn\u00e9e du sommeil en permettant un meilleur passage de l'air. Consultation sans frais","breadcrumb":{"@id":"https:\/\/dormalab.com\/fr\/chirurgie-orthognatique-davancement-mandibulaire\/#breadcrumb"},"inLanguage":"fr-FR","potentialAction":[{"@type":"ReadAction","target":["https:\/\/dormalab.com\/fr\/chirurgie-orthognatique-davancement-mandibulaire\/"]}]},{"@type":"BreadcrumbList","@id":"https:\/\/dormalab.com\/fr\/chirurgie-orthognatique-davancement-mandibulaire\/#breadcrumb","itemListElement":[{"@type":"ListItem","position":1,"name":"Home","item":"https:\/\/dormalab.com\/fr\/"},{"@type":"ListItem","position":2,"name":"Chirurgie Orthognatique d\u2019Avancement Mandibulaire"}]},{"@type":"WebSite","@id":"https:\/\/dormalab.com\/fr\/#website","url":"https:\/\/dormalab.com\/fr\/","name":"Dorma Sleep Clinics","description":"Sleep Well Live Well","publisher":{"@id":"https:\/\/dormalab.com\/fr\/#organization"},"potentialAction":[{"@type":"SearchAction","target":{"@type":"EntryPoint","urlTemplate":"https:\/\/dormalab.com\/fr\/?s={search_term_string}"},"query-input":{"@type":"PropertyValueSpecification","valueRequired":true,"valueName":"search_term_string"}}],"inLanguage":"fr-FR"},{"@type":"Organization","@id":"https:\/\/dormalab.com\/fr\/#organization","name":"Dorma Clinique Du Sommeil","url":"https:\/\/dormalab.com\/fr\/","logo":{"@type":"ImageObject","inLanguage":"fr-FR","@id":"https:\/\/dormalab.com\/fr\/#\/schema\/logo\/image\/","url":"https:\/\/dormalab.com\/wp-content\/uploads\/2019\/10\/Dorma-Logotype-RGB-Black-scaled-e1578787470924.png","contentUrl":"https:\/\/dormalab.com\/wp-content\/uploads\/2019\/10\/Dorma-Logotype-RGB-Black-scaled-e1578787470924.png","width":120,"height":25,"caption":"Dorma Clinique Du Sommeil"},"image":{"@id":"https:\/\/dormalab.com\/fr\/#\/schema\/logo\/image\/"}}]}},"_links":{"self":[{"href":"https:\/\/dormalab.com\/fr\/wp-json\/wp\/v2\/pages\/8279","targetHints":{"allow":["GET"]}}],"collection":[{"href":"https:\/\/dormalab.com\/fr\/wp-json\/wp\/v2\/pages"}],"about":[{"href":"https:\/\/dormalab.com\/fr\/wp-json\/wp\/v2\/types\/page"}],"author":[{"embeddable":true,"href":"https:\/\/dormalab.com\/fr\/wp-json\/wp\/v2\/users\/20"}],"replies":[{"embeddable":true,"href":"https:\/\/dormalab.com\/fr\/wp-json\/wp\/v2\/comments?post=8279"}],"version-history":[{"count":0,"href":"https:\/\/dormalab.com\/fr\/wp-json\/wp\/v2\/pages\/8279\/revisions"}],"wp:attachment":[{"href":"https:\/\/dormalab.com\/fr\/wp-json\/wp\/v2\/media?parent=8279"}],"curies":[{"name":"wp","href":"https:\/\/api.w.org\/{rel}","templated":true}]}}