{"id":8281,"date":"2020-01-19T14:36:06","date_gmt":"2020-01-19T19:36:06","guid":{"rendered":"https:\/\/dormalab.com\/?page_id=8281"},"modified":"2021-05-07T12:55:11","modified_gmt":"2021-05-07T16:55:11","slug":"uvulopalatopharyngoplastie-uppp","status":"publish","type":"page","link":"https:\/\/dormalab.com\/fr\/uvulopalatopharyngoplastie-uppp\/","title":{"rendered":"Uvulopalatopharyngoplastie (UPPP)"},"content":{"rendered":"<p>[vc_row][vc_column width=\u00a0\u00bb1\/4&Prime; el_class=\u00a0\u00bbpages-sidebar\u00a0\u00bb][vc_widget_sidebar sidebar_id=\u00a0\u00bbca-sidebar-9958&Prime;][contact-form-7 id=\u00a0\u00bb9906&Prime;][\/vc_column][vc_column width=\u00a0\u00bb3\/4&Prime; el_class=\u00a0\u00bbpages-contenu\u00a0\u00bb][vc_column_text]<\/p>\n<h1><span style=\"font-size: 24pt;\"><strong>Uvulopalatopharyngoplastie\u00a0 (UPPP)<\/strong><\/span><\/h1>\n<p>&nbsp;<\/p>\n<p>Cette proc\u00e9dure fut initialement d\u00e9crite en 1964 pour traiter le ronflement.<\/p>\n<p>Une version plus agressive de la technique fut par la suite d\u00e9velopp\u00e9e pour traiter l\u2019apn\u00e9e du sommeil.<\/p>\n<p>&nbsp;<\/p>\n<p>&nbsp;<\/p>\n<p>En plus de traiter du palais mou, cette nouvelle technique impliquait les murs lat\u00e9raux du pharynx.<br \/>\nBien que l\u2019UPPP r\u00e9ussisse \u00e0 am\u00e9liorer de fa\u00e7on significative le ronflement dans plus de 90 % des cas, seulement 30 \u00e0 40 % des patients ont une am\u00e9lioration significative de l\u2019apn\u00e9e du sommeil. Ses r\u00e9sultats sont encore moins bons \u00e0 moyen long terme.<\/p>\n<p>&nbsp;<\/p>\n<p>&nbsp;<\/p>\n<p>L\u2019UPPP traite uniquement la portion du palais mou, sans aucune am\u00e9lioration de la base de la langue (zone hypopharyng\u00e9e) ou la cavit\u00e9 nasale, ce qui explique probablement le peu de succ\u00e8s de cette technique contre l\u2019apn\u00e9e du sommeil. \u00c9galement, la fibrose ou cicatrice du palais mou peut contribuer \u00e0 exacerber l\u2019apn\u00e9e du sommeil \u00e0 long terme.<\/p>\n<p>&nbsp;<\/p>\n<p>&nbsp;<\/p>\n<p>L\u2019UPPP n\u2019est pas non plus sans complication. Effectivement, on note parmi celles-ci la r\u00e9gurgitation nasale, l\u2019incomp\u00e9tence v\u00e9lopharyng\u00e9e (reflux des aliments et liquides remontant dans le nez), l\u2019hypernasalit\u00e9 ou voix nasillarde, la st\u00e9nose du palais et \u00e9videmment la persistance de l\u2019apn\u00e9e du sommeil.<\/p>\n<p>&nbsp;<\/p>\n<p>&nbsp;<\/p>\n<p>L\u2019UPPP est moins utilis\u00e9e de nos jours et a \u00e9t\u00e9 largement remplac\u00e9e par d\u2019autres techniques comme le LAUP et l\u2019uvulopalatoplastie par radiofr\u00e9quence.[\/vc_column_text][\/vc_column][\/vc_row]<\/p>\n","protected":false},"excerpt":{"rendered":"<p>[vc_row][vc_column width=\u00a0\u00bb1\/4&Prime; el_class=\u00a0\u00bbpages-sidebar\u00a0\u00bb][vc_widget_sidebar sidebar_id=\u00a0\u00bbca-sidebar-9958&Prime;][contact-form-7 id=\u00a0\u00bb9906&Prime;][\/vc_column][vc_column width=\u00a0\u00bb3\/4&Prime; el_class=\u00a0\u00bbpages-contenu\u00a0\u00bb][vc_column_text] Uvulopalatopharyngoplastie\u00a0 (UPPP) &nbsp; Cette proc\u00e9dure fut initialement d\u00e9crite en 1964 pour traiter le ronflement. Une version plus agressive de la technique fut par la suite d\u00e9velopp\u00e9e pour traiter l\u2019apn\u00e9e du sommeil. &nbsp; &nbsp; En plus de traiter du palais mou, cette nouvelle technique impliquait les murs lat\u00e9raux du &#8230; <a title=\"Uvulopalatopharyngoplastie (UPPP)\" class=\"read-more\" href=\"https:\/\/dormalab.com\/fr\/uvulopalatopharyngoplastie-uppp\/\" aria-label=\"En savoir plus sur Uvulopalatopharyngoplastie (UPPP)\">Lire la suite<\/a><\/p>\n","protected":false},"author":20,"featured_media":0,"parent":0,"menu_order":0,"comment_status":"closed","ping_status":"closed","template":"","meta":{"footnotes":""},"class_list":["post-8281","page","type-page","status-publish"],"yoast_head":"<!-- This site is optimized with the Yoast SEO plugin v27.3 - https:\/\/yoast.com\/product\/yoast-seo-wordpress\/ -->\n<title>Uvulopalatopharyngoplastie (UPPP) - Dorma Soins du Sommeil<\/title>\n<meta name=\"description\" content=\"L&#039;uvulopalatopharyngoplastie est une chirurgie du sommeil utilis\u00e9e pour enlever des tissus et\/ou remodeler des tissus dans la gorge. Consultation sans frais\" \/>\n<meta name=\"robots\" content=\"index, follow, max-snippet:-1, max-image-preview:large, max-video-preview:-1\" \/>\n<link rel=\"canonical\" href=\"https:\/\/dormalab.com\/fr\/uvulopalatopharyngoplastie-uppp\/\" \/>\n<meta property=\"og:locale\" content=\"fr_FR\" \/>\n<meta property=\"og:type\" content=\"article\" \/>\n<meta property=\"og:title\" content=\"Uvulopalatopharyngoplastie (UPPP) - Dorma Soins du Sommeil\" \/>\n<meta property=\"og:description\" content=\"L&#039;uvulopalatopharyngoplastie est une chirurgie du sommeil utilis\u00e9e pour enlever des tissus et\/ou remodeler des tissus dans la gorge. Consultation sans frais\" \/>\n<meta property=\"og:url\" content=\"https:\/\/dormalab.com\/fr\/uvulopalatopharyngoplastie-uppp\/\" \/>\n<meta property=\"og:site_name\" content=\"Dorma Sleep Clinics\" \/>\n<meta property=\"article:modified_time\" content=\"2021-05-07T16:55:11+00:00\" \/>\n<meta name=\"twitter:card\" content=\"summary_large_image\" \/>\n<meta name=\"twitter:label1\" content=\"Dur\u00e9e de lecture estim\u00e9e\" \/>\n\t<meta name=\"twitter:data1\" content=\"1 minute\" \/>\n<script type=\"application\/ld+json\" class=\"yoast-schema-graph\">{\"@context\":\"https:\\\/\\\/schema.org\",\"@graph\":[{\"@type\":\"WebPage\",\"@id\":\"https:\\\/\\\/dormalab.com\\\/fr\\\/uvulopalatopharyngoplastie-uppp\\\/\",\"url\":\"https:\\\/\\\/dormalab.com\\\/fr\\\/uvulopalatopharyngoplastie-uppp\\\/\",\"name\":\"Uvulopalatopharyngoplastie (UPPP) - Dorma Soins du Sommeil\",\"isPartOf\":{\"@id\":\"https:\\\/\\\/dormalab.com\\\/fr\\\/#website\"},\"datePublished\":\"2020-01-19T19:36:06+00:00\",\"dateModified\":\"2021-05-07T16:55:11+00:00\",\"description\":\"L'uvulopalatopharyngoplastie est une chirurgie du sommeil utilis\u00e9e pour enlever des tissus et\\\/ou remodeler des tissus dans la gorge. Consultation sans frais\",\"breadcrumb\":{\"@id\":\"https:\\\/\\\/dormalab.com\\\/fr\\\/uvulopalatopharyngoplastie-uppp\\\/#breadcrumb\"},\"inLanguage\":\"fr-FR\",\"potentialAction\":[{\"@type\":\"ReadAction\",\"target\":[\"https:\\\/\\\/dormalab.com\\\/fr\\\/uvulopalatopharyngoplastie-uppp\\\/\"]}]},{\"@type\":\"BreadcrumbList\",\"@id\":\"https:\\\/\\\/dormalab.com\\\/fr\\\/uvulopalatopharyngoplastie-uppp\\\/#breadcrumb\",\"itemListElement\":[{\"@type\":\"ListItem\",\"position\":1,\"name\":\"Home\",\"item\":\"https:\\\/\\\/dormalab.com\\\/fr\\\/\"},{\"@type\":\"ListItem\",\"position\":2,\"name\":\"Uvulopalatopharyngoplastie (UPPP)\"}]},{\"@type\":\"WebSite\",\"@id\":\"https:\\\/\\\/dormalab.com\\\/fr\\\/#website\",\"url\":\"https:\\\/\\\/dormalab.com\\\/fr\\\/\",\"name\":\"Dorma Sleep Clinics\",\"description\":\"Sleep Well Live Well\",\"publisher\":{\"@id\":\"https:\\\/\\\/dormalab.com\\\/fr\\\/#organization\"},\"potentialAction\":[{\"@type\":\"SearchAction\",\"target\":{\"@type\":\"EntryPoint\",\"urlTemplate\":\"https:\\\/\\\/dormalab.com\\\/fr\\\/?s={search_term_string}\"},\"query-input\":{\"@type\":\"PropertyValueSpecification\",\"valueRequired\":true,\"valueName\":\"search_term_string\"}}],\"inLanguage\":\"fr-FR\"},{\"@type\":\"Organization\",\"@id\":\"https:\\\/\\\/dormalab.com\\\/fr\\\/#organization\",\"name\":\"Dorma Clinique Du Sommeil\",\"url\":\"https:\\\/\\\/dormalab.com\\\/fr\\\/\",\"logo\":{\"@type\":\"ImageObject\",\"inLanguage\":\"fr-FR\",\"@id\":\"https:\\\/\\\/dormalab.com\\\/fr\\\/#\\\/schema\\\/logo\\\/image\\\/\",\"url\":\"https:\\\/\\\/dormalab.com\\\/wp-content\\\/uploads\\\/2019\\\/10\\\/Dorma-Logotype-RGB-Black-scaled-e1578787470924.png\",\"contentUrl\":\"https:\\\/\\\/dormalab.com\\\/wp-content\\\/uploads\\\/2019\\\/10\\\/Dorma-Logotype-RGB-Black-scaled-e1578787470924.png\",\"width\":120,\"height\":25,\"caption\":\"Dorma Clinique Du Sommeil\"},\"image\":{\"@id\":\"https:\\\/\\\/dormalab.com\\\/fr\\\/#\\\/schema\\\/logo\\\/image\\\/\"}}]}<\/script>\n<!-- \/ Yoast SEO plugin. -->","yoast_head_json":{"title":"Uvulopalatopharyngoplastie (UPPP) - Dorma Soins du Sommeil","description":"L'uvulopalatopharyngoplastie est une chirurgie du sommeil utilis\u00e9e pour enlever des tissus et\/ou remodeler des tissus dans la gorge. Consultation sans frais","robots":{"index":"index","follow":"follow","max-snippet":"max-snippet:-1","max-image-preview":"max-image-preview:large","max-video-preview":"max-video-preview:-1"},"canonical":"https:\/\/dormalab.com\/fr\/uvulopalatopharyngoplastie-uppp\/","og_locale":"fr_FR","og_type":"article","og_title":"Uvulopalatopharyngoplastie (UPPP) - Dorma Soins du Sommeil","og_description":"L'uvulopalatopharyngoplastie est une chirurgie du sommeil utilis\u00e9e pour enlever des tissus et\/ou remodeler des tissus dans la gorge. Consultation sans frais","og_url":"https:\/\/dormalab.com\/fr\/uvulopalatopharyngoplastie-uppp\/","og_site_name":"Dorma Sleep Clinics","article_modified_time":"2021-05-07T16:55:11+00:00","twitter_card":"summary_large_image","twitter_misc":{"Dur\u00e9e de lecture estim\u00e9e":"1 minute"},"schema":{"@context":"https:\/\/schema.org","@graph":[{"@type":"WebPage","@id":"https:\/\/dormalab.com\/fr\/uvulopalatopharyngoplastie-uppp\/","url":"https:\/\/dormalab.com\/fr\/uvulopalatopharyngoplastie-uppp\/","name":"Uvulopalatopharyngoplastie (UPPP) - Dorma Soins du Sommeil","isPartOf":{"@id":"https:\/\/dormalab.com\/fr\/#website"},"datePublished":"2020-01-19T19:36:06+00:00","dateModified":"2021-05-07T16:55:11+00:00","description":"L'uvulopalatopharyngoplastie est une chirurgie du sommeil utilis\u00e9e pour enlever des tissus et\/ou remodeler des tissus dans la gorge. Consultation sans frais","breadcrumb":{"@id":"https:\/\/dormalab.com\/fr\/uvulopalatopharyngoplastie-uppp\/#breadcrumb"},"inLanguage":"fr-FR","potentialAction":[{"@type":"ReadAction","target":["https:\/\/dormalab.com\/fr\/uvulopalatopharyngoplastie-uppp\/"]}]},{"@type":"BreadcrumbList","@id":"https:\/\/dormalab.com\/fr\/uvulopalatopharyngoplastie-uppp\/#breadcrumb","itemListElement":[{"@type":"ListItem","position":1,"name":"Home","item":"https:\/\/dormalab.com\/fr\/"},{"@type":"ListItem","position":2,"name":"Uvulopalatopharyngoplastie (UPPP)"}]},{"@type":"WebSite","@id":"https:\/\/dormalab.com\/fr\/#website","url":"https:\/\/dormalab.com\/fr\/","name":"Dorma Sleep Clinics","description":"Sleep Well Live Well","publisher":{"@id":"https:\/\/dormalab.com\/fr\/#organization"},"potentialAction":[{"@type":"SearchAction","target":{"@type":"EntryPoint","urlTemplate":"https:\/\/dormalab.com\/fr\/?s={search_term_string}"},"query-input":{"@type":"PropertyValueSpecification","valueRequired":true,"valueName":"search_term_string"}}],"inLanguage":"fr-FR"},{"@type":"Organization","@id":"https:\/\/dormalab.com\/fr\/#organization","name":"Dorma Clinique Du Sommeil","url":"https:\/\/dormalab.com\/fr\/","logo":{"@type":"ImageObject","inLanguage":"fr-FR","@id":"https:\/\/dormalab.com\/fr\/#\/schema\/logo\/image\/","url":"https:\/\/dormalab.com\/wp-content\/uploads\/2019\/10\/Dorma-Logotype-RGB-Black-scaled-e1578787470924.png","contentUrl":"https:\/\/dormalab.com\/wp-content\/uploads\/2019\/10\/Dorma-Logotype-RGB-Black-scaled-e1578787470924.png","width":120,"height":25,"caption":"Dorma Clinique Du Sommeil"},"image":{"@id":"https:\/\/dormalab.com\/fr\/#\/schema\/logo\/image\/"}}]}},"_links":{"self":[{"href":"https:\/\/dormalab.com\/fr\/wp-json\/wp\/v2\/pages\/8281","targetHints":{"allow":["GET"]}}],"collection":[{"href":"https:\/\/dormalab.com\/fr\/wp-json\/wp\/v2\/pages"}],"about":[{"href":"https:\/\/dormalab.com\/fr\/wp-json\/wp\/v2\/types\/page"}],"author":[{"embeddable":true,"href":"https:\/\/dormalab.com\/fr\/wp-json\/wp\/v2\/users\/20"}],"replies":[{"embeddable":true,"href":"https:\/\/dormalab.com\/fr\/wp-json\/wp\/v2\/comments?post=8281"}],"version-history":[{"count":0,"href":"https:\/\/dormalab.com\/fr\/wp-json\/wp\/v2\/pages\/8281\/revisions"}],"wp:attachment":[{"href":"https:\/\/dormalab.com\/fr\/wp-json\/wp\/v2\/media?parent=8281"}],"curies":[{"name":"wp","href":"https:\/\/api.w.org\/{rel}","templated":true}]}}