{"id":8284,"date":"2020-01-19T14:40:55","date_gmt":"2020-01-19T19:40:55","guid":{"rendered":"https:\/\/dormalab.com\/avancement-du-genioglosse\/"},"modified":"2021-05-07T13:12:57","modified_gmt":"2021-05-07T17:12:57","slug":"avancement-du-genioglosse","status":"publish","type":"page","link":"https:\/\/dormalab.com\/fr\/avancement-du-genioglosse\/","title":{"rendered":"Avancement du G\u00e9nioglosse"},"content":{"rendered":"<p>[vc_row][vc_column width=\u00a0\u00bb1\/4&Prime;][vc_widget_sidebar sidebar_id=\u00a0\u00bbca-sidebar-9958&Prime;][contact-form-7 id=\u00a0\u00bb9906&Prime;][\/vc_column][vc_column width=\u00a0\u00bb3\/4&Prime;][vc_column_text]<\/p>\n<h1>Le muscle g\u00e9nioglosse<\/h1>\n<p>Le muscle g\u00e9nioglosse est un muscle important de la cavit\u00e9 buccale reliant le menton \u00e0 la langue.<\/p>\n<p>Tr\u00e8s sollicit\u00e9 lors de la parole et de la mastication, ce muscle permet essentiellement de faire sortir et d\u2019abaisser la langue.<\/p>\n<p>&nbsp;<\/p>\n<p>D&rsquo;une part, la langue est compos\u00e9e de muscles intrins\u00e8ques composant la masse de la langue elle-m\u00eame et, d&rsquo;autre part, de muscles extrins\u00e8ques entourant la langue.<\/p>\n<p>&nbsp;<\/p>\n<p>Le muscle g\u00e9nioglosse est un des quatre muscles extrins\u00e8ques de la langue.<\/p>\n<p>Il est \u00e0 l&rsquo;origine des apophyses g\u00e9niennes de la m\u00e2choire inf\u00e9rieure, situ\u00e9es \u00e0 la surface interne du menton.<\/p>\n<p>Ce muscle s\u2019ins\u00e8re au niveau de l\u2019os hyo\u00efde et de la base de la langue et est innerv\u00e9 par ce que l&rsquo;on appelle \u00ab\u00a0le nerf vague\u00a0\u00bb.<\/p>\n<p>&nbsp;<\/p>\n<p>La contraction du g\u00e9nioglosse stabilise et ouvre les voies respiratoires au niveau de l\u2019oropharynx et de l\u2019hypopharynx.<\/p>\n<p>Par opposition, une relaxation de celui-ci est souvent impliqu\u00e9e dans l\u2019apn\u00e9e obstructive du sommeil.<\/p>\n<h2><\/h2>\n<h2>L\u2019apn\u00e9e obstructive du sommeil<\/h2>\n<p>L\u2019apn\u00e9e obstructive du sommeil est caus\u00e9e par l\u2019affaissement des voies a\u00e9riennes durant le sommeil.<br \/>\nLa r\u00e9gion post\u00e9rieure \u00e0 la base de la langue, souvent impliqu\u00e9e, est donc responsable de l\u2019obstruction du passage de l\u2019air.<\/p>\n<p>&nbsp;<\/p>\n<p>L\u2019avancement du muscle g\u00e9nioglosse permet de stabiliser les voies a\u00e9riennes et de d\u00e9gager les voies respiratoires \u00e0 ce niveau, par un mouvement ant\u00e9rieur des apophyses g\u00e9niennes auxquelles le muscle est attach\u00e9.<\/p>\n<p>L\u2019avancement de ce muscle entra\u00eene un mouvement ant\u00e9rieur de la langue et sa base, d\u00e9gageant ainsi les voies respiratoires durant le sommeil.<\/p>\n<p>&nbsp;<\/p>\n<p>Seul, l\u2019avancement du muscle g\u00e9nioglosse n\u2019est pas suffisant pour traiter l\u2019apn\u00e9e du sommeil de fa\u00e7on satisfaisante, dans la plupart des cas.<\/p>\n<p>Cette intervention est donc utilis\u00e9e en conjonction avec d\u2019autres techniques chirurgicales, notamment en combinaison avec l\u2019avancement des maxillaires sup\u00e9rieurs et inf\u00e9rieurs.<\/p>\n<p>&nbsp;<\/p>\n<p>L\u2019avancement du g\u00e9nioglosse a un objectif similaire \u00e0\u00a0 la \u00ab\u00a0g\u00e9nioplastie d\u2019avancement\u00a0\u00bb ou \u00ab\u00a0la g\u00e9nioplastie avec avancement des maxillaires\u00a0\u00bb par chirurgie orthognatique.<\/p>\n<p>Toutes ces chirurgies permettent de stabiliser les voies respiratoires en les d\u00e9gageant par l&rsquo;avancement du muscle g\u00e9nioglosse.<\/p>\n<p>&nbsp;<\/p>\n<p>Cette technique d&rsquo;intervention relativement simple, r\u00e9alis\u00e9e sous anesth\u00e9sie g\u00e9n\u00e9rale,\u00a0 est l\u2019une des multiples possibilit\u00e9s en chirurgie du g\u00e9nioglossergical pour corriger l\u2019apn\u00e9e du sommeil.<\/p>\n<p>&nbsp;<\/p>\n<p>Lors de l\u2019intervention, la partie de l\u2019os attach\u00e9e au muscle g\u00e9nioglosse est d\u00e9coup\u00e9e.<\/p>\n<p>Ensuite, le chirurgien positionne cette partie plus ant\u00e9rieurement, tourne l\u00e9g\u00e8rement l\u2019os et enfin, pose une vis en titane pour fixer la nouvelle position recherch\u00e9e.<\/p>\n<p>Les tissus mous peuvent ensuite \u00eatre referm\u00e9s par des points de suture.<\/p>\n<p>L&rsquo;intervention ne d\u00e9range ou n&rsquo;affecte en rien les dents.<\/p>\n<h2><\/h2>\n<h2>Convalescence<\/h2>\n<p>La convalescence de cette intervention est d\u2019environ une semaine. Les risques connexes ou associ\u00e9s sont limit\u00e9s. Suite \u00e0 cette intervention, la seule ou plus fr\u00e9quente complication est \u00e9ventuellement un engourdissement temporaire de la l\u00e8vre inf\u00e9rieure et du menton.[\/vc_column_text][\/vc_column][\/vc_row]<\/p>\n","protected":false},"excerpt":{"rendered":"<p>[vc_row][vc_column width=\u00a0\u00bb1\/4&Prime;][vc_widget_sidebar sidebar_id=\u00a0\u00bbca-sidebar-9958&Prime;][contact-form-7 id=\u00a0\u00bb9906&Prime;][\/vc_column][vc_column width=\u00a0\u00bb3\/4&Prime;][vc_column_text] Le muscle g\u00e9nioglosse Le muscle g\u00e9nioglosse est un muscle important de la cavit\u00e9 buccale reliant le menton \u00e0 la langue. Tr\u00e8s sollicit\u00e9 lors de la parole et de la mastication, ce muscle permet essentiellement de faire sortir et d\u2019abaisser la langue. &nbsp; D&rsquo;une part, la langue est compos\u00e9e de muscles &#8230; <a title=\"Avancement du G\u00e9nioglosse\" class=\"read-more\" href=\"https:\/\/dormalab.com\/fr\/avancement-du-genioglosse\/\" aria-label=\"En savoir plus sur Avancement du G\u00e9nioglosse\">Lire la suite<\/a><\/p>\n","protected":false},"author":20,"featured_media":0,"parent":0,"menu_order":0,"comment_status":"closed","ping_status":"closed","template":"","meta":{"footnotes":""},"class_list":["post-8284","page","type-page","status-publish"],"yoast_head":"<!-- This site is optimized with the Yoast SEO plugin v27.5 - https:\/\/yoast.com\/product\/yoast-seo-wordpress\/ -->\n<title>Avancement du G\u00e9nioglosse - Dorma Soins en Sommeils<\/title>\n<meta name=\"description\" content=\"L&#039;avancement du muscle g\u00e9nioglosse est une chirurgie pour traiter l&#039;apn\u00e9e du sommeil. Contactez un de nos sp\u00e9cialistes pour plus d&#039;info.\" \/>\n<meta name=\"robots\" content=\"index, follow, max-snippet:-1, max-image-preview:large, max-video-preview:-1\" \/>\n<link rel=\"canonical\" href=\"https:\/\/dormalab.com\/fr\/avancement-du-genioglosse\/\" \/>\n<meta property=\"og:locale\" content=\"fr_FR\" \/>\n<meta property=\"og:type\" content=\"article\" \/>\n<meta property=\"og:title\" content=\"Avancement du G\u00e9nioglosse - Dorma Soins en Sommeils\" \/>\n<meta property=\"og:description\" content=\"L&#039;avancement du muscle g\u00e9nioglosse est une chirurgie pour traiter l&#039;apn\u00e9e du sommeil. Contactez un de nos sp\u00e9cialistes pour plus d&#039;info.\" \/>\n<meta property=\"og:url\" content=\"https:\/\/dormalab.com\/fr\/avancement-du-genioglosse\/\" \/>\n<meta property=\"og:site_name\" content=\"Dorma Sleep Clinics\" \/>\n<meta property=\"article:modified_time\" content=\"2021-05-07T17:12:57+00:00\" \/>\n<meta name=\"twitter:card\" content=\"summary_large_image\" \/>\n<meta name=\"twitter:label1\" content=\"Dur\u00e9e de lecture estim\u00e9e\" \/>\n\t<meta name=\"twitter:data1\" content=\"3 minute\" \/>\n<script type=\"application\/ld+json\" class=\"yoast-schema-graph\">{\"@context\":\"https:\\\/\\\/schema.org\",\"@graph\":[{\"@type\":\"WebPage\",\"@id\":\"https:\\\/\\\/dormalab.com\\\/fr\\\/avancement-du-genioglosse\\\/\",\"url\":\"https:\\\/\\\/dormalab.com\\\/fr\\\/avancement-du-genioglosse\\\/\",\"name\":\"Avancement du G\u00e9nioglosse - Dorma Soins en Sommeils\",\"isPartOf\":{\"@id\":\"https:\\\/\\\/dormalab.com\\\/fr\\\/#website\"},\"datePublished\":\"2020-01-19T19:40:55+00:00\",\"dateModified\":\"2021-05-07T17:12:57+00:00\",\"description\":\"L'avancement du muscle g\u00e9nioglosse est une chirurgie pour traiter l'apn\u00e9e du sommeil. Contactez un de nos sp\u00e9cialistes pour plus d'info.\",\"breadcrumb\":{\"@id\":\"https:\\\/\\\/dormalab.com\\\/fr\\\/avancement-du-genioglosse\\\/#breadcrumb\"},\"inLanguage\":\"fr-FR\",\"potentialAction\":[{\"@type\":\"ReadAction\",\"target\":[\"https:\\\/\\\/dormalab.com\\\/fr\\\/avancement-du-genioglosse\\\/\"]}]},{\"@type\":\"BreadcrumbList\",\"@id\":\"https:\\\/\\\/dormalab.com\\\/fr\\\/avancement-du-genioglosse\\\/#breadcrumb\",\"itemListElement\":[{\"@type\":\"ListItem\",\"position\":1,\"name\":\"Home\",\"item\":\"https:\\\/\\\/dormalab.com\\\/fr\\\/\"},{\"@type\":\"ListItem\",\"position\":2,\"name\":\"Avancement du G\u00e9nioglosse\"}]},{\"@type\":\"WebSite\",\"@id\":\"https:\\\/\\\/dormalab.com\\\/fr\\\/#website\",\"url\":\"https:\\\/\\\/dormalab.com\\\/fr\\\/\",\"name\":\"Dorma Sleep Clinics\",\"description\":\"Sleep Well Live Well\",\"publisher\":{\"@id\":\"https:\\\/\\\/dormalab.com\\\/fr\\\/#organization\"},\"potentialAction\":[{\"@type\":\"SearchAction\",\"target\":{\"@type\":\"EntryPoint\",\"urlTemplate\":\"https:\\\/\\\/dormalab.com\\\/fr\\\/?s={search_term_string}\"},\"query-input\":{\"@type\":\"PropertyValueSpecification\",\"valueRequired\":true,\"valueName\":\"search_term_string\"}}],\"inLanguage\":\"fr-FR\"},{\"@type\":\"Organization\",\"@id\":\"https:\\\/\\\/dormalab.com\\\/fr\\\/#organization\",\"name\":\"Dorma Clinique Du Sommeil\",\"url\":\"https:\\\/\\\/dormalab.com\\\/fr\\\/\",\"logo\":{\"@type\":\"ImageObject\",\"inLanguage\":\"fr-FR\",\"@id\":\"https:\\\/\\\/dormalab.com\\\/fr\\\/#\\\/schema\\\/logo\\\/image\\\/\",\"url\":\"https:\\\/\\\/dormalab.com\\\/wp-content\\\/uploads\\\/2019\\\/10\\\/Dorma-Logotype-RGB-Black-scaled-e1578787470924.png\",\"contentUrl\":\"https:\\\/\\\/dormalab.com\\\/wp-content\\\/uploads\\\/2019\\\/10\\\/Dorma-Logotype-RGB-Black-scaled-e1578787470924.png\",\"width\":120,\"height\":25,\"caption\":\"Dorma Clinique Du Sommeil\"},\"image\":{\"@id\":\"https:\\\/\\\/dormalab.com\\\/fr\\\/#\\\/schema\\\/logo\\\/image\\\/\"}}]}<\/script>\n<!-- \/ Yoast SEO plugin. -->","yoast_head_json":{"title":"Avancement du G\u00e9nioglosse - Dorma Soins en Sommeils","description":"L'avancement du muscle g\u00e9nioglosse est une chirurgie pour traiter l'apn\u00e9e du sommeil. Contactez un de nos sp\u00e9cialistes pour plus d'info.","robots":{"index":"index","follow":"follow","max-snippet":"max-snippet:-1","max-image-preview":"max-image-preview:large","max-video-preview":"max-video-preview:-1"},"canonical":"https:\/\/dormalab.com\/fr\/avancement-du-genioglosse\/","og_locale":"fr_FR","og_type":"article","og_title":"Avancement du G\u00e9nioglosse - Dorma Soins en Sommeils","og_description":"L'avancement du muscle g\u00e9nioglosse est une chirurgie pour traiter l'apn\u00e9e du sommeil. Contactez un de nos sp\u00e9cialistes pour plus d'info.","og_url":"https:\/\/dormalab.com\/fr\/avancement-du-genioglosse\/","og_site_name":"Dorma Sleep Clinics","article_modified_time":"2021-05-07T17:12:57+00:00","twitter_card":"summary_large_image","twitter_misc":{"Dur\u00e9e de lecture estim\u00e9e":"3 minute"},"schema":{"@context":"https:\/\/schema.org","@graph":[{"@type":"WebPage","@id":"https:\/\/dormalab.com\/fr\/avancement-du-genioglosse\/","url":"https:\/\/dormalab.com\/fr\/avancement-du-genioglosse\/","name":"Avancement du G\u00e9nioglosse - Dorma Soins en Sommeils","isPartOf":{"@id":"https:\/\/dormalab.com\/fr\/#website"},"datePublished":"2020-01-19T19:40:55+00:00","dateModified":"2021-05-07T17:12:57+00:00","description":"L'avancement du muscle g\u00e9nioglosse est une chirurgie pour traiter l'apn\u00e9e du sommeil. Contactez un de nos sp\u00e9cialistes pour plus d'info.","breadcrumb":{"@id":"https:\/\/dormalab.com\/fr\/avancement-du-genioglosse\/#breadcrumb"},"inLanguage":"fr-FR","potentialAction":[{"@type":"ReadAction","target":["https:\/\/dormalab.com\/fr\/avancement-du-genioglosse\/"]}]},{"@type":"BreadcrumbList","@id":"https:\/\/dormalab.com\/fr\/avancement-du-genioglosse\/#breadcrumb","itemListElement":[{"@type":"ListItem","position":1,"name":"Home","item":"https:\/\/dormalab.com\/fr\/"},{"@type":"ListItem","position":2,"name":"Avancement du G\u00e9nioglosse"}]},{"@type":"WebSite","@id":"https:\/\/dormalab.com\/fr\/#website","url":"https:\/\/dormalab.com\/fr\/","name":"Dorma Sleep Clinics","description":"Sleep Well Live Well","publisher":{"@id":"https:\/\/dormalab.com\/fr\/#organization"},"potentialAction":[{"@type":"SearchAction","target":{"@type":"EntryPoint","urlTemplate":"https:\/\/dormalab.com\/fr\/?s={search_term_string}"},"query-input":{"@type":"PropertyValueSpecification","valueRequired":true,"valueName":"search_term_string"}}],"inLanguage":"fr-FR"},{"@type":"Organization","@id":"https:\/\/dormalab.com\/fr\/#organization","name":"Dorma Clinique Du Sommeil","url":"https:\/\/dormalab.com\/fr\/","logo":{"@type":"ImageObject","inLanguage":"fr-FR","@id":"https:\/\/dormalab.com\/fr\/#\/schema\/logo\/image\/","url":"https:\/\/dormalab.com\/wp-content\/uploads\/2019\/10\/Dorma-Logotype-RGB-Black-scaled-e1578787470924.png","contentUrl":"https:\/\/dormalab.com\/wp-content\/uploads\/2019\/10\/Dorma-Logotype-RGB-Black-scaled-e1578787470924.png","width":120,"height":25,"caption":"Dorma Clinique Du Sommeil"},"image":{"@id":"https:\/\/dormalab.com\/fr\/#\/schema\/logo\/image\/"}}]}},"_links":{"self":[{"href":"https:\/\/dormalab.com\/fr\/wp-json\/wp\/v2\/pages\/8284","targetHints":{"allow":["GET"]}}],"collection":[{"href":"https:\/\/dormalab.com\/fr\/wp-json\/wp\/v2\/pages"}],"about":[{"href":"https:\/\/dormalab.com\/fr\/wp-json\/wp\/v2\/types\/page"}],"author":[{"embeddable":true,"href":"https:\/\/dormalab.com\/fr\/wp-json\/wp\/v2\/users\/20"}],"replies":[{"embeddable":true,"href":"https:\/\/dormalab.com\/fr\/wp-json\/wp\/v2\/comments?post=8284"}],"version-history":[{"count":0,"href":"https:\/\/dormalab.com\/fr\/wp-json\/wp\/v2\/pages\/8284\/revisions"}],"wp:attachment":[{"href":"https:\/\/dormalab.com\/fr\/wp-json\/wp\/v2\/media?parent=8284"}],"curies":[{"name":"wp","href":"https:\/\/api.w.org\/{rel}","templated":true}]}}