{"id":41588,"date":"2025-04-28T12:47:58","date_gmt":"2025-04-28T16:47:58","guid":{"rendered":"https:\/\/dormalab.com\/product\/masque-brevida-fit-pack\/"},"modified":"2025-12-09T14:37:42","modified_gmt":"2025-12-09T19:37:42","slug":"masque-brevida-fit-pack","status":"publish","type":"product","link":"https:\/\/dormalab.com\/fr\/produit\/masque-brevida-fit-pack\/","title":{"rendered":"Masque Brevida Fit Pack"},"content":{"rendered":"<p data-start=\"424\" data-end=\"750\">Le Fisher &amp; Paykel Brevida Fit Pack est un masque nasal <a href=\"https:\/\/dormalab.com\/continuous-positive-airflow-pressure-cpap\/\" data-internallinksmanager029f6b8e52c=\"1\" title=\"Continuous Positive Airflow Pressure (CPAP)\">CPAP<\/a> \u00e0 coussinets versatile et facile d&rsquo;utilisation, con\u00e7u pour offrir confort, simplicit\u00e9 et une \u00e9tanch\u00e9it\u00e9 fiable. Il inclut deux tailles de coussins\u2014<strong data-start=\"607\" data-end=\"635\">Extra Petit-Petit (XS-S)<\/strong> et <strong data-start=\"640\" data-end=\"662\">Moyen-Grand (M-L)<\/strong>\u2014permettant aux utilisateurs de trouver l&rsquo;ajustement parfait sans avoir besoin d&rsquo;acheter des composants s\u00e9par\u00e9s. <\/p>\n<p data-start=\"752\" data-end=\"1137\">Id\u00e9al pour les nouveaux utilisateurs de th\u00e9rapie CPAP ou les utilisateurs exp\u00e9riment\u00e9s recherchant une solution l\u00e9g\u00e8re et discr\u00e8te, le Brevida utilise un coussin AirPillow\u2122 souple qui se gonfle \u00e0 chaque respiration pour cr\u00e9er une \u00e9tanch\u00e9it\u00e9 douce mais efficace \u00e0 l&rsquo;int\u00e9rieur et autour des narines. Sa conception \u00e0 contact minimal r\u00e9duit le risque de marques de pression et d&rsquo;irritation, tandis que son diffuseur silencieux rend l&rsquo;utilisation nocturne moins perturbante. <\/p>\n<p data-start=\"1139\" data-end=\"1156\"><strong data-start=\"1139\" data-end=\"1156\">Caract\u00e9ristiques Principales :<\/strong><\/p>\n<ul data-start=\"1158\" data-end=\"1784\">\n<li data-start=\"1158\" data-end=\"1237\">\n<p data-start=\"1160\" data-end=\"1237\"><strong data-start=\"1160\" data-end=\"1213\">Le Fit Pack inclut les coussins nasaux XS-S et M-L<\/strong> pour un ajustement personnalis\u00e9.<\/p>\n<\/li>\n<li data-start=\"1238\" data-end=\"1324\">\n<p data-start=\"1240\" data-end=\"1324\"><strong data-start=\"1240\" data-end=\"1265\">La technologie AirPillow\u2122<\/strong> offre une \u00e9tanch\u00e9it\u00e9 douce et s\u00fbre qui se gonfle au rythme de votre respiration.<\/p>\n<\/li>\n<li data-start=\"1325\" data-end=\"1400\">\n<p data-start=\"1327\" data-end=\"1400\"><strong data-start=\"1327\" data-end=\"1353\">Conception \u00e0 contact minimal<\/strong> pour un meilleur confort et moins de pression faciale.<\/p>\n<\/li>\n<li data-start=\"1401\" data-end=\"1485\">\n<p data-start=\"1403\" data-end=\"1485\"><strong data-start=\"1403\" data-end=\"1436\">Harnais ajustable et lavable<\/strong> avec attaches Velcro pour un ajustement stable et sur mesure.<\/p>\n<\/li>\n<li data-start=\"1486\" data-end=\"1567\">\n<p data-start=\"1488\" data-end=\"1567\"><strong data-start=\"1488\" data-end=\"1508\">Diffuseur Q-cover<\/strong> qui r\u00e9duit consid\u00e9rablement le bruit et les courants d&rsquo;air pour un sommeil plus silencieux.<\/p>\n<\/li>\n<li data-start=\"1568\" data-end=\"1638\">\n<p data-start=\"1570\" data-end=\"1638\"><strong data-start=\"1570\" data-end=\"1593\">Tube court flexible<\/strong> permettant une libert\u00e9 de mouvement pendant le sommeil.<\/p>\n<\/li>\n<li data-start=\"1639\" data-end=\"1705\">\n<p data-start=\"1641\" data-end=\"1705\"><strong data-start=\"1641\" data-end=\"1705\">Compatible avec toutes les machines CPAP, APAP et BiPAP standard.<\/strong><\/p>\n<\/li>\n<li data-start=\"1706\" data-end=\"1784\">\n<p data-start=\"1708\" data-end=\"1784\"><strong data-start=\"1708\" data-end=\"1752\">Facile \u00e0 assembler, d\u00e9monter et nettoyer<\/strong>, le rendant id\u00e9al pour une utilisation quotidienne.<\/p>\n<\/li>\n<\/ul>\n<p data-start=\"1786\" data-end=\"1972\">Que vous dormiez sur le c\u00f4t\u00e9 ou que vous recherchiez simplement un masque plus silencieux et plus adaptable, le Fisher  Paykel Brevida Fit Pack offre un haut niveau de confort et de facilit\u00e9 d&rsquo;utilisation dans un design compact.<\/p>\n","protected":false},"excerpt":{"rendered":"<p data-start=\"167\" data-end=\"391\">Le Fisher  Paykel Brevida Fit Pack comprend les tailles de coussins nasaux XS-S et M-L, offrant un ajustement personnalis\u00e9 et confortable. Ce masque nasal CPAP \u00e0 coussins est con\u00e7u pour une th\u00e9rapie silencieuse et efficace avec un contact facial minimal. <\/p>\n<p data-start=\"1786\" data-end=\"1972\">\n","protected":false},"featured_media":40746,"template":"","meta":[],"product_brand":[369],"product_cat":[365],"product_tag":[],"class_list":{"0":"post-41588","1":"product","2":"type-product","3":"status-publish","4":"has-post-thumbnail","6":"product_brand-fisher-paykel","7":"product_cat-masque","9":"first","10":"instock","11":"shipping-taxable","12":"purchasable","13":"product-type-simple"},"yoast_head":"<!-- This site is optimized with the Yoast SEO plugin v27.3 - https:\/\/yoast.com\/product\/yoast-seo-wordpress\/ -->\n<title>Masque Brevida Fit Pack - Dorma Sleep Clinics<\/title>\n<meta name=\"robots\" content=\"index, follow, max-snippet:-1, max-image-preview:large, max-video-preview:-1\" \/>\n<link rel=\"canonical\" href=\"https:\/\/dormalab.com\/fr\/produit\/masque-brevida-fit-pack\/\" \/>\n<meta property=\"og:locale\" content=\"fr_FR\" \/>\n<meta property=\"og:type\" content=\"article\" \/>\n<meta property=\"og:title\" content=\"Masque Brevida Fit Pack - Dorma Sleep Clinics\" \/>\n<meta property=\"og:description\" content=\"Le Fisher Paykel Brevida Fit Pack comprend les tailles de coussins nasaux XS-S et M-L, offrant un ajustement personnalis\u00e9 et confortable. Ce masque nasal CPAP \u00e0 coussins est con\u00e7u pour une th\u00e9rapie silencieuse et efficace avec un contact facial minimal.\" \/>\n<meta property=\"og:url\" content=\"https:\/\/dormalab.com\/fr\/produit\/masque-brevida-fit-pack\/\" \/>\n<meta property=\"og:site_name\" content=\"Dorma Sleep Clinics\" \/>\n<meta property=\"article:modified_time\" content=\"2025-12-09T19:37:42+00:00\" \/>\n<meta property=\"og:image\" content=\"https:\/\/dormalab.com\/wp-content\/uploads\/2025\/04\/Captura-de-Pantalla-2025-05-15-a-las-4.30.28-p.-m.png\" \/>\n\t<meta property=\"og:image:width\" content=\"1\" \/>\n\t<meta property=\"og:image:height\" content=\"1\" \/>\n\t<meta property=\"og:image:type\" content=\"image\/png\" \/>\n<meta name=\"twitter:card\" content=\"summary_large_image\" \/>\n<meta name=\"twitter:label1\" content=\"Dur\u00e9e de lecture estim\u00e9e\" \/>\n\t<meta name=\"twitter:data1\" content=\"1 minute\" \/>\n<script type=\"application\/ld+json\" class=\"yoast-schema-graph\">{\"@context\":\"https:\\\/\\\/schema.org\",\"@graph\":[{\"@type\":\"WebPage\",\"@id\":\"https:\\\/\\\/dormalab.com\\\/fr\\\/produit\\\/masque-brevida-fit-pack\\\/\",\"url\":\"https:\\\/\\\/dormalab.com\\\/fr\\\/produit\\\/masque-brevida-fit-pack\\\/\",\"name\":\"Masque Brevida Fit Pack - Dorma Sleep Clinics\",\"isPartOf\":{\"@id\":\"https:\\\/\\\/dormalab.com\\\/fr\\\/#website\"},\"primaryImageOfPage\":{\"@id\":\"https:\\\/\\\/dormalab.com\\\/fr\\\/produit\\\/masque-brevida-fit-pack\\\/#primaryimage\"},\"image\":{\"@id\":\"https:\\\/\\\/dormalab.com\\\/fr\\\/produit\\\/masque-brevida-fit-pack\\\/#primaryimage\"},\"thumbnailUrl\":\"https:\\\/\\\/dormalab.com\\\/wp-content\\\/uploads\\\/2025\\\/04\\\/Captura-de-Pantalla-2025-05-15-a-las-4.30.28-p.-m.png\",\"datePublished\":\"2025-04-28T16:47:58+00:00\",\"dateModified\":\"2025-12-09T19:37:42+00:00\",\"breadcrumb\":{\"@id\":\"https:\\\/\\\/dormalab.com\\\/fr\\\/produit\\\/masque-brevida-fit-pack\\\/#breadcrumb\"},\"inLanguage\":\"fr-FR\",\"potentialAction\":[{\"@type\":\"ReadAction\",\"target\":[\"https:\\\/\\\/dormalab.com\\\/fr\\\/produit\\\/masque-brevida-fit-pack\\\/\"]}]},{\"@type\":\"ImageObject\",\"inLanguage\":\"fr-FR\",\"@id\":\"https:\\\/\\\/dormalab.com\\\/fr\\\/produit\\\/masque-brevida-fit-pack\\\/#primaryimage\",\"url\":\"https:\\\/\\\/dormalab.com\\\/wp-content\\\/uploads\\\/2025\\\/04\\\/Captura-de-Pantalla-2025-05-15-a-las-4.30.28-p.-m.png\",\"contentUrl\":\"https:\\\/\\\/dormalab.com\\\/wp-content\\\/uploads\\\/2025\\\/04\\\/Captura-de-Pantalla-2025-05-15-a-las-4.30.28-p.-m.png\"},{\"@type\":\"BreadcrumbList\",\"@id\":\"https:\\\/\\\/dormalab.com\\\/fr\\\/produit\\\/masque-brevida-fit-pack\\\/#breadcrumb\",\"itemListElement\":[{\"@type\":\"ListItem\",\"position\":1,\"name\":\"Home\",\"item\":\"https:\\\/\\\/dormalab.com\\\/fr\\\/\"},{\"@type\":\"ListItem\",\"position\":2,\"name\":\"Boutique\",\"item\":\"https:\\\/\\\/dormalab.com\\\/fr\\\/boutique\\\/\"},{\"@type\":\"ListItem\",\"position\":3,\"name\":\"Masque Brevida Fit Pack\"}]},{\"@type\":\"WebSite\",\"@id\":\"https:\\\/\\\/dormalab.com\\\/fr\\\/#website\",\"url\":\"https:\\\/\\\/dormalab.com\\\/fr\\\/\",\"name\":\"Dorma Sleep Clinics\",\"description\":\"Sleep Well Live Well\",\"publisher\":{\"@id\":\"https:\\\/\\\/dormalab.com\\\/fr\\\/#organization\"},\"potentialAction\":[{\"@type\":\"SearchAction\",\"target\":{\"@type\":\"EntryPoint\",\"urlTemplate\":\"https:\\\/\\\/dormalab.com\\\/fr\\\/?s={search_term_string}\"},\"query-input\":{\"@type\":\"PropertyValueSpecification\",\"valueRequired\":true,\"valueName\":\"search_term_string\"}}],\"inLanguage\":\"fr-FR\"},{\"@type\":\"Organization\",\"@id\":\"https:\\\/\\\/dormalab.com\\\/fr\\\/#organization\",\"name\":\"Dorma Clinique Du Sommeil\",\"url\":\"https:\\\/\\\/dormalab.com\\\/fr\\\/\",\"logo\":{\"@type\":\"ImageObject\",\"inLanguage\":\"fr-FR\",\"@id\":\"https:\\\/\\\/dormalab.com\\\/fr\\\/#\\\/schema\\\/logo\\\/image\\\/\",\"url\":\"https:\\\/\\\/dormalab.com\\\/wp-content\\\/uploads\\\/2019\\\/10\\\/Dorma-Logotype-RGB-Black-scaled-e1578787470924.png\",\"contentUrl\":\"https:\\\/\\\/dormalab.com\\\/wp-content\\\/uploads\\\/2019\\\/10\\\/Dorma-Logotype-RGB-Black-scaled-e1578787470924.png\",\"width\":120,\"height\":25,\"caption\":\"Dorma Clinique Du Sommeil\"},\"image\":{\"@id\":\"https:\\\/\\\/dormalab.com\\\/fr\\\/#\\\/schema\\\/logo\\\/image\\\/\"}}]}<\/script>\n<!-- \/ Yoast SEO plugin. -->","yoast_head_json":{"title":"Masque Brevida Fit Pack - Dorma Sleep Clinics","robots":{"index":"index","follow":"follow","max-snippet":"max-snippet:-1","max-image-preview":"max-image-preview:large","max-video-preview":"max-video-preview:-1"},"canonical":"https:\/\/dormalab.com\/fr\/produit\/masque-brevida-fit-pack\/","og_locale":"fr_FR","og_type":"article","og_title":"Masque Brevida Fit Pack - Dorma Sleep Clinics","og_description":"Le Fisher Paykel Brevida Fit Pack comprend les tailles de coussins nasaux XS-S et M-L, offrant un ajustement personnalis\u00e9 et confortable. Ce masque nasal CPAP \u00e0 coussins est con\u00e7u pour une th\u00e9rapie silencieuse et efficace avec un contact facial minimal.","og_url":"https:\/\/dormalab.com\/fr\/produit\/masque-brevida-fit-pack\/","og_site_name":"Dorma Sleep Clinics","article_modified_time":"2025-12-09T19:37:42+00:00","og_image":[{"url":"https:\/\/dormalab.com\/wp-content\/uploads\/2025\/04\/Captura-de-Pantalla-2025-05-15-a-las-4.30.28-p.-m.png","width":1,"height":1,"type":"image\/png"}],"twitter_card":"summary_large_image","twitter_misc":{"Dur\u00e9e de lecture estim\u00e9e":"1 minute"},"schema":{"@context":"https:\/\/schema.org","@graph":[{"@type":"WebPage","@id":"https:\/\/dormalab.com\/fr\/produit\/masque-brevida-fit-pack\/","url":"https:\/\/dormalab.com\/fr\/produit\/masque-brevida-fit-pack\/","name":"Masque Brevida Fit Pack - Dorma Sleep Clinics","isPartOf":{"@id":"https:\/\/dormalab.com\/fr\/#website"},"primaryImageOfPage":{"@id":"https:\/\/dormalab.com\/fr\/produit\/masque-brevida-fit-pack\/#primaryimage"},"image":{"@id":"https:\/\/dormalab.com\/fr\/produit\/masque-brevida-fit-pack\/#primaryimage"},"thumbnailUrl":"https:\/\/dormalab.com\/wp-content\/uploads\/2025\/04\/Captura-de-Pantalla-2025-05-15-a-las-4.30.28-p.-m.png","datePublished":"2025-04-28T16:47:58+00:00","dateModified":"2025-12-09T19:37:42+00:00","breadcrumb":{"@id":"https:\/\/dormalab.com\/fr\/produit\/masque-brevida-fit-pack\/#breadcrumb"},"inLanguage":"fr-FR","potentialAction":[{"@type":"ReadAction","target":["https:\/\/dormalab.com\/fr\/produit\/masque-brevida-fit-pack\/"]}]},{"@type":"ImageObject","inLanguage":"fr-FR","@id":"https:\/\/dormalab.com\/fr\/produit\/masque-brevida-fit-pack\/#primaryimage","url":"https:\/\/dormalab.com\/wp-content\/uploads\/2025\/04\/Captura-de-Pantalla-2025-05-15-a-las-4.30.28-p.-m.png","contentUrl":"https:\/\/dormalab.com\/wp-content\/uploads\/2025\/04\/Captura-de-Pantalla-2025-05-15-a-las-4.30.28-p.-m.png"},{"@type":"BreadcrumbList","@id":"https:\/\/dormalab.com\/fr\/produit\/masque-brevida-fit-pack\/#breadcrumb","itemListElement":[{"@type":"ListItem","position":1,"name":"Home","item":"https:\/\/dormalab.com\/fr\/"},{"@type":"ListItem","position":2,"name":"Boutique","item":"https:\/\/dormalab.com\/fr\/boutique\/"},{"@type":"ListItem","position":3,"name":"Masque Brevida Fit Pack"}]},{"@type":"WebSite","@id":"https:\/\/dormalab.com\/fr\/#website","url":"https:\/\/dormalab.com\/fr\/","name":"Dorma Sleep Clinics","description":"Sleep Well Live Well","publisher":{"@id":"https:\/\/dormalab.com\/fr\/#organization"},"potentialAction":[{"@type":"SearchAction","target":{"@type":"EntryPoint","urlTemplate":"https:\/\/dormalab.com\/fr\/?s={search_term_string}"},"query-input":{"@type":"PropertyValueSpecification","valueRequired":true,"valueName":"search_term_string"}}],"inLanguage":"fr-FR"},{"@type":"Organization","@id":"https:\/\/dormalab.com\/fr\/#organization","name":"Dorma Clinique Du Sommeil","url":"https:\/\/dormalab.com\/fr\/","logo":{"@type":"ImageObject","inLanguage":"fr-FR","@id":"https:\/\/dormalab.com\/fr\/#\/schema\/logo\/image\/","url":"https:\/\/dormalab.com\/wp-content\/uploads\/2019\/10\/Dorma-Logotype-RGB-Black-scaled-e1578787470924.png","contentUrl":"https:\/\/dormalab.com\/wp-content\/uploads\/2019\/10\/Dorma-Logotype-RGB-Black-scaled-e1578787470924.png","width":120,"height":25,"caption":"Dorma Clinique Du Sommeil"},"image":{"@id":"https:\/\/dormalab.com\/fr\/#\/schema\/logo\/image\/"}}]}},"_links":{"self":[{"href":"https:\/\/dormalab.com\/fr\/wp-json\/wp\/v2\/product\/41588","targetHints":{"allow":["GET"]}}],"collection":[{"href":"https:\/\/dormalab.com\/fr\/wp-json\/wp\/v2\/product"}],"about":[{"href":"https:\/\/dormalab.com\/fr\/wp-json\/wp\/v2\/types\/product"}],"version-history":[{"count":0,"href":"https:\/\/dormalab.com\/fr\/wp-json\/wp\/v2\/product\/41588\/revisions"}],"wp:featuredmedia":[{"embeddable":true,"href":"https:\/\/dormalab.com\/fr\/wp-json\/wp\/v2\/media\/40746"}],"wp:attachment":[{"href":"https:\/\/dormalab.com\/fr\/wp-json\/wp\/v2\/media?parent=41588"}],"wp:term":[{"taxonomy":"product_brand","embeddable":true,"href":"https:\/\/dormalab.com\/fr\/wp-json\/wp\/v2\/product_brand?post=41588"},{"taxonomy":"product_cat","embeddable":true,"href":"https:\/\/dormalab.com\/fr\/wp-json\/wp\/v2\/product_cat?post=41588"},{"taxonomy":"product_tag","embeddable":true,"href":"https:\/\/dormalab.com\/fr\/wp-json\/wp\/v2\/product_tag?post=41588"}],"curies":[{"name":"wp","href":"https:\/\/api.w.org\/{rel}","templated":true}]}}