{"id":41589,"date":"2025-04-28T12:48:10","date_gmt":"2025-04-28T16:48:10","guid":{"rendered":"https:\/\/dormalab.com\/product\/pack-de-masque-complet-evora-full-fit\/"},"modified":"2025-12-09T14:37:43","modified_gmt":"2025-12-09T19:37:43","slug":"pack-de-masque-complet-evora-full-fit","status":"publish","type":"product","link":"https:\/\/dormalab.com\/fr\/produit\/pack-de-masque-complet-evora-full-fit\/","title":{"rendered":"Pack de masque complet Evora Full Fit"},"content":{"rendered":"<ul>\n<li data-start=\"502\" data-end=\"636\">\n<p data-start=\"504\" data-end=\"636\"><strong data-start=\"504\" data-end=\"527\">Ensemble d&rsquo;ajustement tout-en-un<\/strong> : Comprend des coussins de tailles XPetit, Petit\/Moyen et Grand pour assurer le meilleur ajustement et \u00e9liminer les conjectures lors de la s\u00e9lection.<\/p>\n<\/li>\n<li data-start=\"637\" data-end=\"763\">\n<p data-start=\"639\" data-end=\"763\"><strong data-start=\"639\" data-end=\"662\">Joint sous le nez<\/strong> : Offre une ligne de vision d\u00e9gag\u00e9e et r\u00e9duit la pression sur l&rsquo;ar\u00eate du nez pour un confort accru.<\/p>\n<\/li>\n<li data-start=\"764\" data-end=\"897\">\n<p data-start=\"766\" data-end=\"897\"><strong data-start=\"766\" data-end=\"784\">Design minimaliste<\/strong> : Cadre compact et l\u00e9ger qui se positionne confortablement sous le nez et autour de la bouche sans support frontal encombrant.<\/p>\n<\/li>\n<li data-start=\"898\" data-end=\"1023\">\n<p data-start=\"900\" data-end=\"1023\"><strong data-start=\"900\" data-end=\"928\">Technologie de joint flottant<\/strong> : S&rsquo;adapte aux contours faciaux individuels pour un joint s\u00fbr et doux qui s&rsquo;accommode aux mouvements.<\/p>\n<\/li>\n<li data-start=\"1024\" data-end=\"1154\">\n<p data-start=\"1026\" data-end=\"1154\"><strong data-start=\"1026\" data-end=\"1048\">Harnais en tricot doux<\/strong> : Mat\u00e9riau confortable et respirant con\u00e7u pour r\u00e9duire les marques et assurer un ajustement s\u00fbr tout au long de la nuit.<\/p>\n<\/li>\n<li data-start=\"1155\" data-end=\"1291\">\n<p data-start=\"1157\" data-end=\"1291\"><strong data-start=\"1157\" data-end=\"1176\">Fonctionnement silencieux<\/strong> : Des orifices d&rsquo;\u00e9chappement perfor\u00e9s au laser minimisent le bruit et diffusent doucement l&rsquo;air expir\u00e9, cr\u00e9ant un environnement de sommeil paisible.<\/p>\n<\/li>\n<li data-start=\"1292\" data-end=\"1405\">\n<p data-start=\"1294\" data-end=\"1405\"><strong data-start=\"1294\" data-end=\"1320\">Facile \u00e0 ajuster et \u00e0 retirer<\/strong> : Des clips de harnais simples et un design intuitif facilitent l&rsquo;assemblage et l&rsquo;utilisation quotidienne.<\/p>\n<\/li>\n<li data-start=\"1406\" data-end=\"1526\">\n<p data-start=\"1408\" data-end=\"1526\"><strong data-start=\"1408\" data-end=\"1437\">Id\u00e9al pour les respirateurs buccaux<\/strong> : Offre un joint facial complet pour les utilisateurs qui respirent par la bouche.<\/p>\n<\/li>\n<li data-start=\"1527\" data-end=\"1632\">\n<p data-start=\"1529\" data-end=\"1632\"><strong data-start=\"1529\" data-end=\"1561\">Con\u00e7u pour les dormeurs actifs<\/strong> : Maintient un joint \u00e9tanche m\u00eame avec des mouvements fr\u00e9quents pendant la nuit.<\/p>\n<\/li>\n<\/ul>\n","protected":false},"excerpt":{"rendered":"<p>L&rsquo;ensemble d&rsquo;ajustement complet Fisher  Paykel Evora Full comprend toutes les tailles de coussins disponibles (XPetit, Petit\/Moyen, Grand) avec un cadre universel, offrant une solution de masque facial complet con\u00e7ue pour le confort, la facilit\u00e9 d&rsquo;utilisation et une performance silencieuse.<\/p>\n","protected":false},"featured_media":40902,"template":"","meta":[],"product_brand":[369],"product_cat":[365],"product_tag":[],"class_list":{"0":"post-41589","1":"product","2":"type-product","3":"status-publish","4":"has-post-thumbnail","6":"product_brand-fisher-paykel","7":"product_cat-masque","9":"first","10":"instock","11":"shipping-taxable","12":"purchasable","13":"product-type-simple"},"yoast_head":"<!-- This site is optimized with the Yoast SEO plugin v27.3 - https:\/\/yoast.com\/product\/yoast-seo-wordpress\/ -->\n<title>Pack de masque complet Evora Full Fit - Dorma Sleep Clinics<\/title>\n<meta name=\"robots\" content=\"index, follow, max-snippet:-1, max-image-preview:large, max-video-preview:-1\" \/>\n<link rel=\"canonical\" href=\"https:\/\/dormalab.com\/fr\/produit\/pack-de-masque-complet-evora-full-fit\/\" \/>\n<meta property=\"og:locale\" content=\"fr_FR\" \/>\n<meta property=\"og:type\" content=\"article\" \/>\n<meta property=\"og:title\" content=\"Pack de masque complet Evora Full Fit - Dorma Sleep Clinics\" \/>\n<meta property=\"og:description\" content=\"L&#039;ensemble d&#039;ajustement complet Fisher Paykel Evora Full comprend toutes les tailles de coussins disponibles (XPetit, Petit\/Moyen, Grand) avec un cadre universel, offrant une solution de masque facial complet con\u00e7ue pour le confort, la facilit\u00e9 d&#039;utilisation et une performance silencieuse.\" \/>\n<meta property=\"og:url\" content=\"https:\/\/dormalab.com\/fr\/produit\/pack-de-masque-complet-evora-full-fit\/\" \/>\n<meta property=\"og:site_name\" content=\"Dorma Sleep Clinics\" \/>\n<meta property=\"article:modified_time\" content=\"2025-12-09T19:37:43+00:00\" \/>\n<meta property=\"og:image\" content=\"https:\/\/dormalab.com\/wp-content\/uploads\/2025\/04\/fisher-paykel-evora-full-face-mask.jpg\" \/>\n\t<meta property=\"og:image:width\" content=\"900\" \/>\n\t<meta property=\"og:image:height\" content=\"900\" \/>\n\t<meta property=\"og:image:type\" content=\"image\/jpeg\" \/>\n<meta name=\"twitter:card\" content=\"summary_large_image\" \/>\n<meta name=\"twitter:label1\" content=\"Dur\u00e9e de lecture estim\u00e9e\" \/>\n\t<meta name=\"twitter:data1\" content=\"1 minute\" \/>\n<script type=\"application\/ld+json\" class=\"yoast-schema-graph\">{\"@context\":\"https:\\\/\\\/schema.org\",\"@graph\":[{\"@type\":\"WebPage\",\"@id\":\"https:\\\/\\\/dormalab.com\\\/fr\\\/produit\\\/pack-de-masque-complet-evora-full-fit\\\/\",\"url\":\"https:\\\/\\\/dormalab.com\\\/fr\\\/produit\\\/pack-de-masque-complet-evora-full-fit\\\/\",\"name\":\"Pack de masque complet Evora Full Fit - Dorma Sleep Clinics\",\"isPartOf\":{\"@id\":\"https:\\\/\\\/dormalab.com\\\/fr\\\/#website\"},\"primaryImageOfPage\":{\"@id\":\"https:\\\/\\\/dormalab.com\\\/fr\\\/produit\\\/pack-de-masque-complet-evora-full-fit\\\/#primaryimage\"},\"image\":{\"@id\":\"https:\\\/\\\/dormalab.com\\\/fr\\\/produit\\\/pack-de-masque-complet-evora-full-fit\\\/#primaryimage\"},\"thumbnailUrl\":\"https:\\\/\\\/dormalab.com\\\/wp-content\\\/uploads\\\/2025\\\/04\\\/fisher-paykel-evora-full-face-mask.jpg\",\"datePublished\":\"2025-04-28T16:48:10+00:00\",\"dateModified\":\"2025-12-09T19:37:43+00:00\",\"breadcrumb\":{\"@id\":\"https:\\\/\\\/dormalab.com\\\/fr\\\/produit\\\/pack-de-masque-complet-evora-full-fit\\\/#breadcrumb\"},\"inLanguage\":\"fr-FR\",\"potentialAction\":[{\"@type\":\"ReadAction\",\"target\":[\"https:\\\/\\\/dormalab.com\\\/fr\\\/produit\\\/pack-de-masque-complet-evora-full-fit\\\/\"]}]},{\"@type\":\"ImageObject\",\"inLanguage\":\"fr-FR\",\"@id\":\"https:\\\/\\\/dormalab.com\\\/fr\\\/produit\\\/pack-de-masque-complet-evora-full-fit\\\/#primaryimage\",\"url\":\"https:\\\/\\\/dormalab.com\\\/wp-content\\\/uploads\\\/2025\\\/04\\\/fisher-paykel-evora-full-face-mask.jpg\",\"contentUrl\":\"https:\\\/\\\/dormalab.com\\\/wp-content\\\/uploads\\\/2025\\\/04\\\/fisher-paykel-evora-full-face-mask.jpg\",\"width\":900,\"height\":900},{\"@type\":\"BreadcrumbList\",\"@id\":\"https:\\\/\\\/dormalab.com\\\/fr\\\/produit\\\/pack-de-masque-complet-evora-full-fit\\\/#breadcrumb\",\"itemListElement\":[{\"@type\":\"ListItem\",\"position\":1,\"name\":\"Home\",\"item\":\"https:\\\/\\\/dormalab.com\\\/fr\\\/\"},{\"@type\":\"ListItem\",\"position\":2,\"name\":\"Boutique\",\"item\":\"https:\\\/\\\/dormalab.com\\\/fr\\\/boutique\\\/\"},{\"@type\":\"ListItem\",\"position\":3,\"name\":\"Pack de masque complet Evora Full Fit\"}]},{\"@type\":\"WebSite\",\"@id\":\"https:\\\/\\\/dormalab.com\\\/fr\\\/#website\",\"url\":\"https:\\\/\\\/dormalab.com\\\/fr\\\/\",\"name\":\"Dorma Sleep Clinics\",\"description\":\"Sleep Well Live Well\",\"publisher\":{\"@id\":\"https:\\\/\\\/dormalab.com\\\/fr\\\/#organization\"},\"potentialAction\":[{\"@type\":\"SearchAction\",\"target\":{\"@type\":\"EntryPoint\",\"urlTemplate\":\"https:\\\/\\\/dormalab.com\\\/fr\\\/?s={search_term_string}\"},\"query-input\":{\"@type\":\"PropertyValueSpecification\",\"valueRequired\":true,\"valueName\":\"search_term_string\"}}],\"inLanguage\":\"fr-FR\"},{\"@type\":\"Organization\",\"@id\":\"https:\\\/\\\/dormalab.com\\\/fr\\\/#organization\",\"name\":\"Dorma Clinique Du Sommeil\",\"url\":\"https:\\\/\\\/dormalab.com\\\/fr\\\/\",\"logo\":{\"@type\":\"ImageObject\",\"inLanguage\":\"fr-FR\",\"@id\":\"https:\\\/\\\/dormalab.com\\\/fr\\\/#\\\/schema\\\/logo\\\/image\\\/\",\"url\":\"https:\\\/\\\/dormalab.com\\\/wp-content\\\/uploads\\\/2019\\\/10\\\/Dorma-Logotype-RGB-Black-scaled-e1578787470924.png\",\"contentUrl\":\"https:\\\/\\\/dormalab.com\\\/wp-content\\\/uploads\\\/2019\\\/10\\\/Dorma-Logotype-RGB-Black-scaled-e1578787470924.png\",\"width\":120,\"height\":25,\"caption\":\"Dorma Clinique Du Sommeil\"},\"image\":{\"@id\":\"https:\\\/\\\/dormalab.com\\\/fr\\\/#\\\/schema\\\/logo\\\/image\\\/\"}}]}<\/script>\n<!-- \/ Yoast SEO plugin. -->","yoast_head_json":{"title":"Pack de masque complet Evora Full Fit - Dorma Sleep Clinics","robots":{"index":"index","follow":"follow","max-snippet":"max-snippet:-1","max-image-preview":"max-image-preview:large","max-video-preview":"max-video-preview:-1"},"canonical":"https:\/\/dormalab.com\/fr\/produit\/pack-de-masque-complet-evora-full-fit\/","og_locale":"fr_FR","og_type":"article","og_title":"Pack de masque complet Evora Full Fit - Dorma Sleep Clinics","og_description":"L'ensemble d'ajustement complet Fisher Paykel Evora Full comprend toutes les tailles de coussins disponibles (XPetit, Petit\/Moyen, Grand) avec un cadre universel, offrant une solution de masque facial complet con\u00e7ue pour le confort, la facilit\u00e9 d'utilisation et une performance silencieuse.","og_url":"https:\/\/dormalab.com\/fr\/produit\/pack-de-masque-complet-evora-full-fit\/","og_site_name":"Dorma Sleep Clinics","article_modified_time":"2025-12-09T19:37:43+00:00","og_image":[{"width":900,"height":900,"url":"https:\/\/dormalab.com\/wp-content\/uploads\/2025\/04\/fisher-paykel-evora-full-face-mask.jpg","type":"image\/jpeg"}],"twitter_card":"summary_large_image","twitter_misc":{"Dur\u00e9e de lecture estim\u00e9e":"1 minute"},"schema":{"@context":"https:\/\/schema.org","@graph":[{"@type":"WebPage","@id":"https:\/\/dormalab.com\/fr\/produit\/pack-de-masque-complet-evora-full-fit\/","url":"https:\/\/dormalab.com\/fr\/produit\/pack-de-masque-complet-evora-full-fit\/","name":"Pack de masque complet Evora Full Fit - Dorma Sleep Clinics","isPartOf":{"@id":"https:\/\/dormalab.com\/fr\/#website"},"primaryImageOfPage":{"@id":"https:\/\/dormalab.com\/fr\/produit\/pack-de-masque-complet-evora-full-fit\/#primaryimage"},"image":{"@id":"https:\/\/dormalab.com\/fr\/produit\/pack-de-masque-complet-evora-full-fit\/#primaryimage"},"thumbnailUrl":"https:\/\/dormalab.com\/wp-content\/uploads\/2025\/04\/fisher-paykel-evora-full-face-mask.jpg","datePublished":"2025-04-28T16:48:10+00:00","dateModified":"2025-12-09T19:37:43+00:00","breadcrumb":{"@id":"https:\/\/dormalab.com\/fr\/produit\/pack-de-masque-complet-evora-full-fit\/#breadcrumb"},"inLanguage":"fr-FR","potentialAction":[{"@type":"ReadAction","target":["https:\/\/dormalab.com\/fr\/produit\/pack-de-masque-complet-evora-full-fit\/"]}]},{"@type":"ImageObject","inLanguage":"fr-FR","@id":"https:\/\/dormalab.com\/fr\/produit\/pack-de-masque-complet-evora-full-fit\/#primaryimage","url":"https:\/\/dormalab.com\/wp-content\/uploads\/2025\/04\/fisher-paykel-evora-full-face-mask.jpg","contentUrl":"https:\/\/dormalab.com\/wp-content\/uploads\/2025\/04\/fisher-paykel-evora-full-face-mask.jpg","width":900,"height":900},{"@type":"BreadcrumbList","@id":"https:\/\/dormalab.com\/fr\/produit\/pack-de-masque-complet-evora-full-fit\/#breadcrumb","itemListElement":[{"@type":"ListItem","position":1,"name":"Home","item":"https:\/\/dormalab.com\/fr\/"},{"@type":"ListItem","position":2,"name":"Boutique","item":"https:\/\/dormalab.com\/fr\/boutique\/"},{"@type":"ListItem","position":3,"name":"Pack de masque complet Evora Full Fit"}]},{"@type":"WebSite","@id":"https:\/\/dormalab.com\/fr\/#website","url":"https:\/\/dormalab.com\/fr\/","name":"Dorma Sleep Clinics","description":"Sleep Well Live Well","publisher":{"@id":"https:\/\/dormalab.com\/fr\/#organization"},"potentialAction":[{"@type":"SearchAction","target":{"@type":"EntryPoint","urlTemplate":"https:\/\/dormalab.com\/fr\/?s={search_term_string}"},"query-input":{"@type":"PropertyValueSpecification","valueRequired":true,"valueName":"search_term_string"}}],"inLanguage":"fr-FR"},{"@type":"Organization","@id":"https:\/\/dormalab.com\/fr\/#organization","name":"Dorma Clinique Du Sommeil","url":"https:\/\/dormalab.com\/fr\/","logo":{"@type":"ImageObject","inLanguage":"fr-FR","@id":"https:\/\/dormalab.com\/fr\/#\/schema\/logo\/image\/","url":"https:\/\/dormalab.com\/wp-content\/uploads\/2019\/10\/Dorma-Logotype-RGB-Black-scaled-e1578787470924.png","contentUrl":"https:\/\/dormalab.com\/wp-content\/uploads\/2019\/10\/Dorma-Logotype-RGB-Black-scaled-e1578787470924.png","width":120,"height":25,"caption":"Dorma Clinique Du Sommeil"},"image":{"@id":"https:\/\/dormalab.com\/fr\/#\/schema\/logo\/image\/"}}]}},"_links":{"self":[{"href":"https:\/\/dormalab.com\/fr\/wp-json\/wp\/v2\/product\/41589","targetHints":{"allow":["GET"]}}],"collection":[{"href":"https:\/\/dormalab.com\/fr\/wp-json\/wp\/v2\/product"}],"about":[{"href":"https:\/\/dormalab.com\/fr\/wp-json\/wp\/v2\/types\/product"}],"version-history":[{"count":0,"href":"https:\/\/dormalab.com\/fr\/wp-json\/wp\/v2\/product\/41589\/revisions"}],"wp:featuredmedia":[{"embeddable":true,"href":"https:\/\/dormalab.com\/fr\/wp-json\/wp\/v2\/media\/40902"}],"wp:attachment":[{"href":"https:\/\/dormalab.com\/fr\/wp-json\/wp\/v2\/media?parent=41589"}],"wp:term":[{"taxonomy":"product_brand","embeddable":true,"href":"https:\/\/dormalab.com\/fr\/wp-json\/wp\/v2\/product_brand?post=41589"},{"taxonomy":"product_cat","embeddable":true,"href":"https:\/\/dormalab.com\/fr\/wp-json\/wp\/v2\/product_cat?post=41589"},{"taxonomy":"product_tag","embeddable":true,"href":"https:\/\/dormalab.com\/fr\/wp-json\/wp\/v2\/product_tag?post=41589"}],"curies":[{"name":"wp","href":"https:\/\/api.w.org\/{rel}","templated":true}]}}