{"id":41591,"date":"2025-04-28T12:48:17","date_gmt":"2025-04-28T16:48:17","guid":{"rendered":"https:\/\/dormalab.com\/product\/masque-vitera-moyen\/"},"modified":"2025-12-09T14:37:53","modified_gmt":"2025-12-09T19:37:53","slug":"masque-vitera-moyen","status":"publish","type":"product","link":"https:\/\/dormalab.com\/fr\/produit\/masque-vitera-moyen\/","title":{"rendered":"Masque Vitera \u2013 Moyen"},"content":{"rendered":"<p class=\"\" data-start=\"444\" data-end=\"487\"><strong data-start=\"444\" data-end=\"487\">Masque <a href=\"https:\/\/dormalab.com\/continuous-positive-airflow-pressure-cpap\/\" data-internallinksmanager029f6b8e52c=\"1\" title=\"Continuous Positive Airflow Pressure (CPAP)\">CPAP<\/a> facial int\u00e9gral Vitera \u2013 taille Medium<\/strong><\/p>\n<p class=\"\" data-start=\"489\" data-end=\"822\">Con\u00e7u dans l&rsquo;optique du confort et de la libert\u00e9 du patient, le <strong data-start=\"544\" data-end=\"582\">masque CPAP facial int\u00e9gral Vitera (Medium)<\/strong> offre une \u00e9tanch\u00e9it\u00e9 fiable et un ajustement personnalis\u00e9. \u00c9labor\u00e9 par Fisher &amp; Paykel, ce masque int\u00e8gre une multitude de caract\u00e9ristiques r\u00e9fl\u00e9chies visant \u00e0 am\u00e9liorer l&rsquo;efficacit\u00e9 du traitement tout en favorisant la facilit\u00e9 d&rsquo;utilisation. <\/p>\n<p class=\"\" data-start=\"824\" data-end=\"1077\">Le remarquable <strong data-start=\"837\" data-end=\"857\">joint RollFit\u2122 XT<\/strong> s&rsquo;adapte dynamiquement \u00e0 vos mouvements, maintenant une \u00e9tanch\u00e9it\u00e9 constante tout en soulageant la pression sur l&rsquo;ar\u00eate du nez. Ceci est particuli\u00e8rement b\u00e9n\u00e9fique pour les dormeurs lat\u00e9raux et actifs qui connaissent des fuites avec les masques traditionnels. <\/p>\n<p class=\"\" data-start=\"1079\" data-end=\"1326\">Le <strong data-start=\"1083\" data-end=\"1106\">harnais VentiCool\u2122<\/strong> est fabriqu\u00e9 \u00e0 partir d&rsquo;un tissu respirant et \u00e9vacuant l&rsquo;humidit\u00e9 qui aide \u00e0 r\u00e9duire l&rsquo;accumulation de chaleur et de transpiration, favorisant ainsi un sommeil plus frais et confortable. Le harnais dispose \u00e9galement d&rsquo;un support ajustable pour un ajustement s\u00fbr et personnalis\u00e9. <\/p>\n<p class=\"\" data-start=\"1328\" data-end=\"1530\">La conception \u00e0 profil bas assure une ligne de vision d\u00e9gag\u00e9e, permettant aux utilisateurs de lire ou de regarder la t\u00e9l\u00e9vision avant de dormir sans obstruction. Les clips \u00e0 d\u00e9clenchement rapide et la barre de stabilit\u00e9 frontale rendent l&rsquo;ajustement et le retrait sans tracas. <\/p>\n<p class=\"\" data-start=\"1532\" data-end=\"1726\">Que vous soyez novice en mati\u00e8re de th\u00e9rapie CPAP ou que vous mettiez \u00e0 niveau votre masque, le masque int\u00e9gral Vitera en <strong data-start=\"1620\" data-end=\"1634\">taille Petite<\/strong> offre un m\u00e9lange parfait de confort, de performance et de flexibilit\u00e9, adapt\u00e9 aux visages plus petits.<\/p>\n<p class=\"\" data-start=\"1728\" data-end=\"1745\"><strong data-start=\"1728\" data-end=\"1745\">Caract\u00e9ristiques Principales :<\/strong><\/p>\n<ul>\n<li data-start=\"1728\" data-end=\"1745\"><strong>Taille<\/strong> : Medium<\/li>\n<li class=\"\" data-start=\"1817\" data-end=\"1887\">\n<p class=\"\" data-start=\"1819\" data-end=\"1887\"><strong data-start=\"1819\" data-end=\"1839\">Joint RollFit\u2122 XT<\/strong> : R\u00e9duit les fuites en se d\u00e9pla\u00e7ant avec vous pendant le sommeil.<\/p>\n<\/li>\n<li class=\"\" data-start=\"1888\" data-end=\"1956\">\n<p class=\"\" data-start=\"1890\" data-end=\"1956\"><strong data-start=\"1890\" data-end=\"1913\">Harnais VentiCool\u2122<\/strong> : Respirant et doux, id\u00e9al pour un port prolong\u00e9.<\/p>\n<\/li>\n<li class=\"\" data-start=\"1957\" data-end=\"2028\">\n<p class=\"\" data-start=\"1959\" data-end=\"2028\"><strong data-start=\"1959\" data-end=\"1979\">Support frontal<\/strong> : Am\u00e9liore la stabilit\u00e9 sans sacrifier le confort.<\/p>\n<\/li>\n<li class=\"\" data-start=\"2029\" data-end=\"2101\">\n<p class=\"\" data-start=\"2031\" data-end=\"2101\"><strong data-start=\"2031\" data-end=\"2057\">Ports d&rsquo;expiration silencieux<\/strong> : Minimise le bruit pour un environnement reposant.<\/p>\n<\/li>\n<\/ul>\n<p class=\"\" data-start=\"2103\" data-end=\"2127\"><strong data-start=\"2103\" data-end=\"2127\">Inclus dans la bo\u00eete :<\/strong><\/p>\n<ul data-start=\"2128\" data-end=\"2237\">\n<li class=\"\" data-start=\"2128\" data-end=\"2157\">\n<p class=\"\" data-start=\"2130\" data-end=\"2157\">Cadre du masque int\u00e9gral Vitera<\/p>\n<\/li>\n<li class=\"\" data-start=\"2158\" data-end=\"2178\">\n<p class=\"\" data-start=\"2160\" data-end=\"2178\">Coussinet de taille Medium<\/p>\n<\/li>\n<li class=\"\" data-start=\"2179\" data-end=\"2215\">\n<p class=\"\" data-start=\"2181\" data-end=\"2215\">Harnais avec technologie VentiCool<\/p>\n<\/li>\n<li class=\"\" data-start=\"2216\" data-end=\"2237\">\n<p class=\"\" data-start=\"2218\" data-end=\"2237\">Clips \u00e0 d\u00e9clenchement rapide<\/p>\n<\/li>\n<\/ul>\n<p class=\"\" data-start=\"2239\" data-end=\"2334\"><strong data-start=\"2239\" data-end=\"2256\">Compatibilit\u00e9<\/strong> : Fonctionne avec toutes les machines CPAP, BiPAP et APAP standard \u00e9quip\u00e9es de tubulures standard.<\/p>\n","protected":false},"excerpt":{"rendered":"<p>Le masque CPAP facial int\u00e9gral Vitera (Medium) offre un confort et une performance sup\u00e9rieurs gr\u00e2ce \u00e0 un design de harnais respirant, un joint RollFit\u2122 XT avanc\u00e9, et un fonctionnement silencieux \u2014 id\u00e9al pour les dormeurs actifs recherchant un ajustement s\u00fbr et adaptable toute la nuit.<\/p>\n","protected":false},"featured_media":40738,"template":"","meta":[],"product_brand":[369],"product_cat":[365],"product_tag":[],"class_list":{"0":"post-41591","1":"product","2":"type-product","3":"status-publish","4":"has-post-thumbnail","6":"product_brand-fisher-paykel","7":"product_cat-masque","9":"first","10":"instock","11":"shipping-taxable","12":"purchasable","13":"product-type-simple"},"yoast_head":"<!-- This site is optimized with the Yoast SEO plugin v27.4 - https:\/\/yoast.com\/product\/yoast-seo-wordpress\/ -->\n<title>Masque Vitera - Moyen - Dorma Sleep Clinics<\/title>\n<meta name=\"robots\" content=\"index, follow, max-snippet:-1, max-image-preview:large, max-video-preview:-1\" \/>\n<link rel=\"canonical\" href=\"https:\/\/dormalab.com\/fr\/produit\/masque-vitera-moyen\/\" \/>\n<meta property=\"og:locale\" content=\"fr_FR\" \/>\n<meta property=\"og:type\" content=\"article\" \/>\n<meta property=\"og:title\" content=\"Masque Vitera - Moyen - Dorma Sleep Clinics\" \/>\n<meta property=\"og:description\" content=\"Le masque CPAP facial int\u00e9gral Vitera (Medium) offre un confort et une performance sup\u00e9rieurs gr\u00e2ce \u00e0 un design de harnais respirant, un joint RollFit\u2122 XT avanc\u00e9, et un fonctionnement silencieux \u2014 id\u00e9al pour les dormeurs actifs recherchant un ajustement s\u00fbr et adaptable toute la nuit.\" \/>\n<meta property=\"og:url\" content=\"https:\/\/dormalab.com\/fr\/produit\/masque-vitera-moyen\/\" \/>\n<meta property=\"og:site_name\" content=\"Dorma Sleep Clinics\" \/>\n<meta property=\"article:modified_time\" content=\"2025-12-09T19:37:53+00:00\" \/>\n<meta property=\"og:image\" content=\"https:\/\/dormalab.com\/wp-content\/uploads\/2025\/04\/FISHER-_-PAYKEL-MASQUE-FACIAL-VITERA.webp\" \/>\n\t<meta property=\"og:image:width\" content=\"1000\" \/>\n\t<meta property=\"og:image:height\" content=\"707\" \/>\n\t<meta property=\"og:image:type\" content=\"image\/webp\" \/>\n<meta name=\"twitter:card\" content=\"summary_large_image\" \/>\n<meta name=\"twitter:label1\" content=\"Dur\u00e9e de lecture estim\u00e9e\" \/>\n\t<meta name=\"twitter:data1\" content=\"2 minute\" \/>\n<script type=\"application\/ld+json\" class=\"yoast-schema-graph\">{\"@context\":\"https:\\\/\\\/schema.org\",\"@graph\":[{\"@type\":\"WebPage\",\"@id\":\"https:\\\/\\\/dormalab.com\\\/fr\\\/produit\\\/masque-vitera-moyen\\\/\",\"url\":\"https:\\\/\\\/dormalab.com\\\/fr\\\/produit\\\/masque-vitera-moyen\\\/\",\"name\":\"Masque Vitera - Moyen - Dorma Sleep Clinics\",\"isPartOf\":{\"@id\":\"https:\\\/\\\/dormalab.com\\\/fr\\\/#website\"},\"primaryImageOfPage\":{\"@id\":\"https:\\\/\\\/dormalab.com\\\/fr\\\/produit\\\/masque-vitera-moyen\\\/#primaryimage\"},\"image\":{\"@id\":\"https:\\\/\\\/dormalab.com\\\/fr\\\/produit\\\/masque-vitera-moyen\\\/#primaryimage\"},\"thumbnailUrl\":\"https:\\\/\\\/dormalab.com\\\/wp-content\\\/uploads\\\/2025\\\/04\\\/FISHER-_-PAYKEL-MASQUE-FACIAL-VITERA.webp\",\"datePublished\":\"2025-04-28T16:48:17+00:00\",\"dateModified\":\"2025-12-09T19:37:53+00:00\",\"breadcrumb\":{\"@id\":\"https:\\\/\\\/dormalab.com\\\/fr\\\/produit\\\/masque-vitera-moyen\\\/#breadcrumb\"},\"inLanguage\":\"fr-FR\",\"potentialAction\":[{\"@type\":\"ReadAction\",\"target\":[\"https:\\\/\\\/dormalab.com\\\/fr\\\/produit\\\/masque-vitera-moyen\\\/\"]}]},{\"@type\":\"ImageObject\",\"inLanguage\":\"fr-FR\",\"@id\":\"https:\\\/\\\/dormalab.com\\\/fr\\\/produit\\\/masque-vitera-moyen\\\/#primaryimage\",\"url\":\"https:\\\/\\\/dormalab.com\\\/wp-content\\\/uploads\\\/2025\\\/04\\\/FISHER-_-PAYKEL-MASQUE-FACIAL-VITERA.webp\",\"contentUrl\":\"https:\\\/\\\/dormalab.com\\\/wp-content\\\/uploads\\\/2025\\\/04\\\/FISHER-_-PAYKEL-MASQUE-FACIAL-VITERA.webp\",\"width\":1000,\"height\":707},{\"@type\":\"BreadcrumbList\",\"@id\":\"https:\\\/\\\/dormalab.com\\\/fr\\\/produit\\\/masque-vitera-moyen\\\/#breadcrumb\",\"itemListElement\":[{\"@type\":\"ListItem\",\"position\":1,\"name\":\"Home\",\"item\":\"https:\\\/\\\/dormalab.com\\\/fr\\\/\"},{\"@type\":\"ListItem\",\"position\":2,\"name\":\"Boutique\",\"item\":\"https:\\\/\\\/dormalab.com\\\/fr\\\/boutique\\\/\"},{\"@type\":\"ListItem\",\"position\":3,\"name\":\"Masque Vitera \u2013 Moyen\"}]},{\"@type\":\"WebSite\",\"@id\":\"https:\\\/\\\/dormalab.com\\\/fr\\\/#website\",\"url\":\"https:\\\/\\\/dormalab.com\\\/fr\\\/\",\"name\":\"Dorma Sleep Clinics\",\"description\":\"Sleep Well Live Well\",\"publisher\":{\"@id\":\"https:\\\/\\\/dormalab.com\\\/fr\\\/#organization\"},\"potentialAction\":[{\"@type\":\"SearchAction\",\"target\":{\"@type\":\"EntryPoint\",\"urlTemplate\":\"https:\\\/\\\/dormalab.com\\\/fr\\\/?s={search_term_string}\"},\"query-input\":{\"@type\":\"PropertyValueSpecification\",\"valueRequired\":true,\"valueName\":\"search_term_string\"}}],\"inLanguage\":\"fr-FR\"},{\"@type\":\"Organization\",\"@id\":\"https:\\\/\\\/dormalab.com\\\/fr\\\/#organization\",\"name\":\"Dorma Clinique Du Sommeil\",\"url\":\"https:\\\/\\\/dormalab.com\\\/fr\\\/\",\"logo\":{\"@type\":\"ImageObject\",\"inLanguage\":\"fr-FR\",\"@id\":\"https:\\\/\\\/dormalab.com\\\/fr\\\/#\\\/schema\\\/logo\\\/image\\\/\",\"url\":\"https:\\\/\\\/dormalab.com\\\/wp-content\\\/uploads\\\/2019\\\/10\\\/Dorma-Logotype-RGB-Black-scaled-e1578787470924.png\",\"contentUrl\":\"https:\\\/\\\/dormalab.com\\\/wp-content\\\/uploads\\\/2019\\\/10\\\/Dorma-Logotype-RGB-Black-scaled-e1578787470924.png\",\"width\":120,\"height\":25,\"caption\":\"Dorma Clinique Du Sommeil\"},\"image\":{\"@id\":\"https:\\\/\\\/dormalab.com\\\/fr\\\/#\\\/schema\\\/logo\\\/image\\\/\"}}]}<\/script>\n<!-- \/ Yoast SEO plugin. -->","yoast_head_json":{"title":"Masque Vitera - Moyen - Dorma Sleep Clinics","robots":{"index":"index","follow":"follow","max-snippet":"max-snippet:-1","max-image-preview":"max-image-preview:large","max-video-preview":"max-video-preview:-1"},"canonical":"https:\/\/dormalab.com\/fr\/produit\/masque-vitera-moyen\/","og_locale":"fr_FR","og_type":"article","og_title":"Masque Vitera - Moyen - Dorma Sleep Clinics","og_description":"Le masque CPAP facial int\u00e9gral Vitera (Medium) offre un confort et une performance sup\u00e9rieurs gr\u00e2ce \u00e0 un design de harnais respirant, un joint RollFit\u2122 XT avanc\u00e9, et un fonctionnement silencieux \u2014 id\u00e9al pour les dormeurs actifs recherchant un ajustement s\u00fbr et adaptable toute la nuit.","og_url":"https:\/\/dormalab.com\/fr\/produit\/masque-vitera-moyen\/","og_site_name":"Dorma Sleep Clinics","article_modified_time":"2025-12-09T19:37:53+00:00","og_image":[{"width":1000,"height":707,"url":"https:\/\/dormalab.com\/wp-content\/uploads\/2025\/04\/FISHER-_-PAYKEL-MASQUE-FACIAL-VITERA.webp","type":"image\/webp"}],"twitter_card":"summary_large_image","twitter_misc":{"Dur\u00e9e de lecture estim\u00e9e":"2 minute"},"schema":{"@context":"https:\/\/schema.org","@graph":[{"@type":"WebPage","@id":"https:\/\/dormalab.com\/fr\/produit\/masque-vitera-moyen\/","url":"https:\/\/dormalab.com\/fr\/produit\/masque-vitera-moyen\/","name":"Masque Vitera - Moyen - Dorma Sleep Clinics","isPartOf":{"@id":"https:\/\/dormalab.com\/fr\/#website"},"primaryImageOfPage":{"@id":"https:\/\/dormalab.com\/fr\/produit\/masque-vitera-moyen\/#primaryimage"},"image":{"@id":"https:\/\/dormalab.com\/fr\/produit\/masque-vitera-moyen\/#primaryimage"},"thumbnailUrl":"https:\/\/dormalab.com\/wp-content\/uploads\/2025\/04\/FISHER-_-PAYKEL-MASQUE-FACIAL-VITERA.webp","datePublished":"2025-04-28T16:48:17+00:00","dateModified":"2025-12-09T19:37:53+00:00","breadcrumb":{"@id":"https:\/\/dormalab.com\/fr\/produit\/masque-vitera-moyen\/#breadcrumb"},"inLanguage":"fr-FR","potentialAction":[{"@type":"ReadAction","target":["https:\/\/dormalab.com\/fr\/produit\/masque-vitera-moyen\/"]}]},{"@type":"ImageObject","inLanguage":"fr-FR","@id":"https:\/\/dormalab.com\/fr\/produit\/masque-vitera-moyen\/#primaryimage","url":"https:\/\/dormalab.com\/wp-content\/uploads\/2025\/04\/FISHER-_-PAYKEL-MASQUE-FACIAL-VITERA.webp","contentUrl":"https:\/\/dormalab.com\/wp-content\/uploads\/2025\/04\/FISHER-_-PAYKEL-MASQUE-FACIAL-VITERA.webp","width":1000,"height":707},{"@type":"BreadcrumbList","@id":"https:\/\/dormalab.com\/fr\/produit\/masque-vitera-moyen\/#breadcrumb","itemListElement":[{"@type":"ListItem","position":1,"name":"Home","item":"https:\/\/dormalab.com\/fr\/"},{"@type":"ListItem","position":2,"name":"Boutique","item":"https:\/\/dormalab.com\/fr\/boutique\/"},{"@type":"ListItem","position":3,"name":"Masque Vitera \u2013 Moyen"}]},{"@type":"WebSite","@id":"https:\/\/dormalab.com\/fr\/#website","url":"https:\/\/dormalab.com\/fr\/","name":"Dorma Sleep Clinics","description":"Sleep Well Live Well","publisher":{"@id":"https:\/\/dormalab.com\/fr\/#organization"},"potentialAction":[{"@type":"SearchAction","target":{"@type":"EntryPoint","urlTemplate":"https:\/\/dormalab.com\/fr\/?s={search_term_string}"},"query-input":{"@type":"PropertyValueSpecification","valueRequired":true,"valueName":"search_term_string"}}],"inLanguage":"fr-FR"},{"@type":"Organization","@id":"https:\/\/dormalab.com\/fr\/#organization","name":"Dorma Clinique Du Sommeil","url":"https:\/\/dormalab.com\/fr\/","logo":{"@type":"ImageObject","inLanguage":"fr-FR","@id":"https:\/\/dormalab.com\/fr\/#\/schema\/logo\/image\/","url":"https:\/\/dormalab.com\/wp-content\/uploads\/2019\/10\/Dorma-Logotype-RGB-Black-scaled-e1578787470924.png","contentUrl":"https:\/\/dormalab.com\/wp-content\/uploads\/2019\/10\/Dorma-Logotype-RGB-Black-scaled-e1578787470924.png","width":120,"height":25,"caption":"Dorma Clinique Du Sommeil"},"image":{"@id":"https:\/\/dormalab.com\/fr\/#\/schema\/logo\/image\/"}}]}},"_links":{"self":[{"href":"https:\/\/dormalab.com\/fr\/wp-json\/wp\/v2\/product\/41591","targetHints":{"allow":["GET"]}}],"collection":[{"href":"https:\/\/dormalab.com\/fr\/wp-json\/wp\/v2\/product"}],"about":[{"href":"https:\/\/dormalab.com\/fr\/wp-json\/wp\/v2\/types\/product"}],"version-history":[{"count":1,"href":"https:\/\/dormalab.com\/fr\/wp-json\/wp\/v2\/product\/41591\/revisions"}],"predecessor-version":[{"id":41596,"href":"https:\/\/dormalab.com\/fr\/wp-json\/wp\/v2\/product\/41591\/revisions\/41596"}],"wp:featuredmedia":[{"embeddable":true,"href":"https:\/\/dormalab.com\/fr\/wp-json\/wp\/v2\/media\/40738"}],"wp:attachment":[{"href":"https:\/\/dormalab.com\/fr\/wp-json\/wp\/v2\/media?parent=41591"}],"wp:term":[{"taxonomy":"product_brand","embeddable":true,"href":"https:\/\/dormalab.com\/fr\/wp-json\/wp\/v2\/product_brand?post=41591"},{"taxonomy":"product_cat","embeddable":true,"href":"https:\/\/dormalab.com\/fr\/wp-json\/wp\/v2\/product_cat?post=41591"},{"taxonomy":"product_tag","embeddable":true,"href":"https:\/\/dormalab.com\/fr\/wp-json\/wp\/v2\/product_tag?post=41591"}],"curies":[{"name":"wp","href":"https:\/\/api.w.org\/{rel}","templated":true}]}}