{"id":41593,"date":"2025-04-28T12:48:08","date_gmt":"2025-04-28T16:48:08","guid":{"rendered":"https:\/\/dormalab.com\/product\/masque-eson-2-taille-moyenne\/"},"modified":"2025-12-09T14:38:09","modified_gmt":"2025-12-09T19:38:09","slug":"masque-eson-2-taille-moyenne","status":"publish","type":"product","link":"https:\/\/dormalab.com\/fr\/produit\/masque-eson-2-taille-moyenne\/","title":{"rendered":"Masque Eson 2 Taille Moyenne"},"content":{"rendered":"<p data-start=\"263\" data-end=\"555\">Le <strong data-start=\"267\" data-end=\"305\">masque nasal Fisher &amp; Paykel Eson\u2122 2<\/strong> en <strong data-start=\"309\" data-end=\"319\">taille moyenne<\/strong> offre confort, performance et simplicit\u00e9 pour une th\u00e9rapie PPC efficace. Con\u00e7u pour une utilisation facile et une \u00e9tanch\u00e9it\u00e9 fiable, il est id\u00e9al pour les utilisateurs qui souhaitent un masque nasal s\u00fbr et discret qui s&rsquo;adapte \u00e0 leurs mouvements pendant la nuit. <\/p>\n<p data-start=\"557\" data-end=\"831\">Gr\u00e2ce \u00e0 son innovante <strong data-start=\"577\" data-end=\"594\">technologie RollFit\u2122<\/strong>, le coussin glisse doucement sur l&rsquo;ar\u00eate du nez pour r\u00e9duire la pression tout en maintenant une \u00e9tanch\u00e9it\u00e9 constante. Le harnais am\u00e9lior\u00e9 est intuitif \u00e0 ajuster et facile \u00e0 retirer, tandis que la structure minimaliste minimise le contact avec le visage. <\/p>\n<h3 data-start=\"838\" data-end=\"858\"><strong data-start=\"842\" data-end=\"858\">Caract\u00e9ristiques principales<\/strong><\/h3>\n<ul data-start=\"860\" data-end=\"1327\">\n<li data-start=\"860\" data-end=\"922\">\n<p data-start=\"862\" data-end=\"922\"><strong data-start=\"862\" data-end=\"901\">Inclut un coussin nasal de taille moyenne<\/strong> pour un ajustement standard<\/p>\n<\/li>\n<li data-start=\"923\" data-end=\"997\">\n<p data-start=\"925\" data-end=\"997\">La <strong data-start=\"925\" data-end=\"942\">technologie RollFit\u2122<\/strong> s&rsquo;ajuste automatiquement pour une \u00e9tanch\u00e9it\u00e9 stable et confortable<\/p>\n<\/li>\n<li data-start=\"998\" data-end=\"1066\">\n<p data-start=\"1000\" data-end=\"1066\">La <strong data-start=\"1000\" data-end=\"1021\">structure discr\u00e8te<\/strong> offre un soutien avec un contact facial minimal<\/p>\n<\/li>\n<li data-start=\"1067\" data-end=\"1147\">\n<p data-start=\"1069\" data-end=\"1147\"><strong data-start=\"1069\" data-end=\"1089\">Harnais am\u00e9lior\u00e9<\/strong> avec attaches faciles \u00e0 clipser pour un ajustement s\u00fbr et r\u00e9glable<\/p>\n<\/li>\n<li data-start=\"1148\" data-end=\"1216\">\n<p data-start=\"1150\" data-end=\"1216\"><strong data-start=\"1150\" data-end=\"1168\">Couvercle diffuseur<\/strong> adoucit le flux d&rsquo;air pour une exp\u00e9rience plus reposante<\/p>\n<\/li>\n<li data-start=\"1217\" data-end=\"1267\">\n<p data-start=\"1219\" data-end=\"1267\"><strong data-start=\"1219\" data-end=\"1251\">Simple \u00e0 assembler et \u00e0 nettoyer<\/strong> pour un usage quotidien<\/p>\n<\/li>\n<li data-start=\"1268\" data-end=\"1327\">\n<p data-start=\"1270\" data-end=\"1327\"><strong data-start=\"1270\" data-end=\"1327\">Compatible avec toutes les machines <a href=\"https:\/\/dormalab.com\/continuous-positive-airflow-pressure-cpap\/\" data-internallinksmanager029f6b8e52c=\"1\" title=\"Continuous Positive Airflow Pressure (CPAP)\">CPAP<\/a> standard et leurs tubulures<\/strong><\/p>\n<\/li>\n<\/ul>\n<h3 data-start=\"1334\" data-end=\"1356\"><strong data-start=\"1338\" data-end=\"1356\">Sp\u00e9cifications<\/strong><\/h3>\n<ul data-start=\"1358\" data-end=\"1641\">\n<li data-start=\"1358\" data-end=\"1382\">\n<p data-start=\"1360\" data-end=\"1382\"><strong data-start=\"1360\" data-end=\"1374\">Type de masque :<\/strong> nasal<\/p>\n<\/li>\n<li data-start=\"1383\" data-end=\"1412\">\n<p data-start=\"1385\" data-end=\"1412\"><strong data-start=\"1385\" data-end=\"1403\">Taille incluse :<\/strong> Moyenne<\/p>\n<\/li>\n<li data-start=\"1413\" data-end=\"1450\">\n<p data-start=\"1415\" data-end=\"1450\"><strong data-start=\"1415\" data-end=\"1434\">Mat\u00e9riau du cadre :<\/strong> polycarbonate<\/p>\n<\/li>\n<li data-start=\"1451\" data-end=\"1485\">\n<p data-start=\"1453\" data-end=\"1485\"><strong data-start=\"1453\" data-end=\"1474\">Mat\u00e9riau du coussin :<\/strong> silicone<\/p>\n<\/li>\n<li data-start=\"1486\" data-end=\"1533\">\n<p data-start=\"1488\" data-end=\"1533\"><strong data-start=\"1488\" data-end=\"1501\">Harnais :<\/strong> Tissu respirant et ajustable<\/p>\n<\/li>\n<li data-start=\"1534\" data-end=\"1577\">\n<p data-start=\"1536\" data-end=\"1577\"><strong data-start=\"1536\" data-end=\"1554\">Compatibilit\u00e9 :<\/strong> Tuyau PPC standard<\/p>\n<\/li>\n<li data-start=\"1578\" data-end=\"1641\">\n<p data-start=\"1580\" data-end=\"1641\"><strong data-start=\"1580\" data-end=\"1593\">Nettoyage :<\/strong> Laver \u00e0 la main les composants avec du savon doux et de l&rsquo;eau<\/p>\n<\/li>\n<\/ul>\n<h3 data-start=\"1648\" data-end=\"1665\"><strong data-start=\"1652\" data-end=\"1665\">Id\u00e9al pour<\/strong><\/h3>\n<ul data-start=\"1667\" data-end=\"1915\">\n<li data-start=\"1667\" data-end=\"1711\">\n<p data-start=\"1669\" data-end=\"1711\">Utilisateurs de PPC n\u00e9cessitant une <strong data-start=\"1690\" data-end=\"1709\">taille moyenne<\/strong><\/p>\n<\/li>\n<li data-start=\"1712\" data-end=\"1781\">\n<p data-start=\"1714\" data-end=\"1781\">Ceux qui pr\u00e9f\u00e8rent un <strong data-start=\"1733\" data-end=\"1747\">masque nasal<\/strong> aux styles facial complet ou narinaire<\/p>\n<\/li>\n<li data-start=\"1782\" data-end=\"1855\">\n<p data-start=\"1784\" data-end=\"1855\">Utilisateurs recherchant une <strong data-start=\"1800\" data-end=\"1825\">\u00e9tanch\u00e9it\u00e9 s\u00fbre et adaptative<\/strong> avec un contact facial minimal<\/p>\n<\/li>\n<li data-start=\"1856\" data-end=\"1915\">\n<p data-start=\"1858\" data-end=\"1915\">Toute personne \u00e0 la recherche d&rsquo;un <strong data-start=\"1879\" data-end=\"1915\">masque PPC silencieux et n\u00e9cessitant peu d&rsquo;entretien<\/strong><\/p>\n<\/li>\n<\/ul>\n","protected":false},"excerpt":{"rendered":"<p>Le masque Eson 2 de taille moyenne offre une \u00e9tanch\u00e9it\u00e9 confortable et s\u00e9curis\u00e9e, vous permettant de b\u00e9n\u00e9ficier d&rsquo;une th\u00e9rapie par CPAP efficace avec une fuite minimale.<\/p>\n","protected":false},"featured_media":40810,"template":"","meta":[],"product_brand":[],"product_cat":[365],"product_tag":[],"class_list":{"0":"post-41593","1":"product","2":"type-product","3":"status-publish","4":"has-post-thumbnail","6":"product_cat-masque","8":"first","9":"instock","10":"shipping-taxable","11":"purchasable","12":"product-type-simple"},"yoast_head":"<!-- This site is optimized with the Yoast SEO plugin v27.4 - https:\/\/yoast.com\/product\/yoast-seo-wordpress\/ -->\n<title>Masque Eson 2 Taille Moyenne - Dorma Sleep Clinics<\/title>\n<meta name=\"robots\" content=\"index, follow, max-snippet:-1, max-image-preview:large, max-video-preview:-1\" \/>\n<link rel=\"canonical\" href=\"https:\/\/dormalab.com\/fr\/produit\/masque-eson-2-taille-moyenne\/\" \/>\n<meta property=\"og:locale\" content=\"fr_FR\" \/>\n<meta property=\"og:type\" content=\"article\" \/>\n<meta property=\"og:title\" content=\"Masque Eson 2 Taille Moyenne - Dorma Sleep Clinics\" \/>\n<meta property=\"og:description\" content=\"Le masque Eson 2 de taille moyenne offre une \u00e9tanch\u00e9it\u00e9 confortable et s\u00e9curis\u00e9e, vous permettant de b\u00e9n\u00e9ficier d&#039;une th\u00e9rapie par CPAP efficace avec une fuite minimale.\" \/>\n<meta property=\"og:url\" content=\"https:\/\/dormalab.com\/fr\/produit\/masque-eson-2-taille-moyenne\/\" \/>\n<meta property=\"og:site_name\" content=\"Dorma Sleep Clinics\" \/>\n<meta property=\"article:modified_time\" content=\"2025-12-09T19:38:09+00:00\" \/>\n<meta property=\"og:image\" content=\"https:\/\/dormalab.com\/wp-content\/uploads\/2025\/04\/eson-2-nasal-cpap-mask-with-headgear-by-fisher-and-paykel.01-1080x1080-1.jpg\" \/>\n\t<meta property=\"og:image:width\" content=\"1080\" \/>\n\t<meta property=\"og:image:height\" content=\"1080\" \/>\n\t<meta property=\"og:image:type\" content=\"image\/jpeg\" \/>\n<meta name=\"twitter:card\" content=\"summary_large_image\" \/>\n<meta name=\"twitter:label1\" content=\"Dur\u00e9e de lecture estim\u00e9e\" \/>\n\t<meta name=\"twitter:data1\" content=\"1 minute\" \/>\n<script type=\"application\/ld+json\" class=\"yoast-schema-graph\">{\"@context\":\"https:\\\/\\\/schema.org\",\"@graph\":[{\"@type\":\"WebPage\",\"@id\":\"https:\\\/\\\/dormalab.com\\\/fr\\\/produit\\\/masque-eson-2-taille-moyenne\\\/\",\"url\":\"https:\\\/\\\/dormalab.com\\\/fr\\\/produit\\\/masque-eson-2-taille-moyenne\\\/\",\"name\":\"Masque Eson 2 Taille Moyenne - Dorma Sleep Clinics\",\"isPartOf\":{\"@id\":\"https:\\\/\\\/dormalab.com\\\/fr\\\/#website\"},\"primaryImageOfPage\":{\"@id\":\"https:\\\/\\\/dormalab.com\\\/fr\\\/produit\\\/masque-eson-2-taille-moyenne\\\/#primaryimage\"},\"image\":{\"@id\":\"https:\\\/\\\/dormalab.com\\\/fr\\\/produit\\\/masque-eson-2-taille-moyenne\\\/#primaryimage\"},\"thumbnailUrl\":\"https:\\\/\\\/dormalab.com\\\/wp-content\\\/uploads\\\/2025\\\/04\\\/eson-2-nasal-cpap-mask-with-headgear-by-fisher-and-paykel.01-1080x1080-1.jpg\",\"datePublished\":\"2025-04-28T16:48:08+00:00\",\"dateModified\":\"2025-12-09T19:38:09+00:00\",\"breadcrumb\":{\"@id\":\"https:\\\/\\\/dormalab.com\\\/fr\\\/produit\\\/masque-eson-2-taille-moyenne\\\/#breadcrumb\"},\"inLanguage\":\"fr-FR\",\"potentialAction\":[{\"@type\":\"ReadAction\",\"target\":[\"https:\\\/\\\/dormalab.com\\\/fr\\\/produit\\\/masque-eson-2-taille-moyenne\\\/\"]}]},{\"@type\":\"ImageObject\",\"inLanguage\":\"fr-FR\",\"@id\":\"https:\\\/\\\/dormalab.com\\\/fr\\\/produit\\\/masque-eson-2-taille-moyenne\\\/#primaryimage\",\"url\":\"https:\\\/\\\/dormalab.com\\\/wp-content\\\/uploads\\\/2025\\\/04\\\/eson-2-nasal-cpap-mask-with-headgear-by-fisher-and-paykel.01-1080x1080-1.jpg\",\"contentUrl\":\"https:\\\/\\\/dormalab.com\\\/wp-content\\\/uploads\\\/2025\\\/04\\\/eson-2-nasal-cpap-mask-with-headgear-by-fisher-and-paykel.01-1080x1080-1.jpg\",\"width\":1080,\"height\":1080},{\"@type\":\"BreadcrumbList\",\"@id\":\"https:\\\/\\\/dormalab.com\\\/fr\\\/produit\\\/masque-eson-2-taille-moyenne\\\/#breadcrumb\",\"itemListElement\":[{\"@type\":\"ListItem\",\"position\":1,\"name\":\"Home\",\"item\":\"https:\\\/\\\/dormalab.com\\\/fr\\\/\"},{\"@type\":\"ListItem\",\"position\":2,\"name\":\"Boutique\",\"item\":\"https:\\\/\\\/dormalab.com\\\/fr\\\/boutique\\\/\"},{\"@type\":\"ListItem\",\"position\":3,\"name\":\"Masque Eson 2 Taille Moyenne\"}]},{\"@type\":\"WebSite\",\"@id\":\"https:\\\/\\\/dormalab.com\\\/fr\\\/#website\",\"url\":\"https:\\\/\\\/dormalab.com\\\/fr\\\/\",\"name\":\"Dorma Sleep Clinics\",\"description\":\"Sleep Well Live Well\",\"publisher\":{\"@id\":\"https:\\\/\\\/dormalab.com\\\/fr\\\/#organization\"},\"potentialAction\":[{\"@type\":\"SearchAction\",\"target\":{\"@type\":\"EntryPoint\",\"urlTemplate\":\"https:\\\/\\\/dormalab.com\\\/fr\\\/?s={search_term_string}\"},\"query-input\":{\"@type\":\"PropertyValueSpecification\",\"valueRequired\":true,\"valueName\":\"search_term_string\"}}],\"inLanguage\":\"fr-FR\"},{\"@type\":\"Organization\",\"@id\":\"https:\\\/\\\/dormalab.com\\\/fr\\\/#organization\",\"name\":\"Dorma Clinique Du Sommeil\",\"url\":\"https:\\\/\\\/dormalab.com\\\/fr\\\/\",\"logo\":{\"@type\":\"ImageObject\",\"inLanguage\":\"fr-FR\",\"@id\":\"https:\\\/\\\/dormalab.com\\\/fr\\\/#\\\/schema\\\/logo\\\/image\\\/\",\"url\":\"https:\\\/\\\/dormalab.com\\\/wp-content\\\/uploads\\\/2019\\\/10\\\/Dorma-Logotype-RGB-Black-scaled-e1578787470924.png\",\"contentUrl\":\"https:\\\/\\\/dormalab.com\\\/wp-content\\\/uploads\\\/2019\\\/10\\\/Dorma-Logotype-RGB-Black-scaled-e1578787470924.png\",\"width\":120,\"height\":25,\"caption\":\"Dorma Clinique Du Sommeil\"},\"image\":{\"@id\":\"https:\\\/\\\/dormalab.com\\\/fr\\\/#\\\/schema\\\/logo\\\/image\\\/\"}}]}<\/script>\n<!-- \/ Yoast SEO plugin. -->","yoast_head_json":{"title":"Masque Eson 2 Taille Moyenne - Dorma Sleep Clinics","robots":{"index":"index","follow":"follow","max-snippet":"max-snippet:-1","max-image-preview":"max-image-preview:large","max-video-preview":"max-video-preview:-1"},"canonical":"https:\/\/dormalab.com\/fr\/produit\/masque-eson-2-taille-moyenne\/","og_locale":"fr_FR","og_type":"article","og_title":"Masque Eson 2 Taille Moyenne - Dorma Sleep Clinics","og_description":"Le masque Eson 2 de taille moyenne offre une \u00e9tanch\u00e9it\u00e9 confortable et s\u00e9curis\u00e9e, vous permettant de b\u00e9n\u00e9ficier d'une th\u00e9rapie par CPAP efficace avec une fuite minimale.","og_url":"https:\/\/dormalab.com\/fr\/produit\/masque-eson-2-taille-moyenne\/","og_site_name":"Dorma Sleep Clinics","article_modified_time":"2025-12-09T19:38:09+00:00","og_image":[{"width":1080,"height":1080,"url":"https:\/\/dormalab.com\/wp-content\/uploads\/2025\/04\/eson-2-nasal-cpap-mask-with-headgear-by-fisher-and-paykel.01-1080x1080-1.jpg","type":"image\/jpeg"}],"twitter_card":"summary_large_image","twitter_misc":{"Dur\u00e9e de lecture estim\u00e9e":"1 minute"},"schema":{"@context":"https:\/\/schema.org","@graph":[{"@type":"WebPage","@id":"https:\/\/dormalab.com\/fr\/produit\/masque-eson-2-taille-moyenne\/","url":"https:\/\/dormalab.com\/fr\/produit\/masque-eson-2-taille-moyenne\/","name":"Masque Eson 2 Taille Moyenne - Dorma Sleep Clinics","isPartOf":{"@id":"https:\/\/dormalab.com\/fr\/#website"},"primaryImageOfPage":{"@id":"https:\/\/dormalab.com\/fr\/produit\/masque-eson-2-taille-moyenne\/#primaryimage"},"image":{"@id":"https:\/\/dormalab.com\/fr\/produit\/masque-eson-2-taille-moyenne\/#primaryimage"},"thumbnailUrl":"https:\/\/dormalab.com\/wp-content\/uploads\/2025\/04\/eson-2-nasal-cpap-mask-with-headgear-by-fisher-and-paykel.01-1080x1080-1.jpg","datePublished":"2025-04-28T16:48:08+00:00","dateModified":"2025-12-09T19:38:09+00:00","breadcrumb":{"@id":"https:\/\/dormalab.com\/fr\/produit\/masque-eson-2-taille-moyenne\/#breadcrumb"},"inLanguage":"fr-FR","potentialAction":[{"@type":"ReadAction","target":["https:\/\/dormalab.com\/fr\/produit\/masque-eson-2-taille-moyenne\/"]}]},{"@type":"ImageObject","inLanguage":"fr-FR","@id":"https:\/\/dormalab.com\/fr\/produit\/masque-eson-2-taille-moyenne\/#primaryimage","url":"https:\/\/dormalab.com\/wp-content\/uploads\/2025\/04\/eson-2-nasal-cpap-mask-with-headgear-by-fisher-and-paykel.01-1080x1080-1.jpg","contentUrl":"https:\/\/dormalab.com\/wp-content\/uploads\/2025\/04\/eson-2-nasal-cpap-mask-with-headgear-by-fisher-and-paykel.01-1080x1080-1.jpg","width":1080,"height":1080},{"@type":"BreadcrumbList","@id":"https:\/\/dormalab.com\/fr\/produit\/masque-eson-2-taille-moyenne\/#breadcrumb","itemListElement":[{"@type":"ListItem","position":1,"name":"Home","item":"https:\/\/dormalab.com\/fr\/"},{"@type":"ListItem","position":2,"name":"Boutique","item":"https:\/\/dormalab.com\/fr\/boutique\/"},{"@type":"ListItem","position":3,"name":"Masque Eson 2 Taille Moyenne"}]},{"@type":"WebSite","@id":"https:\/\/dormalab.com\/fr\/#website","url":"https:\/\/dormalab.com\/fr\/","name":"Dorma Sleep Clinics","description":"Sleep Well Live Well","publisher":{"@id":"https:\/\/dormalab.com\/fr\/#organization"},"potentialAction":[{"@type":"SearchAction","target":{"@type":"EntryPoint","urlTemplate":"https:\/\/dormalab.com\/fr\/?s={search_term_string}"},"query-input":{"@type":"PropertyValueSpecification","valueRequired":true,"valueName":"search_term_string"}}],"inLanguage":"fr-FR"},{"@type":"Organization","@id":"https:\/\/dormalab.com\/fr\/#organization","name":"Dorma Clinique Du Sommeil","url":"https:\/\/dormalab.com\/fr\/","logo":{"@type":"ImageObject","inLanguage":"fr-FR","@id":"https:\/\/dormalab.com\/fr\/#\/schema\/logo\/image\/","url":"https:\/\/dormalab.com\/wp-content\/uploads\/2019\/10\/Dorma-Logotype-RGB-Black-scaled-e1578787470924.png","contentUrl":"https:\/\/dormalab.com\/wp-content\/uploads\/2019\/10\/Dorma-Logotype-RGB-Black-scaled-e1578787470924.png","width":120,"height":25,"caption":"Dorma Clinique Du Sommeil"},"image":{"@id":"https:\/\/dormalab.com\/fr\/#\/schema\/logo\/image\/"}}]}},"_links":{"self":[{"href":"https:\/\/dormalab.com\/fr\/wp-json\/wp\/v2\/product\/41593","targetHints":{"allow":["GET"]}}],"collection":[{"href":"https:\/\/dormalab.com\/fr\/wp-json\/wp\/v2\/product"}],"about":[{"href":"https:\/\/dormalab.com\/fr\/wp-json\/wp\/v2\/types\/product"}],"version-history":[{"count":1,"href":"https:\/\/dormalab.com\/fr\/wp-json\/wp\/v2\/product\/41593\/revisions"}],"predecessor-version":[{"id":41606,"href":"https:\/\/dormalab.com\/fr\/wp-json\/wp\/v2\/product\/41593\/revisions\/41606"}],"wp:featuredmedia":[{"embeddable":true,"href":"https:\/\/dormalab.com\/fr\/wp-json\/wp\/v2\/media\/40810"}],"wp:attachment":[{"href":"https:\/\/dormalab.com\/fr\/wp-json\/wp\/v2\/media?parent=41593"}],"wp:term":[{"taxonomy":"product_brand","embeddable":true,"href":"https:\/\/dormalab.com\/fr\/wp-json\/wp\/v2\/product_brand?post=41593"},{"taxonomy":"product_cat","embeddable":true,"href":"https:\/\/dormalab.com\/fr\/wp-json\/wp\/v2\/product_cat?post=41593"},{"taxonomy":"product_tag","embeddable":true,"href":"https:\/\/dormalab.com\/fr\/wp-json\/wp\/v2\/product_tag?post=41593"}],"curies":[{"name":"wp","href":"https:\/\/api.w.org\/{rel}","templated":true}]}}