{"id":41595,"date":"2025-04-28T12:48:08","date_gmt":"2025-04-28T16:48:08","guid":{"rendered":"https:\/\/dormalab.com\/product\/masque-eson-2-grand\/"},"modified":"2025-12-09T14:38:13","modified_gmt":"2025-12-09T19:38:13","slug":"masque-eson-2-grand","status":"publish","type":"product","link":"https:\/\/dormalab.com\/fr\/produit\/masque-eson-2-grand\/","title":{"rendered":"Masque Eson 2 \u2013 Grand"},"content":{"rendered":"<ul>\n<li data-start=\"310\" data-end=\"455\">\n<p data-start=\"250\" data-end=\"552\">Le <strong data-start=\"254\" data-end=\"292\">masque nasal Fisher &amp; Paykel Eson\u2122 2<\/strong> en <strong data-start=\"296\" data-end=\"305\">taille Large<\/strong> offre des performances fiables, un confort am\u00e9lior\u00e9 et une conception conviviale pour une th\u00e9rapie PPC efficace. Con\u00e7u pour un ajustement s\u00fbr et un contact facial minimal, l&rsquo;Eson 2 est une option de confiance pour ceux qui pr\u00e9f\u00e8rent un masque de style nasal avec un coussin plus grand. <\/p>\n<p data-start=\"554\" data-end=\"840\">Son <strong data-start=\"568\" data-end=\"585\">joint RollFit\u2122<\/strong> caract\u00e9ristique s&rsquo;adapte automatiquement \u00e0 la structure et aux mouvements de votre visage, aidant \u00e0 maintenir un joint confortable tout en r\u00e9duisant la pression sur l&rsquo;ar\u00eate du nez. Avec un harnais respirant et ajustable et une structure simplifi\u00e9e, l&rsquo;Eson 2 est \u00e0 la fois stable et facile \u00e0 utiliser. <\/p>\n<h3 data-start=\"847\" data-end=\"867\"><strong data-start=\"851\" data-end=\"867\">Caract\u00e9ristiques principales<\/strong><\/h3>\n<ul data-start=\"869\" data-end=\"1354\">\n<li data-start=\"869\" data-end=\"950\">\n<p data-start=\"871\" data-end=\"950\"><strong data-start=\"871\" data-end=\"909\">Inclut un coussin nasal de taille Large<\/strong> pour les utilisateurs qui ont besoin d&rsquo;un ajustement plus spacieux<\/p>\n<\/li>\n<li data-start=\"951\" data-end=\"1025\">\n<p data-start=\"953\" data-end=\"1025\">Le <strong data-start=\"953\" data-end=\"970\">joint RollFit\u2122<\/strong> s&rsquo;adapte \u00e0 vos mouvements pour un joint s\u00fbr et confortable<\/p>\n<\/li>\n<li data-start=\"1026\" data-end=\"1102\">\n<p data-start=\"1028\" data-end=\"1102\">La <strong data-start=\"1028\" data-end=\"1049\">structure \u00e0 profil bas<\/strong> minimise le contact facial tout en maintenant le soutien<\/p>\n<\/li>\n<li data-start=\"1103\" data-end=\"1181\">\n<p data-start=\"1105\" data-end=\"1181\"><strong data-start=\"1105\" data-end=\"1128\">Harnais ajustable<\/strong> avec crochets faciles \u00e0 clipser pour un ajustement et un retrait rapides<\/p>\n<\/li>\n<li data-start=\"1182\" data-end=\"1238\">\n<p data-start=\"1184\" data-end=\"1238\">Le <strong data-start=\"1184\" data-end=\"1202\">couvercle diffuseur<\/strong> adoucit le flux d&rsquo;air pour plus de confort<\/p>\n<\/li>\n<li data-start=\"1239\" data-end=\"1294\">\n<p data-start=\"1241\" data-end=\"1294\"><strong data-start=\"1241\" data-end=\"1275\">Simple \u00e0 nettoyer et \u00e0 r\u00e9assembler<\/strong> pour un usage quotidien<\/p>\n<\/li>\n<li data-start=\"1295\" data-end=\"1354\">\n<p data-start=\"1297\" data-end=\"1354\"><strong data-start=\"1297\" data-end=\"1354\">Compatible avec toutes les machines <a href=\"https:\/\/dormalab.com\/continuous-positive-airflow-pressure-cpap\/\" data-internallinksmanager029f6b8e52c=\"1\" title=\"Continuous Positive Airflow Pressure (CPAP)\">CPAP<\/a> standard et leurs tubulures<\/strong><\/p>\n<\/li>\n<\/ul>\n<h3 data-start=\"1361\" data-end=\"1383\"><strong data-start=\"1365\" data-end=\"1383\">Sp\u00e9cifications<\/strong><\/h3>\n<ul data-start=\"1385\" data-end=\"1655\">\n<li data-start=\"1385\" data-end=\"1409\">\n<p data-start=\"1387\" data-end=\"1409\"><strong data-start=\"1387\" data-end=\"1401\">Type de masque :<\/strong> nasal<\/p>\n<\/li>\n<li data-start=\"1410\" data-end=\"1438\">\n<p data-start=\"1412\" data-end=\"1438\"><strong data-start=\"1412\" data-end=\"1430\">Taille incluse :<\/strong> large<\/p>\n<\/li>\n<li data-start=\"1439\" data-end=\"1476\">\n<p data-start=\"1441\" data-end=\"1476\"><strong data-start=\"1441\" data-end=\"1460\">Mat\u00e9riau du cadre :<\/strong> polycarbonate<\/p>\n<\/li>\n<li data-start=\"1477\" data-end=\"1511\">\n<p data-start=\"1479\" data-end=\"1511\"><strong data-start=\"1479\" data-end=\"1500\">Mat\u00e9riau du coussin :<\/strong> silicone<\/p>\n<\/li>\n<li data-start=\"1512\" data-end=\"1558\">\n<p data-start=\"1514\" data-end=\"1558\"><strong data-start=\"1514\" data-end=\"1527\">Harnais :<\/strong> Tissu ajustable avec clips<\/p>\n<\/li>\n<li data-start=\"1559\" data-end=\"1602\">\n<p data-start=\"1561\" data-end=\"1602\"><strong data-start=\"1561\" data-end=\"1579\">Compatibilit\u00e9 :<\/strong> Tuyau PPC standard<\/p>\n<\/li>\n<li data-start=\"1603\" data-end=\"1655\">\n<p data-start=\"1605\" data-end=\"1655\"><strong data-start=\"1605\" data-end=\"1618\">Nettoyage :<\/strong> Lavage \u00e0 la main avec du savon doux et de l&rsquo;eau<\/p>\n<\/li>\n<\/ul>\n<h3 data-start=\"1662\" data-end=\"1679\"><strong data-start=\"1666\" data-end=\"1679\">Id\u00e9al pour<\/strong><\/h3>\n<ul data-start=\"1681\" data-end=\"1937\">\n<li data-start=\"1681\" data-end=\"1732\">\n<p data-start=\"1683\" data-end=\"1732\">Utilisateurs de PPC qui ont besoin d&rsquo;un <strong data-start=\"1705\" data-end=\"1730\">masque nasal de grande taille<\/strong><\/p>\n<\/li>\n<li data-start=\"1733\" data-end=\"1789\">\n<p data-start=\"1735\" data-end=\"1789\">Ceux qui recherchent un <strong data-start=\"1751\" data-end=\"1787\">ajustement s\u00fbr avec un confort adaptatif<\/strong><\/p>\n<\/li>\n<li data-start=\"1790\" data-end=\"1859\">\n<p data-start=\"1792\" data-end=\"1859\">Utilisateurs qui pr\u00e9f\u00e8rent un <strong data-start=\"1811\" data-end=\"1825\">masque nasal<\/strong> aux styles facial complet ou narinaire<\/p>\n<\/li>\n<li data-start=\"1860\" data-end=\"1937\">\n<p data-start=\"1862\" data-end=\"1937\">Toute personne recherchant un <strong data-start=\"1883\" data-end=\"1921\">masque \u00e0 profil bas et facile \u00e0 entretenir<\/strong> pour un usage nocturne<\/p>\n<\/li>\n<\/ul>\n<\/li>\n<\/ul>\n","protected":false},"excerpt":{"rendered":"<p data-pm-slice=\"1 1 []\">Le masque Eson 2 de taille large offre une \u00e9tanch\u00e9it\u00e9 confortable et s\u00fbre, vous permettant de b\u00e9n\u00e9ficier d&rsquo;une th\u00e9rapie par CPAP efficace avec un minimum de fuites.<\/p>\n","protected":false},"featured_media":40810,"template":"","meta":[],"product_brand":[369],"product_cat":[365],"product_tag":[],"class_list":{"0":"post-41595","1":"product","2":"type-product","3":"status-publish","4":"has-post-thumbnail","6":"product_brand-fisher-paykel","7":"product_cat-masque","9":"first","10":"instock","11":"shipping-taxable","12":"purchasable","13":"product-type-simple"},"yoast_head":"<!-- This site is optimized with the Yoast SEO plugin v27.3 - https:\/\/yoast.com\/product\/yoast-seo-wordpress\/ -->\n<title>Masque Eson 2 - Grand - Dorma Sleep Clinics<\/title>\n<meta name=\"robots\" content=\"index, follow, max-snippet:-1, max-image-preview:large, max-video-preview:-1\" \/>\n<link rel=\"canonical\" href=\"https:\/\/dormalab.com\/fr\/produit\/masque-eson-2-grand\/\" \/>\n<meta property=\"og:locale\" content=\"fr_FR\" \/>\n<meta property=\"og:type\" content=\"article\" \/>\n<meta property=\"og:title\" content=\"Masque Eson 2 - Grand - Dorma Sleep Clinics\" \/>\n<meta property=\"og:description\" content=\"Le masque Eson 2 de taille large offre une \u00e9tanch\u00e9it\u00e9 confortable et s\u00fbre, vous permettant de b\u00e9n\u00e9ficier d&#039;une th\u00e9rapie par CPAP efficace avec un minimum de fuites.\" \/>\n<meta property=\"og:url\" content=\"https:\/\/dormalab.com\/fr\/produit\/masque-eson-2-grand\/\" \/>\n<meta property=\"og:site_name\" content=\"Dorma Sleep Clinics\" \/>\n<meta property=\"article:modified_time\" content=\"2025-12-09T19:38:13+00:00\" \/>\n<meta property=\"og:image\" content=\"https:\/\/dormalab.com\/wp-content\/uploads\/2025\/04\/eson-2-nasal-cpap-mask-with-headgear-by-fisher-and-paykel.01-1080x1080-1.jpg\" \/>\n\t<meta property=\"og:image:width\" content=\"1080\" \/>\n\t<meta property=\"og:image:height\" content=\"1080\" \/>\n\t<meta property=\"og:image:type\" content=\"image\/jpeg\" \/>\n<meta name=\"twitter:card\" content=\"summary_large_image\" \/>\n<meta name=\"twitter:label1\" content=\"Dur\u00e9e de lecture estim\u00e9e\" \/>\n\t<meta name=\"twitter:data1\" content=\"1 minute\" \/>\n<script type=\"application\/ld+json\" class=\"yoast-schema-graph\">{\"@context\":\"https:\\\/\\\/schema.org\",\"@graph\":[{\"@type\":\"WebPage\",\"@id\":\"https:\\\/\\\/dormalab.com\\\/fr\\\/produit\\\/masque-eson-2-grand\\\/\",\"url\":\"https:\\\/\\\/dormalab.com\\\/fr\\\/produit\\\/masque-eson-2-grand\\\/\",\"name\":\"Masque Eson 2 - Grand - Dorma Sleep Clinics\",\"isPartOf\":{\"@id\":\"https:\\\/\\\/dormalab.com\\\/fr\\\/#website\"},\"primaryImageOfPage\":{\"@id\":\"https:\\\/\\\/dormalab.com\\\/fr\\\/produit\\\/masque-eson-2-grand\\\/#primaryimage\"},\"image\":{\"@id\":\"https:\\\/\\\/dormalab.com\\\/fr\\\/produit\\\/masque-eson-2-grand\\\/#primaryimage\"},\"thumbnailUrl\":\"https:\\\/\\\/dormalab.com\\\/wp-content\\\/uploads\\\/2025\\\/04\\\/eson-2-nasal-cpap-mask-with-headgear-by-fisher-and-paykel.01-1080x1080-1.jpg\",\"datePublished\":\"2025-04-28T16:48:08+00:00\",\"dateModified\":\"2025-12-09T19:38:13+00:00\",\"breadcrumb\":{\"@id\":\"https:\\\/\\\/dormalab.com\\\/fr\\\/produit\\\/masque-eson-2-grand\\\/#breadcrumb\"},\"inLanguage\":\"fr-FR\",\"potentialAction\":[{\"@type\":\"ReadAction\",\"target\":[\"https:\\\/\\\/dormalab.com\\\/fr\\\/produit\\\/masque-eson-2-grand\\\/\"]}]},{\"@type\":\"ImageObject\",\"inLanguage\":\"fr-FR\",\"@id\":\"https:\\\/\\\/dormalab.com\\\/fr\\\/produit\\\/masque-eson-2-grand\\\/#primaryimage\",\"url\":\"https:\\\/\\\/dormalab.com\\\/wp-content\\\/uploads\\\/2025\\\/04\\\/eson-2-nasal-cpap-mask-with-headgear-by-fisher-and-paykel.01-1080x1080-1.jpg\",\"contentUrl\":\"https:\\\/\\\/dormalab.com\\\/wp-content\\\/uploads\\\/2025\\\/04\\\/eson-2-nasal-cpap-mask-with-headgear-by-fisher-and-paykel.01-1080x1080-1.jpg\",\"width\":1080,\"height\":1080},{\"@type\":\"BreadcrumbList\",\"@id\":\"https:\\\/\\\/dormalab.com\\\/fr\\\/produit\\\/masque-eson-2-grand\\\/#breadcrumb\",\"itemListElement\":[{\"@type\":\"ListItem\",\"position\":1,\"name\":\"Home\",\"item\":\"https:\\\/\\\/dormalab.com\\\/fr\\\/\"},{\"@type\":\"ListItem\",\"position\":2,\"name\":\"Boutique\",\"item\":\"https:\\\/\\\/dormalab.com\\\/fr\\\/boutique\\\/\"},{\"@type\":\"ListItem\",\"position\":3,\"name\":\"Masque Eson 2 \u2013 Grand\"}]},{\"@type\":\"WebSite\",\"@id\":\"https:\\\/\\\/dormalab.com\\\/fr\\\/#website\",\"url\":\"https:\\\/\\\/dormalab.com\\\/fr\\\/\",\"name\":\"Dorma Sleep Clinics\",\"description\":\"Sleep Well Live Well\",\"publisher\":{\"@id\":\"https:\\\/\\\/dormalab.com\\\/fr\\\/#organization\"},\"potentialAction\":[{\"@type\":\"SearchAction\",\"target\":{\"@type\":\"EntryPoint\",\"urlTemplate\":\"https:\\\/\\\/dormalab.com\\\/fr\\\/?s={search_term_string}\"},\"query-input\":{\"@type\":\"PropertyValueSpecification\",\"valueRequired\":true,\"valueName\":\"search_term_string\"}}],\"inLanguage\":\"fr-FR\"},{\"@type\":\"Organization\",\"@id\":\"https:\\\/\\\/dormalab.com\\\/fr\\\/#organization\",\"name\":\"Dorma Clinique Du Sommeil\",\"url\":\"https:\\\/\\\/dormalab.com\\\/fr\\\/\",\"logo\":{\"@type\":\"ImageObject\",\"inLanguage\":\"fr-FR\",\"@id\":\"https:\\\/\\\/dormalab.com\\\/fr\\\/#\\\/schema\\\/logo\\\/image\\\/\",\"url\":\"https:\\\/\\\/dormalab.com\\\/wp-content\\\/uploads\\\/2019\\\/10\\\/Dorma-Logotype-RGB-Black-scaled-e1578787470924.png\",\"contentUrl\":\"https:\\\/\\\/dormalab.com\\\/wp-content\\\/uploads\\\/2019\\\/10\\\/Dorma-Logotype-RGB-Black-scaled-e1578787470924.png\",\"width\":120,\"height\":25,\"caption\":\"Dorma Clinique Du Sommeil\"},\"image\":{\"@id\":\"https:\\\/\\\/dormalab.com\\\/fr\\\/#\\\/schema\\\/logo\\\/image\\\/\"}}]}<\/script>\n<!-- \/ Yoast SEO plugin. -->","yoast_head_json":{"title":"Masque Eson 2 - Grand - Dorma Sleep Clinics","robots":{"index":"index","follow":"follow","max-snippet":"max-snippet:-1","max-image-preview":"max-image-preview:large","max-video-preview":"max-video-preview:-1"},"canonical":"https:\/\/dormalab.com\/fr\/produit\/masque-eson-2-grand\/","og_locale":"fr_FR","og_type":"article","og_title":"Masque Eson 2 - Grand - Dorma Sleep Clinics","og_description":"Le masque Eson 2 de taille large offre une \u00e9tanch\u00e9it\u00e9 confortable et s\u00fbre, vous permettant de b\u00e9n\u00e9ficier d'une th\u00e9rapie par CPAP efficace avec un minimum de fuites.","og_url":"https:\/\/dormalab.com\/fr\/produit\/masque-eson-2-grand\/","og_site_name":"Dorma Sleep Clinics","article_modified_time":"2025-12-09T19:38:13+00:00","og_image":[{"width":1080,"height":1080,"url":"https:\/\/dormalab.com\/wp-content\/uploads\/2025\/04\/eson-2-nasal-cpap-mask-with-headgear-by-fisher-and-paykel.01-1080x1080-1.jpg","type":"image\/jpeg"}],"twitter_card":"summary_large_image","twitter_misc":{"Dur\u00e9e de lecture estim\u00e9e":"1 minute"},"schema":{"@context":"https:\/\/schema.org","@graph":[{"@type":"WebPage","@id":"https:\/\/dormalab.com\/fr\/produit\/masque-eson-2-grand\/","url":"https:\/\/dormalab.com\/fr\/produit\/masque-eson-2-grand\/","name":"Masque Eson 2 - Grand - Dorma Sleep Clinics","isPartOf":{"@id":"https:\/\/dormalab.com\/fr\/#website"},"primaryImageOfPage":{"@id":"https:\/\/dormalab.com\/fr\/produit\/masque-eson-2-grand\/#primaryimage"},"image":{"@id":"https:\/\/dormalab.com\/fr\/produit\/masque-eson-2-grand\/#primaryimage"},"thumbnailUrl":"https:\/\/dormalab.com\/wp-content\/uploads\/2025\/04\/eson-2-nasal-cpap-mask-with-headgear-by-fisher-and-paykel.01-1080x1080-1.jpg","datePublished":"2025-04-28T16:48:08+00:00","dateModified":"2025-12-09T19:38:13+00:00","breadcrumb":{"@id":"https:\/\/dormalab.com\/fr\/produit\/masque-eson-2-grand\/#breadcrumb"},"inLanguage":"fr-FR","potentialAction":[{"@type":"ReadAction","target":["https:\/\/dormalab.com\/fr\/produit\/masque-eson-2-grand\/"]}]},{"@type":"ImageObject","inLanguage":"fr-FR","@id":"https:\/\/dormalab.com\/fr\/produit\/masque-eson-2-grand\/#primaryimage","url":"https:\/\/dormalab.com\/wp-content\/uploads\/2025\/04\/eson-2-nasal-cpap-mask-with-headgear-by-fisher-and-paykel.01-1080x1080-1.jpg","contentUrl":"https:\/\/dormalab.com\/wp-content\/uploads\/2025\/04\/eson-2-nasal-cpap-mask-with-headgear-by-fisher-and-paykel.01-1080x1080-1.jpg","width":1080,"height":1080},{"@type":"BreadcrumbList","@id":"https:\/\/dormalab.com\/fr\/produit\/masque-eson-2-grand\/#breadcrumb","itemListElement":[{"@type":"ListItem","position":1,"name":"Home","item":"https:\/\/dormalab.com\/fr\/"},{"@type":"ListItem","position":2,"name":"Boutique","item":"https:\/\/dormalab.com\/fr\/boutique\/"},{"@type":"ListItem","position":3,"name":"Masque Eson 2 \u2013 Grand"}]},{"@type":"WebSite","@id":"https:\/\/dormalab.com\/fr\/#website","url":"https:\/\/dormalab.com\/fr\/","name":"Dorma Sleep Clinics","description":"Sleep Well Live Well","publisher":{"@id":"https:\/\/dormalab.com\/fr\/#organization"},"potentialAction":[{"@type":"SearchAction","target":{"@type":"EntryPoint","urlTemplate":"https:\/\/dormalab.com\/fr\/?s={search_term_string}"},"query-input":{"@type":"PropertyValueSpecification","valueRequired":true,"valueName":"search_term_string"}}],"inLanguage":"fr-FR"},{"@type":"Organization","@id":"https:\/\/dormalab.com\/fr\/#organization","name":"Dorma Clinique Du Sommeil","url":"https:\/\/dormalab.com\/fr\/","logo":{"@type":"ImageObject","inLanguage":"fr-FR","@id":"https:\/\/dormalab.com\/fr\/#\/schema\/logo\/image\/","url":"https:\/\/dormalab.com\/wp-content\/uploads\/2019\/10\/Dorma-Logotype-RGB-Black-scaled-e1578787470924.png","contentUrl":"https:\/\/dormalab.com\/wp-content\/uploads\/2019\/10\/Dorma-Logotype-RGB-Black-scaled-e1578787470924.png","width":120,"height":25,"caption":"Dorma Clinique Du Sommeil"},"image":{"@id":"https:\/\/dormalab.com\/fr\/#\/schema\/logo\/image\/"}}]}},"_links":{"self":[{"href":"https:\/\/dormalab.com\/fr\/wp-json\/wp\/v2\/product\/41595","targetHints":{"allow":["GET"]}}],"collection":[{"href":"https:\/\/dormalab.com\/fr\/wp-json\/wp\/v2\/product"}],"about":[{"href":"https:\/\/dormalab.com\/fr\/wp-json\/wp\/v2\/types\/product"}],"version-history":[{"count":1,"href":"https:\/\/dormalab.com\/fr\/wp-json\/wp\/v2\/product\/41595\/revisions"}],"predecessor-version":[{"id":41610,"href":"https:\/\/dormalab.com\/fr\/wp-json\/wp\/v2\/product\/41595\/revisions\/41610"}],"wp:featuredmedia":[{"embeddable":true,"href":"https:\/\/dormalab.com\/fr\/wp-json\/wp\/v2\/media\/40810"}],"wp:attachment":[{"href":"https:\/\/dormalab.com\/fr\/wp-json\/wp\/v2\/media?parent=41595"}],"wp:term":[{"taxonomy":"product_brand","embeddable":true,"href":"https:\/\/dormalab.com\/fr\/wp-json\/wp\/v2\/product_brand?post=41595"},{"taxonomy":"product_cat","embeddable":true,"href":"https:\/\/dormalab.com\/fr\/wp-json\/wp\/v2\/product_cat?post=41595"},{"taxonomy":"product_tag","embeddable":true,"href":"https:\/\/dormalab.com\/fr\/wp-json\/wp\/v2\/product_tag?post=41595"}],"curies":[{"name":"wp","href":"https:\/\/api.w.org\/{rel}","templated":true}]}}