{"id":41597,"date":"2025-04-28T12:48:16","date_gmt":"2025-04-28T16:48:16","guid":{"rendered":"https:\/\/dormalab.com\/product\/masque-vitera-grand\/"},"modified":"2025-12-09T14:38:00","modified_gmt":"2025-12-09T19:38:00","slug":"masque-vitera-grand","status":"publish","type":"product","link":"https:\/\/dormalab.com\/fr\/produit\/masque-vitera-grand\/","title":{"rendered":"Masque Vitera \u2013 Grand"},"content":{"rendered":"<p data-start=\"457\" data-end=\"769\"><strong data-start=\"457\" data-end=\"500\">Masque <a href=\"https:\/\/dormalab.com\/continuous-positive-airflow-pressure-cpap\/\" data-internallinksmanager029f6b8e52c=\"1\" title=\"Continuous Positive Airflow Pressure (CPAP)\">CPAP<\/a> facial int\u00e9gral Vitera \u2013 Taille Large<\/strong><br data-start=\"500\" data-end=\"503\">Parfait pour les utilisateurs n\u00e9cessitant un ajustement plus large, ce masque CPAP facial int\u00e9gral offre des performances fiables, un confort optimal et une adaptabilit\u00e9 tout au long de la nuit. Con\u00e7u pour les respirateurs buccaux ou ceux qui changent fr\u00e9quemment de position, il assure une th\u00e9rapie du sommeil constante et efficace. <\/p>\n<hr data-start=\"771\" data-end=\"774\">\n<h3 data-start=\"776\" data-end=\"798\"><strong data-start=\"780\" data-end=\"796\">Avantages principaux<\/strong><\/h3>\n<ul data-start=\"799\" data-end=\"974\">\n<li data-start=\"799\" data-end=\"841\">\n<p data-start=\"801\" data-end=\"841\">Joint \u00e9tanche et stable m\u00eame en cas de mouvement<\/p>\n<\/li>\n<li data-start=\"842\" data-end=\"880\">\n<p data-start=\"844\" data-end=\"880\">Soulagement de la pression au niveau de l&rsquo;ar\u00eate nasale<\/p>\n<\/li>\n<li data-start=\"881\" data-end=\"926\">\n<p data-start=\"883\" data-end=\"926\">Frais et respirant pour un confort tout au long de la nuit<\/p>\n<\/li>\n<li data-start=\"927\" data-end=\"974\">\n<p data-start=\"929\" data-end=\"974\">Facile \u00e0 mettre et \u00e0 retirer sans r\u00e9ajustement<\/p>\n<\/li>\n<\/ul>\n<hr data-start=\"976\" data-end=\"979\">\n<h3 data-start=\"981\" data-end=\"1006\"><strong data-start=\"985\" data-end=\"1006\">Aper\u00e7u des caract\u00e9ristiques<\/strong><\/h3>\n<p data-start=\"1008\" data-end=\"1115\"><strong data-start=\"1008\" data-end=\"1031\">Coussin RollFit\u2122 XT<\/strong><br data-start=\"1031\" data-end=\"1034\">Se d\u00e9place avec vous pour maintenir une \u00e9tanch\u00e9it\u00e9 optimale et soulager la pression sur les zones sensibles.<\/p>\n<p data-start=\"1117\" data-end=\"1222\"><strong data-start=\"1117\" data-end=\"1140\">Harnais VentiCool\u2122<\/strong><br data-start=\"1140\" data-end=\"1143\">Tissu doux et respirant qui \u00e9vacue la chaleur et l&rsquo;humidit\u00e9, vous gardant au frais et au sec.<\/p>\n<p data-start=\"1224\" data-end=\"1309\"><strong data-start=\"1224\" data-end=\"1250\">Barre de stabilit\u00e9 frontale<\/strong><br data-start=\"1250\" data-end=\"1253\">Am\u00e9liore le soutien et r\u00e9duit les mouvements du masque pendant le sommeil.<\/p>\n<p data-start=\"1311\" data-end=\"1400\"><strong data-start=\"1311\" data-end=\"1334\">Clips \u00e0 lib\u00e9ration rapide<\/strong><br data-start=\"1334\" data-end=\"1337\">Facilitent le retrait du masque sans perdre votre ajustement personnalis\u00e9.<\/p>\n<hr data-start=\"1402\" data-end=\"1405\">\n<h3 data-start=\"1407\" data-end=\"1427\"><strong data-start=\"1411\" data-end=\"1425\">Taille et ajustement<\/strong><\/h3>\n<p data-start=\"1428\" data-end=\"1586\">La taille large est id\u00e9ale pour les utilisateurs n\u00e9cessitant un joint plus large et plus spacieux pour un ajustement appropri\u00e9. Con\u00e7u pour offrir une couverture compl\u00e8te sans sacrifier le confort ou la stabilit\u00e9. <\/p>\n<hr data-start=\"1588\" data-end=\"1591\">\n<h3 data-start=\"1593\" data-end=\"1612\"><strong data-start=\"1597\" data-end=\"1610\">Id\u00e9al pour<\/strong><\/h3>\n<ul data-start=\"1613\" data-end=\"1779\">\n<li data-start=\"1613\" data-end=\"1669\">\n<p data-start=\"1615\" data-end=\"1669\">Utilisateurs de CPAP n\u00e9cessitant un masque facial int\u00e9gral de grande taille<\/p>\n<\/li>\n<li data-start=\"1670\" data-end=\"1709\">\n<p data-start=\"1672\" data-end=\"1709\">Dormeurs actifs et respirateurs buccaux<\/p>\n<\/li>\n<li data-start=\"1710\" data-end=\"1779\">\n<p data-start=\"1712\" data-end=\"1779\">Personnes recherchant une combinaison de confort, de soutien et de facilit\u00e9 d&rsquo;utilisation<\/p>\n<\/li>\n<\/ul>\n","protected":false},"excerpt":{"rendered":"<p>Con\u00e7u pour les structures faciales plus larges, le masque Vitera offre un ajustement s\u00fbr, un coussin adaptatif et un harnais respirant pour une th\u00e9rapie du sommeil confortable et ininterrompue.<\/p>\n","protected":false},"featured_media":40738,"template":"","meta":[],"product_brand":[369],"product_cat":[365],"product_tag":[],"class_list":{"0":"post-41597","1":"product","2":"type-product","3":"status-publish","4":"has-post-thumbnail","6":"product_brand-fisher-paykel","7":"product_cat-masque","9":"first","10":"instock","11":"shipping-taxable","12":"purchasable","13":"product-type-simple"},"yoast_head":"<!-- This site is optimized with the Yoast SEO plugin v27.3 - https:\/\/yoast.com\/product\/yoast-seo-wordpress\/ -->\n<title>Masque Vitera - Grand - Dorma Sleep Clinics<\/title>\n<meta name=\"robots\" content=\"index, follow, max-snippet:-1, max-image-preview:large, max-video-preview:-1\" \/>\n<link rel=\"canonical\" href=\"https:\/\/dormalab.com\/fr\/produit\/masque-vitera-grand\/\" \/>\n<meta property=\"og:locale\" content=\"fr_FR\" \/>\n<meta property=\"og:type\" content=\"article\" \/>\n<meta property=\"og:title\" content=\"Masque Vitera - Grand - Dorma Sleep Clinics\" \/>\n<meta property=\"og:description\" content=\"Con\u00e7u pour les structures faciales plus larges, le masque Vitera offre un ajustement s\u00fbr, un coussin adaptatif et un harnais respirant pour une th\u00e9rapie du sommeil confortable et ininterrompue.\" \/>\n<meta property=\"og:url\" content=\"https:\/\/dormalab.com\/fr\/produit\/masque-vitera-grand\/\" \/>\n<meta property=\"og:site_name\" content=\"Dorma Sleep Clinics\" \/>\n<meta property=\"article:modified_time\" content=\"2025-12-09T19:38:00+00:00\" \/>\n<meta property=\"og:image\" content=\"https:\/\/dormalab.com\/wp-content\/uploads\/2025\/04\/FISHER-_-PAYKEL-MASQUE-FACIAL-VITERA.webp\" \/>\n\t<meta property=\"og:image:width\" content=\"1000\" \/>\n\t<meta property=\"og:image:height\" content=\"707\" \/>\n\t<meta property=\"og:image:type\" content=\"image\/webp\" \/>\n<meta name=\"twitter:card\" content=\"summary_large_image\" \/>\n<meta name=\"twitter:label1\" content=\"Dur\u00e9e de lecture estim\u00e9e\" \/>\n\t<meta name=\"twitter:data1\" content=\"1 minute\" \/>\n<script type=\"application\/ld+json\" class=\"yoast-schema-graph\">{\"@context\":\"https:\\\/\\\/schema.org\",\"@graph\":[{\"@type\":\"WebPage\",\"@id\":\"https:\\\/\\\/dormalab.com\\\/fr\\\/produit\\\/masque-vitera-grand\\\/\",\"url\":\"https:\\\/\\\/dormalab.com\\\/fr\\\/produit\\\/masque-vitera-grand\\\/\",\"name\":\"Masque Vitera - Grand - Dorma Sleep Clinics\",\"isPartOf\":{\"@id\":\"https:\\\/\\\/dormalab.com\\\/fr\\\/#website\"},\"primaryImageOfPage\":{\"@id\":\"https:\\\/\\\/dormalab.com\\\/fr\\\/produit\\\/masque-vitera-grand\\\/#primaryimage\"},\"image\":{\"@id\":\"https:\\\/\\\/dormalab.com\\\/fr\\\/produit\\\/masque-vitera-grand\\\/#primaryimage\"},\"thumbnailUrl\":\"https:\\\/\\\/dormalab.com\\\/wp-content\\\/uploads\\\/2025\\\/04\\\/FISHER-_-PAYKEL-MASQUE-FACIAL-VITERA.webp\",\"datePublished\":\"2025-04-28T16:48:16+00:00\",\"dateModified\":\"2025-12-09T19:38:00+00:00\",\"breadcrumb\":{\"@id\":\"https:\\\/\\\/dormalab.com\\\/fr\\\/produit\\\/masque-vitera-grand\\\/#breadcrumb\"},\"inLanguage\":\"fr-FR\",\"potentialAction\":[{\"@type\":\"ReadAction\",\"target\":[\"https:\\\/\\\/dormalab.com\\\/fr\\\/produit\\\/masque-vitera-grand\\\/\"]}]},{\"@type\":\"ImageObject\",\"inLanguage\":\"fr-FR\",\"@id\":\"https:\\\/\\\/dormalab.com\\\/fr\\\/produit\\\/masque-vitera-grand\\\/#primaryimage\",\"url\":\"https:\\\/\\\/dormalab.com\\\/wp-content\\\/uploads\\\/2025\\\/04\\\/FISHER-_-PAYKEL-MASQUE-FACIAL-VITERA.webp\",\"contentUrl\":\"https:\\\/\\\/dormalab.com\\\/wp-content\\\/uploads\\\/2025\\\/04\\\/FISHER-_-PAYKEL-MASQUE-FACIAL-VITERA.webp\",\"width\":1000,\"height\":707},{\"@type\":\"BreadcrumbList\",\"@id\":\"https:\\\/\\\/dormalab.com\\\/fr\\\/produit\\\/masque-vitera-grand\\\/#breadcrumb\",\"itemListElement\":[{\"@type\":\"ListItem\",\"position\":1,\"name\":\"Home\",\"item\":\"https:\\\/\\\/dormalab.com\\\/fr\\\/\"},{\"@type\":\"ListItem\",\"position\":2,\"name\":\"Boutique\",\"item\":\"https:\\\/\\\/dormalab.com\\\/fr\\\/boutique\\\/\"},{\"@type\":\"ListItem\",\"position\":3,\"name\":\"Masque Vitera \u2013 Grand\"}]},{\"@type\":\"WebSite\",\"@id\":\"https:\\\/\\\/dormalab.com\\\/fr\\\/#website\",\"url\":\"https:\\\/\\\/dormalab.com\\\/fr\\\/\",\"name\":\"Dorma Sleep Clinics\",\"description\":\"Sleep Well Live Well\",\"publisher\":{\"@id\":\"https:\\\/\\\/dormalab.com\\\/fr\\\/#organization\"},\"potentialAction\":[{\"@type\":\"SearchAction\",\"target\":{\"@type\":\"EntryPoint\",\"urlTemplate\":\"https:\\\/\\\/dormalab.com\\\/fr\\\/?s={search_term_string}\"},\"query-input\":{\"@type\":\"PropertyValueSpecification\",\"valueRequired\":true,\"valueName\":\"search_term_string\"}}],\"inLanguage\":\"fr-FR\"},{\"@type\":\"Organization\",\"@id\":\"https:\\\/\\\/dormalab.com\\\/fr\\\/#organization\",\"name\":\"Dorma Clinique Du Sommeil\",\"url\":\"https:\\\/\\\/dormalab.com\\\/fr\\\/\",\"logo\":{\"@type\":\"ImageObject\",\"inLanguage\":\"fr-FR\",\"@id\":\"https:\\\/\\\/dormalab.com\\\/fr\\\/#\\\/schema\\\/logo\\\/image\\\/\",\"url\":\"https:\\\/\\\/dormalab.com\\\/wp-content\\\/uploads\\\/2019\\\/10\\\/Dorma-Logotype-RGB-Black-scaled-e1578787470924.png\",\"contentUrl\":\"https:\\\/\\\/dormalab.com\\\/wp-content\\\/uploads\\\/2019\\\/10\\\/Dorma-Logotype-RGB-Black-scaled-e1578787470924.png\",\"width\":120,\"height\":25,\"caption\":\"Dorma Clinique Du Sommeil\"},\"image\":{\"@id\":\"https:\\\/\\\/dormalab.com\\\/fr\\\/#\\\/schema\\\/logo\\\/image\\\/\"}}]}<\/script>\n<!-- \/ Yoast SEO plugin. -->","yoast_head_json":{"title":"Masque Vitera - Grand - Dorma Sleep Clinics","robots":{"index":"index","follow":"follow","max-snippet":"max-snippet:-1","max-image-preview":"max-image-preview:large","max-video-preview":"max-video-preview:-1"},"canonical":"https:\/\/dormalab.com\/fr\/produit\/masque-vitera-grand\/","og_locale":"fr_FR","og_type":"article","og_title":"Masque Vitera - Grand - Dorma Sleep Clinics","og_description":"Con\u00e7u pour les structures faciales plus larges, le masque Vitera offre un ajustement s\u00fbr, un coussin adaptatif et un harnais respirant pour une th\u00e9rapie du sommeil confortable et ininterrompue.","og_url":"https:\/\/dormalab.com\/fr\/produit\/masque-vitera-grand\/","og_site_name":"Dorma Sleep Clinics","article_modified_time":"2025-12-09T19:38:00+00:00","og_image":[{"width":1000,"height":707,"url":"https:\/\/dormalab.com\/wp-content\/uploads\/2025\/04\/FISHER-_-PAYKEL-MASQUE-FACIAL-VITERA.webp","type":"image\/webp"}],"twitter_card":"summary_large_image","twitter_misc":{"Dur\u00e9e de lecture estim\u00e9e":"1 minute"},"schema":{"@context":"https:\/\/schema.org","@graph":[{"@type":"WebPage","@id":"https:\/\/dormalab.com\/fr\/produit\/masque-vitera-grand\/","url":"https:\/\/dormalab.com\/fr\/produit\/masque-vitera-grand\/","name":"Masque Vitera - Grand - Dorma Sleep Clinics","isPartOf":{"@id":"https:\/\/dormalab.com\/fr\/#website"},"primaryImageOfPage":{"@id":"https:\/\/dormalab.com\/fr\/produit\/masque-vitera-grand\/#primaryimage"},"image":{"@id":"https:\/\/dormalab.com\/fr\/produit\/masque-vitera-grand\/#primaryimage"},"thumbnailUrl":"https:\/\/dormalab.com\/wp-content\/uploads\/2025\/04\/FISHER-_-PAYKEL-MASQUE-FACIAL-VITERA.webp","datePublished":"2025-04-28T16:48:16+00:00","dateModified":"2025-12-09T19:38:00+00:00","breadcrumb":{"@id":"https:\/\/dormalab.com\/fr\/produit\/masque-vitera-grand\/#breadcrumb"},"inLanguage":"fr-FR","potentialAction":[{"@type":"ReadAction","target":["https:\/\/dormalab.com\/fr\/produit\/masque-vitera-grand\/"]}]},{"@type":"ImageObject","inLanguage":"fr-FR","@id":"https:\/\/dormalab.com\/fr\/produit\/masque-vitera-grand\/#primaryimage","url":"https:\/\/dormalab.com\/wp-content\/uploads\/2025\/04\/FISHER-_-PAYKEL-MASQUE-FACIAL-VITERA.webp","contentUrl":"https:\/\/dormalab.com\/wp-content\/uploads\/2025\/04\/FISHER-_-PAYKEL-MASQUE-FACIAL-VITERA.webp","width":1000,"height":707},{"@type":"BreadcrumbList","@id":"https:\/\/dormalab.com\/fr\/produit\/masque-vitera-grand\/#breadcrumb","itemListElement":[{"@type":"ListItem","position":1,"name":"Home","item":"https:\/\/dormalab.com\/fr\/"},{"@type":"ListItem","position":2,"name":"Boutique","item":"https:\/\/dormalab.com\/fr\/boutique\/"},{"@type":"ListItem","position":3,"name":"Masque Vitera \u2013 Grand"}]},{"@type":"WebSite","@id":"https:\/\/dormalab.com\/fr\/#website","url":"https:\/\/dormalab.com\/fr\/","name":"Dorma Sleep Clinics","description":"Sleep Well Live Well","publisher":{"@id":"https:\/\/dormalab.com\/fr\/#organization"},"potentialAction":[{"@type":"SearchAction","target":{"@type":"EntryPoint","urlTemplate":"https:\/\/dormalab.com\/fr\/?s={search_term_string}"},"query-input":{"@type":"PropertyValueSpecification","valueRequired":true,"valueName":"search_term_string"}}],"inLanguage":"fr-FR"},{"@type":"Organization","@id":"https:\/\/dormalab.com\/fr\/#organization","name":"Dorma Clinique Du Sommeil","url":"https:\/\/dormalab.com\/fr\/","logo":{"@type":"ImageObject","inLanguage":"fr-FR","@id":"https:\/\/dormalab.com\/fr\/#\/schema\/logo\/image\/","url":"https:\/\/dormalab.com\/wp-content\/uploads\/2019\/10\/Dorma-Logotype-RGB-Black-scaled-e1578787470924.png","contentUrl":"https:\/\/dormalab.com\/wp-content\/uploads\/2019\/10\/Dorma-Logotype-RGB-Black-scaled-e1578787470924.png","width":120,"height":25,"caption":"Dorma Clinique Du Sommeil"},"image":{"@id":"https:\/\/dormalab.com\/fr\/#\/schema\/logo\/image\/"}}]}},"_links":{"self":[{"href":"https:\/\/dormalab.com\/fr\/wp-json\/wp\/v2\/product\/41597","targetHints":{"allow":["GET"]}}],"collection":[{"href":"https:\/\/dormalab.com\/fr\/wp-json\/wp\/v2\/product"}],"about":[{"href":"https:\/\/dormalab.com\/fr\/wp-json\/wp\/v2\/types\/product"}],"version-history":[{"count":1,"href":"https:\/\/dormalab.com\/fr\/wp-json\/wp\/v2\/product\/41597\/revisions"}],"predecessor-version":[{"id":41600,"href":"https:\/\/dormalab.com\/fr\/wp-json\/wp\/v2\/product\/41597\/revisions\/41600"}],"wp:featuredmedia":[{"embeddable":true,"href":"https:\/\/dormalab.com\/fr\/wp-json\/wp\/v2\/media\/40738"}],"wp:attachment":[{"href":"https:\/\/dormalab.com\/fr\/wp-json\/wp\/v2\/media?parent=41597"}],"wp:term":[{"taxonomy":"product_brand","embeddable":true,"href":"https:\/\/dormalab.com\/fr\/wp-json\/wp\/v2\/product_brand?post=41597"},{"taxonomy":"product_cat","embeddable":true,"href":"https:\/\/dormalab.com\/fr\/wp-json\/wp\/v2\/product_cat?post=41597"},{"taxonomy":"product_tag","embeddable":true,"href":"https:\/\/dormalab.com\/fr\/wp-json\/wp\/v2\/product_tag?post=41597"}],"curies":[{"name":"wp","href":"https:\/\/api.w.org\/{rel}","templated":true}]}}