{"id":41602,"date":"2025-04-28T12:48:09","date_gmt":"2025-04-28T16:48:09","guid":{"rendered":"https:\/\/dormalab.com\/product\/masque-eson-2-petit\/"},"modified":"2025-12-09T14:38:04","modified_gmt":"2025-12-09T19:38:04","slug":"masque-eson-2-petit","status":"publish","type":"product","link":"https:\/\/dormalab.com\/fr\/produit\/masque-eson-2-petit\/","title":{"rendered":"Masque Eson 2 \u2013 Petit"},"content":{"rendered":"<p data-start=\"259\" data-end=\"563\">Le <strong data-start=\"263\" data-end=\"301\">masque nasal Fisher &amp; Paykel Eson\u2122 2<\/strong> en <strong data-start=\"305\" data-end=\"314\">taille petite<\/strong> est con\u00e7u pour un ajustement s\u00fbr et confortable avec une facilit\u00e9 d&rsquo;utilisation am\u00e9lior\u00e9e. Id\u00e9al pour les utilisateurs aux traits du visage plus petits, ce masque s&rsquo;appuie sur les performances \u00e9prouv\u00e9es de l&rsquo;Eson original, offrant une meilleure \u00e9tanch\u00e9it\u00e9, une meilleure facilit\u00e9 d&rsquo;utilisation et un design simplifi\u00e9. <\/p>\n<p data-start=\"565\" data-end=\"863\">L&rsquo;Eson 2 est dot\u00e9 d&rsquo;un <strong data-start=\"592\" data-end=\"612\">coussin RollFit\u2122<\/strong> souple qui s&rsquo;adapte aux mouvements de votre visage, aidant \u00e0 r\u00e9duire la pression sur l&rsquo;ar\u00eate du nez tout en maintenant une \u00e9tanch\u00e9it\u00e9 fiable. Le harnais respirant est facile \u00e0 ajuster et \u00e0 retirer, et le masque est simple \u00e0 nettoyer et \u00e0 r\u00e9assembler \u2014 parfait pour une th\u00e9rapie quotidienne. <\/p>\n<h3 data-start=\"870\" data-end=\"890\"><strong data-start=\"874\" data-end=\"890\">Caract\u00e9ristiques principales<\/strong><\/h3>\n<ul data-start=\"892\" data-end=\"1380\">\n<li data-start=\"892\" data-end=\"967\">\n<p data-start=\"894\" data-end=\"967\"><strong data-start=\"894\" data-end=\"932\">Inclut un coussin nasal de taille petite<\/strong> \u2014 id\u00e9al pour les structures faciales plus petites<\/p>\n<\/li>\n<li data-start=\"968\" data-end=\"1039\">\n<p data-start=\"970\" data-end=\"1039\"><strong data-start=\"970\" data-end=\"987\">Joint RollFit\u2122<\/strong> s&rsquo;ajuste avec le mouvement pour un ajustement stable et confortable<\/p>\n<\/li>\n<li data-start=\"1040\" data-end=\"1114\">\n<p data-start=\"1042\" data-end=\"1114\"><strong data-start=\"1042\" data-end=\"1063\">Cadre \u00e0 profil bas<\/strong> r\u00e9duit le contact facial sans sacrifier le soutien<\/p>\n<\/li>\n<li data-start=\"1115\" data-end=\"1187\">\n<p data-start=\"1117\" data-end=\"1187\"><strong data-start=\"1117\" data-end=\"1137\">Harnais am\u00e9lior\u00e9<\/strong> avec des clips intuitifs pour un ajustement et un retrait faciles<\/p>\n<\/li>\n<li data-start=\"1188\" data-end=\"1254\">\n<p data-start=\"1190\" data-end=\"1254\"><strong data-start=\"1190\" data-end=\"1208\">Couvercle diffuseur<\/strong> adoucit le flux d&rsquo;air pour une exp\u00e9rience plus reposante<\/p>\n<\/li>\n<li data-start=\"1255\" data-end=\"1320\">\n<p data-start=\"1257\" data-end=\"1320\"><strong data-start=\"1257\" data-end=\"1274\">Design simple<\/strong> pour un assemblage, un d\u00e9montage et un nettoyage rapides<\/p>\n<\/li>\n<li data-start=\"1321\" data-end=\"1380\">\n<p data-start=\"1323\" data-end=\"1380\"><strong data-start=\"1323\" data-end=\"1380\">Compatible avec toutes les machines <a href=\"https:\/\/dormalab.com\/continuous-positive-airflow-pressure-cpap\/\" data-internallinksmanager029f6b8e52c=\"1\" title=\"Continuous Positive Airflow Pressure (CPAP)\">CPAP<\/a> standard et leurs tubulures<\/strong><\/p>\n<\/li>\n<\/ul>\n<h3 data-start=\"1387\" data-end=\"1409\"><strong data-start=\"1391\" data-end=\"1409\">Sp\u00e9cifications<\/strong><\/h3>\n<ul data-start=\"1411\" data-end=\"1724\">\n<li data-start=\"1411\" data-end=\"1435\">\n<p data-start=\"1413\" data-end=\"1435\"><strong data-start=\"1413\" data-end=\"1427\">Type de masque :<\/strong> nasal<\/p>\n<\/li>\n<li data-start=\"1436\" data-end=\"1464\">\n<p data-start=\"1438\" data-end=\"1464\"><strong data-start=\"1438\" data-end=\"1456\">Taille incluse :<\/strong> petite<\/p>\n<\/li>\n<li data-start=\"1465\" data-end=\"1502\">\n<p data-start=\"1467\" data-end=\"1502\"><strong data-start=\"1467\" data-end=\"1486\">Mat\u00e9riau du cadre :<\/strong> polycarbonate<\/p>\n<\/li>\n<li data-start=\"1503\" data-end=\"1537\">\n<p data-start=\"1505\" data-end=\"1537\"><strong data-start=\"1505\" data-end=\"1526\">Mat\u00e9riau du coussin :<\/strong> silicone<\/p>\n<\/li>\n<li data-start=\"1538\" data-end=\"1595\">\n<p data-start=\"1540\" data-end=\"1595\"><strong data-start=\"1540\" data-end=\"1553\">Harnais :<\/strong> Tissu ajustable avec attaches \u00e0 clip<\/p>\n<\/li>\n<li data-start=\"1596\" data-end=\"1660\">\n<p data-start=\"1598\" data-end=\"1660\"><strong data-start=\"1598\" data-end=\"1616\">Compatibilit\u00e9 :<\/strong> Tubulure CPAP standard (diam\u00e8tre de 15 mm \u00e0 22 mm)<\/p>\n<\/li>\n<li data-start=\"1661\" data-end=\"1724\">\n<p data-start=\"1663\" data-end=\"1724\"><strong data-start=\"1663\" data-end=\"1676\">Nettoyage :<\/strong> Laver \u00e0 la main les composants avec du savon doux et de l&rsquo;eau<\/p>\n<\/li>\n<\/ul>\n<h3 data-start=\"1731\" data-end=\"1748\"><strong data-start=\"1735\" data-end=\"1748\">Id\u00e9al pour<\/strong><\/h3>\n<ul data-start=\"1750\" data-end=\"2021\">\n<li data-start=\"1750\" data-end=\"1809\">\n<p data-start=\"1752\" data-end=\"1809\">Utilisateurs de CPAP avec <strong data-start=\"1768\" data-end=\"1807\">des structures faciales plus petites ou d\u00e9licates<\/strong><\/p>\n<\/li>\n<li data-start=\"1810\" data-end=\"1886\">\n<p data-start=\"1812\" data-end=\"1886\">Ceux qui pr\u00e9f\u00e8rent un <strong data-start=\"1831\" data-end=\"1851\">masque de style nasal<\/strong> pour le confort et la fiabilit\u00e9 de l&rsquo;\u00e9tanch\u00e9it\u00e9<\/p>\n<\/li>\n<li data-start=\"1887\" data-end=\"1946\">\n<p data-start=\"1889\" data-end=\"1946\">Utilisateurs recherchant un <strong data-start=\"1909\" data-end=\"1944\">design simplifi\u00e9 et facile \u00e0 utiliser<\/strong><\/p>\n<\/li>\n<li data-start=\"1947\" data-end=\"2021\">\n<p data-start=\"1949\" data-end=\"2021\">Toute personne cherchant un masque avec <strong data-start=\"1976\" data-end=\"2002\">un contact facial minimal<\/strong> et un ajustement flexible<\/p>\n<\/li>\n<\/ul>\n","protected":false},"excerpt":{"rendered":"<p data-start=\"126\" data-end=\"285\">Le masque Eson 2 \u2013 Petit est un masque nasal CPAP compact et confortable, con\u00e7u pour un fonctionnement silencieux et une \u00e9tanch\u00e9it\u00e9 s\u00fbre, id\u00e9al pour une th\u00e9rapie efficace de l&rsquo;apn\u00e9e du sommeil.<\/p>\n","protected":false},"featured_media":40810,"template":"","meta":[],"product_brand":[369],"product_cat":[365],"product_tag":[],"class_list":{"0":"post-41602","1":"product","2":"type-product","3":"status-publish","4":"has-post-thumbnail","6":"product_brand-fisher-paykel","7":"product_cat-masque","9":"first","10":"instock","11":"shipping-taxable","12":"purchasable","13":"product-type-simple"},"yoast_head":"<!-- This site is optimized with the Yoast SEO plugin v27.3 - https:\/\/yoast.com\/product\/yoast-seo-wordpress\/ -->\n<title>Masque Eson 2 - Petit - Dorma Sleep Clinics<\/title>\n<meta name=\"robots\" content=\"index, follow, max-snippet:-1, max-image-preview:large, max-video-preview:-1\" \/>\n<link rel=\"canonical\" href=\"https:\/\/dormalab.com\/fr\/produit\/masque-eson-2-petit\/\" \/>\n<meta property=\"og:locale\" content=\"fr_FR\" \/>\n<meta property=\"og:type\" content=\"article\" \/>\n<meta property=\"og:title\" content=\"Masque Eson 2 - Petit - Dorma Sleep Clinics\" \/>\n<meta property=\"og:description\" content=\"Le masque Eson 2 - Petit est un masque nasal CPAP compact et confortable, con\u00e7u pour un fonctionnement silencieux et une \u00e9tanch\u00e9it\u00e9 s\u00fbre, id\u00e9al pour une th\u00e9rapie efficace de l&#039;apn\u00e9e du sommeil.\" \/>\n<meta property=\"og:url\" content=\"https:\/\/dormalab.com\/fr\/produit\/masque-eson-2-petit\/\" \/>\n<meta property=\"og:site_name\" content=\"Dorma Sleep Clinics\" \/>\n<meta property=\"article:modified_time\" content=\"2025-12-09T19:38:04+00:00\" \/>\n<meta property=\"og:image\" content=\"https:\/\/dormalab.com\/wp-content\/uploads\/2025\/04\/eson-2-nasal-cpap-mask-with-headgear-by-fisher-and-paykel.01-1080x1080-1.jpg\" \/>\n\t<meta property=\"og:image:width\" content=\"1080\" \/>\n\t<meta property=\"og:image:height\" content=\"1080\" \/>\n\t<meta property=\"og:image:type\" content=\"image\/jpeg\" \/>\n<meta name=\"twitter:card\" content=\"summary_large_image\" \/>\n<meta name=\"twitter:label1\" content=\"Dur\u00e9e de lecture estim\u00e9e\" \/>\n\t<meta name=\"twitter:data1\" content=\"2 minute\" \/>\n<script type=\"application\/ld+json\" class=\"yoast-schema-graph\">{\"@context\":\"https:\\\/\\\/schema.org\",\"@graph\":[{\"@type\":\"WebPage\",\"@id\":\"https:\\\/\\\/dormalab.com\\\/fr\\\/produit\\\/masque-eson-2-petit\\\/\",\"url\":\"https:\\\/\\\/dormalab.com\\\/fr\\\/produit\\\/masque-eson-2-petit\\\/\",\"name\":\"Masque Eson 2 - Petit - Dorma Sleep Clinics\",\"isPartOf\":{\"@id\":\"https:\\\/\\\/dormalab.com\\\/fr\\\/#website\"},\"primaryImageOfPage\":{\"@id\":\"https:\\\/\\\/dormalab.com\\\/fr\\\/produit\\\/masque-eson-2-petit\\\/#primaryimage\"},\"image\":{\"@id\":\"https:\\\/\\\/dormalab.com\\\/fr\\\/produit\\\/masque-eson-2-petit\\\/#primaryimage\"},\"thumbnailUrl\":\"https:\\\/\\\/dormalab.com\\\/wp-content\\\/uploads\\\/2025\\\/04\\\/eson-2-nasal-cpap-mask-with-headgear-by-fisher-and-paykel.01-1080x1080-1.jpg\",\"datePublished\":\"2025-04-28T16:48:09+00:00\",\"dateModified\":\"2025-12-09T19:38:04+00:00\",\"breadcrumb\":{\"@id\":\"https:\\\/\\\/dormalab.com\\\/fr\\\/produit\\\/masque-eson-2-petit\\\/#breadcrumb\"},\"inLanguage\":\"fr-FR\",\"potentialAction\":[{\"@type\":\"ReadAction\",\"target\":[\"https:\\\/\\\/dormalab.com\\\/fr\\\/produit\\\/masque-eson-2-petit\\\/\"]}]},{\"@type\":\"ImageObject\",\"inLanguage\":\"fr-FR\",\"@id\":\"https:\\\/\\\/dormalab.com\\\/fr\\\/produit\\\/masque-eson-2-petit\\\/#primaryimage\",\"url\":\"https:\\\/\\\/dormalab.com\\\/wp-content\\\/uploads\\\/2025\\\/04\\\/eson-2-nasal-cpap-mask-with-headgear-by-fisher-and-paykel.01-1080x1080-1.jpg\",\"contentUrl\":\"https:\\\/\\\/dormalab.com\\\/wp-content\\\/uploads\\\/2025\\\/04\\\/eson-2-nasal-cpap-mask-with-headgear-by-fisher-and-paykel.01-1080x1080-1.jpg\",\"width\":1080,\"height\":1080},{\"@type\":\"BreadcrumbList\",\"@id\":\"https:\\\/\\\/dormalab.com\\\/fr\\\/produit\\\/masque-eson-2-petit\\\/#breadcrumb\",\"itemListElement\":[{\"@type\":\"ListItem\",\"position\":1,\"name\":\"Home\",\"item\":\"https:\\\/\\\/dormalab.com\\\/fr\\\/\"},{\"@type\":\"ListItem\",\"position\":2,\"name\":\"Boutique\",\"item\":\"https:\\\/\\\/dormalab.com\\\/fr\\\/boutique\\\/\"},{\"@type\":\"ListItem\",\"position\":3,\"name\":\"Masque Eson 2 \u2013 Petit\"}]},{\"@type\":\"WebSite\",\"@id\":\"https:\\\/\\\/dormalab.com\\\/fr\\\/#website\",\"url\":\"https:\\\/\\\/dormalab.com\\\/fr\\\/\",\"name\":\"Dorma Sleep Clinics\",\"description\":\"Sleep Well Live Well\",\"publisher\":{\"@id\":\"https:\\\/\\\/dormalab.com\\\/fr\\\/#organization\"},\"potentialAction\":[{\"@type\":\"SearchAction\",\"target\":{\"@type\":\"EntryPoint\",\"urlTemplate\":\"https:\\\/\\\/dormalab.com\\\/fr\\\/?s={search_term_string}\"},\"query-input\":{\"@type\":\"PropertyValueSpecification\",\"valueRequired\":true,\"valueName\":\"search_term_string\"}}],\"inLanguage\":\"fr-FR\"},{\"@type\":\"Organization\",\"@id\":\"https:\\\/\\\/dormalab.com\\\/fr\\\/#organization\",\"name\":\"Dorma Clinique Du Sommeil\",\"url\":\"https:\\\/\\\/dormalab.com\\\/fr\\\/\",\"logo\":{\"@type\":\"ImageObject\",\"inLanguage\":\"fr-FR\",\"@id\":\"https:\\\/\\\/dormalab.com\\\/fr\\\/#\\\/schema\\\/logo\\\/image\\\/\",\"url\":\"https:\\\/\\\/dormalab.com\\\/wp-content\\\/uploads\\\/2019\\\/10\\\/Dorma-Logotype-RGB-Black-scaled-e1578787470924.png\",\"contentUrl\":\"https:\\\/\\\/dormalab.com\\\/wp-content\\\/uploads\\\/2019\\\/10\\\/Dorma-Logotype-RGB-Black-scaled-e1578787470924.png\",\"width\":120,\"height\":25,\"caption\":\"Dorma Clinique Du Sommeil\"},\"image\":{\"@id\":\"https:\\\/\\\/dormalab.com\\\/fr\\\/#\\\/schema\\\/logo\\\/image\\\/\"}}]}<\/script>\n<!-- \/ Yoast SEO plugin. -->","yoast_head_json":{"title":"Masque Eson 2 - Petit - Dorma Sleep Clinics","robots":{"index":"index","follow":"follow","max-snippet":"max-snippet:-1","max-image-preview":"max-image-preview:large","max-video-preview":"max-video-preview:-1"},"canonical":"https:\/\/dormalab.com\/fr\/produit\/masque-eson-2-petit\/","og_locale":"fr_FR","og_type":"article","og_title":"Masque Eson 2 - Petit - Dorma Sleep Clinics","og_description":"Le masque Eson 2 - Petit est un masque nasal CPAP compact et confortable, con\u00e7u pour un fonctionnement silencieux et une \u00e9tanch\u00e9it\u00e9 s\u00fbre, id\u00e9al pour une th\u00e9rapie efficace de l'apn\u00e9e du sommeil.","og_url":"https:\/\/dormalab.com\/fr\/produit\/masque-eson-2-petit\/","og_site_name":"Dorma Sleep Clinics","article_modified_time":"2025-12-09T19:38:04+00:00","og_image":[{"width":1080,"height":1080,"url":"https:\/\/dormalab.com\/wp-content\/uploads\/2025\/04\/eson-2-nasal-cpap-mask-with-headgear-by-fisher-and-paykel.01-1080x1080-1.jpg","type":"image\/jpeg"}],"twitter_card":"summary_large_image","twitter_misc":{"Dur\u00e9e de lecture estim\u00e9e":"2 minute"},"schema":{"@context":"https:\/\/schema.org","@graph":[{"@type":"WebPage","@id":"https:\/\/dormalab.com\/fr\/produit\/masque-eson-2-petit\/","url":"https:\/\/dormalab.com\/fr\/produit\/masque-eson-2-petit\/","name":"Masque Eson 2 - Petit - Dorma Sleep Clinics","isPartOf":{"@id":"https:\/\/dormalab.com\/fr\/#website"},"primaryImageOfPage":{"@id":"https:\/\/dormalab.com\/fr\/produit\/masque-eson-2-petit\/#primaryimage"},"image":{"@id":"https:\/\/dormalab.com\/fr\/produit\/masque-eson-2-petit\/#primaryimage"},"thumbnailUrl":"https:\/\/dormalab.com\/wp-content\/uploads\/2025\/04\/eson-2-nasal-cpap-mask-with-headgear-by-fisher-and-paykel.01-1080x1080-1.jpg","datePublished":"2025-04-28T16:48:09+00:00","dateModified":"2025-12-09T19:38:04+00:00","breadcrumb":{"@id":"https:\/\/dormalab.com\/fr\/produit\/masque-eson-2-petit\/#breadcrumb"},"inLanguage":"fr-FR","potentialAction":[{"@type":"ReadAction","target":["https:\/\/dormalab.com\/fr\/produit\/masque-eson-2-petit\/"]}]},{"@type":"ImageObject","inLanguage":"fr-FR","@id":"https:\/\/dormalab.com\/fr\/produit\/masque-eson-2-petit\/#primaryimage","url":"https:\/\/dormalab.com\/wp-content\/uploads\/2025\/04\/eson-2-nasal-cpap-mask-with-headgear-by-fisher-and-paykel.01-1080x1080-1.jpg","contentUrl":"https:\/\/dormalab.com\/wp-content\/uploads\/2025\/04\/eson-2-nasal-cpap-mask-with-headgear-by-fisher-and-paykel.01-1080x1080-1.jpg","width":1080,"height":1080},{"@type":"BreadcrumbList","@id":"https:\/\/dormalab.com\/fr\/produit\/masque-eson-2-petit\/#breadcrumb","itemListElement":[{"@type":"ListItem","position":1,"name":"Home","item":"https:\/\/dormalab.com\/fr\/"},{"@type":"ListItem","position":2,"name":"Boutique","item":"https:\/\/dormalab.com\/fr\/boutique\/"},{"@type":"ListItem","position":3,"name":"Masque Eson 2 \u2013 Petit"}]},{"@type":"WebSite","@id":"https:\/\/dormalab.com\/fr\/#website","url":"https:\/\/dormalab.com\/fr\/","name":"Dorma Sleep Clinics","description":"Sleep Well Live Well","publisher":{"@id":"https:\/\/dormalab.com\/fr\/#organization"},"potentialAction":[{"@type":"SearchAction","target":{"@type":"EntryPoint","urlTemplate":"https:\/\/dormalab.com\/fr\/?s={search_term_string}"},"query-input":{"@type":"PropertyValueSpecification","valueRequired":true,"valueName":"search_term_string"}}],"inLanguage":"fr-FR"},{"@type":"Organization","@id":"https:\/\/dormalab.com\/fr\/#organization","name":"Dorma Clinique Du Sommeil","url":"https:\/\/dormalab.com\/fr\/","logo":{"@type":"ImageObject","inLanguage":"fr-FR","@id":"https:\/\/dormalab.com\/fr\/#\/schema\/logo\/image\/","url":"https:\/\/dormalab.com\/wp-content\/uploads\/2019\/10\/Dorma-Logotype-RGB-Black-scaled-e1578787470924.png","contentUrl":"https:\/\/dormalab.com\/wp-content\/uploads\/2019\/10\/Dorma-Logotype-RGB-Black-scaled-e1578787470924.png","width":120,"height":25,"caption":"Dorma Clinique Du Sommeil"},"image":{"@id":"https:\/\/dormalab.com\/fr\/#\/schema\/logo\/image\/"}}]}},"_links":{"self":[{"href":"https:\/\/dormalab.com\/fr\/wp-json\/wp\/v2\/product\/41602","targetHints":{"allow":["GET"]}}],"collection":[{"href":"https:\/\/dormalab.com\/fr\/wp-json\/wp\/v2\/product"}],"about":[{"href":"https:\/\/dormalab.com\/fr\/wp-json\/wp\/v2\/types\/product"}],"version-history":[{"count":0,"href":"https:\/\/dormalab.com\/fr\/wp-json\/wp\/v2\/product\/41602\/revisions"}],"wp:featuredmedia":[{"embeddable":true,"href":"https:\/\/dormalab.com\/fr\/wp-json\/wp\/v2\/media\/40810"}],"wp:attachment":[{"href":"https:\/\/dormalab.com\/fr\/wp-json\/wp\/v2\/media?parent=41602"}],"wp:term":[{"taxonomy":"product_brand","embeddable":true,"href":"https:\/\/dormalab.com\/fr\/wp-json\/wp\/v2\/product_brand?post=41602"},{"taxonomy":"product_cat","embeddable":true,"href":"https:\/\/dormalab.com\/fr\/wp-json\/wp\/v2\/product_cat?post=41602"},{"taxonomy":"product_tag","embeddable":true,"href":"https:\/\/dormalab.com\/fr\/wp-json\/wp\/v2\/product_tag?post=41602"}],"curies":[{"name":"wp","href":"https:\/\/api.w.org\/{rel}","templated":true}]}}