{"id":41604,"date":"2025-04-28T12:47:23","date_gmt":"2025-04-28T16:47:23","guid":{"rendered":"https:\/\/dormalab.com\/product\/masque-airfit-n20-masque-fh-petit\/"},"modified":"2025-12-09T14:38:07","modified_gmt":"2025-12-09T19:38:07","slug":"masque-airfit-n20-masque-fh-petit","status":"publish","type":"product","link":"https:\/\/dormalab.com\/fr\/produit\/masque-airfit-n20-masque-fh-petit\/","title":{"rendered":"Masque Airfit N20 Masque FH petit"},"content":{"rendered":"<p class=\"\" data-start=\"349\" data-end=\"468\">Le <span class=\"relative -mx-px my-[-0.2rem] rounded px-px py-[0.2rem] transition-colors duration-100 ease-in-out\">masque nasal <a href=\"https:\/\/dormalab.com\/continuous-positive-airflow-pressure-cpap\/\" data-internallinksmanager029f6b8e52c=\"1\" title=\"Continuous Positive Airflow Pressure (CPAP)\">CPAP<\/a> <strong data-start=\"4\" data-end=\"42\">ResMed AirFit\u2122 N20 for Her (Petit)<\/strong> est con\u00e7u avec soin pour r\u00e9pondre aux besoins sp\u00e9cifiques des femmes suivant un traitement contre l&rsquo;apn\u00e9e du sommeil.<\/span> <span class=\"relative -mx-px my-[-0.2rem] rounded px-px py-[0.2rem] transition-colors duration-100 ease-in-out\">Sa taille compacte et ses accents \u00e9l\u00e9gants de couleur lavande le distinguent du mod\u00e8le standard AirFit N20, offrant \u00e0 la fois fonctionnalit\u00e9 et attrait esth\u00e9tique.<\/span><\/p>\n<p class=\"\" data-start=\"470\" data-end=\"487\"><strong data-start=\"470\" data-end=\"487\">Caract\u00e9ristiques Principales :<\/strong><\/p>\n<ul data-start=\"489\" data-end=\"1293\">\n<li class=\"\" data-start=\"489\" data-end=\"677\">\n<p class=\"\" data-start=\"491\" data-end=\"677\"><strong data-start=\"491\" data-end=\"517\">Coussinet InfinitySeal\u2122 :<\/strong> <span class=\"relative -mx-px my-[-0.2rem] rounded px-px py-[0.2rem] transition-colors duration-100 ease-in-out\">Ce coussinet en silicone avanc\u00e9 s&rsquo;adapte \u00e0 diverses morphologies faciales, assurant une \u00e9tanch\u00e9it\u00e9 fiable \u00e0 diff\u00e9rents niveaux de pression.<\/span> <span class=\"relative -mx-px my-[-0.2rem] rounded px-px py-[0.2rem] transition-colors duration-100 ease-in-out\">Il a d\u00e9montr\u00e9 son efficacit\u00e9 pour 99 % des utilisateurs.<\/span><\/p>\n<\/li>\n<li class=\"\" data-start=\"679\" data-end=\"835\">\n<p class=\"\" data-start=\"681\" data-end=\"835\"><strong data-start=\"681\" data-end=\"709\">Clips magn\u00e9tiques du harnais :<\/strong> <span class=\"relative -mx-px my-[-0.2rem] rounded px-px py-[0.2rem] transition-colors duration-100 ease-in-out\">Les clips magn\u00e9tiques auto-alignants simplifient le processus de mise en place et de retrait du masque, tout en pr\u00e9servant les ajustements du harnais pour un ajustement constant.<\/span><\/p>\n<\/li>\n<li class=\"\" data-start=\"679\" data-end=\"835\">\n<p class=\"\" data-start=\"681\" data-end=\"835\"><strong data-start=\"839\" data-end=\"863\">Coude \u00e0 d\u00e9connexion rapide :<\/strong> <span class=\"relative -mx-px my-[-0.2rem] rounded px-px py-[0.2rem] transition-colors duration-100 ease-in-out\">Cette fonctionnalit\u00e9 permet aux utilisateurs de d\u00e9connecter facilement le masque du tube CPAP, facilitant les mouvements nocturnes sans n\u00e9cessiter le retrait complet du masque.<\/span><\/p>\n<\/li>\n<li class=\"\" data-start=\"991\" data-end=\"1144\">\n<p class=\"\" data-start=\"993\" data-end=\"1144\"><strong data-start=\"993\" data-end=\"1018\">Armature souple et flexible :<\/strong> <span class=\"relative -mx-px my-[-0.2rem] rounded px-px py-[0.2rem] transition-colors duration-100 ease-in-out\">L&rsquo;armature est con\u00e7ue pour assurer la stabilit\u00e9 tout en minimisant le contact facial, pr\u00e9servant ainsi un champ de vision d\u00e9gag\u00e9 pour des activit\u00e9s telles que la lecture ou le visionnage de la t\u00e9l\u00e9vision avant le sommeil.<\/span><\/p>\n<\/li>\n<li class=\"\" data-start=\"1146\" data-end=\"1293\">\n<p class=\"\" data-start=\"1148\" data-end=\"1293\"><strong data-start=\"1148\" data-end=\"1167\">Harnais moelleux :<\/strong> <span class=\"relative -mx-px my-[-0.2rem] rounded px-px py-[0.2rem] transition-colors duration-100 ease-in-out\">Con\u00e7u pour le confort, le harnais est doux au toucher et con\u00e7u pour r\u00e9duire les points de pression, am\u00e9liorant ainsi la qualit\u00e9 globale du sommeil.<\/span><\/p>\n<\/li>\n<\/ul>\n<p class=\"\" data-start=\"1295\" data-end=\"1311\"><strong data-start=\"1295\" data-end=\"1311\">Note de s\u00e9curit\u00e9 :<\/strong><\/p>\n<p class=\"\" data-start=\"1313\" data-end=\"1478\"><span class=\"relative -mx-px my-[-0.2rem] rounded px-px py-[0.2rem] transition-colors duration-100 ease-in-out\">Le masque contient des aimants susceptibles d&rsquo;interf\u00e9rer avec certains implants ou dispositifs m\u00e9dicaux.<\/span> <span class=\"relative -mx-px my-[-0.2rem] rounded px-px py-[0.2rem] transition-colors duration-100 ease-in-out\">Les utilisateurs porteurs de tels dispositifs doivent consulter le guide d&rsquo;utilisation pour obtenir des informations compl\u00e8tes, y compris les contre-indications et les avertissements relatifs aux interf\u00e9rences magn\u00e9tiques.<\/span><\/p>\n<p class=\"\" data-start=\"1480\" data-end=\"1565\"><span class=\"relative -mx-px my-[-0.2rem] rounded px-px py-[0.2rem] transition-colors duration-100 ease-in-out\">Dans l&rsquo;ensemble, l&rsquo;AirFit N20 for Her (Petit) allie technologie avanc\u00e9e et caract\u00e9ristiques conviviales, en faisant un choix privil\u00e9gi\u00e9 pour les femmes recherchant une th\u00e9rapie CPAP efficace et confortable.<\/span><\/p>\n","protected":false},"excerpt":{"rendered":"<p><span class=\"relative -mx-px my-[-0.2rem] rounded px-px py-[0.2rem] transition-colors duration-100 ease-in-out\">Le ResMed AirFit\u2122 N20 for Her (Petit) est un masque nasal CPAP compact sp\u00e9cialement con\u00e7u pour les femmes, dot\u00e9 d&rsquo;un harnais souple aux accents lavande.<\/span> <span class=\"relative -mx-px my-[-0.2rem] rounded px-px py-[0.2rem] transition-colors duration-100 ease-in-out\">Son coussinet adaptatif InfinitySeal\u2122 garantit un ajustement s\u00fbr pour 99 % des utilisatrices, tandis que les clips magn\u00e9tiques et le coude \u00e0 d\u00e9connexion rapide offrent facilit\u00e9 d&rsquo;utilisation et confort tout au long de la nuit.<\/span><\/p>\n","protected":false},"featured_media":40569,"template":"","meta":[],"product_brand":[368],"product_cat":[365],"product_tag":[],"class_list":{"0":"post-41604","1":"product","2":"type-product","3":"status-publish","4":"has-post-thumbnail","6":"product_brand-resmed","7":"product_cat-masque","9":"first","10":"instock","11":"shipping-taxable","12":"purchasable","13":"product-type-simple"},"yoast_head":"<!-- This site is optimized with the Yoast SEO plugin v27.3 - https:\/\/yoast.com\/product\/yoast-seo-wordpress\/ -->\n<title>Masque Airfit N20 Masque FH petit - Dorma Sleep Clinics<\/title>\n<meta name=\"robots\" content=\"index, follow, max-snippet:-1, max-image-preview:large, max-video-preview:-1\" \/>\n<link rel=\"canonical\" href=\"https:\/\/dormalab.com\/fr\/produit\/masque-airfit-n20-masque-fh-petit\/\" \/>\n<meta property=\"og:locale\" content=\"fr_FR\" \/>\n<meta property=\"og:type\" content=\"article\" \/>\n<meta property=\"og:title\" content=\"Masque Airfit N20 Masque FH petit - Dorma Sleep Clinics\" \/>\n<meta property=\"og:description\" content=\"Le ResMed AirFit\u2122 N20 for Her (Petit) est un masque nasal CPAP compact sp\u00e9cialement con\u00e7u pour les femmes, dot\u00e9 d&#039;un harnais souple aux accents lavande. Son coussinet adaptatif InfinitySeal\u2122 garantit un ajustement s\u00fbr pour 99 % des utilisatrices, tandis que les clips magn\u00e9tiques et le coude \u00e0 d\u00e9connexion rapide offrent facilit\u00e9 d&#039;utilisation et confort tout au long de la nuit.\" \/>\n<meta property=\"og:url\" content=\"https:\/\/dormalab.com\/fr\/produit\/masque-airfit-n20-masque-fh-petit\/\" \/>\n<meta property=\"og:site_name\" content=\"Dorma Sleep Clinics\" \/>\n<meta property=\"article:modified_time\" content=\"2025-12-09T19:38:07+00:00\" \/>\n<meta property=\"og:image\" content=\"https:\/\/dormalab.com\/wp-content\/uploads\/2025\/04\/Captura-de-Pantalla-2025-04-30-a-las-3.03.48-p.-m.png\" \/>\n\t<meta property=\"og:image:width\" content=\"1\" \/>\n\t<meta property=\"og:image:height\" content=\"1\" \/>\n\t<meta property=\"og:image:type\" content=\"image\/png\" \/>\n<meta name=\"twitter:card\" content=\"summary_large_image\" \/>\n<meta name=\"twitter:label1\" content=\"Dur\u00e9e de lecture estim\u00e9e\" \/>\n\t<meta name=\"twitter:data1\" content=\"2 minute\" \/>\n<script type=\"application\/ld+json\" class=\"yoast-schema-graph\">{\"@context\":\"https:\\\/\\\/schema.org\",\"@graph\":[{\"@type\":\"WebPage\",\"@id\":\"https:\\\/\\\/dormalab.com\\\/fr\\\/produit\\\/masque-airfit-n20-masque-fh-petit\\\/\",\"url\":\"https:\\\/\\\/dormalab.com\\\/fr\\\/produit\\\/masque-airfit-n20-masque-fh-petit\\\/\",\"name\":\"Masque Airfit N20 Masque FH petit - Dorma Sleep Clinics\",\"isPartOf\":{\"@id\":\"https:\\\/\\\/dormalab.com\\\/fr\\\/#website\"},\"primaryImageOfPage\":{\"@id\":\"https:\\\/\\\/dormalab.com\\\/fr\\\/produit\\\/masque-airfit-n20-masque-fh-petit\\\/#primaryimage\"},\"image\":{\"@id\":\"https:\\\/\\\/dormalab.com\\\/fr\\\/produit\\\/masque-airfit-n20-masque-fh-petit\\\/#primaryimage\"},\"thumbnailUrl\":\"https:\\\/\\\/dormalab.com\\\/wp-content\\\/uploads\\\/2025\\\/04\\\/Captura-de-Pantalla-2025-04-30-a-las-3.03.48-p.-m.png\",\"datePublished\":\"2025-04-28T16:47:23+00:00\",\"dateModified\":\"2025-12-09T19:38:07+00:00\",\"breadcrumb\":{\"@id\":\"https:\\\/\\\/dormalab.com\\\/fr\\\/produit\\\/masque-airfit-n20-masque-fh-petit\\\/#breadcrumb\"},\"inLanguage\":\"fr-FR\",\"potentialAction\":[{\"@type\":\"ReadAction\",\"target\":[\"https:\\\/\\\/dormalab.com\\\/fr\\\/produit\\\/masque-airfit-n20-masque-fh-petit\\\/\"]}]},{\"@type\":\"ImageObject\",\"inLanguage\":\"fr-FR\",\"@id\":\"https:\\\/\\\/dormalab.com\\\/fr\\\/produit\\\/masque-airfit-n20-masque-fh-petit\\\/#primaryimage\",\"url\":\"https:\\\/\\\/dormalab.com\\\/wp-content\\\/uploads\\\/2025\\\/04\\\/Captura-de-Pantalla-2025-04-30-a-las-3.03.48-p.-m.png\",\"contentUrl\":\"https:\\\/\\\/dormalab.com\\\/wp-content\\\/uploads\\\/2025\\\/04\\\/Captura-de-Pantalla-2025-04-30-a-las-3.03.48-p.-m.png\"},{\"@type\":\"BreadcrumbList\",\"@id\":\"https:\\\/\\\/dormalab.com\\\/fr\\\/produit\\\/masque-airfit-n20-masque-fh-petit\\\/#breadcrumb\",\"itemListElement\":[{\"@type\":\"ListItem\",\"position\":1,\"name\":\"Home\",\"item\":\"https:\\\/\\\/dormalab.com\\\/fr\\\/\"},{\"@type\":\"ListItem\",\"position\":2,\"name\":\"Boutique\",\"item\":\"https:\\\/\\\/dormalab.com\\\/fr\\\/boutique\\\/\"},{\"@type\":\"ListItem\",\"position\":3,\"name\":\"Masque Airfit N20 Masque FH petit\"}]},{\"@type\":\"WebSite\",\"@id\":\"https:\\\/\\\/dormalab.com\\\/fr\\\/#website\",\"url\":\"https:\\\/\\\/dormalab.com\\\/fr\\\/\",\"name\":\"Dorma Sleep Clinics\",\"description\":\"Sleep Well Live Well\",\"publisher\":{\"@id\":\"https:\\\/\\\/dormalab.com\\\/fr\\\/#organization\"},\"potentialAction\":[{\"@type\":\"SearchAction\",\"target\":{\"@type\":\"EntryPoint\",\"urlTemplate\":\"https:\\\/\\\/dormalab.com\\\/fr\\\/?s={search_term_string}\"},\"query-input\":{\"@type\":\"PropertyValueSpecification\",\"valueRequired\":true,\"valueName\":\"search_term_string\"}}],\"inLanguage\":\"fr-FR\"},{\"@type\":\"Organization\",\"@id\":\"https:\\\/\\\/dormalab.com\\\/fr\\\/#organization\",\"name\":\"Dorma Clinique Du Sommeil\",\"url\":\"https:\\\/\\\/dormalab.com\\\/fr\\\/\",\"logo\":{\"@type\":\"ImageObject\",\"inLanguage\":\"fr-FR\",\"@id\":\"https:\\\/\\\/dormalab.com\\\/fr\\\/#\\\/schema\\\/logo\\\/image\\\/\",\"url\":\"https:\\\/\\\/dormalab.com\\\/wp-content\\\/uploads\\\/2019\\\/10\\\/Dorma-Logotype-RGB-Black-scaled-e1578787470924.png\",\"contentUrl\":\"https:\\\/\\\/dormalab.com\\\/wp-content\\\/uploads\\\/2019\\\/10\\\/Dorma-Logotype-RGB-Black-scaled-e1578787470924.png\",\"width\":120,\"height\":25,\"caption\":\"Dorma Clinique Du Sommeil\"},\"image\":{\"@id\":\"https:\\\/\\\/dormalab.com\\\/fr\\\/#\\\/schema\\\/logo\\\/image\\\/\"}}]}<\/script>\n<!-- \/ Yoast SEO plugin. -->","yoast_head_json":{"title":"Masque Airfit N20 Masque FH petit - Dorma Sleep Clinics","robots":{"index":"index","follow":"follow","max-snippet":"max-snippet:-1","max-image-preview":"max-image-preview:large","max-video-preview":"max-video-preview:-1"},"canonical":"https:\/\/dormalab.com\/fr\/produit\/masque-airfit-n20-masque-fh-petit\/","og_locale":"fr_FR","og_type":"article","og_title":"Masque Airfit N20 Masque FH petit - Dorma Sleep Clinics","og_description":"Le ResMed AirFit\u2122 N20 for Her (Petit) est un masque nasal CPAP compact sp\u00e9cialement con\u00e7u pour les femmes, dot\u00e9 d'un harnais souple aux accents lavande. Son coussinet adaptatif InfinitySeal\u2122 garantit un ajustement s\u00fbr pour 99 % des utilisatrices, tandis que les clips magn\u00e9tiques et le coude \u00e0 d\u00e9connexion rapide offrent facilit\u00e9 d'utilisation et confort tout au long de la nuit.","og_url":"https:\/\/dormalab.com\/fr\/produit\/masque-airfit-n20-masque-fh-petit\/","og_site_name":"Dorma Sleep Clinics","article_modified_time":"2025-12-09T19:38:07+00:00","og_image":[{"url":"https:\/\/dormalab.com\/wp-content\/uploads\/2025\/04\/Captura-de-Pantalla-2025-04-30-a-las-3.03.48-p.-m.png","width":1,"height":1,"type":"image\/png"}],"twitter_card":"summary_large_image","twitter_misc":{"Dur\u00e9e de lecture estim\u00e9e":"2 minute"},"schema":{"@context":"https:\/\/schema.org","@graph":[{"@type":"WebPage","@id":"https:\/\/dormalab.com\/fr\/produit\/masque-airfit-n20-masque-fh-petit\/","url":"https:\/\/dormalab.com\/fr\/produit\/masque-airfit-n20-masque-fh-petit\/","name":"Masque Airfit N20 Masque FH petit - Dorma Sleep Clinics","isPartOf":{"@id":"https:\/\/dormalab.com\/fr\/#website"},"primaryImageOfPage":{"@id":"https:\/\/dormalab.com\/fr\/produit\/masque-airfit-n20-masque-fh-petit\/#primaryimage"},"image":{"@id":"https:\/\/dormalab.com\/fr\/produit\/masque-airfit-n20-masque-fh-petit\/#primaryimage"},"thumbnailUrl":"https:\/\/dormalab.com\/wp-content\/uploads\/2025\/04\/Captura-de-Pantalla-2025-04-30-a-las-3.03.48-p.-m.png","datePublished":"2025-04-28T16:47:23+00:00","dateModified":"2025-12-09T19:38:07+00:00","breadcrumb":{"@id":"https:\/\/dormalab.com\/fr\/produit\/masque-airfit-n20-masque-fh-petit\/#breadcrumb"},"inLanguage":"fr-FR","potentialAction":[{"@type":"ReadAction","target":["https:\/\/dormalab.com\/fr\/produit\/masque-airfit-n20-masque-fh-petit\/"]}]},{"@type":"ImageObject","inLanguage":"fr-FR","@id":"https:\/\/dormalab.com\/fr\/produit\/masque-airfit-n20-masque-fh-petit\/#primaryimage","url":"https:\/\/dormalab.com\/wp-content\/uploads\/2025\/04\/Captura-de-Pantalla-2025-04-30-a-las-3.03.48-p.-m.png","contentUrl":"https:\/\/dormalab.com\/wp-content\/uploads\/2025\/04\/Captura-de-Pantalla-2025-04-30-a-las-3.03.48-p.-m.png"},{"@type":"BreadcrumbList","@id":"https:\/\/dormalab.com\/fr\/produit\/masque-airfit-n20-masque-fh-petit\/#breadcrumb","itemListElement":[{"@type":"ListItem","position":1,"name":"Home","item":"https:\/\/dormalab.com\/fr\/"},{"@type":"ListItem","position":2,"name":"Boutique","item":"https:\/\/dormalab.com\/fr\/boutique\/"},{"@type":"ListItem","position":3,"name":"Masque Airfit N20 Masque FH petit"}]},{"@type":"WebSite","@id":"https:\/\/dormalab.com\/fr\/#website","url":"https:\/\/dormalab.com\/fr\/","name":"Dorma Sleep Clinics","description":"Sleep Well Live Well","publisher":{"@id":"https:\/\/dormalab.com\/fr\/#organization"},"potentialAction":[{"@type":"SearchAction","target":{"@type":"EntryPoint","urlTemplate":"https:\/\/dormalab.com\/fr\/?s={search_term_string}"},"query-input":{"@type":"PropertyValueSpecification","valueRequired":true,"valueName":"search_term_string"}}],"inLanguage":"fr-FR"},{"@type":"Organization","@id":"https:\/\/dormalab.com\/fr\/#organization","name":"Dorma Clinique Du Sommeil","url":"https:\/\/dormalab.com\/fr\/","logo":{"@type":"ImageObject","inLanguage":"fr-FR","@id":"https:\/\/dormalab.com\/fr\/#\/schema\/logo\/image\/","url":"https:\/\/dormalab.com\/wp-content\/uploads\/2019\/10\/Dorma-Logotype-RGB-Black-scaled-e1578787470924.png","contentUrl":"https:\/\/dormalab.com\/wp-content\/uploads\/2019\/10\/Dorma-Logotype-RGB-Black-scaled-e1578787470924.png","width":120,"height":25,"caption":"Dorma Clinique Du Sommeil"},"image":{"@id":"https:\/\/dormalab.com\/fr\/#\/schema\/logo\/image\/"}}]}},"_links":{"self":[{"href":"https:\/\/dormalab.com\/fr\/wp-json\/wp\/v2\/product\/41604","targetHints":{"allow":["GET"]}}],"collection":[{"href":"https:\/\/dormalab.com\/fr\/wp-json\/wp\/v2\/product"}],"about":[{"href":"https:\/\/dormalab.com\/fr\/wp-json\/wp\/v2\/types\/product"}],"version-history":[{"count":0,"href":"https:\/\/dormalab.com\/fr\/wp-json\/wp\/v2\/product\/41604\/revisions"}],"wp:featuredmedia":[{"embeddable":true,"href":"https:\/\/dormalab.com\/fr\/wp-json\/wp\/v2\/media\/40569"}],"wp:attachment":[{"href":"https:\/\/dormalab.com\/fr\/wp-json\/wp\/v2\/media?parent=41604"}],"wp:term":[{"taxonomy":"product_brand","embeddable":true,"href":"https:\/\/dormalab.com\/fr\/wp-json\/wp\/v2\/product_brand?post=41604"},{"taxonomy":"product_cat","embeddable":true,"href":"https:\/\/dormalab.com\/fr\/wp-json\/wp\/v2\/product_cat?post=41604"},{"taxonomy":"product_tag","embeddable":true,"href":"https:\/\/dormalab.com\/fr\/wp-json\/wp\/v2\/product_tag?post=41604"}],"curies":[{"name":"wp","href":"https:\/\/api.w.org\/{rel}","templated":true}]}}